{"id":19321,"date":"2020-03-22T02:02:42","date_gmt":"2020-03-22T02:02:42","guid":{"rendered":"http:\/\/oasdi.ca\/parcours\/scholarships\/"},"modified":"2020-05-18T20:23:20","modified_gmt":"2020-05-18T20:23:20","slug":"bourse-etudes","status":"publish","type":"page","link":"https:\/\/www.oasdi.ca\/fr\/parcours\/bourse-etudes\/","title":{"rendered":"Possibilit\u00e9s de bourses d&#8217;\u00e9tudes de l&#8217;Ontario pour les \u00e9tudiants \u00e9trangers"},"content":{"rendered":"<div id=\"pl-19321\"  class=\"panel-layout\" ><div id=\"pg-19321-0\"  class=\"panel-grid panel-no-style\" ><div id=\"pgc-19321-0-0\"  class=\"panel-grid-cell\" ><div id=\"panel-19321-0-0-0\" class=\"so-panel widget widget_sow-image panel-first-child panel-last-child\" data-index=\"0\" ><div class=\"is-featured-img panel-widget-style panel-widget-style-for-19321-0-0-0\" ><div\n\t\t\t\n\t\t\tclass=\"so-widget-sow-image so-widget-sow-image-default-c4f6304fc136-19321\"\n\t\t\t\n\t\t>\n\n<div class=\"sow-image-container\">\n\t\t<img loading=\"lazy\" decoding=\"async\" src=\"https:\/\/www.oasdi.ca\/wp-content\/uploads\/2020\/03\/pathway-Scholarships.jpg\" width=\"1440\" height=\"268\" srcset=\"https:\/\/www.oasdi.ca\/wp-content\/uploads\/2020\/03\/pathway-Scholarships.jpg 1440w, https:\/\/www.oasdi.ca\/wp-content\/uploads\/2020\/03\/pathway-Scholarships-250x47.jpg 250w, https:\/\/www.oasdi.ca\/wp-content\/uploads\/2020\/03\/pathway-Scholarships-700x130.jpg 700w, https:\/\/www.oasdi.ca\/wp-content\/uploads\/2020\/03\/pathway-Scholarships-768x143.jpg 768w, https:\/\/www.oasdi.ca\/wp-content\/uploads\/2020\/03\/pathway-Scholarships-500x93.jpg 500w, https:\/\/www.oasdi.ca\/wp-content\/uploads\/2020\/03\/pathway-Scholarships-120x22.jpg 120w\" sizes=\"(max-width: 1440px) 100vw, 1440px\" title=\"pathway Scholarships\" alt=\"pathway Scholarships\" \t\tclass=\"so-widget-image\"\/>\n\t<\/div>\n\n<\/div><\/div><\/div><\/div><\/div><div id=\"pg-19321-1\"  class=\"panel-grid panel-has-style\" ><div class=\"has-container panel-row-style panel-row-style-for-19321-1\" ><div id=\"pgc-19321-1-0\"  class=\"panel-grid-cell\" ><div id=\"panel-19321-1-0-0\" class=\"so-panel widget widget_hem-seo-title-widget panel-first-child panel-last-child\" data-index=\"1\" ><div class=\"panel-widget-style panel-widget-style-for-19321-1-0-0\" ><div\n\t\t\t\n\t\t\tclass=\"so-widget-hem-seo-title-widget so-widget-hem-seo-title-widget-hem-seo-title-widget-style-d75171398898-19321\"\n\t\t\t\n\t\t>\n<h1 style=\"font-size:px;\">Possibilit\u00e9s de bourses d'\u00e9tudes de l'Ontario pour les \u00e9tudiants \u00e9trangers<\/h1>\n\n\n\n\t<!-- <div class=\"breadcrumb-trail\"><a href=\"index.php\">Home<\/a> \u00bb <span class=\"breadcrumb-current\">About<\/span><\/div> -->\n\t<div class=\"test1\"><span><span><a href=\"https:\/\/www.oasdi.ca\/fr\/\">Accueil<\/a><\/span><\/span><\/div>\n<\/div><\/div><\/div><\/div><\/div><\/div><div id=\"pg-19321-2\"  class=\"panel-grid panel-has-style\" ><div class=\"has-container panel-row-style panel-row-style-for-19321-2\" ><div id=\"pgc-19321-2-0\"  class=\"panel-grid-cell\" ><div id=\"panel-19321-2-0-0\" class=\"so-panel widget widget_hem-sidebar-menu-widget panel-first-child\" data-index=\"2\" ><div\n\t\t\t\n\t\t\tclass=\"so-widget-hem-sidebar-menu-widget so-widget-hem-sidebar-menu-widget-hem-sidebar-menu-widget-style-d75171398898-19321\"\n\t\t\t\n\t\t><div id=\"sidebar\">\n\t\t\t<ul id=\"side-menu\" class=\"side-menu menu-embedded\">\n\t\t\t\n\t\t\t\t\t\t\t\t\n\t\t\t\t\t\t\t\t\t\t\t<li><a href=\"https:\/\/www.oasdi.ca\/fr\/parcours\/apprentissages\/\">Apprentissage en Ontario pour les \u00e9tudiants \u00e9trangers<\/a><\/li>\n\t\t\t\t\t\t\t\t\t\t\t\t\t\n\t\t\t\t\t\t\t\t\t\t\t<li><a href=\"https:\/\/www.oasdi.ca\/fr\/parcours\/ontario\/\">Graphiques sur les parcours \u00e9ducatifs de l'Ontario<\/a><\/li>\n\t\t\t\t\t\t\t\t\t\t\t\t\t\n\t\t\t\t\t\t\t\t\t\t\t<li><a href=\"https:\/\/www.oasdi.ca\/fr\/parcours\/faq\/\">FAQ sur les parcours \u00e9ducatifs de l'Ontario pour les \u00e9tudiants \u00e9trangers<\/a><\/li>\n\t\t\t\t\t\t\t\t\t\t\t\t\t\n\t\t\t\t\t\t\t\t\t\t\t<li><a class=\"active\" href=\"https:\/\/www.oasdi.ca\/fr\/parcours\/bourse-etudes\/\">Possibilit\u00e9s de bourses d'\u00e9tudes de l'Ontario pour les \u00e9tudiants \u00e9trangers<\/a><\/li>\n\t\t\t\t\t\t\t\t\t\t\t\t\t\n\t\t\t\t\t\t\t\t\t\t\t<li><a href=\"https:\/\/www.oasdi.ca\/fr\/parcours\/immigration-en-ontario\/\">Immigration en Ontario en tant qu'\u00e9tudiant \u00e9tranger<\/a><\/li>\n\t\t\t\t\t\t\t\t\t\t\t\t\t\n\t\t\t\t\t\t\t\t\t\t\t<li><a href=\"https:\/\/www.oasdi.ca\/fr\/parcours\/travailler-au-canada\/\">Comment travailler en Ontario en tant qu'\u00e9tudiant \u00e9tranger<\/a><\/li>\n\t\t\t\t\t\t\t\t\t\t\t\t\t\n\t\t\t\t\t\t\t\t\t\t\t<li><a href=\"https:\/\/www.oasdi.ca\/fr\/parcours\/universite-en-ontario\/\">Informations sur les universit\u00e9s de l'Ontario pour les \u00e9tudiants \u00e9trangers<\/a><\/li>\n\t\t\t\t\t\t\t\t\t\t\t\t\t\n\t\t\t\t\t\t\t\t\t\t\t<li><a href=\"https:\/\/www.oasdi.ca\/fr\/parcours\/colleges-en-ontario\/\">Informations sur les coll\u00e8ges de l'Ontario pour les \u00e9tudiants \u00e9trangers<\/a><\/li>\n\t\t\t\t\t\t\t\t\t\t\n\n\t\t\t\t<!-- Extra menu -->\n\t\t\t\t\n\n\n\t\t\t\t\t<\/ul>\n\t\n\n<\/div><\/div><\/div><div id=\"panel-19321-2-0-1\" class=\"so-panel widget widget_hem-sidebar-link-widget panel-last-child\" data-index=\"3\" ><div\n\t\t\t\n\t\t\tclass=\"so-widget-hem-sidebar-link-widget so-widget-hem-sidebar-link-widget-hem-sidebar-link-widget-style-d75171398898-19321\"\n\t\t\t\n\t\t><div id=\"sidebar\" class=\"external-link-only\">\n\n\n\n\t\t\t\t<!-- Extra menu -->\n\t\t\t\t\t\t\t\t\t<ul id=\"side-menu\" class=\"side-menu menu-embedded\">\n\t\t\t\t\t\t\t\t\t\t\t\t\t\t\t\t\t\t\t\t\t<li><a  href=\"https:\/\/www.oasdi.ca\/map-search\/\">Map Overview<\/a><\/li>\n\t\t\t\t\t\t\t\t\t\t\t\t\t\t\n\t\t\t\t\t\t\t\t\t\t\t\t\t\t\t\t\t\t\t\t\t<li><a  href=\"https:\/\/www.oasdi.ca\/district-list\/\">District List<\/a><\/li>\n\t\t\t\t\t\t\t\t\t\t\t\t\t\t\n\t\t\t\t\t\t\t\n\t\t\t\t\t<\/ul>\n\t\t\t\t\n\t\t\t\t\n\n\n\n\n<\/div><\/div><\/div><\/div><div id=\"pgc-19321-2-1\"  class=\"panel-grid-cell\" ><div class=\"pl-sm-3 pl-md-5 panel-cell-style panel-cell-style-for-19321-2-1\" ><div id=\"panel-19321-2-1-0\" class=\"so-panel widget widget_sow-editor panel-first-child panel-last-child\" data-index=\"4\" ><div\n\t\t\t\n\t\t\tclass=\"so-widget-sow-editor so-widget-sow-editor-base\"\n\t\t\t\n\t\t>\n<div class=\"siteorigin-widget-tinymce textwidget\">\n\t<div id=\"secondary-right-inner\">\n<p>Les \u00e9tudiants \u00e9trangers doivent \u00eatre conscients qu\u2019il existe quantit\u00e9 de possibilit\u00e9s de bourses d\u2019\u00e9tudes, bon nombre d\u2019entre elles n\u2019\u00e9tant pas accord\u00e9es faute de demandeurs.\u00a0 Certaines bourses d\u2019\u00e9tudes proviennent d\u2019organismes gouvernementaux et d\u2019autres d\u2019\u00e9tablissements d\u2019enseignement, d\u2019entreprises et de bienfaiteurs du secteur priv\u00e9 :<\/p>\n<p><em>\u00ab Le gouvernement f\u00e9d\u00e9ral, les gouvernements provinciaux et territoriaux, de m\u00eame que divers acteurs du secteur de l\u2019\u00e9ducation, offrent un nombre consid\u00e9rable de bourses d\u2019\u00e9tudes aux \u00e9tudiants et chercheurs \u00e9m\u00e9rites \u00e9trangers. Les bourses d\u2019\u00e9tudes offertes dans tous les domaines d\u2019\u00e9tudes et \u00e0 tous les niveaux de scolarit\u00e9 servent les int\u00e9r\u00eats des \u00e9tudiants \u00e9trangers et des \u00e9tudiants canadiens, font la promotion du capital humain des pays en d\u00e9veloppement et d\u00e9velopp\u00e9s et refl\u00e8tent les priorit\u00e9s et les obligations internationales du Canada. Les r\u00e9cipiendaires de bourse d\u2019\u00e9tudes apportent de nouvelles id\u00e9es au Canada et prennent conscience des d\u00e9bouch\u00e9s qu\u2019offrent les entreprises et le march\u00e9 du travail du Canada. \u00bb<\/em>\u00a0(p. 14)<\/p>\n<p><a href=\"http:\/\/www.international.gc.ca\/global-markets-marches-mondiaux\/assets\/pdfs\/overview-apercu-eng.pdf\" target=\"_blank\" rel=\"noopener\">Tir\u00e9 de\u00a0<em>Strat\u00e9gie du Canada en mati\u00e8re d\u2019\u00e9ducation internationale<\/em><\/a><\/p>\n<p>Il est fortement conseill\u00e9 de se livrer \u00e0 une recherche de possibles bourses d\u2019\u00e9tudes.\u00a0 Les \u00e9coles, les universit\u00e9s et les coll\u00e8ges ont du personnel qui pourrait \u00eatre en mesure de vous venir en aide.<\/p>\n<p>Les \u00e9tudiants \u00e9trangers ne sont habituellement pas admissibles aux pr\u00eats gouvernementaux, mais pourraient \u00eatre admissibles \u00e0 une bourse d\u2019\u00e9tudes :\u00a0<a href=\"http:\/\/www.scholarships-bourses.gc.ca\/scholarships-bourses\/index.aspx?lang=eng\" target=\"_blank\" rel=\"noopener\">www.scholarships-bourses.gc.ca\/scholarships-bourses\/index.aspx?lang=fra<\/a><\/p>\n<h4><strong>Pour obtenir de plus amples renseignements sur les bourses d\u2019\u00e9tudes, visitez :<\/strong><\/h4>\n<ul>\n<li><a href=\"http:\/\/www.studyincanada.com\/News\/18\/2974\/Scholarships-Bursaries-Loans-and-Awards-Whats-the-Difference\" target=\"_blank\" rel=\"noopener\">http:\/\/www.studyincanada.com\/News\/18\/2974\/Scholarships-Bursaries-Loans-and-Awards-Whats-the-Difference<\/a><\/li>\n<li><a href=\"http:\/\/www.studyincanada.com\/english\/newsletter\/newsletter2.asp?UID=&amp;IssueID=48\" target=\"_blank\" rel=\"noopener\">http:\/\/www.studyincanada.com\/english\/newsletter\/newsletter2.asp?UID=&amp;IssueID=48<\/a><\/li>\n<li><a href=\"http:\/\/www.studyincanada.com\/News\/12\/4070\/Finding-Scholarships-In-Canada\" target=\"_blank\" rel=\"noopener\">http:\/\/www.studyincanada.com\/News\/12\/4070\/Finding-Scholarships-In-Canada<\/a><\/li>\n<li><a href=\"https:\/\/www.ontario.ca\/page\/study-ontario-international-students\" target=\"_blank\" rel=\"noopener\">www.ontario.ca\/fr\/page\/faire-des-etudes-en-ontario-etudiants-etrangers<\/a><\/li>\n<\/ul>\n<\/div>\n<\/div>\n<\/div><\/div><\/div><\/div><\/div><\/div><\/div>","protected":false},"excerpt":{"rendered":"Possibilit\u00e9s de bourses d&#8217;\u00e9tudes de l&#8217;Ontario pour les \u00e9tudiants \u00e9trangers Accueil Apprentissage en Ontario pour les \u00e9tudiants \u00e9trangers Graphiques sur les parcours \u00e9ducatifs de l&#8217;Ontario FAQ sur les parcours \u00e9ducatifs de l&#8217;Ontario pour les \u00e9tudiants \u00e9trangers Possibilit\u00e9s de bourses d&#8217;\u00e9tudes de l&#8217;Ontario pour les \u00e9tudiants \u00e9trangers Immigration en Ontario en tant qu&#8217;\u00e9tudiant \u00e9tranger Comment travailler&#8230; <a class=\"view-article\" href=\"https:\/\/www.oasdi.ca\/fr\/parcours\/bourse-etudes\/\">View Article<\/a>","protected":false},"author":237,"featured_media":16863,"parent":18238,"menu_order":0,"comment_status":"closed","ping_status":"closed","template":"","meta":{"footnotes":""},"class_list":["post-19321","page","type-page","status-publish","has-post-thumbnail","hentry"],"yoast_head":"<!-- This site is optimized with the Yoast SEO plugin v21.5 - https:\/\/yoast.com\/wordpress\/plugins\/seo\/ -->\n<title>Bourses d&#039;\u00e9tudes Ontario pour \u00e9tudiants \u00e9trangers | AOCSI<\/title>\n<meta name=\"description\" content=\"Les \u00e9tudiants \u00e9trangers qui souhaitent \u00e9tudier en Ontario peuvent b\u00e9n\u00e9ficier de bourses d&#039;\u00e9tudes. Pour en savoir plus, cliquez ici.\" \/>\n<meta name=\"robots\" content=\"index, follow, max-snippet:-1, max-image-preview:large, max-video-preview:-1\" \/>\n<link rel=\"canonical\" href=\"https:\/\/www.oasdi.ca\/fr\/parcours\/bourse-etudes\/\" \/>\n<meta property=\"og:locale\" content=\"fr_FR\" \/>\n<meta property=\"og:type\" content=\"article\" \/>\n<meta property=\"og:title\" content=\"Bourses d&#039;\u00e9tudes Ontario pour \u00e9tudiants \u00e9trangers | AOCSI\" \/>\n<meta property=\"og:description\" content=\"Les \u00e9tudiants \u00e9trangers qui souhaitent \u00e9tudier en Ontario peuvent b\u00e9n\u00e9ficier de bourses d&#039;\u00e9tudes. Pour en savoir plus, cliquez ici.\" \/>\n<meta property=\"og:url\" content=\"https:\/\/www.oasdi.ca\/fr\/parcours\/bourse-etudes\/\" \/>\n<meta property=\"og:site_name\" content=\"OASDI\" \/>\n<meta property=\"article:modified_time\" content=\"2020-05-18T20:23:20+00:00\" \/>\n<meta property=\"og:image\" content=\"https:\/\/www.oasdi.ca\/wp-content\/uploads\/2020\/03\/pathway-Scholarships.jpg\" \/>\n\t<meta property=\"og:image:width\" content=\"1440\" \/>\n\t<meta property=\"og:image:height\" content=\"268\" \/>\n\t<meta property=\"og:image:type\" content=\"image\/jpeg\" \/>\n<meta name=\"twitter:card\" content=\"summary_large_image\" \/>\n<meta name=\"twitter:label1\" content=\"Dur\u00e9e de lecture estim\u00e9e\" \/>\n\t<meta name=\"twitter:data1\" content=\"2 minutes\" \/>\n<script type=\"application\/ld+json\" class=\"yoast-schema-graph\">{\"@context\":\"https:\/\/schema.org\",\"@graph\":[{\"@type\":\"WebPage\",\"@id\":\"https:\/\/www.oasdi.ca\/fr\/parcours\/bourse-etudes\/\",\"url\":\"https:\/\/www.oasdi.ca\/fr\/parcours\/bourse-etudes\/\",\"name\":\"Bourses d'\u00e9tudes Ontario pour \u00e9tudiants \u00e9trangers | AOCSI\",\"isPartOf\":{\"@id\":\"https:\/\/www.oasdi.ca\/fr\/#website\"},\"datePublished\":\"2020-03-22T02:02:42+00:00\",\"dateModified\":\"2020-05-18T20:23:20+00:00\",\"description\":\"Les \u00e9tudiants \u00e9trangers qui souhaitent \u00e9tudier en Ontario peuvent b\u00e9n\u00e9ficier de bourses d'\u00e9tudes. Pour en savoir plus, cliquez ici.\",\"breadcrumb\":{\"@id\":\"https:\/\/www.oasdi.ca\/fr\/parcours\/bourse-etudes\/#breadcrumb\"},\"inLanguage\":\"fr-FR\",\"potentialAction\":[{\"@type\":\"ReadAction\",\"target\":[\"https:\/\/www.oasdi.ca\/fr\/parcours\/bourse-etudes\/\"]}]},{\"@type\":\"BreadcrumbList\",\"@id\":\"https:\/\/www.oasdi.ca\/fr\/parcours\/bourse-etudes\/#breadcrumb\",\"itemListElement\":[{\"@type\":\"ListItem\",\"position\":1,\"name\":\"Accueil\",\"item\":\"https:\/\/www.oasdi.ca\/fr\/\"},{\"@type\":\"ListItem\",\"position\":2,\"name\":\"Cheminement \u00e9ducatif pour les \u00e9tudiants \u00e9trangers en Ontario\",\"item\":\"https:\/\/www.oasdi.ca\/fr\/parcours\/\"},{\"@type\":\"ListItem\",\"position\":3,\"name\":\"Possibilit\u00e9s de bourses d&#8217;\u00e9tudes de l&#8217;Ontario pour les \u00e9tudiants \u00e9trangers\"}]},{\"@type\":\"WebSite\",\"@id\":\"https:\/\/www.oasdi.ca\/fr\/#website\",\"url\":\"https:\/\/www.oasdi.ca\/fr\/\",\"name\":\"OASDI\",\"description\":\"Ontario Association of School District International\",\"publisher\":{\"@id\":\"https:\/\/www.oasdi.ca\/fr\/#organization\"},\"potentialAction\":[{\"@type\":\"SearchAction\",\"target\":{\"@type\":\"EntryPoint\",\"urlTemplate\":\"https:\/\/www.oasdi.ca\/fr\/?s={search_term_string}\"},\"query-input\":\"required name=search_term_string\"}],\"inLanguage\":\"fr-FR\"},{\"@type\":\"Organization\",\"@id\":\"https:\/\/www.oasdi.ca\/fr\/#organization\",\"name\":\"OASDI\",\"url\":\"https:\/\/www.oasdi.ca\/fr\/\",\"logo\":{\"@type\":\"ImageObject\",\"inLanguage\":\"fr-FR\",\"@id\":\"https:\/\/www.oasdi.ca\/fr\/#\/schema\/logo\/image\/\",\"url\":\"https:\/\/www.oasdi.ca\/wp-content\/uploads\/2020\/02\/cropped-oasdi-logo.png\",\"contentUrl\":\"https:\/\/www.oasdi.ca\/wp-content\/uploads\/2020\/02\/cropped-oasdi-logo.png\",\"width\":468,\"height\":96,\"caption\":\"OASDI\"},\"image\":{\"@id\":\"https:\/\/www.oasdi.ca\/fr\/#\/schema\/logo\/image\/\"}}]}<\/script>\n<!-- \/ Yoast SEO plugin. -->","yoast_head_json":{"title":"Bourses d'\u00e9tudes Ontario pour \u00e9tudiants \u00e9trangers | AOCSI","description":"Les \u00e9tudiants \u00e9trangers qui souhaitent \u00e9tudier en Ontario peuvent b\u00e9n\u00e9ficier de bourses d'\u00e9tudes. Pour en savoir plus, cliquez ici.","robots":{"index":"index","follow":"follow","max-snippet":"max-snippet:-1","max-image-preview":"max-image-preview:large","max-video-preview":"max-video-preview:-1"},"canonical":"https:\/\/www.oasdi.ca\/fr\/parcours\/bourse-etudes\/","og_locale":"fr_FR","og_type":"article","og_title":"Bourses d'\u00e9tudes Ontario pour \u00e9tudiants \u00e9trangers | AOCSI","og_description":"Les \u00e9tudiants \u00e9trangers qui souhaitent \u00e9tudier en Ontario peuvent b\u00e9n\u00e9ficier de bourses d'\u00e9tudes. Pour en savoir plus, cliquez ici.","og_url":"https:\/\/www.oasdi.ca\/fr\/parcours\/bourse-etudes\/","og_site_name":"OASDI","article_modified_time":"2020-05-18T20:23:20+00:00","og_image":[{"width":1440,"height":268,"url":"https:\/\/www.oasdi.ca\/wp-content\/uploads\/2020\/03\/pathway-Scholarships.jpg","type":"image\/jpeg"}],"twitter_card":"summary_large_image","twitter_misc":{"Dur\u00e9e de lecture estim\u00e9e":"2 minutes"},"schema":{"@context":"https:\/\/schema.org","@graph":[{"@type":"WebPage","@id":"https:\/\/www.oasdi.ca\/fr\/parcours\/bourse-etudes\/","url":"https:\/\/www.oasdi.ca\/fr\/parcours\/bourse-etudes\/","name":"Bourses d'\u00e9tudes Ontario pour \u00e9tudiants \u00e9trangers | AOCSI","isPartOf":{"@id":"https:\/\/www.oasdi.ca\/fr\/#website"},"datePublished":"2020-03-22T02:02:42+00:00","dateModified":"2020-05-18T20:23:20+00:00","description":"Les \u00e9tudiants \u00e9trangers qui souhaitent \u00e9tudier en Ontario peuvent b\u00e9n\u00e9ficier de bourses d'\u00e9tudes. Pour en savoir plus, cliquez ici.","breadcrumb":{"@id":"https:\/\/www.oasdi.ca\/fr\/parcours\/bourse-etudes\/#breadcrumb"},"inLanguage":"fr-FR","potentialAction":[{"@type":"ReadAction","target":["https:\/\/www.oasdi.ca\/fr\/parcours\/bourse-etudes\/"]}]},{"@type":"BreadcrumbList","@id":"https:\/\/www.oasdi.ca\/fr\/parcours\/bourse-etudes\/#breadcrumb","itemListElement":[{"@type":"ListItem","position":1,"name":"Accueil","item":"https:\/\/www.oasdi.ca\/fr\/"},{"@type":"ListItem","position":2,"name":"Cheminement \u00e9ducatif pour les \u00e9tudiants \u00e9trangers en Ontario","item":"https:\/\/www.oasdi.ca\/fr\/parcours\/"},{"@type":"ListItem","position":3,"name":"Possibilit\u00e9s de bourses d&#8217;\u00e9tudes de l&#8217;Ontario pour les \u00e9tudiants \u00e9trangers"}]},{"@type":"WebSite","@id":"https:\/\/www.oasdi.ca\/fr\/#website","url":"https:\/\/www.oasdi.ca\/fr\/","name":"OASDI","description":"Ontario Association of School District International","publisher":{"@id":"https:\/\/www.oasdi.ca\/fr\/#organization"},"potentialAction":[{"@type":"SearchAction","target":{"@type":"EntryPoint","urlTemplate":"https:\/\/www.oasdi.ca\/fr\/?s={search_term_string}"},"query-input":"required name=search_term_string"}],"inLanguage":"fr-FR"},{"@type":"Organization","@id":"https:\/\/www.oasdi.ca\/fr\/#organization","name":"OASDI","url":"https:\/\/www.oasdi.ca\/fr\/","logo":{"@type":"ImageObject","inLanguage":"fr-FR","@id":"https:\/\/www.oasdi.ca\/fr\/#\/schema\/logo\/image\/","url":"https:\/\/www.oasdi.ca\/wp-content\/uploads\/2020\/02\/cropped-oasdi-logo.png","contentUrl":"https:\/\/www.oasdi.ca\/wp-content\/uploads\/2020\/02\/cropped-oasdi-logo.png","width":468,"height":96,"caption":"OASDI"},"image":{"@id":"https:\/\/www.oasdi.ca\/fr\/#\/schema\/logo\/image\/"}}]}},"_links":{"self":[{"href":"https:\/\/www.oasdi.ca\/fr\/wp-json\/wp\/v2\/pages\/19321"}],"collection":[{"href":"https:\/\/www.oasdi.ca\/fr\/wp-json\/wp\/v2\/pages"}],"about":[{"href":"https:\/\/www.oasdi.ca\/fr\/wp-json\/wp\/v2\/types\/page"}],"author":[{"embeddable":true,"href":"https:\/\/www.oasdi.ca\/fr\/wp-json\/wp\/v2\/users\/237"}],"replies":[{"embeddable":true,"href":"https:\/\/www.oasdi.ca\/fr\/wp-json\/wp\/v2\/comments?post=19321"}],"version-history":[{"count":0,"href":"https:\/\/www.oasdi.ca\/fr\/wp-json\/wp\/v2\/pages\/19321\/revisions"}],"up":[{"embeddable":true,"href":"https:\/\/www.oasdi.ca\/fr\/wp-json\/wp\/v2\/pages\/18238"}],"wp:featuredmedia":[{"embeddable":true,"href":"https:\/\/www.oasdi.ca\/fr\/wp-json\/wp\/v2\/media\/16863"}],"wp:attachment":[{"href":"https:\/\/www.oasdi.ca\/fr\/wp-json\/wp\/v2\/media?parent=19321"}],"curies":[{"name":"wp","href":"https:\/\/api.w.org\/{rel}","templated":true}]}}