{"id":19060,"date":"2020-03-22T13:46:39","date_gmt":"2020-03-22T13:46:39","guid":{"rendered":"http:\/\/oasdi.ca\/apprendre-a-etranger\/etudiants-ontariens\/organizations\/"},"modified":"2020-04-18T21:02:33","modified_gmt":"2020-04-18T21:02:33","slug":"organisation","status":"publish","type":"page","link":"https:\/\/www.oasdi.ca\/fr\/apprendre-a-etranger\/etudiants-ontariens\/organisation\/","title":{"rendered":"Organismes d&#8217;\u00e9tudes \u00e0 l&#8217;\u00e9tranger pour les \u00e9tudiants de l&#8217;Ontario"},"content":{"rendered":"<div id=\"pl-19060\"  class=\"panel-layout\" ><div id=\"pg-19060-0\"  class=\"panel-grid panel-no-style\" ><div id=\"pgc-19060-0-0\"  class=\"panel-grid-cell\" ><div id=\"panel-19060-0-0-0\" class=\"so-panel widget widget_sow-image panel-first-child panel-last-child\" data-index=\"0\" ><div class=\"is-featured-img panel-widget-style panel-widget-style-for-19060-0-0-0\" ><div\n\t\t\t\n\t\t\tclass=\"so-widget-sow-image so-widget-sow-image-default-c4f6304fc136-19060\"\n\t\t\t\n\t\t>\n\n<div class=\"sow-image-container\">\n\t\t<img loading=\"lazy\" decoding=\"async\" src=\"https:\/\/www.oasdi.ca\/wp-content\/uploads\/2020\/03\/Study-Abroad-Organizations.jpg\" width=\"1440\" height=\"268\" srcset=\"https:\/\/www.oasdi.ca\/wp-content\/uploads\/2020\/03\/Study-Abroad-Organizations.jpg 1440w, https:\/\/www.oasdi.ca\/wp-content\/uploads\/2020\/03\/Study-Abroad-Organizations-250x47.jpg 250w, https:\/\/www.oasdi.ca\/wp-content\/uploads\/2020\/03\/Study-Abroad-Organizations-700x130.jpg 700w, https:\/\/www.oasdi.ca\/wp-content\/uploads\/2020\/03\/Study-Abroad-Organizations-768x143.jpg 768w, https:\/\/www.oasdi.ca\/wp-content\/uploads\/2020\/03\/Study-Abroad-Organizations-500x93.jpg 500w, https:\/\/www.oasdi.ca\/wp-content\/uploads\/2020\/03\/Study-Abroad-Organizations-120x22.jpg 120w\" sizes=\"(max-width: 1440px) 100vw, 1440px\" title=\"Study Abroad Organizations\" alt=\"Study Abroad Organizations\" \t\tclass=\"so-widget-image\"\/>\n\t<\/div>\n\n<\/div><\/div><\/div><\/div><\/div><div id=\"pg-19060-1\"  class=\"panel-grid panel-has-style\" ><div class=\"has-container panel-row-style panel-row-style-for-19060-1\" ><div id=\"pgc-19060-1-0\"  class=\"panel-grid-cell\" ><div id=\"panel-19060-1-0-0\" class=\"so-panel widget widget_hem-seo-title-widget panel-first-child panel-last-child\" data-index=\"1\" ><div class=\"panel-widget-style panel-widget-style-for-19060-1-0-0\" ><div\n\t\t\t\n\t\t\tclass=\"so-widget-hem-seo-title-widget so-widget-hem-seo-title-widget-hem-seo-title-widget-style-d75171398898-19060\"\n\t\t\t\n\t\t>\n<h1 style=\"font-size:px;\">Organismes d'\u00e9tudes \u00e0 l'\u00e9tranger pour les \u00e9tudiants de l'Ontario<\/h1>\n\n\n\n\t<!-- <div class=\"breadcrumb-trail\"><a href=\"index.php\">Home<\/a> \u00bb <span class=\"breadcrumb-current\">About<\/span><\/div> -->\n\t<div class=\"test1\"><span><span><a href=\"https:\/\/www.oasdi.ca\/fr\/\">Accueil<\/a><\/span><\/span><\/div>\n<\/div><\/div><\/div><\/div><\/div><\/div><div id=\"pg-19060-2\"  class=\"panel-grid panel-has-style\" ><div class=\"has-container panel-row-style panel-row-style-for-19060-2\" ><div id=\"pgc-19060-2-0\"  class=\"panel-grid-cell\" ><div id=\"panel-19060-2-0-0\" class=\"so-panel widget widget_hem-sidebar-menu-widget panel-first-child\" data-index=\"2\" ><div\n\t\t\t\n\t\t\tclass=\"so-widget-hem-sidebar-menu-widget so-widget-hem-sidebar-menu-widget-hem-sidebar-menu-widget-style-d75171398898-19060\"\n\t\t\t\n\t\t><div id=\"sidebar\">\n\t\t\t<ul id=\"side-menu\" class=\"side-menu menu-embedded\">\n\t\t\t\n\t\t\t\t\t\t\t\t\n\t\t\t\t\t\t\t\t\t\t\t<li><a href=\"https:\/\/www.oasdi.ca\/fr\/apprendre-a-etranger\/etudiants-ontariens\/videos-podcasts-et-webinaires\/\">Podcasts, vid\u00e9os et webinaires sur les \u00e9tudes \u00e0 l'\u00e9tranger<\/a><\/li>\n\t\t\t\t\t\t\t\t\t\t\t\t\t\n\t\t\t\t\t\t\t\t\t\t\t<li><a href=\"https:\/\/www.oasdi.ca\/fr\/apprendre-a-etranger\/etudiants-ontariens\/ressources\/\">Ressources utiles sur les \u00e9tudes \u00e0 l'\u00e9tranger<\/a><\/li>\n\t\t\t\t\t\t\t\t\t\t\t\t\t\n\t\t\t\t\t\t\t\t\t\t\t<li><a class=\"active\" href=\"https:\/\/www.oasdi.ca\/fr\/apprendre-a-etranger\/etudiants-ontariens\/organisation\/\">Organismes d'\u00e9tudes \u00e0 l'\u00e9tranger pour les \u00e9tudiants de l'Ontario<\/a><\/li>\n\t\t\t\t\t\t\t\t\t\t\n\n\t\t\t\t<!-- Extra menu -->\n\t\t\t\t\n\n\n\t\t\t\t\t<\/ul>\n\t\n\n<\/div><\/div><\/div><div id=\"panel-19060-2-0-1\" class=\"so-panel widget widget_hem-sidebar-link-widget panel-last-child\" data-index=\"3\" ><div\n\t\t\t\n\t\t\tclass=\"so-widget-hem-sidebar-link-widget so-widget-hem-sidebar-link-widget-hem-sidebar-link-widget-style-d75171398898-19060\"\n\t\t\t\n\t\t><div id=\"sidebar\" class=\"external-link-only\">\n\n\n\n\t\t\t\t<!-- Extra menu -->\n\t\t\t\t\t\t\t\t\t<ul id=\"side-menu\" class=\"side-menu menu-embedded\">\n\t\t\t\t\t\t\t\t\t\t\t\t\t\t\t\t\t\t\t\t\t<li><a  href=\"https:\/\/www.oasdi.ca\/map-search\/\">Map Overview<\/a><\/li>\n\t\t\t\t\t\t\t\t\t\t\t\t\t\t\n\t\t\t\t\t\t\t\t\t\t\t\t\t\t\t\t\t\t\t\t\t<li><a  href=\"https:\/\/www.oasdi.ca\/district-list\/\">District List<\/a><\/li>\n\t\t\t\t\t\t\t\t\t\t\t\t\t\t\n\t\t\t\t\t\t\t\n\t\t\t\t\t<\/ul>\n\t\t\t\t\n\t\t\t\t\n\n\n\n\n<\/div><\/div><\/div><\/div><div id=\"pgc-19060-2-1\"  class=\"panel-grid-cell\" ><div class=\"pl-sm-3 pl-md-5 panel-cell-style panel-cell-style-for-19060-2-1\" ><div id=\"panel-19060-2-1-0\" class=\"so-panel widget widget_sow-editor panel-first-child panel-last-child\" data-index=\"4\" ><div\n\t\t\t\n\t\t\tclass=\"so-widget-sow-editor so-widget-sow-editor-base\"\n\t\t\t\n\t\t>\n<div class=\"siteorigin-widget-tinymce textwidget\">\n\t<p>There are both non-profit and for-profit organizations which arrange Learn Abroad experiences for students.\u00a0 These organizations are well established and are very experienced making the arrangements for a student trip or exchange.\u00a0 Most offer and require pre-orientation sessions for both students and parents and have procedures in place to ensure student safety and to support students throughout their educational experience overseas.<\/p>\n<p>Visiting the websites of the organizations below will provide an overview of the various programs, the possible destinations, the duration of the Learn Abroad student exchange, as well as details about applying and the cost of the program.\u00a0 Most of the websites provide student testimonials about the overseas experience.\u00a0 In addition, Guidance Counsellors and Students Services offices in school have additional information on these types of Study Abroad experiences.<\/p>\n<ul>\n<li><strong><a href=\"http:\/\/www.ceef.ca\/\" target=\"_blank\" rel=\"noopener\">CEEF (The Canadian Education Exchange Foundation)<\/a><\/strong><\/li>\n<li><strong>*<a href=\"http:\/\/www.efexchangeyear.org\/about-us\" target=\"_blank\" rel=\"noopener\">EF (Education First) High School Exchange Year<\/a><\/strong><\/li>\n<li><strong>*<a href=\"http:\/\/www.global-journeys.com\/\" target=\"_blank\" rel=\"noopener\">Global Journeys<\/a><\/strong><\/li>\n<li><strong><a href=\"http:\/\/www.iseontario.on.ca\/\" target=\"_blank\" rel=\"noopener\">ISE (International Student Exchange- Ontario)<\/a><\/strong><\/li>\n<li><strong><a href=\"http:\/\/www.nacel.org\/\" target=\"_blank\" rel=\"noopener\">*Nacel Educational Travel<\/a><\/strong><\/li>\n<li><strong>*<a href=\"http:\/\/www.osef.ca\/about-osef\" target=\"_blank\" rel=\"noopener\">OSEF (Organisme de S\u00e9jours Educatifs Francophones)<\/a><\/strong><\/li>\n<li><strong><a href=\"http:\/\/www.projects-abroad.ca\/how-it-works\/high-school-volunteers\" target=\"_blank\" rel=\"noopener\">Projects Abroad<\/a><\/strong><\/li>\n<li><strong><a href=\"http:\/\/www.rotary.org\/en\/get-involved\/exchange-ideas\/youth-exchanges\" target=\"_blank\" rel=\"noopener\">Rotary Youth Exchanges<\/a><\/strong><\/li>\n<li><strong>*<a href=\"http:\/\/www.studentsonice.com\/\" target=\"_blank\" rel=\"noopener\">Students on Ice<\/a><\/strong><\/li>\n<li><strong>*<a href=\"http:\/\/www.classafloat.com\/\" target=\"_blank\" rel=\"noopener\">West Island College international<\/a><\/strong><\/li>\n<li><strong>STS (Student Travel Schools Foundation): \u00a0<\/strong>\n<ul>\n<li><a href=\"http:\/\/www.stsfoundation.ca\/en\" target=\"_blank\" rel=\"noopener\">English website<\/a><\/li>\n<li><a href=\"http:\/\/www.stsfoundation.ca\/fr\" target=\"_blank\" rel=\"noopener\">French website<\/a><\/li>\n<\/ul>\n<\/li>\n<li><strong>*<a href=\"http:\/\/www.youthedservices.ca\/\" target=\"_blank\" rel=\"noopener\">YES Canada (Youth Educational Services Canada)<\/a><\/strong><\/li>\n<li><strong>*<a href=\"http:\/\/www.yfu.ca\/\" target=\"_blank\" rel=\"noopener\">YFU Canada (Youth for Understanding Canada)<\/a><\/strong><\/li>\n<\/ul>\n<p><strong>*These organizations\/companies do not appear to be non-profit\u00a0<\/strong><\/p>\n<p>The following webpage entitled \u201c<a href=\"http:\/\/www.canada.pch.gc.ca\/eng\/1462548439594\" target=\"_blank\" rel=\"noopener\">Other Opportunities -- Canada and beyond!<\/a>\u201d\u00a0 provides a comprehensive list of international opportunities for secondary and university students, as well as educators<\/p>\n<\/div>\n<\/div><\/div><\/div><\/div><\/div><\/div><\/div>","protected":false},"excerpt":{"rendered":"Organismes d&#8217;\u00e9tudes \u00e0 l&#8217;\u00e9tranger pour les \u00e9tudiants de l&#8217;Ontario Accueil Podcasts, vid\u00e9os et webinaires sur les \u00e9tudes \u00e0 l&#8217;\u00e9tranger Ressources utiles sur les \u00e9tudes \u00e0 l&#8217;\u00e9tranger Organismes d&#8217;\u00e9tudes \u00e0 l&#8217;\u00e9tranger pour les \u00e9tudiants de l&#8217;Ontario Map Overview District List There are both non-profit and for-profit organizations which arrange Learn Abroad experiences for students.\u00a0 These organizations&#8230; <a class=\"view-article\" href=\"https:\/\/www.oasdi.ca\/fr\/apprendre-a-etranger\/etudiants-ontariens\/organisation\/\">View Article<\/a>","protected":false},"author":237,"featured_media":16903,"parent":18500,"menu_order":0,"comment_status":"closed","ping_status":"closed","template":"","meta":{"footnotes":""},"class_list":["post-19060","page","type-page","status-publish","has-post-thumbnail","hentry"],"yoast_head":"<!-- This site is optimized with the Yoast SEO plugin v21.5 - https:\/\/yoast.com\/wordpress\/plugins\/seo\/ -->\n<title>Organismes d\u2019\u00e9tudes \u00e0 l\u2019\u00e9tranger | \u00c9ducation internationale<\/title>\n<meta name=\"description\" content=\"Les organismes d&#039;\u00e9tudes \u00e0 l&#039;\u00e9tranger aident les \u00e9tudiants \u00e0 b\u00e9n\u00e9ficier de possibilit\u00e9s d&#039;\u00e9ducation internationale. Consultez leur liste ici.\" \/>\n<meta name=\"robots\" content=\"index, follow, max-snippet:-1, max-image-preview:large, max-video-preview:-1\" \/>\n<link rel=\"canonical\" href=\"https:\/\/www.oasdi.ca\/fr\/apprendre-a-etranger\/etudiants-ontariens\/organisation\/\" \/>\n<meta property=\"og:locale\" content=\"fr_FR\" \/>\n<meta property=\"og:type\" content=\"article\" \/>\n<meta property=\"og:title\" content=\"Organismes d\u2019\u00e9tudes \u00e0 l\u2019\u00e9tranger | \u00c9ducation internationale\" \/>\n<meta property=\"og:description\" content=\"Les organismes d&#039;\u00e9tudes \u00e0 l&#039;\u00e9tranger aident les \u00e9tudiants \u00e0 b\u00e9n\u00e9ficier de possibilit\u00e9s d&#039;\u00e9ducation internationale. Consultez leur liste ici.\" \/>\n<meta property=\"og:url\" content=\"https:\/\/www.oasdi.ca\/fr\/apprendre-a-etranger\/etudiants-ontariens\/organisation\/\" \/>\n<meta property=\"og:site_name\" content=\"OASDI\" \/>\n<meta property=\"article:modified_time\" content=\"2020-04-18T21:02:33+00:00\" \/>\n<meta property=\"og:image\" content=\"https:\/\/www.oasdi.ca\/wp-content\/uploads\/2020\/03\/Study-Abroad-Organizations.jpg\" \/>\n\t<meta property=\"og:image:width\" content=\"1440\" \/>\n\t<meta property=\"og:image:height\" content=\"268\" \/>\n\t<meta property=\"og:image:type\" content=\"image\/jpeg\" \/>\n<meta name=\"twitter:card\" content=\"summary_large_image\" \/>\n<meta name=\"twitter:label1\" content=\"Dur\u00e9e de lecture estim\u00e9e\" \/>\n\t<meta name=\"twitter:data1\" content=\"1 minute\" \/>\n<script type=\"application\/ld+json\" class=\"yoast-schema-graph\">{\"@context\":\"https:\/\/schema.org\",\"@graph\":[{\"@type\":\"WebPage\",\"@id\":\"https:\/\/www.oasdi.ca\/fr\/apprendre-a-etranger\/etudiants-ontariens\/organisation\/\",\"url\":\"https:\/\/www.oasdi.ca\/fr\/apprendre-a-etranger\/etudiants-ontariens\/organisation\/\",\"name\":\"Organismes d\u2019\u00e9tudes \u00e0 l\u2019\u00e9tranger | \u00c9ducation internationale\",\"isPartOf\":{\"@id\":\"https:\/\/www.oasdi.ca\/fr\/#website\"},\"datePublished\":\"2020-03-22T13:46:39+00:00\",\"dateModified\":\"2020-04-18T21:02:33+00:00\",\"description\":\"Les organismes d'\u00e9tudes \u00e0 l'\u00e9tranger aident les \u00e9tudiants \u00e0 b\u00e9n\u00e9ficier de possibilit\u00e9s d'\u00e9ducation internationale. Consultez leur liste ici.\",\"breadcrumb\":{\"@id\":\"https:\/\/www.oasdi.ca\/fr\/apprendre-a-etranger\/etudiants-ontariens\/organisation\/#breadcrumb\"},\"inLanguage\":\"fr-FR\",\"potentialAction\":[{\"@type\":\"ReadAction\",\"target\":[\"https:\/\/www.oasdi.ca\/fr\/apprendre-a-etranger\/etudiants-ontariens\/organisation\/\"]}]},{\"@type\":\"BreadcrumbList\",\"@id\":\"https:\/\/www.oasdi.ca\/fr\/apprendre-a-etranger\/etudiants-ontariens\/organisation\/#breadcrumb\",\"itemListElement\":[{\"@type\":\"ListItem\",\"position\":1,\"name\":\"Accueil\",\"item\":\"https:\/\/www.oasdi.ca\/fr\/\"},{\"@type\":\"ListItem\",\"position\":2,\"name\":\"\u00c9ducation internationale en Ontario\",\"item\":\"https:\/\/www.oasdi.ca\/fr\/apprendre-a-etranger\/\"},{\"@type\":\"ListItem\",\"position\":3,\"name\":\"Apprendre \u00e0 l&#8217;\u00e9tranger pour les \u00e9tudiants de l&#8217;Ontario\",\"item\":\"https:\/\/www.oasdi.ca\/fr\/apprendre-a-etranger\/etudiants-ontariens\/\"},{\"@type\":\"ListItem\",\"position\":4,\"name\":\"Organismes d&#8217;\u00e9tudes \u00e0 l&#8217;\u00e9tranger pour les \u00e9tudiants de l&#8217;Ontario\"}]},{\"@type\":\"WebSite\",\"@id\":\"https:\/\/www.oasdi.ca\/fr\/#website\",\"url\":\"https:\/\/www.oasdi.ca\/fr\/\",\"name\":\"OASDI\",\"description\":\"Ontario Association of School District International\",\"publisher\":{\"@id\":\"https:\/\/www.oasdi.ca\/fr\/#organization\"},\"potentialAction\":[{\"@type\":\"SearchAction\",\"target\":{\"@type\":\"EntryPoint\",\"urlTemplate\":\"https:\/\/www.oasdi.ca\/fr\/?s={search_term_string}\"},\"query-input\":\"required name=search_term_string\"}],\"inLanguage\":\"fr-FR\"},{\"@type\":\"Organization\",\"@id\":\"https:\/\/www.oasdi.ca\/fr\/#organization\",\"name\":\"OASDI\",\"url\":\"https:\/\/www.oasdi.ca\/fr\/\",\"logo\":{\"@type\":\"ImageObject\",\"inLanguage\":\"fr-FR\",\"@id\":\"https:\/\/www.oasdi.ca\/fr\/#\/schema\/logo\/image\/\",\"url\":\"https:\/\/www.oasdi.ca\/wp-content\/uploads\/2020\/02\/cropped-oasdi-logo.png\",\"contentUrl\":\"https:\/\/www.oasdi.ca\/wp-content\/uploads\/2020\/02\/cropped-oasdi-logo.png\",\"width\":468,\"height\":96,\"caption\":\"OASDI\"},\"image\":{\"@id\":\"https:\/\/www.oasdi.ca\/fr\/#\/schema\/logo\/image\/\"}}]}<\/script>\n<!-- \/ Yoast SEO plugin. -->","yoast_head_json":{"title":"Organismes d\u2019\u00e9tudes \u00e0 l\u2019\u00e9tranger | \u00c9ducation internationale","description":"Les organismes d'\u00e9tudes \u00e0 l'\u00e9tranger aident les \u00e9tudiants \u00e0 b\u00e9n\u00e9ficier de possibilit\u00e9s d'\u00e9ducation internationale. Consultez leur liste ici.","robots":{"index":"index","follow":"follow","max-snippet":"max-snippet:-1","max-image-preview":"max-image-preview:large","max-video-preview":"max-video-preview:-1"},"canonical":"https:\/\/www.oasdi.ca\/fr\/apprendre-a-etranger\/etudiants-ontariens\/organisation\/","og_locale":"fr_FR","og_type":"article","og_title":"Organismes d\u2019\u00e9tudes \u00e0 l\u2019\u00e9tranger | \u00c9ducation internationale","og_description":"Les organismes d'\u00e9tudes \u00e0 l'\u00e9tranger aident les \u00e9tudiants \u00e0 b\u00e9n\u00e9ficier de possibilit\u00e9s d'\u00e9ducation internationale. Consultez leur liste ici.","og_url":"https:\/\/www.oasdi.ca\/fr\/apprendre-a-etranger\/etudiants-ontariens\/organisation\/","og_site_name":"OASDI","article_modified_time":"2020-04-18T21:02:33+00:00","og_image":[{"width":1440,"height":268,"url":"https:\/\/www.oasdi.ca\/wp-content\/uploads\/2020\/03\/Study-Abroad-Organizations.jpg","type":"image\/jpeg"}],"twitter_card":"summary_large_image","twitter_misc":{"Dur\u00e9e de lecture estim\u00e9e":"1 minute"},"schema":{"@context":"https:\/\/schema.org","@graph":[{"@type":"WebPage","@id":"https:\/\/www.oasdi.ca\/fr\/apprendre-a-etranger\/etudiants-ontariens\/organisation\/","url":"https:\/\/www.oasdi.ca\/fr\/apprendre-a-etranger\/etudiants-ontariens\/organisation\/","name":"Organismes d\u2019\u00e9tudes \u00e0 l\u2019\u00e9tranger | \u00c9ducation internationale","isPartOf":{"@id":"https:\/\/www.oasdi.ca\/fr\/#website"},"datePublished":"2020-03-22T13:46:39+00:00","dateModified":"2020-04-18T21:02:33+00:00","description":"Les organismes d'\u00e9tudes \u00e0 l'\u00e9tranger aident les \u00e9tudiants \u00e0 b\u00e9n\u00e9ficier de possibilit\u00e9s d'\u00e9ducation internationale. Consultez leur liste ici.","breadcrumb":{"@id":"https:\/\/www.oasdi.ca\/fr\/apprendre-a-etranger\/etudiants-ontariens\/organisation\/#breadcrumb"},"inLanguage":"fr-FR","potentialAction":[{"@type":"ReadAction","target":["https:\/\/www.oasdi.ca\/fr\/apprendre-a-etranger\/etudiants-ontariens\/organisation\/"]}]},{"@type":"BreadcrumbList","@id":"https:\/\/www.oasdi.ca\/fr\/apprendre-a-etranger\/etudiants-ontariens\/organisation\/#breadcrumb","itemListElement":[{"@type":"ListItem","position":1,"name":"Accueil","item":"https:\/\/www.oasdi.ca\/fr\/"},{"@type":"ListItem","position":2,"name":"\u00c9ducation internationale en Ontario","item":"https:\/\/www.oasdi.ca\/fr\/apprendre-a-etranger\/"},{"@type":"ListItem","position":3,"name":"Apprendre \u00e0 l&#8217;\u00e9tranger pour les \u00e9tudiants de l&#8217;Ontario","item":"https:\/\/www.oasdi.ca\/fr\/apprendre-a-etranger\/etudiants-ontariens\/"},{"@type":"ListItem","position":4,"name":"Organismes d&#8217;\u00e9tudes \u00e0 l&#8217;\u00e9tranger pour les \u00e9tudiants de l&#8217;Ontario"}]},{"@type":"WebSite","@id":"https:\/\/www.oasdi.ca\/fr\/#website","url":"https:\/\/www.oasdi.ca\/fr\/","name":"OASDI","description":"Ontario Association of School District International","publisher":{"@id":"https:\/\/www.oasdi.ca\/fr\/#organization"},"potentialAction":[{"@type":"SearchAction","target":{"@type":"EntryPoint","urlTemplate":"https:\/\/www.oasdi.ca\/fr\/?s={search_term_string}"},"query-input":"required name=search_term_string"}],"inLanguage":"fr-FR"},{"@type":"Organization","@id":"https:\/\/www.oasdi.ca\/fr\/#organization","name":"OASDI","url":"https:\/\/www.oasdi.ca\/fr\/","logo":{"@type":"ImageObject","inLanguage":"fr-FR","@id":"https:\/\/www.oasdi.ca\/fr\/#\/schema\/logo\/image\/","url":"https:\/\/www.oasdi.ca\/wp-content\/uploads\/2020\/02\/cropped-oasdi-logo.png","contentUrl":"https:\/\/www.oasdi.ca\/wp-content\/uploads\/2020\/02\/cropped-oasdi-logo.png","width":468,"height":96,"caption":"OASDI"},"image":{"@id":"https:\/\/www.oasdi.ca\/fr\/#\/schema\/logo\/image\/"}}]}},"_links":{"self":[{"href":"https:\/\/www.oasdi.ca\/fr\/wp-json\/wp\/v2\/pages\/19060"}],"collection":[{"href":"https:\/\/www.oasdi.ca\/fr\/wp-json\/wp\/v2\/pages"}],"about":[{"href":"https:\/\/www.oasdi.ca\/fr\/wp-json\/wp\/v2\/types\/page"}],"author":[{"embeddable":true,"href":"https:\/\/www.oasdi.ca\/fr\/wp-json\/wp\/v2\/users\/237"}],"replies":[{"embeddable":true,"href":"https:\/\/www.oasdi.ca\/fr\/wp-json\/wp\/v2\/comments?post=19060"}],"version-history":[{"count":0,"href":"https:\/\/www.oasdi.ca\/fr\/wp-json\/wp\/v2\/pages\/19060\/revisions"}],"up":[{"embeddable":true,"href":"https:\/\/www.oasdi.ca\/fr\/wp-json\/wp\/v2\/pages\/18500"}],"wp:featuredmedia":[{"embeddable":true,"href":"https:\/\/www.oasdi.ca\/fr\/wp-json\/wp\/v2\/media\/16903"}],"wp:attachment":[{"href":"https:\/\/www.oasdi.ca\/fr\/wp-json\/wp\/v2\/media?parent=19060"}],"curies":[{"name":"wp","href":"https:\/\/api.w.org\/{rel}","templated":true}]}}