{"id":19014,"date":"2020-03-19T23:51:58","date_gmt":"2020-03-19T23:51:58","guid":{"rendered":"http:\/\/oasdi.ca\/vivre-en-ontario\/homestay-services\/"},"modified":"2020-04-18T18:57:21","modified_gmt":"2020-04-18T18:57:21","slug":"services-hebergement-en-famille-accueil","status":"publish","type":"page","link":"https:\/\/www.oasdi.ca\/fr\/vivre-en-ontario\/services-hebergement-en-famille-accueil\/","title":{"rendered":"Services d&#8217;h\u00e9bergement en famille d&#8217;accueil pour les \u00e9tudiants \u00e9trangers en Ontario"},"content":{"rendered":"<div id=\"pl-19014\"  class=\"panel-layout\" ><div id=\"pg-19014-0\"  class=\"panel-grid panel-no-style\" ><div id=\"pgc-19014-0-0\"  class=\"panel-grid-cell\" ><div id=\"panel-19014-0-0-0\" class=\"so-panel widget widget_sow-image panel-first-child panel-last-child\" data-index=\"0\" ><div class=\"is-featured-img panel-widget-style panel-widget-style-for-19014-0-0-0\" ><div\n\t\t\t\n\t\t\tclass=\"so-widget-sow-image so-widget-sow-image-default-c4f6304fc136-19014\"\n\t\t\t\n\t\t>\n\n<div class=\"sow-image-container\">\n\t\t<img loading=\"lazy\" decoding=\"async\" src=\"https:\/\/www.oasdi.ca\/wp-content\/uploads\/2020\/03\/Homestay-Services.jpg\" width=\"1440\" height=\"268\" srcset=\"https:\/\/www.oasdi.ca\/wp-content\/uploads\/2020\/03\/Homestay-Services.jpg 1440w, https:\/\/www.oasdi.ca\/wp-content\/uploads\/2020\/03\/Homestay-Services-250x47.jpg 250w, https:\/\/www.oasdi.ca\/wp-content\/uploads\/2020\/03\/Homestay-Services-700x130.jpg 700w, https:\/\/www.oasdi.ca\/wp-content\/uploads\/2020\/03\/Homestay-Services-768x143.jpg 768w, https:\/\/www.oasdi.ca\/wp-content\/uploads\/2020\/03\/Homestay-Services-120x22.jpg 120w\" sizes=\"(max-width: 1440px) 100vw, 1440px\" title=\"Homestay Services\" alt=\"Homestay Services for International Students in Ontario\" \t\tclass=\"so-widget-image\"\/>\n\t<\/div>\n\n<\/div><\/div><\/div><\/div><\/div><div id=\"pg-19014-1\"  class=\"panel-grid panel-has-style\" ><div class=\"has-container panel-row-style panel-row-style-for-19014-1\" ><div id=\"pgc-19014-1-0\"  class=\"panel-grid-cell\" ><div id=\"panel-19014-1-0-0\" class=\"so-panel widget widget_hem-seo-title-widget panel-first-child panel-last-child\" data-index=\"1\" ><div class=\"panel-widget-style panel-widget-style-for-19014-1-0-0\" ><div\n\t\t\t\n\t\t\tclass=\"so-widget-hem-seo-title-widget so-widget-hem-seo-title-widget-hem-seo-title-widget-style-d75171398898-19014\"\n\t\t\t\n\t\t>\n<h1 style=\"font-size:px;\">Services d'h\u00e9bergement en famille d'accueil pour les \u00e9tudiants \u00e9trangers en Ontario<\/h1>\n\n\n\n\t<!-- <div class=\"breadcrumb-trail\"><a href=\"index.php\">Home<\/a> \u00bb <span class=\"breadcrumb-current\">About<\/span><\/div> -->\n\t<div class=\"test1\"><span><span><a href=\"https:\/\/www.oasdi.ca\/fr\/\">Accueil<\/a><\/span><\/span><\/div>\n<\/div><\/div><\/div><\/div><\/div><\/div><div id=\"pg-19014-2\"  class=\"panel-grid panel-has-style\" ><div class=\"has-container panel-row-style panel-row-style-for-19014-2\" ><div id=\"pgc-19014-2-0\"  class=\"panel-grid-cell\" ><div id=\"panel-19014-2-0-0\" class=\"so-panel widget widget_hem-sidebar-menu-widget panel-first-child\" data-index=\"2\" ><div\n\t\t\t\n\t\t\tclass=\"so-widget-hem-sidebar-menu-widget so-widget-hem-sidebar-menu-widget-hem-sidebar-menu-widget-style-d75171398898-19014\"\n\t\t\t\n\t\t><div id=\"sidebar\">\n\t\t\t<ul id=\"side-menu\" class=\"side-menu menu-embedded\">\n\t\t\t\n\t\t\t\t\t\t\t\t\n\t\t\t\t\t\t\t\t\t\t\t<li><a href=\"https:\/\/www.oasdi.ca\/fr\/vivre-en-ontario\/faq\/\">FAQ sur la vie en Ontario pour les \u00e9tudiants \u00e9trangers<\/a><\/li>\n\t\t\t\t\t\t\t\t\t\t\t\t\t\n\t\t\t\t\t\t\t\t\t\t\t<li><a href=\"https:\/\/www.oasdi.ca\/fr\/vivre-en-ontario\/meteo-et-saisons\/\">Le climat et les saisons en Ontario<\/a><\/li>\n\t\t\t\t\t\t\t\t\t\t\t\t\t\n\t\t\t\t\t\t\t\t\t\t\t<li><a href=\"https:\/\/www.oasdi.ca\/fr\/vivre-en-ontario\/attractions\/\">Les merveilles naturelles et les principaux attraits de l'Ontario<\/a><\/li>\n\t\t\t\t\t\t\t\t\t\t\t\t\t\n\t\t\t\t\t\t\t\t\t\t\t<li><a href=\"https:\/\/www.oasdi.ca\/fr\/vivre-en-ontario\/decouvrir\/\">\u00c0 la d\u00e9couverte de l'Ontario<\/a><\/li>\n\t\t\t\t\t\t\t\t\t\t\t\t\t\n\t\t\t\t\t\t\t\t\t\t\t<li><a href=\"https:\/\/www.oasdi.ca\/fr\/vivre-en-ontario\/se-deplacer\/\">Se d\u00e9placer en Ontario<\/a><\/li>\n\t\t\t\t\t\t\t\t\t\t\t\t\t\n\t\t\t\t\t\t\t\t\t\t\t<li><a href=\"https:\/\/www.oasdi.ca\/fr\/vivre-en-ontario\/culture-canadienne\/\">Culture canadienne<\/a><\/li>\n\t\t\t\t\t\t\t\t\t\t\t\t\t\n\t\t\t\t\t\t\t\t\t\t\t<li><a href=\"https:\/\/www.oasdi.ca\/fr\/vivre-en-ontario\/vie-en-milieu-rural\/\">La vie rurale, suburbaine et urbaine en Ontario<\/a><\/li>\n\t\t\t\t\t\t\t\t\t\t\t\t\t\n\t\t\t\t\t\t\t\t\t\t\t<li><a class=\"active\" href=\"https:\/\/www.oasdi.ca\/fr\/vivre-en-ontario\/services-hebergement-en-famille-accueil\/\">Services d'h\u00e9bergement en famille d'accueil pour les \u00e9tudiants \u00e9trangers en Ontario<\/a><\/li>\n\t\t\t\t\t\t\t\t\t\t\n\n\t\t\t\t<!-- Extra menu -->\n\t\t\t\t\n\n\n\t\t\t\t\t<\/ul>\n\t\n\n<\/div><\/div><\/div><div id=\"panel-19014-2-0-1\" class=\"so-panel widget widget_hem-sidebar-link-widget panel-last-child\" data-index=\"3\" ><div\n\t\t\t\n\t\t\tclass=\"so-widget-hem-sidebar-link-widget so-widget-hem-sidebar-link-widget-hem-sidebar-link-widget-style-d75171398898-19014\"\n\t\t\t\n\t\t><div id=\"sidebar\" class=\"external-link-only\">\n\n\n\n\t\t\t\t<!-- Extra menu -->\n\t\t\t\t\t\t\t\t\t<ul id=\"side-menu\" class=\"side-menu menu-embedded\">\n\t\t\t\t\t\t\t\t\t\t\t\t\t\t\t\t\t\t\t\t\t<li><a  href=\"https:\/\/www.oasdi.ca\/map-search\/\">Map Overview<\/a><\/li>\n\t\t\t\t\t\t\t\t\t\t\t\t\t\t\n\t\t\t\t\t\t\t\t\t\t\t\t\t\t\t\t\t\t\t\t\t<li><a  href=\"https:\/\/www.oasdi.ca\/district-list\/\">District List<\/a><\/li>\n\t\t\t\t\t\t\t\t\t\t\t\t\t\t\n\t\t\t\t\t\t\t\n\t\t\t\t\t<\/ul>\n\t\t\t\t\n\t\t\t\t\n\n\n\n\n<\/div><\/div><\/div><\/div><div id=\"pgc-19014-2-1\"  class=\"panel-grid-cell\" ><div class=\"pl-sm-3 pl-md-5 panel-cell-style panel-cell-style-for-19014-2-1\" ><div id=\"panel-19014-2-1-0\" class=\"so-panel widget widget_sow-editor panel-first-child panel-last-child\" data-index=\"4\" ><div\n\t\t\t\n\t\t\tclass=\"so-widget-sow-editor so-widget-sow-editor-base\"\n\t\t\t\n\t\t>\n<div class=\"siteorigin-widget-tinymce textwidget\">\n\t<p>La famille d\u2019accueil est l\u2019une des pierres angulaires des programmes d\u2019\u00e9tudiants \u00e9trangers, car elle fournit un \u00ab second chez-soi \u00bb; elle offre un environnement chaleureux, confortable et un milieu favorable aux \u00e9tudiants \u00e9trangers fr\u00e9quentant les \u00e9coles publiques de l\u2019Ontario. \u00a0Les \u00e9tudiants qui habitent dans une famille d\u2019accueil font partie d\u2019une famille canadienne typique, d\u00e9veloppent leurs comp\u00e9tences en langage conversationnel et d\u00e9couvrent directement la culture canadienne.<\/p>\n<p>Le s\u00e9jour en famille d\u2019accueil est planifi\u00e9 \u00ab sur place \u00bb par le personnel d\u2019un conseil scolaire ou une agence qui travaille en collaboration avec un conseil scolaire en vue d\u2019offrir des services de famille d\u2019accueil. Les agences de familles d\u2019accueil sont g\u00e9n\u00e9ralement bien \u00e9tablies et poss\u00e8dent une vaste exp\u00e9rience de travail avec les conseils scolaires, les \u00e9tudiants \u00e9trangers et les familles d\u2019accueil.<\/p>\n<p>Dans la plupart des cas, les \u00e9tudiants \u00e9trangers sont jumel\u00e9s au repr\u00e9sentant d\u2019une famille d\u2019accueil qui travaille pour le conseil scolaire ou l\u2019agence de familles d\u2019accueil et effectue la liaison entre l\u2019\u00e9tudiant, la famille d\u2019accueil et, bien souvent, avec l\u2019\u00e9cole. Habituellement, les \u00e9tudiants peuvent contacter l\u2019agence de familles d\u2019accueil 24 heures sur 24, 7 jours sur 7.<\/p>\n<p>Les services de famille d\u2019accueil ont clairement trac\u00e9 les grandes lignes des proc\u00e9dures en place pour fournir un vaste \u00e9ventail de services de soutien aux \u00e9tudiants \u00e9trangers. \u00a0Tous les membres des conseils scolaires de l\u2019AOCSI se conforment aux normes de pratique de l\u2019Association canadienne des \u00e9coles publiques \u2013 International (ACEP-I) et suivent des protocoles et des directives sp\u00e9cifiques associ\u00e9s :<\/p>\n<ul>\n<li>au devoir de bien s\u2019occuper des \u00e9tudiants et de r\u00e9pondre \u00e0 leurs besoins;<\/li>\n<li>\u00e0 la s\u00e9lection et aux obligations des familles d\u2019accueil;<\/li>\n<li>aux processus de communication;<\/li>\n<li>\u00e0 l\u2019\u00e9nonc\u00e9 clair des attentes;<\/li>\n<li>au suivi des familles d\u2019accueil;<\/li>\n<li>au soutien continu des familles d\u2019accueil.<\/li>\n<\/ul>\n<p>Il y a tant d\u2019avantages \u00e0 habiter dans une famille canadienne. Les \u00e9tudiants \u00e9trangers habitant dans une famille d\u2019accueil jouissent, entre autres, des avantages suivants :<\/p>\n<ul>\n<li>un milieu de vie s\u00e9curitaire, accueillant et amical;<\/li>\n<li>une\u00a0occasion de d\u00e9velopper ses aptitudes \u00e0 converser, au quotidien, en langue anglaise (<strong>ou en langue fran\u00e7aise, en fonction de la demande soumise<\/strong>);<\/li>\n<li>l\u2019acc\u00e8s \u00e0 une famille qui fait partie de la collectivit\u00e9 locale et qui conna\u00eet les r\u00e9ponses \u00e0 bon nombre de questions qui permettront au nouvel \u00e9tudiant de s\u2019adapter \u00e0 la vie au Canada ainsi qu\u2019\u00e0 un autre syst\u00e8me scolaire;<\/li>\n<li>la d\u00e9couverte de la vaste diversit\u00e9 culturelle de la population et des styles de vie au Canada<\/li>\n<p>;<\/p>\n<li>forger de nouveaux liens d\u2019amiti\u00e9 importants qui dureront souvent toute une vie.<\/li>\n<\/ul>\n<p>Tous les efforts sont d\u00e9ploy\u00e9s pour loger les \u00e9tudiants \u00e9trangers dans une famille d\u2019accueil appropri\u00e9e par le recours \u00e0 un processus de collecte d\u2019informations ayant pour but de jumeler les \u00e9tudiants \u00e9trangers avec des familles compatibles. \u00a0Dans tous les cas, les familles d\u2019accueil sont soigneusement tri\u00e9es sur le volet et doivent r\u00e9pondre aux crit\u00e8res suivants :<\/p>\n<ul>\n<li>fournir un environnement invitant, amical et attentionn\u00e9;<\/li>\n<li>offrir trois repas nutritifs par jour \u00a0ainsi que des collations sant\u00e9;<\/li>\n<li>fournir une chambre priv\u00e9e meubl\u00e9e dot\u00e9e d\u2019une aire pour les \u00e9tudes;<\/li>\n<li>offrir des conseils, du soutien, de l\u2019orientation et des encouragements;<\/li>\n<li>Inviter l\u2019\u00e9tudiant \u00e0 participer \u00e0 la vie de famille et aux \u00e9v\u00e9nements communautaires.<\/li>\n<\/ul>\n<p>Plusieurs processus de s\u00e9lection d\u2019une famille d\u2019accueil sont en place afin de s\u2019assurer de la s\u00e9curit\u00e9 et du soutien des \u00e9tudiants \u00e9trangers dans une famille d\u2019accueil. \u00a0Les familles d\u2019accueil doivent r\u00e9pondre aux crit\u00e8res suivants :<\/p>\n<ul>\n<li>\u00eatre pr\u00eates \u00e0 accepter un \u00e9tudiant \u00e9tranger comme un membre de leur famille;<\/li>\n<li>que la langue principale parl\u00e9e \u00e0 la maison soit l\u2019anglais (<strong>ou le fran\u00e7ais, en fonction de la demande soumise<\/strong>);<\/li>\n<li>se pr\u00eater \u00e0 un processus approfondi de v\u00e9rification des r\u00e9f\u00e9rences;<\/li>\n<li>avoir subi avec succ\u00e8s une v\u00e9rification du casier judiciaire;<\/li>\n<li>respecter les protocoles et \u00a0les exigences auxquels sont soumises les familles d\u2019accueil;<\/li>\n<li>manifester de l\u2019int\u00e9r\u00eat \u00e0 d\u00e9couvrir d\u2019autres cultures.<\/li>\n<\/ul>\n<p>Apr\u00e8s le traitement d\u2019une demande de famille d\u2019accueil pour un \u00e9tudiant \u00e9tranger, l\u2019\u00e9tudiant et sa famille re\u00e7oivent les coordonn\u00e9es de la famille d\u2019accueil en Ontario, de m\u00eame qu\u2019une trousse d\u2019initiation contenant des renseignements au sujet du programme de famille d\u2019accueil.<\/p>\n<p>\u00c0 titre d\u2019\u00e9tudiant \u00e9tranger, vous pouvez pr\u00e9parer votre s\u00e9jour en famille d\u2019accueil de diverses mani\u00e8res :<\/p>\n<ul>\n<li>Il est important de vous accorder du temps afin de vous ajuster \u00e0 votre famille d\u2019accueil et qu\u2019elle s\u2019ajuste \u00e0 vous. \u00c0 cet \u00e9gard, il est tr\u00e8s important de faire preuve d\u2019ouverture d\u2019esprit et de ne pas porter de jugements trop h\u00e2tifs. La plupart des \u00e9tudiants s\u2019adaptent \u00e0 leurs nouvelles conditions de vie en quelques jours seulement.<\/li>\n<li>Au d\u00e9part, il peut s\u2019av\u00e9rer difficile d\u2019assimiler tous ces changements. \u00a0Cela se traduit invariablement par des changements d\u2019habitudes \u00e0 la maison, sans compter tous les changements que sous-entendent la fr\u00e9quentation d\u2019une nouvelle \u00e9cole dans un autre pays. Cela peut \u00eatre emballant parce que c\u2019est tellement diff\u00e9rent de la maison, mais tous ces changements peuvent aussi s\u2019av\u00e9rer l\u00e9g\u00e8rement d\u00e9stabilisants. Il y aura des diff\u00e9rences dans la cuisine et le climat et simplement dans la mani\u00e8re dont les Canadiens font les choses. \u00a0Il vous faudra probablement \u00eatre plus ind\u00e9pendant que dans votre pays d\u2019origine et \u00ab proactif \u00bb en posant des questions et en faisant part \u00e0 votre famille d\u2019accueil de vos pr\u00e9occupations ou des probl\u00e8mes que vous rencontrez.<\/li>\n<li>Votre famille d\u2019accueil n\u2019est pas comme votre famille. \u00a0Comme toute famille, les familles d\u2019accueil sont diff\u00e9rentes les unes des autres. Le Canada est un pays aux paysages vari\u00e9s, tout comme ses habitants et la mani\u00e8re dont ils vivent. \u00a0Les familles d\u2019accueil sont d\u2019origines ethniques, de races, de religions et de patrimoine culturel diversifi\u00e9s. Les structures des familles sont aussi diversifi\u00e9es, des familles traditionnelles o\u00f9 l\u2019un des parents reste \u00e0 la maison pour s\u2019occuper des enfants jusqu\u2019aux familles monoparentales veillant \u00e0 l\u2019\u00e9ducation des enfants, aux familles o\u00f9 les deux parents travaillent et aux parents d\u2019accueil \u00e0 la retraite. \u00a0Vous pourriez donc vous retrouver dans une maison comptant plusieurs enfants des parents d\u2019accueil, ou avec deux autres \u00e9tudiants \u00e9trangers dans la m\u00eame maison. \u00a0Certaines de ces familles m\u00e8nent des vies tr\u00e8s actives et participent aux activit\u00e9s et aux sports de la collectivit\u00e9 locale alors que d\u2019autres sont moins occup\u00e9es. Vous constaterez aussi des diff\u00e9rences selon que votre famille d\u2019accueil habite en ville ou \u00e0 la campagne. Mais, peu importe les diff\u00e9rences, la famille d\u2019accueil s\u2019est engag\u00e9e \u00e0 offrir une exp\u00e9rience favorable, enrichissante et m\u00e9morable pendant vos \u00e9tudes en Ontario.<\/li>\n<\/ul>\n<h4><strong>Vous avez besoin de plus d\u2019information au sujet des familles d\u2019accueil ?<\/strong><\/h4>\n<p>Tous les conseils scolaires en Ontario qui acceptent des \u00e9tudiants \u00e9trangers assument la responsabilit\u00e9 du programme de famille d\u2019accueil;\u00a0il est donc \u00a0n\u00e9cessaire que vous visitiez le site Web du conseil scolaire pertinent.\u00a0Acc\u00e9dez \u00e0 notre\u00a0<a href=\"\/fr\/liste-des-districts\/\">Liste des districts<\/a>\u00a0afin d\u2019obtenir de plus amples renseignements sur les conseils scolaires membres.<\/p>\n<\/div>\n<\/div><\/div><\/div><\/div><\/div><\/div><\/div>","protected":false},"excerpt":{"rendered":"Services d&#8217;h\u00e9bergement en famille d&#8217;accueil pour les \u00e9tudiants \u00e9trangers en Ontario Accueil FAQ sur la vie en Ontario pour les \u00e9tudiants \u00e9trangers Le climat et les saisons en Ontario Les merveilles naturelles et les principaux attraits de l&#8217;Ontario \u00c0 la d\u00e9couverte de l&#8217;Ontario Se d\u00e9placer en Ontario Culture canadienne La vie rurale, suburbaine et urbaine&#8230; <a class=\"view-article\" href=\"https:\/\/www.oasdi.ca\/fr\/vivre-en-ontario\/services-hebergement-en-famille-accueil\/\">View Article<\/a>","protected":false},"author":237,"featured_media":0,"parent":18286,"menu_order":0,"comment_status":"closed","ping_status":"closed","template":"","meta":{"footnotes":""},"class_list":["post-19014","page","type-page","status-publish","hentry"],"yoast_head":"<!-- This site is optimized with the Yoast SEO plugin v21.5 - https:\/\/yoast.com\/wordpress\/plugins\/seo\/ -->\n<title>Services familles accueil | \u00c9ducation internationale Ontario<\/title>\n<meta name=\"description\" content=\"Les s\u00e9jours en famille d&#039;accueil sont une excellente option pour les \u00e9tudiants \u00e9trangers en Ontario. Pour en savoir plus sur ce type de s\u00e9jour, cliquez ici.\" \/>\n<meta name=\"robots\" content=\"index, follow, max-snippet:-1, max-image-preview:large, max-video-preview:-1\" \/>\n<link rel=\"canonical\" href=\"https:\/\/www.oasdi.ca\/fr\/vivre-en-ontario\/services-hebergement-en-famille-accueil\/\" \/>\n<meta property=\"og:locale\" content=\"fr_FR\" \/>\n<meta property=\"og:type\" content=\"article\" \/>\n<meta property=\"og:title\" content=\"Services familles accueil | \u00c9ducation internationale Ontario\" \/>\n<meta property=\"og:description\" content=\"Les s\u00e9jours en famille d&#039;accueil sont une excellente option pour les \u00e9tudiants \u00e9trangers en Ontario. Pour en savoir plus sur ce type de s\u00e9jour, cliquez ici.\" \/>\n<meta property=\"og:url\" content=\"https:\/\/www.oasdi.ca\/fr\/vivre-en-ontario\/services-hebergement-en-famille-accueil\/\" \/>\n<meta property=\"og:site_name\" content=\"OASDI\" \/>\n<meta property=\"article:modified_time\" content=\"2020-04-18T18:57:21+00:00\" \/>\n<meta property=\"og:image\" content=\"https:\/\/www.oasdi.ca\/wp-content\/uploads\/2020\/03\/oasdi-faq.jpg\" \/>\n\t<meta property=\"og:image:width\" content=\"1440\" \/>\n\t<meta property=\"og:image:height\" content=\"268\" \/>\n\t<meta property=\"og:image:type\" content=\"image\/jpeg\" \/>\n<meta name=\"twitter:card\" content=\"summary_large_image\" \/>\n<meta name=\"twitter:label1\" content=\"Dur\u00e9e de lecture estim\u00e9e\" \/>\n\t<meta name=\"twitter:data1\" content=\"6 minutes\" \/>\n<script type=\"application\/ld+json\" class=\"yoast-schema-graph\">{\"@context\":\"https:\/\/schema.org\",\"@graph\":[{\"@type\":\"WebPage\",\"@id\":\"https:\/\/www.oasdi.ca\/fr\/vivre-en-ontario\/services-hebergement-en-famille-accueil\/\",\"url\":\"https:\/\/www.oasdi.ca\/fr\/vivre-en-ontario\/services-hebergement-en-famille-accueil\/\",\"name\":\"Services familles accueil | \u00c9ducation internationale Ontario\",\"isPartOf\":{\"@id\":\"https:\/\/www.oasdi.ca\/fr\/#website\"},\"datePublished\":\"2020-03-19T23:51:58+00:00\",\"dateModified\":\"2020-04-18T18:57:21+00:00\",\"description\":\"Les s\u00e9jours en famille d'accueil sont une excellente option pour les \u00e9tudiants \u00e9trangers en Ontario. Pour en savoir plus sur ce type de s\u00e9jour, cliquez ici.\",\"breadcrumb\":{\"@id\":\"https:\/\/www.oasdi.ca\/fr\/vivre-en-ontario\/services-hebergement-en-famille-accueil\/#breadcrumb\"},\"inLanguage\":\"fr-FR\",\"potentialAction\":[{\"@type\":\"ReadAction\",\"target\":[\"https:\/\/www.oasdi.ca\/fr\/vivre-en-ontario\/services-hebergement-en-famille-accueil\/\"]}]},{\"@type\":\"BreadcrumbList\",\"@id\":\"https:\/\/www.oasdi.ca\/fr\/vivre-en-ontario\/services-hebergement-en-famille-accueil\/#breadcrumb\",\"itemListElement\":[{\"@type\":\"ListItem\",\"position\":1,\"name\":\"Accueil\",\"item\":\"https:\/\/www.oasdi.ca\/fr\/\"},{\"@type\":\"ListItem\",\"position\":2,\"name\":\"Vivre en Ontario en tant qu&#8217;\u00e9tudiant \u00e9tranger\",\"item\":\"https:\/\/www.oasdi.ca\/fr\/vivre-en-ontario\/\"},{\"@type\":\"ListItem\",\"position\":3,\"name\":\"Services d&#8217;h\u00e9bergement en famille d&#8217;accueil pour les \u00e9tudiants \u00e9trangers en Ontario\"}]},{\"@type\":\"WebSite\",\"@id\":\"https:\/\/www.oasdi.ca\/fr\/#website\",\"url\":\"https:\/\/www.oasdi.ca\/fr\/\",\"name\":\"OASDI\",\"description\":\"Ontario Association of School District International\",\"publisher\":{\"@id\":\"https:\/\/www.oasdi.ca\/fr\/#organization\"},\"potentialAction\":[{\"@type\":\"SearchAction\",\"target\":{\"@type\":\"EntryPoint\",\"urlTemplate\":\"https:\/\/www.oasdi.ca\/fr\/?s={search_term_string}\"},\"query-input\":\"required name=search_term_string\"}],\"inLanguage\":\"fr-FR\"},{\"@type\":\"Organization\",\"@id\":\"https:\/\/www.oasdi.ca\/fr\/#organization\",\"name\":\"OASDI\",\"url\":\"https:\/\/www.oasdi.ca\/fr\/\",\"logo\":{\"@type\":\"ImageObject\",\"inLanguage\":\"fr-FR\",\"@id\":\"https:\/\/www.oasdi.ca\/fr\/#\/schema\/logo\/image\/\",\"url\":\"https:\/\/www.oasdi.ca\/wp-content\/uploads\/2020\/02\/cropped-oasdi-logo.png\",\"contentUrl\":\"https:\/\/www.oasdi.ca\/wp-content\/uploads\/2020\/02\/cropped-oasdi-logo.png\",\"width\":468,\"height\":96,\"caption\":\"OASDI\"},\"image\":{\"@id\":\"https:\/\/www.oasdi.ca\/fr\/#\/schema\/logo\/image\/\"}}]}<\/script>\n<!-- \/ Yoast SEO plugin. -->","yoast_head_json":{"title":"Services familles accueil | \u00c9ducation internationale Ontario","description":"Les s\u00e9jours en famille d'accueil sont une excellente option pour les \u00e9tudiants \u00e9trangers en Ontario. Pour en savoir plus sur ce type de s\u00e9jour, cliquez ici.","robots":{"index":"index","follow":"follow","max-snippet":"max-snippet:-1","max-image-preview":"max-image-preview:large","max-video-preview":"max-video-preview:-1"},"canonical":"https:\/\/www.oasdi.ca\/fr\/vivre-en-ontario\/services-hebergement-en-famille-accueil\/","og_locale":"fr_FR","og_type":"article","og_title":"Services familles accueil | \u00c9ducation internationale Ontario","og_description":"Les s\u00e9jours en famille d'accueil sont une excellente option pour les \u00e9tudiants \u00e9trangers en Ontario. Pour en savoir plus sur ce type de s\u00e9jour, cliquez ici.","og_url":"https:\/\/www.oasdi.ca\/fr\/vivre-en-ontario\/services-hebergement-en-famille-accueil\/","og_site_name":"OASDI","article_modified_time":"2020-04-18T18:57:21+00:00","og_image":[{"width":1440,"height":268,"url":"https:\/\/www.oasdi.ca\/wp-content\/uploads\/2020\/03\/oasdi-faq.jpg","type":"image\/jpeg"}],"twitter_card":"summary_large_image","twitter_misc":{"Dur\u00e9e de lecture estim\u00e9e":"6 minutes"},"schema":{"@context":"https:\/\/schema.org","@graph":[{"@type":"WebPage","@id":"https:\/\/www.oasdi.ca\/fr\/vivre-en-ontario\/services-hebergement-en-famille-accueil\/","url":"https:\/\/www.oasdi.ca\/fr\/vivre-en-ontario\/services-hebergement-en-famille-accueil\/","name":"Services familles accueil | \u00c9ducation internationale Ontario","isPartOf":{"@id":"https:\/\/www.oasdi.ca\/fr\/#website"},"datePublished":"2020-03-19T23:51:58+00:00","dateModified":"2020-04-18T18:57:21+00:00","description":"Les s\u00e9jours en famille d'accueil sont une excellente option pour les \u00e9tudiants \u00e9trangers en Ontario. Pour en savoir plus sur ce type de s\u00e9jour, cliquez ici.","breadcrumb":{"@id":"https:\/\/www.oasdi.ca\/fr\/vivre-en-ontario\/services-hebergement-en-famille-accueil\/#breadcrumb"},"inLanguage":"fr-FR","potentialAction":[{"@type":"ReadAction","target":["https:\/\/www.oasdi.ca\/fr\/vivre-en-ontario\/services-hebergement-en-famille-accueil\/"]}]},{"@type":"BreadcrumbList","@id":"https:\/\/www.oasdi.ca\/fr\/vivre-en-ontario\/services-hebergement-en-famille-accueil\/#breadcrumb","itemListElement":[{"@type":"ListItem","position":1,"name":"Accueil","item":"https:\/\/www.oasdi.ca\/fr\/"},{"@type":"ListItem","position":2,"name":"Vivre en Ontario en tant qu&#8217;\u00e9tudiant \u00e9tranger","item":"https:\/\/www.oasdi.ca\/fr\/vivre-en-ontario\/"},{"@type":"ListItem","position":3,"name":"Services d&#8217;h\u00e9bergement en famille d&#8217;accueil pour les \u00e9tudiants \u00e9trangers en Ontario"}]},{"@type":"WebSite","@id":"https:\/\/www.oasdi.ca\/fr\/#website","url":"https:\/\/www.oasdi.ca\/fr\/","name":"OASDI","description":"Ontario Association of School District International","publisher":{"@id":"https:\/\/www.oasdi.ca\/fr\/#organization"},"potentialAction":[{"@type":"SearchAction","target":{"@type":"EntryPoint","urlTemplate":"https:\/\/www.oasdi.ca\/fr\/?s={search_term_string}"},"query-input":"required name=search_term_string"}],"inLanguage":"fr-FR"},{"@type":"Organization","@id":"https:\/\/www.oasdi.ca\/fr\/#organization","name":"OASDI","url":"https:\/\/www.oasdi.ca\/fr\/","logo":{"@type":"ImageObject","inLanguage":"fr-FR","@id":"https:\/\/www.oasdi.ca\/fr\/#\/schema\/logo\/image\/","url":"https:\/\/www.oasdi.ca\/wp-content\/uploads\/2020\/02\/cropped-oasdi-logo.png","contentUrl":"https:\/\/www.oasdi.ca\/wp-content\/uploads\/2020\/02\/cropped-oasdi-logo.png","width":468,"height":96,"caption":"OASDI"},"image":{"@id":"https:\/\/www.oasdi.ca\/fr\/#\/schema\/logo\/image\/"}}]}},"_links":{"self":[{"href":"https:\/\/www.oasdi.ca\/fr\/wp-json\/wp\/v2\/pages\/19014"}],"collection":[{"href":"https:\/\/www.oasdi.ca\/fr\/wp-json\/wp\/v2\/pages"}],"about":[{"href":"https:\/\/www.oasdi.ca\/fr\/wp-json\/wp\/v2\/types\/page"}],"author":[{"embeddable":true,"href":"https:\/\/www.oasdi.ca\/fr\/wp-json\/wp\/v2\/users\/237"}],"replies":[{"embeddable":true,"href":"https:\/\/www.oasdi.ca\/fr\/wp-json\/wp\/v2\/comments?post=19014"}],"version-history":[{"count":0,"href":"https:\/\/www.oasdi.ca\/fr\/wp-json\/wp\/v2\/pages\/19014\/revisions"}],"up":[{"embeddable":true,"href":"https:\/\/www.oasdi.ca\/fr\/wp-json\/wp\/v2\/pages\/18286"}],"wp:attachment":[{"href":"https:\/\/www.oasdi.ca\/fr\/wp-json\/wp\/v2\/media?parent=19014"}],"curies":[{"name":"wp","href":"https:\/\/api.w.org\/{rel}","templated":true}]}}