{"id":18968,"date":"2020-03-22T02:49:02","date_gmt":"2020-03-22T02:49:02","guid":{"rendered":"http:\/\/oasdi.ca\/vivre-en-ontario\/rural-living\/"},"modified":"2020-04-30T22:12:24","modified_gmt":"2020-04-30T22:12:24","slug":"vie-en-milieu-rural","status":"publish","type":"page","link":"https:\/\/www.oasdi.ca\/fr\/vivre-en-ontario\/vie-en-milieu-rural\/","title":{"rendered":"La vie rurale, suburbaine et urbaine en Ontario"},"content":{"rendered":"<div id=\"pl-18968\"  class=\"panel-layout\" ><div id=\"pg-18968-0\"  class=\"panel-grid panel-no-style\" ><div id=\"pgc-18968-0-0\"  class=\"panel-grid-cell\" ><div id=\"panel-18968-0-0-0\" class=\"so-panel widget widget_sow-image panel-first-child panel-last-child\" data-index=\"0\" ><div class=\"is-featured-img panel-widget-style panel-widget-style-for-18968-0-0-0\" ><div\n\t\t\t\n\t\t\tclass=\"so-widget-sow-image so-widget-sow-image-default-c4f6304fc136-18968\"\n\t\t\t\n\t\t>\n\n<div class=\"sow-image-container\">\n\t\t<img loading=\"lazy\" decoding=\"async\" src=\"https:\/\/www.oasdi.ca\/wp-content\/uploads\/2020\/03\/oasdi-faq-1.jpg\" width=\"1440\" height=\"268\" srcset=\"https:\/\/www.oasdi.ca\/wp-content\/uploads\/2020\/03\/oasdi-faq-1.jpg 1440w, https:\/\/www.oasdi.ca\/wp-content\/uploads\/2020\/03\/oasdi-faq-1-250x47.jpg 250w, https:\/\/www.oasdi.ca\/wp-content\/uploads\/2020\/03\/oasdi-faq-1-700x130.jpg 700w, https:\/\/www.oasdi.ca\/wp-content\/uploads\/2020\/03\/oasdi-faq-1-768x143.jpg 768w, https:\/\/www.oasdi.ca\/wp-content\/uploads\/2020\/03\/oasdi-faq-1-500x93.jpg 500w, https:\/\/www.oasdi.ca\/wp-content\/uploads\/2020\/03\/oasdi-faq-1-120x22.jpg 120w\" sizes=\"(max-width: 1440px) 100vw, 1440px\" title=\"oasdi-faq\" alt=\"OASDI FAQ\" \t\tclass=\"so-widget-image\"\/>\n\t<\/div>\n\n<\/div><\/div><\/div><\/div><\/div><div id=\"pg-18968-1\"  class=\"panel-grid panel-has-style\" ><div class=\"has-container panel-row-style panel-row-style-for-18968-1\" ><div id=\"pgc-18968-1-0\"  class=\"panel-grid-cell\" ><div id=\"panel-18968-1-0-0\" class=\"so-panel widget widget_hem-seo-title-widget panel-first-child panel-last-child\" data-index=\"1\" ><div class=\"panel-widget-style panel-widget-style-for-18968-1-0-0\" ><div\n\t\t\t\n\t\t\tclass=\"so-widget-hem-seo-title-widget so-widget-hem-seo-title-widget-hem-seo-title-widget-style-d75171398898-18968\"\n\t\t\t\n\t\t>\n<h1 style=\"font-size:px;\">La vie rurale, suburbaine et urbaine en Ontario<\/h1>\n\n\n\n\t<!-- <div class=\"breadcrumb-trail\"><a href=\"index.php\">Home<\/a> \u00bb <span class=\"breadcrumb-current\">About<\/span><\/div> -->\n\t<div class=\"test1\"><span><span><a href=\"https:\/\/www.oasdi.ca\/fr\/\">Accueil<\/a><\/span><\/span><\/div>\n<\/div><\/div><\/div><\/div><\/div><\/div><div id=\"pg-18968-2\"  class=\"panel-grid panel-has-style\" ><div class=\"has-container panel-row-style panel-row-style-for-18968-2\" ><div id=\"pgc-18968-2-0\"  class=\"panel-grid-cell\" ><div id=\"panel-18968-2-0-0\" class=\"so-panel widget widget_hem-sidebar-menu-widget panel-first-child\" data-index=\"2\" ><div\n\t\t\t\n\t\t\tclass=\"so-widget-hem-sidebar-menu-widget so-widget-hem-sidebar-menu-widget-hem-sidebar-menu-widget-style-d75171398898-18968\"\n\t\t\t\n\t\t><div id=\"sidebar\">\n\t\t\t<ul id=\"side-menu\" class=\"side-menu menu-embedded\">\n\t\t\t\n\t\t\t\t\t\t\t\t\n\t\t\t\t\t\t\t\t\t\t\t<li><a href=\"https:\/\/www.oasdi.ca\/fr\/vivre-en-ontario\/faq\/\">FAQ sur la vie en Ontario pour les \u00e9tudiants \u00e9trangers<\/a><\/li>\n\t\t\t\t\t\t\t\t\t\t\t\t\t\n\t\t\t\t\t\t\t\t\t\t\t<li><a href=\"https:\/\/www.oasdi.ca\/fr\/vivre-en-ontario\/meteo-et-saisons\/\">Le climat et les saisons en Ontario<\/a><\/li>\n\t\t\t\t\t\t\t\t\t\t\t\t\t\n\t\t\t\t\t\t\t\t\t\t\t<li><a href=\"https:\/\/www.oasdi.ca\/fr\/vivre-en-ontario\/attractions\/\">Les merveilles naturelles et les principaux attraits de l'Ontario<\/a><\/li>\n\t\t\t\t\t\t\t\t\t\t\t\t\t\n\t\t\t\t\t\t\t\t\t\t\t<li><a href=\"https:\/\/www.oasdi.ca\/fr\/vivre-en-ontario\/decouvrir\/\">\u00c0 la d\u00e9couverte de l'Ontario<\/a><\/li>\n\t\t\t\t\t\t\t\t\t\t\t\t\t\n\t\t\t\t\t\t\t\t\t\t\t<li><a href=\"https:\/\/www.oasdi.ca\/fr\/vivre-en-ontario\/se-deplacer\/\">Se d\u00e9placer en Ontario<\/a><\/li>\n\t\t\t\t\t\t\t\t\t\t\t\t\t\n\t\t\t\t\t\t\t\t\t\t\t<li><a href=\"https:\/\/www.oasdi.ca\/fr\/vivre-en-ontario\/culture-canadienne\/\">Culture canadienne<\/a><\/li>\n\t\t\t\t\t\t\t\t\t\t\t\t\t\n\t\t\t\t\t\t\t\t\t\t\t<li><a class=\"active\" href=\"https:\/\/www.oasdi.ca\/fr\/vivre-en-ontario\/vie-en-milieu-rural\/\">La vie rurale, suburbaine et urbaine en Ontario<\/a><\/li>\n\t\t\t\t\t\t\t\t\t\t\t\t\t\n\t\t\t\t\t\t\t\t\t\t\t<li><a href=\"https:\/\/www.oasdi.ca\/fr\/vivre-en-ontario\/services-hebergement-en-famille-accueil\/\">Services d'h\u00e9bergement en famille d'accueil pour les \u00e9tudiants \u00e9trangers en Ontario<\/a><\/li>\n\t\t\t\t\t\t\t\t\t\t\n\n\t\t\t\t<!-- Extra menu -->\n\t\t\t\t\n\n\n\t\t\t\t\t<\/ul>\n\t\n\n<\/div><\/div><\/div><div id=\"panel-18968-2-0-1\" class=\"so-panel widget widget_hem-sidebar-link-widget panel-last-child\" data-index=\"3\" ><div\n\t\t\t\n\t\t\tclass=\"so-widget-hem-sidebar-link-widget so-widget-hem-sidebar-link-widget-hem-sidebar-link-widget-style-d75171398898-18968\"\n\t\t\t\n\t\t><div id=\"sidebar\" class=\"external-link-only\">\n\n\n\n\t\t\t\t<!-- Extra menu -->\n\t\t\t\t\t\t\t\t\t<ul id=\"side-menu\" class=\"side-menu menu-embedded\">\n\t\t\t\t\t\t\t\t\t\t\t\t\t\t\t\t\t\t\t\t\t<li><a  href=\"https:\/\/www.oasdi.ca\/map-search\/\">Map Overview<\/a><\/li>\n\t\t\t\t\t\t\t\t\t\t\t\t\t\t\n\t\t\t\t\t\t\t\t\t\t\t\t\t\t\t\t\t\t\t\t\t<li><a  href=\"https:\/\/www.oasdi.ca\/district-list\/\">District List<\/a><\/li>\n\t\t\t\t\t\t\t\t\t\t\t\t\t\t\n\t\t\t\t\t\t\t\n\t\t\t\t\t<\/ul>\n\t\t\t\t\n\t\t\t\t\n\n\n\n\n<\/div><\/div><\/div><\/div><div id=\"pgc-18968-2-1\"  class=\"panel-grid-cell\" ><div class=\"pl-sm-3 pl-md-5 panel-cell-style panel-cell-style-for-18968-2-1\" ><div id=\"panel-18968-2-1-0\" class=\"so-panel widget widget_sow-editor panel-first-child panel-last-child\" data-index=\"4\" ><div\n\t\t\t\n\t\t\tclass=\"so-widget-sow-editor so-widget-sow-editor-base\"\n\t\t\t\n\t\t>\n<div class=\"siteorigin-widget-tinymce textwidget\">\n\t<div id=\"secondary-right-inner\">\n<p>En superficie, l\u2019Ontario est une vaste province qui compte plusieurs types de paysages et de collectivit\u00e9s. Les \u00e9tudiants \u00e9trangers peuvent choisir de vivre \u00e0 la campagne, dans une petite ville, une grande ville ou une banlieue aux limites d\u2019une grande agglom\u00e9ration urbaine ou au centre d\u2019une grande ville. Veuillez consulter la\u00a0<a href=\"\/fr\/recherche-sur-la-carte\/\">carte g\u00e9ographique interactive<\/a>\u00a0 pour voir l\u2019emplacement de conseils scolaires particuliers afin de d\u00e9terminer les types de collectivit\u00e9s qu\u2019ils comprennent.<\/p>\n<p>Il est important de d\u00e9terminer dans quel type de collectivit\u00e9 vous d\u00e9sirez habiter et bon nombre de conseils scolaires offrent le choix d\u2019habiter dans un centre urbain, une banlieue ou une r\u00e9gion rurale. D\u2019autres conseils scolaires offrent uniquement des collectivit\u00e9s urbaine, en banlieue ou rurale \u00e0 proximit\u00e9 d\u2019une \u00e9cole en particulier.<\/p>\n<h3><strong>Collectivit\u00e9 rurale<\/strong><\/h3>\n<p>Dans une famille d\u2019accueil situ\u00e9e \u00e0 la campagne, l\u2019\u00e9l\u00e8ve est en \u00e9troite proximit\u00e9 avec la nature. \u00a0Les r\u00e9gions rurales ont tendance \u00e0 afficher un rythme de vie moins tr\u00e9pidant ainsi qu\u2019un solide sens de la \u00ab communaut\u00e9 \u00bb o\u00f9 tous se connaissent. \u00a0Il y r\u00e8gne une sensation d\u2019espace et on y respire de l\u2019air pur en plus de profiter de la tranquillit\u00e9 et de la solitude. Les familles d\u2019accueil en milieu rural offrent de nombreux styles de vie, de la vie sur la ferme \u00e0 la vie dans une ancienne demeure situ\u00e9e dans un village. \u00a0Bien que les \u00e9coles situ\u00e9es en milieu rural aient tendance \u00e0 accueillir un nombre moins grand d\u2019\u00e9tudiants que les \u00e9coles des banlieues et des villes, les normes d\u2019\u00e9ducation sont similaires \u00e0 celles des r\u00e9gions plus peupl\u00e9es. Il se peut toutefois que la famille d\u2019accueil ne se trouve pas dans le voisinage imm\u00e9diat de l\u2019\u00e9cole qui sera moins susceptible d\u2019\u00eatre \u00e0 distance de marche de la maison, mais le transport en autobus dans les \u00ab traditionnels \u00bb autobus jaunes est chose courante.<\/p>\n<h3><strong>Collectivit\u00e9s de banlieue<\/strong><\/h3>\n<p>L\u2019h\u00e9bergement dans une famille d\u2019accueil situ\u00e9e en banlieue fait g\u00e9n\u00e9ralement en sorte que l\u2019\u00e9l\u00e8ve se retrouve \u00e0 proximit\u00e9 de la nature, la collectivit\u00e9 comptant bon nombre de parcs. Bien que le rythme de vie en banlieue soit mod\u00e9r\u00e9, de grands centres commerciaux se trouvent g\u00e9n\u00e9ralement \u00e0 proximit\u00e9. Les \u00e9coles de banlieue ont tendance \u00e0 accueillir des populations d\u2019\u00e9tudiants de taille moyenne \u00e0 large, allant de 400 \u00e0 1 600 \u00e9tudiants, en fonction de l\u2019endroit. Il arrive que les \u00e9tudiants puissent se rendre \u00e0 l\u2019\u00e9cole \u00e0 pied; autrement ils font le trajet aller-retour \u00e0 bord d\u2019un autobus scolaire d\u00e9sign\u00e9 ou empruntent le transport en commun. Bon nombre d\u2019\u00e9tudiants h\u00e9berg\u00e9s par des familles d\u2019accueil de banlieue habitent dans une maison unifamiliale.<\/p>\n<h3><strong>Collectivit\u00e9 urbaine<\/strong><\/h3>\n<p>Les zones urbaines sont plus dens\u00e9ment peupl\u00e9es et comportent des diff\u00e9rences par rapport aux familles d\u2019accueil situ\u00e9es en zones rurales ou dans les banlieues. Dans la plupart des cas, le rythme de vie y est plus rapide et un plus grand nombre de commodit\u00e9s d\u2019une grande ville sont accessibles, y compris un vaste \u00e9ventail d\u2019installations culturelles et sportives se trouvant \u00e0 proximit\u00e9 imm\u00e9diate. L\u2019h\u00e9bergement de l\u2019\u00e9tudiant peut aller de la maison unifamiliale \u00e0 la tour d\u2019habitation. Les \u00e9coles en milieu urbain ont tendance \u00e0 accueillir une large population d\u2019\u00e9tudiants et peuvent compter jusqu\u2019\u00e0 2 000 \u00e9tudiants. L\u2019\u00e9cole se trouve souvent \u00e0 distance de marche, sinon les \u00e9l\u00e8ves empruntent le transport en commun.<\/p>\n<\/div>\n<\/div>\n<\/div><\/div><\/div><\/div><\/div><\/div><\/div>","protected":false},"excerpt":{"rendered":"La vie rurale, suburbaine et urbaine en Ontario Accueil FAQ sur la vie en Ontario pour les \u00e9tudiants \u00e9trangers Le climat et les saisons en Ontario Les merveilles naturelles et les principaux attraits de l&#8217;Ontario \u00c0 la d\u00e9couverte de l&#8217;Ontario Se d\u00e9placer en Ontario Culture canadienne La vie rurale, suburbaine et urbaine en Ontario Services&#8230; <a class=\"view-article\" href=\"https:\/\/www.oasdi.ca\/fr\/vivre-en-ontario\/vie-en-milieu-rural\/\">View Article<\/a>","protected":false},"author":237,"featured_media":16758,"parent":18286,"menu_order":0,"comment_status":"closed","ping_status":"closed","template":"","meta":{"footnotes":""},"class_list":["post-18968","page","type-page","status-publish","has-post-thumbnail","hentry"],"yoast_head":"<!-- This site is optimized with the Yoast SEO plugin v21.5 - https:\/\/yoast.com\/wordpress\/plugins\/seo\/ -->\n<title>Vie rurale, suburbaine et urbaine | \u00c9tudier en Ontario<\/title>\n<meta name=\"description\" content=\"L&#039;Ontario est une province qui abrite une grande vari\u00e9t\u00e9 de communaut\u00e9s. Pour en savoir plus, cliquez ici.\" \/>\n<meta name=\"robots\" content=\"index, follow, max-snippet:-1, max-image-preview:large, max-video-preview:-1\" \/>\n<link rel=\"canonical\" href=\"https:\/\/www.oasdi.ca\/fr\/vivre-en-ontario\/vie-en-milieu-rural\/\" \/>\n<meta property=\"og:locale\" content=\"fr_FR\" \/>\n<meta property=\"og:type\" content=\"article\" \/>\n<meta property=\"og:title\" content=\"Vie rurale, suburbaine et urbaine | \u00c9tudier en Ontario\" \/>\n<meta property=\"og:description\" content=\"L&#039;Ontario est une province qui abrite une grande vari\u00e9t\u00e9 de communaut\u00e9s. Pour en savoir plus, cliquez ici.\" \/>\n<meta property=\"og:url\" content=\"https:\/\/www.oasdi.ca\/fr\/vivre-en-ontario\/vie-en-milieu-rural\/\" \/>\n<meta property=\"og:site_name\" content=\"OASDI\" \/>\n<meta property=\"article:modified_time\" content=\"2020-04-30T22:12:24+00:00\" \/>\n<meta property=\"og:image\" content=\"https:\/\/www.oasdi.ca\/wp-content\/uploads\/2020\/03\/oasdi-faq-1.jpg\" \/>\n\t<meta property=\"og:image:width\" content=\"1440\" \/>\n\t<meta property=\"og:image:height\" content=\"268\" \/>\n\t<meta property=\"og:image:type\" content=\"image\/jpeg\" \/>\n<meta name=\"twitter:card\" content=\"summary_large_image\" \/>\n<meta name=\"twitter:label1\" content=\"Dur\u00e9e de lecture estim\u00e9e\" \/>\n\t<meta name=\"twitter:data1\" content=\"3 minutes\" \/>\n<script type=\"application\/ld+json\" class=\"yoast-schema-graph\">{\"@context\":\"https:\/\/schema.org\",\"@graph\":[{\"@type\":\"WebPage\",\"@id\":\"https:\/\/www.oasdi.ca\/fr\/vivre-en-ontario\/vie-en-milieu-rural\/\",\"url\":\"https:\/\/www.oasdi.ca\/fr\/vivre-en-ontario\/vie-en-milieu-rural\/\",\"name\":\"Vie rurale, suburbaine et urbaine | \u00c9tudier en Ontario\",\"isPartOf\":{\"@id\":\"https:\/\/www.oasdi.ca\/fr\/#website\"},\"datePublished\":\"2020-03-22T02:49:02+00:00\",\"dateModified\":\"2020-04-30T22:12:24+00:00\",\"description\":\"L'Ontario est une province qui abrite une grande vari\u00e9t\u00e9 de communaut\u00e9s. Pour en savoir plus, cliquez ici.\",\"breadcrumb\":{\"@id\":\"https:\/\/www.oasdi.ca\/fr\/vivre-en-ontario\/vie-en-milieu-rural\/#breadcrumb\"},\"inLanguage\":\"fr-FR\",\"potentialAction\":[{\"@type\":\"ReadAction\",\"target\":[\"https:\/\/www.oasdi.ca\/fr\/vivre-en-ontario\/vie-en-milieu-rural\/\"]}]},{\"@type\":\"BreadcrumbList\",\"@id\":\"https:\/\/www.oasdi.ca\/fr\/vivre-en-ontario\/vie-en-milieu-rural\/#breadcrumb\",\"itemListElement\":[{\"@type\":\"ListItem\",\"position\":1,\"name\":\"Accueil\",\"item\":\"https:\/\/www.oasdi.ca\/fr\/\"},{\"@type\":\"ListItem\",\"position\":2,\"name\":\"Vivre en Ontario en tant qu&#8217;\u00e9tudiant \u00e9tranger\",\"item\":\"https:\/\/www.oasdi.ca\/fr\/vivre-en-ontario\/\"},{\"@type\":\"ListItem\",\"position\":3,\"name\":\"La vie rurale, suburbaine et urbaine en Ontario\"}]},{\"@type\":\"WebSite\",\"@id\":\"https:\/\/www.oasdi.ca\/fr\/#website\",\"url\":\"https:\/\/www.oasdi.ca\/fr\/\",\"name\":\"OASDI\",\"description\":\"Ontario Association of School District International\",\"publisher\":{\"@id\":\"https:\/\/www.oasdi.ca\/fr\/#organization\"},\"potentialAction\":[{\"@type\":\"SearchAction\",\"target\":{\"@type\":\"EntryPoint\",\"urlTemplate\":\"https:\/\/www.oasdi.ca\/fr\/?s={search_term_string}\"},\"query-input\":\"required name=search_term_string\"}],\"inLanguage\":\"fr-FR\"},{\"@type\":\"Organization\",\"@id\":\"https:\/\/www.oasdi.ca\/fr\/#organization\",\"name\":\"OASDI\",\"url\":\"https:\/\/www.oasdi.ca\/fr\/\",\"logo\":{\"@type\":\"ImageObject\",\"inLanguage\":\"fr-FR\",\"@id\":\"https:\/\/www.oasdi.ca\/fr\/#\/schema\/logo\/image\/\",\"url\":\"https:\/\/www.oasdi.ca\/wp-content\/uploads\/2020\/02\/cropped-oasdi-logo.png\",\"contentUrl\":\"https:\/\/www.oasdi.ca\/wp-content\/uploads\/2020\/02\/cropped-oasdi-logo.png\",\"width\":468,\"height\":96,\"caption\":\"OASDI\"},\"image\":{\"@id\":\"https:\/\/www.oasdi.ca\/fr\/#\/schema\/logo\/image\/\"}}]}<\/script>\n<!-- \/ Yoast SEO plugin. -->","yoast_head_json":{"title":"Vie rurale, suburbaine et urbaine | \u00c9tudier en Ontario","description":"L'Ontario est une province qui abrite une grande vari\u00e9t\u00e9 de communaut\u00e9s. Pour en savoir plus, cliquez ici.","robots":{"index":"index","follow":"follow","max-snippet":"max-snippet:-1","max-image-preview":"max-image-preview:large","max-video-preview":"max-video-preview:-1"},"canonical":"https:\/\/www.oasdi.ca\/fr\/vivre-en-ontario\/vie-en-milieu-rural\/","og_locale":"fr_FR","og_type":"article","og_title":"Vie rurale, suburbaine et urbaine | \u00c9tudier en Ontario","og_description":"L'Ontario est une province qui abrite une grande vari\u00e9t\u00e9 de communaut\u00e9s. Pour en savoir plus, cliquez ici.","og_url":"https:\/\/www.oasdi.ca\/fr\/vivre-en-ontario\/vie-en-milieu-rural\/","og_site_name":"OASDI","article_modified_time":"2020-04-30T22:12:24+00:00","og_image":[{"width":1440,"height":268,"url":"https:\/\/www.oasdi.ca\/wp-content\/uploads\/2020\/03\/oasdi-faq-1.jpg","type":"image\/jpeg"}],"twitter_card":"summary_large_image","twitter_misc":{"Dur\u00e9e de lecture estim\u00e9e":"3 minutes"},"schema":{"@context":"https:\/\/schema.org","@graph":[{"@type":"WebPage","@id":"https:\/\/www.oasdi.ca\/fr\/vivre-en-ontario\/vie-en-milieu-rural\/","url":"https:\/\/www.oasdi.ca\/fr\/vivre-en-ontario\/vie-en-milieu-rural\/","name":"Vie rurale, suburbaine et urbaine | \u00c9tudier en Ontario","isPartOf":{"@id":"https:\/\/www.oasdi.ca\/fr\/#website"},"datePublished":"2020-03-22T02:49:02+00:00","dateModified":"2020-04-30T22:12:24+00:00","description":"L'Ontario est une province qui abrite une grande vari\u00e9t\u00e9 de communaut\u00e9s. Pour en savoir plus, cliquez ici.","breadcrumb":{"@id":"https:\/\/www.oasdi.ca\/fr\/vivre-en-ontario\/vie-en-milieu-rural\/#breadcrumb"},"inLanguage":"fr-FR","potentialAction":[{"@type":"ReadAction","target":["https:\/\/www.oasdi.ca\/fr\/vivre-en-ontario\/vie-en-milieu-rural\/"]}]},{"@type":"BreadcrumbList","@id":"https:\/\/www.oasdi.ca\/fr\/vivre-en-ontario\/vie-en-milieu-rural\/#breadcrumb","itemListElement":[{"@type":"ListItem","position":1,"name":"Accueil","item":"https:\/\/www.oasdi.ca\/fr\/"},{"@type":"ListItem","position":2,"name":"Vivre en Ontario en tant qu&#8217;\u00e9tudiant \u00e9tranger","item":"https:\/\/www.oasdi.ca\/fr\/vivre-en-ontario\/"},{"@type":"ListItem","position":3,"name":"La vie rurale, suburbaine et urbaine en Ontario"}]},{"@type":"WebSite","@id":"https:\/\/www.oasdi.ca\/fr\/#website","url":"https:\/\/www.oasdi.ca\/fr\/","name":"OASDI","description":"Ontario Association of School District International","publisher":{"@id":"https:\/\/www.oasdi.ca\/fr\/#organization"},"potentialAction":[{"@type":"SearchAction","target":{"@type":"EntryPoint","urlTemplate":"https:\/\/www.oasdi.ca\/fr\/?s={search_term_string}"},"query-input":"required name=search_term_string"}],"inLanguage":"fr-FR"},{"@type":"Organization","@id":"https:\/\/www.oasdi.ca\/fr\/#organization","name":"OASDI","url":"https:\/\/www.oasdi.ca\/fr\/","logo":{"@type":"ImageObject","inLanguage":"fr-FR","@id":"https:\/\/www.oasdi.ca\/fr\/#\/schema\/logo\/image\/","url":"https:\/\/www.oasdi.ca\/wp-content\/uploads\/2020\/02\/cropped-oasdi-logo.png","contentUrl":"https:\/\/www.oasdi.ca\/wp-content\/uploads\/2020\/02\/cropped-oasdi-logo.png","width":468,"height":96,"caption":"OASDI"},"image":{"@id":"https:\/\/www.oasdi.ca\/fr\/#\/schema\/logo\/image\/"}}]}},"_links":{"self":[{"href":"https:\/\/www.oasdi.ca\/fr\/wp-json\/wp\/v2\/pages\/18968"}],"collection":[{"href":"https:\/\/www.oasdi.ca\/fr\/wp-json\/wp\/v2\/pages"}],"about":[{"href":"https:\/\/www.oasdi.ca\/fr\/wp-json\/wp\/v2\/types\/page"}],"author":[{"embeddable":true,"href":"https:\/\/www.oasdi.ca\/fr\/wp-json\/wp\/v2\/users\/237"}],"replies":[{"embeddable":true,"href":"https:\/\/www.oasdi.ca\/fr\/wp-json\/wp\/v2\/comments?post=18968"}],"version-history":[{"count":0,"href":"https:\/\/www.oasdi.ca\/fr\/wp-json\/wp\/v2\/pages\/18968\/revisions"}],"up":[{"embeddable":true,"href":"https:\/\/www.oasdi.ca\/fr\/wp-json\/wp\/v2\/pages\/18286"}],"wp:featuredmedia":[{"embeddable":true,"href":"https:\/\/www.oasdi.ca\/fr\/wp-json\/wp\/v2\/media\/16758"}],"wp:attachment":[{"href":"https:\/\/www.oasdi.ca\/fr\/wp-json\/wp\/v2\/media?parent=18968"}],"curies":[{"name":"wp","href":"https:\/\/api.w.org\/{rel}","templated":true}]}}