{"id":18921,"date":"2020-03-22T15:52:12","date_gmt":"2020-03-22T15:52:12","guid":{"rendered":"http:\/\/oasdi.ca\/vivre-en-ontario\/culture-canadienne\/teen\/"},"modified":"2020-04-19T18:59:31","modified_gmt":"2020-04-19T18:59:31","slug":"adolescent","status":"publish","type":"page","link":"https:\/\/www.oasdi.ca\/fr\/vivre-en-ontario\/culture-canadienne\/adolescent\/","title":{"rendered":"Culture des adolescents en Ontario"},"content":{"rendered":"<div id=\"pl-18921\"  class=\"panel-layout\" ><div id=\"pg-18921-0\"  class=\"panel-grid panel-no-style\" ><div id=\"pgc-18921-0-0\"  class=\"panel-grid-cell\" ><div id=\"panel-18921-0-0-0\" class=\"so-panel widget widget_sow-image panel-first-child panel-last-child\" data-index=\"0\" ><div class=\"is-featured-img panel-widget-style panel-widget-style-for-18921-0-0-0\" ><div\n\t\t\t\n\t\t\tclass=\"so-widget-sow-image so-widget-sow-image-default-c4f6304fc136-18921\"\n\t\t\t\n\t\t>\n\n<div class=\"sow-image-container\">\n\t\t<img loading=\"lazy\" decoding=\"async\" src=\"https:\/\/www.oasdi.ca\/wp-content\/uploads\/2020\/03\/onatrio-canada.jpg\" width=\"1440\" height=\"268\" srcset=\"https:\/\/www.oasdi.ca\/wp-content\/uploads\/2020\/03\/onatrio-canada.jpg 1440w, https:\/\/www.oasdi.ca\/wp-content\/uploads\/2020\/03\/onatrio-canada-250x47.jpg 250w, https:\/\/www.oasdi.ca\/wp-content\/uploads\/2020\/03\/onatrio-canada-700x130.jpg 700w, https:\/\/www.oasdi.ca\/wp-content\/uploads\/2020\/03\/onatrio-canada-768x143.jpg 768w, https:\/\/www.oasdi.ca\/wp-content\/uploads\/2020\/03\/onatrio-canada-500x93.jpg 500w, https:\/\/www.oasdi.ca\/wp-content\/uploads\/2020\/03\/onatrio-canada-120x22.jpg 120w\" sizes=\"(max-width: 1440px) 100vw, 1440px\" title=\"onatrio canada\" alt=\"\" \t\tclass=\"so-widget-image\"\/>\n\t<\/div>\n\n<\/div><\/div><\/div><\/div><\/div><div id=\"pg-18921-1\"  class=\"panel-grid panel-has-style\" ><div class=\"has-container panel-row-style panel-row-style-for-18921-1\" ><div id=\"pgc-18921-1-0\"  class=\"panel-grid-cell\" ><div id=\"panel-18921-1-0-0\" class=\"so-panel widget widget_hem-seo-title-widget panel-first-child panel-last-child\" data-index=\"1\" ><div class=\"panel-widget-style panel-widget-style-for-18921-1-0-0\" ><div\n\t\t\t\n\t\t\tclass=\"so-widget-hem-seo-title-widget so-widget-hem-seo-title-widget-hem-seo-title-widget-style-d75171398898-18921\"\n\t\t\t\n\t\t>\n<h1 style=\"font-size:px;\">Culture des adolescents en Ontario<\/h1>\n\n\n\n\t<!-- <div class=\"breadcrumb-trail\"><a href=\"index.php\">Home<\/a> \u00bb <span class=\"breadcrumb-current\">About<\/span><\/div> -->\n\t<div class=\"test1\"><span><span><a href=\"https:\/\/www.oasdi.ca\/fr\/\">Accueil<\/a><\/span><\/span><\/div>\n<\/div><\/div><\/div><\/div><\/div><\/div><div id=\"pg-18921-2\"  class=\"panel-grid panel-has-style\" ><div class=\"has-container panel-row-style panel-row-style-for-18921-2\" ><div id=\"pgc-18921-2-0\"  class=\"panel-grid-cell\" ><div id=\"panel-18921-2-0-0\" class=\"so-panel widget widget_hem-sidebar-menu-widget panel-first-child\" data-index=\"2\" ><div\n\t\t\t\n\t\t\tclass=\"so-widget-hem-sidebar-menu-widget so-widget-hem-sidebar-menu-widget-hem-sidebar-menu-widget-style-d75171398898-18921\"\n\t\t\t\n\t\t><div id=\"sidebar\">\n\t\t\t<ul id=\"side-menu\" class=\"side-menu menu-embedded\">\n\t\t\t\n\t\t\t\t\t\t\t\t\n\t\t\t\t\t\t\t\t\t\t\t<li><a class=\"active\" href=\"https:\/\/www.oasdi.ca\/fr\/vivre-en-ontario\/culture-canadienne\/adolescent\/\">Culture des adolescents en Ontario<\/a><\/li>\n\t\t\t\t\t\t\t\t\t\t\t\t\t\n\t\t\t\t\t\t\t\t\t\t\t<li><a href=\"https:\/\/www.oasdi.ca\/fr\/vivre-en-ontario\/culture-canadienne\/autochtones\/\">Culture autochtone en Ontario<\/a><\/li>\n\t\t\t\t\t\t\t\t\t\t\t\t\t\n\t\t\t\t\t\t\t\t\t\t\t<li><a href=\"https:\/\/www.oasdi.ca\/fr\/vivre-en-ontario\/culture-canadienne\/locale\/\">Culture locale en Ontario<\/a><\/li>\n\t\t\t\t\t\t\t\t\t\t\t\t\t\n\t\t\t\t\t\t\t\t\t\t\t<li><a href=\"https:\/\/www.oasdi.ca\/fr\/vivre-en-ontario\/culture-canadienne\/francophone\/\">La culture francophone en Ontario<\/a><\/li>\n\t\t\t\t\t\t\t\t\t\t\n\n\t\t\t\t<!-- Extra menu -->\n\t\t\t\t\n\n\n\t\t\t\t\t<\/ul>\n\t\n\n<\/div><\/div><\/div><div id=\"panel-18921-2-0-1\" class=\"so-panel widget widget_hem-sidebar-link-widget panel-last-child\" data-index=\"3\" ><div\n\t\t\t\n\t\t\tclass=\"so-widget-hem-sidebar-link-widget so-widget-hem-sidebar-link-widget-hem-sidebar-link-widget-style-d75171398898-18921\"\n\t\t\t\n\t\t><div id=\"sidebar\" class=\"external-link-only\">\n\n\n\n\t\t\t\t<!-- Extra menu -->\n\t\t\t\t\t\t\t\t\t<ul id=\"side-menu\" class=\"side-menu menu-embedded\">\n\t\t\t\t\t\t\t\t\t\t\t\t\t\t\t\t\t\t\t\t\t<li><a  href=\"https:\/\/www.oasdi.ca\/map-search\/\">Map Overview<\/a><\/li>\n\t\t\t\t\t\t\t\t\t\t\t\t\t\t\n\t\t\t\t\t\t\t\t\t\t\t\t\t\t\t\t\t\t\t\t\t<li><a  href=\"https:\/\/www.oasdi.ca\/district-list\/\">District List<\/a><\/li>\n\t\t\t\t\t\t\t\t\t\t\t\t\t\t\n\t\t\t\t\t\t\t\n\t\t\t\t\t<\/ul>\n\t\t\t\t\n\t\t\t\t\n\n\n\n\n<\/div><\/div><\/div><\/div><div id=\"pgc-18921-2-1\"  class=\"panel-grid-cell\" ><div class=\"pl-sm-3 pl-md-5 panel-cell-style panel-cell-style-for-18921-2-1\" ><div id=\"panel-18921-2-1-0\" class=\"so-panel widget widget_sow-editor panel-first-child panel-last-child\" data-index=\"4\" ><div\n\t\t\t\n\t\t\tclass=\"so-widget-sow-editor so-widget-sow-editor-base\"\n\t\t\t\n\t\t>\n<div class=\"siteorigin-widget-tinymce textwidget\">\n\t<p>Les adolescents canadiens ont tendance \u00e0 \u00eatre tr\u00e8s occup\u00e9s et impliqu\u00e9s dans leur \u00e9cole, \u00e0 occuper un travail \u00e0 temps partiel, \u00e0 participer \u00e0 des activit\u00e9s sportives et culturelles organis\u00e9es et, bien entendu, \u00e0 socialiser avec leurs pairs.<\/p>\n<h3><strong>Famille et amis<\/strong><\/h3>\n<p>Au Canada, les adolescents participent \u00e0 la vie de famille et la vaste majorit\u00e9 d\u2019entre eux habitent avec leurs parents. On s\u2019attend \u00e0 ce que les adolescents canadiens participent aux t\u00e2ches m\u00e9nag\u00e8res, du lavage de la vaisselle \u00e0 la sortie des ordures m\u00e9nag\u00e8res, ou encore du pelletage de la neige en hiver jusqu\u2019\u00e0 la tonte de la pelouse le reste de l\u2019ann\u00e9e. Les familles imposent diff\u00e9rentes r\u00e8gles \u00e0 l\u2019\u00e9gard des libert\u00e9s et de l\u2019heure de rentr\u00e9e \u00e0 la maison le soir, mais la plupart des adolescents canadiens jouissent de libert\u00e9s consid\u00e9rables le temps venu de d\u00e9cider quoi faire de leur temps libre, ce qui inclut souvent les rencontres avec leurs pairs. \u00a0Les adolescents se r\u00e9uniront souvent \u00e0 la maison d\u2019un ami pour jouer \u00e0 des jeux vid\u00e9o, regarder la t\u00e9l\u00e9vision ou manger un repas ensemble. Ils se retrouvent aussi souvent dans les centres commerciaux, au cin\u00e9ma ou lors des \u00e9v\u00e9nements scolaires en groupe.<\/p>\n<h3><strong>L\u2019\u00e9cole et le travail \u00e0 temps partiel<\/strong><\/h3>\n<p>Obtenir une bonne \u00e9ducation est important pour la plupart des adolescents, et la vaste majorit\u00e9 obtiennent un dipl\u00f4me d\u2019\u00e9tudes secondaires et entendent poursuivre leurs \u00e9tudes au niveau postsecondaire. Les adolescents passent la majorit\u00e9 de leur temps \u00e0 l\u2019\u00e9cole, qui d\u00e9bute aux environs de 9 h pour se terminer \u00e0 15 h tous les jours de la semaine de l\u2019ann\u00e9e acad\u00e9mique. Des devoirs leur sont aussi couramment assign\u00e9s et l\u2019on s\u2019attend \u00e0 ce que l\u2019\u00e9tudiant moyen du secondaire \u00e9tudie d\u2019une \u00e0 deux heures par jour d\u2019\u00e9cole. Que ce soit par l\u2019entremise de leur \u00e9cole ou de la collectivit\u00e9, les \u00e9l\u00e8ves font souvent partie d\u2019\u00e9quipes de sports ou s\u2019adonnent par eux-m\u00eames \u00e0 des sports comme le hockey sur glace, le soccer ou le tennis; ces activit\u00e9s exigent un s\u00e9rieux engagement personnel et beaucoup de temps. Il en va de m\u00eame des adolescents manifestant un int\u00e9r\u00eat \u00e0 l\u2019\u00e9gard de la musique, du th\u00e9\u00e2tre ou de la danse. Bon nombre d\u2019entre eux esp\u00e8rent atteindre le niveau de la comp\u00e9tition, ce qui exige un engagement encore plus intense de leur part; souvent, l\u2019adolescent s\u2019adonne \u00e0 plus d\u2019un sport ou d\u2019une activit\u00e9 culturelle \u00e0 un niveau \u00e9lev\u00e9 de performance. \u00a0\u00a0Outre les activit\u00e9s communautaires, pratiquement toutes les \u00e9coles secondaires canadiennes offrent un vaste choix d\u2019activit\u00e9s sportives et d\u2019activit\u00e9s parascolaires. \u00a0Ces \u00e9quipes, clubs et activit\u00e9s satisfont \u00e0 divers champs d\u2019int\u00e9r\u00eat et niveaux de capacit\u00e9s. \u00a0Tous les \u00e9tudiants ont l\u2019occasion d\u2019y participer.<\/p>\n<p>Le b\u00e9n\u00e9volat constitue un autre volet de la vie des adolescents. Comme dans plusieurs autres provinces canadiennes, la r\u00e9alisation d\u2019un nombre donn\u00e9 d\u2019heures de travail communautaire constitue une exigence pour l\u2019obtention du dipl\u00f4me. Bon nombre d\u2019adolescents choisissent d\u2019effectuer beaucoup plus d\u2019heures de b\u00e9n\u00e9volat que le minimum requis pour l\u2019obtention du dipl\u00f4me.<\/p>\n<p>Plusieurs occupent un travail \u00e0 temps partiel les fins de semaines et parfois m\u00eame apr\u00e8s les heures de cours pendant la semaine, tout particuli\u00e8rement dans les derni\u00e8res ann\u00e9es d\u2019\u00e9tudes du secondaire. Ce travail \u00e0 temps partiel est souvent effectu\u00e9 dans l\u2019industrie des services comme, par exemple, \u00e0 la pr\u00e9paration de la nourriture ou au travail dans un magasin de vente au d\u00e9tail, et est encourag\u00e9 par les parents comme un moyen pour les adolescents d\u2019acqu\u00e9rir des comp\u00e9tences d\u2019emploi et de g\u00e9n\u00e9rer un certain revenu. Bon nombre d\u2019\u00e9tudiants sont oblig\u00e9s de travailler afin d\u2019\u00e9conomiser en vue de leur \u00e9ducation postsecondaire, \u00e9tant donn\u00e9 que l\u2019\u00e9ducation coll\u00e9giale et universitaire n\u2019est pas gratuite au Canada.<\/p>\n<h4><strong>Vous avez besoin de plus d\u2019information au sujet de la vie des adolescents au Canada ?<\/strong><\/h4>\n<ul>\n<li><a href=\"http:\/\/www.statcan.gc.ca\/pub\/75-001-x\/10507\/9635-eng.htm\" target=\"_blank\" rel=\"noopener\">Gouvernement du Canada : La vie bien charg\u00e9e des adolescents (Statistique Canada)<\/a><\/li>\n<li><a href=\"http:\/\/www.canada.com\/health\/Canadian+teens+most+satisfied+with+life\/1735878\/story.html\" target=\"_blank\" rel=\"noopener\">Canadian Teens Most Satisfied with Life (en anglais seulement) [Adolescents canadiens tr\u00e8s satisfaits de leur vie]<\/a><\/li>\n<\/ul>\n<\/div>\n<\/div><\/div><\/div><\/div><\/div><\/div><\/div>","protected":false},"excerpt":{"rendered":"Culture des adolescents en Ontario Accueil Culture des adolescents en Ontario Culture autochtone en Ontario Culture locale en Ontario La culture francophone en Ontario Map Overview District List Les adolescents canadiens ont tendance \u00e0 \u00eatre tr\u00e8s occup\u00e9s et impliqu\u00e9s dans leur \u00e9cole, \u00e0 occuper un travail \u00e0 temps partiel, \u00e0 participer \u00e0 des activit\u00e9s sportives&#8230; <a class=\"view-article\" href=\"https:\/\/www.oasdi.ca\/fr\/vivre-en-ontario\/culture-canadienne\/adolescent\/\">View Article<\/a>","protected":false},"author":237,"featured_media":16990,"parent":18366,"menu_order":0,"comment_status":"closed","ping_status":"closed","template":"","meta":{"footnotes":""},"class_list":["post-18921","page","type-page","status-publish","has-post-thumbnail","hentry"],"yoast_head":"<!-- This site is optimized with the Yoast SEO plugin v21.5 - https:\/\/yoast.com\/wordpress\/plugins\/seo\/ -->\n<title>Culture des ados | \u00c9ducation internationale Ontario | AOCSI<\/title>\n<meta name=\"description\" content=\"Les adolescents canadiens ont tendance \u00e0 se tenir occup\u00e9s avec des activit\u00e9s scolaires, sociales, parascolaires et autres. Pour en savoir plus sur, cliquez ici.\" \/>\n<meta name=\"robots\" content=\"index, follow, max-snippet:-1, max-image-preview:large, max-video-preview:-1\" \/>\n<link rel=\"canonical\" href=\"https:\/\/www.oasdi.ca\/fr\/vivre-en-ontario\/culture-canadienne\/adolescent\/\" \/>\n<meta property=\"og:locale\" content=\"fr_FR\" \/>\n<meta property=\"og:type\" content=\"article\" \/>\n<meta property=\"og:title\" content=\"Culture des ados | \u00c9ducation internationale Ontario | AOCSI\" \/>\n<meta property=\"og:description\" content=\"Les adolescents canadiens ont tendance \u00e0 se tenir occup\u00e9s avec des activit\u00e9s scolaires, sociales, parascolaires et autres. Pour en savoir plus sur, cliquez ici.\" \/>\n<meta property=\"og:url\" content=\"https:\/\/www.oasdi.ca\/fr\/vivre-en-ontario\/culture-canadienne\/adolescent\/\" \/>\n<meta property=\"og:site_name\" content=\"OASDI\" \/>\n<meta property=\"article:modified_time\" content=\"2020-04-19T18:59:31+00:00\" \/>\n<meta property=\"og:image\" content=\"https:\/\/www.oasdi.ca\/wp-content\/uploads\/2020\/03\/onatrio-canada.jpg\" \/>\n\t<meta property=\"og:image:width\" content=\"1440\" \/>\n\t<meta property=\"og:image:height\" content=\"268\" \/>\n\t<meta property=\"og:image:type\" content=\"image\/jpeg\" \/>\n<meta name=\"twitter:card\" content=\"summary_large_image\" \/>\n<meta name=\"twitter:label1\" content=\"Dur\u00e9e de lecture estim\u00e9e\" \/>\n\t<meta name=\"twitter:data1\" content=\"4 minutes\" \/>\n<script type=\"application\/ld+json\" class=\"yoast-schema-graph\">{\"@context\":\"https:\/\/schema.org\",\"@graph\":[{\"@type\":\"WebPage\",\"@id\":\"https:\/\/www.oasdi.ca\/fr\/vivre-en-ontario\/culture-canadienne\/adolescent\/\",\"url\":\"https:\/\/www.oasdi.ca\/fr\/vivre-en-ontario\/culture-canadienne\/adolescent\/\",\"name\":\"Culture des ados | \u00c9ducation internationale Ontario | AOCSI\",\"isPartOf\":{\"@id\":\"https:\/\/www.oasdi.ca\/fr\/#website\"},\"datePublished\":\"2020-03-22T15:52:12+00:00\",\"dateModified\":\"2020-04-19T18:59:31+00:00\",\"description\":\"Les adolescents canadiens ont tendance \u00e0 se tenir occup\u00e9s avec des activit\u00e9s scolaires, sociales, parascolaires et autres. Pour en savoir plus sur, cliquez ici.\",\"breadcrumb\":{\"@id\":\"https:\/\/www.oasdi.ca\/fr\/vivre-en-ontario\/culture-canadienne\/adolescent\/#breadcrumb\"},\"inLanguage\":\"fr-FR\",\"potentialAction\":[{\"@type\":\"ReadAction\",\"target\":[\"https:\/\/www.oasdi.ca\/fr\/vivre-en-ontario\/culture-canadienne\/adolescent\/\"]}]},{\"@type\":\"BreadcrumbList\",\"@id\":\"https:\/\/www.oasdi.ca\/fr\/vivre-en-ontario\/culture-canadienne\/adolescent\/#breadcrumb\",\"itemListElement\":[{\"@type\":\"ListItem\",\"position\":1,\"name\":\"Accueil\",\"item\":\"https:\/\/www.oasdi.ca\/fr\/\"},{\"@type\":\"ListItem\",\"position\":2,\"name\":\"Vivre en Ontario en tant qu&#8217;\u00e9tudiant \u00e9tranger\",\"item\":\"https:\/\/www.oasdi.ca\/fr\/vivre-en-ontario\/\"},{\"@type\":\"ListItem\",\"position\":3,\"name\":\"Culture canadienne\",\"item\":\"https:\/\/www.oasdi.ca\/fr\/vivre-en-ontario\/culture-canadienne\/\"},{\"@type\":\"ListItem\",\"position\":4,\"name\":\"Culture des adolescents en Ontario\"}]},{\"@type\":\"WebSite\",\"@id\":\"https:\/\/www.oasdi.ca\/fr\/#website\",\"url\":\"https:\/\/www.oasdi.ca\/fr\/\",\"name\":\"OASDI\",\"description\":\"Ontario Association of School District International\",\"publisher\":{\"@id\":\"https:\/\/www.oasdi.ca\/fr\/#organization\"},\"potentialAction\":[{\"@type\":\"SearchAction\",\"target\":{\"@type\":\"EntryPoint\",\"urlTemplate\":\"https:\/\/www.oasdi.ca\/fr\/?s={search_term_string}\"},\"query-input\":\"required name=search_term_string\"}],\"inLanguage\":\"fr-FR\"},{\"@type\":\"Organization\",\"@id\":\"https:\/\/www.oasdi.ca\/fr\/#organization\",\"name\":\"OASDI\",\"url\":\"https:\/\/www.oasdi.ca\/fr\/\",\"logo\":{\"@type\":\"ImageObject\",\"inLanguage\":\"fr-FR\",\"@id\":\"https:\/\/www.oasdi.ca\/fr\/#\/schema\/logo\/image\/\",\"url\":\"https:\/\/www.oasdi.ca\/wp-content\/uploads\/2020\/02\/cropped-oasdi-logo.png\",\"contentUrl\":\"https:\/\/www.oasdi.ca\/wp-content\/uploads\/2020\/02\/cropped-oasdi-logo.png\",\"width\":468,\"height\":96,\"caption\":\"OASDI\"},\"image\":{\"@id\":\"https:\/\/www.oasdi.ca\/fr\/#\/schema\/logo\/image\/\"}}]}<\/script>\n<!-- \/ Yoast SEO plugin. -->","yoast_head_json":{"title":"Culture des ados | \u00c9ducation internationale Ontario | AOCSI","description":"Les adolescents canadiens ont tendance \u00e0 se tenir occup\u00e9s avec des activit\u00e9s scolaires, sociales, parascolaires et autres. Pour en savoir plus sur, cliquez ici.","robots":{"index":"index","follow":"follow","max-snippet":"max-snippet:-1","max-image-preview":"max-image-preview:large","max-video-preview":"max-video-preview:-1"},"canonical":"https:\/\/www.oasdi.ca\/fr\/vivre-en-ontario\/culture-canadienne\/adolescent\/","og_locale":"fr_FR","og_type":"article","og_title":"Culture des ados | \u00c9ducation internationale Ontario | AOCSI","og_description":"Les adolescents canadiens ont tendance \u00e0 se tenir occup\u00e9s avec des activit\u00e9s scolaires, sociales, parascolaires et autres. Pour en savoir plus sur, cliquez ici.","og_url":"https:\/\/www.oasdi.ca\/fr\/vivre-en-ontario\/culture-canadienne\/adolescent\/","og_site_name":"OASDI","article_modified_time":"2020-04-19T18:59:31+00:00","og_image":[{"width":1440,"height":268,"url":"https:\/\/www.oasdi.ca\/wp-content\/uploads\/2020\/03\/onatrio-canada.jpg","type":"image\/jpeg"}],"twitter_card":"summary_large_image","twitter_misc":{"Dur\u00e9e de lecture estim\u00e9e":"4 minutes"},"schema":{"@context":"https:\/\/schema.org","@graph":[{"@type":"WebPage","@id":"https:\/\/www.oasdi.ca\/fr\/vivre-en-ontario\/culture-canadienne\/adolescent\/","url":"https:\/\/www.oasdi.ca\/fr\/vivre-en-ontario\/culture-canadienne\/adolescent\/","name":"Culture des ados | \u00c9ducation internationale Ontario | AOCSI","isPartOf":{"@id":"https:\/\/www.oasdi.ca\/fr\/#website"},"datePublished":"2020-03-22T15:52:12+00:00","dateModified":"2020-04-19T18:59:31+00:00","description":"Les adolescents canadiens ont tendance \u00e0 se tenir occup\u00e9s avec des activit\u00e9s scolaires, sociales, parascolaires et autres. Pour en savoir plus sur, cliquez ici.","breadcrumb":{"@id":"https:\/\/www.oasdi.ca\/fr\/vivre-en-ontario\/culture-canadienne\/adolescent\/#breadcrumb"},"inLanguage":"fr-FR","potentialAction":[{"@type":"ReadAction","target":["https:\/\/www.oasdi.ca\/fr\/vivre-en-ontario\/culture-canadienne\/adolescent\/"]}]},{"@type":"BreadcrumbList","@id":"https:\/\/www.oasdi.ca\/fr\/vivre-en-ontario\/culture-canadienne\/adolescent\/#breadcrumb","itemListElement":[{"@type":"ListItem","position":1,"name":"Accueil","item":"https:\/\/www.oasdi.ca\/fr\/"},{"@type":"ListItem","position":2,"name":"Vivre en Ontario en tant qu&#8217;\u00e9tudiant \u00e9tranger","item":"https:\/\/www.oasdi.ca\/fr\/vivre-en-ontario\/"},{"@type":"ListItem","position":3,"name":"Culture canadienne","item":"https:\/\/www.oasdi.ca\/fr\/vivre-en-ontario\/culture-canadienne\/"},{"@type":"ListItem","position":4,"name":"Culture des adolescents en Ontario"}]},{"@type":"WebSite","@id":"https:\/\/www.oasdi.ca\/fr\/#website","url":"https:\/\/www.oasdi.ca\/fr\/","name":"OASDI","description":"Ontario Association of School District International","publisher":{"@id":"https:\/\/www.oasdi.ca\/fr\/#organization"},"potentialAction":[{"@type":"SearchAction","target":{"@type":"EntryPoint","urlTemplate":"https:\/\/www.oasdi.ca\/fr\/?s={search_term_string}"},"query-input":"required name=search_term_string"}],"inLanguage":"fr-FR"},{"@type":"Organization","@id":"https:\/\/www.oasdi.ca\/fr\/#organization","name":"OASDI","url":"https:\/\/www.oasdi.ca\/fr\/","logo":{"@type":"ImageObject","inLanguage":"fr-FR","@id":"https:\/\/www.oasdi.ca\/fr\/#\/schema\/logo\/image\/","url":"https:\/\/www.oasdi.ca\/wp-content\/uploads\/2020\/02\/cropped-oasdi-logo.png","contentUrl":"https:\/\/www.oasdi.ca\/wp-content\/uploads\/2020\/02\/cropped-oasdi-logo.png","width":468,"height":96,"caption":"OASDI"},"image":{"@id":"https:\/\/www.oasdi.ca\/fr\/#\/schema\/logo\/image\/"}}]}},"_links":{"self":[{"href":"https:\/\/www.oasdi.ca\/fr\/wp-json\/wp\/v2\/pages\/18921"}],"collection":[{"href":"https:\/\/www.oasdi.ca\/fr\/wp-json\/wp\/v2\/pages"}],"about":[{"href":"https:\/\/www.oasdi.ca\/fr\/wp-json\/wp\/v2\/types\/page"}],"author":[{"embeddable":true,"href":"https:\/\/www.oasdi.ca\/fr\/wp-json\/wp\/v2\/users\/237"}],"replies":[{"embeddable":true,"href":"https:\/\/www.oasdi.ca\/fr\/wp-json\/wp\/v2\/comments?post=18921"}],"version-history":[{"count":0,"href":"https:\/\/www.oasdi.ca\/fr\/wp-json\/wp\/v2\/pages\/18921\/revisions"}],"up":[{"embeddable":true,"href":"https:\/\/www.oasdi.ca\/fr\/wp-json\/wp\/v2\/pages\/18366"}],"wp:featuredmedia":[{"embeddable":true,"href":"https:\/\/www.oasdi.ca\/fr\/wp-json\/wp\/v2\/media\/16990"}],"wp:attachment":[{"href":"https:\/\/www.oasdi.ca\/fr\/wp-json\/wp\/v2\/media?parent=18921"}],"curies":[{"name":"wp","href":"https:\/\/api.w.org\/{rel}","templated":true}]}}