{"id":18878,"date":"2020-03-22T15:48:24","date_gmt":"2020-03-22T15:48:24","guid":{"rendered":"http:\/\/oasdi.ca\/vivre-en-ontario\/culture-canadienne\/indigenous\/"},"modified":"2020-04-18T14:38:45","modified_gmt":"2020-04-18T14:38:45","slug":"autochtones","status":"publish","type":"page","link":"https:\/\/www.oasdi.ca\/fr\/vivre-en-ontario\/culture-canadienne\/autochtones\/","title":{"rendered":"Culture autochtone en Ontario"},"content":{"rendered":"<div id=\"pl-18878\"  class=\"panel-layout\" ><div id=\"pg-18878-0\"  class=\"panel-grid panel-no-style\" ><div id=\"pgc-18878-0-0\"  class=\"panel-grid-cell\" ><div id=\"panel-18878-0-0-0\" class=\"so-panel widget widget_sow-image panel-first-child panel-last-child\" data-index=\"0\" ><div class=\"is-featured-img panel-widget-style panel-widget-style-for-18878-0-0-0\" ><div\n\t\t\t\n\t\t\tclass=\"so-widget-sow-image so-widget-sow-image-default-c4f6304fc136-18878\"\n\t\t\t\n\t\t>\n\n<div class=\"sow-image-container\">\n\t\t<img loading=\"lazy\" decoding=\"async\" src=\"https:\/\/www.oasdi.ca\/wp-content\/uploads\/2020\/03\/onatrio-canada.jpg\" width=\"1440\" height=\"268\" srcset=\"https:\/\/www.oasdi.ca\/wp-content\/uploads\/2020\/03\/onatrio-canada.jpg 1440w, https:\/\/www.oasdi.ca\/wp-content\/uploads\/2020\/03\/onatrio-canada-250x47.jpg 250w, https:\/\/www.oasdi.ca\/wp-content\/uploads\/2020\/03\/onatrio-canada-700x130.jpg 700w, https:\/\/www.oasdi.ca\/wp-content\/uploads\/2020\/03\/onatrio-canada-768x143.jpg 768w, https:\/\/www.oasdi.ca\/wp-content\/uploads\/2020\/03\/onatrio-canada-500x93.jpg 500w, https:\/\/www.oasdi.ca\/wp-content\/uploads\/2020\/03\/onatrio-canada-120x22.jpg 120w\" sizes=\"(max-width: 1440px) 100vw, 1440px\" title=\"onatrio canada\" alt=\"\" \t\tclass=\"so-widget-image\"\/>\n\t<\/div>\n\n<\/div><\/div><\/div><\/div><\/div><div id=\"pg-18878-1\"  class=\"panel-grid panel-has-style\" ><div class=\"has-container panel-row-style panel-row-style-for-18878-1\" ><div id=\"pgc-18878-1-0\"  class=\"panel-grid-cell\" ><div id=\"panel-18878-1-0-0\" class=\"so-panel widget widget_hem-seo-title-widget panel-first-child panel-last-child\" data-index=\"1\" ><div class=\"panel-widget-style panel-widget-style-for-18878-1-0-0\" ><div\n\t\t\t\n\t\t\tclass=\"so-widget-hem-seo-title-widget so-widget-hem-seo-title-widget-hem-seo-title-widget-style-d75171398898-18878\"\n\t\t\t\n\t\t>\n<h1 style=\"font-size:px;\">Culture autochtone en Ontario<\/h1>\n\n\n\n\t<!-- <div class=\"breadcrumb-trail\"><a href=\"index.php\">Home<\/a> \u00bb <span class=\"breadcrumb-current\">About<\/span><\/div> -->\n\t<div class=\"test1\"><span><span><a href=\"https:\/\/www.oasdi.ca\/fr\/\">Accueil<\/a><\/span><\/span><\/div>\n<\/div><\/div><\/div><\/div><\/div><\/div><div id=\"pg-18878-2\"  class=\"panel-grid panel-has-style\" ><div class=\"has-container panel-row-style panel-row-style-for-18878-2\" ><div id=\"pgc-18878-2-0\"  class=\"panel-grid-cell\" ><div id=\"panel-18878-2-0-0\" class=\"so-panel widget widget_hem-sidebar-menu-widget panel-first-child\" data-index=\"2\" ><div\n\t\t\t\n\t\t\tclass=\"so-widget-hem-sidebar-menu-widget so-widget-hem-sidebar-menu-widget-hem-sidebar-menu-widget-style-d75171398898-18878\"\n\t\t\t\n\t\t><div id=\"sidebar\">\n\t\t\t<ul id=\"side-menu\" class=\"side-menu menu-embedded\">\n\t\t\t\n\t\t\t\t\t\t\t\t\n\t\t\t\t\t\t\t\t\t\t\t<li><a href=\"https:\/\/www.oasdi.ca\/fr\/vivre-en-ontario\/culture-canadienne\/adolescent\/\">Culture des adolescents en Ontario<\/a><\/li>\n\t\t\t\t\t\t\t\t\t\t\t\t\t\n\t\t\t\t\t\t\t\t\t\t\t<li><a class=\"active\" href=\"https:\/\/www.oasdi.ca\/fr\/vivre-en-ontario\/culture-canadienne\/autochtones\/\">Culture autochtone en Ontario<\/a><\/li>\n\t\t\t\t\t\t\t\t\t\t\t\t\t\n\t\t\t\t\t\t\t\t\t\t\t<li><a href=\"https:\/\/www.oasdi.ca\/fr\/vivre-en-ontario\/culture-canadienne\/locale\/\">Culture locale en Ontario<\/a><\/li>\n\t\t\t\t\t\t\t\t\t\t\t\t\t\n\t\t\t\t\t\t\t\t\t\t\t<li><a href=\"https:\/\/www.oasdi.ca\/fr\/vivre-en-ontario\/culture-canadienne\/francophone\/\">La culture francophone en Ontario<\/a><\/li>\n\t\t\t\t\t\t\t\t\t\t\n\n\t\t\t\t<!-- Extra menu -->\n\t\t\t\t\n\n\n\t\t\t\t\t<\/ul>\n\t\n\n<\/div><\/div><\/div><div id=\"panel-18878-2-0-1\" class=\"so-panel widget widget_hem-sidebar-link-widget panel-last-child\" data-index=\"3\" ><div\n\t\t\t\n\t\t\tclass=\"so-widget-hem-sidebar-link-widget so-widget-hem-sidebar-link-widget-hem-sidebar-link-widget-style-d75171398898-18878\"\n\t\t\t\n\t\t><div id=\"sidebar\" class=\"external-link-only\">\n\n\n\n\t\t\t\t<!-- Extra menu -->\n\t\t\t\t\t\t\t\t\t<ul id=\"side-menu\" class=\"side-menu menu-embedded\">\n\t\t\t\t\t\t\t\t\t\t\t\t\t\t\t\t\t\t\t\t\t<li><a  href=\"https:\/\/www.oasdi.ca\/map-search\/\">Map Overview<\/a><\/li>\n\t\t\t\t\t\t\t\t\t\t\t\t\t\t\n\t\t\t\t\t\t\t\t\t\t\t\t\t\t\t\t\t\t\t\t\t<li><a  href=\"https:\/\/www.oasdi.ca\/district-list\/\">District List<\/a><\/li>\n\t\t\t\t\t\t\t\t\t\t\t\t\t\t\n\t\t\t\t\t\t\t\n\t\t\t\t\t<\/ul>\n\t\t\t\t\n\t\t\t\t\n\n\n\n\n<\/div><\/div><\/div><\/div><div id=\"pgc-18878-2-1\"  class=\"panel-grid-cell\" ><div class=\"pl-sm-3 pl-md-5 panel-cell-style panel-cell-style-for-18878-2-1\" ><div id=\"panel-18878-2-1-0\" class=\"so-panel widget widget_sow-editor panel-first-child panel-last-child\" data-index=\"4\" ><div\n\t\t\t\n\t\t\tclass=\"so-widget-sow-editor so-widget-sow-editor-base\"\n\t\t\t\n\t\t>\n<div class=\"siteorigin-widget-tinymce textwidget\">\n\t<div id=\"secondary-right-inner\">\n<p>Au Canada, pr\u00e8s de 1,8 million de personnes s\u2019identifient comme \u00e9tant Autochtones. Les peuples autochtones du Canada ont des traditions culturelles qui remontent \u00e0 des milliers d\u2019ann\u00e9es avant l\u2019arriv\u00e9e des Europ\u00e9ens, il y a de cela environ\u00a0400 ans. \u00a0Les peuples autochtones du Canada incluent les Premi\u00e8res Nations, les M\u00e9tis et les Inuits. \u00a0Les cultures autochtones sont des plus vari\u00e9es. \u00a0Chacun des groupes poss\u00e8de sa propre culture, ses valeurs, ses symboles et ses traditions spirituelles; il serait donc faux de parler d\u2019une culture commune en pr\u00e9sence d\u2019une telle diversit\u00e9. \u00c0 titre d\u2019exemple, les Premi\u00e8res Nations comptent plus de 600 bandes. \u00a0Il existe aussi quantit\u00e9 de langues et de dialectes autochtones. L\u2019utilisation de mots comme \u00ab Indien \u00bb, \u00ab race crois\u00e9e \u00bb ou \u00ab Eskimo \u00bb pour d\u00e9crire les peuples autochtones se retrouve peut-\u00eatre encore dans des documents juridiques d\u00e9suets, mais aujourd\u2019hui, ces mots sont g\u00e9n\u00e9ralement consid\u00e9r\u00e9s comme inappropri\u00e9s et insultants.<\/p>\n<p>L\u2019histoire des peuples autochtones au Canada depuis l\u2019arriv\u00e9e des Europ\u00e9ens en est une de souffrance, de paternalisme et de promesses non tenues. \u00a0Ces derni\u00e8res ann\u00e9es, les gouvernements canadiens et l\u2019ensemble de la population du Canada ont \u00e9t\u00e9 plus attentifs et compr\u00e9hensifs en d\u00e9ployant des efforts pour redresser les torts caus\u00e9s par les injustices historiques du pass\u00e9. \u00a0Les anciennes pratiques d\u2019assimilation par les gouvernements et autres institutions comme, par exemple, de retirer les enfants de leur maison traditionnelle afin de les placer en pensionnat, ont \u00e9t\u00e9 abolies et l\u2019on fait d\u00e9sormais preuve d\u2019un plus grand respect et d\u2019une plus grande appr\u00e9ciation des cultures autochtones.<\/p>\n<p>Les cultures autochtones sont honor\u00e9es partout au Canada et contribuent \u00e9norm\u00e9ment \u00e0 la richesse et la diversit\u00e9 de la culture canadienne de quantit\u00e9 de fa\u00e7ons uniques. \u00a0Les \u00e9tudiants \u00e9trangers ont de nombreuses occasions de participer \u00e0 des festivals et de d\u00e9couvrir les c\u00e9r\u00e9monies traditionnelles. Par exemple, il se d\u00e9roule de grands rassemblements culturels appel\u00e9s \u00ab pow-wow \u00bb qui incluent de la danse, de la musique ainsi que des arts et de l\u2019artisanat\u00a0 et tous sont invit\u00e9s \u00e0 y participer pour d\u00e9couvrir la culture autochtone et en apprendre davantage \u00e0 ce propos.<\/p>\n<p><strong><em>Vous avez besoin de plus d\u2019information au sujet des cultures autochtones ?<\/em><\/strong><\/p>\n<ul>\n<li><a href=\"http:\/\/canada.pch.gc.ca\/eng\/1447170804377\" target=\"_blank\" rel=\"noopener\">canada.pch.gc.ca\/fra\/1447170804377\/1447170860364<\/a><\/li>\n<li><a href=\"http:\/\/canada.pch.gc.ca\/eng\/1447170804377\" target=\"_blank\" rel=\"noopener\">canada.pch.gc.ca\/fra\/1447170804377\/1447170860364<\/a><\/li>\n<li><a href=\"http:\/\/www.mtc.gov.on.ca\/en\/aboriginal\/aboriginal.shtml\" target=\"_blank\" rel=\"noopener\">www.mtc.gov.on.ca\/fr\/aboriginal\/aboriginal.shtml<\/a><\/li>\n<li><a href=\"https:\/\/aboriginalcanada.ca\/en\/cultures\" target=\"_blank\" rel=\"noopener\">aboriginalcanada.ca\/fr\/cultures\/<\/a><\/li>\n<li><a href=\"https:\/\/aboriginalcanada.ca\/en\/regions\/ontario\" target=\"_blank\" rel=\"noopener\">aboriginalcanada.ca\/fr\/regions\/ontario\/<\/a><\/li>\n<li><a href=\"http:\/\/www.ictinc.ca\/blog\/respecting-first-nations-cultural-diversity\" target=\"_blank\" rel=\"noopener\">http:\/\/www.ictinc.ca\/blog\/respecting-first-nations-cultural-diversity<\/a><\/li>\n<li><a href=\"https:\/\/www12.statcan.gc.ca\/nhs-enm\/2011\/as-sa\/99-011-x\/99-011-x2011001-eng.cfm\" target=\"_blank\" rel=\"noopener\">www12.statcan.gc.ca\/nhs-enm\/2011\/as-sa\/99-011-x\/99-011-x2011001-fra.cfm<\/a><\/li>\n<li><a href=\"https:\/\/www.ontariotravel.net\/en\/play\/aboriginal-experiences\" target=\"_blank\" rel=\"noopener\">www.ontariotravel.net\/fr\/play\/aboriginal-experiences<\/a><\/li>\n<li><a href=\"http:\/\/www.theglobeandmail.com\/life\/travel\/activities-and-interests\/how-can-visitors-best-explore-canadas-indigenous-culture\/article29550669\" target=\"_blank\" rel=\"noopener\">http:\/\/www.theglobeandmail.com\/life\/travel\/activities-and-interests\/how-can-visitors-best-explore-canadas-indigenous-culture\/article29550669<\/a><\/li>\n<\/ul>\n<\/div>\n<\/div>\n<\/div><\/div><\/div><\/div><\/div><\/div><\/div>","protected":false},"excerpt":{"rendered":"Culture autochtone en Ontario Accueil Culture des adolescents en Ontario Culture autochtone en Ontario Culture locale en Ontario La culture francophone en Ontario Map Overview District List Au Canada, pr\u00e8s de 1,8 million de personnes s\u2019identifient comme \u00e9tant Autochtones. Les peuples autochtones du Canada ont des traditions culturelles qui remontent \u00e0 des milliers d\u2019ann\u00e9es avant&#8230; <a class=\"view-article\" href=\"https:\/\/www.oasdi.ca\/fr\/vivre-en-ontario\/culture-canadienne\/autochtones\/\">View Article<\/a>","protected":false},"author":237,"featured_media":16990,"parent":18366,"menu_order":0,"comment_status":"closed","ping_status":"closed","template":"","meta":{"footnotes":""},"class_list":["post-18878","page","type-page","status-publish","has-post-thumbnail","hentry"],"yoast_head":"<!-- This site is optimized with the Yoast SEO plugin v21.5 - https:\/\/yoast.com\/wordpress\/plugins\/seo\/ -->\n<title>Culture autochtone | \u00c9ducation internationale Ontario | AOCSI<\/title>\n<meta name=\"description\" content=\"L&#039;Ontario abrite de nombreux peuples indig\u00e8nes aux cultures diff\u00e9rentes. Pour en savoir plus sur la culture et le patrimoine indig\u00e8nes, cliquez ici.\" \/>\n<meta name=\"robots\" content=\"index, follow, max-snippet:-1, max-image-preview:large, max-video-preview:-1\" \/>\n<link rel=\"canonical\" href=\"https:\/\/www.oasdi.ca\/fr\/vivre-en-ontario\/culture-canadienne\/autochtones\/\" \/>\n<meta property=\"og:locale\" content=\"fr_FR\" \/>\n<meta property=\"og:type\" content=\"article\" \/>\n<meta property=\"og:title\" content=\"Culture autochtone | \u00c9ducation internationale Ontario | AOCSI\" \/>\n<meta property=\"og:description\" content=\"L&#039;Ontario abrite de nombreux peuples indig\u00e8nes aux cultures diff\u00e9rentes. Pour en savoir plus sur la culture et le patrimoine indig\u00e8nes, cliquez ici.\" \/>\n<meta property=\"og:url\" content=\"https:\/\/www.oasdi.ca\/fr\/vivre-en-ontario\/culture-canadienne\/autochtones\/\" \/>\n<meta property=\"og:site_name\" content=\"OASDI\" \/>\n<meta property=\"article:modified_time\" content=\"2020-04-18T14:38:45+00:00\" \/>\n<meta property=\"og:image\" content=\"https:\/\/www.oasdi.ca\/wp-content\/uploads\/2020\/03\/onatrio-canada.jpg\" \/>\n\t<meta property=\"og:image:width\" content=\"1440\" \/>\n\t<meta property=\"og:image:height\" content=\"268\" \/>\n\t<meta property=\"og:image:type\" content=\"image\/jpeg\" \/>\n<meta name=\"twitter:card\" content=\"summary_large_image\" \/>\n<meta name=\"twitter:label1\" content=\"Dur\u00e9e de lecture estim\u00e9e\" \/>\n\t<meta name=\"twitter:data1\" content=\"2 minutes\" \/>\n<script type=\"application\/ld+json\" class=\"yoast-schema-graph\">{\"@context\":\"https:\/\/schema.org\",\"@graph\":[{\"@type\":\"WebPage\",\"@id\":\"https:\/\/www.oasdi.ca\/fr\/vivre-en-ontario\/culture-canadienne\/autochtones\/\",\"url\":\"https:\/\/www.oasdi.ca\/fr\/vivre-en-ontario\/culture-canadienne\/autochtones\/\",\"name\":\"Culture autochtone | \u00c9ducation internationale Ontario | AOCSI\",\"isPartOf\":{\"@id\":\"https:\/\/www.oasdi.ca\/fr\/#website\"},\"datePublished\":\"2020-03-22T15:48:24+00:00\",\"dateModified\":\"2020-04-18T14:38:45+00:00\",\"description\":\"L'Ontario abrite de nombreux peuples indig\u00e8nes aux cultures diff\u00e9rentes. Pour en savoir plus sur la culture et le patrimoine indig\u00e8nes, cliquez ici.\",\"breadcrumb\":{\"@id\":\"https:\/\/www.oasdi.ca\/fr\/vivre-en-ontario\/culture-canadienne\/autochtones\/#breadcrumb\"},\"inLanguage\":\"fr-FR\",\"potentialAction\":[{\"@type\":\"ReadAction\",\"target\":[\"https:\/\/www.oasdi.ca\/fr\/vivre-en-ontario\/culture-canadienne\/autochtones\/\"]}]},{\"@type\":\"BreadcrumbList\",\"@id\":\"https:\/\/www.oasdi.ca\/fr\/vivre-en-ontario\/culture-canadienne\/autochtones\/#breadcrumb\",\"itemListElement\":[{\"@type\":\"ListItem\",\"position\":1,\"name\":\"Accueil\",\"item\":\"https:\/\/www.oasdi.ca\/fr\/\"},{\"@type\":\"ListItem\",\"position\":2,\"name\":\"Vivre en Ontario en tant qu&#8217;\u00e9tudiant \u00e9tranger\",\"item\":\"https:\/\/www.oasdi.ca\/fr\/vivre-en-ontario\/\"},{\"@type\":\"ListItem\",\"position\":3,\"name\":\"Culture canadienne\",\"item\":\"https:\/\/www.oasdi.ca\/fr\/vivre-en-ontario\/culture-canadienne\/\"},{\"@type\":\"ListItem\",\"position\":4,\"name\":\"Culture autochtone en Ontario\"}]},{\"@type\":\"WebSite\",\"@id\":\"https:\/\/www.oasdi.ca\/fr\/#website\",\"url\":\"https:\/\/www.oasdi.ca\/fr\/\",\"name\":\"OASDI\",\"description\":\"Ontario Association of School District International\",\"publisher\":{\"@id\":\"https:\/\/www.oasdi.ca\/fr\/#organization\"},\"potentialAction\":[{\"@type\":\"SearchAction\",\"target\":{\"@type\":\"EntryPoint\",\"urlTemplate\":\"https:\/\/www.oasdi.ca\/fr\/?s={search_term_string}\"},\"query-input\":\"required name=search_term_string\"}],\"inLanguage\":\"fr-FR\"},{\"@type\":\"Organization\",\"@id\":\"https:\/\/www.oasdi.ca\/fr\/#organization\",\"name\":\"OASDI\",\"url\":\"https:\/\/www.oasdi.ca\/fr\/\",\"logo\":{\"@type\":\"ImageObject\",\"inLanguage\":\"fr-FR\",\"@id\":\"https:\/\/www.oasdi.ca\/fr\/#\/schema\/logo\/image\/\",\"url\":\"https:\/\/www.oasdi.ca\/wp-content\/uploads\/2020\/02\/cropped-oasdi-logo.png\",\"contentUrl\":\"https:\/\/www.oasdi.ca\/wp-content\/uploads\/2020\/02\/cropped-oasdi-logo.png\",\"width\":468,\"height\":96,\"caption\":\"OASDI\"},\"image\":{\"@id\":\"https:\/\/www.oasdi.ca\/fr\/#\/schema\/logo\/image\/\"}}]}<\/script>\n<!-- \/ Yoast SEO plugin. -->","yoast_head_json":{"title":"Culture autochtone | \u00c9ducation internationale Ontario | AOCSI","description":"L'Ontario abrite de nombreux peuples indig\u00e8nes aux cultures diff\u00e9rentes. Pour en savoir plus sur la culture et le patrimoine indig\u00e8nes, cliquez ici.","robots":{"index":"index","follow":"follow","max-snippet":"max-snippet:-1","max-image-preview":"max-image-preview:large","max-video-preview":"max-video-preview:-1"},"canonical":"https:\/\/www.oasdi.ca\/fr\/vivre-en-ontario\/culture-canadienne\/autochtones\/","og_locale":"fr_FR","og_type":"article","og_title":"Culture autochtone | \u00c9ducation internationale Ontario | AOCSI","og_description":"L'Ontario abrite de nombreux peuples indig\u00e8nes aux cultures diff\u00e9rentes. Pour en savoir plus sur la culture et le patrimoine indig\u00e8nes, cliquez ici.","og_url":"https:\/\/www.oasdi.ca\/fr\/vivre-en-ontario\/culture-canadienne\/autochtones\/","og_site_name":"OASDI","article_modified_time":"2020-04-18T14:38:45+00:00","og_image":[{"width":1440,"height":268,"url":"https:\/\/www.oasdi.ca\/wp-content\/uploads\/2020\/03\/onatrio-canada.jpg","type":"image\/jpeg"}],"twitter_card":"summary_large_image","twitter_misc":{"Dur\u00e9e de lecture estim\u00e9e":"2 minutes"},"schema":{"@context":"https:\/\/schema.org","@graph":[{"@type":"WebPage","@id":"https:\/\/www.oasdi.ca\/fr\/vivre-en-ontario\/culture-canadienne\/autochtones\/","url":"https:\/\/www.oasdi.ca\/fr\/vivre-en-ontario\/culture-canadienne\/autochtones\/","name":"Culture autochtone | \u00c9ducation internationale Ontario | AOCSI","isPartOf":{"@id":"https:\/\/www.oasdi.ca\/fr\/#website"},"datePublished":"2020-03-22T15:48:24+00:00","dateModified":"2020-04-18T14:38:45+00:00","description":"L'Ontario abrite de nombreux peuples indig\u00e8nes aux cultures diff\u00e9rentes. Pour en savoir plus sur la culture et le patrimoine indig\u00e8nes, cliquez ici.","breadcrumb":{"@id":"https:\/\/www.oasdi.ca\/fr\/vivre-en-ontario\/culture-canadienne\/autochtones\/#breadcrumb"},"inLanguage":"fr-FR","potentialAction":[{"@type":"ReadAction","target":["https:\/\/www.oasdi.ca\/fr\/vivre-en-ontario\/culture-canadienne\/autochtones\/"]}]},{"@type":"BreadcrumbList","@id":"https:\/\/www.oasdi.ca\/fr\/vivre-en-ontario\/culture-canadienne\/autochtones\/#breadcrumb","itemListElement":[{"@type":"ListItem","position":1,"name":"Accueil","item":"https:\/\/www.oasdi.ca\/fr\/"},{"@type":"ListItem","position":2,"name":"Vivre en Ontario en tant qu&#8217;\u00e9tudiant \u00e9tranger","item":"https:\/\/www.oasdi.ca\/fr\/vivre-en-ontario\/"},{"@type":"ListItem","position":3,"name":"Culture canadienne","item":"https:\/\/www.oasdi.ca\/fr\/vivre-en-ontario\/culture-canadienne\/"},{"@type":"ListItem","position":4,"name":"Culture autochtone en Ontario"}]},{"@type":"WebSite","@id":"https:\/\/www.oasdi.ca\/fr\/#website","url":"https:\/\/www.oasdi.ca\/fr\/","name":"OASDI","description":"Ontario Association of School District International","publisher":{"@id":"https:\/\/www.oasdi.ca\/fr\/#organization"},"potentialAction":[{"@type":"SearchAction","target":{"@type":"EntryPoint","urlTemplate":"https:\/\/www.oasdi.ca\/fr\/?s={search_term_string}"},"query-input":"required name=search_term_string"}],"inLanguage":"fr-FR"},{"@type":"Organization","@id":"https:\/\/www.oasdi.ca\/fr\/#organization","name":"OASDI","url":"https:\/\/www.oasdi.ca\/fr\/","logo":{"@type":"ImageObject","inLanguage":"fr-FR","@id":"https:\/\/www.oasdi.ca\/fr\/#\/schema\/logo\/image\/","url":"https:\/\/www.oasdi.ca\/wp-content\/uploads\/2020\/02\/cropped-oasdi-logo.png","contentUrl":"https:\/\/www.oasdi.ca\/wp-content\/uploads\/2020\/02\/cropped-oasdi-logo.png","width":468,"height":96,"caption":"OASDI"},"image":{"@id":"https:\/\/www.oasdi.ca\/fr\/#\/schema\/logo\/image\/"}}]}},"_links":{"self":[{"href":"https:\/\/www.oasdi.ca\/fr\/wp-json\/wp\/v2\/pages\/18878"}],"collection":[{"href":"https:\/\/www.oasdi.ca\/fr\/wp-json\/wp\/v2\/pages"}],"about":[{"href":"https:\/\/www.oasdi.ca\/fr\/wp-json\/wp\/v2\/types\/page"}],"author":[{"embeddable":true,"href":"https:\/\/www.oasdi.ca\/fr\/wp-json\/wp\/v2\/users\/237"}],"replies":[{"embeddable":true,"href":"https:\/\/www.oasdi.ca\/fr\/wp-json\/wp\/v2\/comments?post=18878"}],"version-history":[{"count":0,"href":"https:\/\/www.oasdi.ca\/fr\/wp-json\/wp\/v2\/pages\/18878\/revisions"}],"up":[{"embeddable":true,"href":"https:\/\/www.oasdi.ca\/fr\/wp-json\/wp\/v2\/pages\/18366"}],"wp:featuredmedia":[{"embeddable":true,"href":"https:\/\/www.oasdi.ca\/fr\/wp-json\/wp\/v2\/media\/16990"}],"wp:attachment":[{"href":"https:\/\/www.oasdi.ca\/fr\/wp-json\/wp\/v2\/media?parent=18878"}],"curies":[{"name":"wp","href":"https:\/\/api.w.org\/{rel}","templated":true}]}}