{"id":18838,"date":"2020-03-22T15:46:28","date_gmt":"2020-03-22T15:46:28","guid":{"rendered":"http:\/\/oasdi.ca\/vivre-en-ontario\/culture-canadienne\/home\/"},"modified":"2020-04-18T13:58:42","modified_gmt":"2020-04-18T13:58:42","slug":"locale","status":"publish","type":"page","link":"https:\/\/www.oasdi.ca\/fr\/vivre-en-ontario\/culture-canadienne\/locale\/","title":{"rendered":"Culture locale en Ontario"},"content":{"rendered":"<div id=\"pl-18838\"  class=\"panel-layout\" ><div id=\"pg-18838-0\"  class=\"panel-grid panel-no-style\" ><div id=\"pgc-18838-0-0\"  class=\"panel-grid-cell\" ><div id=\"panel-18838-0-0-0\" class=\"so-panel widget widget_sow-image panel-first-child panel-last-child\" data-index=\"0\" ><div class=\"is-featured-img panel-widget-style panel-widget-style-for-18838-0-0-0\" ><div\n\t\t\t\n\t\t\tclass=\"so-widget-sow-image so-widget-sow-image-default-c4f6304fc136-18838\"\n\t\t\t\n\t\t>\n\n<div class=\"sow-image-container\">\n\t\t<img loading=\"lazy\" decoding=\"async\" src=\"https:\/\/www.oasdi.ca\/wp-content\/uploads\/2020\/03\/Home-Culture-and-Types-of-Family.jpg\" width=\"1440\" height=\"268\" srcset=\"https:\/\/www.oasdi.ca\/wp-content\/uploads\/2020\/03\/Home-Culture-and-Types-of-Family.jpg 1440w, https:\/\/www.oasdi.ca\/wp-content\/uploads\/2020\/03\/Home-Culture-and-Types-of-Family-250x47.jpg 250w, https:\/\/www.oasdi.ca\/wp-content\/uploads\/2020\/03\/Home-Culture-and-Types-of-Family-700x130.jpg 700w, https:\/\/www.oasdi.ca\/wp-content\/uploads\/2020\/03\/Home-Culture-and-Types-of-Family-768x143.jpg 768w, https:\/\/www.oasdi.ca\/wp-content\/uploads\/2020\/03\/Home-Culture-and-Types-of-Family-500x93.jpg 500w, https:\/\/www.oasdi.ca\/wp-content\/uploads\/2020\/03\/Home-Culture-and-Types-of-Family-120x22.jpg 120w\" sizes=\"(max-width: 1440px) 100vw, 1440px\" title=\"Home Culture and Types of Family\" alt=\"Home Culture and Types of Family\" \t\tclass=\"so-widget-image\"\/>\n\t<\/div>\n\n<\/div><\/div><\/div><\/div><\/div><div id=\"pg-18838-1\"  class=\"panel-grid panel-has-style\" ><div class=\"has-container panel-row-style panel-row-style-for-18838-1\" ><div id=\"pgc-18838-1-0\"  class=\"panel-grid-cell\" ><div id=\"panel-18838-1-0-0\" class=\"so-panel widget widget_hem-seo-title-widget panel-first-child panel-last-child\" data-index=\"1\" ><div class=\"panel-widget-style panel-widget-style-for-18838-1-0-0\" ><div\n\t\t\t\n\t\t\tclass=\"so-widget-hem-seo-title-widget so-widget-hem-seo-title-widget-hem-seo-title-widget-style-d75171398898-18838\"\n\t\t\t\n\t\t>\n<h1 style=\"font-size:px;\">Culture locale en Ontario<\/h1>\n\n\n\n\t<!-- <div class=\"breadcrumb-trail\"><a href=\"index.php\">Home<\/a> \u00bb <span class=\"breadcrumb-current\">About<\/span><\/div> -->\n\t<div class=\"test1\"><span><span><a href=\"https:\/\/www.oasdi.ca\/fr\/\">Accueil<\/a><\/span><\/span><\/div>\n<\/div><\/div><\/div><\/div><\/div><\/div><div id=\"pg-18838-2\"  class=\"panel-grid panel-has-style\" ><div class=\"has-container panel-row-style panel-row-style-for-18838-2\" ><div id=\"pgc-18838-2-0\"  class=\"panel-grid-cell\" ><div id=\"panel-18838-2-0-0\" class=\"so-panel widget widget_hem-sidebar-menu-widget panel-first-child\" data-index=\"2\" ><div\n\t\t\t\n\t\t\tclass=\"so-widget-hem-sidebar-menu-widget so-widget-hem-sidebar-menu-widget-hem-sidebar-menu-widget-style-d75171398898-18838\"\n\t\t\t\n\t\t><div id=\"sidebar\">\n\t\t\t<ul id=\"side-menu\" class=\"side-menu menu-embedded\">\n\t\t\t\n\t\t\t\t\t\t\t\t\n\t\t\t\t\t\t\t\t\t\t\t<li><a href=\"https:\/\/www.oasdi.ca\/fr\/vivre-en-ontario\/culture-canadienne\/adolescent\/\">Culture des adolescents en Ontario<\/a><\/li>\n\t\t\t\t\t\t\t\t\t\t\t\t\t\n\t\t\t\t\t\t\t\t\t\t\t<li><a href=\"https:\/\/www.oasdi.ca\/fr\/vivre-en-ontario\/culture-canadienne\/autochtones\/\">Culture autochtone en Ontario<\/a><\/li>\n\t\t\t\t\t\t\t\t\t\t\t\t\t\n\t\t\t\t\t\t\t\t\t\t\t<li><a class=\"active\" href=\"https:\/\/www.oasdi.ca\/fr\/vivre-en-ontario\/culture-canadienne\/locale\/\">Culture locale en Ontario<\/a><\/li>\n\t\t\t\t\t\t\t\t\t\t\t\t\t\n\t\t\t\t\t\t\t\t\t\t\t<li><a href=\"https:\/\/www.oasdi.ca\/fr\/vivre-en-ontario\/culture-canadienne\/francophone\/\">La culture francophone en Ontario<\/a><\/li>\n\t\t\t\t\t\t\t\t\t\t\n\n\t\t\t\t<!-- Extra menu -->\n\t\t\t\t\n\n\n\t\t\t\t\t<\/ul>\n\t\n\n<\/div><\/div><\/div><div id=\"panel-18838-2-0-1\" class=\"so-panel widget widget_hem-sidebar-link-widget panel-last-child\" data-index=\"3\" ><div\n\t\t\t\n\t\t\tclass=\"so-widget-hem-sidebar-link-widget so-widget-hem-sidebar-link-widget-hem-sidebar-link-widget-style-d75171398898-18838\"\n\t\t\t\n\t\t><div id=\"sidebar\" class=\"external-link-only\">\n\n\n\n\t\t\t\t<!-- Extra menu -->\n\t\t\t\t\t\t\t\t\t<ul id=\"side-menu\" class=\"side-menu menu-embedded\">\n\t\t\t\t\t\t\t\t\t\t\t\t\t\t\t\t\t\t\t\t\t<li><a  href=\"https:\/\/www.oasdi.ca\/map-search\/\">Map Overview<\/a><\/li>\n\t\t\t\t\t\t\t\t\t\t\t\t\t\t\n\t\t\t\t\t\t\t\t\t\t\t\t\t\t\t\t\t\t\t\t\t<li><a  href=\"https:\/\/www.oasdi.ca\/district-list\/\">District List<\/a><\/li>\n\t\t\t\t\t\t\t\t\t\t\t\t\t\t\n\t\t\t\t\t\t\t\n\t\t\t\t\t<\/ul>\n\t\t\t\t\n\t\t\t\t\n\n\n\n\n<\/div><\/div><\/div><\/div><div id=\"pgc-18838-2-1\"  class=\"panel-grid-cell\" ><div class=\"pl-sm-3 pl-md-5 panel-cell-style panel-cell-style-for-18838-2-1\" ><div id=\"panel-18838-2-1-0\" class=\"so-panel widget widget_sow-editor panel-first-child panel-last-child\" data-index=\"4\" ><div\n\t\t\t\n\t\t\tclass=\"so-widget-sow-editor so-widget-sow-editor-base\"\n\t\t\t\n\t\t>\n<div class=\"siteorigin-widget-tinymce textwidget\">\n\t<p>Les foyers et les familles sont \u00e0 ce point diff\u00e9rents qu\u2019il est difficile de g\u00e9n\u00e9raliser sur la culture canadienne \u00e0 la maison. Les familles canadiennes vont bien au-del\u00e0 de l\u2019image traditionnelle de deux parents mari\u00e9s et de leurs enfants habitant sous un m\u00eame toit. Elles sont de nature et de taille diff\u00e9rentes et toutes constituent des formes acceptables de familles en vertu de la loi canadienne. Plusieurs comptent un seul parent, certaines sont des familles \u00ab reconstitu\u00e9es \u00bb, des familles avec des beaux-parents et des beaux-enfants. Un grand nombre de familles sont constitu\u00e9es de parents de races et de religions diff\u00e9rentes; bon nombre sont en union libre; certaines familles ont des parents du m\u00eame sexe, d\u2019autres ont adopt\u00e9 des enfants et d\u2019autres sont des familles d\u2019accueil et, dans certains foyers, plusieurs g\u00e9n\u00e9rations cohabitent. \u00a0Les familles canadiennes ont tendance \u00e0 \u00eatre tr\u00e8s impliqu\u00e9es dans leur collectivit\u00e9, sont accueillantes et ont confiance en l\u2019avenir.<\/p>\n<p>Les Canadiens accordent beaucoup d\u2019importance \u00e0 leur famille, mais comme le Canada compte un grand nombre d\u2019immigrants et en raison de son \u00e9tendue, il arrive que les parents imm\u00e9diats habitent dans une autre r\u00e9gion ou m\u00eame une autre province. Les Canadiens parcourent souvent de grandes distances pour assister aux f\u00eates de famille comme, par exemple, lors d\u2019un mariage, \u00e0 l\u2019occasion du temps des F\u00eates ou \u00e0 l\u2019\u00e9t\u00e9. Comme il arrive que les proches n\u2019habitent pas en \u00e9troite proximit\u00e9, les Canadiens ont tendance \u00e0 former de solides amiti\u00e9s avec des personnes qui ne font pas partie de leur famille et se r\u00e9unissent souvent la fin de semaine et dans le cadre d\u2019\u00e9v\u00e9nements sp\u00e9ciaux.<\/p>\n<p>Dans la majorit\u00e9 des cas, les deux parents travaillent \u00e0 l\u2019ext\u00e9rieur du foyer, mais la tendance courante veut que l\u2019un des parents, ou les deux, travaille de son bureau situ\u00e9 \u00e0 la maison. Selon les engagements de carri\u00e8res, tels que le travail par quarts ou exigeant des d\u00e9placements, il arrive que l\u2019un des parents ait \u00e0 s\u2019absenter de la maison \u00e0 diff\u00e9rents intervalles.<\/p>\n<p>Les Canadiens accordent beaucoup d\u2019importance \u00e0 l\u2019\u00e9ducation et consacrent beaucoup d\u2019efforts au succ\u00e8s scolaire de leurs enfants. Cela pourrait exiger que la famille entretienne des communications fr\u00e9quentes avec les enseignants et les administrateurs de l\u2019\u00e9cole ou que l\u2019on aide l\u2019\u00e9tudiant \u00e0 faire ses devoirs apr\u00e8s le repas du soir.<\/p>\n<p>Les familles canadiennes privil\u00e9gient aussi l\u2019implication dans la collectivit\u00e9 sous diverses formes, mais quelques activit\u00e9s familiales courantes avec les enfants incluent la pratique de sports (telles que le hockey sur glace en \u00e9quipe ou le ski) et les activit\u00e9s culturelles (telles que des le\u00e7ons de musique ou de danse). \u00a0Bon nombre de familles ont une appartenance religieuse et plusieurs \u00e9v\u00e9nements incluent la participation \u00e0 des offices religieux et les \u00e9v\u00e9nements sociaux associ\u00e9s. Plusieurs familles donnent aussi de leur temps et leurs ressources pour aider les moins fortun\u00e9s et se portent b\u00e9n\u00e9voles lors des collectes de fonds pour des \u0153uvres de bienfaisance appuyant une cause particuli\u00e8re.<\/p>\n<p>Dans la plupart des foyers canadiens, la famille tout enti\u00e8re participe aux t\u00e2ches m\u00e9nag\u00e8res et la responsabilit\u00e9 de l\u2019\u00e9ducation des enfants est partag\u00e9e entre les deux parents lorsque la famille compte plus d\u2019un parent. Dans les foyers canadiens, l\u2019homme n\u2019est pas consid\u00e9r\u00e9 comme le \u00ab chef de la famille \u00bb et la relation conjugale est habituellement un partenariat entre \u00e9gaux. \u00a0L\u2019homme et la femme assument ensemble les d\u00e9cisions financi\u00e8res de la famille et les femmes ont le droit de poss\u00e9der des biens et d\u2019avoir leur propres comptes bancaires et cartes de cr\u00e9dit. \u00a0Le Canada poss\u00e8de des lois tr\u00e8s strictes contre tout type d\u2019abus familial.<\/p>\n<h4><strong>Vous avez besoin de plus d\u2019information au sujet de la vie de famille en Ontario ?<\/strong><\/h4>\n<ul>\n<li><a href=\"http:\/\/www.cic.gc.ca\/english\/newcomers\/before-family.asp\" target=\"_blank\" rel=\"noopener\">Gouvernement du Canada : Avant votre arriv\u00e9e, apprenez \u00e0 conna\u00eetre le Canada \u2013 La vie de famille<\/a><\/li>\n<li><a href=\"http:\/\/www.canada.com\/life\/Family+facts+Latest+trends+statistics+from+Vanier+Institute\/3604102\/story.html\" target=\"_blank\" rel=\"noopener\">Family facts: Latest Trends and Statistics from the Vanier Institute (en anglais seulement) [Faits sur la famille : Les plus r\u00e9centes tendances et statistiques de l\u2019Institut Vanier]<\/a><\/li>\n<\/ul>\n<\/div>\n<\/div><\/div><\/div><\/div><\/div><\/div><\/div>","protected":false},"excerpt":{"rendered":"Culture locale en Ontario Accueil Culture des adolescents en Ontario Culture autochtone en Ontario Culture locale en Ontario La culture francophone en Ontario Map Overview District List Les foyers et les familles sont \u00e0 ce point diff\u00e9rents qu\u2019il est difficile de g\u00e9n\u00e9raliser sur la culture canadienne \u00e0 la maison. Les familles canadiennes vont bien au-del\u00e0&#8230; <a class=\"view-article\" href=\"https:\/\/www.oasdi.ca\/fr\/vivre-en-ontario\/culture-canadienne\/locale\/\">View Article<\/a>","protected":false},"author":237,"featured_media":17001,"parent":18366,"menu_order":0,"comment_status":"closed","ping_status":"closed","template":"","meta":{"footnotes":""},"class_list":["post-18838","page","type-page","status-publish","has-post-thumbnail","hentry"],"yoast_head":"<!-- This site is optimized with the Yoast SEO plugin v21.5 - https:\/\/yoast.com\/wordpress\/plugins\/seo\/ -->\n<title>Culture locale en Ontario | \u00c9ducation internationale | AOCSI<\/title>\n<meta name=\"description\" content=\"La culture familiale et locale canadienne se pr\u00e9sente sous de nombreuses formes. Pour en savoir plus, cliquez ici.\" \/>\n<meta name=\"robots\" content=\"index, follow, max-snippet:-1, max-image-preview:large, max-video-preview:-1\" \/>\n<link rel=\"canonical\" href=\"https:\/\/www.oasdi.ca\/fr\/vivre-en-ontario\/culture-canadienne\/locale\/\" \/>\n<meta property=\"og:locale\" content=\"fr_FR\" \/>\n<meta property=\"og:type\" content=\"article\" \/>\n<meta property=\"og:title\" content=\"Culture locale en Ontario | \u00c9ducation internationale | AOCSI\" \/>\n<meta property=\"og:description\" content=\"La culture familiale et locale canadienne se pr\u00e9sente sous de nombreuses formes. Pour en savoir plus, cliquez ici.\" \/>\n<meta property=\"og:url\" content=\"https:\/\/www.oasdi.ca\/fr\/vivre-en-ontario\/culture-canadienne\/locale\/\" \/>\n<meta property=\"og:site_name\" content=\"OASDI\" \/>\n<meta property=\"article:modified_time\" content=\"2020-04-18T13:58:42+00:00\" \/>\n<meta property=\"og:image\" content=\"https:\/\/www.oasdi.ca\/wp-content\/uploads\/2020\/03\/Home-Culture-and-Types-of-Family.jpg\" \/>\n\t<meta property=\"og:image:width\" content=\"1440\" \/>\n\t<meta property=\"og:image:height\" content=\"268\" \/>\n\t<meta property=\"og:image:type\" content=\"image\/jpeg\" \/>\n<meta name=\"twitter:card\" content=\"summary_large_image\" \/>\n<meta name=\"twitter:label1\" content=\"Dur\u00e9e de lecture estim\u00e9e\" \/>\n\t<meta name=\"twitter:data1\" content=\"4 minutes\" \/>\n<script type=\"application\/ld+json\" class=\"yoast-schema-graph\">{\"@context\":\"https:\/\/schema.org\",\"@graph\":[{\"@type\":\"WebPage\",\"@id\":\"https:\/\/www.oasdi.ca\/fr\/vivre-en-ontario\/culture-canadienne\/locale\/\",\"url\":\"https:\/\/www.oasdi.ca\/fr\/vivre-en-ontario\/culture-canadienne\/locale\/\",\"name\":\"Culture locale en Ontario | \u00c9ducation internationale | AOCSI\",\"isPartOf\":{\"@id\":\"https:\/\/www.oasdi.ca\/fr\/#website\"},\"datePublished\":\"2020-03-22T15:46:28+00:00\",\"dateModified\":\"2020-04-18T13:58:42+00:00\",\"description\":\"La culture familiale et locale canadienne se pr\u00e9sente sous de nombreuses formes. Pour en savoir plus, cliquez ici.\",\"breadcrumb\":{\"@id\":\"https:\/\/www.oasdi.ca\/fr\/vivre-en-ontario\/culture-canadienne\/locale\/#breadcrumb\"},\"inLanguage\":\"fr-FR\",\"potentialAction\":[{\"@type\":\"ReadAction\",\"target\":[\"https:\/\/www.oasdi.ca\/fr\/vivre-en-ontario\/culture-canadienne\/locale\/\"]}]},{\"@type\":\"BreadcrumbList\",\"@id\":\"https:\/\/www.oasdi.ca\/fr\/vivre-en-ontario\/culture-canadienne\/locale\/#breadcrumb\",\"itemListElement\":[{\"@type\":\"ListItem\",\"position\":1,\"name\":\"Accueil\",\"item\":\"https:\/\/www.oasdi.ca\/fr\/\"},{\"@type\":\"ListItem\",\"position\":2,\"name\":\"Vivre en Ontario en tant qu&#8217;\u00e9tudiant \u00e9tranger\",\"item\":\"https:\/\/www.oasdi.ca\/fr\/vivre-en-ontario\/\"},{\"@type\":\"ListItem\",\"position\":3,\"name\":\"Culture canadienne\",\"item\":\"https:\/\/www.oasdi.ca\/fr\/vivre-en-ontario\/culture-canadienne\/\"},{\"@type\":\"ListItem\",\"position\":4,\"name\":\"Culture locale en Ontario\"}]},{\"@type\":\"WebSite\",\"@id\":\"https:\/\/www.oasdi.ca\/fr\/#website\",\"url\":\"https:\/\/www.oasdi.ca\/fr\/\",\"name\":\"OASDI\",\"description\":\"Ontario Association of School District International\",\"publisher\":{\"@id\":\"https:\/\/www.oasdi.ca\/fr\/#organization\"},\"potentialAction\":[{\"@type\":\"SearchAction\",\"target\":{\"@type\":\"EntryPoint\",\"urlTemplate\":\"https:\/\/www.oasdi.ca\/fr\/?s={search_term_string}\"},\"query-input\":\"required name=search_term_string\"}],\"inLanguage\":\"fr-FR\"},{\"@type\":\"Organization\",\"@id\":\"https:\/\/www.oasdi.ca\/fr\/#organization\",\"name\":\"OASDI\",\"url\":\"https:\/\/www.oasdi.ca\/fr\/\",\"logo\":{\"@type\":\"ImageObject\",\"inLanguage\":\"fr-FR\",\"@id\":\"https:\/\/www.oasdi.ca\/fr\/#\/schema\/logo\/image\/\",\"url\":\"https:\/\/www.oasdi.ca\/wp-content\/uploads\/2020\/02\/cropped-oasdi-logo.png\",\"contentUrl\":\"https:\/\/www.oasdi.ca\/wp-content\/uploads\/2020\/02\/cropped-oasdi-logo.png\",\"width\":468,\"height\":96,\"caption\":\"OASDI\"},\"image\":{\"@id\":\"https:\/\/www.oasdi.ca\/fr\/#\/schema\/logo\/image\/\"}}]}<\/script>\n<!-- \/ Yoast SEO plugin. -->","yoast_head_json":{"title":"Culture locale en Ontario | \u00c9ducation internationale | AOCSI","description":"La culture familiale et locale canadienne se pr\u00e9sente sous de nombreuses formes. Pour en savoir plus, cliquez ici.","robots":{"index":"index","follow":"follow","max-snippet":"max-snippet:-1","max-image-preview":"max-image-preview:large","max-video-preview":"max-video-preview:-1"},"canonical":"https:\/\/www.oasdi.ca\/fr\/vivre-en-ontario\/culture-canadienne\/locale\/","og_locale":"fr_FR","og_type":"article","og_title":"Culture locale en Ontario | \u00c9ducation internationale | AOCSI","og_description":"La culture familiale et locale canadienne se pr\u00e9sente sous de nombreuses formes. Pour en savoir plus, cliquez ici.","og_url":"https:\/\/www.oasdi.ca\/fr\/vivre-en-ontario\/culture-canadienne\/locale\/","og_site_name":"OASDI","article_modified_time":"2020-04-18T13:58:42+00:00","og_image":[{"width":1440,"height":268,"url":"https:\/\/www.oasdi.ca\/wp-content\/uploads\/2020\/03\/Home-Culture-and-Types-of-Family.jpg","type":"image\/jpeg"}],"twitter_card":"summary_large_image","twitter_misc":{"Dur\u00e9e de lecture estim\u00e9e":"4 minutes"},"schema":{"@context":"https:\/\/schema.org","@graph":[{"@type":"WebPage","@id":"https:\/\/www.oasdi.ca\/fr\/vivre-en-ontario\/culture-canadienne\/locale\/","url":"https:\/\/www.oasdi.ca\/fr\/vivre-en-ontario\/culture-canadienne\/locale\/","name":"Culture locale en Ontario | \u00c9ducation internationale | AOCSI","isPartOf":{"@id":"https:\/\/www.oasdi.ca\/fr\/#website"},"datePublished":"2020-03-22T15:46:28+00:00","dateModified":"2020-04-18T13:58:42+00:00","description":"La culture familiale et locale canadienne se pr\u00e9sente sous de nombreuses formes. Pour en savoir plus, cliquez ici.","breadcrumb":{"@id":"https:\/\/www.oasdi.ca\/fr\/vivre-en-ontario\/culture-canadienne\/locale\/#breadcrumb"},"inLanguage":"fr-FR","potentialAction":[{"@type":"ReadAction","target":["https:\/\/www.oasdi.ca\/fr\/vivre-en-ontario\/culture-canadienne\/locale\/"]}]},{"@type":"BreadcrumbList","@id":"https:\/\/www.oasdi.ca\/fr\/vivre-en-ontario\/culture-canadienne\/locale\/#breadcrumb","itemListElement":[{"@type":"ListItem","position":1,"name":"Accueil","item":"https:\/\/www.oasdi.ca\/fr\/"},{"@type":"ListItem","position":2,"name":"Vivre en Ontario en tant qu&#8217;\u00e9tudiant \u00e9tranger","item":"https:\/\/www.oasdi.ca\/fr\/vivre-en-ontario\/"},{"@type":"ListItem","position":3,"name":"Culture canadienne","item":"https:\/\/www.oasdi.ca\/fr\/vivre-en-ontario\/culture-canadienne\/"},{"@type":"ListItem","position":4,"name":"Culture locale en Ontario"}]},{"@type":"WebSite","@id":"https:\/\/www.oasdi.ca\/fr\/#website","url":"https:\/\/www.oasdi.ca\/fr\/","name":"OASDI","description":"Ontario Association of School District International","publisher":{"@id":"https:\/\/www.oasdi.ca\/fr\/#organization"},"potentialAction":[{"@type":"SearchAction","target":{"@type":"EntryPoint","urlTemplate":"https:\/\/www.oasdi.ca\/fr\/?s={search_term_string}"},"query-input":"required name=search_term_string"}],"inLanguage":"fr-FR"},{"@type":"Organization","@id":"https:\/\/www.oasdi.ca\/fr\/#organization","name":"OASDI","url":"https:\/\/www.oasdi.ca\/fr\/","logo":{"@type":"ImageObject","inLanguage":"fr-FR","@id":"https:\/\/www.oasdi.ca\/fr\/#\/schema\/logo\/image\/","url":"https:\/\/www.oasdi.ca\/wp-content\/uploads\/2020\/02\/cropped-oasdi-logo.png","contentUrl":"https:\/\/www.oasdi.ca\/wp-content\/uploads\/2020\/02\/cropped-oasdi-logo.png","width":468,"height":96,"caption":"OASDI"},"image":{"@id":"https:\/\/www.oasdi.ca\/fr\/#\/schema\/logo\/image\/"}}]}},"_links":{"self":[{"href":"https:\/\/www.oasdi.ca\/fr\/wp-json\/wp\/v2\/pages\/18838"}],"collection":[{"href":"https:\/\/www.oasdi.ca\/fr\/wp-json\/wp\/v2\/pages"}],"about":[{"href":"https:\/\/www.oasdi.ca\/fr\/wp-json\/wp\/v2\/types\/page"}],"author":[{"embeddable":true,"href":"https:\/\/www.oasdi.ca\/fr\/wp-json\/wp\/v2\/users\/237"}],"replies":[{"embeddable":true,"href":"https:\/\/www.oasdi.ca\/fr\/wp-json\/wp\/v2\/comments?post=18838"}],"version-history":[{"count":0,"href":"https:\/\/www.oasdi.ca\/fr\/wp-json\/wp\/v2\/pages\/18838\/revisions"}],"up":[{"embeddable":true,"href":"https:\/\/www.oasdi.ca\/fr\/wp-json\/wp\/v2\/pages\/18366"}],"wp:featuredmedia":[{"embeddable":true,"href":"https:\/\/www.oasdi.ca\/fr\/wp-json\/wp\/v2\/media\/17001"}],"wp:attachment":[{"href":"https:\/\/www.oasdi.ca\/fr\/wp-json\/wp\/v2\/media?parent=18838"}],"curies":[{"name":"wp","href":"https:\/\/api.w.org\/{rel}","templated":true}]}}