{"id":18797,"date":"2020-03-22T15:41:11","date_gmt":"2020-03-22T15:41:11","guid":{"rendered":"http:\/\/oasdi.ca\/vivre-en-ontario\/culture-canadienne\/francophone\/"},"modified":"2020-04-18T13:38:31","modified_gmt":"2020-04-18T13:38:31","slug":"francophone","status":"publish","type":"page","link":"https:\/\/www.oasdi.ca\/fr\/vivre-en-ontario\/culture-canadienne\/francophone\/","title":{"rendered":"La culture francophone en Ontario"},"content":{"rendered":"<div id=\"pl-18797\"  class=\"panel-layout\" ><div id=\"pg-18797-0\"  class=\"panel-grid panel-no-style\" ><div id=\"pgc-18797-0-0\"  class=\"panel-grid-cell\" ><div id=\"panel-18797-0-0-0\" class=\"so-panel widget widget_sow-image panel-first-child panel-last-child\" data-index=\"0\" ><div class=\"is-featured-img panel-widget-style panel-widget-style-for-18797-0-0-0\" ><div\n\t\t\t\n\t\t\tclass=\"so-widget-sow-image so-widget-sow-image-default-c4f6304fc136-18797\"\n\t\t\t\n\t\t>\n\n<div class=\"sow-image-container\">\n\t\t<img loading=\"lazy\" decoding=\"async\" src=\"https:\/\/www.oasdi.ca\/wp-content\/uploads\/2020\/03\/onatrio-canada.jpg\" width=\"1440\" height=\"268\" srcset=\"https:\/\/www.oasdi.ca\/wp-content\/uploads\/2020\/03\/onatrio-canada.jpg 1440w, https:\/\/www.oasdi.ca\/wp-content\/uploads\/2020\/03\/onatrio-canada-250x47.jpg 250w, https:\/\/www.oasdi.ca\/wp-content\/uploads\/2020\/03\/onatrio-canada-700x130.jpg 700w, https:\/\/www.oasdi.ca\/wp-content\/uploads\/2020\/03\/onatrio-canada-768x143.jpg 768w, https:\/\/www.oasdi.ca\/wp-content\/uploads\/2020\/03\/onatrio-canada-500x93.jpg 500w, https:\/\/www.oasdi.ca\/wp-content\/uploads\/2020\/03\/onatrio-canada-120x22.jpg 120w\" sizes=\"(max-width: 1440px) 100vw, 1440px\" title=\"onatrio canada\" alt=\"\" \t\tclass=\"so-widget-image\"\/>\n\t<\/div>\n\n<\/div><\/div><\/div><\/div><\/div><div id=\"pg-18797-1\"  class=\"panel-grid panel-has-style\" ><div class=\"has-container panel-row-style panel-row-style-for-18797-1\" ><div id=\"pgc-18797-1-0\"  class=\"panel-grid-cell\" ><div id=\"panel-18797-1-0-0\" class=\"so-panel widget widget_hem-seo-title-widget panel-first-child panel-last-child\" data-index=\"1\" ><div class=\"panel-widget-style panel-widget-style-for-18797-1-0-0\" ><div\n\t\t\t\n\t\t\tclass=\"so-widget-hem-seo-title-widget so-widget-hem-seo-title-widget-hem-seo-title-widget-style-d75171398898-18797\"\n\t\t\t\n\t\t>\n<h1 style=\"font-size:px;\">La culture francophone en Ontario<\/h1>\n\n\n\n\t<!-- <div class=\"breadcrumb-trail\"><a href=\"index.php\">Home<\/a> \u00bb <span class=\"breadcrumb-current\">About<\/span><\/div> -->\n\t<div class=\"test1\"><span><span><a href=\"https:\/\/www.oasdi.ca\/fr\/\">Accueil<\/a><\/span><\/span><\/div>\n<\/div><\/div><\/div><\/div><\/div><\/div><div id=\"pg-18797-2\"  class=\"panel-grid panel-has-style\" ><div class=\"has-container panel-row-style panel-row-style-for-18797-2\" ><div id=\"pgc-18797-2-0\"  class=\"panel-grid-cell\" ><div id=\"panel-18797-2-0-0\" class=\"so-panel widget widget_hem-sidebar-menu-widget panel-first-child\" data-index=\"2\" ><div\n\t\t\t\n\t\t\tclass=\"so-widget-hem-sidebar-menu-widget so-widget-hem-sidebar-menu-widget-hem-sidebar-menu-widget-style-d75171398898-18797\"\n\t\t\t\n\t\t><div id=\"sidebar\">\n\t\t\t<ul id=\"side-menu\" class=\"side-menu menu-embedded\">\n\t\t\t\n\t\t\t\t\t\t\t\t\n\t\t\t\t\t\t\t\t\t\t\t<li><a href=\"https:\/\/www.oasdi.ca\/fr\/vivre-en-ontario\/culture-canadienne\/adolescent\/\">Culture des adolescents en Ontario<\/a><\/li>\n\t\t\t\t\t\t\t\t\t\t\t\t\t\n\t\t\t\t\t\t\t\t\t\t\t<li><a href=\"https:\/\/www.oasdi.ca\/fr\/vivre-en-ontario\/culture-canadienne\/autochtones\/\">Culture autochtone en Ontario<\/a><\/li>\n\t\t\t\t\t\t\t\t\t\t\t\t\t\n\t\t\t\t\t\t\t\t\t\t\t<li><a href=\"https:\/\/www.oasdi.ca\/fr\/vivre-en-ontario\/culture-canadienne\/locale\/\">Culture locale en Ontario<\/a><\/li>\n\t\t\t\t\t\t\t\t\t\t\t\t\t\n\t\t\t\t\t\t\t\t\t\t\t<li><a class=\"active\" href=\"https:\/\/www.oasdi.ca\/fr\/vivre-en-ontario\/culture-canadienne\/francophone\/\">La culture francophone en Ontario<\/a><\/li>\n\t\t\t\t\t\t\t\t\t\t\n\n\t\t\t\t<!-- Extra menu -->\n\t\t\t\t\n\n\n\t\t\t\t\t<\/ul>\n\t\n\n<\/div><\/div><\/div><div id=\"panel-18797-2-0-1\" class=\"so-panel widget widget_hem-sidebar-link-widget panel-last-child\" data-index=\"3\" ><div\n\t\t\t\n\t\t\tclass=\"so-widget-hem-sidebar-link-widget so-widget-hem-sidebar-link-widget-hem-sidebar-link-widget-style-d75171398898-18797\"\n\t\t\t\n\t\t><div id=\"sidebar\" class=\"external-link-only\">\n\n\n\n\t\t\t\t<!-- Extra menu -->\n\t\t\t\t\t\t\t\t\t<ul id=\"side-menu\" class=\"side-menu menu-embedded\">\n\t\t\t\t\t\t\t\t\t\t\t\t\t\t\t\t\t\t\t\t\t<li><a  href=\"https:\/\/www.oasdi.ca\/map-search\/\">Map Overview<\/a><\/li>\n\t\t\t\t\t\t\t\t\t\t\t\t\t\t\n\t\t\t\t\t\t\t\t\t\t\t\t\t\t\t\t\t\t\t\t\t<li><a  href=\"https:\/\/www.oasdi.ca\/district-list\/\">District List<\/a><\/li>\n\t\t\t\t\t\t\t\t\t\t\t\t\t\t\n\t\t\t\t\t\t\t\n\t\t\t\t\t<\/ul>\n\t\t\t\t\n\t\t\t\t\n\n\n\n\n<\/div><\/div><\/div><\/div><div id=\"pgc-18797-2-1\"  class=\"panel-grid-cell\" ><div class=\"pl-sm-3 pl-md-5 panel-cell-style panel-cell-style-for-18797-2-1\" ><div id=\"panel-18797-2-1-0\" class=\"so-panel widget widget_sow-editor panel-first-child panel-last-child\" data-index=\"4\" ><div\n\t\t\t\n\t\t\tclass=\"so-widget-sow-editor so-widget-sow-editor-base\"\n\t\t\t\n\t\t>\n<div class=\"siteorigin-widget-tinymce textwidget\">\n\t<p>La culture francophone et l\u2019utilisation de la langue fran\u00e7aise ont une longue et importante histoire en Ontario. \u00a0Bien qu\u2019un grand nombre de gens en Ontario parlent et \u00e9crivent couramment en langue fran\u00e7aise, plus de 600 000 personnes s\u2019identifient comme Franco-ontariens, ce qui signifie que le fran\u00e7ais est leur langue maternelle et qu\u2019ils sont des r\u00e9sidents de l\u2019Ontario.<\/p>\n<p>Environ 80 % des Franco-ontariens sont n\u00e9s en Ontario ou dans la province voisine du Qu\u00e9bec.\u00a0\u00a0 Pr\u00e8s de 20 % des francophones de l\u2019Ontario sont n\u00e9s en dehors du Canada, et cette immigration en provenance de diverses r\u00e9gions du monde comme l\u2019Afrique, l\u2019Europe et les Cara\u00efbes a accru la diversit\u00e9 des collectivit\u00e9s francophones en Ontario.\u00a0 Les \u00e9coles de langue fran\u00e7aise servent de plaque tournante pour rassembler les francophones en raison des liens linguistiques qui les unissent.<\/p>\n<p>La majorit\u00e9 de la population franco-ontarienne habite dans l\u2019est du Canada, tout particuli\u00e8rement \u00e0 Ottawa, Cornwall et ses collectivit\u00e9s environnantes.\u00a0 Le deuxi\u00e8me groupe de Franco-ontariens en importance habite dans le centre de l\u2019Ontario, dans des villes comme Windsor et Welland.\u00a0 Certaines collectivit\u00e9s dans le nord de l\u2019Ontario comptent aussi d\u2019importantes populations de francophones comme Sudbury, North Bay et Timmins.<\/p>\n<p>La culture francophone se porte bien en Ontario et elle est appuy\u00e9e par quantit\u00e9 de festivals ainsi que par une vie artistique des plus vibrantes.\u00a0 Parmi les \u00e9v\u00e9nements majeurs mettant en lumi\u00e8re la culture franco-ontarienne, citons le\u00a0\u00a0<a href=\"http:\/\/ffo.ca\/index.php\/en\/program\" target=\"_blank\" rel=\"noopener\"><em>Festival franco-ontarien\u00a0<\/em><\/a>\u00a0\u00e0 Ottawa, la\u00a0<a href=\"http:\/\/www.franco-fete.ca\/\" target=\"_blank\" rel=\"noopener\"><em>Franco-f\u00eate\u00a0<\/em><\/a>\u00a0\u00e0 Toronto et\u00a0<a href=\"http:\/\/www.lanuit.ca\/\" target=\"_blank\" rel=\"noopener\"><em>La Nuit sur l\u2019\u00c9tang\u00a0<\/em><\/a>\u00a0de Sudbury.\u00a0 La culture francophone est aussi pr\u00e9sente dans les nombreux journaux de langue fran\u00e7aise, les stations de t\u00e9l\u00e9vision et de radio ainsi que dans la musique, la danse et les diverses formes d\u2019art. \u00a0Plusieurs mets trouvant leurs origines dans les traditions culinaires canadiennes-fran\u00e7aises font d\u00e9sormais partie des aliments grand public, y compris la tourti\u00e8re (p\u00e2t\u00e9 \u00e0 la viande) et la poutine (des frites avec du fromage en grains et de la sauce).<\/p>\n<p><strong><em>Vous avez besoin de plus d\u2019informations au sujet de la culture francophone en Ontario ?<\/em><\/strong><\/p>\n<ul>\n<li><a href=\"http:\/\/www.ontarioimmigration.ca\/en\/living\/OI_HOW_LIVE_FRENCH_CULTURE.html\" target=\"_blank\" rel=\"noopener\">www.ontarioimmigration.ca\/fr\/living\/OI_FR_HOW_LIVE_FRENCH_CULTURE.html<\/a><\/li>\n<li><a href=\"http:\/\/francoculture.ca\/\" target=\"_blank\" rel=\"noopener\">http:\/\/francoculture.ca<\/a><\/li>\n<li><a href=\"http:\/\/www.heritagetrust.on.ca\/corporatesite\/media\/oht\/pdfs\/hm-se-may-2012-eng.pdf\" target=\"_blank\" rel=\"noopener\">www.heritagetrust.on.ca\/fr\/index.php\/corporatesite\/media\/oht\/pdfs\/hm-se-may-2012-eng.pdf?p=corporatesite\/media\/oht\/pdfs\/hm-se-may-2012-eng.pdf<\/a><\/li>\n<li><a href=\"https:\/\/www.ontario.ca\/page\/franco-ontarian-history\" target=\"_blank\" rel=\"noopener\">www.ontario.ca\/fr\/page\/histoire-franco-ontarienne<\/a><\/li>\n<li><a href=\"http:\/\/www.elfontario.ca\/index_en.html\" target=\"_blank\" rel=\"noopener\">www.elfontario.ca\/index.html<\/a><\/li>\n<li><a href=\"http:\/\/profils.fcfa.ca\/en\/Francophone-Diversity_318\" target=\"_blank\" rel=\"noopener\">profils.fcfa.ca\/fr\/Diversite-Francophone_318<\/a><\/li>\n<li><a href=\"https:\/\/en.wikipedia.org\/wiki\/Franco-Ontarian\" target=\"_blank\" rel=\"noopener\">https:\/\/en.wikipedia.org\/wiki\/Franco-Ontarian<\/a><\/li>\n<\/ul>\n<\/div>\n<\/div><\/div><\/div><\/div><\/div><\/div><\/div>","protected":false},"excerpt":{"rendered":"La culture francophone en Ontario Accueil Culture des adolescents en Ontario Culture autochtone en Ontario Culture locale en Ontario La culture francophone en Ontario Map Overview District List La culture francophone et l\u2019utilisation de la langue fran\u00e7aise ont une longue et importante histoire en Ontario. \u00a0Bien qu\u2019un grand nombre de gens en Ontario parlent et&#8230; <a class=\"view-article\" href=\"https:\/\/www.oasdi.ca\/fr\/vivre-en-ontario\/culture-canadienne\/francophone\/\">View Article<\/a>","protected":false},"author":237,"featured_media":16984,"parent":18366,"menu_order":0,"comment_status":"closed","ping_status":"closed","template":"","meta":{"footnotes":""},"class_list":["post-18797","page","type-page","status-publish","has-post-thumbnail","hentry"],"yoast_head":"<!-- This site is optimized with the Yoast SEO plugin v21.5 - https:\/\/yoast.com\/wordpress\/plugins\/seo\/ -->\n<title>Culture francophone en Ontario | \u00c9ducation internationale<\/title>\n<meta name=\"description\" content=\"La culture francophone en Ontario a une longue et pr\u00e9cieuse histoire qui remonte \u00e0 plusieurs si\u00e8cles. Cliquez ici pour plus d&#039;infos sur les Franco-ontariens.\" \/>\n<meta name=\"robots\" content=\"index, follow, max-snippet:-1, max-image-preview:large, max-video-preview:-1\" \/>\n<link rel=\"canonical\" href=\"https:\/\/www.oasdi.ca\/fr\/vivre-en-ontario\/culture-canadienne\/francophone\/\" \/>\n<meta property=\"og:locale\" content=\"fr_FR\" \/>\n<meta property=\"og:type\" content=\"article\" \/>\n<meta property=\"og:title\" content=\"Culture francophone en Ontario | \u00c9ducation internationale\" \/>\n<meta property=\"og:description\" content=\"La culture francophone en Ontario a une longue et pr\u00e9cieuse histoire qui remonte \u00e0 plusieurs si\u00e8cles. Cliquez ici pour plus d&#039;infos sur les Franco-ontariens.\" \/>\n<meta property=\"og:url\" content=\"https:\/\/www.oasdi.ca\/fr\/vivre-en-ontario\/culture-canadienne\/francophone\/\" \/>\n<meta property=\"og:site_name\" content=\"OASDI\" \/>\n<meta property=\"article:modified_time\" content=\"2020-04-18T13:38:31+00:00\" \/>\n<meta property=\"og:image\" content=\"https:\/\/www.oasdi.ca\/wp-content\/uploads\/2020\/03\/banner-43.jpg\" \/>\n\t<meta property=\"og:image:width\" content=\"1440\" \/>\n\t<meta property=\"og:image:height\" content=\"268\" \/>\n\t<meta property=\"og:image:type\" content=\"image\/jpeg\" \/>\n<meta name=\"twitter:card\" content=\"summary_large_image\" \/>\n<meta name=\"twitter:label1\" content=\"Dur\u00e9e de lecture estim\u00e9e\" \/>\n\t<meta name=\"twitter:data1\" content=\"2 minutes\" \/>\n<script type=\"application\/ld+json\" class=\"yoast-schema-graph\">{\"@context\":\"https:\/\/schema.org\",\"@graph\":[{\"@type\":\"WebPage\",\"@id\":\"https:\/\/www.oasdi.ca\/fr\/vivre-en-ontario\/culture-canadienne\/francophone\/\",\"url\":\"https:\/\/www.oasdi.ca\/fr\/vivre-en-ontario\/culture-canadienne\/francophone\/\",\"name\":\"Culture francophone en Ontario | \u00c9ducation internationale\",\"isPartOf\":{\"@id\":\"https:\/\/www.oasdi.ca\/fr\/#website\"},\"datePublished\":\"2020-03-22T15:41:11+00:00\",\"dateModified\":\"2020-04-18T13:38:31+00:00\",\"description\":\"La culture francophone en Ontario a une longue et pr\u00e9cieuse histoire qui remonte \u00e0 plusieurs si\u00e8cles. Cliquez ici pour plus d'infos sur les Franco-ontariens.\",\"breadcrumb\":{\"@id\":\"https:\/\/www.oasdi.ca\/fr\/vivre-en-ontario\/culture-canadienne\/francophone\/#breadcrumb\"},\"inLanguage\":\"fr-FR\",\"potentialAction\":[{\"@type\":\"ReadAction\",\"target\":[\"https:\/\/www.oasdi.ca\/fr\/vivre-en-ontario\/culture-canadienne\/francophone\/\"]}]},{\"@type\":\"BreadcrumbList\",\"@id\":\"https:\/\/www.oasdi.ca\/fr\/vivre-en-ontario\/culture-canadienne\/francophone\/#breadcrumb\",\"itemListElement\":[{\"@type\":\"ListItem\",\"position\":1,\"name\":\"Accueil\",\"item\":\"https:\/\/www.oasdi.ca\/fr\/\"},{\"@type\":\"ListItem\",\"position\":2,\"name\":\"Vivre en Ontario en tant qu&#8217;\u00e9tudiant \u00e9tranger\",\"item\":\"https:\/\/www.oasdi.ca\/fr\/vivre-en-ontario\/\"},{\"@type\":\"ListItem\",\"position\":3,\"name\":\"Culture canadienne\",\"item\":\"https:\/\/www.oasdi.ca\/fr\/vivre-en-ontario\/culture-canadienne\/\"},{\"@type\":\"ListItem\",\"position\":4,\"name\":\"La culture francophone en Ontario\"}]},{\"@type\":\"WebSite\",\"@id\":\"https:\/\/www.oasdi.ca\/fr\/#website\",\"url\":\"https:\/\/www.oasdi.ca\/fr\/\",\"name\":\"OASDI\",\"description\":\"Ontario Association of School District International\",\"publisher\":{\"@id\":\"https:\/\/www.oasdi.ca\/fr\/#organization\"},\"potentialAction\":[{\"@type\":\"SearchAction\",\"target\":{\"@type\":\"EntryPoint\",\"urlTemplate\":\"https:\/\/www.oasdi.ca\/fr\/?s={search_term_string}\"},\"query-input\":\"required name=search_term_string\"}],\"inLanguage\":\"fr-FR\"},{\"@type\":\"Organization\",\"@id\":\"https:\/\/www.oasdi.ca\/fr\/#organization\",\"name\":\"OASDI\",\"url\":\"https:\/\/www.oasdi.ca\/fr\/\",\"logo\":{\"@type\":\"ImageObject\",\"inLanguage\":\"fr-FR\",\"@id\":\"https:\/\/www.oasdi.ca\/fr\/#\/schema\/logo\/image\/\",\"url\":\"https:\/\/www.oasdi.ca\/wp-content\/uploads\/2020\/02\/cropped-oasdi-logo.png\",\"contentUrl\":\"https:\/\/www.oasdi.ca\/wp-content\/uploads\/2020\/02\/cropped-oasdi-logo.png\",\"width\":468,\"height\":96,\"caption\":\"OASDI\"},\"image\":{\"@id\":\"https:\/\/www.oasdi.ca\/fr\/#\/schema\/logo\/image\/\"}}]}<\/script>\n<!-- \/ Yoast SEO plugin. -->","yoast_head_json":{"title":"Culture francophone en Ontario | \u00c9ducation internationale","description":"La culture francophone en Ontario a une longue et pr\u00e9cieuse histoire qui remonte \u00e0 plusieurs si\u00e8cles. Cliquez ici pour plus d'infos sur les Franco-ontariens.","robots":{"index":"index","follow":"follow","max-snippet":"max-snippet:-1","max-image-preview":"max-image-preview:large","max-video-preview":"max-video-preview:-1"},"canonical":"https:\/\/www.oasdi.ca\/fr\/vivre-en-ontario\/culture-canadienne\/francophone\/","og_locale":"fr_FR","og_type":"article","og_title":"Culture francophone en Ontario | \u00c9ducation internationale","og_description":"La culture francophone en Ontario a une longue et pr\u00e9cieuse histoire qui remonte \u00e0 plusieurs si\u00e8cles. Cliquez ici pour plus d'infos sur les Franco-ontariens.","og_url":"https:\/\/www.oasdi.ca\/fr\/vivre-en-ontario\/culture-canadienne\/francophone\/","og_site_name":"OASDI","article_modified_time":"2020-04-18T13:38:31+00:00","og_image":[{"width":1440,"height":268,"url":"https:\/\/www.oasdi.ca\/wp-content\/uploads\/2020\/03\/banner-43.jpg","type":"image\/jpeg"}],"twitter_card":"summary_large_image","twitter_misc":{"Dur\u00e9e de lecture estim\u00e9e":"2 minutes"},"schema":{"@context":"https:\/\/schema.org","@graph":[{"@type":"WebPage","@id":"https:\/\/www.oasdi.ca\/fr\/vivre-en-ontario\/culture-canadienne\/francophone\/","url":"https:\/\/www.oasdi.ca\/fr\/vivre-en-ontario\/culture-canadienne\/francophone\/","name":"Culture francophone en Ontario | \u00c9ducation internationale","isPartOf":{"@id":"https:\/\/www.oasdi.ca\/fr\/#website"},"datePublished":"2020-03-22T15:41:11+00:00","dateModified":"2020-04-18T13:38:31+00:00","description":"La culture francophone en Ontario a une longue et pr\u00e9cieuse histoire qui remonte \u00e0 plusieurs si\u00e8cles. Cliquez ici pour plus d'infos sur les Franco-ontariens.","breadcrumb":{"@id":"https:\/\/www.oasdi.ca\/fr\/vivre-en-ontario\/culture-canadienne\/francophone\/#breadcrumb"},"inLanguage":"fr-FR","potentialAction":[{"@type":"ReadAction","target":["https:\/\/www.oasdi.ca\/fr\/vivre-en-ontario\/culture-canadienne\/francophone\/"]}]},{"@type":"BreadcrumbList","@id":"https:\/\/www.oasdi.ca\/fr\/vivre-en-ontario\/culture-canadienne\/francophone\/#breadcrumb","itemListElement":[{"@type":"ListItem","position":1,"name":"Accueil","item":"https:\/\/www.oasdi.ca\/fr\/"},{"@type":"ListItem","position":2,"name":"Vivre en Ontario en tant qu&#8217;\u00e9tudiant \u00e9tranger","item":"https:\/\/www.oasdi.ca\/fr\/vivre-en-ontario\/"},{"@type":"ListItem","position":3,"name":"Culture canadienne","item":"https:\/\/www.oasdi.ca\/fr\/vivre-en-ontario\/culture-canadienne\/"},{"@type":"ListItem","position":4,"name":"La culture francophone en Ontario"}]},{"@type":"WebSite","@id":"https:\/\/www.oasdi.ca\/fr\/#website","url":"https:\/\/www.oasdi.ca\/fr\/","name":"OASDI","description":"Ontario Association of School District International","publisher":{"@id":"https:\/\/www.oasdi.ca\/fr\/#organization"},"potentialAction":[{"@type":"SearchAction","target":{"@type":"EntryPoint","urlTemplate":"https:\/\/www.oasdi.ca\/fr\/?s={search_term_string}"},"query-input":"required name=search_term_string"}],"inLanguage":"fr-FR"},{"@type":"Organization","@id":"https:\/\/www.oasdi.ca\/fr\/#organization","name":"OASDI","url":"https:\/\/www.oasdi.ca\/fr\/","logo":{"@type":"ImageObject","inLanguage":"fr-FR","@id":"https:\/\/www.oasdi.ca\/fr\/#\/schema\/logo\/image\/","url":"https:\/\/www.oasdi.ca\/wp-content\/uploads\/2020\/02\/cropped-oasdi-logo.png","contentUrl":"https:\/\/www.oasdi.ca\/wp-content\/uploads\/2020\/02\/cropped-oasdi-logo.png","width":468,"height":96,"caption":"OASDI"},"image":{"@id":"https:\/\/www.oasdi.ca\/fr\/#\/schema\/logo\/image\/"}}]}},"_links":{"self":[{"href":"https:\/\/www.oasdi.ca\/fr\/wp-json\/wp\/v2\/pages\/18797"}],"collection":[{"href":"https:\/\/www.oasdi.ca\/fr\/wp-json\/wp\/v2\/pages"}],"about":[{"href":"https:\/\/www.oasdi.ca\/fr\/wp-json\/wp\/v2\/types\/page"}],"author":[{"embeddable":true,"href":"https:\/\/www.oasdi.ca\/fr\/wp-json\/wp\/v2\/users\/237"}],"replies":[{"embeddable":true,"href":"https:\/\/www.oasdi.ca\/fr\/wp-json\/wp\/v2\/comments?post=18797"}],"version-history":[{"count":0,"href":"https:\/\/www.oasdi.ca\/fr\/wp-json\/wp\/v2\/pages\/18797\/revisions"}],"up":[{"embeddable":true,"href":"https:\/\/www.oasdi.ca\/fr\/wp-json\/wp\/v2\/pages\/18366"}],"wp:featuredmedia":[{"embeddable":true,"href":"https:\/\/www.oasdi.ca\/fr\/wp-json\/wp\/v2\/media\/16984"}],"wp:attachment":[{"href":"https:\/\/www.oasdi.ca\/fr\/wp-json\/wp\/v2\/media?parent=18797"}],"curies":[{"name":"wp","href":"https:\/\/api.w.org\/{rel}","templated":true}]}}