{"id":18746,"date":"2020-03-19T12:15:22","date_gmt":"2020-03-19T12:15:22","guid":{"rendered":"http:\/\/oasdi.ca\/education-primaire-et-secondaire-en-ontario\/infographic\/"},"modified":"2020-04-30T15:26:46","modified_gmt":"2020-04-30T15:26:46","slug":"infographie","status":"publish","type":"page","link":"https:\/\/www.oasdi.ca\/fr\/education-primaire-et-secondaire-en-ontario\/infographie\/","title":{"rendered":"Graphique du syst\u00e8me d&#8217;\u00e9ducation K-12 de l&#8217;Ontario"},"content":{"rendered":"<div id=\"pl-18746\"  class=\"panel-layout\" ><div id=\"pg-18746-0\"  class=\"panel-grid panel-has-style\" ><div class=\"panel-row-style panel-row-style-for-18746-0\" ><div id=\"pgc-18746-0-0\"  class=\"panel-grid-cell\" ><div id=\"panel-18746-0-0-0\" class=\"so-panel widget widget_sow-image panel-first-child panel-last-child\" data-index=\"0\" ><div class=\"is-featured-img panel-widget-style panel-widget-style-for-18746-0-0-0\" ><div\n\t\t\t\n\t\t\tclass=\"so-widget-sow-image so-widget-sow-image-default-c4f6304fc136-18746\"\n\t\t\t\n\t\t>\n\n<div class=\"sow-image-container\">\n\t\t<img loading=\"lazy\" decoding=\"async\" src=\"https:\/\/www.oasdi.ca\/wp-content\/uploads\/2020\/03\/ontario-k12.jpg\" width=\"1440\" height=\"268\" srcset=\"https:\/\/www.oasdi.ca\/wp-content\/uploads\/2020\/03\/ontario-k12.jpg 1440w, https:\/\/www.oasdi.ca\/wp-content\/uploads\/2020\/03\/ontario-k12-250x47.jpg 250w, https:\/\/www.oasdi.ca\/wp-content\/uploads\/2020\/03\/ontario-k12-700x130.jpg 700w, https:\/\/www.oasdi.ca\/wp-content\/uploads\/2020\/03\/ontario-k12-768x143.jpg 768w, https:\/\/www.oasdi.ca\/wp-content\/uploads\/2020\/03\/ontario-k12-120x22.jpg 120w\" sizes=\"(max-width: 1440px) 100vw, 1440px\" alt=\"Onatrio k12\" \t\tclass=\"so-widget-image\"\/>\n\t<\/div>\n\n<\/div><\/div><\/div><\/div><\/div><\/div><div id=\"pg-18746-1\"  class=\"panel-grid panel-has-style\" ><div class=\"has-container panel-row-style panel-row-style-for-18746-1\" ><div id=\"pgc-18746-1-0\"  class=\"panel-grid-cell\" ><div id=\"panel-18746-1-0-0\" class=\"so-panel widget widget_hem-seo-title-widget panel-first-child panel-last-child\" data-index=\"1\" ><div class=\"panel-widget-style panel-widget-style-for-18746-1-0-0\" ><div\n\t\t\t\n\t\t\tclass=\"so-widget-hem-seo-title-widget so-widget-hem-seo-title-widget-hem-seo-title-widget-style-d75171398898-18746\"\n\t\t\t\n\t\t>\n<h1 style=\"font-size:px;\">Graphique du syst\u00e8me d'\u00e9ducation K-12 de l'Ontario<\/h1>\n\n\n\n\t<!-- <div class=\"breadcrumb-trail\"><a href=\"index.php\">Home<\/a> \u00bb <span class=\"breadcrumb-current\">About<\/span><\/div> -->\n\t<div class=\"test1\"><span><span><a href=\"https:\/\/www.oasdi.ca\/fr\/\">Accueil<\/a><\/span><\/span><\/div>\n<\/div><\/div><\/div><\/div><\/div><\/div><div id=\"pg-18746-2\"  class=\"panel-grid panel-has-style\" ><div class=\"has-container panel-row-style panel-row-style-for-18746-2\" ><div id=\"pgc-18746-2-0\"  class=\"panel-grid-cell\" ><div id=\"panel-18746-2-0-0\" class=\"so-panel widget widget_hem-sidebar-menu-widget panel-first-child\" data-index=\"2\" ><div\n\t\t\t\n\t\t\tclass=\"so-widget-hem-sidebar-menu-widget so-widget-hem-sidebar-menu-widget-hem-sidebar-menu-widget-style-d75171398898-18746\"\n\t\t\t\n\t\t><div id=\"sidebar\">\n\t\t\t<ul id=\"side-menu\" class=\"side-menu menu-embedded\">\n\t\t\t\n\t\t\t\t\t\t\t\t\n\t\t\t\t\t\t\t\t\t\t\t<li><a href=\"https:\/\/www.oasdi.ca\/fr\/education-primaire-et-secondaire-en-ontario\/faq\/\">Foire aux questions le syst\u00e8me d'\u00e9ducation K-12 de l'Ontario<\/a><\/li>\n\t\t\t\t\t\t\t\t\t\t\t\t\t\n\t\t\t\t\t\t\t\t\t\t\t<li><a href=\"https:\/\/www.oasdi.ca\/fr\/education-primaire-et-secondaire-en-ontario\/examen-evaluation-et-bulletins\/\">Rapport sur les progr\u00e8s des \u00e9l\u00e8ves en Ontario<\/a><\/li>\n\t\t\t\t\t\t\t\t\t\t\t\t\t\n\t\t\t\t\t\t\t\t\t\t\t<li><a href=\"https:\/\/www.oasdi.ca\/fr\/education-primaire-et-secondaire-en-ontario\/exigences-obtention-du-diplome\/\">Exigences d'obtention du dipl\u00f4me en Ontario<\/a><\/li>\n\t\t\t\t\t\t\t\t\t\t\t\t\t\n\t\t\t\t\t\t\t\t\t\t\t<li><a href=\"https:\/\/www.oasdi.ca\/fr\/education-primaire-et-secondaire-en-ontario\/programme-etudes\/\">Programme d'\u00e9tude primaire en Ontario<\/a><\/li>\n\t\t\t\t\t\t\t\t\t\t\t\t\t\n\t\t\t\t\t\t\t\t\t\t\t<li><a href=\"https:\/\/www.oasdi.ca\/fr\/education-primaire-et-secondaire-en-ontario\/education-cooperative\/\">\u00c9ducation coop\u00e9rative en Ontario<\/a><\/li>\n\t\t\t\t\t\t\t\t\t\t\t\t\t\n\t\t\t\t\t\t\t\t\t\t\t<li><a href=\"https:\/\/www.oasdi.ca\/fr\/education-primaire-et-secondaire-en-ontario\/ecole-secondaires\/\">\u00c9coles secondaires en Ontario<\/a><\/li>\n\t\t\t\t\t\t\t\t\t\t\t\t\t\n\t\t\t\t\t\t\t\t\t\t\t<li><a href=\"https:\/\/www.oasdi.ca\/fr\/education-primaire-et-secondaire-en-ontario\/ecoles-primaire\/\">\u00c9coles primaires en Ontario<\/a><\/li>\n\t\t\t\t\t\t\t\t\t\t\t\t\t\n\t\t\t\t\t\t\t\t\t\t\t<li><a class=\"active\" href=\"https:\/\/www.oasdi.ca\/fr\/education-primaire-et-secondaire-en-ontario\/infographie\/\">Graphique du syst\u00e8me d'\u00e9ducation K-12 de l'Ontario<\/a><\/li>\n\t\t\t\t\t\t\t\t\t\t\n\n\t\t\t\t<!-- Extra menu -->\n\t\t\t\t\n\n\n\t\t\t\t\t<\/ul>\n\t\n\n<\/div><\/div><\/div><div id=\"panel-18746-2-0-1\" class=\"so-panel widget widget_hem-sidebar-link-widget panel-last-child\" data-index=\"3\" ><div\n\t\t\t\n\t\t\tclass=\"so-widget-hem-sidebar-link-widget so-widget-hem-sidebar-link-widget-hem-sidebar-link-widget-style-d75171398898-18746\"\n\t\t\t\n\t\t><div id=\"sidebar\" class=\"external-link-only\">\n\n\n\n\t\t\t\t<!-- Extra menu -->\n\t\t\t\t\t\t\t\t\t<ul id=\"side-menu\" class=\"side-menu menu-embedded\">\n\t\t\t\t\t\t\t\t\t\t\t\t\t\t\t\t\t\t\t\t\t<li><a  href=\"https:\/\/www.oasdi.ca\/map-search\/\">Map Overview<\/a><\/li>\n\t\t\t\t\t\t\t\t\t\t\t\t\t\t\n\t\t\t\t\t\t\t\t\t\t\t\t\t\t\t\t\t\t\t\t\t<li><a  href=\"https:\/\/www.oasdi.ca\/district-list\/\">District List<\/a><\/li>\n\t\t\t\t\t\t\t\t\t\t\t\t\t\t\n\t\t\t\t\t\t\t\n\t\t\t\t\t<\/ul>\n\t\t\t\t\n\t\t\t\t\n\n\n\n\n<\/div><\/div><\/div><\/div><div id=\"pgc-18746-2-1\"  class=\"panel-grid-cell\" ><div class=\"pl-sm-3 pl-md-5 panel-cell-style panel-cell-style-for-18746-2-1\" ><div id=\"panel-18746-2-1-0\" class=\"so-panel widget widget_sow-editor panel-first-child panel-last-child\" data-index=\"4\" ><div\n\t\t\t\n\t\t\tclass=\"so-widget-sow-editor so-widget-sow-editor-base\"\n\t\t\t\n\t\t>\n<div class=\"siteorigin-widget-tinymce textwidget\">\n\t<table class=\"table-bordered table\" border=\"0\" cellspacing=\"0\" cellpadding=\"0\">\n<thead>\n<tr>\n<th colspan=\"2\" rowspan=\"1\" scope=\"row\">Tableau des niveaux scolaires<br \/>\nselon l\u2019\u00e2ge de la maternelle la 12e ann\u00e9e<\/th>\n<th scope=\"col\">Niveau<\/th>\n<th scope=\"col\">\u00c2ge<\/th>\n<\/tr>\n<\/thead>\n<tbody>\n<tr>\n<th style=\"background-color: #ffff00; text-align: center;\" colspan=\"2\" rowspan=\"2\" scope=\"row\">Maternelle<\/th>\n<td style=\"background-color: #ffff00; text-align: center;\">Jardin d\u2019enfants<\/td>\n<td style=\"background-color: #ffff00; text-align: center;\">4<\/td>\n<\/tr>\n<tr>\n<td style=\"background-color: #ffff00; text-align: center;\" scope=\"row\">Maternelle<\/td>\n<td style=\"background-color: #ffff00; text-align: center;\">5<\/td>\n<\/tr>\n<tr>\n<th style=\"text-align: center; background-color: #92d050;\" colspan=\"1\" rowspan=\"8\" scope=\"row\">\u00c9cole primaire<\/th>\n<td style=\"text-align: center; background-color: #b6dde8;\" colspan=\"1\" rowspan=\"3\">Primaire<\/td>\n<td style=\"text-align: center; background-color: #b6dde8;\">1re ann\u00e9e<\/td>\n<td style=\"text-align: center; background-color: #b6dde8;\">6<\/td>\n<\/tr>\n<tr>\n<td style=\"text-align: center; background-color: #b6dde8;\" scope=\"row\">2e ann\u00e9e<\/td>\n<td style=\"text-align: center; background-color: #b6dde8;\">7<\/td>\n<\/tr>\n<tr>\n<td style=\"text-align: center; background-color: #b6dde8;\" scope=\"row\">3e ann\u00e9e<\/td>\n<td style=\"text-align: center; background-color: #b6dde8;\">8<\/td>\n<\/tr>\n<tr>\n<td style=\"background-color: #59d1f3; text-align: center;\" colspan=\"1\" rowspan=\"3\" scope=\"row\">Moyen<\/td>\n<td style=\"background-color: #59d1f3; text-align: center;\">4e ann\u00e9e<\/td>\n<td style=\"background-color: #59d1f3; text-align: center;\">9<\/td>\n<\/tr>\n<tr>\n<td style=\"background-color: #59d1f3; text-align: center;\" scope=\"row\">5e ann\u00e9e<\/td>\n<td style=\"background-color: #59d1f3; text-align: center;\">10<\/td>\n<\/tr>\n<tr>\n<td style=\"background-color: #59d1f3; text-align: center;\" scope=\"row\">6e ann\u00e9e<\/td>\n<td style=\"background-color: #59d1f3; text-align: center;\">11<\/td>\n<\/tr>\n<tr>\n<td style=\"text-align: center; background-color: #00afef;\" colspan=\"1\" rowspan=\"2\" scope=\"row\">Interm\u00e9diaire<\/td>\n<td style=\"text-align: center; background-color: #00afef;\">7e ann\u00e9e<\/td>\n<td style=\"text-align: center; background-color: #00afef;\">12<\/td>\n<\/tr>\n<tr>\n<td style=\"text-align: center; background-color: #00afef;\" scope=\"row\">8e ann\u00e9e<\/td>\n<td style=\"text-align: center; background-color: #00afef;\">13<\/td>\n<\/tr>\n<tr>\n<th style=\"background-color: #ffc000; text-align: center;\" colspan=\"2\" rowspan=\"4\" scope=\"row\">\u00c9cole secondaire<\/th>\n<td style=\"background-color: #ffc000; text-align: center;\">9e ann\u00e9e<\/td>\n<td style=\"background-color: #ffc000; text-align: center;\">14<\/td>\n<\/tr>\n<tr>\n<td style=\"background-color: #ffc000; text-align: center;\" scope=\"row\">10e ann\u00e9e<\/td>\n<td style=\"background-color: #ffc000; text-align: center;\">15<\/td>\n<\/tr>\n<tr>\n<td style=\"background-color: #ffc000; text-align: center;\" scope=\"row\">11e ann\u00e9e<\/td>\n<td style=\"background-color: #ffc000; text-align: center;\">16<\/td>\n<\/tr>\n<tr>\n<td style=\"background-color: #ffc000; text-align: center;\" scope=\"row\">12e ann\u00e9e<\/td>\n<td style=\"background-color: #ffc000; text-align: center;\">17<\/td>\n<\/tr>\n<\/tbody>\n<\/table>\n<\/div>\n<\/div><\/div><\/div><\/div><\/div><\/div><\/div>","protected":false},"excerpt":{"rendered":"Graphique du syst\u00e8me d&#8217;\u00e9ducation K-12 de l&#8217;Ontario Accueil Foire aux questions le syst\u00e8me d&#8217;\u00e9ducation K-12 de l&#8217;Ontario Rapport sur les progr\u00e8s des \u00e9l\u00e8ves en Ontario Exigences d&#8217;obtention du dipl\u00f4me en Ontario Programme d&#8217;\u00e9tude primaire en Ontario \u00c9ducation coop\u00e9rative en Ontario \u00c9coles secondaires en Ontario \u00c9coles primaires en Ontario Graphique du syst\u00e8me d&#8217;\u00e9ducation K-12 de l&#8217;Ontario&#8230; <a class=\"view-article\" href=\"https:\/\/www.oasdi.ca\/fr\/education-primaire-et-secondaire-en-ontario\/infographie\/\">View Article<\/a>","protected":false},"author":237,"featured_media":0,"parent":18122,"menu_order":574,"comment_status":"closed","ping_status":"closed","template":"","meta":{"footnotes":""},"class_list":["post-18746","page","type-page","status-publish","hentry"],"yoast_head":"<!-- This site is optimized with the Yoast SEO plugin v21.5 - https:\/\/yoast.com\/wordpress\/plugins\/seo\/ -->\n<title>Graphique K-12 | Syst\u00e8me \u00e9ducation Ontario<\/title>\n<meta name=\"description\" content=\"Vous souhaitez en savoir plus sur le syst\u00e8me \u00e9ducatif en Ontario ? Consultez notre infographie et apprenez-en plus sur la structure du syst\u00e8me scolaire en Ontario ici.\" \/>\n<meta name=\"robots\" content=\"index, follow, max-snippet:-1, max-image-preview:large, max-video-preview:-1\" \/>\n<link rel=\"canonical\" href=\"https:\/\/www.oasdi.ca\/fr\/education-primaire-et-secondaire-en-ontario\/infographie\/\" \/>\n<meta property=\"og:locale\" content=\"fr_FR\" \/>\n<meta property=\"og:type\" content=\"article\" \/>\n<meta property=\"og:title\" content=\"Graphique K-12 | Syst\u00e8me \u00e9ducation Ontario\" \/>\n<meta property=\"og:description\" content=\"Vous souhaitez en savoir plus sur le syst\u00e8me \u00e9ducatif en Ontario ? Consultez notre infographie et apprenez-en plus sur la structure du syst\u00e8me scolaire en Ontario ici.\" \/>\n<meta property=\"og:url\" content=\"https:\/\/www.oasdi.ca\/fr\/education-primaire-et-secondaire-en-ontario\/infographie\/\" \/>\n<meta property=\"og:site_name\" content=\"OASDI\" \/>\n<meta property=\"article:modified_time\" content=\"2020-04-30T15:26:46+00:00\" \/>\n<meta property=\"og:image\" content=\"https:\/\/www.oasdi.ca\/wp-content\/uploads\/2020\/03\/oasdi-faq.jpg\" \/>\n\t<meta property=\"og:image:width\" content=\"1440\" \/>\n\t<meta property=\"og:image:height\" content=\"268\" \/>\n\t<meta property=\"og:image:type\" content=\"image\/jpeg\" \/>\n<meta name=\"twitter:card\" content=\"summary_large_image\" \/>\n<script type=\"application\/ld+json\" class=\"yoast-schema-graph\">{\"@context\":\"https:\/\/schema.org\",\"@graph\":[{\"@type\":\"WebPage\",\"@id\":\"https:\/\/www.oasdi.ca\/fr\/education-primaire-et-secondaire-en-ontario\/infographie\/\",\"url\":\"https:\/\/www.oasdi.ca\/fr\/education-primaire-et-secondaire-en-ontario\/infographie\/\",\"name\":\"Graphique K-12 | Syst\u00e8me \u00e9ducation Ontario\",\"isPartOf\":{\"@id\":\"https:\/\/www.oasdi.ca\/fr\/#website\"},\"datePublished\":\"2020-03-19T12:15:22+00:00\",\"dateModified\":\"2020-04-30T15:26:46+00:00\",\"description\":\"Vous souhaitez en savoir plus sur le syst\u00e8me \u00e9ducatif en Ontario ? Consultez notre infographie et apprenez-en plus sur la structure du syst\u00e8me scolaire en Ontario ici.\",\"breadcrumb\":{\"@id\":\"https:\/\/www.oasdi.ca\/fr\/education-primaire-et-secondaire-en-ontario\/infographie\/#breadcrumb\"},\"inLanguage\":\"fr-FR\",\"potentialAction\":[{\"@type\":\"ReadAction\",\"target\":[\"https:\/\/www.oasdi.ca\/fr\/education-primaire-et-secondaire-en-ontario\/infographie\/\"]}]},{\"@type\":\"BreadcrumbList\",\"@id\":\"https:\/\/www.oasdi.ca\/fr\/education-primaire-et-secondaire-en-ontario\/infographie\/#breadcrumb\",\"itemListElement\":[{\"@type\":\"ListItem\",\"position\":1,\"name\":\"Accueil\",\"item\":\"https:\/\/www.oasdi.ca\/fr\/\"},{\"@type\":\"ListItem\",\"position\":2,\"name\":\"Syst\u00e8me d&rsquo;\u00e9ducation K-12 de l&rsquo;Ontario\",\"item\":\"https:\/\/www.oasdi.ca\/fr\/education-primaire-et-secondaire-en-ontario\/\"},{\"@type\":\"ListItem\",\"position\":3,\"name\":\"Graphique du syst\u00e8me d&rsquo;\u00e9ducation K-12 de l&rsquo;Ontario\"}]},{\"@type\":\"WebSite\",\"@id\":\"https:\/\/www.oasdi.ca\/fr\/#website\",\"url\":\"https:\/\/www.oasdi.ca\/fr\/\",\"name\":\"OASDI\",\"description\":\"Ontario Association of School District International\",\"publisher\":{\"@id\":\"https:\/\/www.oasdi.ca\/fr\/#organization\"},\"potentialAction\":[{\"@type\":\"SearchAction\",\"target\":{\"@type\":\"EntryPoint\",\"urlTemplate\":\"https:\/\/www.oasdi.ca\/fr\/?s={search_term_string}\"},\"query-input\":\"required name=search_term_string\"}],\"inLanguage\":\"fr-FR\"},{\"@type\":\"Organization\",\"@id\":\"https:\/\/www.oasdi.ca\/fr\/#organization\",\"name\":\"OASDI\",\"url\":\"https:\/\/www.oasdi.ca\/fr\/\",\"logo\":{\"@type\":\"ImageObject\",\"inLanguage\":\"fr-FR\",\"@id\":\"https:\/\/www.oasdi.ca\/fr\/#\/schema\/logo\/image\/\",\"url\":\"https:\/\/www.oasdi.ca\/wp-content\/uploads\/2020\/02\/cropped-oasdi-logo.png\",\"contentUrl\":\"https:\/\/www.oasdi.ca\/wp-content\/uploads\/2020\/02\/cropped-oasdi-logo.png\",\"width\":468,\"height\":96,\"caption\":\"OASDI\"},\"image\":{\"@id\":\"https:\/\/www.oasdi.ca\/fr\/#\/schema\/logo\/image\/\"}}]}<\/script>\n<!-- \/ Yoast SEO plugin. -->","yoast_head_json":{"title":"Graphique K-12 | Syst\u00e8me \u00e9ducation Ontario","description":"Vous souhaitez en savoir plus sur le syst\u00e8me \u00e9ducatif en Ontario ? Consultez notre infographie et apprenez-en plus sur la structure du syst\u00e8me scolaire en Ontario ici.","robots":{"index":"index","follow":"follow","max-snippet":"max-snippet:-1","max-image-preview":"max-image-preview:large","max-video-preview":"max-video-preview:-1"},"canonical":"https:\/\/www.oasdi.ca\/fr\/education-primaire-et-secondaire-en-ontario\/infographie\/","og_locale":"fr_FR","og_type":"article","og_title":"Graphique K-12 | Syst\u00e8me \u00e9ducation Ontario","og_description":"Vous souhaitez en savoir plus sur le syst\u00e8me \u00e9ducatif en Ontario ? Consultez notre infographie et apprenez-en plus sur la structure du syst\u00e8me scolaire en Ontario ici.","og_url":"https:\/\/www.oasdi.ca\/fr\/education-primaire-et-secondaire-en-ontario\/infographie\/","og_site_name":"OASDI","article_modified_time":"2020-04-30T15:26:46+00:00","og_image":[{"width":1440,"height":268,"url":"https:\/\/www.oasdi.ca\/wp-content\/uploads\/2020\/03\/oasdi-faq.jpg","type":"image\/jpeg"}],"twitter_card":"summary_large_image","schema":{"@context":"https:\/\/schema.org","@graph":[{"@type":"WebPage","@id":"https:\/\/www.oasdi.ca\/fr\/education-primaire-et-secondaire-en-ontario\/infographie\/","url":"https:\/\/www.oasdi.ca\/fr\/education-primaire-et-secondaire-en-ontario\/infographie\/","name":"Graphique K-12 | Syst\u00e8me \u00e9ducation Ontario","isPartOf":{"@id":"https:\/\/www.oasdi.ca\/fr\/#website"},"datePublished":"2020-03-19T12:15:22+00:00","dateModified":"2020-04-30T15:26:46+00:00","description":"Vous souhaitez en savoir plus sur le syst\u00e8me \u00e9ducatif en Ontario ? Consultez notre infographie et apprenez-en plus sur la structure du syst\u00e8me scolaire en Ontario ici.","breadcrumb":{"@id":"https:\/\/www.oasdi.ca\/fr\/education-primaire-et-secondaire-en-ontario\/infographie\/#breadcrumb"},"inLanguage":"fr-FR","potentialAction":[{"@type":"ReadAction","target":["https:\/\/www.oasdi.ca\/fr\/education-primaire-et-secondaire-en-ontario\/infographie\/"]}]},{"@type":"BreadcrumbList","@id":"https:\/\/www.oasdi.ca\/fr\/education-primaire-et-secondaire-en-ontario\/infographie\/#breadcrumb","itemListElement":[{"@type":"ListItem","position":1,"name":"Accueil","item":"https:\/\/www.oasdi.ca\/fr\/"},{"@type":"ListItem","position":2,"name":"Syst\u00e8me d&rsquo;\u00e9ducation K-12 de l&rsquo;Ontario","item":"https:\/\/www.oasdi.ca\/fr\/education-primaire-et-secondaire-en-ontario\/"},{"@type":"ListItem","position":3,"name":"Graphique du syst\u00e8me d&rsquo;\u00e9ducation K-12 de l&rsquo;Ontario"}]},{"@type":"WebSite","@id":"https:\/\/www.oasdi.ca\/fr\/#website","url":"https:\/\/www.oasdi.ca\/fr\/","name":"OASDI","description":"Ontario Association of School District International","publisher":{"@id":"https:\/\/www.oasdi.ca\/fr\/#organization"},"potentialAction":[{"@type":"SearchAction","target":{"@type":"EntryPoint","urlTemplate":"https:\/\/www.oasdi.ca\/fr\/?s={search_term_string}"},"query-input":"required name=search_term_string"}],"inLanguage":"fr-FR"},{"@type":"Organization","@id":"https:\/\/www.oasdi.ca\/fr\/#organization","name":"OASDI","url":"https:\/\/www.oasdi.ca\/fr\/","logo":{"@type":"ImageObject","inLanguage":"fr-FR","@id":"https:\/\/www.oasdi.ca\/fr\/#\/schema\/logo\/image\/","url":"https:\/\/www.oasdi.ca\/wp-content\/uploads\/2020\/02\/cropped-oasdi-logo.png","contentUrl":"https:\/\/www.oasdi.ca\/wp-content\/uploads\/2020\/02\/cropped-oasdi-logo.png","width":468,"height":96,"caption":"OASDI"},"image":{"@id":"https:\/\/www.oasdi.ca\/fr\/#\/schema\/logo\/image\/"}}]}},"_links":{"self":[{"href":"https:\/\/www.oasdi.ca\/fr\/wp-json\/wp\/v2\/pages\/18746"}],"collection":[{"href":"https:\/\/www.oasdi.ca\/fr\/wp-json\/wp\/v2\/pages"}],"about":[{"href":"https:\/\/www.oasdi.ca\/fr\/wp-json\/wp\/v2\/types\/page"}],"author":[{"embeddable":true,"href":"https:\/\/www.oasdi.ca\/fr\/wp-json\/wp\/v2\/users\/237"}],"replies":[{"embeddable":true,"href":"https:\/\/www.oasdi.ca\/fr\/wp-json\/wp\/v2\/comments?post=18746"}],"version-history":[{"count":0,"href":"https:\/\/www.oasdi.ca\/fr\/wp-json\/wp\/v2\/pages\/18746\/revisions"}],"up":[{"embeddable":true,"href":"https:\/\/www.oasdi.ca\/fr\/wp-json\/wp\/v2\/pages\/18122"}],"wp:attachment":[{"href":"https:\/\/www.oasdi.ca\/fr\/wp-json\/wp\/v2\/media?parent=18746"}],"curies":[{"name":"wp","href":"https:\/\/api.w.org\/{rel}","templated":true}]}}