{"id":18639,"date":"2020-03-22T15:58:44","date_gmt":"2020-03-22T15:58:44","guid":{"rendered":"http:\/\/oasdi.ca\/vivre-en-ontario\/attractions\/"},"modified":"2020-04-17T18:27:08","modified_gmt":"2020-04-17T18:27:08","slug":"attractions","status":"publish","type":"page","link":"https:\/\/www.oasdi.ca\/fr\/vivre-en-ontario\/attractions\/","title":{"rendered":"Les merveilles naturelles et les principaux attraits de l&#8217;Ontario"},"content":{"rendered":"<div id=\"pl-18639\"  class=\"panel-layout\" ><div id=\"pg-18639-0\"  class=\"panel-grid panel-no-style\" ><div id=\"pgc-18639-0-0\"  class=\"panel-grid-cell\" ><div id=\"panel-18639-0-0-0\" class=\"so-panel widget widget_sow-image panel-first-child panel-last-child\" data-index=\"0\" ><div class=\"is-featured-img panel-widget-style panel-widget-style-for-18639-0-0-0\" ><div\n\t\t\t\n\t\t\tclass=\"so-widget-sow-image so-widget-sow-image-default-c4f6304fc136-18639\"\n\t\t\t\n\t\t>\n\n<div class=\"sow-image-container\">\n\t\t<img loading=\"lazy\" decoding=\"async\" src=\"https:\/\/www.oasdi.ca\/wp-content\/uploads\/2020\/03\/banner-7.jpg\" width=\"1440\" height=\"268\" srcset=\"https:\/\/www.oasdi.ca\/wp-content\/uploads\/2020\/03\/banner-7.jpg 1440w, https:\/\/www.oasdi.ca\/wp-content\/uploads\/2020\/03\/banner-7-250x47.jpg 250w, https:\/\/www.oasdi.ca\/wp-content\/uploads\/2020\/03\/banner-7-700x130.jpg 700w, https:\/\/www.oasdi.ca\/wp-content\/uploads\/2020\/03\/banner-7-768x143.jpg 768w, https:\/\/www.oasdi.ca\/wp-content\/uploads\/2020\/03\/banner-7-500x93.jpg 500w, https:\/\/www.oasdi.ca\/wp-content\/uploads\/2020\/03\/banner-7-120x22.jpg 120w\" sizes=\"(max-width: 1440px) 100vw, 1440px\" alt=\"\" \t\tclass=\"so-widget-image\"\/>\n\t<\/div>\n\n<\/div><\/div><\/div><\/div><\/div><div id=\"pg-18639-1\"  class=\"panel-grid panel-has-style\" ><div class=\"has-container panel-row-style panel-row-style-for-18639-1\" ><div id=\"pgc-18639-1-0\"  class=\"panel-grid-cell\" ><div id=\"panel-18639-1-0-0\" class=\"so-panel widget widget_hem-seo-title-widget panel-first-child panel-last-child\" data-index=\"1\" ><div class=\"panel-widget-style panel-widget-style-for-18639-1-0-0\" ><div\n\t\t\t\n\t\t\tclass=\"so-widget-hem-seo-title-widget so-widget-hem-seo-title-widget-hem-seo-title-widget-style-d75171398898-18639\"\n\t\t\t\n\t\t>\n<h1 style=\"font-size:px;\">Les merveilles naturelles et les principaux attraits de l'Ontario<\/h1>\n\n\n\n\t<!-- <div class=\"breadcrumb-trail\"><a href=\"index.php\">Home<\/a> \u00bb <span class=\"breadcrumb-current\">About<\/span><\/div> -->\n\t<div class=\"test1\"><span><span><a href=\"https:\/\/www.oasdi.ca\/fr\/\">Accueil<\/a><\/span><\/span><\/div>\n<\/div><\/div><\/div><\/div><\/div><\/div><div id=\"pg-18639-2\"  class=\"panel-grid panel-has-style\" ><div class=\"has-container panel-row-style panel-row-style-for-18639-2\" ><div id=\"pgc-18639-2-0\"  class=\"panel-grid-cell\" ><div id=\"panel-18639-2-0-0\" class=\"so-panel widget widget_hem-sidebar-menu-widget panel-first-child\" data-index=\"2\" ><div\n\t\t\t\n\t\t\tclass=\"so-widget-hem-sidebar-menu-widget so-widget-hem-sidebar-menu-widget-hem-sidebar-menu-widget-style-d75171398898-18639\"\n\t\t\t\n\t\t><div id=\"sidebar\">\n\t\t\t<ul id=\"side-menu\" class=\"side-menu menu-embedded\">\n\t\t\t\n\t\t\t\t\t\t\t\t\n\t\t\t\t\t\t\t\t\t\t\t<li><a href=\"https:\/\/www.oasdi.ca\/fr\/vivre-en-ontario\/faq\/\">FAQ sur la vie en Ontario pour les \u00e9tudiants \u00e9trangers<\/a><\/li>\n\t\t\t\t\t\t\t\t\t\t\t\t\t\n\t\t\t\t\t\t\t\t\t\t\t<li><a href=\"https:\/\/www.oasdi.ca\/fr\/vivre-en-ontario\/meteo-et-saisons\/\">Le climat et les saisons en Ontario<\/a><\/li>\n\t\t\t\t\t\t\t\t\t\t\t\t\t\n\t\t\t\t\t\t\t\t\t\t\t<li><a class=\"active\" href=\"https:\/\/www.oasdi.ca\/fr\/vivre-en-ontario\/attractions\/\">Les merveilles naturelles et les principaux attraits de l'Ontario<\/a><\/li>\n\t\t\t\t\t\t\t\t\t\t\t\t\t\n\t\t\t\t\t\t\t\t\t\t\t<li><a href=\"https:\/\/www.oasdi.ca\/fr\/vivre-en-ontario\/decouvrir\/\">\u00c0 la d\u00e9couverte de l'Ontario<\/a><\/li>\n\t\t\t\t\t\t\t\t\t\t\t\t\t\n\t\t\t\t\t\t\t\t\t\t\t<li><a href=\"https:\/\/www.oasdi.ca\/fr\/vivre-en-ontario\/se-deplacer\/\">Se d\u00e9placer en Ontario<\/a><\/li>\n\t\t\t\t\t\t\t\t\t\t\t\t\t\n\t\t\t\t\t\t\t\t\t\t\t<li><a href=\"https:\/\/www.oasdi.ca\/fr\/vivre-en-ontario\/culture-canadienne\/\">Culture canadienne<\/a><\/li>\n\t\t\t\t\t\t\t\t\t\t\t\t\t\n\t\t\t\t\t\t\t\t\t\t\t<li><a href=\"https:\/\/www.oasdi.ca\/fr\/vivre-en-ontario\/vie-en-milieu-rural\/\">La vie rurale, suburbaine et urbaine en Ontario<\/a><\/li>\n\t\t\t\t\t\t\t\t\t\t\t\t\t\n\t\t\t\t\t\t\t\t\t\t\t<li><a href=\"https:\/\/www.oasdi.ca\/fr\/vivre-en-ontario\/services-hebergement-en-famille-accueil\/\">Services d'h\u00e9bergement en famille d'accueil pour les \u00e9tudiants \u00e9trangers en Ontario<\/a><\/li>\n\t\t\t\t\t\t\t\t\t\t\n\n\t\t\t\t<!-- Extra menu -->\n\t\t\t\t\n\n\n\t\t\t\t\t<\/ul>\n\t\n\n<\/div><\/div><\/div><div id=\"panel-18639-2-0-1\" class=\"so-panel widget widget_hem-sidebar-link-widget panel-last-child\" data-index=\"3\" ><div\n\t\t\t\n\t\t\tclass=\"so-widget-hem-sidebar-link-widget so-widget-hem-sidebar-link-widget-hem-sidebar-link-widget-style-d75171398898-18639\"\n\t\t\t\n\t\t><div id=\"sidebar\" class=\"external-link-only\">\n\n\n\n\t\t\t\t<!-- Extra menu -->\n\t\t\t\t\t\t\t\t\t<ul id=\"side-menu\" class=\"side-menu menu-embedded\">\n\t\t\t\t\t\t\t\t\t\t\t\t\t\t\t\t\t\t\t\t\t<li><a  href=\"https:\/\/www.oasdi.ca\/map-search\/\">Map Overview<\/a><\/li>\n\t\t\t\t\t\t\t\t\t\t\t\t\t\t\n\t\t\t\t\t\t\t\t\t\t\t\t\t\t\t\t\t\t\t\t\t<li><a  href=\"https:\/\/www.oasdi.ca\/district-list\/\">District List<\/a><\/li>\n\t\t\t\t\t\t\t\t\t\t\t\t\t\t\n\t\t\t\t\t\t\t\n\t\t\t\t\t<\/ul>\n\t\t\t\t\n\t\t\t\t\n\n\n\n\n<\/div><\/div><\/div><\/div><div id=\"pgc-18639-2-1\"  class=\"panel-grid-cell\" ><div class=\"pl-sm-3 pl-md-5 panel-cell-style panel-cell-style-for-18639-2-1\" ><div id=\"panel-18639-2-1-0\" class=\"so-panel widget widget_sow-editor panel-first-child panel-last-child\" data-index=\"4\" ><div\n\t\t\t\n\t\t\tclass=\"so-widget-sow-editor so-widget-sow-editor-base\"\n\t\t\t\n\t\t>\n<div class=\"siteorigin-widget-tinymce textwidget\">\n\t<p>Pratiquement tout le monde a entendu parler ou vu des images de la majest\u00e9 et de la puissance des chutes Niagara, mais l\u2019Ontario rec\u00e8le d\u2019une quantit\u00e9 d\u2019autres merveilles naturelles \u00e0 couper le souffle. Des \u00e9v\u00e9nements g\u00e9ologiques ayant laiss\u00e9 leur empreinte sur les surfaces rocheuses et dans les grottes aux milliers de lacs et de voies navigables o\u00f9 faire du canot et de l\u2019exploration, des sentiers d\u2019interpr\u00e9tation de la nature de l\u2019Ontario aux nombreux parcs et nombreuses aires de conservation, l\u2019air pur et le sentiment de libert\u00e9 et d\u2019espace se retrouvent dans tous les coins de la province.<\/p>\n<p>Citons certaines de ses merveilles, pour n\u2019en nommer que quelques-unes :<\/p>\n<ul>\n<li>Parc Algonquin<\/li>\n<li>Parc provincial Sleeping Giant, Thunder Bay<\/li>\n<li>Falaises de Scarborough, Scarborough<\/li>\n<li>Parc provincial de Sandbanks, comt\u00e9 de Prince Edward<\/li>\n<li>Parc national de la P\u00e9ninsule-Bruce, Tobermory<\/li>\n<li>Gorge Elora, Elora<\/li>\n<li>Cavernes Bonnech\u00e8re, Eganville<\/li>\n<li>Pointe Rattlesnake, Milton<\/li>\n<li>Parc provincial Samuel de Champlain, Mattawa<\/li>\n<li>Parc provincial Bon Echo, Cloyne<\/li>\n<li>Chutes Kakabeka<\/li>\n<\/ul>\n<h4><strong>Vous avez besoin de plus d\u2019information au sujet des merveilles naturelles de l\u2019Ontario ?\u00a0<\/strong><\/h4>\n<ul>\n<li><a href=\"http:\/\/www.ontariotravel.net\/en\/play\/natural-wonders\" target=\"_blank\" rel=\"noopener\">Gouvernement de l\u2019Ontario : Merveilles naturelles<\/a><\/li>\n<li><a href=\"http:\/\/www.ontarioparks.com\/\" target=\"_blank\" rel=\"noopener\">Parcs de l\u2019Ontario<\/a><\/li>\n<\/ul>\n<h3><strong>Attraits majeurs<\/strong><\/h3>\n<p>La devise associ\u00e9e \u00e0 la province de l\u2019Ontario, \u00ab Tant \u00e0 d\u00e9couvrir \u00bb, est des plus appropri\u00e9es, car cela est vrai. Bien que beaucoup de gens aient entendu parler de la Tour CN \u00e0 Toronto ou aient vu des photos des \u00e9difices du Parlement iconiques \u00e0 Ottawa, l\u2019Ontario offre un vaste \u00e9ventail d\u2019attraits incluant des sites historiques, des merveilles d\u2019architecture et quantit\u00e9 d\u2019institutions culturelles.<\/p>\n<p>Certains de ces attraits majeurs incluent :<\/p>\n<ul>\n<li>Centre des sciences de l\u2019Ontario, Toronto<\/li>\n<li>Science Nord et Terre Dynamique, Sudbury<\/li>\n<li>Place Muskoka Heritage, Huntsville<\/li>\n<li>Mus\u00e9e des beaux-arts de l\u2019Ontario, Toronto<\/li>\n<li>Mus\u00e9e canadien de l\u2019histoire, Ottawa<\/li>\n<li>Lieu historique national du Fort-Henry, Kingston<\/li>\n<li>Temple de la renomm\u00e9e du hockey, Toronto<\/li>\n<li>Upper Canada Village, Morrisburg<\/li>\n<li>Th\u00e9\u00e2tre de Stratford, Stratford<\/li>\n<\/ul>\n<h4><strong>Vous avez besoin de plus d\u2019information au sujet des attraits majeurs de l\u2019Ontario ?\u00a0<\/strong><\/h4>\n<ul>\n<li><a href=\"http:\/\/www.ontariotravel.net\/ind\/play\/attractions\" target=\"_blank\" rel=\"noopener\">Ontario Travel: Ontario Attractions (en anglais seulement) [Voyager en Ontario : Attraits de l\u2019Ontario]<\/a><\/li>\n<li><a href=\"http:\/\/www.attractionscanada.com\/ontario\" target=\"_blank\" rel=\"noopener\">Tourist Destinations in Ontario (en anglais seulement) [Destinations touristiques en Ontario]<\/a><\/li>\n<\/ul>\n<\/div>\n<\/div><\/div><\/div><\/div><\/div><\/div><\/div>","protected":false},"excerpt":{"rendered":"Les merveilles naturelles et les principaux attraits de l&#8217;Ontario Accueil FAQ sur la vie en Ontario pour les \u00e9tudiants \u00e9trangers Le climat et les saisons en Ontario Les merveilles naturelles et les principaux attraits de l&#8217;Ontario \u00c0 la d\u00e9couverte de l&#8217;Ontario Se d\u00e9placer en Ontario Culture canadienne La vie rurale, suburbaine et urbaine en Ontario&#8230; <a class=\"view-article\" href=\"https:\/\/www.oasdi.ca\/fr\/vivre-en-ontario\/attractions\/\">View Article<\/a>","protected":false},"author":237,"featured_media":17024,"parent":18286,"menu_order":0,"comment_status":"closed","ping_status":"closed","template":"","meta":{"footnotes":""},"class_list":["post-18639","page","type-page","status-publish","has-post-thumbnail","hentry"],"yoast_head":"<!-- This site is optimized with the Yoast SEO plugin v21.5 - https:\/\/yoast.com\/wordpress\/plugins\/seo\/ -->\n<title>Sites naturels et attractions Ontario | \u00c9tudier en Ontario<\/title>\n<meta name=\"description\" content=\"L&#039;Ontario compte de nombreuses merveilles naturelles et attractions passionnantes. Pour en savoir plus, cliquez ici.\" \/>\n<meta name=\"robots\" content=\"index, follow, max-snippet:-1, max-image-preview:large, max-video-preview:-1\" \/>\n<link rel=\"canonical\" href=\"https:\/\/www.oasdi.ca\/fr\/vivre-en-ontario\/attractions\/\" \/>\n<meta property=\"og:locale\" content=\"fr_FR\" \/>\n<meta property=\"og:type\" content=\"article\" \/>\n<meta property=\"og:title\" content=\"Sites naturels et attractions Ontario | \u00c9tudier en Ontario\" \/>\n<meta property=\"og:description\" content=\"L&#039;Ontario compte de nombreuses merveilles naturelles et attractions passionnantes. Pour en savoir plus, cliquez ici.\" \/>\n<meta property=\"og:url\" content=\"https:\/\/www.oasdi.ca\/fr\/vivre-en-ontario\/attractions\/\" \/>\n<meta property=\"og:site_name\" content=\"OASDI\" \/>\n<meta property=\"article:modified_time\" content=\"2020-04-17T18:27:08+00:00\" \/>\n<meta property=\"og:image\" content=\"https:\/\/www.oasdi.ca\/wp-content\/uploads\/2020\/03\/banner-7.jpg\" \/>\n\t<meta property=\"og:image:width\" content=\"1440\" \/>\n\t<meta property=\"og:image:height\" content=\"268\" \/>\n\t<meta property=\"og:image:type\" content=\"image\/jpeg\" \/>\n<meta name=\"twitter:card\" content=\"summary_large_image\" \/>\n<meta name=\"twitter:label1\" content=\"Dur\u00e9e de lecture estim\u00e9e\" \/>\n\t<meta name=\"twitter:data1\" content=\"2 minutes\" \/>\n<script type=\"application\/ld+json\" class=\"yoast-schema-graph\">{\"@context\":\"https:\/\/schema.org\",\"@graph\":[{\"@type\":\"WebPage\",\"@id\":\"https:\/\/www.oasdi.ca\/fr\/vivre-en-ontario\/attractions\/\",\"url\":\"https:\/\/www.oasdi.ca\/fr\/vivre-en-ontario\/attractions\/\",\"name\":\"Sites naturels et attractions Ontario | \u00c9tudier en Ontario\",\"isPartOf\":{\"@id\":\"https:\/\/www.oasdi.ca\/fr\/#website\"},\"datePublished\":\"2020-03-22T15:58:44+00:00\",\"dateModified\":\"2020-04-17T18:27:08+00:00\",\"description\":\"L'Ontario compte de nombreuses merveilles naturelles et attractions passionnantes. Pour en savoir plus, cliquez ici.\",\"breadcrumb\":{\"@id\":\"https:\/\/www.oasdi.ca\/fr\/vivre-en-ontario\/attractions\/#breadcrumb\"},\"inLanguage\":\"fr-FR\",\"potentialAction\":[{\"@type\":\"ReadAction\",\"target\":[\"https:\/\/www.oasdi.ca\/fr\/vivre-en-ontario\/attractions\/\"]}]},{\"@type\":\"BreadcrumbList\",\"@id\":\"https:\/\/www.oasdi.ca\/fr\/vivre-en-ontario\/attractions\/#breadcrumb\",\"itemListElement\":[{\"@type\":\"ListItem\",\"position\":1,\"name\":\"Accueil\",\"item\":\"https:\/\/www.oasdi.ca\/fr\/\"},{\"@type\":\"ListItem\",\"position\":2,\"name\":\"Vivre en Ontario en tant qu&#8217;\u00e9tudiant \u00e9tranger\",\"item\":\"https:\/\/www.oasdi.ca\/fr\/vivre-en-ontario\/\"},{\"@type\":\"ListItem\",\"position\":3,\"name\":\"Les merveilles naturelles et les principaux attraits de l&#8217;Ontario\"}]},{\"@type\":\"WebSite\",\"@id\":\"https:\/\/www.oasdi.ca\/fr\/#website\",\"url\":\"https:\/\/www.oasdi.ca\/fr\/\",\"name\":\"OASDI\",\"description\":\"Ontario Association of School District International\",\"publisher\":{\"@id\":\"https:\/\/www.oasdi.ca\/fr\/#organization\"},\"potentialAction\":[{\"@type\":\"SearchAction\",\"target\":{\"@type\":\"EntryPoint\",\"urlTemplate\":\"https:\/\/www.oasdi.ca\/fr\/?s={search_term_string}\"},\"query-input\":\"required name=search_term_string\"}],\"inLanguage\":\"fr-FR\"},{\"@type\":\"Organization\",\"@id\":\"https:\/\/www.oasdi.ca\/fr\/#organization\",\"name\":\"OASDI\",\"url\":\"https:\/\/www.oasdi.ca\/fr\/\",\"logo\":{\"@type\":\"ImageObject\",\"inLanguage\":\"fr-FR\",\"@id\":\"https:\/\/www.oasdi.ca\/fr\/#\/schema\/logo\/image\/\",\"url\":\"https:\/\/www.oasdi.ca\/wp-content\/uploads\/2020\/02\/cropped-oasdi-logo.png\",\"contentUrl\":\"https:\/\/www.oasdi.ca\/wp-content\/uploads\/2020\/02\/cropped-oasdi-logo.png\",\"width\":468,\"height\":96,\"caption\":\"OASDI\"},\"image\":{\"@id\":\"https:\/\/www.oasdi.ca\/fr\/#\/schema\/logo\/image\/\"}}]}<\/script>\n<!-- \/ Yoast SEO plugin. -->","yoast_head_json":{"title":"Sites naturels et attractions Ontario | \u00c9tudier en Ontario","description":"L'Ontario compte de nombreuses merveilles naturelles et attractions passionnantes. Pour en savoir plus, cliquez ici.","robots":{"index":"index","follow":"follow","max-snippet":"max-snippet:-1","max-image-preview":"max-image-preview:large","max-video-preview":"max-video-preview:-1"},"canonical":"https:\/\/www.oasdi.ca\/fr\/vivre-en-ontario\/attractions\/","og_locale":"fr_FR","og_type":"article","og_title":"Sites naturels et attractions Ontario | \u00c9tudier en Ontario","og_description":"L'Ontario compte de nombreuses merveilles naturelles et attractions passionnantes. Pour en savoir plus, cliquez ici.","og_url":"https:\/\/www.oasdi.ca\/fr\/vivre-en-ontario\/attractions\/","og_site_name":"OASDI","article_modified_time":"2020-04-17T18:27:08+00:00","og_image":[{"width":1440,"height":268,"url":"https:\/\/www.oasdi.ca\/wp-content\/uploads\/2020\/03\/banner-7.jpg","type":"image\/jpeg"}],"twitter_card":"summary_large_image","twitter_misc":{"Dur\u00e9e de lecture estim\u00e9e":"2 minutes"},"schema":{"@context":"https:\/\/schema.org","@graph":[{"@type":"WebPage","@id":"https:\/\/www.oasdi.ca\/fr\/vivre-en-ontario\/attractions\/","url":"https:\/\/www.oasdi.ca\/fr\/vivre-en-ontario\/attractions\/","name":"Sites naturels et attractions Ontario | \u00c9tudier en Ontario","isPartOf":{"@id":"https:\/\/www.oasdi.ca\/fr\/#website"},"datePublished":"2020-03-22T15:58:44+00:00","dateModified":"2020-04-17T18:27:08+00:00","description":"L'Ontario compte de nombreuses merveilles naturelles et attractions passionnantes. Pour en savoir plus, cliquez ici.","breadcrumb":{"@id":"https:\/\/www.oasdi.ca\/fr\/vivre-en-ontario\/attractions\/#breadcrumb"},"inLanguage":"fr-FR","potentialAction":[{"@type":"ReadAction","target":["https:\/\/www.oasdi.ca\/fr\/vivre-en-ontario\/attractions\/"]}]},{"@type":"BreadcrumbList","@id":"https:\/\/www.oasdi.ca\/fr\/vivre-en-ontario\/attractions\/#breadcrumb","itemListElement":[{"@type":"ListItem","position":1,"name":"Accueil","item":"https:\/\/www.oasdi.ca\/fr\/"},{"@type":"ListItem","position":2,"name":"Vivre en Ontario en tant qu&#8217;\u00e9tudiant \u00e9tranger","item":"https:\/\/www.oasdi.ca\/fr\/vivre-en-ontario\/"},{"@type":"ListItem","position":3,"name":"Les merveilles naturelles et les principaux attraits de l&#8217;Ontario"}]},{"@type":"WebSite","@id":"https:\/\/www.oasdi.ca\/fr\/#website","url":"https:\/\/www.oasdi.ca\/fr\/","name":"OASDI","description":"Ontario Association of School District International","publisher":{"@id":"https:\/\/www.oasdi.ca\/fr\/#organization"},"potentialAction":[{"@type":"SearchAction","target":{"@type":"EntryPoint","urlTemplate":"https:\/\/www.oasdi.ca\/fr\/?s={search_term_string}"},"query-input":"required name=search_term_string"}],"inLanguage":"fr-FR"},{"@type":"Organization","@id":"https:\/\/www.oasdi.ca\/fr\/#organization","name":"OASDI","url":"https:\/\/www.oasdi.ca\/fr\/","logo":{"@type":"ImageObject","inLanguage":"fr-FR","@id":"https:\/\/www.oasdi.ca\/fr\/#\/schema\/logo\/image\/","url":"https:\/\/www.oasdi.ca\/wp-content\/uploads\/2020\/02\/cropped-oasdi-logo.png","contentUrl":"https:\/\/www.oasdi.ca\/wp-content\/uploads\/2020\/02\/cropped-oasdi-logo.png","width":468,"height":96,"caption":"OASDI"},"image":{"@id":"https:\/\/www.oasdi.ca\/fr\/#\/schema\/logo\/image\/"}}]}},"_links":{"self":[{"href":"https:\/\/www.oasdi.ca\/fr\/wp-json\/wp\/v2\/pages\/18639"}],"collection":[{"href":"https:\/\/www.oasdi.ca\/fr\/wp-json\/wp\/v2\/pages"}],"about":[{"href":"https:\/\/www.oasdi.ca\/fr\/wp-json\/wp\/v2\/types\/page"}],"author":[{"embeddable":true,"href":"https:\/\/www.oasdi.ca\/fr\/wp-json\/wp\/v2\/users\/237"}],"replies":[{"embeddable":true,"href":"https:\/\/www.oasdi.ca\/fr\/wp-json\/wp\/v2\/comments?post=18639"}],"version-history":[{"count":0,"href":"https:\/\/www.oasdi.ca\/fr\/wp-json\/wp\/v2\/pages\/18639\/revisions"}],"up":[{"embeddable":true,"href":"https:\/\/www.oasdi.ca\/fr\/wp-json\/wp\/v2\/pages\/18286"}],"wp:featuredmedia":[{"embeddable":true,"href":"https:\/\/www.oasdi.ca\/fr\/wp-json\/wp\/v2\/media\/17024"}],"wp:attachment":[{"href":"https:\/\/www.oasdi.ca\/fr\/wp-json\/wp\/v2\/media?parent=18639"}],"curies":[{"name":"wp","href":"https:\/\/api.w.org\/{rel}","templated":true}]}}