{"id":18457,"date":"2020-03-22T16:01:16","date_gmt":"2020-03-22T16:01:16","guid":{"rendered":"http:\/\/oasdi.ca\/vivre-en-ontario\/weather-and-seasons\/"},"modified":"2020-04-17T02:21:29","modified_gmt":"2020-04-17T02:21:29","slug":"meteo-et-saisons","status":"publish","type":"page","link":"https:\/\/www.oasdi.ca\/fr\/vivre-en-ontario\/meteo-et-saisons\/","title":{"rendered":"Le climat et les saisons en Ontario"},"content":{"rendered":"<div id=\"pl-18457\"  class=\"panel-layout\" ><div id=\"pg-18457-0\"  class=\"panel-grid panel-no-style\" ><div id=\"pgc-18457-0-0\"  class=\"panel-grid-cell\" ><div id=\"panel-18457-0-0-0\" class=\"so-panel widget widget_sow-image panel-first-child panel-last-child\" data-index=\"0\" ><div class=\"is-featured-img panel-widget-style panel-widget-style-for-18457-0-0-0\" ><div\n\t\t\t\n\t\t\tclass=\"so-widget-sow-image so-widget-sow-image-default-c4f6304fc136-18457\"\n\t\t\t\n\t\t>\n\n<div class=\"sow-image-container\">\n\t\t<img loading=\"lazy\" decoding=\"async\" src=\"https:\/\/www.oasdi.ca\/wp-content\/uploads\/2020\/03\/Weather-and-Ontario\u2019s-Four-Seasons.jpg\" width=\"1440\" height=\"268\" srcset=\"https:\/\/www.oasdi.ca\/wp-content\/uploads\/2020\/03\/Weather-and-Ontario\u2019s-Four-Seasons.jpg 1440w, https:\/\/www.oasdi.ca\/wp-content\/uploads\/2020\/03\/Weather-and-Ontario\u2019s-Four-Seasons-250x47.jpg 250w, https:\/\/www.oasdi.ca\/wp-content\/uploads\/2020\/03\/Weather-and-Ontario\u2019s-Four-Seasons-700x130.jpg 700w, https:\/\/www.oasdi.ca\/wp-content\/uploads\/2020\/03\/Weather-and-Ontario\u2019s-Four-Seasons-768x143.jpg 768w, https:\/\/www.oasdi.ca\/wp-content\/uploads\/2020\/03\/Weather-and-Ontario\u2019s-Four-Seasons-500x93.jpg 500w, https:\/\/www.oasdi.ca\/wp-content\/uploads\/2020\/03\/Weather-and-Ontario\u2019s-Four-Seasons-120x22.jpg 120w\" sizes=\"(max-width: 1440px) 100vw, 1440px\" title=\"Weather and Ontario\u2019s Four Seasons\" alt=\"\" \t\tclass=\"so-widget-image\"\/>\n\t<\/div>\n\n<\/div><\/div><\/div><\/div><\/div><div id=\"pg-18457-1\"  class=\"panel-grid panel-has-style\" ><div class=\"has-container panel-row-style panel-row-style-for-18457-1\" ><div id=\"pgc-18457-1-0\"  class=\"panel-grid-cell\" ><div id=\"panel-18457-1-0-0\" class=\"so-panel widget widget_hem-seo-title-widget panel-first-child panel-last-child\" data-index=\"1\" ><div class=\"panel-widget-style panel-widget-style-for-18457-1-0-0\" ><div\n\t\t\t\n\t\t\tclass=\"so-widget-hem-seo-title-widget so-widget-hem-seo-title-widget-hem-seo-title-widget-style-d75171398898-18457\"\n\t\t\t\n\t\t>\n<h1 style=\"font-size:px;\">Le climat et les saisons en Ontario<\/h1>\n\n\n\n\t<!-- <div class=\"breadcrumb-trail\"><a href=\"index.php\">Home<\/a> \u00bb <span class=\"breadcrumb-current\">About<\/span><\/div> -->\n\t<div class=\"test1\"><span><span><a href=\"https:\/\/www.oasdi.ca\/fr\/\">Accueil<\/a><\/span><\/span><\/div>\n<\/div><\/div><\/div><\/div><\/div><\/div><div id=\"pg-18457-2\"  class=\"panel-grid panel-has-style\" ><div class=\"has-container panel-row-style panel-row-style-for-18457-2\" ><div id=\"pgc-18457-2-0\"  class=\"panel-grid-cell\" ><div id=\"panel-18457-2-0-0\" class=\"so-panel widget widget_hem-sidebar-menu-widget panel-first-child\" data-index=\"2\" ><div\n\t\t\t\n\t\t\tclass=\"so-widget-hem-sidebar-menu-widget so-widget-hem-sidebar-menu-widget-hem-sidebar-menu-widget-style-d75171398898-18457\"\n\t\t\t\n\t\t><div id=\"sidebar\">\n\t\t\t<ul id=\"side-menu\" class=\"side-menu menu-embedded\">\n\t\t\t\n\t\t\t\t\t\t\t\t\n\t\t\t\t\t\t\t\t\t\t\t<li><a href=\"https:\/\/www.oasdi.ca\/fr\/vivre-en-ontario\/faq\/\">FAQ sur la vie en Ontario pour les \u00e9tudiants \u00e9trangers<\/a><\/li>\n\t\t\t\t\t\t\t\t\t\t\t\t\t\n\t\t\t\t\t\t\t\t\t\t\t<li><a class=\"active\" href=\"https:\/\/www.oasdi.ca\/fr\/vivre-en-ontario\/meteo-et-saisons\/\">Le climat et les saisons en Ontario<\/a><\/li>\n\t\t\t\t\t\t\t\t\t\t\t\t\t\n\t\t\t\t\t\t\t\t\t\t\t<li><a href=\"https:\/\/www.oasdi.ca\/fr\/vivre-en-ontario\/attractions\/\">Les merveilles naturelles et les principaux attraits de l'Ontario<\/a><\/li>\n\t\t\t\t\t\t\t\t\t\t\t\t\t\n\t\t\t\t\t\t\t\t\t\t\t<li><a href=\"https:\/\/www.oasdi.ca\/fr\/vivre-en-ontario\/decouvrir\/\">\u00c0 la d\u00e9couverte de l'Ontario<\/a><\/li>\n\t\t\t\t\t\t\t\t\t\t\t\t\t\n\t\t\t\t\t\t\t\t\t\t\t<li><a href=\"https:\/\/www.oasdi.ca\/fr\/vivre-en-ontario\/se-deplacer\/\">Se d\u00e9placer en Ontario<\/a><\/li>\n\t\t\t\t\t\t\t\t\t\t\t\t\t\n\t\t\t\t\t\t\t\t\t\t\t<li><a href=\"https:\/\/www.oasdi.ca\/fr\/vivre-en-ontario\/culture-canadienne\/\">Culture canadienne<\/a><\/li>\n\t\t\t\t\t\t\t\t\t\t\t\t\t\n\t\t\t\t\t\t\t\t\t\t\t<li><a href=\"https:\/\/www.oasdi.ca\/fr\/vivre-en-ontario\/vie-en-milieu-rural\/\">La vie rurale, suburbaine et urbaine en Ontario<\/a><\/li>\n\t\t\t\t\t\t\t\t\t\t\t\t\t\n\t\t\t\t\t\t\t\t\t\t\t<li><a href=\"https:\/\/www.oasdi.ca\/fr\/vivre-en-ontario\/services-hebergement-en-famille-accueil\/\">Services d'h\u00e9bergement en famille d'accueil pour les \u00e9tudiants \u00e9trangers en Ontario<\/a><\/li>\n\t\t\t\t\t\t\t\t\t\t\n\n\t\t\t\t<!-- Extra menu -->\n\t\t\t\t\n\n\n\t\t\t\t\t<\/ul>\n\t\n\n<\/div><\/div><\/div><div id=\"panel-18457-2-0-1\" class=\"so-panel widget widget_hem-sidebar-link-widget panel-last-child\" data-index=\"3\" ><div\n\t\t\t\n\t\t\tclass=\"so-widget-hem-sidebar-link-widget so-widget-hem-sidebar-link-widget-hem-sidebar-link-widget-style-d75171398898-18457\"\n\t\t\t\n\t\t><div id=\"sidebar\" class=\"external-link-only\">\n\n\n\n\t\t\t\t<!-- Extra menu -->\n\t\t\t\t\t\t\t\t\t<ul id=\"side-menu\" class=\"side-menu menu-embedded\">\n\t\t\t\t\t\t\t\t\t\t\t\t\t\t\t\t\t\t\t\t\t<li><a  href=\"https:\/\/www.oasdi.ca\/map-search\/\">Map Overview<\/a><\/li>\n\t\t\t\t\t\t\t\t\t\t\t\t\t\t\n\t\t\t\t\t\t\t\t\t\t\t\t\t\t\t\t\t\t\t\t\t<li><a  href=\"https:\/\/www.oasdi.ca\/district-list\/\">District List<\/a><\/li>\n\t\t\t\t\t\t\t\t\t\t\t\t\t\t\n\t\t\t\t\t\t\t\n\t\t\t\t\t<\/ul>\n\t\t\t\t\n\t\t\t\t\n\n\n\n\n<\/div><\/div><\/div><\/div><div id=\"pgc-18457-2-1\"  class=\"panel-grid-cell\" ><div class=\"pl-sm-3 pl-md-5 panel-cell-style panel-cell-style-for-18457-2-1\" ><div id=\"panel-18457-2-1-0\" class=\"so-panel widget widget_sow-editor panel-first-child panel-last-child\" data-index=\"4\" ><div\n\t\t\t\n\t\t\tclass=\"so-widget-sow-editor so-widget-sow-editor-base\"\n\t\t\t\n\t\t>\n<div class=\"siteorigin-widget-tinymce textwidget\">\n\t<p>Pour g\u00e9n\u00e9raliser, la temp\u00e9rature en Ontario est jug\u00e9e correspondre \u00e0 un climat \u00ab continental \u00bb, mais en r\u00e9alit\u00e9, c\u2019est parce que l\u2019Ontario est une tr\u00e8s vaste province et la temp\u00e9rature peut varier \u00e9norm\u00e9ment selon la saison et l\u2019endroit.\u00a0 En Ontario, on mesure la temp\u00e9rature en degr\u00e9s Celsius. Dans le sud de l\u2019Ontario, les \u00e9t\u00e9s peuvent \u00eatre extr\u00eamement chauds et humides, les temp\u00e9ratures approchant les 40 \u00b0C, alors qu\u2019en hiver, dans le nord de l\u2019Ontario,\u00a0 on peut enregistrer des temp\u00e9ratures tr\u00e8s froides de -40 \u00b0C.\u00a0 Ce sont l\u00e0 des exemples de temp\u00e9ratures extr\u00eames, mais la plupart du temps, la temp\u00e9rature est plus mod\u00e9r\u00e9e et les gens s\u2019adaptent assez facilement aux diverses conditions m\u00e9t\u00e9orologiques une fois qu\u2019ils savent \u00e0 quoi s\u2019attendre; la pr\u00e9paration aux \u00e9carts de temp\u00e9rature que pr\u00e9sente chacune des saisons est essentielle. En d\u00e9pit de la temp\u00e9rature, les gens continuent \u00e0 se livrer \u00e0 des activit\u00e9s ext\u00e9rieures en toute saison.<\/p>\n<p>Partout en Ontario on retrouve quatre saisons distinctes : le printemps, l\u2019\u00e9t\u00e9, l\u2019automne et l\u2019hiver.<\/p>\n<p><strong>Printemps (de mars \u00e0 juin) :\u00a0<\/strong>A tendance \u00e0 \u00eatre humide et pluvieux; des v\u00eatements de pluie s\u2019av\u00e8rent donc n\u00e9cessaires. Certaines parties de l\u2019Ontario continuent \u00e0 recevoir des temp\u00eates de neige. Les nuits peuvent \u00eatre fra\u00eeches et les temp\u00e9ratures peuvent varier \u00e9norm\u00e9ment le jour et d\u2019un jour \u00e0 l\u2019autre.<\/p>\n<p><strong>\u00c9t\u00e9 (de juin \u00e0 septembre) :\u00a0<\/strong>Tend \u00e0 r\u00e9chauffer rapidement et le temps peut \u00eatre chaud et humide, les temp\u00e9ratures oscillant autour des 20 \u00e0 30 \u00b0C alors que la nuit, la temp\u00e9rature descend, en moyenne, aux alentours des 10 \u00b0C. On recommande le port de v\u00eatements l\u00e9gers et confortables et l\u2019utilisation abondante d\u2019un \u00e9cran solaire \u00e0 l\u2019ext\u00e9rieur\u00a0.<\/p>\n<p><strong>Automne (de septembre \u00e0 d\u00e9cembre) :\u00a0<\/strong>Les jours ont tendance \u00e0 raccourcir et les temp\u00e9ratures \u00e0 rafra\u00eechir, tout particuli\u00e8rement la nuit. Les arbres se pr\u00e9parent \u00e0 l\u2019hiver en se parant de multiples couleurs. Certaines parties du sud de l\u2019Ontario sont plus touch\u00e9es par la pluie et le vent et\u00a0 les r\u00e9gions plus nordiques re\u00e7oivent de la neige. Ce sont les v\u00eatements multicouches qui fonctionnent le mieux pour s\u2019adapter aux changements de temp\u00e9rature pendant le jour. On recommande donc le port de chandails, de blousons doubl\u00e9s et d\u2019un cache-col.<\/p>\n<p><strong>Hiver (de d\u00e9cembre \u00e0 mars) :\u00a0<\/strong>Les jours ont tendance \u00e0 \u00eatre beaucoup plus courts, et la temp\u00e9rature est froide et accompagn\u00e9e de fr\u00e9quentes temp\u00eates de neige. On \u00e9met parfois des avertissements m\u00e9t\u00e9orologiques sp\u00e9ciaux lors de chutes de temp\u00e9rature pouvant s\u2019av\u00e9rer dangereuses si les gens ne sont pas v\u00eatus comme il se doit dans de pareilles conditions. Des rafales de vent peuvent donner l\u2019impression que la temp\u00e9rature ressentie est beaucoup plus froide que la temp\u00e9rature de l\u2019air signal\u00e9e.\u00a0 Il est donc essentiel de porter un manteau d\u2019hiver, un chapeau et de robustes bottes afin de rester au chaud. Une fois encore, il est pr\u00e9f\u00e9rable de porter plusieurs couches de v\u00eatements pour affronter ces conditions de temp\u00e9rature.<\/p>\n<h4><strong>Vous avez besoin de plus d\u2019information au sujet de la temp\u00e9rature en Ontario ?<\/strong><\/h4>\n<ul>\n<li><a href=\"http:\/\/www.weather.gc.ca\/forecast\/canada\/index_e.html?id=on\" target=\"_blank\" rel=\"noopener\">Environnement Canada pour l\u2019Ontario<\/a><\/li>\n<li><a href=\"http:\/\/www.ontariotravel.net\/en\/plan\/tools-and-tips\/weather\" target=\"_blank\" rel=\"noopener\">Gouvernement de l\u2019Ontario<\/a><\/li>\n<li><a href=\"http:\/\/www.theweathernetwork.com\/ca\" target=\"_blank\" rel=\"noopener\">M\u00e9t\u00e9o M\u00e9dia<\/a><\/li>\n<li><a href=\"http:\/\/www.settlement.org\/ontario\/housing\/living-in-ontario\/housing-basics\/what-is-the-weather-like-in-ontario\" target=\"_blank\" rel=\"noopener\">What is the weather like in Ontario? (en anglais seulement) [\u00c0 quoi ressemblent les conditions atmosph\u00e9riques en Ontario ?]<\/a><\/li>\n<li><a href=\"http:\/\/www.settlement.org\/ontario\/education\/elementary-and-secondary-school\/general-information\/dressing-for-winter\" target=\"_blank\" rel=\"noopener\">Clothing for Winter (en anglais seulement) [Habillement pour l\u2019hiver]<\/a><\/li>\n<\/ul>\n<\/div>\n<\/div><\/div><\/div><\/div><\/div><\/div><\/div>","protected":false},"excerpt":{"rendered":"Le climat et les saisons en Ontario Accueil FAQ sur la vie en Ontario pour les \u00e9tudiants \u00e9trangers Le climat et les saisons en Ontario Les merveilles naturelles et les principaux attraits de l&#8217;Ontario \u00c0 la d\u00e9couverte de l&#8217;Ontario Se d\u00e9placer en Ontario Culture canadienne La vie rurale, suburbaine et urbaine en Ontario Services d&#8217;h\u00e9bergement&#8230; <a class=\"view-article\" href=\"https:\/\/www.oasdi.ca\/fr\/vivre-en-ontario\/meteo-et-saisons\/\">View Article<\/a>","protected":false},"author":237,"featured_media":17031,"parent":18286,"menu_order":0,"comment_status":"closed","ping_status":"closed","template":"","meta":{"footnotes":""},"class_list":["post-18457","page","type-page","status-publish","has-post-thumbnail","hentry"],"yoast_head":"<!-- This site is optimized with the Yoast SEO plugin v21.5 - https:\/\/yoast.com\/wordpress\/plugins\/seo\/ -->\n<title>Vivre au Canada pendant ses \u00e9tudes | Comprendre le climat<\/title>\n<meta name=\"description\" content=\"Les \u00e9tudiants \u00e9trangers qui souhaitent \u00e9tudier en Ontario peuvent \u00eatre curieux de conna\u00eetre le climat. Pour en savoir plus, cliquez ici.\" \/>\n<meta name=\"robots\" content=\"index, follow, max-snippet:-1, max-image-preview:large, max-video-preview:-1\" \/>\n<link rel=\"canonical\" href=\"https:\/\/www.oasdi.ca\/fr\/vivre-en-ontario\/meteo-et-saisons\/\" \/>\n<meta property=\"og:locale\" content=\"fr_FR\" \/>\n<meta property=\"og:type\" content=\"article\" \/>\n<meta property=\"og:title\" content=\"Vivre au Canada pendant ses \u00e9tudes | Comprendre le climat\" \/>\n<meta property=\"og:description\" content=\"Les \u00e9tudiants \u00e9trangers qui souhaitent \u00e9tudier en Ontario peuvent \u00eatre curieux de conna\u00eetre le climat. Pour en savoir plus, cliquez ici.\" \/>\n<meta property=\"og:url\" content=\"https:\/\/www.oasdi.ca\/fr\/vivre-en-ontario\/meteo-et-saisons\/\" \/>\n<meta property=\"og:site_name\" content=\"OASDI\" \/>\n<meta property=\"article:modified_time\" content=\"2020-04-17T02:21:29+00:00\" \/>\n<meta property=\"og:image\" content=\"https:\/\/www.oasdi.ca\/wp-content\/uploads\/2020\/03\/Weather-and-Ontario\u2019s-Four-Seasons.jpg\" \/>\n\t<meta property=\"og:image:width\" content=\"1440\" \/>\n\t<meta property=\"og:image:height\" content=\"268\" \/>\n\t<meta property=\"og:image:type\" content=\"image\/jpeg\" \/>\n<meta name=\"twitter:card\" content=\"summary_large_image\" \/>\n<meta name=\"twitter:label1\" content=\"Dur\u00e9e de lecture estim\u00e9e\" \/>\n\t<meta name=\"twitter:data1\" content=\"3 minutes\" \/>\n<script type=\"application\/ld+json\" class=\"yoast-schema-graph\">{\"@context\":\"https:\/\/schema.org\",\"@graph\":[{\"@type\":\"WebPage\",\"@id\":\"https:\/\/www.oasdi.ca\/fr\/vivre-en-ontario\/meteo-et-saisons\/\",\"url\":\"https:\/\/www.oasdi.ca\/fr\/vivre-en-ontario\/meteo-et-saisons\/\",\"name\":\"Vivre au Canada pendant ses \u00e9tudes | Comprendre le climat\",\"isPartOf\":{\"@id\":\"https:\/\/www.oasdi.ca\/fr\/#website\"},\"datePublished\":\"2020-03-22T16:01:16+00:00\",\"dateModified\":\"2020-04-17T02:21:29+00:00\",\"description\":\"Les \u00e9tudiants \u00e9trangers qui souhaitent \u00e9tudier en Ontario peuvent \u00eatre curieux de conna\u00eetre le climat. Pour en savoir plus, cliquez ici.\",\"breadcrumb\":{\"@id\":\"https:\/\/www.oasdi.ca\/fr\/vivre-en-ontario\/meteo-et-saisons\/#breadcrumb\"},\"inLanguage\":\"fr-FR\",\"potentialAction\":[{\"@type\":\"ReadAction\",\"target\":[\"https:\/\/www.oasdi.ca\/fr\/vivre-en-ontario\/meteo-et-saisons\/\"]}]},{\"@type\":\"BreadcrumbList\",\"@id\":\"https:\/\/www.oasdi.ca\/fr\/vivre-en-ontario\/meteo-et-saisons\/#breadcrumb\",\"itemListElement\":[{\"@type\":\"ListItem\",\"position\":1,\"name\":\"Accueil\",\"item\":\"https:\/\/www.oasdi.ca\/fr\/\"},{\"@type\":\"ListItem\",\"position\":2,\"name\":\"Vivre en Ontario en tant qu&#8217;\u00e9tudiant \u00e9tranger\",\"item\":\"https:\/\/www.oasdi.ca\/fr\/vivre-en-ontario\/\"},{\"@type\":\"ListItem\",\"position\":3,\"name\":\"Le climat et les saisons en Ontario\"}]},{\"@type\":\"WebSite\",\"@id\":\"https:\/\/www.oasdi.ca\/fr\/#website\",\"url\":\"https:\/\/www.oasdi.ca\/fr\/\",\"name\":\"OASDI\",\"description\":\"Ontario Association of School District International\",\"publisher\":{\"@id\":\"https:\/\/www.oasdi.ca\/fr\/#organization\"},\"potentialAction\":[{\"@type\":\"SearchAction\",\"target\":{\"@type\":\"EntryPoint\",\"urlTemplate\":\"https:\/\/www.oasdi.ca\/fr\/?s={search_term_string}\"},\"query-input\":\"required name=search_term_string\"}],\"inLanguage\":\"fr-FR\"},{\"@type\":\"Organization\",\"@id\":\"https:\/\/www.oasdi.ca\/fr\/#organization\",\"name\":\"OASDI\",\"url\":\"https:\/\/www.oasdi.ca\/fr\/\",\"logo\":{\"@type\":\"ImageObject\",\"inLanguage\":\"fr-FR\",\"@id\":\"https:\/\/www.oasdi.ca\/fr\/#\/schema\/logo\/image\/\",\"url\":\"https:\/\/www.oasdi.ca\/wp-content\/uploads\/2020\/02\/cropped-oasdi-logo.png\",\"contentUrl\":\"https:\/\/www.oasdi.ca\/wp-content\/uploads\/2020\/02\/cropped-oasdi-logo.png\",\"width\":468,\"height\":96,\"caption\":\"OASDI\"},\"image\":{\"@id\":\"https:\/\/www.oasdi.ca\/fr\/#\/schema\/logo\/image\/\"}}]}<\/script>\n<!-- \/ Yoast SEO plugin. -->","yoast_head_json":{"title":"Vivre au Canada pendant ses \u00e9tudes | Comprendre le climat","description":"Les \u00e9tudiants \u00e9trangers qui souhaitent \u00e9tudier en Ontario peuvent \u00eatre curieux de conna\u00eetre le climat. Pour en savoir plus, cliquez ici.","robots":{"index":"index","follow":"follow","max-snippet":"max-snippet:-1","max-image-preview":"max-image-preview:large","max-video-preview":"max-video-preview:-1"},"canonical":"https:\/\/www.oasdi.ca\/fr\/vivre-en-ontario\/meteo-et-saisons\/","og_locale":"fr_FR","og_type":"article","og_title":"Vivre au Canada pendant ses \u00e9tudes | Comprendre le climat","og_description":"Les \u00e9tudiants \u00e9trangers qui souhaitent \u00e9tudier en Ontario peuvent \u00eatre curieux de conna\u00eetre le climat. Pour en savoir plus, cliquez ici.","og_url":"https:\/\/www.oasdi.ca\/fr\/vivre-en-ontario\/meteo-et-saisons\/","og_site_name":"OASDI","article_modified_time":"2020-04-17T02:21:29+00:00","og_image":[{"width":1440,"height":268,"url":"https:\/\/www.oasdi.ca\/wp-content\/uploads\/2020\/03\/Weather-and-Ontario\u2019s-Four-Seasons.jpg","type":"image\/jpeg"}],"twitter_card":"summary_large_image","twitter_misc":{"Dur\u00e9e de lecture estim\u00e9e":"3 minutes"},"schema":{"@context":"https:\/\/schema.org","@graph":[{"@type":"WebPage","@id":"https:\/\/www.oasdi.ca\/fr\/vivre-en-ontario\/meteo-et-saisons\/","url":"https:\/\/www.oasdi.ca\/fr\/vivre-en-ontario\/meteo-et-saisons\/","name":"Vivre au Canada pendant ses \u00e9tudes | Comprendre le climat","isPartOf":{"@id":"https:\/\/www.oasdi.ca\/fr\/#website"},"datePublished":"2020-03-22T16:01:16+00:00","dateModified":"2020-04-17T02:21:29+00:00","description":"Les \u00e9tudiants \u00e9trangers qui souhaitent \u00e9tudier en Ontario peuvent \u00eatre curieux de conna\u00eetre le climat. Pour en savoir plus, cliquez ici.","breadcrumb":{"@id":"https:\/\/www.oasdi.ca\/fr\/vivre-en-ontario\/meteo-et-saisons\/#breadcrumb"},"inLanguage":"fr-FR","potentialAction":[{"@type":"ReadAction","target":["https:\/\/www.oasdi.ca\/fr\/vivre-en-ontario\/meteo-et-saisons\/"]}]},{"@type":"BreadcrumbList","@id":"https:\/\/www.oasdi.ca\/fr\/vivre-en-ontario\/meteo-et-saisons\/#breadcrumb","itemListElement":[{"@type":"ListItem","position":1,"name":"Accueil","item":"https:\/\/www.oasdi.ca\/fr\/"},{"@type":"ListItem","position":2,"name":"Vivre en Ontario en tant qu&#8217;\u00e9tudiant \u00e9tranger","item":"https:\/\/www.oasdi.ca\/fr\/vivre-en-ontario\/"},{"@type":"ListItem","position":3,"name":"Le climat et les saisons en Ontario"}]},{"@type":"WebSite","@id":"https:\/\/www.oasdi.ca\/fr\/#website","url":"https:\/\/www.oasdi.ca\/fr\/","name":"OASDI","description":"Ontario Association of School District International","publisher":{"@id":"https:\/\/www.oasdi.ca\/fr\/#organization"},"potentialAction":[{"@type":"SearchAction","target":{"@type":"EntryPoint","urlTemplate":"https:\/\/www.oasdi.ca\/fr\/?s={search_term_string}"},"query-input":"required name=search_term_string"}],"inLanguage":"fr-FR"},{"@type":"Organization","@id":"https:\/\/www.oasdi.ca\/fr\/#organization","name":"OASDI","url":"https:\/\/www.oasdi.ca\/fr\/","logo":{"@type":"ImageObject","inLanguage":"fr-FR","@id":"https:\/\/www.oasdi.ca\/fr\/#\/schema\/logo\/image\/","url":"https:\/\/www.oasdi.ca\/wp-content\/uploads\/2020\/02\/cropped-oasdi-logo.png","contentUrl":"https:\/\/www.oasdi.ca\/wp-content\/uploads\/2020\/02\/cropped-oasdi-logo.png","width":468,"height":96,"caption":"OASDI"},"image":{"@id":"https:\/\/www.oasdi.ca\/fr\/#\/schema\/logo\/image\/"}}]}},"_links":{"self":[{"href":"https:\/\/www.oasdi.ca\/fr\/wp-json\/wp\/v2\/pages\/18457"}],"collection":[{"href":"https:\/\/www.oasdi.ca\/fr\/wp-json\/wp\/v2\/pages"}],"about":[{"href":"https:\/\/www.oasdi.ca\/fr\/wp-json\/wp\/v2\/types\/page"}],"author":[{"embeddable":true,"href":"https:\/\/www.oasdi.ca\/fr\/wp-json\/wp\/v2\/users\/237"}],"replies":[{"embeddable":true,"href":"https:\/\/www.oasdi.ca\/fr\/wp-json\/wp\/v2\/comments?post=18457"}],"version-history":[{"count":0,"href":"https:\/\/www.oasdi.ca\/fr\/wp-json\/wp\/v2\/pages\/18457\/revisions"}],"up":[{"embeddable":true,"href":"https:\/\/www.oasdi.ca\/fr\/wp-json\/wp\/v2\/pages\/18286"}],"wp:featuredmedia":[{"embeddable":true,"href":"https:\/\/www.oasdi.ca\/fr\/wp-json\/wp\/v2\/media\/17031"}],"wp:attachment":[{"href":"https:\/\/www.oasdi.ca\/fr\/wp-json\/wp\/v2\/media?parent=18457"}],"curies":[{"name":"wp","href":"https:\/\/api.w.org\/{rel}","templated":true}]}}