{"id":18415,"date":"2020-03-22T15:54:51","date_gmt":"2020-03-22T15:54:51","guid":{"rendered":"http:\/\/oasdi.ca\/vivre-en-ontario\/getting-around\/"},"modified":"2020-04-17T00:58:49","modified_gmt":"2020-04-17T00:58:49","slug":"se-deplacer","status":"publish","type":"page","link":"https:\/\/www.oasdi.ca\/fr\/vivre-en-ontario\/se-deplacer\/","title":{"rendered":"Se d\u00e9placer en Ontario"},"content":{"rendered":"<div id=\"pl-18415\"  class=\"panel-layout\" ><div id=\"pg-18415-0\"  class=\"panel-grid panel-no-style\" ><div id=\"pgc-18415-0-0\"  class=\"panel-grid-cell\" ><div id=\"panel-18415-0-0-0\" class=\"so-panel widget widget_sow-image panel-first-child panel-last-child\" data-index=\"0\" ><div class=\"is-featured-img panel-widget-style panel-widget-style-for-18415-0-0-0\" ><div\n\t\t\t\n\t\t\tclass=\"so-widget-sow-image so-widget-sow-image-default-c4f6304fc136-18415\"\n\t\t\t\n\t\t>\n\n<div class=\"sow-image-container\">\n\t\t<img loading=\"lazy\" decoding=\"async\" src=\"https:\/\/www.oasdi.ca\/wp-content\/uploads\/2020\/03\/getting-around-ontario.jpg\" width=\"1440\" height=\"268\" srcset=\"https:\/\/www.oasdi.ca\/wp-content\/uploads\/2020\/03\/getting-around-ontario.jpg 1440w, https:\/\/www.oasdi.ca\/wp-content\/uploads\/2020\/03\/getting-around-ontario-250x47.jpg 250w, https:\/\/www.oasdi.ca\/wp-content\/uploads\/2020\/03\/getting-around-ontario-700x130.jpg 700w, https:\/\/www.oasdi.ca\/wp-content\/uploads\/2020\/03\/getting-around-ontario-768x143.jpg 768w, https:\/\/www.oasdi.ca\/wp-content\/uploads\/2020\/03\/getting-around-ontario-500x93.jpg 500w, https:\/\/www.oasdi.ca\/wp-content\/uploads\/2020\/03\/getting-around-ontario-120x22.jpg 120w\" sizes=\"(max-width: 1440px) 100vw, 1440px\" title=\"getting around ontario\" alt=\"getting around ontario\" \t\tclass=\"so-widget-image\"\/>\n\t<\/div>\n\n<\/div><\/div><\/div><\/div><\/div><div id=\"pg-18415-1\"  class=\"panel-grid panel-has-style\" ><div class=\"has-container panel-row-style panel-row-style-for-18415-1\" ><div id=\"pgc-18415-1-0\"  class=\"panel-grid-cell\" ><div id=\"panel-18415-1-0-0\" class=\"so-panel widget widget_hem-seo-title-widget panel-first-child panel-last-child\" data-index=\"1\" ><div class=\"panel-widget-style panel-widget-style-for-18415-1-0-0\" ><div\n\t\t\t\n\t\t\tclass=\"so-widget-hem-seo-title-widget so-widget-hem-seo-title-widget-hem-seo-title-widget-style-d75171398898-18415\"\n\t\t\t\n\t\t>\n<h1 style=\"font-size:px;\">Se d\u00e9placer en Ontario<\/h1>\n\n\n\n\t<!-- <div class=\"breadcrumb-trail\"><a href=\"index.php\">Home<\/a> \u00bb <span class=\"breadcrumb-current\">About<\/span><\/div> -->\n\t<div class=\"test1\"><span><span><a href=\"https:\/\/www.oasdi.ca\/fr\/\">Accueil<\/a><\/span><\/span><\/div>\n<\/div><\/div><\/div><\/div><\/div><\/div><div id=\"pg-18415-2\"  class=\"panel-grid panel-has-style\" ><div class=\"has-container panel-row-style panel-row-style-for-18415-2\" ><div id=\"pgc-18415-2-0\"  class=\"panel-grid-cell\" ><div id=\"panel-18415-2-0-0\" class=\"so-panel widget widget_hem-sidebar-menu-widget panel-first-child\" data-index=\"2\" ><div\n\t\t\t\n\t\t\tclass=\"so-widget-hem-sidebar-menu-widget so-widget-hem-sidebar-menu-widget-hem-sidebar-menu-widget-style-d75171398898-18415\"\n\t\t\t\n\t\t><div id=\"sidebar\">\n\t\t\t<ul id=\"side-menu\" class=\"side-menu menu-embedded\">\n\t\t\t\n\t\t\t\t\t\t\t\t\n\t\t\t\t\t\t\t\t\t\t\t<li><a href=\"https:\/\/www.oasdi.ca\/fr\/vivre-en-ontario\/faq\/\">FAQ sur la vie en Ontario pour les \u00e9tudiants \u00e9trangers<\/a><\/li>\n\t\t\t\t\t\t\t\t\t\t\t\t\t\n\t\t\t\t\t\t\t\t\t\t\t<li><a href=\"https:\/\/www.oasdi.ca\/fr\/vivre-en-ontario\/meteo-et-saisons\/\">Le climat et les saisons en Ontario<\/a><\/li>\n\t\t\t\t\t\t\t\t\t\t\t\t\t\n\t\t\t\t\t\t\t\t\t\t\t<li><a href=\"https:\/\/www.oasdi.ca\/fr\/vivre-en-ontario\/attractions\/\">Les merveilles naturelles et les principaux attraits de l'Ontario<\/a><\/li>\n\t\t\t\t\t\t\t\t\t\t\t\t\t\n\t\t\t\t\t\t\t\t\t\t\t<li><a href=\"https:\/\/www.oasdi.ca\/fr\/vivre-en-ontario\/decouvrir\/\">\u00c0 la d\u00e9couverte de l'Ontario<\/a><\/li>\n\t\t\t\t\t\t\t\t\t\t\t\t\t\n\t\t\t\t\t\t\t\t\t\t\t<li><a class=\"active\" href=\"https:\/\/www.oasdi.ca\/fr\/vivre-en-ontario\/se-deplacer\/\">Se d\u00e9placer en Ontario<\/a><\/li>\n\t\t\t\t\t\t\t\t\t\t\t\t\t\n\t\t\t\t\t\t\t\t\t\t\t<li><a href=\"https:\/\/www.oasdi.ca\/fr\/vivre-en-ontario\/culture-canadienne\/\">Culture canadienne<\/a><\/li>\n\t\t\t\t\t\t\t\t\t\t\t\t\t\n\t\t\t\t\t\t\t\t\t\t\t<li><a href=\"https:\/\/www.oasdi.ca\/fr\/vivre-en-ontario\/vie-en-milieu-rural\/\">La vie rurale, suburbaine et urbaine en Ontario<\/a><\/li>\n\t\t\t\t\t\t\t\t\t\t\t\t\t\n\t\t\t\t\t\t\t\t\t\t\t<li><a href=\"https:\/\/www.oasdi.ca\/fr\/vivre-en-ontario\/services-hebergement-en-famille-accueil\/\">Services d'h\u00e9bergement en famille d'accueil pour les \u00e9tudiants \u00e9trangers en Ontario<\/a><\/li>\n\t\t\t\t\t\t\t\t\t\t\n\n\t\t\t\t<!-- Extra menu -->\n\t\t\t\t\n\n\n\t\t\t\t\t<\/ul>\n\t\n\n<\/div><\/div><\/div><div id=\"panel-18415-2-0-1\" class=\"so-panel widget widget_hem-sidebar-link-widget panel-last-child\" data-index=\"3\" ><div\n\t\t\t\n\t\t\tclass=\"so-widget-hem-sidebar-link-widget so-widget-hem-sidebar-link-widget-hem-sidebar-link-widget-style-d75171398898-18415\"\n\t\t\t\n\t\t><div id=\"sidebar\" class=\"external-link-only\">\n\n\n\n\t\t\t\t<!-- Extra menu -->\n\t\t\t\t\t\t\t\t\t<ul id=\"side-menu\" class=\"side-menu menu-embedded\">\n\t\t\t\t\t\t\t\t\t\t\t\t\t\t\t\t\t\t\t\t\t<li><a  href=\"https:\/\/www.oasdi.ca\/map-search\/\">Map Overview<\/a><\/li>\n\t\t\t\t\t\t\t\t\t\t\t\t\t\t\n\t\t\t\t\t\t\t\t\t\t\t\t\t\t\t\t\t\t\t\t\t<li><a  href=\"https:\/\/www.oasdi.ca\/district-list\/\">District List<\/a><\/li>\n\t\t\t\t\t\t\t\t\t\t\t\t\t\t\n\t\t\t\t\t\t\t\n\t\t\t\t\t<\/ul>\n\t\t\t\t\n\t\t\t\t\n\n\n\n\n<\/div><\/div><\/div><\/div><div id=\"pgc-18415-2-1\"  class=\"panel-grid-cell\" ><div class=\"pl-sm-3 pl-md-5 panel-cell-style panel-cell-style-for-18415-2-1\" ><div id=\"panel-18415-2-1-0\" class=\"so-panel widget widget_sow-editor panel-first-child panel-last-child\" data-index=\"4\" ><div\n\t\t\t\n\t\t\tclass=\"so-widget-sow-editor so-widget-sow-editor-base\"\n\t\t\t\n\t\t>\n<div class=\"siteorigin-widget-tinymce textwidget\">\n\t<p>Habituellement, on peut se d\u00e9placer de diverses fa\u00e7ons autour de sa collectivit\u00e9 locale et dans l\u2019Ontario. La province de l\u2019Ontario offre un vaste r\u00e9seau d\u2019autoroutes et de routes pour la circulation des v\u00e9hicules ainsi que quantit\u00e9 d\u2019autres moyens de transport. \u00a0Bien entendu, l\u2019acc\u00e8s aux divers modes de transport d\u00e9pend de l\u2019endroit o\u00f9 habite un \u00e9tudiant \u00e9tranger, selon qu\u2019il s\u2019agisse d\u2019une collectivit\u00e9 rurale, de banlieue ou urbaine.<\/p>\n<h3>Transport en autobus<\/h3>\n<ol>\n<li><strong>Autobus scolaires \u00ab jaunes \u00bb<\/strong><br \/>\nBon nombre de conseils scolaires, tout particuli\u00e8rement dans les campagnes et les banlieues, transportent les \u00e9tudiants en direction et en provenance de l\u2019\u00e9cole dans les traditionnels autobus scolaires jaunes que l\u2019on aper\u00e7oit dans les \u00e9missions de t\u00e9l\u00e9vision et les films nord-am\u00e9ricains. \u00a0Ces autobus vont chercher les \u00e9tudiants \u00e0 proximit\u00e9 de leur domicile et les y ram\u00e8nent \u00e0 la fin de la journ\u00e9e. \u00a0Veuillez noter que, selon l\u2019endroit o\u00f9 l\u2019\u00e9tudiant habite le long du trajet de l\u2019autobus, la dur\u00e9e du trajet peut s\u2019av\u00e9rer consid\u00e9rable, mais elle ne d\u00e9passe que tr\u00e8s rarement les 45 minutes \u00e0 l\u2019aller ou au retour.<\/li>\n<li><strong>Transport public en autobus<\/strong><br \/>\nLa plupart des centres urbains et bon nombre de banlieues ont acc\u00e8s au transport en commun pour l\u2019aller-retour de l\u2019\u00e9cole. \u00a0\u00a0Ces autobus desservent la collectivit\u00e9 locale et les \u00e9tudiants, et fonctionnent \u00e0 horaire r\u00e9gulier. \u00a0Dans la plupart des cas, les \u00e9tudiants peuvent se procurer une carte d\u2019abonnement d\u2019autobus \u00e0 prix r\u00e9duit. \u00a0Il est cependant n\u00e9cessaire de v\u00e9rifier aupr\u00e8s de son conseil scolaire si le co\u00fbt des services d\u2019autobus est inclus dans les frais de l\u2019\u00e9tudiant \u00e9tranger.<\/li>\n<li><strong>Autobus interurbain<\/strong><br \/>\nSi les \u00e9tudiants doivent voyager en Ontario ou dans le Canada afin de rendre visite \u00e0 la famille, des amis ou pour se rendre dans un grand a\u00e9roport, il existe diverses entreprises offrant des syst\u00e8mes de transport par autobus \u00e0 horaires r\u00e9guliers \u00e0 destination des villes et des villages du Canada. Bien que plusieurs entreprises offrent des services interurbains, l\u2019entreprise desservant le plus vaste r\u00e9seau de secteurs qui soit est la Greyhound Bus Lines (<a href=\"http:\/\/www.greyhound.ca\/\" target=\"_blank\" rel=\"noopener\">www.greyhound.ca\/default.aspx<\/a>).<\/li>\n<\/ol>\n<h3><strong>Taxi<\/strong><\/h3>\n<p>On retrouve aussi des taxis dans toutes les grandes villes et bon nombre de petites villes de l\u2019Ontario. \u00a0En zone rurale, les services de taxis d\u00e9pendent de la demande de la collectivit\u00e9 pour ce type de service. \u00a0Le prix de la course en taxi est g\u00e9n\u00e9ralement \u00e9tabli par les municipalit\u00e9s en fonction de la distance parcourue et de la dur\u00e9e du service.<\/p>\n<h3><strong>Train<\/strong><\/h3>\n<p>Les services de train relient tous les grands centres urbains ainsi que bon nombre de banlieues et de zones rurales selon un horaire r\u00e9gulier de d\u00e9parts et d\u2019arriv\u00e9es. VIA Rail Canada est le seul fournisseur de services de train pour passagers (<a href=\"http:\/\/www.viarail.ca\/en\" target=\"_blank\" rel=\"noopener\">www.viarail.ca\/fr<\/a>).<\/p>\n<h3><strong>Avion<\/strong><\/h3>\n<p>L\u2019Ontario compte plusieurs a\u00e9roports internationaux, la plus importante plaque tournante \u00e9tant l\u2019a\u00e9roport Lester B. Pearson de Toronto, suivie d\u2019autres a\u00e9roports importants \u00e0 Ottawa, Hamilton, London et Thunder Bay, pour n\u2019en nommer que quelques-uns. \u00a0Les principales compagnies a\u00e9riennes internationales au Canada sont Air Canada (<a href=\"http:\/\/www.aircanada.com\/\" target=\"_blank\" rel=\"noopener\">www.aircanada.com\/ca\/fr\/aco\/home.html<\/a>) et WestJet (<a href=\"http:\/\/www.westjet.com\/\" target=\"_blank\" rel=\"noopener\">www.westjet.com\/fr-ca\/index<\/a>).<\/p>\n<\/div>\n<\/div><\/div><\/div><\/div><\/div><\/div><\/div>","protected":false},"excerpt":{"rendered":"Se d\u00e9placer en Ontario Accueil FAQ sur la vie en Ontario pour les \u00e9tudiants \u00e9trangers Le climat et les saisons en Ontario Les merveilles naturelles et les principaux attraits de l&#8217;Ontario \u00c0 la d\u00e9couverte de l&#8217;Ontario Se d\u00e9placer en Ontario Culture canadienne La vie rurale, suburbaine et urbaine en Ontario Services d&#8217;h\u00e9bergement en famille d&#8217;accueil&#8230; <a class=\"view-article\" href=\"https:\/\/www.oasdi.ca\/fr\/vivre-en-ontario\/se-deplacer\/\">View Article<\/a>","protected":false},"author":237,"featured_media":17015,"parent":18286,"menu_order":0,"comment_status":"closed","ping_status":"closed","template":"","meta":{"footnotes":""},"class_list":["post-18415","page","type-page","status-publish","has-post-thumbnail","hentry"],"yoast_head":"<!-- This site is optimized with the Yoast SEO plugin v21.5 - https:\/\/yoast.com\/wordpress\/plugins\/seo\/ -->\n<title>Se d\u00e9placer en Ontario | \u00c9ducation internationale | AOCSI<\/title>\n<meta name=\"description\" content=\"Il existe diverses possibilit\u00e9s pour se d\u00e9placer en Ontario et dans ses communaut\u00e9s. Renseignez-vous en cliquant ici.\" \/>\n<meta name=\"robots\" content=\"index, follow, max-snippet:-1, max-image-preview:large, max-video-preview:-1\" \/>\n<link rel=\"canonical\" href=\"https:\/\/www.oasdi.ca\/fr\/vivre-en-ontario\/se-deplacer\/\" \/>\n<meta property=\"og:locale\" content=\"fr_FR\" \/>\n<meta property=\"og:type\" content=\"article\" \/>\n<meta property=\"og:title\" content=\"Se d\u00e9placer en Ontario | \u00c9ducation internationale | AOCSI\" \/>\n<meta property=\"og:description\" content=\"Il existe diverses possibilit\u00e9s pour se d\u00e9placer en Ontario et dans ses communaut\u00e9s. Renseignez-vous en cliquant ici.\" \/>\n<meta property=\"og:url\" content=\"https:\/\/www.oasdi.ca\/fr\/vivre-en-ontario\/se-deplacer\/\" \/>\n<meta property=\"og:site_name\" content=\"OASDI\" \/>\n<meta property=\"article:modified_time\" content=\"2020-04-17T00:58:49+00:00\" \/>\n<meta property=\"og:image\" content=\"https:\/\/www.oasdi.ca\/wp-content\/uploads\/2020\/03\/getting-around-ontario.jpg\" \/>\n\t<meta property=\"og:image:width\" content=\"1440\" \/>\n\t<meta property=\"og:image:height\" content=\"268\" \/>\n\t<meta property=\"og:image:type\" content=\"image\/jpeg\" \/>\n<meta name=\"twitter:card\" content=\"summary_large_image\" \/>\n<meta name=\"twitter:label1\" content=\"Dur\u00e9e de lecture estim\u00e9e\" \/>\n\t<meta name=\"twitter:data1\" content=\"3 minutes\" \/>\n<script type=\"application\/ld+json\" class=\"yoast-schema-graph\">{\"@context\":\"https:\/\/schema.org\",\"@graph\":[{\"@type\":\"WebPage\",\"@id\":\"https:\/\/www.oasdi.ca\/fr\/vivre-en-ontario\/se-deplacer\/\",\"url\":\"https:\/\/www.oasdi.ca\/fr\/vivre-en-ontario\/se-deplacer\/\",\"name\":\"Se d\u00e9placer en Ontario | \u00c9ducation internationale | AOCSI\",\"isPartOf\":{\"@id\":\"https:\/\/www.oasdi.ca\/fr\/#website\"},\"datePublished\":\"2020-03-22T15:54:51+00:00\",\"dateModified\":\"2020-04-17T00:58:49+00:00\",\"description\":\"Il existe diverses possibilit\u00e9s pour se d\u00e9placer en Ontario et dans ses communaut\u00e9s. Renseignez-vous en cliquant ici.\",\"breadcrumb\":{\"@id\":\"https:\/\/www.oasdi.ca\/fr\/vivre-en-ontario\/se-deplacer\/#breadcrumb\"},\"inLanguage\":\"fr-FR\",\"potentialAction\":[{\"@type\":\"ReadAction\",\"target\":[\"https:\/\/www.oasdi.ca\/fr\/vivre-en-ontario\/se-deplacer\/\"]}]},{\"@type\":\"BreadcrumbList\",\"@id\":\"https:\/\/www.oasdi.ca\/fr\/vivre-en-ontario\/se-deplacer\/#breadcrumb\",\"itemListElement\":[{\"@type\":\"ListItem\",\"position\":1,\"name\":\"Accueil\",\"item\":\"https:\/\/www.oasdi.ca\/fr\/\"},{\"@type\":\"ListItem\",\"position\":2,\"name\":\"Vivre en Ontario en tant qu&#8217;\u00e9tudiant \u00e9tranger\",\"item\":\"https:\/\/www.oasdi.ca\/fr\/vivre-en-ontario\/\"},{\"@type\":\"ListItem\",\"position\":3,\"name\":\"Se d\u00e9placer en Ontario\"}]},{\"@type\":\"WebSite\",\"@id\":\"https:\/\/www.oasdi.ca\/fr\/#website\",\"url\":\"https:\/\/www.oasdi.ca\/fr\/\",\"name\":\"OASDI\",\"description\":\"Ontario Association of School District International\",\"publisher\":{\"@id\":\"https:\/\/www.oasdi.ca\/fr\/#organization\"},\"potentialAction\":[{\"@type\":\"SearchAction\",\"target\":{\"@type\":\"EntryPoint\",\"urlTemplate\":\"https:\/\/www.oasdi.ca\/fr\/?s={search_term_string}\"},\"query-input\":\"required name=search_term_string\"}],\"inLanguage\":\"fr-FR\"},{\"@type\":\"Organization\",\"@id\":\"https:\/\/www.oasdi.ca\/fr\/#organization\",\"name\":\"OASDI\",\"url\":\"https:\/\/www.oasdi.ca\/fr\/\",\"logo\":{\"@type\":\"ImageObject\",\"inLanguage\":\"fr-FR\",\"@id\":\"https:\/\/www.oasdi.ca\/fr\/#\/schema\/logo\/image\/\",\"url\":\"https:\/\/www.oasdi.ca\/wp-content\/uploads\/2020\/02\/cropped-oasdi-logo.png\",\"contentUrl\":\"https:\/\/www.oasdi.ca\/wp-content\/uploads\/2020\/02\/cropped-oasdi-logo.png\",\"width\":468,\"height\":96,\"caption\":\"OASDI\"},\"image\":{\"@id\":\"https:\/\/www.oasdi.ca\/fr\/#\/schema\/logo\/image\/\"}}]}<\/script>\n<!-- \/ Yoast SEO plugin. -->","yoast_head_json":{"title":"Se d\u00e9placer en Ontario | \u00c9ducation internationale | AOCSI","description":"Il existe diverses possibilit\u00e9s pour se d\u00e9placer en Ontario et dans ses communaut\u00e9s. Renseignez-vous en cliquant ici.","robots":{"index":"index","follow":"follow","max-snippet":"max-snippet:-1","max-image-preview":"max-image-preview:large","max-video-preview":"max-video-preview:-1"},"canonical":"https:\/\/www.oasdi.ca\/fr\/vivre-en-ontario\/se-deplacer\/","og_locale":"fr_FR","og_type":"article","og_title":"Se d\u00e9placer en Ontario | \u00c9ducation internationale | AOCSI","og_description":"Il existe diverses possibilit\u00e9s pour se d\u00e9placer en Ontario et dans ses communaut\u00e9s. Renseignez-vous en cliquant ici.","og_url":"https:\/\/www.oasdi.ca\/fr\/vivre-en-ontario\/se-deplacer\/","og_site_name":"OASDI","article_modified_time":"2020-04-17T00:58:49+00:00","og_image":[{"width":1440,"height":268,"url":"https:\/\/www.oasdi.ca\/wp-content\/uploads\/2020\/03\/getting-around-ontario.jpg","type":"image\/jpeg"}],"twitter_card":"summary_large_image","twitter_misc":{"Dur\u00e9e de lecture estim\u00e9e":"3 minutes"},"schema":{"@context":"https:\/\/schema.org","@graph":[{"@type":"WebPage","@id":"https:\/\/www.oasdi.ca\/fr\/vivre-en-ontario\/se-deplacer\/","url":"https:\/\/www.oasdi.ca\/fr\/vivre-en-ontario\/se-deplacer\/","name":"Se d\u00e9placer en Ontario | \u00c9ducation internationale | AOCSI","isPartOf":{"@id":"https:\/\/www.oasdi.ca\/fr\/#website"},"datePublished":"2020-03-22T15:54:51+00:00","dateModified":"2020-04-17T00:58:49+00:00","description":"Il existe diverses possibilit\u00e9s pour se d\u00e9placer en Ontario et dans ses communaut\u00e9s. Renseignez-vous en cliquant ici.","breadcrumb":{"@id":"https:\/\/www.oasdi.ca\/fr\/vivre-en-ontario\/se-deplacer\/#breadcrumb"},"inLanguage":"fr-FR","potentialAction":[{"@type":"ReadAction","target":["https:\/\/www.oasdi.ca\/fr\/vivre-en-ontario\/se-deplacer\/"]}]},{"@type":"BreadcrumbList","@id":"https:\/\/www.oasdi.ca\/fr\/vivre-en-ontario\/se-deplacer\/#breadcrumb","itemListElement":[{"@type":"ListItem","position":1,"name":"Accueil","item":"https:\/\/www.oasdi.ca\/fr\/"},{"@type":"ListItem","position":2,"name":"Vivre en Ontario en tant qu&#8217;\u00e9tudiant \u00e9tranger","item":"https:\/\/www.oasdi.ca\/fr\/vivre-en-ontario\/"},{"@type":"ListItem","position":3,"name":"Se d\u00e9placer en Ontario"}]},{"@type":"WebSite","@id":"https:\/\/www.oasdi.ca\/fr\/#website","url":"https:\/\/www.oasdi.ca\/fr\/","name":"OASDI","description":"Ontario Association of School District International","publisher":{"@id":"https:\/\/www.oasdi.ca\/fr\/#organization"},"potentialAction":[{"@type":"SearchAction","target":{"@type":"EntryPoint","urlTemplate":"https:\/\/www.oasdi.ca\/fr\/?s={search_term_string}"},"query-input":"required name=search_term_string"}],"inLanguage":"fr-FR"},{"@type":"Organization","@id":"https:\/\/www.oasdi.ca\/fr\/#organization","name":"OASDI","url":"https:\/\/www.oasdi.ca\/fr\/","logo":{"@type":"ImageObject","inLanguage":"fr-FR","@id":"https:\/\/www.oasdi.ca\/fr\/#\/schema\/logo\/image\/","url":"https:\/\/www.oasdi.ca\/wp-content\/uploads\/2020\/02\/cropped-oasdi-logo.png","contentUrl":"https:\/\/www.oasdi.ca\/wp-content\/uploads\/2020\/02\/cropped-oasdi-logo.png","width":468,"height":96,"caption":"OASDI"},"image":{"@id":"https:\/\/www.oasdi.ca\/fr\/#\/schema\/logo\/image\/"}}]}},"_links":{"self":[{"href":"https:\/\/www.oasdi.ca\/fr\/wp-json\/wp\/v2\/pages\/18415"}],"collection":[{"href":"https:\/\/www.oasdi.ca\/fr\/wp-json\/wp\/v2\/pages"}],"about":[{"href":"https:\/\/www.oasdi.ca\/fr\/wp-json\/wp\/v2\/types\/page"}],"author":[{"embeddable":true,"href":"https:\/\/www.oasdi.ca\/fr\/wp-json\/wp\/v2\/users\/237"}],"replies":[{"embeddable":true,"href":"https:\/\/www.oasdi.ca\/fr\/wp-json\/wp\/v2\/comments?post=18415"}],"version-history":[{"count":0,"href":"https:\/\/www.oasdi.ca\/fr\/wp-json\/wp\/v2\/pages\/18415\/revisions"}],"up":[{"embeddable":true,"href":"https:\/\/www.oasdi.ca\/fr\/wp-json\/wp\/v2\/pages\/18286"}],"wp:featuredmedia":[{"embeddable":true,"href":"https:\/\/www.oasdi.ca\/fr\/wp-json\/wp\/v2\/media\/17015"}],"wp:attachment":[{"href":"https:\/\/www.oasdi.ca\/fr\/wp-json\/wp\/v2\/media?parent=18415"}],"curies":[{"name":"wp","href":"https:\/\/api.w.org\/{rel}","templated":true}]}}