{"id":18286,"date":"2020-03-19T23:46:01","date_gmt":"2020-03-19T23:46:01","guid":{"rendered":"http:\/\/oasdi.ca\/living-in-ontario\/"},"modified":"2020-05-01T13:07:37","modified_gmt":"2020-05-01T13:07:37","slug":"vivre-en-ontario","status":"publish","type":"page","link":"https:\/\/www.oasdi.ca\/fr\/vivre-en-ontario\/","title":{"rendered":"Vivre en Ontario en tant qu&#8217;\u00e9tudiant \u00e9tranger"},"content":{"rendered":"<div id=\"pl-18286\"  class=\"panel-layout\" ><div id=\"pg-18286-0\"  class=\"panel-grid panel-no-style\" ><div id=\"pgc-18286-0-0\"  class=\"panel-grid-cell\" ><div id=\"panel-18286-0-0-0\" class=\"so-panel widget widget_sow-image panel-first-child panel-last-child\" data-index=\"0\" ><div class=\"is-featured-img panel-widget-style panel-widget-style-for-18286-0-0-0\" ><div\n\t\t\t\n\t\t\tclass=\"so-widget-sow-image so-widget-sow-image-default-c4f6304fc136-18286\"\n\t\t\t\n\t\t>\n\n<div class=\"sow-image-container\">\n\t\t<img loading=\"lazy\" decoding=\"async\" src=\"https:\/\/www.oasdi.ca\/wp-content\/uploads\/2020\/03\/oasdi-faq-1.jpg\" width=\"1440\" height=\"268\" srcset=\"https:\/\/www.oasdi.ca\/wp-content\/uploads\/2020\/03\/oasdi-faq-1.jpg 1440w, https:\/\/www.oasdi.ca\/wp-content\/uploads\/2020\/03\/oasdi-faq-1-250x47.jpg 250w, https:\/\/www.oasdi.ca\/wp-content\/uploads\/2020\/03\/oasdi-faq-1-700x130.jpg 700w, https:\/\/www.oasdi.ca\/wp-content\/uploads\/2020\/03\/oasdi-faq-1-768x143.jpg 768w, https:\/\/www.oasdi.ca\/wp-content\/uploads\/2020\/03\/oasdi-faq-1-500x93.jpg 500w, https:\/\/www.oasdi.ca\/wp-content\/uploads\/2020\/03\/oasdi-faq-1-120x22.jpg 120w\" sizes=\"(max-width: 1440px) 100vw, 1440px\" title=\"oasdi-faq\" alt=\"OASDI FAQ\" \t\tclass=\"so-widget-image\"\/>\n\t<\/div>\n\n<\/div><\/div><\/div><\/div><\/div><div id=\"pg-18286-1\"  class=\"panel-grid panel-has-style\" ><div class=\"has-container panel-row-style panel-row-style-for-18286-1\" ><div id=\"pgc-18286-1-0\"  class=\"panel-grid-cell\" ><div id=\"panel-18286-1-0-0\" class=\"so-panel widget widget_hem-seo-title-widget panel-first-child panel-last-child\" data-index=\"1\" ><div class=\"panel-widget-style panel-widget-style-for-18286-1-0-0\" ><div\n\t\t\t\n\t\t\tclass=\"so-widget-hem-seo-title-widget so-widget-hem-seo-title-widget-hem-seo-title-widget-style-d75171398898-18286\"\n\t\t\t\n\t\t>\n<h1 style=\"font-size:px;\">Vivre en Ontario en tant qu'\u00e9tudiant \u00e9tranger<\/h1>\n\n\n\n\t<!-- <div class=\"breadcrumb-trail\"><a href=\"index.php\">Home<\/a> \u00bb <span class=\"breadcrumb-current\">About<\/span><\/div> -->\n\t<div class=\"test1\"><span><span><a href=\"https:\/\/www.oasdi.ca\/fr\/\">Accueil<\/a><\/span><\/span><\/div>\n<\/div><\/div><\/div><\/div><\/div><\/div><div id=\"pg-18286-2\"  class=\"panel-grid panel-has-style\" ><div class=\"has-container panel-row-style panel-row-style-for-18286-2\" ><div id=\"pgc-18286-2-0\"  class=\"panel-grid-cell\" ><div id=\"panel-18286-2-0-0\" class=\"so-panel widget widget_hem-sidebar-menu-widget panel-first-child\" data-index=\"2\" ><div\n\t\t\t\n\t\t\tclass=\"so-widget-hem-sidebar-menu-widget so-widget-hem-sidebar-menu-widget-hem-sidebar-menu-widget-style-d75171398898-18286\"\n\t\t\t\n\t\t><div id=\"sidebar\">\n\t\t\t<ul id=\"side-menu\" class=\"side-menu menu-embedded\">\n\t\t\t\n\t\t\t\t\t\t\t\t\n\t\t\t\t\t\t\t\t\t\t\t<li><a href=\"https:\/\/www.oasdi.ca\/fr\/vivre-en-ontario\/faq\/\">FAQ sur la vie en Ontario pour les \u00e9tudiants \u00e9trangers<\/a><\/li>\n\t\t\t\t\t\t\t\t\t\t\t\t\t\n\t\t\t\t\t\t\t\t\t\t\t<li><a href=\"https:\/\/www.oasdi.ca\/fr\/vivre-en-ontario\/meteo-et-saisons\/\">Le climat et les saisons en Ontario<\/a><\/li>\n\t\t\t\t\t\t\t\t\t\t\t\t\t\n\t\t\t\t\t\t\t\t\t\t\t<li><a href=\"https:\/\/www.oasdi.ca\/fr\/vivre-en-ontario\/attractions\/\">Les merveilles naturelles et les principaux attraits de l'Ontario<\/a><\/li>\n\t\t\t\t\t\t\t\t\t\t\t\t\t\n\t\t\t\t\t\t\t\t\t\t\t<li><a href=\"https:\/\/www.oasdi.ca\/fr\/vivre-en-ontario\/decouvrir\/\">\u00c0 la d\u00e9couverte de l'Ontario<\/a><\/li>\n\t\t\t\t\t\t\t\t\t\t\t\t\t\n\t\t\t\t\t\t\t\t\t\t\t<li><a href=\"https:\/\/www.oasdi.ca\/fr\/vivre-en-ontario\/se-deplacer\/\">Se d\u00e9placer en Ontario<\/a><\/li>\n\t\t\t\t\t\t\t\t\t\t\t\t\t\n\t\t\t\t\t\t\t\t\t\t\t<li><a href=\"https:\/\/www.oasdi.ca\/fr\/vivre-en-ontario\/culture-canadienne\/\">Culture canadienne<\/a><\/li>\n\t\t\t\t\t\t\t\t\t\t\t\t\t\n\t\t\t\t\t\t\t\t\t\t\t<li><a href=\"https:\/\/www.oasdi.ca\/fr\/vivre-en-ontario\/vie-en-milieu-rural\/\">La vie rurale, suburbaine et urbaine en Ontario<\/a><\/li>\n\t\t\t\t\t\t\t\t\t\t\t\t\t\n\t\t\t\t\t\t\t\t\t\t\t<li><a href=\"https:\/\/www.oasdi.ca\/fr\/vivre-en-ontario\/services-hebergement-en-famille-accueil\/\">Services d'h\u00e9bergement en famille d'accueil pour les \u00e9tudiants \u00e9trangers en Ontario<\/a><\/li>\n\t\t\t\t\t\t\t\t\t\t\n\n\t\t\t\t<!-- Extra menu -->\n\t\t\t\t\n\n\n\t\t\t\t\t<\/ul>\n\t\n\n<\/div><\/div><\/div><div id=\"panel-18286-2-0-1\" class=\"so-panel widget widget_hem-sidebar-link-widget panel-last-child\" data-index=\"3\" ><div\n\t\t\t\n\t\t\tclass=\"so-widget-hem-sidebar-link-widget so-widget-hem-sidebar-link-widget-hem-sidebar-link-widget-style-d75171398898-18286\"\n\t\t\t\n\t\t><div id=\"sidebar\" class=\"external-link-only\">\n\n\n\n\t\t\t\t<!-- Extra menu -->\n\t\t\t\t\t\t\t\t\t<ul id=\"side-menu\" class=\"side-menu menu-embedded\">\n\t\t\t\t\t\t\t\t\t\t\t\t\t\t\t\t\t\t\t\t\t<li><a  href=\"https:\/\/www.oasdi.ca\/map-search\/\">Map Overview<\/a><\/li>\n\t\t\t\t\t\t\t\t\t\t\t\t\t\t\n\t\t\t\t\t\t\t\t\t\t\t\t\t\t\t\t\t\t\t\t\t<li><a  href=\"https:\/\/www.oasdi.ca\/district-list\/\">District List<\/a><\/li>\n\t\t\t\t\t\t\t\t\t\t\t\t\t\t\n\t\t\t\t\t\t\t\n\t\t\t\t\t<\/ul>\n\t\t\t\t\n\t\t\t\t\n\n\n\n\n<\/div><\/div><\/div><\/div><div id=\"pgc-18286-2-1\"  class=\"panel-grid-cell\" ><div class=\"pl-sm-3 pl-md-5 panel-cell-style panel-cell-style-for-18286-2-1\" ><div id=\"panel-18286-2-1-0\" class=\"so-panel widget widget_sow-editor panel-first-child panel-last-child\" data-index=\"4\" ><div\n\t\t\t\n\t\t\tclass=\"so-widget-sow-editor so-widget-sow-editor-base\"\n\t\t\t\n\t\t>\n<div class=\"siteorigin-widget-tinymce textwidget\">\n\t<p>L\u2019Ontario est la plus large province canadienne en mati\u00e8re de superficie et de population; ses paysages sont magnifiques et sa population des plus diversifi\u00e9es. Sa dimension fait en sorte que l\u2019on y retrouve un plus grand nombre d\u2019opportunit\u00e9s, davantage de commodit\u00e9s et de services.<\/p>\n<p>L\u2019Ontario a beaucoup \u00e0 offrir aux \u00e9tudiants \u00e9trangers. Que l\u2019on habite dans une grande ville, une petite ville ou une collectivit\u00e9 rurale, l\u2019Ontario est un endroit amical, s\u00e9curitaire et accueillant. L\u2019air et l\u2019eau y sont purs. Les collectivit\u00e9s sont bien \u00e9tablies et offrent un vaste \u00e9ventail d\u2019installations et de services de soutien, des excellents soins de sant\u00e9 aux centres de loisirs communautaires et aux r\u00e9seaux de communication bien d\u00e9velopp\u00e9s. La nature n\u2019est jamais bien loin et il est facile de l\u2019explorer et de se livrer \u00e0 des activit\u00e9s physiques tout au long des quatre saisons distinctes de l\u2019Ontario. Et la vie dans une famille d\u2019accueil est un atout qui permet aux \u00e9tudiants \u00e9trangers de s\u2019int\u00e9grer \u00e0 une famille canadienne.<\/p>\n<p>Cette section du site Web de l\u2019AOCSI offre des renseignements sur la vie en famille d\u2019accueil, les types de collectivit\u00e9s ontariennes, les divers aspects de la culture canadienne ainsi que les moyens de transport pour partir \u00e0 la d\u00e9couverte de l\u2019Ontario.<\/p>\n<\/div>\n<\/div><\/div><\/div><\/div><\/div><\/div><\/div>","protected":false},"excerpt":{"rendered":"Vivre en Ontario en tant qu&#8217;\u00e9tudiant \u00e9tranger Accueil FAQ sur la vie en Ontario pour les \u00e9tudiants \u00e9trangers Le climat et les saisons en Ontario Les merveilles naturelles et les principaux attraits de l&#8217;Ontario \u00c0 la d\u00e9couverte de l&#8217;Ontario Se d\u00e9placer en Ontario Culture canadienne La vie rurale, suburbaine et urbaine en Ontario Services d&#8217;h\u00e9bergement&#8230; <a class=\"view-article\" href=\"https:\/\/www.oasdi.ca\/fr\/vivre-en-ontario\/\">View Article<\/a>","protected":false},"author":237,"featured_media":0,"parent":0,"menu_order":0,"comment_status":"closed","ping_status":"closed","template":"","meta":{"footnotes":""},"class_list":["post-18286","page","type-page","status-publish","hentry"],"yoast_head":"<!-- This site is optimized with the Yoast SEO plugin v21.5 - https:\/\/yoast.com\/wordpress\/plugins\/seo\/ -->\n<title>Vivre en Ontario | \u00c9ducation internat. de l&#039;Ont. | AOCSI<\/title>\n<meta name=\"description\" content=\"Curieux de savoir comment est la vie dans la province de l&#039;Ontario comme \u00e9tudiant \u00e9tranger ? Pour en savoir plus sur notre province accueillante, cliquez ici !\" \/>\n<meta name=\"robots\" content=\"index, follow, max-snippet:-1, max-image-preview:large, max-video-preview:-1\" \/>\n<link rel=\"canonical\" href=\"https:\/\/www.oasdi.ca\/fr\/vivre-en-ontario\/\" \/>\n<meta property=\"og:locale\" content=\"fr_FR\" \/>\n<meta property=\"og:type\" content=\"article\" \/>\n<meta property=\"og:title\" content=\"Vivre en Ontario | \u00c9ducation internat. de l&#039;Ont. | AOCSI\" \/>\n<meta property=\"og:description\" content=\"Curieux de savoir comment est la vie dans la province de l&#039;Ontario comme \u00e9tudiant \u00e9tranger ? Pour en savoir plus sur notre province accueillante, cliquez ici !\" \/>\n<meta property=\"og:url\" content=\"https:\/\/www.oasdi.ca\/fr\/vivre-en-ontario\/\" \/>\n<meta property=\"og:site_name\" content=\"OASDI\" \/>\n<meta property=\"article:modified_time\" content=\"2020-05-01T13:07:37+00:00\" \/>\n<meta property=\"og:image\" content=\"https:\/\/www.oasdi.ca\/wp-content\/uploads\/2020\/03\/oasdi-faq.jpg\" \/>\n\t<meta property=\"og:image:width\" content=\"1440\" \/>\n\t<meta property=\"og:image:height\" content=\"268\" \/>\n\t<meta property=\"og:image:type\" content=\"image\/jpeg\" \/>\n<meta name=\"twitter:card\" content=\"summary_large_image\" \/>\n<meta name=\"twitter:label1\" content=\"Dur\u00e9e de lecture estim\u00e9e\" \/>\n\t<meta name=\"twitter:data1\" content=\"1 minute\" \/>\n<script type=\"application\/ld+json\" class=\"yoast-schema-graph\">{\"@context\":\"https:\/\/schema.org\",\"@graph\":[{\"@type\":\"WebPage\",\"@id\":\"https:\/\/www.oasdi.ca\/fr\/vivre-en-ontario\/\",\"url\":\"https:\/\/www.oasdi.ca\/fr\/vivre-en-ontario\/\",\"name\":\"Vivre en Ontario | \u00c9ducation internat. de l'Ont. | AOCSI\",\"isPartOf\":{\"@id\":\"https:\/\/www.oasdi.ca\/fr\/#website\"},\"datePublished\":\"2020-03-19T23:46:01+00:00\",\"dateModified\":\"2020-05-01T13:07:37+00:00\",\"description\":\"Curieux de savoir comment est la vie dans la province de l'Ontario comme \u00e9tudiant \u00e9tranger ? Pour en savoir plus sur notre province accueillante, cliquez ici !\",\"breadcrumb\":{\"@id\":\"https:\/\/www.oasdi.ca\/fr\/vivre-en-ontario\/#breadcrumb\"},\"inLanguage\":\"fr-FR\",\"potentialAction\":[{\"@type\":\"ReadAction\",\"target\":[\"https:\/\/www.oasdi.ca\/fr\/vivre-en-ontario\/\"]}]},{\"@type\":\"BreadcrumbList\",\"@id\":\"https:\/\/www.oasdi.ca\/fr\/vivre-en-ontario\/#breadcrumb\",\"itemListElement\":[{\"@type\":\"ListItem\",\"position\":1,\"name\":\"Accueil\",\"item\":\"https:\/\/www.oasdi.ca\/fr\/\"},{\"@type\":\"ListItem\",\"position\":2,\"name\":\"Vivre en Ontario en tant qu&#8217;\u00e9tudiant \u00e9tranger\"}]},{\"@type\":\"WebSite\",\"@id\":\"https:\/\/www.oasdi.ca\/fr\/#website\",\"url\":\"https:\/\/www.oasdi.ca\/fr\/\",\"name\":\"OASDI\",\"description\":\"Ontario Association of School District International\",\"publisher\":{\"@id\":\"https:\/\/www.oasdi.ca\/fr\/#organization\"},\"potentialAction\":[{\"@type\":\"SearchAction\",\"target\":{\"@type\":\"EntryPoint\",\"urlTemplate\":\"https:\/\/www.oasdi.ca\/fr\/?s={search_term_string}\"},\"query-input\":\"required name=search_term_string\"}],\"inLanguage\":\"fr-FR\"},{\"@type\":\"Organization\",\"@id\":\"https:\/\/www.oasdi.ca\/fr\/#organization\",\"name\":\"OASDI\",\"url\":\"https:\/\/www.oasdi.ca\/fr\/\",\"logo\":{\"@type\":\"ImageObject\",\"inLanguage\":\"fr-FR\",\"@id\":\"https:\/\/www.oasdi.ca\/fr\/#\/schema\/logo\/image\/\",\"url\":\"https:\/\/www.oasdi.ca\/wp-content\/uploads\/2020\/02\/cropped-oasdi-logo.png\",\"contentUrl\":\"https:\/\/www.oasdi.ca\/wp-content\/uploads\/2020\/02\/cropped-oasdi-logo.png\",\"width\":468,\"height\":96,\"caption\":\"OASDI\"},\"image\":{\"@id\":\"https:\/\/www.oasdi.ca\/fr\/#\/schema\/logo\/image\/\"}}]}<\/script>\n<!-- \/ Yoast SEO plugin. -->","yoast_head_json":{"title":"Vivre en Ontario | \u00c9ducation internat. de l'Ont. | AOCSI","description":"Curieux de savoir comment est la vie dans la province de l'Ontario comme \u00e9tudiant \u00e9tranger ? Pour en savoir plus sur notre province accueillante, cliquez ici !","robots":{"index":"index","follow":"follow","max-snippet":"max-snippet:-1","max-image-preview":"max-image-preview:large","max-video-preview":"max-video-preview:-1"},"canonical":"https:\/\/www.oasdi.ca\/fr\/vivre-en-ontario\/","og_locale":"fr_FR","og_type":"article","og_title":"Vivre en Ontario | \u00c9ducation internat. de l'Ont. | AOCSI","og_description":"Curieux de savoir comment est la vie dans la province de l'Ontario comme \u00e9tudiant \u00e9tranger ? Pour en savoir plus sur notre province accueillante, cliquez ici !","og_url":"https:\/\/www.oasdi.ca\/fr\/vivre-en-ontario\/","og_site_name":"OASDI","article_modified_time":"2020-05-01T13:07:37+00:00","og_image":[{"width":1440,"height":268,"url":"https:\/\/www.oasdi.ca\/wp-content\/uploads\/2020\/03\/oasdi-faq.jpg","type":"image\/jpeg"}],"twitter_card":"summary_large_image","twitter_misc":{"Dur\u00e9e de lecture estim\u00e9e":"1 minute"},"schema":{"@context":"https:\/\/schema.org","@graph":[{"@type":"WebPage","@id":"https:\/\/www.oasdi.ca\/fr\/vivre-en-ontario\/","url":"https:\/\/www.oasdi.ca\/fr\/vivre-en-ontario\/","name":"Vivre en Ontario | \u00c9ducation internat. de l'Ont. | AOCSI","isPartOf":{"@id":"https:\/\/www.oasdi.ca\/fr\/#website"},"datePublished":"2020-03-19T23:46:01+00:00","dateModified":"2020-05-01T13:07:37+00:00","description":"Curieux de savoir comment est la vie dans la province de l'Ontario comme \u00e9tudiant \u00e9tranger ? Pour en savoir plus sur notre province accueillante, cliquez ici !","breadcrumb":{"@id":"https:\/\/www.oasdi.ca\/fr\/vivre-en-ontario\/#breadcrumb"},"inLanguage":"fr-FR","potentialAction":[{"@type":"ReadAction","target":["https:\/\/www.oasdi.ca\/fr\/vivre-en-ontario\/"]}]},{"@type":"BreadcrumbList","@id":"https:\/\/www.oasdi.ca\/fr\/vivre-en-ontario\/#breadcrumb","itemListElement":[{"@type":"ListItem","position":1,"name":"Accueil","item":"https:\/\/www.oasdi.ca\/fr\/"},{"@type":"ListItem","position":2,"name":"Vivre en Ontario en tant qu&#8217;\u00e9tudiant \u00e9tranger"}]},{"@type":"WebSite","@id":"https:\/\/www.oasdi.ca\/fr\/#website","url":"https:\/\/www.oasdi.ca\/fr\/","name":"OASDI","description":"Ontario Association of School District International","publisher":{"@id":"https:\/\/www.oasdi.ca\/fr\/#organization"},"potentialAction":[{"@type":"SearchAction","target":{"@type":"EntryPoint","urlTemplate":"https:\/\/www.oasdi.ca\/fr\/?s={search_term_string}"},"query-input":"required name=search_term_string"}],"inLanguage":"fr-FR"},{"@type":"Organization","@id":"https:\/\/www.oasdi.ca\/fr\/#organization","name":"OASDI","url":"https:\/\/www.oasdi.ca\/fr\/","logo":{"@type":"ImageObject","inLanguage":"fr-FR","@id":"https:\/\/www.oasdi.ca\/fr\/#\/schema\/logo\/image\/","url":"https:\/\/www.oasdi.ca\/wp-content\/uploads\/2020\/02\/cropped-oasdi-logo.png","contentUrl":"https:\/\/www.oasdi.ca\/wp-content\/uploads\/2020\/02\/cropped-oasdi-logo.png","width":468,"height":96,"caption":"OASDI"},"image":{"@id":"https:\/\/www.oasdi.ca\/fr\/#\/schema\/logo\/image\/"}}]}},"_links":{"self":[{"href":"https:\/\/www.oasdi.ca\/fr\/wp-json\/wp\/v2\/pages\/18286"}],"collection":[{"href":"https:\/\/www.oasdi.ca\/fr\/wp-json\/wp\/v2\/pages"}],"about":[{"href":"https:\/\/www.oasdi.ca\/fr\/wp-json\/wp\/v2\/types\/page"}],"author":[{"embeddable":true,"href":"https:\/\/www.oasdi.ca\/fr\/wp-json\/wp\/v2\/users\/237"}],"replies":[{"embeddable":true,"href":"https:\/\/www.oasdi.ca\/fr\/wp-json\/wp\/v2\/comments?post=18286"}],"version-history":[{"count":0,"href":"https:\/\/www.oasdi.ca\/fr\/wp-json\/wp\/v2\/pages\/18286\/revisions"}],"wp:attachment":[{"href":"https:\/\/www.oasdi.ca\/fr\/wp-json\/wp\/v2\/media?parent=18286"}],"curies":[{"name":"wp","href":"https:\/\/api.w.org\/{rel}","templated":true}]}}