{"id":18238,"date":"2020-03-19T23:04:54","date_gmt":"2020-03-19T23:04:54","guid":{"rendered":"http:\/\/oasdi.ca\/pathways\/"},"modified":"2020-04-16T22:27:49","modified_gmt":"2020-04-16T22:27:49","slug":"parcours","status":"publish","type":"page","link":"https:\/\/www.oasdi.ca\/fr\/parcours\/","title":{"rendered":"Cheminement \u00e9ducatif pour les \u00e9tudiants \u00e9trangers en Ontario"},"content":{"rendered":"<div id=\"pl-18238\"  class=\"panel-layout\" ><div id=\"pg-18238-0\"  class=\"panel-grid panel-no-style\" ><div id=\"pgc-18238-0-0\"  class=\"panel-grid-cell\" ><div id=\"panel-18238-0-0-0\" class=\"so-panel widget widget_sow-image panel-first-child panel-last-child\" data-index=\"0\" ><div class=\"is-featured-img panel-widget-style panel-widget-style-for-18238-0-0-0\" ><div\n\t\t\t\n\t\t\tclass=\"so-widget-sow-image so-widget-sow-image-default-c4f6304fc136-18238\"\n\t\t\t\n\t\t>\n\n<div class=\"sow-image-container\">\n\t\t<img loading=\"lazy\" decoding=\"async\" src=\"https:\/\/www.oasdi.ca\/wp-content\/uploads\/2020\/03\/OASDI-pathway.jpg\" width=\"1440\" height=\"268\" srcset=\"https:\/\/www.oasdi.ca\/wp-content\/uploads\/2020\/03\/OASDI-pathway.jpg 1440w, https:\/\/www.oasdi.ca\/wp-content\/uploads\/2020\/03\/OASDI-pathway-250x47.jpg 250w, https:\/\/www.oasdi.ca\/wp-content\/uploads\/2020\/03\/OASDI-pathway-700x130.jpg 700w, https:\/\/www.oasdi.ca\/wp-content\/uploads\/2020\/03\/OASDI-pathway-768x143.jpg 768w, https:\/\/www.oasdi.ca\/wp-content\/uploads\/2020\/03\/OASDI-pathway-120x22.jpg 120w\" sizes=\"(max-width: 1440px) 100vw, 1440px\" alt=\"\" \t\tclass=\"so-widget-image\"\/>\n\t<\/div>\n\n<\/div><\/div><\/div><\/div><\/div><div id=\"pg-18238-1\"  class=\"panel-grid panel-has-style\" ><div class=\"has-container panel-row-style panel-row-style-for-18238-1\" ><div id=\"pgc-18238-1-0\"  class=\"panel-grid-cell\" ><div id=\"panel-18238-1-0-0\" class=\"so-panel widget widget_hem-seo-title-widget panel-first-child panel-last-child\" data-index=\"1\" ><div class=\"panel-widget-style panel-widget-style-for-18238-1-0-0\" ><div\n\t\t\t\n\t\t\tclass=\"so-widget-hem-seo-title-widget so-widget-hem-seo-title-widget-hem-seo-title-widget-style-d75171398898-18238\"\n\t\t\t\n\t\t>\n<h1 style=\"font-size:px;\">Cheminement \u00e9ducatif pour les \u00e9tudiants \u00e9trangers en Ontario<\/h1>\n\n\n\n\t<!-- <div class=\"breadcrumb-trail\"><a href=\"index.php\">Home<\/a> \u00bb <span class=\"breadcrumb-current\">About<\/span><\/div> -->\n\t<div class=\"test1\"><span><span><a href=\"https:\/\/www.oasdi.ca\/fr\/\">Accueil<\/a><\/span><\/span><\/div>\n<\/div><\/div><\/div><\/div><\/div><\/div><div id=\"pg-18238-2\"  class=\"panel-grid panel-has-style\" ><div class=\"has-container panel-row-style panel-row-style-for-18238-2\" ><div id=\"pgc-18238-2-0\"  class=\"panel-grid-cell\" ><div id=\"panel-18238-2-0-0\" class=\"so-panel widget widget_hem-sidebar-menu-widget panel-first-child\" data-index=\"2\" ><div\n\t\t\t\n\t\t\tclass=\"so-widget-hem-sidebar-menu-widget so-widget-hem-sidebar-menu-widget-hem-sidebar-menu-widget-style-d75171398898-18238\"\n\t\t\t\n\t\t><div id=\"sidebar\">\n\t\t\t<ul id=\"side-menu\" class=\"side-menu menu-embedded\">\n\t\t\t\n\t\t\t\t\t\t\t\t\n\t\t\t\t\t\t\t\t\t\t\t<li><a href=\"https:\/\/www.oasdi.ca\/fr\/parcours\/apprentissages\/\">Apprentissage en Ontario pour les \u00e9tudiants \u00e9trangers<\/a><\/li>\n\t\t\t\t\t\t\t\t\t\t\t\t\t\n\t\t\t\t\t\t\t\t\t\t\t<li><a href=\"https:\/\/www.oasdi.ca\/fr\/parcours\/ontario\/\">Graphiques sur les parcours \u00e9ducatifs de l'Ontario<\/a><\/li>\n\t\t\t\t\t\t\t\t\t\t\t\t\t\n\t\t\t\t\t\t\t\t\t\t\t<li><a href=\"https:\/\/www.oasdi.ca\/fr\/parcours\/faq\/\">FAQ sur les parcours \u00e9ducatifs de l'Ontario pour les \u00e9tudiants \u00e9trangers<\/a><\/li>\n\t\t\t\t\t\t\t\t\t\t\t\t\t\n\t\t\t\t\t\t\t\t\t\t\t<li><a href=\"https:\/\/www.oasdi.ca\/fr\/parcours\/bourse-etudes\/\">Possibilit\u00e9s de bourses d'\u00e9tudes de l'Ontario pour les \u00e9tudiants \u00e9trangers<\/a><\/li>\n\t\t\t\t\t\t\t\t\t\t\t\t\t\n\t\t\t\t\t\t\t\t\t\t\t<li><a href=\"https:\/\/www.oasdi.ca\/fr\/parcours\/immigration-en-ontario\/\">Immigration en Ontario en tant qu'\u00e9tudiant \u00e9tranger<\/a><\/li>\n\t\t\t\t\t\t\t\t\t\t\t\t\t\n\t\t\t\t\t\t\t\t\t\t\t<li><a href=\"https:\/\/www.oasdi.ca\/fr\/parcours\/travailler-au-canada\/\">Comment travailler en Ontario en tant qu'\u00e9tudiant \u00e9tranger<\/a><\/li>\n\t\t\t\t\t\t\t\t\t\t\t\t\t\n\t\t\t\t\t\t\t\t\t\t\t<li><a href=\"https:\/\/www.oasdi.ca\/fr\/parcours\/universite-en-ontario\/\">Informations sur les universit\u00e9s de l'Ontario pour les \u00e9tudiants \u00e9trangers<\/a><\/li>\n\t\t\t\t\t\t\t\t\t\t\t\t\t\n\t\t\t\t\t\t\t\t\t\t\t<li><a href=\"https:\/\/www.oasdi.ca\/fr\/parcours\/colleges-en-ontario\/\">Informations sur les coll\u00e8ges de l'Ontario pour les \u00e9tudiants \u00e9trangers<\/a><\/li>\n\t\t\t\t\t\t\t\t\t\t\n\n\t\t\t\t<!-- Extra menu -->\n\t\t\t\t\n\n\n\t\t\t\t\t<\/ul>\n\t\n\n<\/div><\/div><\/div><div id=\"panel-18238-2-0-1\" class=\"so-panel widget widget_hem-sidebar-link-widget panel-last-child\" data-index=\"3\" ><div\n\t\t\t\n\t\t\tclass=\"so-widget-hem-sidebar-link-widget so-widget-hem-sidebar-link-widget-hem-sidebar-link-widget-style-d75171398898-18238\"\n\t\t\t\n\t\t><div id=\"sidebar\" class=\"external-link-only\">\n\n\n\n\t\t\t\t<!-- Extra menu -->\n\t\t\t\t\t\t\t\t\t<ul id=\"side-menu\" class=\"side-menu menu-embedded\">\n\t\t\t\t\t\t\t\t\t\t\t\t\t\t\t\t\t\t\t\t\t<li><a  href=\"https:\/\/www.oasdi.ca\/map-search\/\">Map Overview<\/a><\/li>\n\t\t\t\t\t\t\t\t\t\t\t\t\t\t\n\t\t\t\t\t\t\t\t\t\t\t\t\t\t\t\t\t\t\t\t\t<li><a  href=\"https:\/\/www.oasdi.ca\/district-list\/\">District List<\/a><\/li>\n\t\t\t\t\t\t\t\t\t\t\t\t\t\t\n\t\t\t\t\t\t\t\n\t\t\t\t\t<\/ul>\n\t\t\t\t\n\t\t\t\t\n\n\n\n\n<\/div><\/div><\/div><\/div><div id=\"pgc-18238-2-1\"  class=\"panel-grid-cell\" ><div class=\"pl-sm-3 pl-md-5 panel-cell-style panel-cell-style-for-18238-2-1\" ><div id=\"panel-18238-2-1-0\" class=\"so-panel widget widget_sow-editor panel-first-child panel-last-child\" data-index=\"4\" ><div\n\t\t\t\n\t\t\tclass=\"so-widget-sow-editor so-widget-sow-editor-base\"\n\t\t\t\n\t\t>\n<div class=\"siteorigin-widget-tinymce textwidget\">\n\t<p>Au-del\u00e0 de la qualit\u00e9 de l\u2019\u00e9ducation dispens\u00e9e aux \u00e9tudiants \u00e9trangers qui obtiennent un dipl\u00f4me d\u2019\u00e9tudes secondaires de l\u2019Ontario (DESO), ces derniers pourraient avoir l\u2019occasion d\u2019atteindre des objectifs d\u2019\u00e9tudes gr\u00e2ce \u00e0 de nombreux cheminements postsecondaires offerts \u00e0 l\u2019universit\u00e9, dans les coll\u00e8ges ou en apprentissage et susceptibles de d\u00e9boucher sur une carri\u00e8re et la vie au Canada. Il existe aussi de possibles avenues pour ceux qui d\u00e9sirent devenir citoyens canadiens.<\/p>\n<p>Le DESO peut ouvrir beaucoup de portes. L\u2019Ontario est la province la plus peupl\u00e9e au Canada et compte beaucoup plus de maisons d\u2019enseignement que toute autre province, avec :<\/p>\n<ul>\n<li>20 universit\u00e9s<\/li>\n<li>26 coll\u00e8ges<\/li>\n<li>150 m\u00e9tiers d\u2019apprentissage<\/li>\n<\/ul>\n<p>Le gouvernement a mis sur pied une strat\u00e9gie exhaustive sur l\u2019\u00e9ducation internationale reconnaissant l\u2019importance des cheminements d\u00e9bouchant sur des opportunit\u00e9s pour les \u00e9tudiants \u00e9trangers \u00a0au-del\u00e0 du DESO et est en train de mettre en place de mesures qui procureront \u00ab une strat\u00e9gie int\u00e9gr\u00e9e et coordonn\u00e9e applicable \u00e0 l\u2019ensemble du continuum d\u2019apprentissage, de la maternelle\/du jardin d\u2019enfants \u00e0 la 12e ann\u00e9e en passant par les \u00e9tudes postsecondaires et la formation, et jusqu\u2019\u00e0 travailler et r\u00e9sider en Ontario. \u00bb (p. 29) (<a href=\"http:\/\/www.edu.gov.on.ca\/fre\/policyfunding\/strategyK12Fr.pdf\" target=\"_blank\" rel=\"noopener\">www.edu.gov.on.ca\/fre\/policyfunding\/strategyK12Fr.pdf<\/a>)<\/p>\n<p>Il est clair que l\u2019Ontario accueille \u00e0 bras ouverts les \u00e9tudiants \u00e9trangers et que le fait d\u2019obtenir une \u00e9ducation ici peut aussi constituer une passerelle vers le travail et la vie au Canada, de m\u00eame qu\u2019une possible voie vers l\u2019immigration au Canada.<\/p>\n<\/div>\n<\/div><\/div><\/div><\/div><\/div><\/div><\/div>","protected":false},"excerpt":{"rendered":"Cheminement \u00e9ducatif pour les \u00e9tudiants \u00e9trangers en Ontario Accueil Apprentissage en Ontario pour les \u00e9tudiants \u00e9trangers Graphiques sur les parcours \u00e9ducatifs de l&#8217;Ontario FAQ sur les parcours \u00e9ducatifs de l&#8217;Ontario pour les \u00e9tudiants \u00e9trangers Possibilit\u00e9s de bourses d&#8217;\u00e9tudes de l&#8217;Ontario pour les \u00e9tudiants \u00e9trangers Immigration en Ontario en tant qu&#8217;\u00e9tudiant \u00e9tranger Comment travailler en Ontario&#8230; <a class=\"view-article\" href=\"https:\/\/www.oasdi.ca\/fr\/parcours\/\">View Article<\/a>","protected":false},"author":237,"featured_media":0,"parent":0,"menu_order":0,"comment_status":"closed","ping_status":"closed","template":"","meta":{"footnotes":""},"class_list":["post-18238","page","type-page","status-publish","hentry"],"yoast_head":"<!-- This site is optimized with the Yoast SEO plugin v21.5 - https:\/\/yoast.com\/wordpress\/plugins\/seo\/ -->\n<title>Cheminements \u00e9ducatifs | \u00c9ducation internationale Ontario<\/title>\n<meta name=\"description\" content=\"Vous souhaitez savoir quelles voies d&#039;acc\u00e8s \u00e0 l&#039;\u00e9ducation internationale en Ontario sont ouvertes ? Obtenez ici plus d&#039;information.\" \/>\n<meta name=\"robots\" content=\"index, follow, max-snippet:-1, max-image-preview:large, max-video-preview:-1\" \/>\n<link rel=\"canonical\" href=\"https:\/\/www.oasdi.ca\/fr\/parcours\/\" \/>\n<meta property=\"og:locale\" content=\"fr_FR\" \/>\n<meta property=\"og:type\" content=\"article\" \/>\n<meta property=\"og:title\" content=\"Cheminements \u00e9ducatifs | \u00c9ducation internationale Ontario\" \/>\n<meta property=\"og:description\" content=\"Vous souhaitez savoir quelles voies d&#039;acc\u00e8s \u00e0 l&#039;\u00e9ducation internationale en Ontario sont ouvertes ? Obtenez ici plus d&#039;information.\" \/>\n<meta property=\"og:url\" content=\"https:\/\/www.oasdi.ca\/fr\/parcours\/\" \/>\n<meta property=\"og:site_name\" content=\"OASDI\" \/>\n<meta property=\"article:modified_time\" content=\"2020-04-16T22:27:49+00:00\" \/>\n<meta property=\"og:image\" content=\"https:\/\/www.oasdi.ca\/wp-content\/uploads\/2020\/03\/oasdi-faq.jpg\" \/>\n\t<meta property=\"og:image:width\" content=\"1440\" \/>\n\t<meta property=\"og:image:height\" content=\"268\" \/>\n\t<meta property=\"og:image:type\" content=\"image\/jpeg\" \/>\n<meta name=\"twitter:card\" content=\"summary_large_image\" \/>\n<meta name=\"twitter:label1\" content=\"Dur\u00e9e de lecture estim\u00e9e\" \/>\n\t<meta name=\"twitter:data1\" content=\"1 minute\" \/>\n<script type=\"application\/ld+json\" class=\"yoast-schema-graph\">{\"@context\":\"https:\/\/schema.org\",\"@graph\":[{\"@type\":\"WebPage\",\"@id\":\"https:\/\/www.oasdi.ca\/fr\/parcours\/\",\"url\":\"https:\/\/www.oasdi.ca\/fr\/parcours\/\",\"name\":\"Cheminements \u00e9ducatifs | \u00c9ducation internationale Ontario\",\"isPartOf\":{\"@id\":\"https:\/\/www.oasdi.ca\/fr\/#website\"},\"datePublished\":\"2020-03-19T23:04:54+00:00\",\"dateModified\":\"2020-04-16T22:27:49+00:00\",\"description\":\"Vous souhaitez savoir quelles voies d'acc\u00e8s \u00e0 l'\u00e9ducation internationale en Ontario sont ouvertes ? Obtenez ici plus d'information.\",\"breadcrumb\":{\"@id\":\"https:\/\/www.oasdi.ca\/fr\/parcours\/#breadcrumb\"},\"inLanguage\":\"fr-FR\",\"potentialAction\":[{\"@type\":\"ReadAction\",\"target\":[\"https:\/\/www.oasdi.ca\/fr\/parcours\/\"]}]},{\"@type\":\"BreadcrumbList\",\"@id\":\"https:\/\/www.oasdi.ca\/fr\/parcours\/#breadcrumb\",\"itemListElement\":[{\"@type\":\"ListItem\",\"position\":1,\"name\":\"Accueil\",\"item\":\"https:\/\/www.oasdi.ca\/fr\/\"},{\"@type\":\"ListItem\",\"position\":2,\"name\":\"Cheminement \u00e9ducatif pour les \u00e9tudiants \u00e9trangers en Ontario\"}]},{\"@type\":\"WebSite\",\"@id\":\"https:\/\/www.oasdi.ca\/fr\/#website\",\"url\":\"https:\/\/www.oasdi.ca\/fr\/\",\"name\":\"OASDI\",\"description\":\"Ontario Association of School District International\",\"publisher\":{\"@id\":\"https:\/\/www.oasdi.ca\/fr\/#organization\"},\"potentialAction\":[{\"@type\":\"SearchAction\",\"target\":{\"@type\":\"EntryPoint\",\"urlTemplate\":\"https:\/\/www.oasdi.ca\/fr\/?s={search_term_string}\"},\"query-input\":\"required name=search_term_string\"}],\"inLanguage\":\"fr-FR\"},{\"@type\":\"Organization\",\"@id\":\"https:\/\/www.oasdi.ca\/fr\/#organization\",\"name\":\"OASDI\",\"url\":\"https:\/\/www.oasdi.ca\/fr\/\",\"logo\":{\"@type\":\"ImageObject\",\"inLanguage\":\"fr-FR\",\"@id\":\"https:\/\/www.oasdi.ca\/fr\/#\/schema\/logo\/image\/\",\"url\":\"https:\/\/www.oasdi.ca\/wp-content\/uploads\/2020\/02\/cropped-oasdi-logo.png\",\"contentUrl\":\"https:\/\/www.oasdi.ca\/wp-content\/uploads\/2020\/02\/cropped-oasdi-logo.png\",\"width\":468,\"height\":96,\"caption\":\"OASDI\"},\"image\":{\"@id\":\"https:\/\/www.oasdi.ca\/fr\/#\/schema\/logo\/image\/\"}}]}<\/script>\n<!-- \/ Yoast SEO plugin. -->","yoast_head_json":{"title":"Cheminements \u00e9ducatifs | \u00c9ducation internationale Ontario","description":"Vous souhaitez savoir quelles voies d'acc\u00e8s \u00e0 l'\u00e9ducation internationale en Ontario sont ouvertes ? Obtenez ici plus d'information.","robots":{"index":"index","follow":"follow","max-snippet":"max-snippet:-1","max-image-preview":"max-image-preview:large","max-video-preview":"max-video-preview:-1"},"canonical":"https:\/\/www.oasdi.ca\/fr\/parcours\/","og_locale":"fr_FR","og_type":"article","og_title":"Cheminements \u00e9ducatifs | \u00c9ducation internationale Ontario","og_description":"Vous souhaitez savoir quelles voies d'acc\u00e8s \u00e0 l'\u00e9ducation internationale en Ontario sont ouvertes ? Obtenez ici plus d'information.","og_url":"https:\/\/www.oasdi.ca\/fr\/parcours\/","og_site_name":"OASDI","article_modified_time":"2020-04-16T22:27:49+00:00","og_image":[{"width":1440,"height":268,"url":"https:\/\/www.oasdi.ca\/wp-content\/uploads\/2020\/03\/oasdi-faq.jpg","type":"image\/jpeg"}],"twitter_card":"summary_large_image","twitter_misc":{"Dur\u00e9e de lecture estim\u00e9e":"1 minute"},"schema":{"@context":"https:\/\/schema.org","@graph":[{"@type":"WebPage","@id":"https:\/\/www.oasdi.ca\/fr\/parcours\/","url":"https:\/\/www.oasdi.ca\/fr\/parcours\/","name":"Cheminements \u00e9ducatifs | \u00c9ducation internationale Ontario","isPartOf":{"@id":"https:\/\/www.oasdi.ca\/fr\/#website"},"datePublished":"2020-03-19T23:04:54+00:00","dateModified":"2020-04-16T22:27:49+00:00","description":"Vous souhaitez savoir quelles voies d'acc\u00e8s \u00e0 l'\u00e9ducation internationale en Ontario sont ouvertes ? Obtenez ici plus d'information.","breadcrumb":{"@id":"https:\/\/www.oasdi.ca\/fr\/parcours\/#breadcrumb"},"inLanguage":"fr-FR","potentialAction":[{"@type":"ReadAction","target":["https:\/\/www.oasdi.ca\/fr\/parcours\/"]}]},{"@type":"BreadcrumbList","@id":"https:\/\/www.oasdi.ca\/fr\/parcours\/#breadcrumb","itemListElement":[{"@type":"ListItem","position":1,"name":"Accueil","item":"https:\/\/www.oasdi.ca\/fr\/"},{"@type":"ListItem","position":2,"name":"Cheminement \u00e9ducatif pour les \u00e9tudiants \u00e9trangers en Ontario"}]},{"@type":"WebSite","@id":"https:\/\/www.oasdi.ca\/fr\/#website","url":"https:\/\/www.oasdi.ca\/fr\/","name":"OASDI","description":"Ontario Association of School District International","publisher":{"@id":"https:\/\/www.oasdi.ca\/fr\/#organization"},"potentialAction":[{"@type":"SearchAction","target":{"@type":"EntryPoint","urlTemplate":"https:\/\/www.oasdi.ca\/fr\/?s={search_term_string}"},"query-input":"required name=search_term_string"}],"inLanguage":"fr-FR"},{"@type":"Organization","@id":"https:\/\/www.oasdi.ca\/fr\/#organization","name":"OASDI","url":"https:\/\/www.oasdi.ca\/fr\/","logo":{"@type":"ImageObject","inLanguage":"fr-FR","@id":"https:\/\/www.oasdi.ca\/fr\/#\/schema\/logo\/image\/","url":"https:\/\/www.oasdi.ca\/wp-content\/uploads\/2020\/02\/cropped-oasdi-logo.png","contentUrl":"https:\/\/www.oasdi.ca\/wp-content\/uploads\/2020\/02\/cropped-oasdi-logo.png","width":468,"height":96,"caption":"OASDI"},"image":{"@id":"https:\/\/www.oasdi.ca\/fr\/#\/schema\/logo\/image\/"}}]}},"_links":{"self":[{"href":"https:\/\/www.oasdi.ca\/fr\/wp-json\/wp\/v2\/pages\/18238"}],"collection":[{"href":"https:\/\/www.oasdi.ca\/fr\/wp-json\/wp\/v2\/pages"}],"about":[{"href":"https:\/\/www.oasdi.ca\/fr\/wp-json\/wp\/v2\/types\/page"}],"author":[{"embeddable":true,"href":"https:\/\/www.oasdi.ca\/fr\/wp-json\/wp\/v2\/users\/237"}],"replies":[{"embeddable":true,"href":"https:\/\/www.oasdi.ca\/fr\/wp-json\/wp\/v2\/comments?post=18238"}],"version-history":[{"count":0,"href":"https:\/\/www.oasdi.ca\/fr\/wp-json\/wp\/v2\/pages\/18238\/revisions"}],"wp:attachment":[{"href":"https:\/\/www.oasdi.ca\/fr\/wp-json\/wp\/v2\/media?parent=18238"}],"curies":[{"name":"wp","href":"https:\/\/api.w.org\/{rel}","templated":true}]}}