{"id":18122,"date":"2020-03-19T12:08:21","date_gmt":"2020-03-19T12:08:21","guid":{"rendered":"http:\/\/oasdi.ca\/k-12-education-in-ontario\/"},"modified":"2020-04-18T02:55:28","modified_gmt":"2020-04-18T02:55:28","slug":"education-primaire-et-secondaire-en-ontario","status":"publish","type":"page","link":"https:\/\/www.oasdi.ca\/fr\/education-primaire-et-secondaire-en-ontario\/","title":{"rendered":"Syst\u00e8me d&#8217;\u00e9ducation K-12 de l&#8217;Ontario"},"content":{"rendered":"<div id=\"pl-18122\"  class=\"panel-layout\" ><div id=\"pg-18122-0\"  class=\"panel-grid panel-no-style\" ><div id=\"pgc-18122-0-0\"  class=\"panel-grid-cell\" ><div id=\"panel-18122-0-0-0\" class=\"so-panel widget widget_sow-image panel-first-child panel-last-child\" data-index=\"0\" ><div class=\"is-featured-img panel-widget-style panel-widget-style-for-18122-0-0-0\" ><div\n\t\t\t\n\t\t\tclass=\"so-widget-sow-image so-widget-sow-image-default-c4f6304fc136-18122\"\n\t\t\t\n\t\t>\n\n<div class=\"sow-image-container\">\n\t\t<img loading=\"lazy\" decoding=\"async\" src=\"https:\/\/www.oasdi.ca\/wp-content\/uploads\/2020\/03\/oasdi-k12.jpg\" width=\"1440\" height=\"268\" srcset=\"https:\/\/www.oasdi.ca\/wp-content\/uploads\/2020\/03\/oasdi-k12.jpg 1440w, https:\/\/www.oasdi.ca\/wp-content\/uploads\/2020\/03\/oasdi-k12-250x47.jpg 250w, https:\/\/www.oasdi.ca\/wp-content\/uploads\/2020\/03\/oasdi-k12-700x130.jpg 700w, https:\/\/www.oasdi.ca\/wp-content\/uploads\/2020\/03\/oasdi-k12-768x143.jpg 768w, https:\/\/www.oasdi.ca\/wp-content\/uploads\/2020\/03\/oasdi-k12-120x22.jpg 120w\" sizes=\"(max-width: 1440px) 100vw, 1440px\" alt=\"OASDI k12\" \t\tclass=\"so-widget-image\"\/>\n\t<\/div>\n\n<\/div><\/div><\/div><\/div><\/div><div id=\"pg-18122-1\"  class=\"panel-grid panel-has-style\" ><div class=\"has-container panel-row-style panel-row-style-for-18122-1\" ><div id=\"pgc-18122-1-0\"  class=\"panel-grid-cell\" ><div id=\"panel-18122-1-0-0\" class=\"so-panel widget widget_hem-seo-title-widget panel-first-child panel-last-child\" data-index=\"1\" ><div class=\"panel-widget-style panel-widget-style-for-18122-1-0-0\" ><div\n\t\t\t\n\t\t\tclass=\"so-widget-hem-seo-title-widget so-widget-hem-seo-title-widget-hem-seo-title-widget-style-d75171398898-18122\"\n\t\t\t\n\t\t>\n<h1 style=\"font-size:px;\">Syst\u00e8me d'\u00e9ducation K-12 de l'Ontario<\/h1>\n\n\n\n\t<!-- <div class=\"breadcrumb-trail\"><a href=\"index.php\">Home<\/a> \u00bb <span class=\"breadcrumb-current\">About<\/span><\/div> -->\n\t<div class=\"test1\"><span><span><a href=\"https:\/\/www.oasdi.ca\/fr\/\">Accueil<\/a><\/span><\/span><\/div>\n<\/div><\/div><\/div><\/div><\/div><\/div><div id=\"pg-18122-2\"  class=\"panel-grid panel-has-style\" ><div class=\"has-container panel-row-style panel-row-style-for-18122-2\" ><div id=\"pgc-18122-2-0\"  class=\"panel-grid-cell\" ><div id=\"panel-18122-2-0-0\" class=\"so-panel widget widget_hem-sidebar-menu-widget panel-first-child\" data-index=\"2\" ><div\n\t\t\t\n\t\t\tclass=\"so-widget-hem-sidebar-menu-widget so-widget-hem-sidebar-menu-widget-hem-sidebar-menu-widget-style-d75171398898-18122\"\n\t\t\t\n\t\t><div id=\"sidebar\">\n\t\t\t<ul id=\"side-menu\" class=\"side-menu menu-embedded\">\n\t\t\t\n\t\t\t\t\t\t\t\t\n\t\t\t\t\t\t\t\t\t\t\t<li><a href=\"https:\/\/www.oasdi.ca\/fr\/education-primaire-et-secondaire-en-ontario\/faq\/\">Foire aux questions le syst\u00e8me d'\u00e9ducation K-12 de l'Ontario<\/a><\/li>\n\t\t\t\t\t\t\t\t\t\t\t\t\t\n\t\t\t\t\t\t\t\t\t\t\t<li><a href=\"https:\/\/www.oasdi.ca\/fr\/education-primaire-et-secondaire-en-ontario\/examen-evaluation-et-bulletins\/\">Rapport sur les progr\u00e8s des \u00e9l\u00e8ves en Ontario<\/a><\/li>\n\t\t\t\t\t\t\t\t\t\t\t\t\t\n\t\t\t\t\t\t\t\t\t\t\t<li><a href=\"https:\/\/www.oasdi.ca\/fr\/education-primaire-et-secondaire-en-ontario\/exigences-obtention-du-diplome\/\">Exigences d'obtention du dipl\u00f4me en Ontario<\/a><\/li>\n\t\t\t\t\t\t\t\t\t\t\t\t\t\n\t\t\t\t\t\t\t\t\t\t\t<li><a href=\"https:\/\/www.oasdi.ca\/fr\/education-primaire-et-secondaire-en-ontario\/programme-etudes\/\">Programme d'\u00e9tude primaire en Ontario<\/a><\/li>\n\t\t\t\t\t\t\t\t\t\t\t\t\t\n\t\t\t\t\t\t\t\t\t\t\t<li><a href=\"https:\/\/www.oasdi.ca\/fr\/education-primaire-et-secondaire-en-ontario\/education-cooperative\/\">\u00c9ducation coop\u00e9rative en Ontario<\/a><\/li>\n\t\t\t\t\t\t\t\t\t\t\t\t\t\n\t\t\t\t\t\t\t\t\t\t\t<li><a href=\"https:\/\/www.oasdi.ca\/fr\/education-primaire-et-secondaire-en-ontario\/ecole-secondaires\/\">\u00c9coles secondaires en Ontario<\/a><\/li>\n\t\t\t\t\t\t\t\t\t\t\t\t\t\n\t\t\t\t\t\t\t\t\t\t\t<li><a href=\"https:\/\/www.oasdi.ca\/fr\/education-primaire-et-secondaire-en-ontario\/ecoles-primaire\/\">\u00c9coles primaires en Ontario<\/a><\/li>\n\t\t\t\t\t\t\t\t\t\t\t\t\t\n\t\t\t\t\t\t\t\t\t\t\t<li><a href=\"https:\/\/www.oasdi.ca\/fr\/education-primaire-et-secondaire-en-ontario\/infographie\/\">Graphique du syst\u00e8me d'\u00e9ducation K-12 de l'Ontario<\/a><\/li>\n\t\t\t\t\t\t\t\t\t\t\n\n\t\t\t\t<!-- Extra menu -->\n\t\t\t\t\n\n\n\t\t\t\t\t<\/ul>\n\t\n\n<\/div><\/div><\/div><div id=\"panel-18122-2-0-1\" class=\"so-panel widget widget_hem-sidebar-link-widget panel-last-child\" data-index=\"3\" ><div\n\t\t\t\n\t\t\tclass=\"so-widget-hem-sidebar-link-widget so-widget-hem-sidebar-link-widget-hem-sidebar-link-widget-style-d75171398898-18122\"\n\t\t\t\n\t\t><div id=\"sidebar\" class=\"external-link-only\">\n\n\n\n\t\t\t\t<!-- Extra menu -->\n\t\t\t\t\t\t\t\t\t<ul id=\"side-menu\" class=\"side-menu menu-embedded\">\n\t\t\t\t\t\t\t\t\t\t\t\t\t\t\t\t\t\t\t\t\t<li><a  href=\"https:\/\/www.oasdi.ca\/map-search\/\">Map Overview<\/a><\/li>\n\t\t\t\t\t\t\t\t\t\t\t\t\t\t\n\t\t\t\t\t\t\t\t\t\t\t\t\t\t\t\t\t\t\t\t\t<li><a  href=\"https:\/\/www.oasdi.ca\/district-list\/\">District List<\/a><\/li>\n\t\t\t\t\t\t\t\t\t\t\t\t\t\t\n\t\t\t\t\t\t\t\n\t\t\t\t\t<\/ul>\n\t\t\t\t\n\t\t\t\t\n\n\n\n\n<\/div><\/div><\/div><\/div><div id=\"pgc-18122-2-1\"  class=\"panel-grid-cell\" ><div class=\"pl-sm-3 pl-md-5 panel-cell-style panel-cell-style-for-18122-2-1\" ><div id=\"panel-18122-2-1-0\" class=\"so-panel widget widget_hem-seo-title-widget panel-first-child\" data-index=\"4\" ><div class=\"panel-widget-style panel-widget-style-for-18122-2-1-0\" ><div\n\t\t\t\n\t\t\tclass=\"so-widget-hem-seo-title-widget so-widget-hem-seo-title-widget-hem-seo-title-widget-style-d75171398898-18122\"\n\t\t\t\n\t\t>\n<h2 style=\"font-size:px;\">Comprendre en quoi consiste l\u2019\u00e9ducation \u00ab publique \u00bb<\/h2>\n\n\n<div class=\"title-border\"><\/div>\n\n<\/div><\/div><\/div><div id=\"panel-18122-2-1-1\" class=\"so-panel widget widget_sow-editor panel-last-child\" data-index=\"5\" ><div\n\t\t\t\n\t\t\tclass=\"so-widget-sow-editor so-widget-sow-editor-base\"\n\t\t\t\n\t\t>\n<div class=\"siteorigin-widget-tinymce textwidget\">\n\t<p>Le syst\u00e8me d\u2019\u00e9ducation au Canada rel\u00e8ve de la responsabilit\u00e9 des provinces. Il n\u2019existe pas de curriculum national. Dans la province de l\u2019Ontario, le minist\u00e8re de l\u2019\u00c9ducation de l\u2019Ontario assume la responsabilit\u00e9 de la gestion et du financement des \u00e9coles primaires et secondaires de l\u2019Ontario.<\/p>\n<p>L\u2019Ontario accorde une grande importance \u00e0 l\u2019\u00e9ducation\u00a0<u><strong>publique<\/strong><\/u>.\u00a0 En Ontario, l\u2019\u00e9ducation \u00ab publique \u00bb est synonyme d\u2019\u00e9ducation de grande qualit\u00e9. Les \u00e9tudiants des \u00e9coles publiques de l\u2019Ontario obtiennent de fa\u00e7on constante d\u2019excellents r\u00e9sultats au niveau international et se classent parmi les meilleurs lors des \u00e9valuations nationales dans les domaines de la lecture et de l\u2019\u00e9criture, des math\u00e9matiques et des sciences.<\/p>\n<p>Plus de 94 % des \u00e9tudiants au primaire et au secondaire fr\u00e9quentent les \u00e9coles subventionn\u00e9es par l\u2019\u00c9tat en Ontario.\u00a0 L\u2019Ontario \u00e9tant la plus grande province au Canada, ses \u00e9coles publiques affichent un taux d\u2019inscription de plus de 1,4 million d\u2019\u00e9tudiants au primaire et de plus de 650 000 d\u2019\u00e9tudiants au secondaire.<\/p>\n<p>Pour des motifs \u00e0 la fois historiques et juridiques, l\u2019Ontario compte quatre types de conseils scolaires subventionn\u00e9s par l\u2019\u00c9tat :<\/p>\n<ul>\n<li>Public anglophone<\/li>\n<li>Catholique anglophone*<\/li>\n<li>Public francophone, et<\/li>\n<li>Catholique francophone*<\/li>\n<\/ul>\n<p>*Veuillez noter qu\u2019il n\u2019est pas essentiel pour un \u00e9tudiant d\u2019appartenir \u00e0 la religion catholique pour fr\u00e9quenter une \u00e9cole secondaire catholique, mais il pourrait y avoir certaines restrictions dans les \u00e9coles primaires.<\/p>\n<p>Au total, le syst\u00e8me public de la province compte environ 4 000 \u00e9coles primaires et 900 \u00e9coles secondaires.<\/p>\n<p>On peut trouver une liste exhaustive des ressources sur l\u2019\u00e9ducation en Ontario \u00e0\u00a0<a href=\"http:\/\/www.edu.gov.on.ca\/eng\/parents\/generalinfo.html\" target=\"_blank\" rel=\"noopener\">www.edu.gov.on.ca\/fre\/parents\/generalinfo.html<\/a><\/p>\n<\/div>\n<\/div><\/div><\/div><\/div><\/div><\/div><\/div>","protected":false},"excerpt":{"rendered":"Syst\u00e8me d&#8217;\u00e9ducation K-12 de l&#8217;Ontario Accueil Foire aux questions le syst\u00e8me d&#8217;\u00e9ducation K-12 de l&#8217;Ontario Rapport sur les progr\u00e8s des \u00e9l\u00e8ves en Ontario Exigences d&#8217;obtention du dipl\u00f4me en Ontario Programme d&#8217;\u00e9tude primaire en Ontario \u00c9ducation coop\u00e9rative en Ontario \u00c9coles secondaires en Ontario \u00c9coles primaires en Ontario Graphique du syst\u00e8me d&#8217;\u00e9ducation K-12 de l&#8217;Ontario Map Overview&#8230; <a class=\"view-article\" href=\"https:\/\/www.oasdi.ca\/fr\/education-primaire-et-secondaire-en-ontario\/\">View Article<\/a>","protected":false},"author":237,"featured_media":16076,"parent":0,"menu_order":577,"comment_status":"closed","ping_status":"closed","template":"","meta":{"footnotes":""},"class_list":["post-18122","page","type-page","status-publish","has-post-thumbnail","hentry"],"yoast_head":"<!-- This site is optimized with the Yoast SEO plugin v21.5 - https:\/\/yoast.com\/wordpress\/plugins\/seo\/ -->\n<title>\u00c9ducation K-12 en Ontario | Syst\u00e8me \u00e9ducation Ontario<\/title>\n<meta name=\"description\" content=\"Vous cherchez des informations sur l&#039;\u00e9ducation internationale en Ontario ? Vous trouverez ici plus de d\u00e9tails sur l&#039;\u00e9ducation en Ontario qui s&#039;\u00e9tend de la maternelle \u00e0 la 12e ann\u00e9e (K-12).\" \/>\n<meta name=\"robots\" content=\"index, follow, max-snippet:-1, max-image-preview:large, max-video-preview:-1\" \/>\n<link rel=\"canonical\" href=\"https:\/\/www.oasdi.ca\/fr\/education-primaire-et-secondaire-en-ontario\/\" \/>\n<meta property=\"og:locale\" content=\"fr_FR\" \/>\n<meta property=\"og:type\" content=\"article\" \/>\n<meta property=\"og:title\" content=\"\u00c9ducation K-12 en Ontario | Syst\u00e8me \u00e9ducation Ontario\" \/>\n<meta property=\"og:description\" content=\"Vous cherchez des informations sur l&#039;\u00e9ducation internationale en Ontario ? Vous trouverez ici plus de d\u00e9tails sur l&#039;\u00e9ducation en Ontario qui s&#039;\u00e9tend de la maternelle \u00e0 la 12e ann\u00e9e (K-12).\" \/>\n<meta property=\"og:url\" content=\"https:\/\/www.oasdi.ca\/fr\/education-primaire-et-secondaire-en-ontario\/\" \/>\n<meta property=\"og:site_name\" content=\"OASDI\" \/>\n<meta property=\"article:modified_time\" content=\"2020-04-18T02:55:28+00:00\" \/>\n<meta property=\"og:image\" content=\"https:\/\/www.oasdi.ca\/wp-content\/uploads\/2020\/03\/oasdi-k12.jpg\" \/>\n\t<meta property=\"og:image:width\" content=\"1440\" \/>\n\t<meta property=\"og:image:height\" content=\"268\" \/>\n\t<meta property=\"og:image:type\" content=\"image\/jpeg\" \/>\n<meta name=\"twitter:card\" content=\"summary_large_image\" \/>\n<meta name=\"twitter:label1\" content=\"Dur\u00e9e de lecture estim\u00e9e\" \/>\n\t<meta name=\"twitter:data1\" content=\"2 minutes\" \/>\n<script type=\"application\/ld+json\" class=\"yoast-schema-graph\">{\"@context\":\"https:\/\/schema.org\",\"@graph\":[{\"@type\":\"WebPage\",\"@id\":\"https:\/\/www.oasdi.ca\/fr\/education-primaire-et-secondaire-en-ontario\/\",\"url\":\"https:\/\/www.oasdi.ca\/fr\/education-primaire-et-secondaire-en-ontario\/\",\"name\":\"\u00c9ducation K-12 en Ontario | Syst\u00e8me \u00e9ducation Ontario\",\"isPartOf\":{\"@id\":\"https:\/\/www.oasdi.ca\/fr\/#website\"},\"datePublished\":\"2020-03-19T12:08:21+00:00\",\"dateModified\":\"2020-04-18T02:55:28+00:00\",\"description\":\"Vous cherchez des informations sur l'\u00e9ducation internationale en Ontario ? Vous trouverez ici plus de d\u00e9tails sur l'\u00e9ducation en Ontario qui s'\u00e9tend de la maternelle \u00e0 la 12e ann\u00e9e (K-12).\",\"breadcrumb\":{\"@id\":\"https:\/\/www.oasdi.ca\/fr\/education-primaire-et-secondaire-en-ontario\/#breadcrumb\"},\"inLanguage\":\"fr-FR\",\"potentialAction\":[{\"@type\":\"ReadAction\",\"target\":[\"https:\/\/www.oasdi.ca\/fr\/education-primaire-et-secondaire-en-ontario\/\"]}]},{\"@type\":\"BreadcrumbList\",\"@id\":\"https:\/\/www.oasdi.ca\/fr\/education-primaire-et-secondaire-en-ontario\/#breadcrumb\",\"itemListElement\":[{\"@type\":\"ListItem\",\"position\":1,\"name\":\"Accueil\",\"item\":\"https:\/\/www.oasdi.ca\/fr\/\"},{\"@type\":\"ListItem\",\"position\":2,\"name\":\"Syst\u00e8me d&rsquo;\u00e9ducation K-12 de l&rsquo;Ontario\"}]},{\"@type\":\"WebSite\",\"@id\":\"https:\/\/www.oasdi.ca\/fr\/#website\",\"url\":\"https:\/\/www.oasdi.ca\/fr\/\",\"name\":\"OASDI\",\"description\":\"Ontario Association of School District International\",\"publisher\":{\"@id\":\"https:\/\/www.oasdi.ca\/fr\/#organization\"},\"potentialAction\":[{\"@type\":\"SearchAction\",\"target\":{\"@type\":\"EntryPoint\",\"urlTemplate\":\"https:\/\/www.oasdi.ca\/fr\/?s={search_term_string}\"},\"query-input\":\"required name=search_term_string\"}],\"inLanguage\":\"fr-FR\"},{\"@type\":\"Organization\",\"@id\":\"https:\/\/www.oasdi.ca\/fr\/#organization\",\"name\":\"OASDI\",\"url\":\"https:\/\/www.oasdi.ca\/fr\/\",\"logo\":{\"@type\":\"ImageObject\",\"inLanguage\":\"fr-FR\",\"@id\":\"https:\/\/www.oasdi.ca\/fr\/#\/schema\/logo\/image\/\",\"url\":\"https:\/\/www.oasdi.ca\/wp-content\/uploads\/2020\/02\/cropped-oasdi-logo.png\",\"contentUrl\":\"https:\/\/www.oasdi.ca\/wp-content\/uploads\/2020\/02\/cropped-oasdi-logo.png\",\"width\":468,\"height\":96,\"caption\":\"OASDI\"},\"image\":{\"@id\":\"https:\/\/www.oasdi.ca\/fr\/#\/schema\/logo\/image\/\"}}]}<\/script>\n<!-- \/ Yoast SEO plugin. -->","yoast_head_json":{"title":"\u00c9ducation K-12 en Ontario | Syst\u00e8me \u00e9ducation Ontario","description":"Vous cherchez des informations sur l'\u00e9ducation internationale en Ontario ? Vous trouverez ici plus de d\u00e9tails sur l'\u00e9ducation en Ontario qui s'\u00e9tend de la maternelle \u00e0 la 12e ann\u00e9e (K-12).","robots":{"index":"index","follow":"follow","max-snippet":"max-snippet:-1","max-image-preview":"max-image-preview:large","max-video-preview":"max-video-preview:-1"},"canonical":"https:\/\/www.oasdi.ca\/fr\/education-primaire-et-secondaire-en-ontario\/","og_locale":"fr_FR","og_type":"article","og_title":"\u00c9ducation K-12 en Ontario | Syst\u00e8me \u00e9ducation Ontario","og_description":"Vous cherchez des informations sur l'\u00e9ducation internationale en Ontario ? Vous trouverez ici plus de d\u00e9tails sur l'\u00e9ducation en Ontario qui s'\u00e9tend de la maternelle \u00e0 la 12e ann\u00e9e (K-12).","og_url":"https:\/\/www.oasdi.ca\/fr\/education-primaire-et-secondaire-en-ontario\/","og_site_name":"OASDI","article_modified_time":"2020-04-18T02:55:28+00:00","og_image":[{"width":1440,"height":268,"url":"https:\/\/www.oasdi.ca\/wp-content\/uploads\/2020\/03\/oasdi-k12.jpg","type":"image\/jpeg"}],"twitter_card":"summary_large_image","twitter_misc":{"Dur\u00e9e de lecture estim\u00e9e":"2 minutes"},"schema":{"@context":"https:\/\/schema.org","@graph":[{"@type":"WebPage","@id":"https:\/\/www.oasdi.ca\/fr\/education-primaire-et-secondaire-en-ontario\/","url":"https:\/\/www.oasdi.ca\/fr\/education-primaire-et-secondaire-en-ontario\/","name":"\u00c9ducation K-12 en Ontario | Syst\u00e8me \u00e9ducation Ontario","isPartOf":{"@id":"https:\/\/www.oasdi.ca\/fr\/#website"},"datePublished":"2020-03-19T12:08:21+00:00","dateModified":"2020-04-18T02:55:28+00:00","description":"Vous cherchez des informations sur l'\u00e9ducation internationale en Ontario ? Vous trouverez ici plus de d\u00e9tails sur l'\u00e9ducation en Ontario qui s'\u00e9tend de la maternelle \u00e0 la 12e ann\u00e9e (K-12).","breadcrumb":{"@id":"https:\/\/www.oasdi.ca\/fr\/education-primaire-et-secondaire-en-ontario\/#breadcrumb"},"inLanguage":"fr-FR","potentialAction":[{"@type":"ReadAction","target":["https:\/\/www.oasdi.ca\/fr\/education-primaire-et-secondaire-en-ontario\/"]}]},{"@type":"BreadcrumbList","@id":"https:\/\/www.oasdi.ca\/fr\/education-primaire-et-secondaire-en-ontario\/#breadcrumb","itemListElement":[{"@type":"ListItem","position":1,"name":"Accueil","item":"https:\/\/www.oasdi.ca\/fr\/"},{"@type":"ListItem","position":2,"name":"Syst\u00e8me d&rsquo;\u00e9ducation K-12 de l&rsquo;Ontario"}]},{"@type":"WebSite","@id":"https:\/\/www.oasdi.ca\/fr\/#website","url":"https:\/\/www.oasdi.ca\/fr\/","name":"OASDI","description":"Ontario Association of School District International","publisher":{"@id":"https:\/\/www.oasdi.ca\/fr\/#organization"},"potentialAction":[{"@type":"SearchAction","target":{"@type":"EntryPoint","urlTemplate":"https:\/\/www.oasdi.ca\/fr\/?s={search_term_string}"},"query-input":"required name=search_term_string"}],"inLanguage":"fr-FR"},{"@type":"Organization","@id":"https:\/\/www.oasdi.ca\/fr\/#organization","name":"OASDI","url":"https:\/\/www.oasdi.ca\/fr\/","logo":{"@type":"ImageObject","inLanguage":"fr-FR","@id":"https:\/\/www.oasdi.ca\/fr\/#\/schema\/logo\/image\/","url":"https:\/\/www.oasdi.ca\/wp-content\/uploads\/2020\/02\/cropped-oasdi-logo.png","contentUrl":"https:\/\/www.oasdi.ca\/wp-content\/uploads\/2020\/02\/cropped-oasdi-logo.png","width":468,"height":96,"caption":"OASDI"},"image":{"@id":"https:\/\/www.oasdi.ca\/fr\/#\/schema\/logo\/image\/"}}]}},"_links":{"self":[{"href":"https:\/\/www.oasdi.ca\/fr\/wp-json\/wp\/v2\/pages\/18122"}],"collection":[{"href":"https:\/\/www.oasdi.ca\/fr\/wp-json\/wp\/v2\/pages"}],"about":[{"href":"https:\/\/www.oasdi.ca\/fr\/wp-json\/wp\/v2\/types\/page"}],"author":[{"embeddable":true,"href":"https:\/\/www.oasdi.ca\/fr\/wp-json\/wp\/v2\/users\/237"}],"replies":[{"embeddable":true,"href":"https:\/\/www.oasdi.ca\/fr\/wp-json\/wp\/v2\/comments?post=18122"}],"version-history":[{"count":0,"href":"https:\/\/www.oasdi.ca\/fr\/wp-json\/wp\/v2\/pages\/18122\/revisions"}],"wp:featuredmedia":[{"embeddable":true,"href":"https:\/\/www.oasdi.ca\/fr\/wp-json\/wp\/v2\/media\/16076"}],"wp:attachment":[{"href":"https:\/\/www.oasdi.ca\/fr\/wp-json\/wp\/v2\/media?parent=18122"}],"curies":[{"name":"wp","href":"https:\/\/api.w.org\/{rel}","templated":true}]}}