{"id":18055,"date":"2020-03-19T12:41:10","date_gmt":"2020-03-19T12:41:10","guid":{"rendered":"http:\/\/oasdi.ca\/k-12-education-in-ontario\/secondary-schools\/"},"modified":"2020-04-15T04:13:23","modified_gmt":"2020-04-15T04:13:23","slug":"ecole-secondaires","status":"publish","type":"page","link":"https:\/\/www.oasdi.ca\/fr\/education-primaire-et-secondaire-en-ontario\/ecole-secondaires\/","title":{"rendered":"\u00c9coles secondaires en Ontario"},"content":{"rendered":"<div id=\"pl-18055\"  class=\"panel-layout\" ><div id=\"pg-18055-0\"  class=\"panel-grid panel-no-style\" ><div id=\"pgc-18055-0-0\"  class=\"panel-grid-cell\" ><div id=\"panel-18055-0-0-0\" class=\"so-panel widget widget_sow-image panel-first-child panel-last-child\" data-index=\"0\" ><div class=\"is-featured-img panel-widget-style panel-widget-style-for-18055-0-0-0\" ><div\n\t\t\t\n\t\t\tclass=\"so-widget-sow-image so-widget-sow-image-default-c4f6304fc136-18055\"\n\t\t\t\n\t\t>\n\n<div class=\"sow-image-container\">\n\t\t<img loading=\"lazy\" decoding=\"async\" src=\"https:\/\/www.oasdi.ca\/wp-content\/uploads\/2020\/03\/banner-17.jpg\" width=\"1440\" height=\"268\" srcset=\"https:\/\/www.oasdi.ca\/wp-content\/uploads\/2020\/03\/banner-17.jpg 1440w, https:\/\/www.oasdi.ca\/wp-content\/uploads\/2020\/03\/banner-17-250x47.jpg 250w, https:\/\/www.oasdi.ca\/wp-content\/uploads\/2020\/03\/banner-17-700x130.jpg 700w, https:\/\/www.oasdi.ca\/wp-content\/uploads\/2020\/03\/banner-17-768x143.jpg 768w, https:\/\/www.oasdi.ca\/wp-content\/uploads\/2020\/03\/banner-17-120x22.jpg 120w\" sizes=\"(max-width: 1440px) 100vw, 1440px\" alt=\"\" \t\tclass=\"so-widget-image\"\/>\n\t<\/div>\n\n<\/div><\/div><\/div><\/div><\/div><div id=\"pg-18055-1\"  class=\"panel-grid panel-has-style\" ><div class=\"has-container panel-row-style panel-row-style-for-18055-1\" ><div id=\"pgc-18055-1-0\"  class=\"panel-grid-cell\" ><div id=\"panel-18055-1-0-0\" class=\"so-panel widget widget_hem-seo-title-widget panel-first-child panel-last-child\" data-index=\"1\" ><div class=\"panel-widget-style panel-widget-style-for-18055-1-0-0\" ><div\n\t\t\t\n\t\t\tclass=\"so-widget-hem-seo-title-widget so-widget-hem-seo-title-widget-hem-seo-title-widget-style-d75171398898-18055\"\n\t\t\t\n\t\t>\n<h1 style=\"font-size:px;\">\u00c9coles secondaires en Ontario<\/h1>\n\n\n\n\t<!-- <div class=\"breadcrumb-trail\"><a href=\"index.php\">Home<\/a> \u00bb <span class=\"breadcrumb-current\">About<\/span><\/div> -->\n\t<div class=\"test1\"><span><span><a href=\"https:\/\/www.oasdi.ca\/fr\/\">Accueil<\/a><\/span><\/span><\/div>\n<\/div><\/div><\/div><\/div><\/div><\/div><div id=\"pg-18055-2\"  class=\"panel-grid panel-has-style\" ><div class=\"has-container panel-row-style panel-row-style-for-18055-2\" ><div id=\"pgc-18055-2-0\"  class=\"panel-grid-cell\" ><div id=\"panel-18055-2-0-0\" class=\"so-panel widget widget_hem-sidebar-menu-widget panel-first-child\" data-index=\"2\" ><div\n\t\t\t\n\t\t\tclass=\"so-widget-hem-sidebar-menu-widget so-widget-hem-sidebar-menu-widget-hem-sidebar-menu-widget-style-d75171398898-18055\"\n\t\t\t\n\t\t><div id=\"sidebar\">\n\t\t\t<ul id=\"side-menu\" class=\"side-menu menu-embedded\">\n\t\t\t\n\t\t\t\t\t\t\t\t\n\t\t\t\t\t\t\t\t\t\t\t<li><a href=\"https:\/\/www.oasdi.ca\/fr\/education-primaire-et-secondaire-en-ontario\/faq\/\">Foire aux questions le syst\u00e8me d'\u00e9ducation K-12 de l'Ontario<\/a><\/li>\n\t\t\t\t\t\t\t\t\t\t\t\t\t\n\t\t\t\t\t\t\t\t\t\t\t<li><a href=\"https:\/\/www.oasdi.ca\/fr\/education-primaire-et-secondaire-en-ontario\/examen-evaluation-et-bulletins\/\">Rapport sur les progr\u00e8s des \u00e9l\u00e8ves en Ontario<\/a><\/li>\n\t\t\t\t\t\t\t\t\t\t\t\t\t\n\t\t\t\t\t\t\t\t\t\t\t<li><a href=\"https:\/\/www.oasdi.ca\/fr\/education-primaire-et-secondaire-en-ontario\/exigences-obtention-du-diplome\/\">Exigences d'obtention du dipl\u00f4me en Ontario<\/a><\/li>\n\t\t\t\t\t\t\t\t\t\t\t\t\t\n\t\t\t\t\t\t\t\t\t\t\t<li><a href=\"https:\/\/www.oasdi.ca\/fr\/education-primaire-et-secondaire-en-ontario\/programme-etudes\/\">Programme d'\u00e9tude primaire en Ontario<\/a><\/li>\n\t\t\t\t\t\t\t\t\t\t\t\t\t\n\t\t\t\t\t\t\t\t\t\t\t<li><a href=\"https:\/\/www.oasdi.ca\/fr\/education-primaire-et-secondaire-en-ontario\/education-cooperative\/\">\u00c9ducation coop\u00e9rative en Ontario<\/a><\/li>\n\t\t\t\t\t\t\t\t\t\t\t\t\t\n\t\t\t\t\t\t\t\t\t\t\t<li><a class=\"active\" href=\"https:\/\/www.oasdi.ca\/fr\/education-primaire-et-secondaire-en-ontario\/ecole-secondaires\/\">\u00c9coles secondaires en Ontario<\/a><\/li>\n\t\t\t\t\t\t\t\t\t\t\t\t\t\n\t\t\t\t\t\t\t\t\t\t\t<li><a href=\"https:\/\/www.oasdi.ca\/fr\/education-primaire-et-secondaire-en-ontario\/ecoles-primaire\/\">\u00c9coles primaires en Ontario<\/a><\/li>\n\t\t\t\t\t\t\t\t\t\t\t\t\t\n\t\t\t\t\t\t\t\t\t\t\t<li><a href=\"https:\/\/www.oasdi.ca\/fr\/education-primaire-et-secondaire-en-ontario\/infographie\/\">Graphique du syst\u00e8me d'\u00e9ducation K-12 de l'Ontario<\/a><\/li>\n\t\t\t\t\t\t\t\t\t\t\n\n\t\t\t\t<!-- Extra menu -->\n\t\t\t\t\n\n\n\t\t\t\t\t<\/ul>\n\t\n\n<\/div><\/div><\/div><div id=\"panel-18055-2-0-1\" class=\"so-panel widget widget_hem-sidebar-link-widget panel-last-child\" data-index=\"3\" ><div\n\t\t\t\n\t\t\tclass=\"so-widget-hem-sidebar-link-widget so-widget-hem-sidebar-link-widget-hem-sidebar-link-widget-style-d75171398898-18055\"\n\t\t\t\n\t\t><div id=\"sidebar\" class=\"external-link-only\">\n\n\n\n\t\t\t\t<!-- Extra menu -->\n\t\t\t\t\t\t\t\t\t<ul id=\"side-menu\" class=\"side-menu menu-embedded\">\n\t\t\t\t\t\t\t\t\t\t\t\t\t\t\t\t\t\t\t\t\t<li><a  href=\"https:\/\/www.oasdi.ca\/map-search\/\">Map Overview<\/a><\/li>\n\t\t\t\t\t\t\t\t\t\t\t\t\t\t\n\t\t\t\t\t\t\t\t\t\t\t\t\t\t\t\t\t\t\t\t\t<li><a  href=\"https:\/\/www.oasdi.ca\/district-list\/\">District List<\/a><\/li>\n\t\t\t\t\t\t\t\t\t\t\t\t\t\t\n\t\t\t\t\t\t\t\n\t\t\t\t\t<\/ul>\n\t\t\t\t\n\t\t\t\t\n\n\n\n\n<\/div><\/div><\/div><\/div><div id=\"pgc-18055-2-1\"  class=\"panel-grid-cell\" ><div class=\"pl-sm-3 pl-md-5 panel-cell-style panel-cell-style-for-18055-2-1\" ><div id=\"panel-18055-2-1-0\" class=\"so-panel widget widget_sow-editor panel-first-child panel-last-child\" data-index=\"4\" ><div\n\t\t\t\n\t\t\tclass=\"so-widget-sow-editor so-widget-sow-editor-base\"\n\t\t\t\n\t\t>\n<div class=\"siteorigin-widget-tinymce textwidget\">\n\t<p>En Ontario, lorsqu\u2019on parle de l\u2019\u00e9cole secondaire, on entend les classes de la 9e \u00e0 la 12e ann\u00e9e.<\/p>\n<p>Les \u00ab \u00e9coles secondaires \u00bb sont structur\u00e9es de diverses fa\u00e7ons.\u00a0 La plupart des \u00e9coles comptent des classes de la 9e \u00e0 la 12e ann\u00e9e, mais un nombre de plus en plus grand d\u2019\u00e9coles comptent des classes de la 7e \u00e0 la 12e ann\u00e9e.\u00a0 Dans certaines \u00e9coles, les inscriptions se chiffrent \u00e0 plusieurs centaines d\u2019\u00e9tudiants alors que d\u2019autres en repr\u00e9sentent pr\u00e8s de 2 000.\u00a0 \u00c0 noter que certaines \u00e9coles secondaires sont commun\u00e9ment appel\u00e9es \u00ab high schools \u00bb.<\/p>\n<h2>Structure des \u00e9coles secondaires par ann\u00e9es<\/h2>\n<h3>7e \u00e0 12e ann\u00e9e OU 9e \u00e0 12e ann\u00e9e<\/h3>\n<p>Les \u00e9coles secondaires de l\u2019Ontario offrent des programmes tr\u00e8s vari\u00e9s. Toutes les \u00e9coles secondaires offrent une \u00e9ducation exhaustive qui permet \u00e0 un \u00e9tudiant d\u2019obtenir son dipl\u00f4me, mais certaines d\u2019entre elles offrent aussi des programmes sp\u00e9cialis\u00e9s ax\u00e9s sur les beaux-arts, les sciences ou la technologie.\u00a0 D\u2019autres, quant \u00e0 elles, offrent des programmes d\u2019immersion en fran\u00e7ais, le baccalaur\u00e9at international, des majeures haute sp\u00e9cialisation, des programmes \u00e0 double reconnaissance de cr\u00e9dit, et plus encore. Pour conna\u00eetre les programmes offerts par une \u00e9cole en particulier, allez sur le site Web principal des conseils scolaires publics de l\u2019Ontario :\u00a0<a href=\"http:\/\/www.edu.gov.on.ca\/fre\/sbinfo\/boardList.html\" target=\"_blank\" rel=\"noopener\">www.edu.gov.on.ca\/fre\/sbinfo\/boardList.html<\/a><\/p>\n<p>L\u2019\u00e9ducation secondaire en Ontario a pour but de \u00ab r\u00e9pondre aux besoins, int\u00e9r\u00eats et forces de tous les \u00e9l\u00e8ves, les engager dans leur apprentissage et mieux les pr\u00e9parer \u00e0 l\u2019obtention du dipl\u00f4me et au-del\u00e0 \u00bb. (Minist\u00e8re de l\u2019\u00c9ducation de l\u2019Ontario) L\u2019importance d\u2019une \u00e9ducation secondaire pour r\u00e9ussir ne fait aucun doute, et le gouvernement de l\u2019Ontario a fourni des ressources qui ont permis d\u2019augmenter substantiellement les taux d\u2019obtention du dipl\u00f4mes au cours de la derni\u00e8re d\u00e9cennie. En effet, \u00e0 l\u2019heure actuelle, plus de 85,5 % des \u00e9tudiants du secondaire obtiennent leur dipl\u00f4me, ce qui repr\u00e9sente une augmentation de 17 % depuis 2004. On peut en apprendre davantage sur ces r\u00e9sultats \u00e0 :\u00a0<a href=\"http:\/\/www.edu.gov.on.ca\/eng\/gettingResultsGrad.html\" target=\"_blank\" rel=\"noopener\">www.edu.gov.on.ca\/fre\/gettingResultsGrad.html<\/a><\/p>\n<h3>Exigences pour l\u2019obtention du dipl\u00f4me<\/h3>\n<p>Pour obtenir la liste des cours et des exigences sp\u00e9cifiques pour l\u2019obtention d\u2019un dipl\u00f4me par l\u2019\u00e9tudiant, cliquez sur \u00ab\u00a0<a href=\"http:\/\/www.oasdi.ca\/Graduation%20Requirements.php?lang=fr\"><strong>Exigences pour l\u2019obtention du dipl\u00f4me<\/strong><\/a>\u00a0\u00bb.<\/p>\n<p>Les \u00e9coles secondaires reconnaissent aussi que chaque \u00e9tudiant apprend de diverses mani\u00e8res et manifeste des int\u00e9r\u00eats particuliers.\u00a0 Une s\u00e9rie compl\u00e8te de programmes des \u00e9coles secondaires appuie efficacement la r\u00e9ussite des \u00e9tudiants. De nouvelles initiatives dans les collectivit\u00e9s locales chez les employeurs, dans les coll\u00e8ges et les universit\u00e9s aident les \u00e9tudiants du secondaire \u00e0 atteindre leur plein potentiel.\u00a0 Pour obtenir de plus amples renseignements, allez \u00e0<a href=\"http:\/\/www.edu.gov.on.ca\/studentsuccess\" target=\"_blank\" rel=\"noopener\">www.edu.gov.on.ca\/plusdereussitedeseleves\/index.html<\/a><\/p>\n<\/div>\n<\/div><\/div><\/div><\/div><\/div><\/div><\/div>","protected":false},"excerpt":{"rendered":"\u00c9coles secondaires en Ontario Accueil Foire aux questions le syst\u00e8me d&#8217;\u00e9ducation K-12 de l&#8217;Ontario Rapport sur les progr\u00e8s des \u00e9l\u00e8ves en Ontario Exigences d&#8217;obtention du dipl\u00f4me en Ontario Programme d&#8217;\u00e9tude primaire en Ontario \u00c9ducation coop\u00e9rative en Ontario \u00c9coles secondaires en Ontario \u00c9coles primaires en Ontario Graphique du syst\u00e8me d&#8217;\u00e9ducation K-12 de l&#8217;Ontario Map Overview District&#8230; <a class=\"view-article\" href=\"https:\/\/www.oasdi.ca\/fr\/education-primaire-et-secondaire-en-ontario\/ecole-secondaires\/\">View Article<\/a>","protected":false},"author":237,"featured_media":16101,"parent":18122,"menu_order":557,"comment_status":"closed","ping_status":"closed","template":"","meta":{"footnotes":""},"class_list":["post-18055","page","type-page","status-publish","has-post-thumbnail","hentry"],"yoast_head":"<!-- This site is optimized with the Yoast SEO plugin v21.5 - https:\/\/yoast.com\/wordpress\/plugins\/seo\/ -->\n<title>\u00c9coles secondaires | Syst\u00e8me \u00e9ducation K-12 Ontario | AOCSI<\/title>\n<meta name=\"description\" content=\"Les \u00e9coles secondaires comprennent g\u00e9n\u00e9ralement les classes de la 9e \u00e0 la 12e ann\u00e9e en Ontario. Pour plus d&#039;informations, cliquez ici.\" \/>\n<meta name=\"robots\" content=\"index, follow, max-snippet:-1, max-image-preview:large, max-video-preview:-1\" \/>\n<link rel=\"canonical\" href=\"https:\/\/www.oasdi.ca\/fr\/education-primaire-et-secondaire-en-ontario\/ecole-secondaires\/\" \/>\n<meta property=\"og:locale\" content=\"fr_FR\" \/>\n<meta property=\"og:type\" content=\"article\" \/>\n<meta property=\"og:title\" content=\"\u00c9coles secondaires | Syst\u00e8me \u00e9ducation K-12 Ontario | AOCSI\" \/>\n<meta property=\"og:description\" content=\"Les \u00e9coles secondaires comprennent g\u00e9n\u00e9ralement les classes de la 9e \u00e0 la 12e ann\u00e9e en Ontario. Pour plus d&#039;informations, cliquez ici.\" \/>\n<meta property=\"og:url\" content=\"https:\/\/www.oasdi.ca\/fr\/education-primaire-et-secondaire-en-ontario\/ecole-secondaires\/\" \/>\n<meta property=\"og:site_name\" content=\"OASDI\" \/>\n<meta property=\"article:modified_time\" content=\"2020-04-15T04:13:23+00:00\" \/>\n<meta property=\"og:image\" content=\"https:\/\/www.oasdi.ca\/wp-content\/uploads\/2020\/03\/banner-17.jpg\" \/>\n\t<meta property=\"og:image:width\" content=\"1440\" \/>\n\t<meta property=\"og:image:height\" content=\"268\" \/>\n\t<meta property=\"og:image:type\" content=\"image\/jpeg\" \/>\n<meta name=\"twitter:card\" content=\"summary_large_image\" \/>\n<meta name=\"twitter:label1\" content=\"Dur\u00e9e de lecture estim\u00e9e\" \/>\n\t<meta name=\"twitter:data1\" content=\"3 minutes\" \/>\n<script type=\"application\/ld+json\" class=\"yoast-schema-graph\">{\"@context\":\"https:\/\/schema.org\",\"@graph\":[{\"@type\":\"WebPage\",\"@id\":\"https:\/\/www.oasdi.ca\/fr\/education-primaire-et-secondaire-en-ontario\/ecole-secondaires\/\",\"url\":\"https:\/\/www.oasdi.ca\/fr\/education-primaire-et-secondaire-en-ontario\/ecole-secondaires\/\",\"name\":\"\u00c9coles secondaires | Syst\u00e8me \u00e9ducation K-12 Ontario | AOCSI\",\"isPartOf\":{\"@id\":\"https:\/\/www.oasdi.ca\/fr\/#website\"},\"datePublished\":\"2020-03-19T12:41:10+00:00\",\"dateModified\":\"2020-04-15T04:13:23+00:00\",\"description\":\"Les \u00e9coles secondaires comprennent g\u00e9n\u00e9ralement les classes de la 9e \u00e0 la 12e ann\u00e9e en Ontario. Pour plus d'informations, cliquez ici.\",\"breadcrumb\":{\"@id\":\"https:\/\/www.oasdi.ca\/fr\/education-primaire-et-secondaire-en-ontario\/ecole-secondaires\/#breadcrumb\"},\"inLanguage\":\"fr-FR\",\"potentialAction\":[{\"@type\":\"ReadAction\",\"target\":[\"https:\/\/www.oasdi.ca\/fr\/education-primaire-et-secondaire-en-ontario\/ecole-secondaires\/\"]}]},{\"@type\":\"BreadcrumbList\",\"@id\":\"https:\/\/www.oasdi.ca\/fr\/education-primaire-et-secondaire-en-ontario\/ecole-secondaires\/#breadcrumb\",\"itemListElement\":[{\"@type\":\"ListItem\",\"position\":1,\"name\":\"Accueil\",\"item\":\"https:\/\/www.oasdi.ca\/fr\/\"},{\"@type\":\"ListItem\",\"position\":2,\"name\":\"Syst\u00e8me d&rsquo;\u00e9ducation K-12 de l&rsquo;Ontario\",\"item\":\"https:\/\/www.oasdi.ca\/fr\/education-primaire-et-secondaire-en-ontario\/\"},{\"@type\":\"ListItem\",\"position\":3,\"name\":\"\u00c9coles secondaires en Ontario\"}]},{\"@type\":\"WebSite\",\"@id\":\"https:\/\/www.oasdi.ca\/fr\/#website\",\"url\":\"https:\/\/www.oasdi.ca\/fr\/\",\"name\":\"OASDI\",\"description\":\"Ontario Association of School District International\",\"publisher\":{\"@id\":\"https:\/\/www.oasdi.ca\/fr\/#organization\"},\"potentialAction\":[{\"@type\":\"SearchAction\",\"target\":{\"@type\":\"EntryPoint\",\"urlTemplate\":\"https:\/\/www.oasdi.ca\/fr\/?s={search_term_string}\"},\"query-input\":\"required name=search_term_string\"}],\"inLanguage\":\"fr-FR\"},{\"@type\":\"Organization\",\"@id\":\"https:\/\/www.oasdi.ca\/fr\/#organization\",\"name\":\"OASDI\",\"url\":\"https:\/\/www.oasdi.ca\/fr\/\",\"logo\":{\"@type\":\"ImageObject\",\"inLanguage\":\"fr-FR\",\"@id\":\"https:\/\/www.oasdi.ca\/fr\/#\/schema\/logo\/image\/\",\"url\":\"https:\/\/www.oasdi.ca\/wp-content\/uploads\/2020\/02\/cropped-oasdi-logo.png\",\"contentUrl\":\"https:\/\/www.oasdi.ca\/wp-content\/uploads\/2020\/02\/cropped-oasdi-logo.png\",\"width\":468,\"height\":96,\"caption\":\"OASDI\"},\"image\":{\"@id\":\"https:\/\/www.oasdi.ca\/fr\/#\/schema\/logo\/image\/\"}}]}<\/script>\n<!-- \/ Yoast SEO plugin. -->","yoast_head_json":{"title":"\u00c9coles secondaires | Syst\u00e8me \u00e9ducation K-12 Ontario | AOCSI","description":"Les \u00e9coles secondaires comprennent g\u00e9n\u00e9ralement les classes de la 9e \u00e0 la 12e ann\u00e9e en Ontario. Pour plus d'informations, cliquez ici.","robots":{"index":"index","follow":"follow","max-snippet":"max-snippet:-1","max-image-preview":"max-image-preview:large","max-video-preview":"max-video-preview:-1"},"canonical":"https:\/\/www.oasdi.ca\/fr\/education-primaire-et-secondaire-en-ontario\/ecole-secondaires\/","og_locale":"fr_FR","og_type":"article","og_title":"\u00c9coles secondaires | Syst\u00e8me \u00e9ducation K-12 Ontario | AOCSI","og_description":"Les \u00e9coles secondaires comprennent g\u00e9n\u00e9ralement les classes de la 9e \u00e0 la 12e ann\u00e9e en Ontario. Pour plus d'informations, cliquez ici.","og_url":"https:\/\/www.oasdi.ca\/fr\/education-primaire-et-secondaire-en-ontario\/ecole-secondaires\/","og_site_name":"OASDI","article_modified_time":"2020-04-15T04:13:23+00:00","og_image":[{"width":1440,"height":268,"url":"https:\/\/www.oasdi.ca\/wp-content\/uploads\/2020\/03\/banner-17.jpg","type":"image\/jpeg"}],"twitter_card":"summary_large_image","twitter_misc":{"Dur\u00e9e de lecture estim\u00e9e":"3 minutes"},"schema":{"@context":"https:\/\/schema.org","@graph":[{"@type":"WebPage","@id":"https:\/\/www.oasdi.ca\/fr\/education-primaire-et-secondaire-en-ontario\/ecole-secondaires\/","url":"https:\/\/www.oasdi.ca\/fr\/education-primaire-et-secondaire-en-ontario\/ecole-secondaires\/","name":"\u00c9coles secondaires | Syst\u00e8me \u00e9ducation K-12 Ontario | AOCSI","isPartOf":{"@id":"https:\/\/www.oasdi.ca\/fr\/#website"},"datePublished":"2020-03-19T12:41:10+00:00","dateModified":"2020-04-15T04:13:23+00:00","description":"Les \u00e9coles secondaires comprennent g\u00e9n\u00e9ralement les classes de la 9e \u00e0 la 12e ann\u00e9e en Ontario. Pour plus d'informations, cliquez ici.","breadcrumb":{"@id":"https:\/\/www.oasdi.ca\/fr\/education-primaire-et-secondaire-en-ontario\/ecole-secondaires\/#breadcrumb"},"inLanguage":"fr-FR","potentialAction":[{"@type":"ReadAction","target":["https:\/\/www.oasdi.ca\/fr\/education-primaire-et-secondaire-en-ontario\/ecole-secondaires\/"]}]},{"@type":"BreadcrumbList","@id":"https:\/\/www.oasdi.ca\/fr\/education-primaire-et-secondaire-en-ontario\/ecole-secondaires\/#breadcrumb","itemListElement":[{"@type":"ListItem","position":1,"name":"Accueil","item":"https:\/\/www.oasdi.ca\/fr\/"},{"@type":"ListItem","position":2,"name":"Syst\u00e8me d&rsquo;\u00e9ducation K-12 de l&rsquo;Ontario","item":"https:\/\/www.oasdi.ca\/fr\/education-primaire-et-secondaire-en-ontario\/"},{"@type":"ListItem","position":3,"name":"\u00c9coles secondaires en Ontario"}]},{"@type":"WebSite","@id":"https:\/\/www.oasdi.ca\/fr\/#website","url":"https:\/\/www.oasdi.ca\/fr\/","name":"OASDI","description":"Ontario Association of School District International","publisher":{"@id":"https:\/\/www.oasdi.ca\/fr\/#organization"},"potentialAction":[{"@type":"SearchAction","target":{"@type":"EntryPoint","urlTemplate":"https:\/\/www.oasdi.ca\/fr\/?s={search_term_string}"},"query-input":"required name=search_term_string"}],"inLanguage":"fr-FR"},{"@type":"Organization","@id":"https:\/\/www.oasdi.ca\/fr\/#organization","name":"OASDI","url":"https:\/\/www.oasdi.ca\/fr\/","logo":{"@type":"ImageObject","inLanguage":"fr-FR","@id":"https:\/\/www.oasdi.ca\/fr\/#\/schema\/logo\/image\/","url":"https:\/\/www.oasdi.ca\/wp-content\/uploads\/2020\/02\/cropped-oasdi-logo.png","contentUrl":"https:\/\/www.oasdi.ca\/wp-content\/uploads\/2020\/02\/cropped-oasdi-logo.png","width":468,"height":96,"caption":"OASDI"},"image":{"@id":"https:\/\/www.oasdi.ca\/fr\/#\/schema\/logo\/image\/"}}]}},"_links":{"self":[{"href":"https:\/\/www.oasdi.ca\/fr\/wp-json\/wp\/v2\/pages\/18055"}],"collection":[{"href":"https:\/\/www.oasdi.ca\/fr\/wp-json\/wp\/v2\/pages"}],"about":[{"href":"https:\/\/www.oasdi.ca\/fr\/wp-json\/wp\/v2\/types\/page"}],"author":[{"embeddable":true,"href":"https:\/\/www.oasdi.ca\/fr\/wp-json\/wp\/v2\/users\/237"}],"replies":[{"embeddable":true,"href":"https:\/\/www.oasdi.ca\/fr\/wp-json\/wp\/v2\/comments?post=18055"}],"version-history":[{"count":0,"href":"https:\/\/www.oasdi.ca\/fr\/wp-json\/wp\/v2\/pages\/18055\/revisions"}],"up":[{"embeddable":true,"href":"https:\/\/www.oasdi.ca\/fr\/wp-json\/wp\/v2\/pages\/18122"}],"wp:featuredmedia":[{"embeddable":true,"href":"https:\/\/www.oasdi.ca\/fr\/wp-json\/wp\/v2\/media\/16101"}],"wp:attachment":[{"href":"https:\/\/www.oasdi.ca\/fr\/wp-json\/wp\/v2\/media?parent=18055"}],"curies":[{"name":"wp","href":"https:\/\/api.w.org\/{rel}","templated":true}]}}