{"id":18023,"date":"2020-03-19T12:21:56","date_gmt":"2020-03-19T12:21:56","guid":{"rendered":"http:\/\/oasdi.ca\/k-12-education-in-ontario\/elementary-schools\/"},"modified":"2020-04-18T03:27:06","modified_gmt":"2020-04-18T03:27:06","slug":"ecoles-primaire","status":"publish","type":"page","link":"https:\/\/www.oasdi.ca\/fr\/education-primaire-et-secondaire-en-ontario\/ecoles-primaire\/","title":{"rendered":"\u00c9coles primaires en Ontario"},"content":{"rendered":"<div id=\"pl-18023\"  class=\"panel-layout\" ><div id=\"pg-18023-0\"  class=\"panel-grid panel-no-style\" ><div id=\"pgc-18023-0-0\"  class=\"panel-grid-cell\" ><div id=\"panel-18023-0-0-0\" class=\"so-panel widget widget_sow-image panel-first-child panel-last-child\" data-index=\"0\" ><div class=\"is-featured-img panel-widget-style panel-widget-style-for-18023-0-0-0\" ><div\n\t\t\t\n\t\t\tclass=\"so-widget-sow-image so-widget-sow-image-default-c4f6304fc136-18023\"\n\t\t\t\n\t\t>\n\n<div class=\"sow-image-container\">\n\t\t<img loading=\"lazy\" decoding=\"async\" src=\"https:\/\/www.oasdi.ca\/wp-content\/uploads\/2020\/03\/onatrio-schools.jpg\" width=\"1440\" height=\"268\" srcset=\"https:\/\/www.oasdi.ca\/wp-content\/uploads\/2020\/03\/onatrio-schools.jpg 1440w, https:\/\/www.oasdi.ca\/wp-content\/uploads\/2020\/03\/onatrio-schools-250x47.jpg 250w, https:\/\/www.oasdi.ca\/wp-content\/uploads\/2020\/03\/onatrio-schools-700x130.jpg 700w, https:\/\/www.oasdi.ca\/wp-content\/uploads\/2020\/03\/onatrio-schools-768x143.jpg 768w, https:\/\/www.oasdi.ca\/wp-content\/uploads\/2020\/03\/onatrio-schools-120x22.jpg 120w\" sizes=\"(max-width: 1440px) 100vw, 1440px\" alt=\"\" \t\tclass=\"so-widget-image\"\/>\n\t<\/div>\n\n<\/div><\/div><\/div><\/div><\/div><div id=\"pg-18023-1\"  class=\"panel-grid panel-has-style\" ><div class=\"has-container panel-row-style panel-row-style-for-18023-1\" ><div id=\"pgc-18023-1-0\"  class=\"panel-grid-cell\" ><div id=\"panel-18023-1-0-0\" class=\"so-panel widget widget_hem-seo-title-widget panel-first-child panel-last-child\" data-index=\"1\" ><div class=\"panel-widget-style panel-widget-style-for-18023-1-0-0\" ><div\n\t\t\t\n\t\t\tclass=\"so-widget-hem-seo-title-widget so-widget-hem-seo-title-widget-hem-seo-title-widget-style-d75171398898-18023\"\n\t\t\t\n\t\t>\n<h1 style=\"font-size:px;\">\u00c9coles primaires en Ontario<\/h1>\n\n\n\n\t<!-- <div class=\"breadcrumb-trail\"><a href=\"index.php\">Home<\/a> \u00bb <span class=\"breadcrumb-current\">About<\/span><\/div> -->\n\t<div class=\"test1\"><span><span><a href=\"https:\/\/www.oasdi.ca\/fr\/\">Accueil<\/a><\/span><\/span><\/div>\n<\/div><\/div><\/div><\/div><\/div><\/div><div id=\"pg-18023-2\"  class=\"panel-grid panel-has-style\" ><div class=\"has-container panel-row-style panel-row-style-for-18023-2\" ><div id=\"pgc-18023-2-0\"  class=\"panel-grid-cell\" ><div id=\"panel-18023-2-0-0\" class=\"so-panel widget widget_hem-sidebar-menu-widget panel-first-child\" data-index=\"2\" ><div\n\t\t\t\n\t\t\tclass=\"so-widget-hem-sidebar-menu-widget so-widget-hem-sidebar-menu-widget-hem-sidebar-menu-widget-style-d75171398898-18023\"\n\t\t\t\n\t\t><div id=\"sidebar\">\n\t\t\t<ul id=\"side-menu\" class=\"side-menu menu-embedded\">\n\t\t\t\n\t\t\t\t\t\t\t\t\n\t\t\t\t\t\t\t\t\t\t\t<li><a href=\"https:\/\/www.oasdi.ca\/fr\/education-primaire-et-secondaire-en-ontario\/faq\/\">Foire aux questions le syst\u00e8me d'\u00e9ducation K-12 de l'Ontario<\/a><\/li>\n\t\t\t\t\t\t\t\t\t\t\t\t\t\n\t\t\t\t\t\t\t\t\t\t\t<li><a href=\"https:\/\/www.oasdi.ca\/fr\/education-primaire-et-secondaire-en-ontario\/examen-evaluation-et-bulletins\/\">Rapport sur les progr\u00e8s des \u00e9l\u00e8ves en Ontario<\/a><\/li>\n\t\t\t\t\t\t\t\t\t\t\t\t\t\n\t\t\t\t\t\t\t\t\t\t\t<li><a href=\"https:\/\/www.oasdi.ca\/fr\/education-primaire-et-secondaire-en-ontario\/exigences-obtention-du-diplome\/\">Exigences d'obtention du dipl\u00f4me en Ontario<\/a><\/li>\n\t\t\t\t\t\t\t\t\t\t\t\t\t\n\t\t\t\t\t\t\t\t\t\t\t<li><a href=\"https:\/\/www.oasdi.ca\/fr\/education-primaire-et-secondaire-en-ontario\/programme-etudes\/\">Programme d'\u00e9tude primaire en Ontario<\/a><\/li>\n\t\t\t\t\t\t\t\t\t\t\t\t\t\n\t\t\t\t\t\t\t\t\t\t\t<li><a href=\"https:\/\/www.oasdi.ca\/fr\/education-primaire-et-secondaire-en-ontario\/education-cooperative\/\">\u00c9ducation coop\u00e9rative en Ontario<\/a><\/li>\n\t\t\t\t\t\t\t\t\t\t\t\t\t\n\t\t\t\t\t\t\t\t\t\t\t<li><a href=\"https:\/\/www.oasdi.ca\/fr\/education-primaire-et-secondaire-en-ontario\/ecole-secondaires\/\">\u00c9coles secondaires en Ontario<\/a><\/li>\n\t\t\t\t\t\t\t\t\t\t\t\t\t\n\t\t\t\t\t\t\t\t\t\t\t<li><a class=\"active\" href=\"https:\/\/www.oasdi.ca\/fr\/education-primaire-et-secondaire-en-ontario\/ecoles-primaire\/\">\u00c9coles primaires en Ontario<\/a><\/li>\n\t\t\t\t\t\t\t\t\t\t\t\t\t\n\t\t\t\t\t\t\t\t\t\t\t<li><a href=\"https:\/\/www.oasdi.ca\/fr\/education-primaire-et-secondaire-en-ontario\/infographie\/\">Graphique du syst\u00e8me d'\u00e9ducation K-12 de l'Ontario<\/a><\/li>\n\t\t\t\t\t\t\t\t\t\t\n\n\t\t\t\t<!-- Extra menu -->\n\t\t\t\t\n\n\n\t\t\t\t\t<\/ul>\n\t\n\n<\/div><\/div><\/div><div id=\"panel-18023-2-0-1\" class=\"so-panel widget widget_hem-sidebar-link-widget panel-last-child\" data-index=\"3\" ><div\n\t\t\t\n\t\t\tclass=\"so-widget-hem-sidebar-link-widget so-widget-hem-sidebar-link-widget-hem-sidebar-link-widget-style-d75171398898-18023\"\n\t\t\t\n\t\t><div id=\"sidebar\" class=\"external-link-only\">\n\n\n\n\t\t\t\t<!-- Extra menu -->\n\t\t\t\t\t\t\t\t\t<ul id=\"side-menu\" class=\"side-menu menu-embedded\">\n\t\t\t\t\t\t\t\t\t\t\t\t\t\t\t\t\t\t\t\t\t<li><a  href=\"https:\/\/www.oasdi.ca\/map-search\/\">Map Overview<\/a><\/li>\n\t\t\t\t\t\t\t\t\t\t\t\t\t\t\n\t\t\t\t\t\t\t\t\t\t\t\t\t\t\t\t\t\t\t\t\t<li><a  href=\"https:\/\/www.oasdi.ca\/district-list\/\">District List<\/a><\/li>\n\t\t\t\t\t\t\t\t\t\t\t\t\t\t\n\t\t\t\t\t\t\t\n\t\t\t\t\t<\/ul>\n\t\t\t\t\n\t\t\t\t\n\n\n\n\n<\/div><\/div><\/div><\/div><div id=\"pgc-18023-2-1\"  class=\"panel-grid-cell\" ><div class=\"pl-sm-3 pl-md-5 panel-cell-style panel-cell-style-for-18023-2-1\" ><div id=\"panel-18023-2-1-0\" class=\"so-panel widget widget_hem-seo-title-widget panel-first-child\" data-index=\"4\" ><div\n\t\t\t\n\t\t\tclass=\"so-widget-hem-seo-title-widget so-widget-hem-seo-title-widget-hem-seo-title-widget-style-d75171398898-18023\"\n\t\t\t\n\t\t>\n<h3 style=\"font-size:px;\">In Ontario, elementary school includes Kindergarten to Grade 8 (K-8). <\/h3>\n\n\n<div class=\"title-border\"><\/div>\n\n<\/div><\/div><div id=\"panel-18023-2-1-1\" class=\"so-panel widget widget_sow-editor panel-last-child\" data-index=\"5\" ><div\n\t\t\t\n\t\t\tclass=\"so-widget-sow-editor so-widget-sow-editor-base\"\n\t\t\t\n\t\t>\n<div class=\"siteorigin-widget-tinymce textwidget\">\n\t<p>En Ontario, l\u2019\u00e9cole primaire comprend les niveaux de la maternelle \u00e0 la 8e ann\u00e9e (M \u00e0 8).<\/p>\n<p>Les \u00e9coles sont structur\u00e9es de diverses mani\u00e8res, certaines acceptant des \u00e9l\u00e8ves de la M \u00e0 la 6e ann\u00e9e et d\u2019autres, de la M \u00e0 la 8e ann\u00e9e.\u00a0 Dans certains conseils scolaires, on retrouve des \u00ab \u00e9coles interm\u00e9diaires \u00bb accueillant les \u00e9tudiants de la 6e \u00e0 la 8e ann\u00e9e, alors que d\u2019autres accueillent les \u00e9tudiants de la 7e \u00e0 la 12e ann\u00e9e. Il faut toutefois noter que les \u00e9coles primaires portent parfois le nom d\u2019\u00e9cole \u00e9l\u00e9mentaire. Pour en apprendre davantage sur l\u2019organisation d\u2019une \u00e9cole en particulier, allez au site Web \u00a0<a href=\"http:\/\/www.edu.gov.on.ca\/fre\/sift\" target=\"_blank\" rel=\"noopener\">Outil de recherche d\u2019information sur les \u00e9coles<\/a><\/p>\n<p>En Ontario, l\u2019\u00e9ducation primaire a pour but de fournir \u00e0 chacun des \u00e9tudiants de solides assises sur lesquelles \u00e9tablir leur potentiel en vue de leur future \u00e9ducation. Une importance toute sp\u00e9ciale est accord\u00e9e aux comp\u00e9tences linguistiques et en num\u00e9ratie qui constituent les composantes de base du rendement scolaire futur. L\u2019objectif du gouvernement de l\u2019Ontario est que 75 % de tous les \u00e9tudiants atteignent les normes provinciales (la note \u00ab B \u00bb) en lecture, en \u00e9criture et en math\u00e9matiques. Pour effectuer le suivi des progr\u00e8s vers cet objectif, tous les ans, les \u00e9l\u00e8ves de 3e et de 6e ann\u00e9e sont soumis \u00e0 une \u00e9valuation provinciale dont les r\u00e9sultats sont publi\u00e9s sur le site\u00a0<a href=\"http:\/\/www.eqao.com\/en\" target=\"_blank\" rel=\"noopener\">www.eqao.com\/fr\/Pages\/Page%20daccueil.aspx<\/a><\/p>\n<p>Ces dix derni\u00e8res ann\u00e9es, le gouvernement de l\u2019Ontario a effectu\u00e9 des investissements significatifs afin d\u2019am\u00e9liorer la qualit\u00e9 de l\u2019\u00e9ducation et d\u2019accro\u00eetre la r\u00e9ussite des \u00e9tudiants.\u00a0 Par exemple, au primaire, on a proc\u00e9d\u00e9 \u00e0 une r\u00e9duction substantielle du nombre d\u2019\u00e9tudiants par classe. Vous pouvez prendre connaissance des tailles des classes selon les conseils scolaires en cliquant sur ce lien :\u00a0<a href=\"http:\/\/www.app.edu.gov.on.ca\/eng\/cst\/searchBoard.asp\" target=\"_blank\" rel=\"noopener\">www.app.edu.gov.on.ca\/fre\/cst\/searchBoard.asp<\/a>.\u00a0 De plus, afin de contribuer \u00e0 l\u2019ajustement du passage de l\u2019\u00e9cole primaire \u00e0 l\u2019\u00e9cole secondaire et de g\u00e9rer les probl\u00e8mes associ\u00e9s \u00e0 l\u2019adolescence, bon nombre d\u2019initiatives comme des programmes d\u2019initiation et des strat\u00e9gies de transition ont \u00e9t\u00e9 mises sur pied \u00e0 l\u2019intention des \u00e9tudiants.<\/p>\n<\/div>\n<\/div><\/div><\/div><\/div><\/div><\/div><\/div>","protected":false},"excerpt":{"rendered":"\u00c9coles primaires en Ontario Accueil Foire aux questions le syst\u00e8me d&#8217;\u00e9ducation K-12 de l&#8217;Ontario Rapport sur les progr\u00e8s des \u00e9l\u00e8ves en Ontario Exigences d&#8217;obtention du dipl\u00f4me en Ontario Programme d&#8217;\u00e9tude primaire en Ontario \u00c9ducation coop\u00e9rative en Ontario \u00c9coles secondaires en Ontario \u00c9coles primaires en Ontario Graphique du syst\u00e8me d&#8217;\u00e9ducation K-12 de l&#8217;Ontario Map Overview District&#8230; <a class=\"view-article\" href=\"https:\/\/www.oasdi.ca\/fr\/education-primaire-et-secondaire-en-ontario\/ecoles-primaire\/\">View Article<\/a>","protected":false},"author":237,"featured_media":16095,"parent":18122,"menu_order":566,"comment_status":"closed","ping_status":"closed","template":"","meta":{"footnotes":""},"class_list":["post-18023","page","type-page","status-publish","has-post-thumbnail","hentry"],"yoast_head":"<!-- This site is optimized with the Yoast SEO plugin v21.5 - https:\/\/yoast.com\/wordpress\/plugins\/seo\/ -->\n<title>\u00c9coles primaires | Syst\u00e8me \u00e9ducation Ontario | AOCSI<\/title>\n<meta name=\"description\" content=\"Le syst\u00e8me scolaire primaire en Ontario comprend la maternelle et les classes de la premi\u00e8re \u00e0 la huiti\u00e8me ann\u00e9e. Pour en savoir plus sur les \u00e9coles primaires de la province de l&#039;Ontario, cliquez ici.\" \/>\n<meta name=\"robots\" content=\"index, follow, max-snippet:-1, max-image-preview:large, max-video-preview:-1\" \/>\n<link rel=\"canonical\" href=\"https:\/\/www.oasdi.ca\/fr\/education-primaire-et-secondaire-en-ontario\/ecoles-primaire\/\" \/>\n<meta property=\"og:locale\" content=\"fr_FR\" \/>\n<meta property=\"og:type\" content=\"article\" \/>\n<meta property=\"og:title\" content=\"\u00c9coles primaires | Syst\u00e8me \u00e9ducation Ontario | AOCSI\" \/>\n<meta property=\"og:description\" content=\"Le syst\u00e8me scolaire primaire en Ontario comprend la maternelle et les classes de la premi\u00e8re \u00e0 la huiti\u00e8me ann\u00e9e. Pour en savoir plus sur les \u00e9coles primaires de la province de l&#039;Ontario, cliquez ici.\" \/>\n<meta property=\"og:url\" content=\"https:\/\/www.oasdi.ca\/fr\/education-primaire-et-secondaire-en-ontario\/ecoles-primaire\/\" \/>\n<meta property=\"og:site_name\" content=\"OASDI\" \/>\n<meta property=\"article:modified_time\" content=\"2020-04-18T03:27:06+00:00\" \/>\n<meta property=\"og:image\" content=\"https:\/\/www.oasdi.ca\/wp-content\/uploads\/2020\/03\/onatrio-schools.jpg\" \/>\n\t<meta property=\"og:image:width\" content=\"1440\" \/>\n\t<meta property=\"og:image:height\" content=\"268\" \/>\n\t<meta property=\"og:image:type\" content=\"image\/jpeg\" \/>\n<meta name=\"twitter:card\" content=\"summary_large_image\" \/>\n<meta name=\"twitter:label1\" content=\"Dur\u00e9e de lecture estim\u00e9e\" \/>\n\t<meta name=\"twitter:data1\" content=\"2 minutes\" \/>\n<script type=\"application\/ld+json\" class=\"yoast-schema-graph\">{\"@context\":\"https:\/\/schema.org\",\"@graph\":[{\"@type\":\"WebPage\",\"@id\":\"https:\/\/www.oasdi.ca\/fr\/education-primaire-et-secondaire-en-ontario\/ecoles-primaire\/\",\"url\":\"https:\/\/www.oasdi.ca\/fr\/education-primaire-et-secondaire-en-ontario\/ecoles-primaire\/\",\"name\":\"\u00c9coles primaires | Syst\u00e8me \u00e9ducation Ontario | AOCSI\",\"isPartOf\":{\"@id\":\"https:\/\/www.oasdi.ca\/fr\/#website\"},\"datePublished\":\"2020-03-19T12:21:56+00:00\",\"dateModified\":\"2020-04-18T03:27:06+00:00\",\"description\":\"Le syst\u00e8me scolaire primaire en Ontario comprend la maternelle et les classes de la premi\u00e8re \u00e0 la huiti\u00e8me ann\u00e9e. Pour en savoir plus sur les \u00e9coles primaires de la province de l'Ontario, cliquez ici.\",\"breadcrumb\":{\"@id\":\"https:\/\/www.oasdi.ca\/fr\/education-primaire-et-secondaire-en-ontario\/ecoles-primaire\/#breadcrumb\"},\"inLanguage\":\"fr-FR\",\"potentialAction\":[{\"@type\":\"ReadAction\",\"target\":[\"https:\/\/www.oasdi.ca\/fr\/education-primaire-et-secondaire-en-ontario\/ecoles-primaire\/\"]}]},{\"@type\":\"BreadcrumbList\",\"@id\":\"https:\/\/www.oasdi.ca\/fr\/education-primaire-et-secondaire-en-ontario\/ecoles-primaire\/#breadcrumb\",\"itemListElement\":[{\"@type\":\"ListItem\",\"position\":1,\"name\":\"Accueil\",\"item\":\"https:\/\/www.oasdi.ca\/fr\/\"},{\"@type\":\"ListItem\",\"position\":2,\"name\":\"Syst\u00e8me d&rsquo;\u00e9ducation K-12 de l&rsquo;Ontario\",\"item\":\"https:\/\/www.oasdi.ca\/fr\/education-primaire-et-secondaire-en-ontario\/\"},{\"@type\":\"ListItem\",\"position\":3,\"name\":\"\u00c9coles primaires en Ontario\"}]},{\"@type\":\"WebSite\",\"@id\":\"https:\/\/www.oasdi.ca\/fr\/#website\",\"url\":\"https:\/\/www.oasdi.ca\/fr\/\",\"name\":\"OASDI\",\"description\":\"Ontario Association of School District International\",\"publisher\":{\"@id\":\"https:\/\/www.oasdi.ca\/fr\/#organization\"},\"potentialAction\":[{\"@type\":\"SearchAction\",\"target\":{\"@type\":\"EntryPoint\",\"urlTemplate\":\"https:\/\/www.oasdi.ca\/fr\/?s={search_term_string}\"},\"query-input\":\"required name=search_term_string\"}],\"inLanguage\":\"fr-FR\"},{\"@type\":\"Organization\",\"@id\":\"https:\/\/www.oasdi.ca\/fr\/#organization\",\"name\":\"OASDI\",\"url\":\"https:\/\/www.oasdi.ca\/fr\/\",\"logo\":{\"@type\":\"ImageObject\",\"inLanguage\":\"fr-FR\",\"@id\":\"https:\/\/www.oasdi.ca\/fr\/#\/schema\/logo\/image\/\",\"url\":\"https:\/\/www.oasdi.ca\/wp-content\/uploads\/2020\/02\/cropped-oasdi-logo.png\",\"contentUrl\":\"https:\/\/www.oasdi.ca\/wp-content\/uploads\/2020\/02\/cropped-oasdi-logo.png\",\"width\":468,\"height\":96,\"caption\":\"OASDI\"},\"image\":{\"@id\":\"https:\/\/www.oasdi.ca\/fr\/#\/schema\/logo\/image\/\"}}]}<\/script>\n<!-- \/ Yoast SEO plugin. -->","yoast_head_json":{"title":"\u00c9coles primaires | Syst\u00e8me \u00e9ducation Ontario | AOCSI","description":"Le syst\u00e8me scolaire primaire en Ontario comprend la maternelle et les classes de la premi\u00e8re \u00e0 la huiti\u00e8me ann\u00e9e. Pour en savoir plus sur les \u00e9coles primaires de la province de l'Ontario, cliquez ici.","robots":{"index":"index","follow":"follow","max-snippet":"max-snippet:-1","max-image-preview":"max-image-preview:large","max-video-preview":"max-video-preview:-1"},"canonical":"https:\/\/www.oasdi.ca\/fr\/education-primaire-et-secondaire-en-ontario\/ecoles-primaire\/","og_locale":"fr_FR","og_type":"article","og_title":"\u00c9coles primaires | Syst\u00e8me \u00e9ducation Ontario | AOCSI","og_description":"Le syst\u00e8me scolaire primaire en Ontario comprend la maternelle et les classes de la premi\u00e8re \u00e0 la huiti\u00e8me ann\u00e9e. Pour en savoir plus sur les \u00e9coles primaires de la province de l'Ontario, cliquez ici.","og_url":"https:\/\/www.oasdi.ca\/fr\/education-primaire-et-secondaire-en-ontario\/ecoles-primaire\/","og_site_name":"OASDI","article_modified_time":"2020-04-18T03:27:06+00:00","og_image":[{"width":1440,"height":268,"url":"https:\/\/www.oasdi.ca\/wp-content\/uploads\/2020\/03\/onatrio-schools.jpg","type":"image\/jpeg"}],"twitter_card":"summary_large_image","twitter_misc":{"Dur\u00e9e de lecture estim\u00e9e":"2 minutes"},"schema":{"@context":"https:\/\/schema.org","@graph":[{"@type":"WebPage","@id":"https:\/\/www.oasdi.ca\/fr\/education-primaire-et-secondaire-en-ontario\/ecoles-primaire\/","url":"https:\/\/www.oasdi.ca\/fr\/education-primaire-et-secondaire-en-ontario\/ecoles-primaire\/","name":"\u00c9coles primaires | Syst\u00e8me \u00e9ducation Ontario | AOCSI","isPartOf":{"@id":"https:\/\/www.oasdi.ca\/fr\/#website"},"datePublished":"2020-03-19T12:21:56+00:00","dateModified":"2020-04-18T03:27:06+00:00","description":"Le syst\u00e8me scolaire primaire en Ontario comprend la maternelle et les classes de la premi\u00e8re \u00e0 la huiti\u00e8me ann\u00e9e. Pour en savoir plus sur les \u00e9coles primaires de la province de l'Ontario, cliquez ici.","breadcrumb":{"@id":"https:\/\/www.oasdi.ca\/fr\/education-primaire-et-secondaire-en-ontario\/ecoles-primaire\/#breadcrumb"},"inLanguage":"fr-FR","potentialAction":[{"@type":"ReadAction","target":["https:\/\/www.oasdi.ca\/fr\/education-primaire-et-secondaire-en-ontario\/ecoles-primaire\/"]}]},{"@type":"BreadcrumbList","@id":"https:\/\/www.oasdi.ca\/fr\/education-primaire-et-secondaire-en-ontario\/ecoles-primaire\/#breadcrumb","itemListElement":[{"@type":"ListItem","position":1,"name":"Accueil","item":"https:\/\/www.oasdi.ca\/fr\/"},{"@type":"ListItem","position":2,"name":"Syst\u00e8me d&rsquo;\u00e9ducation K-12 de l&rsquo;Ontario","item":"https:\/\/www.oasdi.ca\/fr\/education-primaire-et-secondaire-en-ontario\/"},{"@type":"ListItem","position":3,"name":"\u00c9coles primaires en Ontario"}]},{"@type":"WebSite","@id":"https:\/\/www.oasdi.ca\/fr\/#website","url":"https:\/\/www.oasdi.ca\/fr\/","name":"OASDI","description":"Ontario Association of School District International","publisher":{"@id":"https:\/\/www.oasdi.ca\/fr\/#organization"},"potentialAction":[{"@type":"SearchAction","target":{"@type":"EntryPoint","urlTemplate":"https:\/\/www.oasdi.ca\/fr\/?s={search_term_string}"},"query-input":"required name=search_term_string"}],"inLanguage":"fr-FR"},{"@type":"Organization","@id":"https:\/\/www.oasdi.ca\/fr\/#organization","name":"OASDI","url":"https:\/\/www.oasdi.ca\/fr\/","logo":{"@type":"ImageObject","inLanguage":"fr-FR","@id":"https:\/\/www.oasdi.ca\/fr\/#\/schema\/logo\/image\/","url":"https:\/\/www.oasdi.ca\/wp-content\/uploads\/2020\/02\/cropped-oasdi-logo.png","contentUrl":"https:\/\/www.oasdi.ca\/wp-content\/uploads\/2020\/02\/cropped-oasdi-logo.png","width":468,"height":96,"caption":"OASDI"},"image":{"@id":"https:\/\/www.oasdi.ca\/fr\/#\/schema\/logo\/image\/"}}]}},"_links":{"self":[{"href":"https:\/\/www.oasdi.ca\/fr\/wp-json\/wp\/v2\/pages\/18023"}],"collection":[{"href":"https:\/\/www.oasdi.ca\/fr\/wp-json\/wp\/v2\/pages"}],"about":[{"href":"https:\/\/www.oasdi.ca\/fr\/wp-json\/wp\/v2\/types\/page"}],"author":[{"embeddable":true,"href":"https:\/\/www.oasdi.ca\/fr\/wp-json\/wp\/v2\/users\/237"}],"replies":[{"embeddable":true,"href":"https:\/\/www.oasdi.ca\/fr\/wp-json\/wp\/v2\/comments?post=18023"}],"version-history":[{"count":0,"href":"https:\/\/www.oasdi.ca\/fr\/wp-json\/wp\/v2\/pages\/18023\/revisions"}],"up":[{"embeddable":true,"href":"https:\/\/www.oasdi.ca\/fr\/wp-json\/wp\/v2\/pages\/18122"}],"wp:featuredmedia":[{"embeddable":true,"href":"https:\/\/www.oasdi.ca\/fr\/wp-json\/wp\/v2\/media\/16095"}],"wp:attachment":[{"href":"https:\/\/www.oasdi.ca\/fr\/wp-json\/wp\/v2\/media?parent=18023"}],"curies":[{"name":"wp","href":"https:\/\/api.w.org\/{rel}","templated":true}]}}