{"id":17993,"date":"2020-03-22T13:27:00","date_gmt":"2020-03-22T13:27:00","guid":{"rendered":"http:\/\/oasdi.ca\/oasdi-school-districts\/"},"modified":"2020-04-25T17:37:47","modified_gmt":"2020-04-25T17:37:47","slug":"districts-scolaires-oasdi","status":"publish","type":"page","link":"https:\/\/www.oasdi.ca\/fr\/districts-scolaires-ontario\/districts-scolaires-oasdi\/","title":{"rendered":"\u00c0 propos des conseils scolaires membres de l&#8217;AOCSI"},"content":{"rendered":"<div id=\"pl-17993\"  class=\"panel-layout\" ><div id=\"pg-17993-0\"  class=\"panel-grid panel-no-style\" ><div id=\"pgc-17993-0-0\"  class=\"panel-grid-cell\" ><div id=\"panel-17993-0-0-0\" class=\"so-panel widget widget_sow-image panel-first-child panel-last-child\" data-index=\"0\" ><div class=\"is-featured-img panel-widget-style panel-widget-style-for-17993-0-0-0\" ><div\n\t\t\t\n\t\t\tclass=\"so-widget-sow-image so-widget-sow-image-default-c4f6304fc136-17993\"\n\t\t\t\n\t\t>\n\n<div class=\"sow-image-container\">\n\t\t<img loading=\"lazy\" decoding=\"async\" src=\"https:\/\/www.oasdi.ca\/wp-content\/uploads\/2020\/03\/ontario-school-district.jpg\" width=\"1440\" height=\"268\" srcset=\"https:\/\/www.oasdi.ca\/wp-content\/uploads\/2020\/03\/ontario-school-district.jpg 1440w, https:\/\/www.oasdi.ca\/wp-content\/uploads\/2020\/03\/ontario-school-district-250x47.jpg 250w, https:\/\/www.oasdi.ca\/wp-content\/uploads\/2020\/03\/ontario-school-district-700x130.jpg 700w, https:\/\/www.oasdi.ca\/wp-content\/uploads\/2020\/03\/ontario-school-district-768x143.jpg 768w, https:\/\/www.oasdi.ca\/wp-content\/uploads\/2020\/03\/ontario-school-district-120x22.jpg 120w\" sizes=\"(max-width: 1440px) 100vw, 1440px\" alt=\"Ontario school districts\" \t\tclass=\"so-widget-image\"\/>\n\t<\/div>\n\n<\/div><\/div><\/div><\/div><\/div><div id=\"pg-17993-1\"  class=\"panel-grid panel-has-style\" ><div class=\"has-container panel-row-style panel-row-style-for-17993-1\" ><div id=\"pgc-17993-1-0\"  class=\"panel-grid-cell\" ><div id=\"panel-17993-1-0-0\" class=\"so-panel widget widget_hem-seo-title-widget panel-first-child panel-last-child\" data-index=\"1\" ><div class=\"panel-widget-style panel-widget-style-for-17993-1-0-0\" ><div\n\t\t\t\n\t\t\tclass=\"so-widget-hem-seo-title-widget so-widget-hem-seo-title-widget-hem-seo-title-widget-style-d75171398898-17993\"\n\t\t\t\n\t\t>\n<h1 style=\"font-size:px;\">\u00c0 propos des conseils scolaires membres de l'AOCSI<\/h1>\n\n\n\n\t<!-- <div class=\"breadcrumb-trail\"><a href=\"index.php\">Home<\/a> \u00bb <span class=\"breadcrumb-current\">About<\/span><\/div> -->\n\t<div class=\"test1\"><span><span><a href=\"https:\/\/www.oasdi.ca\/fr\/\">Accueil<\/a><\/span><\/span><\/div>\n<\/div><\/div><\/div><\/div><\/div><\/div><div id=\"pg-17993-2\"  class=\"panel-grid panel-has-style\" ><div class=\"has-container panel-row-style panel-row-style-for-17993-2\" ><div id=\"pgc-17993-2-0\"  class=\"panel-grid-cell\" ><div id=\"panel-17993-2-0-0\" class=\"so-panel widget widget_hem-sidebar-menu-widget panel-first-child\" data-index=\"2\" ><div\n\t\t\t\n\t\t\tclass=\"so-widget-hem-sidebar-menu-widget so-widget-hem-sidebar-menu-widget-hem-sidebar-menu-widget-style-d75171398898-17993\"\n\t\t\t\n\t\t><div id=\"sidebar\">\n\t\t\t<ul id=\"side-menu\" class=\"side-menu menu-embedded\">\n\t\t\t\n\t\t\t\t\t\t\t\t\n\t\t\t\t\t\t\t\t\t\t\t<li><a href=\"https:\/\/www.oasdi.ca\/fr\/districts-scolaires-ontario\/districts-scolaires-oasdi\/districts-francophones\/\">Conseils scolaires fran\u00e7ais membres de l'AOCSI<\/a><\/li>\n\t\t\t\t\t\t\t\t\t\t\t\t\t\n\t\t\t\t\t\t\t\t\t\t\t<li><a href=\"https:\/\/www.oasdi.ca\/fr\/districts-scolaires-ontario\/districts-scolaires-oasdi\/districts-anglophones\/\">Conseils scolaires anglais membres de l'AOCSI<\/a><\/li>\n\t\t\t\t\t\t\t\t\t\t\n\n\t\t\t\t<!-- Extra menu -->\n\t\t\t\t\n\n\n\t\t\t\t\t<\/ul>\n\t\n\n<\/div><\/div><\/div><div id=\"panel-17993-2-0-1\" class=\"so-panel widget widget_hem-sidebar-link-widget panel-last-child\" data-index=\"3\" ><div\n\t\t\t\n\t\t\tclass=\"so-widget-hem-sidebar-link-widget so-widget-hem-sidebar-link-widget-hem-sidebar-link-widget-style-d75171398898-17993\"\n\t\t\t\n\t\t><div id=\"sidebar\" class=\"external-link-only\">\n\n\n\n\t\t\t\t<!-- Extra menu -->\n\t\t\t\t\t\t\t\t\t<ul id=\"side-menu\" class=\"side-menu menu-embedded\">\n\t\t\t\t\t\t\t\t\t\t\t\t\t\t\t\t\t\t\t\t\t<li><a  href=\"https:\/\/www.oasdi.ca\/map-search\/\">Map Overview<\/a><\/li>\n\t\t\t\t\t\t\t\t\t\t\t\t\t\t\n\t\t\t\t\t\t\t\t\t\t\t\t\t\t\t\t\t\t\t\t\t<li><a  href=\"https:\/\/www.oasdi.ca\/district-list\/\">District List<\/a><\/li>\n\t\t\t\t\t\t\t\t\t\t\t\t\t\t\n\t\t\t\t\t\t\t\n\t\t\t\t\t<\/ul>\n\t\t\t\t\n\t\t\t\t\n\n\n\n\n<\/div><\/div><\/div><\/div><div id=\"pgc-17993-2-1\"  class=\"panel-grid-cell\" ><div class=\"pl-sm-3 pl-md-5 panel-cell-style panel-cell-style-for-17993-2-1\" ><div id=\"panel-17993-2-1-0\" class=\"so-panel widget widget_sow-editor panel-first-child panel-last-child\" data-index=\"4\" ><div\n\t\t\t\n\t\t\tclass=\"so-widget-sow-editor so-widget-sow-editor-base\"\n\t\t\t\n\t\t>\n<div class=\"siteorigin-widget-tinymce textwidget\">\n\t<p>L\u2019AOCSI, l\u2019Association Ontarienne des Conseils Scolaires \u2013 International, repr\u00e9sente 33 conseils scolaires d\u2019\u00e9coles publiques dans la province canadienne de l\u2019Ontario qui accueillent des \u00e9tudiants \u00e9trangers de la maternelle \u00e0 la 12e ann\u00e9e.<\/p>\n<p>Les conseils scolaires membres de l\u2019AOCSI ont la r\u00e9putation d\u2019offrir des programmes \u00e9ducatifs de grande qualit\u00e9 et de favoriser la r\u00e9ussite des \u00e9tudiants dans un environnement d\u2019apprentissage accueillant et s\u00e9curitaire. Les conseils scolaires participants accordent beaucoup d\u2019importance au r\u00f4le des \u00e9tudiants \u00e9trangers qui nous font d\u00e9couvrir des perspectives interculturelles diverses et, ainsi, l\u2019augmentation r\u00e9cente du nombre d\u2019\u00e9l\u00e8ves \u00e9trangers en Ontario s\u2019av\u00e8re mutuellement avantageuse, car il s\u2019effectue un transfert interculturel de l\u2019apprentissage et des connaissances entre les \u00e9tudiants \u00e9trangers et les \u00e9tudiants ontariens.<\/p>\n<p><strong>Vous avez besoin de plus d\u2019information au sujet des \u00e9coles subventionn\u00e9es par l\u2019\u00c9tat en Ontario ?<\/strong><\/p>\n<ul>\n<li style=\"list-style-type: none;\">\n<ul>\n<li><a href=\"http:\/\/www.edu.gov.on.ca\/fre\/educationFacts.html#enrol\" target=\"_blank\" rel=\"noopener\">Coup d\u2019\u0153il : Les \u00e9coles et les conseils scolaires<\/a><\/li>\n<li><a href=\"http:\/\/www.edu.gov.on.ca\/eng\/sift\" target=\"_blank\" rel=\"noopener\">Outil de recherche d\u2019information sur les \u00e9coles<\/a><\/li>\n<li><a href=\"http:\/\/www.app.edu.gov.on.ca\/fre\/bpr\/index.html\" target=\"_blank\" rel=\"noopener\">Rapports sur le progr\u00e8s des conseils scolaires<\/a><\/li>\n<li><a href=\"http:\/\/www.edu.gov.on.ca\/fre\/sbinfo\/boardList.html\" target=\"_blank\" rel=\"noopener\">Tous les conseils scolaires subventionn\u00e9s par l\u2019\u00c9tat en Ontario<\/a><\/li>\n<li><a href=\"http:\/\/www.edu.gov.on.ca\/eng\/policyfunding\/strategyK12.pdf\" target=\"_blank\" rel=\"noopener\">Strat\u00e9gie ontarienne en mati\u00e8re d\u2019\u00e9ducation internationale de la maternelle \u00e0 la 12e ann\u00e9e, 2015<\/a><\/li>\n<\/ul>\n<\/li>\n<\/ul>\n<\/div>\n<\/div><\/div><\/div><\/div><\/div><\/div><\/div>","protected":false},"excerpt":{"rendered":"\u00c0 propos des conseils scolaires membres de l&#8217;AOCSI Accueil Conseils scolaires fran\u00e7ais membres de l&#8217;AOCSI Conseils scolaires anglais membres de l&#8217;AOCSI Map Overview District List L\u2019AOCSI, l\u2019Association Ontarienne des Conseils Scolaires \u2013 International, repr\u00e9sente 33 conseils scolaires d\u2019\u00e9coles publiques dans la province canadienne de l\u2019Ontario qui accueillent des \u00e9tudiants \u00e9trangers de la maternelle \u00e0 la&#8230; <a class=\"view-article\" href=\"https:\/\/www.oasdi.ca\/fr\/districts-scolaires-ontario\/districts-scolaires-oasdi\/\">View Article<\/a>","protected":false},"author":237,"featured_media":15969,"parent":21215,"menu_order":0,"comment_status":"closed","ping_status":"closed","template":"","meta":{"footnotes":""},"class_list":["post-17993","page","type-page","status-publish","has-post-thumbnail","hentry"],"yoast_head":"<!-- This site is optimized with the Yoast SEO plugin v21.5 - https:\/\/yoast.com\/wordpress\/plugins\/seo\/ -->\n<title>Membres des conseils scolaires | \u00c9ducation Ontario | AOCSI<\/title>\n<meta name=\"description\" content=\"L&#039;AOCSI est compos\u00e9e de conseils scolaires publics de l&#039;Ontario qui accueillent des \u00e9tudiants \u00e9trangers. Pour plus d&#039;infos sur nos membres, cliquez ici.\" \/>\n<meta name=\"robots\" content=\"index, follow, max-snippet:-1, max-image-preview:large, max-video-preview:-1\" \/>\n<link rel=\"canonical\" href=\"https:\/\/www.oasdi.ca\/fr\/districts-scolaires-ontario\/districts-scolaires-oasdi\/\" \/>\n<meta property=\"og:locale\" content=\"fr_FR\" \/>\n<meta property=\"og:type\" content=\"article\" \/>\n<meta property=\"og:title\" content=\"Membres des conseils scolaires | \u00c9ducation Ontario | AOCSI\" \/>\n<meta property=\"og:description\" content=\"L&#039;AOCSI est compos\u00e9e de conseils scolaires publics de l&#039;Ontario qui accueillent des \u00e9tudiants \u00e9trangers. Pour plus d&#039;infos sur nos membres, cliquez ici.\" \/>\n<meta property=\"og:url\" content=\"https:\/\/www.oasdi.ca\/fr\/districts-scolaires-ontario\/districts-scolaires-oasdi\/\" \/>\n<meta property=\"og:site_name\" content=\"OASDI\" \/>\n<meta property=\"article:modified_time\" content=\"2020-04-25T17:37:47+00:00\" \/>\n<meta property=\"og:image\" content=\"https:\/\/www.oasdi.ca\/wp-content\/uploads\/2020\/03\/ontario-school-district.jpg\" \/>\n\t<meta property=\"og:image:width\" content=\"1440\" \/>\n\t<meta property=\"og:image:height\" content=\"268\" \/>\n\t<meta property=\"og:image:type\" content=\"image\/jpeg\" \/>\n<meta name=\"twitter:card\" content=\"summary_large_image\" \/>\n<meta name=\"twitter:label1\" content=\"Dur\u00e9e de lecture estim\u00e9e\" \/>\n\t<meta name=\"twitter:data1\" content=\"1 minute\" \/>\n<script type=\"application\/ld+json\" class=\"yoast-schema-graph\">{\"@context\":\"https:\/\/schema.org\",\"@graph\":[{\"@type\":\"WebPage\",\"@id\":\"https:\/\/www.oasdi.ca\/fr\/districts-scolaires-ontario\/districts-scolaires-oasdi\/\",\"url\":\"https:\/\/www.oasdi.ca\/fr\/districts-scolaires-ontario\/districts-scolaires-oasdi\/\",\"name\":\"Membres des conseils scolaires | \u00c9ducation Ontario | AOCSI\",\"isPartOf\":{\"@id\":\"https:\/\/www.oasdi.ca\/fr\/#website\"},\"datePublished\":\"2020-03-22T13:27:00+00:00\",\"dateModified\":\"2020-04-25T17:37:47+00:00\",\"description\":\"L'AOCSI est compos\u00e9e de conseils scolaires publics de l'Ontario qui accueillent des \u00e9tudiants \u00e9trangers. Pour plus d'infos sur nos membres, cliquez ici.\",\"breadcrumb\":{\"@id\":\"https:\/\/www.oasdi.ca\/fr\/districts-scolaires-ontario\/districts-scolaires-oasdi\/#breadcrumb\"},\"inLanguage\":\"fr-FR\",\"potentialAction\":[{\"@type\":\"ReadAction\",\"target\":[\"https:\/\/www.oasdi.ca\/fr\/districts-scolaires-ontario\/districts-scolaires-oasdi\/\"]}]},{\"@type\":\"BreadcrumbList\",\"@id\":\"https:\/\/www.oasdi.ca\/fr\/districts-scolaires-ontario\/districts-scolaires-oasdi\/#breadcrumb\",\"itemListElement\":[{\"@type\":\"ListItem\",\"position\":1,\"name\":\"Accueil\",\"item\":\"https:\/\/www.oasdi.ca\/fr\/\"},{\"@type\":\"ListItem\",\"position\":2,\"name\":\"\u00c0 propos des conseils scolaires de l&rsquo;Ontario\",\"item\":\"https:\/\/www.oasdi.ca\/fr\/districts-scolaires-ontario\/\"},{\"@type\":\"ListItem\",\"position\":3,\"name\":\"\u00c0 propos des conseils scolaires membres de l&#8217;AOCSI\"}]},{\"@type\":\"WebSite\",\"@id\":\"https:\/\/www.oasdi.ca\/fr\/#website\",\"url\":\"https:\/\/www.oasdi.ca\/fr\/\",\"name\":\"OASDI\",\"description\":\"Ontario Association of School District International\",\"publisher\":{\"@id\":\"https:\/\/www.oasdi.ca\/fr\/#organization\"},\"potentialAction\":[{\"@type\":\"SearchAction\",\"target\":{\"@type\":\"EntryPoint\",\"urlTemplate\":\"https:\/\/www.oasdi.ca\/fr\/?s={search_term_string}\"},\"query-input\":\"required name=search_term_string\"}],\"inLanguage\":\"fr-FR\"},{\"@type\":\"Organization\",\"@id\":\"https:\/\/www.oasdi.ca\/fr\/#organization\",\"name\":\"OASDI\",\"url\":\"https:\/\/www.oasdi.ca\/fr\/\",\"logo\":{\"@type\":\"ImageObject\",\"inLanguage\":\"fr-FR\",\"@id\":\"https:\/\/www.oasdi.ca\/fr\/#\/schema\/logo\/image\/\",\"url\":\"https:\/\/www.oasdi.ca\/wp-content\/uploads\/2020\/02\/cropped-oasdi-logo.png\",\"contentUrl\":\"https:\/\/www.oasdi.ca\/wp-content\/uploads\/2020\/02\/cropped-oasdi-logo.png\",\"width\":468,\"height\":96,\"caption\":\"OASDI\"},\"image\":{\"@id\":\"https:\/\/www.oasdi.ca\/fr\/#\/schema\/logo\/image\/\"}}]}<\/script>\n<!-- \/ Yoast SEO plugin. -->","yoast_head_json":{"title":"Membres des conseils scolaires | \u00c9ducation Ontario | AOCSI","description":"L'AOCSI est compos\u00e9e de conseils scolaires publics de l'Ontario qui accueillent des \u00e9tudiants \u00e9trangers. Pour plus d'infos sur nos membres, cliquez ici.","robots":{"index":"index","follow":"follow","max-snippet":"max-snippet:-1","max-image-preview":"max-image-preview:large","max-video-preview":"max-video-preview:-1"},"canonical":"https:\/\/www.oasdi.ca\/fr\/districts-scolaires-ontario\/districts-scolaires-oasdi\/","og_locale":"fr_FR","og_type":"article","og_title":"Membres des conseils scolaires | \u00c9ducation Ontario | AOCSI","og_description":"L'AOCSI est compos\u00e9e de conseils scolaires publics de l'Ontario qui accueillent des \u00e9tudiants \u00e9trangers. Pour plus d'infos sur nos membres, cliquez ici.","og_url":"https:\/\/www.oasdi.ca\/fr\/districts-scolaires-ontario\/districts-scolaires-oasdi\/","og_site_name":"OASDI","article_modified_time":"2020-04-25T17:37:47+00:00","og_image":[{"width":1440,"height":268,"url":"https:\/\/www.oasdi.ca\/wp-content\/uploads\/2020\/03\/ontario-school-district.jpg","type":"image\/jpeg"}],"twitter_card":"summary_large_image","twitter_misc":{"Dur\u00e9e de lecture estim\u00e9e":"1 minute"},"schema":{"@context":"https:\/\/schema.org","@graph":[{"@type":"WebPage","@id":"https:\/\/www.oasdi.ca\/fr\/districts-scolaires-ontario\/districts-scolaires-oasdi\/","url":"https:\/\/www.oasdi.ca\/fr\/districts-scolaires-ontario\/districts-scolaires-oasdi\/","name":"Membres des conseils scolaires | \u00c9ducation Ontario | AOCSI","isPartOf":{"@id":"https:\/\/www.oasdi.ca\/fr\/#website"},"datePublished":"2020-03-22T13:27:00+00:00","dateModified":"2020-04-25T17:37:47+00:00","description":"L'AOCSI est compos\u00e9e de conseils scolaires publics de l'Ontario qui accueillent des \u00e9tudiants \u00e9trangers. Pour plus d'infos sur nos membres, cliquez ici.","breadcrumb":{"@id":"https:\/\/www.oasdi.ca\/fr\/districts-scolaires-ontario\/districts-scolaires-oasdi\/#breadcrumb"},"inLanguage":"fr-FR","potentialAction":[{"@type":"ReadAction","target":["https:\/\/www.oasdi.ca\/fr\/districts-scolaires-ontario\/districts-scolaires-oasdi\/"]}]},{"@type":"BreadcrumbList","@id":"https:\/\/www.oasdi.ca\/fr\/districts-scolaires-ontario\/districts-scolaires-oasdi\/#breadcrumb","itemListElement":[{"@type":"ListItem","position":1,"name":"Accueil","item":"https:\/\/www.oasdi.ca\/fr\/"},{"@type":"ListItem","position":2,"name":"\u00c0 propos des conseils scolaires de l&rsquo;Ontario","item":"https:\/\/www.oasdi.ca\/fr\/districts-scolaires-ontario\/"},{"@type":"ListItem","position":3,"name":"\u00c0 propos des conseils scolaires membres de l&#8217;AOCSI"}]},{"@type":"WebSite","@id":"https:\/\/www.oasdi.ca\/fr\/#website","url":"https:\/\/www.oasdi.ca\/fr\/","name":"OASDI","description":"Ontario Association of School District International","publisher":{"@id":"https:\/\/www.oasdi.ca\/fr\/#organization"},"potentialAction":[{"@type":"SearchAction","target":{"@type":"EntryPoint","urlTemplate":"https:\/\/www.oasdi.ca\/fr\/?s={search_term_string}"},"query-input":"required name=search_term_string"}],"inLanguage":"fr-FR"},{"@type":"Organization","@id":"https:\/\/www.oasdi.ca\/fr\/#organization","name":"OASDI","url":"https:\/\/www.oasdi.ca\/fr\/","logo":{"@type":"ImageObject","inLanguage":"fr-FR","@id":"https:\/\/www.oasdi.ca\/fr\/#\/schema\/logo\/image\/","url":"https:\/\/www.oasdi.ca\/wp-content\/uploads\/2020\/02\/cropped-oasdi-logo.png","contentUrl":"https:\/\/www.oasdi.ca\/wp-content\/uploads\/2020\/02\/cropped-oasdi-logo.png","width":468,"height":96,"caption":"OASDI"},"image":{"@id":"https:\/\/www.oasdi.ca\/fr\/#\/schema\/logo\/image\/"}}]}},"_links":{"self":[{"href":"https:\/\/www.oasdi.ca\/fr\/wp-json\/wp\/v2\/pages\/17993"}],"collection":[{"href":"https:\/\/www.oasdi.ca\/fr\/wp-json\/wp\/v2\/pages"}],"about":[{"href":"https:\/\/www.oasdi.ca\/fr\/wp-json\/wp\/v2\/types\/page"}],"author":[{"embeddable":true,"href":"https:\/\/www.oasdi.ca\/fr\/wp-json\/wp\/v2\/users\/237"}],"replies":[{"embeddable":true,"href":"https:\/\/www.oasdi.ca\/fr\/wp-json\/wp\/v2\/comments?post=17993"}],"version-history":[{"count":0,"href":"https:\/\/www.oasdi.ca\/fr\/wp-json\/wp\/v2\/pages\/17993\/revisions"}],"up":[{"embeddable":true,"href":"https:\/\/www.oasdi.ca\/fr\/wp-json\/wp\/v2\/pages\/21215"}],"wp:featuredmedia":[{"embeddable":true,"href":"https:\/\/www.oasdi.ca\/fr\/wp-json\/wp\/v2\/media\/15969"}],"wp:attachment":[{"href":"https:\/\/www.oasdi.ca\/fr\/wp-json\/wp\/v2\/media?parent=17993"}],"curies":[{"name":"wp","href":"https:\/\/api.w.org\/{rel}","templated":true}]}}