{"id":17967,"date":"2020-03-16T14:38:58","date_gmt":"2020-03-16T14:38:58","guid":{"rendered":"http:\/\/oasdi.ca\/a-propos-de-oasdi\/contact-us\/"},"modified":"2020-04-25T19:24:20","modified_gmt":"2020-04-25T19:24:20","slug":"nous-contacter","status":"publish","type":"page","link":"https:\/\/www.oasdi.ca\/fr\/a-propos-de-oasdi\/nous-contacter\/","title":{"rendered":"Contacter l&#8217;Association Ontarienne des conseils scolaire &#8211; International"},"content":{"rendered":"<div id=\"pl-17967\"  class=\"panel-layout\" ><div id=\"pg-17967-0\"  class=\"panel-grid panel-no-style\" ><div id=\"pgc-17967-0-0\"  class=\"panel-grid-cell\" ><div id=\"panel-17967-0-0-0\" class=\"so-panel widget widget_sow-image panel-first-child panel-last-child\" data-index=\"0\" ><div\n\t\t\t\n\t\t\tclass=\"so-widget-sow-image so-widget-sow-image-default-c4f6304fc136-17967\"\n\t\t\t\n\t\t>\n\n<div class=\"sow-image-container\">\n\t\t<img loading=\"lazy\" decoding=\"async\" src=\"https:\/\/www.oasdi.ca\/wp-content\/uploads\/2020\/03\/oasdi-about-us.jpg\" width=\"1440\" height=\"268\" srcset=\"https:\/\/www.oasdi.ca\/wp-content\/uploads\/2020\/03\/oasdi-about-us.jpg 1440w, https:\/\/www.oasdi.ca\/wp-content\/uploads\/2020\/03\/oasdi-about-us-250x47.jpg 250w, https:\/\/www.oasdi.ca\/wp-content\/uploads\/2020\/03\/oasdi-about-us-700x130.jpg 700w, https:\/\/www.oasdi.ca\/wp-content\/uploads\/2020\/03\/oasdi-about-us-768x143.jpg 768w, https:\/\/www.oasdi.ca\/wp-content\/uploads\/2020\/03\/oasdi-about-us-120x22.jpg 120w\" sizes=\"(max-width: 1440px) 100vw, 1440px\" alt=\"About OASDI\" \t\tclass=\"so-widget-image\"\/>\n\t<\/div>\n\n<\/div><\/div><\/div><\/div><div id=\"pg-17967-1\"  class=\"panel-grid panel-has-style\" ><div class=\"has-container panel-row-style panel-row-style-for-17967-1\" ><div id=\"pgc-17967-1-0\"  class=\"panel-grid-cell\" ><div id=\"panel-17967-1-0-0\" class=\"so-panel widget widget_hem-seo-title-widget panel-first-child panel-last-child\" data-index=\"1\" ><div class=\"panel-widget-style panel-widget-style-for-17967-1-0-0\" ><div\n\t\t\t\n\t\t\tclass=\"so-widget-hem-seo-title-widget so-widget-hem-seo-title-widget-hem-seo-title-widget-style-d75171398898-17967\"\n\t\t\t\n\t\t>\n<h1 style=\"font-size:px;\">Ontario Association of School Districts International - Contact Us<\/h1>\n\n\n\n\t<!-- <div class=\"breadcrumb-trail\"><a href=\"index.php\">Home<\/a> \u00bb <span class=\"breadcrumb-current\">About<\/span><\/div> -->\n\t<div class=\"test1\"><span><span><a href=\"https:\/\/www.oasdi.ca\/fr\/\">Accueil<\/a><\/span><\/span><\/div>\n<\/div><\/div><\/div><\/div><\/div><\/div><div id=\"pg-17967-2\"  class=\"panel-grid panel-has-style\" ><div class=\"has-container panel-row-style panel-row-style-for-17967-2\" ><div id=\"pgc-17967-2-0\"  class=\"panel-grid-cell\" ><div id=\"panel-17967-2-0-0\" class=\"so-panel widget widget_sow-editor panel-first-child panel-last-child\" data-index=\"2\" ><div\n\t\t\t\n\t\t\tclass=\"so-widget-sow-editor so-widget-sow-editor-base\"\n\t\t\t\n\t\t>\n<div class=\"siteorigin-widget-tinymce textwidget\">\n\t<p>To contact us, email: info@oasdi.ca<\/p>\n<\/div>\n<\/div><\/div><\/div><div id=\"pgc-17967-2-1\"  class=\"panel-grid-cell\" ><div class=\"pl-sm-3 pl-md-5 panel-cell-style panel-cell-style-for-17967-2-1\" ><div id=\"panel-17967-2-1-0\" class=\"widget_text so-panel widget widget_custom_html panel-first-child panel-last-child\" data-index=\"3\" ><div class=\"widget_text float-md-right panel-widget-style panel-widget-style-for-17967-2-1-0\" ><div class=\"textwidget custom-html-widget\"><div class=\"form-wrapper sidebar-form\">\n\t<div class=\"form-container\">\n\t\t<div class=\"container\">\n\t\t\t<div class=\"row justify-content-center\">\n\t\t\t\t<div class=\"col-12\">\n\t\t\t\t\t<div class=\"row\">\n\t\t\t\t\t\t<div class=\"col text-center\">\n\t\t\t\t\t\t<h2>Renseignez-vous maintenant<\/h2>\n\t\t\t\t\t\t<p class=\"text-h3 text-left\">Veuillez remplir le formulaire ci-dessous pour demander plus d'informations<\/p>\n\t\t\t\t\t\t<\/div>\n\t\t\t\t\t<\/div>\n\t\t\t\t\t<form class=\"mainContactForm\" data-parsley-validate autocomplete=\"off\" method=\"post\">\n\t\t\t\t\t\t<input type=\"hidden\" name=\"request_type\" value=\"Website\" \/>\n            \t\t\t<input type=\"hidden\" name=\"formId\" value=\"100\" \/>\n\t\t\t\t\t\t<input type=\"hidden\" name=\"address\" value=\"\" \/>\n\t\t\t\t\t\t<input type=\"hidden\" name=\"formURL\" value=\"\" \/>\n\t\t\t\t\t\t<input type=\"hidden\" name=\"zip\" value=\"\" \/>\n\t\t\t\t\t\t\t\n\t\t\t\t\t\t<div class=\"row align-items-center\">\n\t\t\t\t\t\t\t<div class=\"col mt-2\">\n\t\t\t\t\t\t\t<input type=\"text\" name=\"fname\" class=\"form-control\" placeholder=\"PR\u00c9NOM*\" data-parsley-trigger=\"change\" data-parsley-error-message=\"Le pr\u00e9nom est requis\" data-parsley-required value=\"\">\n\t\t\t\t\t\t\t<\/div>\n\t\t\t\t\t\t<\/div>\n\t\t\t\t\t\t<div class=\"row align-items-center\">\n\t\t\t\t\t\t\t<div class=\"col mt-3\">\n\t\t\t\t\t\t\t<input type=\"text\" name=\"lname\" class=\"form-control\" placeholder=\"Nom de famille*\" data-parsley-trigger=\"change\" data-parsley-error-message=\"Le nom de famille est requis\" data-parsley-required value=\"\">\n\t\t\t\t\t\t\t<\/div>\n\t\t\t\t\t\t<\/div>\n\t\t\t\t\t\t<div class=\"row align-items-center mt-3\">\n\t\t\t\t\t\t\t<div class=\"col\">\n\t\t\t\t\t\t\t<input type=\"email\" name=\"email\" class=\"form-control\" placeholder=\"Email*\" data-parsley-type=\"email\" data-parsley-error-message=\"un email valide est requis\" data-parsley-required value=\"\">\n\t\t\t\t\t\t\t<\/div>\n\t\t\t\t\t\t<\/div>\n\t\t\t\t\t\t<div class=\"row align-items-center\">\n\t\t\t\t\t\t\t<div class=\"col mt-3 phone-wrapper\">\n\t\t\t\t\t\t\t<input type=\"text\" name=\"phone\" class=\"form-control\" placeholder=\"T\u00c9L\u00c9PHONE*\" name=\"phone\" id=\"phone\" data-parsley-trigger=\"change\" data-parsley-error-message=\"Un t\u00e9l\u00e9phone valide est requis\" data-parsley-required value=\"\">\n\t\t\t\t\t\t\t<\/div>\n\t\t\t\t\t\t<\/div>\n\t\t\t\t\t\t<div class=\"row align-items-center\">\n\t\t\t\t\t\t\t<div class=\"col mt-3\">\n\t\t\t\t\t\t\t<textarea class=\"form-control\" name=\"message\" id=\"exampleFormControlTextarea1\" rows=\"3\" placeholder=\"Message\"><\/textarea>\n\t\t\t\t\t\t\t<\/div>\n\t\t\t\t\t\t<\/div>\n\t\t\t\t\t\t<input type=\"text\" name=\"address\" value=\"\" class=\"is_address\" placeholder=\"address\"\/>\n\t\t\t\t\t\t<div class=\"row justify-content-start\">\n\t\t\t\t\t\t\t<div class=\"col col-md-12\">\n\t\t\t\t\t\t\t\t<div class=\"form-check\">\n\t\t\t\t\t\t\t\t\t<label class=\"form-check-label\">\n\t\t\t\t\t\t\t\t\t<input type=\"checkbox\" name=\"terms\" class=\"form-check-input\" data-parsley-trigger=\"change\" data-parsley-error-message=\"Acceptez les termes et conditions\" data-parsley-required value=\"yes\">\n\t\t\t\t\t\t\t\t\tJ'ai lu et j'accepte <a href=\"#\" class=\"terms-popup\">Termes et conditions*<\/a>\n\t\t\t\t\t\t\t\t\t<\/label>\n\t\t\t\t\t\t\t\t<\/div>\n\t\t\t\t\t\t\t<\/div>\n\t\t\t\t\t\t\t<div class=\"form-check mt-2\">\n\t\t\t\t\t\t\t\t<div class=\"g-recaptcha\" data-callback=\"recaptchaCallback\" data-sitekey=\"6LfO9_4UAAAAAG6SGb9SJki_sO6-F4iSJ9mq_-BG\" data-theme=\"light\" style=\"transform:scale(0.77);-webkit-transform:scale(0.77);transform-origin:0 0;-webkit-transform-origin:0 0;\"><\/div>\n\t\t\t\t\t\t\t\t<div class=\"captcha-response\"><\/div>\n\t\t\t\t\t\t\t<\/div>\t\n\n\t\t\t\t\t\t\t<div class=\"col col-md-12\">\n\t\t\t\t\t\t\t\t<button class=\"btn btn-secondary mt-2 btn-lg btn-block\">Soumettre<\/button>\n\t\t\t\t\t\t\t<\/div>\n\t\t\t\t\t\t<\/div>\n\t\t\t\t\t<\/form>\n\t\t\t\t<\/div>\n\t\t\t<\/div>\n\t\t<\/div>\n\t<\/div>\n<\/div><\/div><\/div><\/div><\/div><\/div><\/div><\/div><\/div>","protected":false},"excerpt":{"rendered":"Ontario Association of School Districts International &#8211; Contact Us Accueil To contact us, email: info@oasdi.ca Renseignez-vous maintenant Veuillez remplir le formulaire ci-dessous pour demander plus d&#8217;informations J&#8217;ai lu et j&#8217;accepte Termes et conditions* Soumettre","protected":false},"author":237,"featured_media":15653,"parent":17916,"menu_order":617,"comment_status":"closed","ping_status":"closed","template":"","meta":{"footnotes":""},"class_list":["post-17967","page","type-page","status-publish","has-post-thumbnail","hentry"],"yoast_head":"<!-- This site is optimized with the Yoast SEO plugin v21.5 - https:\/\/yoast.com\/wordpress\/plugins\/seo\/ -->\n<title>Contact | Assoc. Ontarienne des Conseils scolaires International<\/title>\n<meta name=\"description\" content=\"Vous souhaitez nous contacter \u00e0 l&#039;Association Ontarienne des Conseils scolaires - International ? D\u00e9couvrez les diff\u00e9rents moyens de nous contacter ici.\" \/>\n<meta name=\"robots\" content=\"index, follow, max-snippet:-1, max-image-preview:large, max-video-preview:-1\" \/>\n<link rel=\"canonical\" href=\"https:\/\/www.oasdi.ca\/fr\/a-propos-de-oasdi\/nous-contacter\/\" \/>\n<meta property=\"og:locale\" content=\"fr_FR\" \/>\n<meta property=\"og:type\" content=\"article\" \/>\n<meta property=\"og:title\" content=\"Contact | Assoc. Ontarienne des Conseils scolaires International\" \/>\n<meta property=\"og:description\" content=\"Vous souhaitez nous contacter \u00e0 l&#039;Association Ontarienne des Conseils scolaires - International ? D\u00e9couvrez les diff\u00e9rents moyens de nous contacter ici.\" \/>\n<meta property=\"og:url\" content=\"https:\/\/www.oasdi.ca\/fr\/a-propos-de-oasdi\/nous-contacter\/\" \/>\n<meta property=\"og:site_name\" content=\"OASDI\" \/>\n<meta property=\"article:modified_time\" content=\"2020-04-25T19:24:20+00:00\" \/>\n<meta property=\"og:image\" content=\"https:\/\/www.oasdi.ca\/wp-content\/uploads\/2020\/03\/oasdi-about-us.jpg\" \/>\n\t<meta property=\"og:image:width\" content=\"1440\" \/>\n\t<meta property=\"og:image:height\" content=\"268\" \/>\n\t<meta property=\"og:image:type\" content=\"image\/jpeg\" \/>\n<meta name=\"twitter:card\" content=\"summary_large_image\" \/>\n<script type=\"application\/ld+json\" class=\"yoast-schema-graph\">{\"@context\":\"https:\/\/schema.org\",\"@graph\":[{\"@type\":\"WebPage\",\"@id\":\"https:\/\/www.oasdi.ca\/fr\/a-propos-de-oasdi\/nous-contacter\/\",\"url\":\"https:\/\/www.oasdi.ca\/fr\/a-propos-de-oasdi\/nous-contacter\/\",\"name\":\"Contact | Assoc. Ontarienne des Conseils scolaires International\",\"isPartOf\":{\"@id\":\"https:\/\/www.oasdi.ca\/fr\/#website\"},\"datePublished\":\"2020-03-16T14:38:58+00:00\",\"dateModified\":\"2020-04-25T19:24:20+00:00\",\"description\":\"Vous souhaitez nous contacter \u00e0 l'Association Ontarienne des Conseils scolaires - International ? D\u00e9couvrez les diff\u00e9rents moyens de nous contacter ici.\",\"breadcrumb\":{\"@id\":\"https:\/\/www.oasdi.ca\/fr\/a-propos-de-oasdi\/nous-contacter\/#breadcrumb\"},\"inLanguage\":\"fr-FR\",\"potentialAction\":[{\"@type\":\"ReadAction\",\"target\":[\"https:\/\/www.oasdi.ca\/fr\/a-propos-de-oasdi\/nous-contacter\/\"]}]},{\"@type\":\"BreadcrumbList\",\"@id\":\"https:\/\/www.oasdi.ca\/fr\/a-propos-de-oasdi\/nous-contacter\/#breadcrumb\",\"itemListElement\":[{\"@type\":\"ListItem\",\"position\":1,\"name\":\"Accueil\",\"item\":\"https:\/\/www.oasdi.ca\/fr\/\"},{\"@type\":\"ListItem\",\"position\":2,\"name\":\"\u00c0 propos de l&#8217;Association Ontarienne des conseils scolaire &#8211; International\",\"item\":\"https:\/\/www.oasdi.ca\/fr\/a-propos-de-oasdi\/\"},{\"@type\":\"ListItem\",\"position\":3,\"name\":\"Contacter l&#8217;Association Ontarienne des conseils scolaire &#8211; International\"}]},{\"@type\":\"WebSite\",\"@id\":\"https:\/\/www.oasdi.ca\/fr\/#website\",\"url\":\"https:\/\/www.oasdi.ca\/fr\/\",\"name\":\"OASDI\",\"description\":\"Ontario Association of School District International\",\"publisher\":{\"@id\":\"https:\/\/www.oasdi.ca\/fr\/#organization\"},\"potentialAction\":[{\"@type\":\"SearchAction\",\"target\":{\"@type\":\"EntryPoint\",\"urlTemplate\":\"https:\/\/www.oasdi.ca\/fr\/?s={search_term_string}\"},\"query-input\":\"required name=search_term_string\"}],\"inLanguage\":\"fr-FR\"},{\"@type\":\"Organization\",\"@id\":\"https:\/\/www.oasdi.ca\/fr\/#organization\",\"name\":\"OASDI\",\"url\":\"https:\/\/www.oasdi.ca\/fr\/\",\"logo\":{\"@type\":\"ImageObject\",\"inLanguage\":\"fr-FR\",\"@id\":\"https:\/\/www.oasdi.ca\/fr\/#\/schema\/logo\/image\/\",\"url\":\"https:\/\/www.oasdi.ca\/wp-content\/uploads\/2020\/02\/cropped-oasdi-logo.png\",\"contentUrl\":\"https:\/\/www.oasdi.ca\/wp-content\/uploads\/2020\/02\/cropped-oasdi-logo.png\",\"width\":468,\"height\":96,\"caption\":\"OASDI\"},\"image\":{\"@id\":\"https:\/\/www.oasdi.ca\/fr\/#\/schema\/logo\/image\/\"}}]}<\/script>\n<!-- \/ Yoast SEO plugin. -->","yoast_head_json":{"title":"Contact | Assoc. Ontarienne des Conseils scolaires International","description":"Vous souhaitez nous contacter \u00e0 l'Association Ontarienne des Conseils scolaires - International ? D\u00e9couvrez les diff\u00e9rents moyens de nous contacter ici.","robots":{"index":"index","follow":"follow","max-snippet":"max-snippet:-1","max-image-preview":"max-image-preview:large","max-video-preview":"max-video-preview:-1"},"canonical":"https:\/\/www.oasdi.ca\/fr\/a-propos-de-oasdi\/nous-contacter\/","og_locale":"fr_FR","og_type":"article","og_title":"Contact | Assoc. Ontarienne des Conseils scolaires International","og_description":"Vous souhaitez nous contacter \u00e0 l'Association Ontarienne des Conseils scolaires - International ? D\u00e9couvrez les diff\u00e9rents moyens de nous contacter ici.","og_url":"https:\/\/www.oasdi.ca\/fr\/a-propos-de-oasdi\/nous-contacter\/","og_site_name":"OASDI","article_modified_time":"2020-04-25T19:24:20+00:00","og_image":[{"width":1440,"height":268,"url":"https:\/\/www.oasdi.ca\/wp-content\/uploads\/2020\/03\/oasdi-about-us.jpg","type":"image\/jpeg"}],"twitter_card":"summary_large_image","schema":{"@context":"https:\/\/schema.org","@graph":[{"@type":"WebPage","@id":"https:\/\/www.oasdi.ca\/fr\/a-propos-de-oasdi\/nous-contacter\/","url":"https:\/\/www.oasdi.ca\/fr\/a-propos-de-oasdi\/nous-contacter\/","name":"Contact | Assoc. Ontarienne des Conseils scolaires International","isPartOf":{"@id":"https:\/\/www.oasdi.ca\/fr\/#website"},"datePublished":"2020-03-16T14:38:58+00:00","dateModified":"2020-04-25T19:24:20+00:00","description":"Vous souhaitez nous contacter \u00e0 l'Association Ontarienne des Conseils scolaires - International ? D\u00e9couvrez les diff\u00e9rents moyens de nous contacter ici.","breadcrumb":{"@id":"https:\/\/www.oasdi.ca\/fr\/a-propos-de-oasdi\/nous-contacter\/#breadcrumb"},"inLanguage":"fr-FR","potentialAction":[{"@type":"ReadAction","target":["https:\/\/www.oasdi.ca\/fr\/a-propos-de-oasdi\/nous-contacter\/"]}]},{"@type":"BreadcrumbList","@id":"https:\/\/www.oasdi.ca\/fr\/a-propos-de-oasdi\/nous-contacter\/#breadcrumb","itemListElement":[{"@type":"ListItem","position":1,"name":"Accueil","item":"https:\/\/www.oasdi.ca\/fr\/"},{"@type":"ListItem","position":2,"name":"\u00c0 propos de l&#8217;Association Ontarienne des conseils scolaire &#8211; International","item":"https:\/\/www.oasdi.ca\/fr\/a-propos-de-oasdi\/"},{"@type":"ListItem","position":3,"name":"Contacter l&#8217;Association Ontarienne des conseils scolaire &#8211; International"}]},{"@type":"WebSite","@id":"https:\/\/www.oasdi.ca\/fr\/#website","url":"https:\/\/www.oasdi.ca\/fr\/","name":"OASDI","description":"Ontario Association of School District International","publisher":{"@id":"https:\/\/www.oasdi.ca\/fr\/#organization"},"potentialAction":[{"@type":"SearchAction","target":{"@type":"EntryPoint","urlTemplate":"https:\/\/www.oasdi.ca\/fr\/?s={search_term_string}"},"query-input":"required name=search_term_string"}],"inLanguage":"fr-FR"},{"@type":"Organization","@id":"https:\/\/www.oasdi.ca\/fr\/#organization","name":"OASDI","url":"https:\/\/www.oasdi.ca\/fr\/","logo":{"@type":"ImageObject","inLanguage":"fr-FR","@id":"https:\/\/www.oasdi.ca\/fr\/#\/schema\/logo\/image\/","url":"https:\/\/www.oasdi.ca\/wp-content\/uploads\/2020\/02\/cropped-oasdi-logo.png","contentUrl":"https:\/\/www.oasdi.ca\/wp-content\/uploads\/2020\/02\/cropped-oasdi-logo.png","width":468,"height":96,"caption":"OASDI"},"image":{"@id":"https:\/\/www.oasdi.ca\/fr\/#\/schema\/logo\/image\/"}}]}},"_links":{"self":[{"href":"https:\/\/www.oasdi.ca\/fr\/wp-json\/wp\/v2\/pages\/17967"}],"collection":[{"href":"https:\/\/www.oasdi.ca\/fr\/wp-json\/wp\/v2\/pages"}],"about":[{"href":"https:\/\/www.oasdi.ca\/fr\/wp-json\/wp\/v2\/types\/page"}],"author":[{"embeddable":true,"href":"https:\/\/www.oasdi.ca\/fr\/wp-json\/wp\/v2\/users\/237"}],"replies":[{"embeddable":true,"href":"https:\/\/www.oasdi.ca\/fr\/wp-json\/wp\/v2\/comments?post=17967"}],"version-history":[{"count":0,"href":"https:\/\/www.oasdi.ca\/fr\/wp-json\/wp\/v2\/pages\/17967\/revisions"}],"up":[{"embeddable":true,"href":"https:\/\/www.oasdi.ca\/fr\/wp-json\/wp\/v2\/pages\/17916"}],"wp:featuredmedia":[{"embeddable":true,"href":"https:\/\/www.oasdi.ca\/fr\/wp-json\/wp\/v2\/media\/15653"}],"wp:attachment":[{"href":"https:\/\/www.oasdi.ca\/fr\/wp-json\/wp\/v2\/media?parent=17967"}],"curies":[{"name":"wp","href":"https:\/\/api.w.org\/{rel}","templated":true}]}}