{"id":17946,"date":"2020-04-12T02:52:59","date_gmt":"2020-04-12T02:52:59","guid":{"rendered":"http:\/\/oasdi.ca\/a-propos-de-oasdi\/standards-of-practice\/"},"modified":"2020-04-25T18:43:59","modified_gmt":"2020-04-25T18:43:59","slug":"standards-de-pratique","status":"publish","type":"page","link":"https:\/\/www.oasdi.ca\/fr\/a-propos-de-oasdi\/standards-de-pratique\/","title":{"rendered":"Principes d\u2019adh\u00e9sion \u00e0 l\u2019AOCSI"},"content":{"rendered":"<div id=\"pl-17946\"  class=\"panel-layout\" ><div id=\"pg-17946-0\"  class=\"panel-grid panel-no-style\" ><div id=\"pgc-17946-0-0\"  class=\"panel-grid-cell\" ><div id=\"panel-17946-0-0-0\" class=\"so-panel widget widget_sow-image panel-first-child panel-last-child\" data-index=\"0\" ><div\n\t\t\t\n\t\t\tclass=\"so-widget-sow-image so-widget-sow-image-default-c4f6304fc136-17946\"\n\t\t\t\n\t\t>\n\n<div class=\"sow-image-container\">\n\t\t<img loading=\"lazy\" decoding=\"async\" src=\"https:\/\/www.oasdi.ca\/wp-content\/uploads\/2020\/04\/oasdi-img2jpg.jpg\" width=\"1440\" height=\"268\" srcset=\"https:\/\/www.oasdi.ca\/wp-content\/uploads\/2020\/04\/oasdi-img2jpg.jpg 1440w, https:\/\/www.oasdi.ca\/wp-content\/uploads\/2020\/04\/oasdi-img2jpg-250x47.jpg 250w, https:\/\/www.oasdi.ca\/wp-content\/uploads\/2020\/04\/oasdi-img2jpg-700x130.jpg 700w, https:\/\/www.oasdi.ca\/wp-content\/uploads\/2020\/04\/oasdi-img2jpg-768x143.jpg 768w, https:\/\/www.oasdi.ca\/wp-content\/uploads\/2020\/04\/oasdi-img2jpg-500x93.jpg 500w, https:\/\/www.oasdi.ca\/wp-content\/uploads\/2020\/04\/oasdi-img2jpg-120x22.jpg 120w\" sizes=\"(max-width: 1440px) 100vw, 1440px\" alt=\"\" \t\tclass=\"so-widget-image\"\/>\n\t<\/div>\n\n<\/div><\/div><\/div><\/div><div id=\"pg-17946-1\"  class=\"panel-grid panel-has-style\" ><div class=\"has-container panel-row-style panel-row-style-for-17946-1\" ><div id=\"pgc-17946-1-0\"  class=\"panel-grid-cell\" ><div id=\"panel-17946-1-0-0\" class=\"so-panel widget widget_hem-seo-title-widget panel-first-child panel-last-child\" data-index=\"1\" ><div\n\t\t\t\n\t\t\tclass=\"so-widget-hem-seo-title-widget so-widget-hem-seo-title-widget-hem-seo-title-widget-style-d75171398898-17946\"\n\t\t\t\n\t\t>\n<h1 style=\"font-size:px;\">Principes d\u2019adh\u00e9sion \u00e0 l\u2019AOCSI<\/h1>\n\n\n\n\t<!-- <div class=\"breadcrumb-trail\"><a href=\"index.php\">Home<\/a> \u00bb <span class=\"breadcrumb-current\">About<\/span><\/div> -->\n\t<div class=\"test1\"><span><span><a href=\"https:\/\/www.oasdi.ca\/fr\/\">Accueil<\/a><\/span><\/span><\/div>\n<\/div><\/div><\/div><\/div><\/div><div id=\"pg-17946-2\"  class=\"panel-grid panel-has-style\" ><div class=\"has-container panel-row-style panel-row-style-for-17946-2\" ><div id=\"pgc-17946-2-0\"  class=\"panel-grid-cell\" ><div id=\"panel-17946-2-0-0\" class=\"so-panel widget widget_hem-sidebar-menu-widget panel-first-child\" data-index=\"2\" ><div\n\t\t\t\n\t\t\tclass=\"so-widget-hem-sidebar-menu-widget so-widget-hem-sidebar-menu-widget-hem-sidebar-menu-widget-style-d75171398898-17946\"\n\t\t\t\n\t\t><div id=\"sidebar\">\n\t\t\t<ul id=\"side-menu\" class=\"side-menu menu-embedded\">\n\t\t\t\n\t\t\t\t\t\t\t\t\n\t\t\t\t\t\t\t\t\t\t\t<li><a href=\"https:\/\/www.oasdi.ca\/fr\/a-propos-de-oasdi\/mission-et-origines\/\">Mission et origines de l'OASDI<\/a><\/li>\n\t\t\t\t\t\t\t\t\t\t\t\t\t\n\t\t\t\t\t\t\t\t\t\t\t<li><a class=\"active\" href=\"https:\/\/www.oasdi.ca\/fr\/a-propos-de-oasdi\/standards-de-pratique\/\">Principes d\u2019adh\u00e9sion \u00e0 l\u2019AOCSI<\/a><\/li>\n\t\t\t\t\t\t\t\t\t\t\t\t\t\n\t\t\t\t\t\t\t\t\t\t\t<li><a href=\"https:\/\/www.oasdi.ca\/fr\/a-propos-de-oasdi\/membres-seulement\/\">Restricted content<\/a><\/li>\n\t\t\t\t\t\t\t\t\t\t\t\t\t\n\t\t\t\t\t\t\t\t\t\t\t<li><a href=\"https:\/\/www.oasdi.ca\/fr\/a-propos-de-oasdi\/nous-contacter\/\">Contacter l'Association Ontarienne des conseils scolaire - International<\/a><\/li>\n\t\t\t\t\t\t\t\t\t\t\t\t\t\n\t\t\t\t\t\t\t\t\t\t\t<li><a href=\"https:\/\/www.oasdi.ca\/fr\/a-propos-de-oasdi\/comite-executif\/\">Comit\u00e9 ex\u00e9cutif de l'Association Ontarienne des conseils scolaire - International<\/a><\/li>\n\t\t\t\t\t\t\t\t\t\t\n\n\t\t\t\t<!-- Extra menu -->\n\t\t\t\t\n\n\n\t\t\t\t\t<\/ul>\n\t\n\n<\/div><\/div><\/div><div id=\"panel-17946-2-0-1\" class=\"so-panel widget widget_hem-sidebar-link-widget panel-last-child\" data-index=\"3\" ><div\n\t\t\t\n\t\t\tclass=\"so-widget-hem-sidebar-link-widget so-widget-hem-sidebar-link-widget-hem-sidebar-link-widget-style-d75171398898-17946\"\n\t\t\t\n\t\t><div id=\"sidebar\" class=\"external-link-only\">\n\n\n\n\t\t\t\t<!-- Extra menu -->\n\t\t\t\t\t\t\t\t\t<ul id=\"side-menu\" class=\"side-menu menu-embedded\">\n\t\t\t\t\t\t\t\t\t\t\t\t\t\t\t\t\t\t\t\t\t<li><a  href=\"https:\/\/www.oasdi.ca\/map-search\/\">Map Search<\/a><\/li>\n\t\t\t\t\t\t\t\t\t\t\t\t\t\t\n\t\t\t\t\t\t\t\t\t\t\t\t\t\t\t\t\t\t\t\t\t<li><a  href=\"https:\/\/www.oasdi.ca\/district-list\/\">District List<\/a><\/li>\n\t\t\t\t\t\t\t\t\t\t\t\t\t\t\n\t\t\t\t\t\t\t\n\t\t\t\t\t<\/ul>\n\t\t\t\t\n\t\t\t\t\n\n\n\n\n<\/div><\/div><\/div><\/div><div id=\"pgc-17946-2-1\"  class=\"panel-grid-cell\" ><div class=\"pl-sm-3 pl-md-5 panel-cell-style panel-cell-style-for-17946-2-1\" ><div id=\"panel-17946-2-1-0\" class=\"so-panel widget widget_sow-editor panel-first-child panel-last-child\" data-index=\"4\" ><div\n\t\t\t\n\t\t\tclass=\"so-widget-sow-editor so-widget-sow-editor-base\"\n\t\t\t\n\t\t>\n<div class=\"siteorigin-widget-tinymce textwidget\">\n\t<h2>Principes d\u2019adh\u00e9sion \u00e0 l\u2019AOCSI (associ\u00e9 et membre \u00e0 part enti\u00e8re)<\/h2>\n<p>L\u2019adh\u00e9sion \u00e0 l\u2019AOCSI exige, de la part de l\u2019\u00e9cole ou du conseil scolaire participant, le respect des principes de comportement \u00e9thique expos\u00e9s ci-dessous.<\/p>\n<p>Il existe deux niveaux d\u2019adh\u00e9sion, soit ceux des membres associ\u00e9s et des membres \u00e0 part enti\u00e8re. L\u2019adh\u00e9sion comme membre associ\u00e9 s\u2019adresse aux \u00e9coles ou aux conseils qui sont en train de mettre sur pied un programme pour \u00e9tudiants \u00e9trangers. L\u2019adh\u00e9sion \u00e0 titre de membre \u00e0 part enti\u00e8re est accord\u00e9e aux membres ayant safisfaits aux crit\u00e8res suivants :<\/p>\n<ol>\n<li>l\u2019existence de la publication d\u2019un programme d\u2019\u00e9ducation publique g\u00e9n\u00e9rale \u00e0 l\u2019intention des \u00e9tudiants \u00e9trangers;<\/li>\n<li>la publication des frais de scolarit\u00e9 ainsi que de tous autres frais applicables avec une d\u00e9finition claire de la port\u00e9e du programme, de sa dur\u00e9e et des certifications qui en d\u00e9coulent;<\/li>\n<li>la publication d\u2019une politique de remboursement;<\/li>\n<li>la publication d\u2019une description des r\u00e8glements et des attentes du programme pour les \u00e9tudiants \u00e9trangers;<\/li>\n<li>l\u2019existence d\u2019un programme de placement en famille d\u2019accueil et de supervision \u00e9tabli dont la responsabilit\u00e9 est confi\u00e9e \u00e0 un gestionnaire du conseil scolaire ou de l\u2019\u00e9cole;<\/li>\n<li>personnel du conseil ou de l\u2019\u00e9cole autoris\u00e9 \u00e0 \u00e9valuer les attestations d\u2019\u00e9tudes du demandeur et \u00e0 autoriser l\u2019admission dans le programme en fonction des crit\u00e8res de s\u00e9lection \u00e9tablis;<\/li>\n<li>la nomination d\u2019un membre du personnel du programme international d\u00e9tenant suffisamment d\u2019autorit\u00e9 pour repr\u00e9senter le conseil ou l\u2019\u00e9cole en mati\u00e8re d\u2019\u00e9ducation internationale et exercer la supervision appropri\u00e9e des programmes \u00e9ducations de l\u2019\u00e9tudiant et de son comportement dans la collectivit\u00e9;<\/li>\n<li>l\u2019existence de proc\u00e9dures d\u2019admission et de renouvellement d\u2019\u00e9tudiant conformes aux politiques et proc\u00e9dures d\u2019Immigration, R\u00e9fugi\u00e9s et Citoyennet\u00e9 Canada; et<\/li>\n<li>l\u2019adoption de pratiques conformes \u00e0 la d\u00e9ontologie en mati\u00e8re de recrutement et de marketing.<\/li>\n<\/ol>\n<\/div>\n<\/div><\/div><\/div><\/div><\/div><\/div><\/div>","protected":false},"excerpt":{"rendered":"Principes d\u2019adh\u00e9sion \u00e0 l\u2019AOCSI Accueil Mission et origines de l&#8217;OASDI Principes d\u2019adh\u00e9sion \u00e0 l\u2019AOCSI Restricted content Contacter l&#8217;Association Ontarienne des conseils scolaire &#8211; International Comit\u00e9 ex\u00e9cutif de l&#8217;Association Ontarienne des conseils scolaire &#8211; International Map Search District List Principes d\u2019adh\u00e9sion \u00e0 l\u2019AOCSI (associ\u00e9 et membre \u00e0 part enti\u00e8re) L\u2019adh\u00e9sion \u00e0 l\u2019AOCSI exige, de la part&#8230; <a class=\"view-article\" href=\"https:\/\/www.oasdi.ca\/fr\/a-propos-de-oasdi\/standards-de-pratique\/\">View Article<\/a>","protected":false},"author":237,"featured_media":15653,"parent":17916,"menu_order":0,"comment_status":"closed","ping_status":"closed","template":"","meta":{"footnotes":""},"class_list":["post-17946","page","type-page","status-publish","has-post-thumbnail","hentry"],"yoast_head":"<!-- This site is optimized with the Yoast SEO plugin v21.5 - https:\/\/yoast.com\/wordpress\/plugins\/seo\/ -->\n<title>Principes d\u2019adh\u00e9sion \u00e0 l\u2019AOCSI | \u00c9tudes internat. Ont.<\/title>\n<meta name=\"description\" content=\"Les membres de l&#039;AOCSI sont tenus d&#039;adh\u00e9rer \u00e0 une norme \u00e9thique stricte. Pour en savoir plus sur nos principes, cliquez ici.\" \/>\n<meta name=\"robots\" content=\"index, follow, max-snippet:-1, max-image-preview:large, max-video-preview:-1\" \/>\n<link rel=\"canonical\" href=\"https:\/\/www.oasdi.ca\/fr\/a-propos-de-oasdi\/standards-de-pratique\/\" \/>\n<meta property=\"og:locale\" content=\"fr_FR\" \/>\n<meta property=\"og:type\" content=\"article\" \/>\n<meta property=\"og:title\" content=\"Principes d\u2019adh\u00e9sion \u00e0 l\u2019AOCSI | \u00c9tudes internat. Ont.\" \/>\n<meta property=\"og:description\" content=\"Les membres de l&#039;AOCSI sont tenus d&#039;adh\u00e9rer \u00e0 une norme \u00e9thique stricte. Pour en savoir plus sur nos principes, cliquez ici.\" \/>\n<meta property=\"og:url\" content=\"https:\/\/www.oasdi.ca\/fr\/a-propos-de-oasdi\/standards-de-pratique\/\" \/>\n<meta property=\"og:site_name\" content=\"OASDI\" \/>\n<meta property=\"article:modified_time\" content=\"2020-04-25T18:43:59+00:00\" \/>\n<meta property=\"og:image\" content=\"https:\/\/www.oasdi.ca\/wp-content\/uploads\/2020\/03\/oasdi-about-us.jpg\" \/>\n\t<meta property=\"og:image:width\" content=\"1440\" \/>\n\t<meta property=\"og:image:height\" content=\"268\" \/>\n\t<meta property=\"og:image:type\" content=\"image\/jpeg\" \/>\n<meta name=\"twitter:card\" content=\"summary_large_image\" \/>\n<meta name=\"twitter:label1\" content=\"Dur\u00e9e de lecture estim\u00e9e\" \/>\n\t<meta name=\"twitter:data1\" content=\"2 minutes\" \/>\n<script type=\"application\/ld+json\" class=\"yoast-schema-graph\">{\"@context\":\"https:\/\/schema.org\",\"@graph\":[{\"@type\":\"WebPage\",\"@id\":\"https:\/\/www.oasdi.ca\/fr\/a-propos-de-oasdi\/standards-de-pratique\/\",\"url\":\"https:\/\/www.oasdi.ca\/fr\/a-propos-de-oasdi\/standards-de-pratique\/\",\"name\":\"Principes d\u2019adh\u00e9sion \u00e0 l\u2019AOCSI | \u00c9tudes internat. Ont.\",\"isPartOf\":{\"@id\":\"https:\/\/www.oasdi.ca\/fr\/#website\"},\"datePublished\":\"2020-04-12T02:52:59+00:00\",\"dateModified\":\"2020-04-25T18:43:59+00:00\",\"description\":\"Les membres de l'AOCSI sont tenus d'adh\u00e9rer \u00e0 une norme \u00e9thique stricte. Pour en savoir plus sur nos principes, cliquez ici.\",\"breadcrumb\":{\"@id\":\"https:\/\/www.oasdi.ca\/fr\/a-propos-de-oasdi\/standards-de-pratique\/#breadcrumb\"},\"inLanguage\":\"fr-FR\",\"potentialAction\":[{\"@type\":\"ReadAction\",\"target\":[\"https:\/\/www.oasdi.ca\/fr\/a-propos-de-oasdi\/standards-de-pratique\/\"]}]},{\"@type\":\"BreadcrumbList\",\"@id\":\"https:\/\/www.oasdi.ca\/fr\/a-propos-de-oasdi\/standards-de-pratique\/#breadcrumb\",\"itemListElement\":[{\"@type\":\"ListItem\",\"position\":1,\"name\":\"Accueil\",\"item\":\"https:\/\/www.oasdi.ca\/fr\/\"},{\"@type\":\"ListItem\",\"position\":2,\"name\":\"\u00c0 propos de l&#8217;Association Ontarienne des conseils scolaire &#8211; International\",\"item\":\"https:\/\/www.oasdi.ca\/fr\/a-propos-de-oasdi\/\"},{\"@type\":\"ListItem\",\"position\":3,\"name\":\"Principes d\u2019adh\u00e9sion \u00e0 l\u2019AOCSI\"}]},{\"@type\":\"WebSite\",\"@id\":\"https:\/\/www.oasdi.ca\/fr\/#website\",\"url\":\"https:\/\/www.oasdi.ca\/fr\/\",\"name\":\"OASDI\",\"description\":\"Ontario Association of School District International\",\"publisher\":{\"@id\":\"https:\/\/www.oasdi.ca\/fr\/#organization\"},\"potentialAction\":[{\"@type\":\"SearchAction\",\"target\":{\"@type\":\"EntryPoint\",\"urlTemplate\":\"https:\/\/www.oasdi.ca\/fr\/?s={search_term_string}\"},\"query-input\":\"required name=search_term_string\"}],\"inLanguage\":\"fr-FR\"},{\"@type\":\"Organization\",\"@id\":\"https:\/\/www.oasdi.ca\/fr\/#organization\",\"name\":\"OASDI\",\"url\":\"https:\/\/www.oasdi.ca\/fr\/\",\"logo\":{\"@type\":\"ImageObject\",\"inLanguage\":\"fr-FR\",\"@id\":\"https:\/\/www.oasdi.ca\/fr\/#\/schema\/logo\/image\/\",\"url\":\"https:\/\/www.oasdi.ca\/wp-content\/uploads\/2020\/02\/cropped-oasdi-logo.png\",\"contentUrl\":\"https:\/\/www.oasdi.ca\/wp-content\/uploads\/2020\/02\/cropped-oasdi-logo.png\",\"width\":468,\"height\":96,\"caption\":\"OASDI\"},\"image\":{\"@id\":\"https:\/\/www.oasdi.ca\/fr\/#\/schema\/logo\/image\/\"}}]}<\/script>\n<!-- \/ Yoast SEO plugin. -->","yoast_head_json":{"title":"Principes d\u2019adh\u00e9sion \u00e0 l\u2019AOCSI | \u00c9tudes internat. Ont.","description":"Les membres de l'AOCSI sont tenus d'adh\u00e9rer \u00e0 une norme \u00e9thique stricte. Pour en savoir plus sur nos principes, cliquez ici.","robots":{"index":"index","follow":"follow","max-snippet":"max-snippet:-1","max-image-preview":"max-image-preview:large","max-video-preview":"max-video-preview:-1"},"canonical":"https:\/\/www.oasdi.ca\/fr\/a-propos-de-oasdi\/standards-de-pratique\/","og_locale":"fr_FR","og_type":"article","og_title":"Principes d\u2019adh\u00e9sion \u00e0 l\u2019AOCSI | \u00c9tudes internat. Ont.","og_description":"Les membres de l'AOCSI sont tenus d'adh\u00e9rer \u00e0 une norme \u00e9thique stricte. Pour en savoir plus sur nos principes, cliquez ici.","og_url":"https:\/\/www.oasdi.ca\/fr\/a-propos-de-oasdi\/standards-de-pratique\/","og_site_name":"OASDI","article_modified_time":"2020-04-25T18:43:59+00:00","og_image":[{"width":1440,"height":268,"url":"https:\/\/www.oasdi.ca\/wp-content\/uploads\/2020\/03\/oasdi-about-us.jpg","type":"image\/jpeg"}],"twitter_card":"summary_large_image","twitter_misc":{"Dur\u00e9e de lecture estim\u00e9e":"2 minutes"},"schema":{"@context":"https:\/\/schema.org","@graph":[{"@type":"WebPage","@id":"https:\/\/www.oasdi.ca\/fr\/a-propos-de-oasdi\/standards-de-pratique\/","url":"https:\/\/www.oasdi.ca\/fr\/a-propos-de-oasdi\/standards-de-pratique\/","name":"Principes d\u2019adh\u00e9sion \u00e0 l\u2019AOCSI | \u00c9tudes internat. Ont.","isPartOf":{"@id":"https:\/\/www.oasdi.ca\/fr\/#website"},"datePublished":"2020-04-12T02:52:59+00:00","dateModified":"2020-04-25T18:43:59+00:00","description":"Les membres de l'AOCSI sont tenus d'adh\u00e9rer \u00e0 une norme \u00e9thique stricte. Pour en savoir plus sur nos principes, cliquez ici.","breadcrumb":{"@id":"https:\/\/www.oasdi.ca\/fr\/a-propos-de-oasdi\/standards-de-pratique\/#breadcrumb"},"inLanguage":"fr-FR","potentialAction":[{"@type":"ReadAction","target":["https:\/\/www.oasdi.ca\/fr\/a-propos-de-oasdi\/standards-de-pratique\/"]}]},{"@type":"BreadcrumbList","@id":"https:\/\/www.oasdi.ca\/fr\/a-propos-de-oasdi\/standards-de-pratique\/#breadcrumb","itemListElement":[{"@type":"ListItem","position":1,"name":"Accueil","item":"https:\/\/www.oasdi.ca\/fr\/"},{"@type":"ListItem","position":2,"name":"\u00c0 propos de l&#8217;Association Ontarienne des conseils scolaire &#8211; International","item":"https:\/\/www.oasdi.ca\/fr\/a-propos-de-oasdi\/"},{"@type":"ListItem","position":3,"name":"Principes d\u2019adh\u00e9sion \u00e0 l\u2019AOCSI"}]},{"@type":"WebSite","@id":"https:\/\/www.oasdi.ca\/fr\/#website","url":"https:\/\/www.oasdi.ca\/fr\/","name":"OASDI","description":"Ontario Association of School District International","publisher":{"@id":"https:\/\/www.oasdi.ca\/fr\/#organization"},"potentialAction":[{"@type":"SearchAction","target":{"@type":"EntryPoint","urlTemplate":"https:\/\/www.oasdi.ca\/fr\/?s={search_term_string}"},"query-input":"required name=search_term_string"}],"inLanguage":"fr-FR"},{"@type":"Organization","@id":"https:\/\/www.oasdi.ca\/fr\/#organization","name":"OASDI","url":"https:\/\/www.oasdi.ca\/fr\/","logo":{"@type":"ImageObject","inLanguage":"fr-FR","@id":"https:\/\/www.oasdi.ca\/fr\/#\/schema\/logo\/image\/","url":"https:\/\/www.oasdi.ca\/wp-content\/uploads\/2020\/02\/cropped-oasdi-logo.png","contentUrl":"https:\/\/www.oasdi.ca\/wp-content\/uploads\/2020\/02\/cropped-oasdi-logo.png","width":468,"height":96,"caption":"OASDI"},"image":{"@id":"https:\/\/www.oasdi.ca\/fr\/#\/schema\/logo\/image\/"}}]}},"_links":{"self":[{"href":"https:\/\/www.oasdi.ca\/fr\/wp-json\/wp\/v2\/pages\/17946"}],"collection":[{"href":"https:\/\/www.oasdi.ca\/fr\/wp-json\/wp\/v2\/pages"}],"about":[{"href":"https:\/\/www.oasdi.ca\/fr\/wp-json\/wp\/v2\/types\/page"}],"author":[{"embeddable":true,"href":"https:\/\/www.oasdi.ca\/fr\/wp-json\/wp\/v2\/users\/237"}],"replies":[{"embeddable":true,"href":"https:\/\/www.oasdi.ca\/fr\/wp-json\/wp\/v2\/comments?post=17946"}],"version-history":[{"count":0,"href":"https:\/\/www.oasdi.ca\/fr\/wp-json\/wp\/v2\/pages\/17946\/revisions"}],"up":[{"embeddable":true,"href":"https:\/\/www.oasdi.ca\/fr\/wp-json\/wp\/v2\/pages\/17916"}],"wp:featuredmedia":[{"embeddable":true,"href":"https:\/\/www.oasdi.ca\/fr\/wp-json\/wp\/v2\/media\/15653"}],"wp:attachment":[{"href":"https:\/\/www.oasdi.ca\/fr\/wp-json\/wp\/v2\/media?parent=17946"}],"curies":[{"name":"wp","href":"https:\/\/api.w.org\/{rel}","templated":true}]}}