{"id":17923,"date":"2020-03-16T14:30:47","date_gmt":"2020-03-16T14:30:47","guid":{"rendered":"http:\/\/oasdi.ca\/about-oasdi\/executive-commitee\/"},"modified":"2020-04-25T18:13:26","modified_gmt":"2020-04-25T18:13:26","slug":"comite-executif","status":"publish","type":"page","link":"https:\/\/www.oasdi.ca\/fr\/a-propos-de-oasdi\/comite-executif\/","title":{"rendered":"Comit\u00e9 ex\u00e9cutif de l&#8217;Association Ontarienne des conseils scolaire &#8211; International"},"content":{"rendered":"<div id=\"pl-17923\"  class=\"panel-layout\" ><div id=\"pg-17923-0\"  class=\"panel-grid panel-no-style\" ><div id=\"pgc-17923-0-0\"  class=\"panel-grid-cell\" ><div id=\"panel-17923-0-0-0\" class=\"so-panel widget widget_sow-image panel-first-child panel-last-child\" data-index=\"0\" ><div\n\t\t\t\n\t\t\tclass=\"so-widget-sow-image so-widget-sow-image-default-c4f6304fc136-17923\"\n\t\t\t\n\t\t>\n\n<div class=\"sow-image-container\">\n\t\t<img loading=\"lazy\" decoding=\"async\" src=\"https:\/\/www.oasdi.ca\/wp-content\/uploads\/2020\/03\/Ontario-Educators.jpg\" width=\"1440\" height=\"268\" srcset=\"https:\/\/www.oasdi.ca\/wp-content\/uploads\/2020\/03\/Ontario-Educators.jpg 1440w, https:\/\/www.oasdi.ca\/wp-content\/uploads\/2020\/03\/Ontario-Educators-250x47.jpg 250w, https:\/\/www.oasdi.ca\/wp-content\/uploads\/2020\/03\/Ontario-Educators-700x130.jpg 700w, https:\/\/www.oasdi.ca\/wp-content\/uploads\/2020\/03\/Ontario-Educators-768x143.jpg 768w, https:\/\/www.oasdi.ca\/wp-content\/uploads\/2020\/03\/Ontario-Educators-500x93.jpg 500w, https:\/\/www.oasdi.ca\/wp-content\/uploads\/2020\/03\/Ontario-Educators-120x22.jpg 120w\" sizes=\"(max-width: 1440px) 100vw, 1440px\" title=\"Ontario Educators\" alt=\"Teaching and Learning Abroad for Ontario Educators\" \t\tclass=\"so-widget-image\"\/>\n\t<\/div>\n\n<\/div><\/div><\/div><\/div><div id=\"pg-17923-1\"  class=\"panel-grid panel-has-style\" ><div class=\"has-container panel-row-style panel-row-style-for-17923-1\" ><div id=\"pgc-17923-1-0\"  class=\"panel-grid-cell\" ><div id=\"panel-17923-1-0-0\" class=\"so-panel widget widget_hem-seo-title-widget panel-first-child panel-last-child\" data-index=\"1\" ><div\n\t\t\t\n\t\t\tclass=\"so-widget-hem-seo-title-widget so-widget-hem-seo-title-widget-hem-seo-title-widget-style-d75171398898-17923\"\n\t\t\t\n\t\t>\n<h1 style=\"font-size:px;\">Executive Committee of the Ontario Association of School Districts International<\/h1>\n\n\n\n\t<!-- <div class=\"breadcrumb-trail\"><a href=\"index.php\">Home<\/a> \u00bb <span class=\"breadcrumb-current\">About<\/span><\/div> -->\n\t<div class=\"test1\"><span><span><a href=\"https:\/\/www.oasdi.ca\/fr\/\">Accueil<\/a><\/span><\/span><\/div>\n<\/div><\/div><\/div><\/div><\/div><div id=\"pg-17923-2\"  class=\"panel-grid panel-has-style\" ><div class=\"has-container panel-row-style panel-row-style-for-17923-2\" ><div id=\"pgc-17923-2-0\"  class=\"panel-grid-cell\" ><div id=\"panel-17923-2-0-0\" class=\"so-panel widget widget_hem-sidebar-menu-widget panel-first-child\" data-index=\"2\" ><div\n\t\t\t\n\t\t\tclass=\"so-widget-hem-sidebar-menu-widget so-widget-hem-sidebar-menu-widget-hem-sidebar-menu-widget-style-d75171398898-17923\"\n\t\t\t\n\t\t><div id=\"sidebar\">\n\t\t\t<ul id=\"side-menu\" class=\"side-menu menu-embedded\">\n\t\t\t\n\t\t\t\t\t\t\t\t\n\t\t\t\t\t\t\t\t\t\t\t<li><a href=\"https:\/\/www.oasdi.ca\/fr\/a-propos-de-oasdi\/mission-et-origines\/\">Mission et origines de l'OASDI<\/a><\/li>\n\t\t\t\t\t\t\t\t\t\t\t\t\t\n\t\t\t\t\t\t\t\t\t\t\t<li><a href=\"https:\/\/www.oasdi.ca\/fr\/a-propos-de-oasdi\/standards-de-pratique\/\">Principes d\u2019adh\u00e9sion \u00e0 l\u2019AOCSI<\/a><\/li>\n\t\t\t\t\t\t\t\t\t\t\t\t\t\n\t\t\t\t\t\t\t\t\t\t\t<li><a href=\"https:\/\/www.oasdi.ca\/fr\/a-propos-de-oasdi\/membres-seulement\/\">Restricted content<\/a><\/li>\n\t\t\t\t\t\t\t\t\t\t\t\t\t\n\t\t\t\t\t\t\t\t\t\t\t<li><a href=\"https:\/\/www.oasdi.ca\/fr\/a-propos-de-oasdi\/nous-contacter\/\">Contacter l'Association Ontarienne des conseils scolaire - International<\/a><\/li>\n\t\t\t\t\t\t\t\t\t\t\t\t\t\n\t\t\t\t\t\t\t\t\t\t\t<li><a class=\"active\" href=\"https:\/\/www.oasdi.ca\/fr\/a-propos-de-oasdi\/comite-executif\/\">Comit\u00e9 ex\u00e9cutif de l'Association Ontarienne des conseils scolaire - International<\/a><\/li>\n\t\t\t\t\t\t\t\t\t\t\n\n\t\t\t\t<!-- Extra menu -->\n\t\t\t\t\n\n\n\t\t\t\t\t<\/ul>\n\t\n\n<\/div><\/div><\/div><div id=\"panel-17923-2-0-1\" class=\"so-panel widget widget_hem-sidebar-link-widget panel-last-child\" data-index=\"3\" ><div\n\t\t\t\n\t\t\tclass=\"so-widget-hem-sidebar-link-widget so-widget-hem-sidebar-link-widget-hem-sidebar-link-widget-style-d75171398898-17923\"\n\t\t\t\n\t\t><div id=\"sidebar\" class=\"external-link-only\">\n\n\n\n\t\t\t\t<!-- Extra menu -->\n\t\t\t\t\t\t\t\t\t<ul id=\"side-menu\" class=\"side-menu menu-embedded\">\n\t\t\t\t\t\t\t\t\t\t\t\t\t\t\t\t\t\t\t\t\t<li><a  href=\"https:\/\/www.oasdi.ca\/map-search\/\">Map Search<\/a><\/li>\n\t\t\t\t\t\t\t\t\t\t\t\t\t\t\n\t\t\t\t\t\t\t\t\t\t\t\t\t\t\t\t\t\t\t\t\t<li><a  href=\"https:\/\/www.oasdi.ca\/district-list\/\">District List<\/a><\/li>\n\t\t\t\t\t\t\t\t\t\t\t\t\t\t\n\t\t\t\t\t\t\t\n\t\t\t\t\t<\/ul>\n\t\t\t\t\n\t\t\t\t\n\n\n\n\n<\/div><\/div><\/div><\/div><div id=\"pgc-17923-2-1\"  class=\"panel-grid-cell\" ><div class=\"pl-sm-3 pl-md-5 panel-cell-style panel-cell-style-for-17923-2-1\" ><div id=\"panel-17923-2-1-0\" class=\"so-panel widget widget_hem-seo-title-widget panel-first-child\" data-index=\"4\" ><div\n\t\t\t\n\t\t\tclass=\"so-widget-hem-seo-title-widget so-widget-hem-seo-title-widget-hem-seo-title-widget-style-d75171398898-17923\"\n\t\t\t\n\t\t>\n<h3 style=\"font-size:px;\">2025-2026 OASDI Executive Committee<\/h3>\n\n\n<div class=\"title-border\"><\/div>\n\n<\/div><\/div><div id=\"panel-17923-2-1-1\" class=\"so-panel widget widget_sow-editor panel-last-child\" data-index=\"5\" ><div\n\t\t\t\n\t\t\tclass=\"so-widget-sow-editor so-widget-sow-editor-base\"\n\t\t\t\n\t\t>\n<div class=\"siteorigin-widget-tinymce textwidget\">\n\t<p><strong>President:<\/strong>\u00a0Matthew Raby, Upper Canada DSB<\/p>\n<p><strong>Vice-President:<\/strong> Kirsten Ramsay, Lambton Kent DSB<\/p>\n<p><strong>Executive:<\/strong>\u00a0Geoff Best, Ottawa-Carleton DS<\/p>\n<p><strong>French Language Schools:<\/strong> Manuela Kamdom Essomb\u00e9, CEPEO<\/p>\n<p><strong>Past-President:<\/strong>\u00a0Fred Wilson, Niagara Catholic DSB<\/p>\n<p><strong>Executive:<\/strong> Poojah Singh, Peel DSB<\/p>\n<p><strong>Executive<\/strong>: Dan Witt, Waterloo Catholic DSB<\/p>\n<\/div>\n<\/div><\/div><\/div><\/div><\/div><\/div><\/div>","protected":false},"excerpt":{"rendered":"Executive Committee of the Ontario Association of School Districts International Accueil Mission et origines de l&#8217;OASDI Principes d\u2019adh\u00e9sion \u00e0 l\u2019AOCSI Restricted content Contacter l&#8217;Association Ontarienne des conseils scolaire &#8211; International Comit\u00e9 ex\u00e9cutif de l&#8217;Association Ontarienne des conseils scolaire &#8211; International Map Search District List 2025-2026 OASDI Executive Committee President:\u00a0Matthew Raby, Upper Canada DSB Vice-President: Kirsten&#8230; <a class=\"view-article\" href=\"https:\/\/www.oasdi.ca\/fr\/a-propos-de-oasdi\/comite-executif\/\">View Article<\/a>","protected":false},"author":237,"featured_media":15653,"parent":17916,"menu_order":622,"comment_status":"closed","ping_status":"closed","template":"","meta":{"footnotes":""},"class_list":["post-17923","page","type-page","status-publish","has-post-thumbnail","hentry"],"yoast_head":"<!-- This site is optimized with the Yoast SEO plugin v21.5 - https:\/\/yoast.com\/wordpress\/plugins\/seo\/ -->\n<title>Comit\u00e9 ex\u00e9cutif de l&#039;AOCSI | \u00c9ducation Internationale en Ontario<\/title>\n<meta name=\"description\" content=\"L&#039;AOCSI est compos\u00e9e de conseils scolaires de l&#039;Ont. qui acceptent les \u00e9tudiants \u00e9trangers. Cliquez ici pour plus d&#039;infos sur les membres du comit\u00e9 ex\u00e9cutif.\" \/>\n<meta name=\"robots\" content=\"index, follow, max-snippet:-1, max-image-preview:large, max-video-preview:-1\" \/>\n<link rel=\"canonical\" href=\"https:\/\/www.oasdi.ca\/fr\/a-propos-de-oasdi\/comite-executif\/\" \/>\n<meta property=\"og:locale\" content=\"fr_FR\" \/>\n<meta property=\"og:type\" content=\"article\" \/>\n<meta property=\"og:title\" content=\"Comit\u00e9 ex\u00e9cutif de l&#039;AOCSI | \u00c9ducation Internationale en Ontario\" \/>\n<meta property=\"og:description\" content=\"L&#039;AOCSI est compos\u00e9e de conseils scolaires de l&#039;Ont. qui acceptent les \u00e9tudiants \u00e9trangers. Cliquez ici pour plus d&#039;infos sur les membres du comit\u00e9 ex\u00e9cutif.\" \/>\n<meta property=\"og:url\" content=\"https:\/\/www.oasdi.ca\/fr\/a-propos-de-oasdi\/comite-executif\/\" \/>\n<meta property=\"og:site_name\" content=\"OASDI\" \/>\n<meta property=\"article:modified_time\" content=\"2020-04-25T18:13:26+00:00\" \/>\n<meta property=\"og:image\" content=\"https:\/\/www.oasdi.ca\/wp-content\/uploads\/2020\/03\/oasdi-about-us.jpg\" \/>\n\t<meta property=\"og:image:width\" content=\"1440\" \/>\n\t<meta property=\"og:image:height\" content=\"268\" \/>\n\t<meta property=\"og:image:type\" content=\"image\/jpeg\" \/>\n<meta name=\"twitter:card\" content=\"summary_large_image\" \/>\n<script type=\"application\/ld+json\" class=\"yoast-schema-graph\">{\"@context\":\"https:\/\/schema.org\",\"@graph\":[{\"@type\":\"WebPage\",\"@id\":\"https:\/\/www.oasdi.ca\/fr\/a-propos-de-oasdi\/comite-executif\/\",\"url\":\"https:\/\/www.oasdi.ca\/fr\/a-propos-de-oasdi\/comite-executif\/\",\"name\":\"Comit\u00e9 ex\u00e9cutif de l'AOCSI | \u00c9ducation Internationale en Ontario\",\"isPartOf\":{\"@id\":\"https:\/\/www.oasdi.ca\/fr\/#website\"},\"datePublished\":\"2020-03-16T14:30:47+00:00\",\"dateModified\":\"2020-04-25T18:13:26+00:00\",\"description\":\"L'AOCSI est compos\u00e9e de conseils scolaires de l'Ont. qui acceptent les \u00e9tudiants \u00e9trangers. Cliquez ici pour plus d'infos sur les membres du comit\u00e9 ex\u00e9cutif.\",\"breadcrumb\":{\"@id\":\"https:\/\/www.oasdi.ca\/fr\/a-propos-de-oasdi\/comite-executif\/#breadcrumb\"},\"inLanguage\":\"fr-FR\",\"potentialAction\":[{\"@type\":\"ReadAction\",\"target\":[\"https:\/\/www.oasdi.ca\/fr\/a-propos-de-oasdi\/comite-executif\/\"]}]},{\"@type\":\"BreadcrumbList\",\"@id\":\"https:\/\/www.oasdi.ca\/fr\/a-propos-de-oasdi\/comite-executif\/#breadcrumb\",\"itemListElement\":[{\"@type\":\"ListItem\",\"position\":1,\"name\":\"Accueil\",\"item\":\"https:\/\/www.oasdi.ca\/fr\/\"},{\"@type\":\"ListItem\",\"position\":2,\"name\":\"\u00c0 propos de l&#8217;Association Ontarienne des conseils scolaire &#8211; International\",\"item\":\"https:\/\/www.oasdi.ca\/fr\/a-propos-de-oasdi\/\"},{\"@type\":\"ListItem\",\"position\":3,\"name\":\"Comit\u00e9 ex\u00e9cutif de l&#8217;Association Ontarienne des conseils scolaire &#8211; International\"}]},{\"@type\":\"WebSite\",\"@id\":\"https:\/\/www.oasdi.ca\/fr\/#website\",\"url\":\"https:\/\/www.oasdi.ca\/fr\/\",\"name\":\"OASDI\",\"description\":\"Ontario Association of School District International\",\"publisher\":{\"@id\":\"https:\/\/www.oasdi.ca\/fr\/#organization\"},\"potentialAction\":[{\"@type\":\"SearchAction\",\"target\":{\"@type\":\"EntryPoint\",\"urlTemplate\":\"https:\/\/www.oasdi.ca\/fr\/?s={search_term_string}\"},\"query-input\":\"required name=search_term_string\"}],\"inLanguage\":\"fr-FR\"},{\"@type\":\"Organization\",\"@id\":\"https:\/\/www.oasdi.ca\/fr\/#organization\",\"name\":\"OASDI\",\"url\":\"https:\/\/www.oasdi.ca\/fr\/\",\"logo\":{\"@type\":\"ImageObject\",\"inLanguage\":\"fr-FR\",\"@id\":\"https:\/\/www.oasdi.ca\/fr\/#\/schema\/logo\/image\/\",\"url\":\"https:\/\/www.oasdi.ca\/wp-content\/uploads\/2020\/02\/cropped-oasdi-logo.png\",\"contentUrl\":\"https:\/\/www.oasdi.ca\/wp-content\/uploads\/2020\/02\/cropped-oasdi-logo.png\",\"width\":468,\"height\":96,\"caption\":\"OASDI\"},\"image\":{\"@id\":\"https:\/\/www.oasdi.ca\/fr\/#\/schema\/logo\/image\/\"}}]}<\/script>\n<!-- \/ Yoast SEO plugin. -->","yoast_head_json":{"title":"Comit\u00e9 ex\u00e9cutif de l'AOCSI | \u00c9ducation Internationale en Ontario","description":"L'AOCSI est compos\u00e9e de conseils scolaires de l'Ont. qui acceptent les \u00e9tudiants \u00e9trangers. Cliquez ici pour plus d'infos sur les membres du comit\u00e9 ex\u00e9cutif.","robots":{"index":"index","follow":"follow","max-snippet":"max-snippet:-1","max-image-preview":"max-image-preview:large","max-video-preview":"max-video-preview:-1"},"canonical":"https:\/\/www.oasdi.ca\/fr\/a-propos-de-oasdi\/comite-executif\/","og_locale":"fr_FR","og_type":"article","og_title":"Comit\u00e9 ex\u00e9cutif de l'AOCSI | \u00c9ducation Internationale en Ontario","og_description":"L'AOCSI est compos\u00e9e de conseils scolaires de l'Ont. qui acceptent les \u00e9tudiants \u00e9trangers. Cliquez ici pour plus d'infos sur les membres du comit\u00e9 ex\u00e9cutif.","og_url":"https:\/\/www.oasdi.ca\/fr\/a-propos-de-oasdi\/comite-executif\/","og_site_name":"OASDI","article_modified_time":"2020-04-25T18:13:26+00:00","og_image":[{"width":1440,"height":268,"url":"https:\/\/www.oasdi.ca\/wp-content\/uploads\/2020\/03\/oasdi-about-us.jpg","type":"image\/jpeg"}],"twitter_card":"summary_large_image","schema":{"@context":"https:\/\/schema.org","@graph":[{"@type":"WebPage","@id":"https:\/\/www.oasdi.ca\/fr\/a-propos-de-oasdi\/comite-executif\/","url":"https:\/\/www.oasdi.ca\/fr\/a-propos-de-oasdi\/comite-executif\/","name":"Comit\u00e9 ex\u00e9cutif de l'AOCSI | \u00c9ducation Internationale en Ontario","isPartOf":{"@id":"https:\/\/www.oasdi.ca\/fr\/#website"},"datePublished":"2020-03-16T14:30:47+00:00","dateModified":"2020-04-25T18:13:26+00:00","description":"L'AOCSI est compos\u00e9e de conseils scolaires de l'Ont. qui acceptent les \u00e9tudiants \u00e9trangers. Cliquez ici pour plus d'infos sur les membres du comit\u00e9 ex\u00e9cutif.","breadcrumb":{"@id":"https:\/\/www.oasdi.ca\/fr\/a-propos-de-oasdi\/comite-executif\/#breadcrumb"},"inLanguage":"fr-FR","potentialAction":[{"@type":"ReadAction","target":["https:\/\/www.oasdi.ca\/fr\/a-propos-de-oasdi\/comite-executif\/"]}]},{"@type":"BreadcrumbList","@id":"https:\/\/www.oasdi.ca\/fr\/a-propos-de-oasdi\/comite-executif\/#breadcrumb","itemListElement":[{"@type":"ListItem","position":1,"name":"Accueil","item":"https:\/\/www.oasdi.ca\/fr\/"},{"@type":"ListItem","position":2,"name":"\u00c0 propos de l&#8217;Association Ontarienne des conseils scolaire &#8211; International","item":"https:\/\/www.oasdi.ca\/fr\/a-propos-de-oasdi\/"},{"@type":"ListItem","position":3,"name":"Comit\u00e9 ex\u00e9cutif de l&#8217;Association Ontarienne des conseils scolaire &#8211; International"}]},{"@type":"WebSite","@id":"https:\/\/www.oasdi.ca\/fr\/#website","url":"https:\/\/www.oasdi.ca\/fr\/","name":"OASDI","description":"Ontario Association of School District International","publisher":{"@id":"https:\/\/www.oasdi.ca\/fr\/#organization"},"potentialAction":[{"@type":"SearchAction","target":{"@type":"EntryPoint","urlTemplate":"https:\/\/www.oasdi.ca\/fr\/?s={search_term_string}"},"query-input":"required name=search_term_string"}],"inLanguage":"fr-FR"},{"@type":"Organization","@id":"https:\/\/www.oasdi.ca\/fr\/#organization","name":"OASDI","url":"https:\/\/www.oasdi.ca\/fr\/","logo":{"@type":"ImageObject","inLanguage":"fr-FR","@id":"https:\/\/www.oasdi.ca\/fr\/#\/schema\/logo\/image\/","url":"https:\/\/www.oasdi.ca\/wp-content\/uploads\/2020\/02\/cropped-oasdi-logo.png","contentUrl":"https:\/\/www.oasdi.ca\/wp-content\/uploads\/2020\/02\/cropped-oasdi-logo.png","width":468,"height":96,"caption":"OASDI"},"image":{"@id":"https:\/\/www.oasdi.ca\/fr\/#\/schema\/logo\/image\/"}}]}},"_links":{"self":[{"href":"https:\/\/www.oasdi.ca\/fr\/wp-json\/wp\/v2\/pages\/17923"}],"collection":[{"href":"https:\/\/www.oasdi.ca\/fr\/wp-json\/wp\/v2\/pages"}],"about":[{"href":"https:\/\/www.oasdi.ca\/fr\/wp-json\/wp\/v2\/types\/page"}],"author":[{"embeddable":true,"href":"https:\/\/www.oasdi.ca\/fr\/wp-json\/wp\/v2\/users\/237"}],"replies":[{"embeddable":true,"href":"https:\/\/www.oasdi.ca\/fr\/wp-json\/wp\/v2\/comments?post=17923"}],"version-history":[{"count":0,"href":"https:\/\/www.oasdi.ca\/fr\/wp-json\/wp\/v2\/pages\/17923\/revisions"}],"up":[{"embeddable":true,"href":"https:\/\/www.oasdi.ca\/fr\/wp-json\/wp\/v2\/pages\/17916"}],"wp:featuredmedia":[{"embeddable":true,"href":"https:\/\/www.oasdi.ca\/fr\/wp-json\/wp\/v2\/media\/15653"}],"wp:attachment":[{"href":"https:\/\/www.oasdi.ca\/fr\/wp-json\/wp\/v2\/media?parent=17923"}],"curies":[{"name":"wp","href":"https:\/\/api.w.org\/{rel}","templated":true}]}}