{"id":17916,"date":"2020-03-16T14:19:20","date_gmt":"2020-03-16T14:19:20","guid":{"rendered":"http:\/\/oasdi.ca\/about-oasdi\/"},"modified":"2020-04-18T00:06:03","modified_gmt":"2020-04-18T00:06:03","slug":"a-propos-de-oasdi","status":"publish","type":"page","link":"https:\/\/www.oasdi.ca\/fr\/a-propos-de-oasdi\/","title":{"rendered":"\u00c0 propos de l&#8217;Association Ontarienne des conseils scolaire &#8211; International"},"content":{"rendered":"<div id=\"pl-17916\"  class=\"panel-layout\" ><div id=\"pg-17916-0\"  class=\"panel-grid panel-no-style\" ><div id=\"pgc-17916-0-0\"  class=\"panel-grid-cell\" ><div id=\"panel-17916-0-0-0\" class=\"so-panel widget widget_sow-image panel-first-child panel-last-child\" data-index=\"0\" ><div\n\t\t\t\n\t\t\tclass=\"so-widget-sow-image so-widget-sow-image-default-c4f6304fc136-17916\"\n\t\t\t\n\t\t>\n\n<div class=\"sow-image-container\">\n\t\t<img loading=\"lazy\" decoding=\"async\" src=\"https:\/\/www.oasdi.ca\/wp-content\/uploads\/2020\/03\/oasdi-about-us.jpg\" width=\"1440\" height=\"268\" srcset=\"https:\/\/www.oasdi.ca\/wp-content\/uploads\/2020\/03\/oasdi-about-us.jpg 1440w, https:\/\/www.oasdi.ca\/wp-content\/uploads\/2020\/03\/oasdi-about-us-250x47.jpg 250w, https:\/\/www.oasdi.ca\/wp-content\/uploads\/2020\/03\/oasdi-about-us-700x130.jpg 700w, https:\/\/www.oasdi.ca\/wp-content\/uploads\/2020\/03\/oasdi-about-us-768x143.jpg 768w, https:\/\/www.oasdi.ca\/wp-content\/uploads\/2020\/03\/oasdi-about-us-120x22.jpg 120w\" sizes=\"(max-width: 1440px) 100vw, 1440px\" alt=\"About OASDI\" \t\tclass=\"so-widget-image\"\/>\n\t<\/div>\n\n<\/div><\/div><\/div><\/div><div id=\"pg-17916-1\"  class=\"panel-grid panel-has-style\" ><div class=\"has-container panel-row-style panel-row-style-for-17916-1\" ><div id=\"pgc-17916-1-0\"  class=\"panel-grid-cell\" ><div id=\"panel-17916-1-0-0\" class=\"so-panel widget widget_hem-seo-title-widget panel-first-child panel-last-child\" data-index=\"1\" ><div class=\"panel-widget-style panel-widget-style-for-17916-1-0-0\" ><div\n\t\t\t\n\t\t\tclass=\"so-widget-hem-seo-title-widget so-widget-hem-seo-title-widget-hem-seo-title-widget-style-d75171398898-17916\"\n\t\t\t\n\t\t>\n<h1 style=\"font-size:px;\">\u00c0 propos de l'Association Ontarienne des conseils scolaire - International<\/h1>\n\n\n\n\t<!-- <div class=\"breadcrumb-trail\"><a href=\"index.php\">Home<\/a> \u00bb <span class=\"breadcrumb-current\">About<\/span><\/div> -->\n\t<div class=\"test1\"><span><span><a href=\"https:\/\/www.oasdi.ca\/fr\/\">Accueil<\/a><\/span><\/span><\/div>\n<\/div><\/div><\/div><\/div><\/div><\/div><div id=\"pg-17916-2\"  class=\"panel-grid panel-has-style\" ><div class=\"has-container panel-row-style panel-row-style-for-17916-2\" ><div id=\"pgc-17916-2-0\"  class=\"panel-grid-cell\" ><div id=\"panel-17916-2-0-0\" class=\"so-panel widget widget_hem-sidebar-menu-widget panel-first-child\" data-index=\"2\" ><div\n\t\t\t\n\t\t\tclass=\"so-widget-hem-sidebar-menu-widget so-widget-hem-sidebar-menu-widget-hem-sidebar-menu-widget-style-d75171398898-17916\"\n\t\t\t\n\t\t><div id=\"sidebar\">\n\t\t\t<ul id=\"side-menu\" class=\"side-menu menu-embedded\">\n\t\t\t\n\t\t\t\t\t\t\t\t\n\t\t\t\t\t\t\t\t\t\t\t<li><a href=\"https:\/\/www.oasdi.ca\/fr\/a-propos-de-oasdi\/mission-et-origines\/\">Mission et origines de l'OASDI<\/a><\/li>\n\t\t\t\t\t\t\t\t\t\t\t\t\t\n\t\t\t\t\t\t\t\t\t\t\t<li><a href=\"https:\/\/www.oasdi.ca\/fr\/a-propos-de-oasdi\/standards-de-pratique\/\">Principes d\u2019adh\u00e9sion \u00e0 l\u2019AOCSI<\/a><\/li>\n\t\t\t\t\t\t\t\t\t\t\t\t\t\n\t\t\t\t\t\t\t\t\t\t\t<li><a href=\"https:\/\/www.oasdi.ca\/fr\/a-propos-de-oasdi\/membres-seulement\/\">Restricted content<\/a><\/li>\n\t\t\t\t\t\t\t\t\t\t\t\t\t\n\t\t\t\t\t\t\t\t\t\t\t<li><a href=\"https:\/\/www.oasdi.ca\/fr\/a-propos-de-oasdi\/nous-contacter\/\">Contacter l'Association Ontarienne des conseils scolaire - International<\/a><\/li>\n\t\t\t\t\t\t\t\t\t\t\t\t\t\n\t\t\t\t\t\t\t\t\t\t\t<li><a href=\"https:\/\/www.oasdi.ca\/fr\/a-propos-de-oasdi\/comite-executif\/\">Comit\u00e9 ex\u00e9cutif de l'Association Ontarienne des conseils scolaire - International<\/a><\/li>\n\t\t\t\t\t\t\t\t\t\t\n\n\t\t\t\t<!-- Extra menu -->\n\t\t\t\t\n\n\n\t\t\t\t\t<\/ul>\n\t\n\n<\/div><\/div><\/div><div id=\"panel-17916-2-0-1\" class=\"so-panel widget widget_hem-sidebar-link-widget panel-last-child\" data-index=\"3\" ><div\n\t\t\t\n\t\t\tclass=\"so-widget-hem-sidebar-link-widget so-widget-hem-sidebar-link-widget-hem-sidebar-link-widget-style-d75171398898-17916\"\n\t\t\t\n\t\t><div id=\"sidebar\" class=\"external-link-only\">\n\n\n\n\t\t\t\t<!-- Extra menu -->\n\t\t\t\t\t\t\t\t\t<ul id=\"side-menu\" class=\"side-menu menu-embedded\">\n\t\t\t\t\t\t\t\t\t\t\t\t\t\t\t\t\t\t\t\t\t<li><a  href=\"https:\/\/www.oasdi.ca\/map-search\/\">Map Overview<\/a><\/li>\n\t\t\t\t\t\t\t\t\t\t\t\t\t\t\n\t\t\t\t\t\t\t\t\t\t\t\t\t\t\t\t\t\t\t\t\t<li><a  href=\"https:\/\/www.oasdi.ca\/district-list\/\">District List<\/a><\/li>\n\t\t\t\t\t\t\t\t\t\t\t\t\t\t\n\t\t\t\t\t\t\t\n\t\t\t\t\t<\/ul>\n\t\t\t\t\n\t\t\t\t\n\n\n\n\n<\/div><\/div><\/div><\/div><div id=\"pgc-17916-2-1\"  class=\"panel-grid-cell\" ><div class=\"pl-sm-3 pl-md-5 panel-cell-style panel-cell-style-for-17916-2-1\" ><div id=\"panel-17916-2-1-0\" class=\"so-panel widget widget_sow-editor panel-first-child panel-last-child\" data-index=\"4\" ><div\n\t\t\t\n\t\t\tclass=\"so-widget-sow-editor so-widget-sow-editor-base\"\n\t\t\t\n\t\t>\n<div class=\"siteorigin-widget-tinymce textwidget\">\n\t<p>Les conseils scolaires membres de l\u2019AOCSI ont la r\u00e9putation d\u2019offrir des programmes \u00e9ducatifs de grande qualit\u00e9 et de favoriser la r\u00e9ussite des \u00e9tudiants dans un environnement d\u2019apprentissage accueillant et s\u00e9curitaire.\u00a0Les conseils scolaires participants \u00a0accordent beaucoup d\u2019importance au r\u00f4le des \u00e9tudiants \u00e9trangers qui apportent divers points de vue interculturels et favorisent l\u2019\u00e9change de connaissances multiculturelles\u00a0 avec les \u00e9tudiants de l\u2019Ontario.<\/p>\n<p>Ce site Web traite exclusivement de l\u2019\u00e9ducation internationale.\u00a0 Il offre un acc\u00e8s unique \u00e0 un vaste \u00e9ventail d\u2019informations \u00e0 l\u2019intention des<\/p>\n<ul>\n<li>\u00e9tudiants \u00e9trangers qui songent \u00e0 venir \u00e9tudier\u00a0 en Ontario<\/li>\n<li>parents des potentiels \u00e9tudiants \u00e9trangers<\/li>\n<li>agents d\u2019\u00e9ducation en qu\u00eate d\u2019informations sur le syst\u00e8me d\u2019\u00e9ducation en Ontario<\/li>\n<li>\u00c9tudiants canadiens songeant \u00e0 vivre une exp\u00e9rience d\u2019\u00e9tudes \u00e0 l\u2019\u00e9tranger<\/li>\n<li>Enseignants canadiens songeant \u00e0 vivre une exp\u00e9rience d\u2019enseignement \u00e0 l\u2019\u00e9tranger<\/li>\n<\/ul>\n<\/div>\n<\/div><\/div><\/div><\/div><\/div><\/div><\/div>","protected":false},"excerpt":{"rendered":"\u00c0 propos de l&#8217;Association Ontarienne des conseils scolaire &#8211; International Accueil Mission et origines de l&#8217;OASDI Principes d\u2019adh\u00e9sion \u00e0 l\u2019AOCSI Restricted content Contacter l&#8217;Association Ontarienne des conseils scolaire &#8211; International Comit\u00e9 ex\u00e9cutif de l&#8217;Association Ontarienne des conseils scolaire &#8211; International Map Overview District List Les conseils scolaires membres de l\u2019AOCSI ont la r\u00e9putation d\u2019offrir des&#8230; <a class=\"view-article\" href=\"https:\/\/www.oasdi.ca\/fr\/a-propos-de-oasdi\/\">View Article<\/a>","protected":false},"author":237,"featured_media":15653,"parent":0,"menu_order":630,"comment_status":"closed","ping_status":"closed","template":"","meta":{"footnotes":""},"class_list":["post-17916","page","type-page","status-publish","has-post-thumbnail","hentry"],"yoast_head":"<!-- This site is optimized with the Yoast SEO plugin v21.5 - https:\/\/yoast.com\/wordpress\/plugins\/seo\/ -->\n<title>\u00c0 propos | Association Ontarienne Conseils scolaires | AOCSI<\/title>\n<meta name=\"description\" content=\"Les membres de l&#039;AOCSI accueillent et estiment nos \u00e9tudiants \u00e9trangers. Pour en savoir plus sur notre association, cliquez ici.\" \/>\n<meta name=\"robots\" content=\"index, follow, max-snippet:-1, max-image-preview:large, max-video-preview:-1\" \/>\n<link rel=\"canonical\" href=\"https:\/\/www.oasdi.ca\/fr\/a-propos-de-oasdi\/\" \/>\n<meta property=\"og:locale\" content=\"fr_FR\" \/>\n<meta property=\"og:type\" content=\"article\" \/>\n<meta property=\"og:title\" content=\"\u00c0 propos | Association Ontarienne Conseils scolaires | AOCSI\" \/>\n<meta property=\"og:description\" content=\"Les membres de l&#039;AOCSI accueillent et estiment nos \u00e9tudiants \u00e9trangers. Pour en savoir plus sur notre association, cliquez ici.\" \/>\n<meta property=\"og:url\" content=\"https:\/\/www.oasdi.ca\/fr\/a-propos-de-oasdi\/\" \/>\n<meta property=\"og:site_name\" content=\"OASDI\" \/>\n<meta property=\"article:modified_time\" content=\"2020-04-18T00:06:03+00:00\" \/>\n<meta property=\"og:image\" content=\"https:\/\/www.oasdi.ca\/wp-content\/uploads\/2020\/03\/oasdi-about-us.jpg\" \/>\n\t<meta property=\"og:image:width\" content=\"1440\" \/>\n\t<meta property=\"og:image:height\" content=\"268\" \/>\n\t<meta property=\"og:image:type\" content=\"image\/jpeg\" \/>\n<meta name=\"twitter:card\" content=\"summary_large_image\" \/>\n<meta name=\"twitter:label1\" content=\"Dur\u00e9e de lecture estim\u00e9e\" \/>\n\t<meta name=\"twitter:data1\" content=\"1 minute\" \/>\n<script type=\"application\/ld+json\" class=\"yoast-schema-graph\">{\"@context\":\"https:\/\/schema.org\",\"@graph\":[{\"@type\":\"WebPage\",\"@id\":\"https:\/\/www.oasdi.ca\/fr\/a-propos-de-oasdi\/\",\"url\":\"https:\/\/www.oasdi.ca\/fr\/a-propos-de-oasdi\/\",\"name\":\"\u00c0 propos | Association Ontarienne Conseils scolaires | AOCSI\",\"isPartOf\":{\"@id\":\"https:\/\/www.oasdi.ca\/fr\/#website\"},\"datePublished\":\"2020-03-16T14:19:20+00:00\",\"dateModified\":\"2020-04-18T00:06:03+00:00\",\"description\":\"Les membres de l'AOCSI accueillent et estiment nos \u00e9tudiants \u00e9trangers. Pour en savoir plus sur notre association, cliquez ici.\",\"breadcrumb\":{\"@id\":\"https:\/\/www.oasdi.ca\/fr\/a-propos-de-oasdi\/#breadcrumb\"},\"inLanguage\":\"fr-FR\",\"potentialAction\":[{\"@type\":\"ReadAction\",\"target\":[\"https:\/\/www.oasdi.ca\/fr\/a-propos-de-oasdi\/\"]}]},{\"@type\":\"BreadcrumbList\",\"@id\":\"https:\/\/www.oasdi.ca\/fr\/a-propos-de-oasdi\/#breadcrumb\",\"itemListElement\":[{\"@type\":\"ListItem\",\"position\":1,\"name\":\"Accueil\",\"item\":\"https:\/\/www.oasdi.ca\/fr\/\"},{\"@type\":\"ListItem\",\"position\":2,\"name\":\"\u00c0 propos de l&#8217;Association Ontarienne des conseils scolaire &#8211; International\"}]},{\"@type\":\"WebSite\",\"@id\":\"https:\/\/www.oasdi.ca\/fr\/#website\",\"url\":\"https:\/\/www.oasdi.ca\/fr\/\",\"name\":\"OASDI\",\"description\":\"Ontario Association of School District International\",\"publisher\":{\"@id\":\"https:\/\/www.oasdi.ca\/fr\/#organization\"},\"potentialAction\":[{\"@type\":\"SearchAction\",\"target\":{\"@type\":\"EntryPoint\",\"urlTemplate\":\"https:\/\/www.oasdi.ca\/fr\/?s={search_term_string}\"},\"query-input\":\"required name=search_term_string\"}],\"inLanguage\":\"fr-FR\"},{\"@type\":\"Organization\",\"@id\":\"https:\/\/www.oasdi.ca\/fr\/#organization\",\"name\":\"OASDI\",\"url\":\"https:\/\/www.oasdi.ca\/fr\/\",\"logo\":{\"@type\":\"ImageObject\",\"inLanguage\":\"fr-FR\",\"@id\":\"https:\/\/www.oasdi.ca\/fr\/#\/schema\/logo\/image\/\",\"url\":\"https:\/\/www.oasdi.ca\/wp-content\/uploads\/2020\/02\/cropped-oasdi-logo.png\",\"contentUrl\":\"https:\/\/www.oasdi.ca\/wp-content\/uploads\/2020\/02\/cropped-oasdi-logo.png\",\"width\":468,\"height\":96,\"caption\":\"OASDI\"},\"image\":{\"@id\":\"https:\/\/www.oasdi.ca\/fr\/#\/schema\/logo\/image\/\"}}]}<\/script>\n<!-- \/ Yoast SEO plugin. -->","yoast_head_json":{"title":"\u00c0 propos | Association Ontarienne Conseils scolaires | AOCSI","description":"Les membres de l'AOCSI accueillent et estiment nos \u00e9tudiants \u00e9trangers. Pour en savoir plus sur notre association, cliquez ici.","robots":{"index":"index","follow":"follow","max-snippet":"max-snippet:-1","max-image-preview":"max-image-preview:large","max-video-preview":"max-video-preview:-1"},"canonical":"https:\/\/www.oasdi.ca\/fr\/a-propos-de-oasdi\/","og_locale":"fr_FR","og_type":"article","og_title":"\u00c0 propos | Association Ontarienne Conseils scolaires | AOCSI","og_description":"Les membres de l'AOCSI accueillent et estiment nos \u00e9tudiants \u00e9trangers. Pour en savoir plus sur notre association, cliquez ici.","og_url":"https:\/\/www.oasdi.ca\/fr\/a-propos-de-oasdi\/","og_site_name":"OASDI","article_modified_time":"2020-04-18T00:06:03+00:00","og_image":[{"width":1440,"height":268,"url":"https:\/\/www.oasdi.ca\/wp-content\/uploads\/2020\/03\/oasdi-about-us.jpg","type":"image\/jpeg"}],"twitter_card":"summary_large_image","twitter_misc":{"Dur\u00e9e de lecture estim\u00e9e":"1 minute"},"schema":{"@context":"https:\/\/schema.org","@graph":[{"@type":"WebPage","@id":"https:\/\/www.oasdi.ca\/fr\/a-propos-de-oasdi\/","url":"https:\/\/www.oasdi.ca\/fr\/a-propos-de-oasdi\/","name":"\u00c0 propos | Association Ontarienne Conseils scolaires | AOCSI","isPartOf":{"@id":"https:\/\/www.oasdi.ca\/fr\/#website"},"datePublished":"2020-03-16T14:19:20+00:00","dateModified":"2020-04-18T00:06:03+00:00","description":"Les membres de l'AOCSI accueillent et estiment nos \u00e9tudiants \u00e9trangers. Pour en savoir plus sur notre association, cliquez ici.","breadcrumb":{"@id":"https:\/\/www.oasdi.ca\/fr\/a-propos-de-oasdi\/#breadcrumb"},"inLanguage":"fr-FR","potentialAction":[{"@type":"ReadAction","target":["https:\/\/www.oasdi.ca\/fr\/a-propos-de-oasdi\/"]}]},{"@type":"BreadcrumbList","@id":"https:\/\/www.oasdi.ca\/fr\/a-propos-de-oasdi\/#breadcrumb","itemListElement":[{"@type":"ListItem","position":1,"name":"Accueil","item":"https:\/\/www.oasdi.ca\/fr\/"},{"@type":"ListItem","position":2,"name":"\u00c0 propos de l&#8217;Association Ontarienne des conseils scolaire &#8211; International"}]},{"@type":"WebSite","@id":"https:\/\/www.oasdi.ca\/fr\/#website","url":"https:\/\/www.oasdi.ca\/fr\/","name":"OASDI","description":"Ontario Association of School District International","publisher":{"@id":"https:\/\/www.oasdi.ca\/fr\/#organization"},"potentialAction":[{"@type":"SearchAction","target":{"@type":"EntryPoint","urlTemplate":"https:\/\/www.oasdi.ca\/fr\/?s={search_term_string}"},"query-input":"required name=search_term_string"}],"inLanguage":"fr-FR"},{"@type":"Organization","@id":"https:\/\/www.oasdi.ca\/fr\/#organization","name":"OASDI","url":"https:\/\/www.oasdi.ca\/fr\/","logo":{"@type":"ImageObject","inLanguage":"fr-FR","@id":"https:\/\/www.oasdi.ca\/fr\/#\/schema\/logo\/image\/","url":"https:\/\/www.oasdi.ca\/wp-content\/uploads\/2020\/02\/cropped-oasdi-logo.png","contentUrl":"https:\/\/www.oasdi.ca\/wp-content\/uploads\/2020\/02\/cropped-oasdi-logo.png","width":468,"height":96,"caption":"OASDI"},"image":{"@id":"https:\/\/www.oasdi.ca\/fr\/#\/schema\/logo\/image\/"}}]}},"_links":{"self":[{"href":"https:\/\/www.oasdi.ca\/fr\/wp-json\/wp\/v2\/pages\/17916"}],"collection":[{"href":"https:\/\/www.oasdi.ca\/fr\/wp-json\/wp\/v2\/pages"}],"about":[{"href":"https:\/\/www.oasdi.ca\/fr\/wp-json\/wp\/v2\/types\/page"}],"author":[{"embeddable":true,"href":"https:\/\/www.oasdi.ca\/fr\/wp-json\/wp\/v2\/users\/237"}],"replies":[{"embeddable":true,"href":"https:\/\/www.oasdi.ca\/fr\/wp-json\/wp\/v2\/comments?post=17916"}],"version-history":[{"count":0,"href":"https:\/\/www.oasdi.ca\/fr\/wp-json\/wp\/v2\/pages\/17916\/revisions"}],"wp:featuredmedia":[{"embeddable":true,"href":"https:\/\/www.oasdi.ca\/fr\/wp-json\/wp\/v2\/media\/15653"}],"wp:attachment":[{"href":"https:\/\/www.oasdi.ca\/fr\/wp-json\/wp\/v2\/media?parent=17916"}],"curies":[{"name":"wp","href":"https:\/\/api.w.org\/{rel}","templated":true}]}}