{"id":21959,"date":"2020-03-18T13:44:26","date_gmt":"2020-03-18T13:44:26","guid":{"rendered":"http:\/\/oasdi.ca\/escuelas-distritales-de-ontario\/oasdi-escuelas-distritales\/english-districts\/"},"modified":"2020-04-26T01:50:06","modified_gmt":"2020-04-26T01:50:06","slug":"distritos-ingleses","status":"publish","type":"page","link":"https:\/\/www.oasdi.ca\/es\/escuelas-distritales-de-ontario\/oasdi-escuelas-distritales\/distritos-ingleses\/","title":{"rendered":"Distritos escolares ingleses miembros de la OASDI"},"content":{"rendered":"<div id=\"pl-21959\"  class=\"panel-layout\" ><div id=\"pg-21959-0\"  class=\"panel-grid panel-no-style\" ><div id=\"pgc-21959-0-0\"  class=\"panel-grid-cell\" ><div id=\"panel-21959-0-0-0\" class=\"so-panel widget widget_sow-image panel-first-child panel-last-child\" data-index=\"0\" ><div class=\"is-featured-img panel-widget-style panel-widget-style-for-21959-0-0-0\" ><div\n\t\t\t\n\t\t\tclass=\"so-widget-sow-image so-widget-sow-image-default-c4f6304fc136-21959\"\n\t\t\t\n\t\t>\n\n<div class=\"sow-image-container\">\n\t\t<img loading=\"lazy\" decoding=\"async\" src=\"https:\/\/www.oasdi.ca\/wp-content\/uploads\/2020\/03\/OASDI-Member-English-Districts.jpg\" width=\"1440\" height=\"268\" srcset=\"https:\/\/www.oasdi.ca\/wp-content\/uploads\/2020\/03\/OASDI-Member-English-Districts.jpg 1440w, https:\/\/www.oasdi.ca\/wp-content\/uploads\/2020\/03\/OASDI-Member-English-Districts-250x47.jpg 250w, https:\/\/www.oasdi.ca\/wp-content\/uploads\/2020\/03\/OASDI-Member-English-Districts-700x130.jpg 700w, https:\/\/www.oasdi.ca\/wp-content\/uploads\/2020\/03\/OASDI-Member-English-Districts-768x143.jpg 768w, https:\/\/www.oasdi.ca\/wp-content\/uploads\/2020\/03\/OASDI-Member-English-Districts-120x22.jpg 120w\" sizes=\"(max-width: 1440px) 100vw, 1440px\" title=\"OASDI Member English Districts\" alt=\"OASDI English Member School Districts\" \t\tclass=\"so-widget-image\"\/>\n\t<\/div>\n\n<\/div><\/div><\/div><\/div><\/div><div id=\"pg-21959-1\"  class=\"panel-grid panel-has-style\" ><div class=\"has-container panel-row-style panel-row-style-for-21959-1\" ><div id=\"pgc-21959-1-0\"  class=\"panel-grid-cell\" ><div id=\"panel-21959-1-0-0\" class=\"so-panel widget widget_hem-seo-title-widget panel-first-child panel-last-child\" data-index=\"1\" ><div class=\"panel-widget-style panel-widget-style-for-21959-1-0-0\" ><div\n\t\t\t\n\t\t\tclass=\"so-widget-hem-seo-title-widget so-widget-hem-seo-title-widget-hem-seo-title-widget-style-d75171398898-21959\"\n\t\t\t\n\t\t>\n<h1 style=\"font-size:px;\">Distritos escolares ingleses miembros de la OASDI<\/h1>\n\n\n\n\t<!-- <div class=\"breadcrumb-trail\"><a href=\"index.php\">Home<\/a> \u00bb <span class=\"breadcrumb-current\">About<\/span><\/div> -->\n\t<div class=\"test1\"><span><span><a href=\"https:\/\/www.oasdi.ca\/es\/\">Inicio<\/a><\/span><\/span><\/div>\n<\/div><\/div><\/div><\/div><\/div><\/div><div id=\"pg-21959-2\"  class=\"panel-grid panel-has-style\" ><div class=\"has-container panel-row-style panel-row-style-for-21959-2\" ><div id=\"pgc-21959-2-0\"  class=\"panel-grid-cell\" ><div id=\"panel-21959-2-0-0\" class=\"so-panel widget widget_hem-sidebar-menu-widget panel-first-child\" data-index=\"2\" ><div\n\t\t\t\n\t\t\tclass=\"so-widget-hem-sidebar-menu-widget so-widget-hem-sidebar-menu-widget-hem-sidebar-menu-widget-style-d75171398898-21959\"\n\t\t\t\n\t\t><div id=\"sidebar\">\n\t\t\t<ul id=\"side-menu\" class=\"side-menu menu-embedded\">\n\t\t\t\n\t\t\t\t\t\t\t\t\n\t\t\t\t\t\t\t\t\t\t\t<li><a href=\"https:\/\/www.oasdi.ca\/es\/escuelas-distritales-de-ontario\/oasdi-escuelas-distritales\/distritos-franceses\/\">Distritos escolares franceses miembros de la OASDI<\/a><\/li>\n\t\t\t\t\t\t\t\t\t\t\t\t\t\n\t\t\t\t\t\t\t\t\t\t\t<li><a class=\"active\" href=\"https:\/\/www.oasdi.ca\/es\/escuelas-distritales-de-ontario\/oasdi-escuelas-distritales\/distritos-ingleses\/\">Distritos escolares ingleses miembros de la OASDI<\/a><\/li>\n\t\t\t\t\t\t\t\t\t\t\n\n\t\t\t\t<!-- Extra menu -->\n\t\t\t\t\n\n\n\t\t\t\t\t<\/ul>\n\t\n\n<\/div><\/div><\/div><div id=\"panel-21959-2-0-1\" class=\"so-panel widget widget_hem-sidebar-link-widget panel-last-child\" data-index=\"3\" ><div\n\t\t\t\n\t\t\tclass=\"so-widget-hem-sidebar-link-widget so-widget-hem-sidebar-link-widget-hem-sidebar-link-widget-style-d75171398898-21959\"\n\t\t\t\n\t\t><div id=\"sidebar\" class=\"external-link-only\">\n\n\n\n\t\t\t\t<!-- Extra menu -->\n\t\t\t\t\t\t\t\t\t<ul id=\"side-menu\" class=\"side-menu menu-embedded\">\n\t\t\t\t\t\t\t\t\t\t\t\t\t\t\t\t\t\t\t\t\t<li><a  href=\"https:\/\/www.oasdi.ca\/map-search\/\">Map Overview<\/a><\/li>\n\t\t\t\t\t\t\t\t\t\t\t\t\t\t\n\t\t\t\t\t\t\t\t\t\t\t\t\t\t\t\t\t\t\t\t\t<li><a  href=\"https:\/\/www.oasdi.ca\/district-list\/\">District List<\/a><\/li>\n\t\t\t\t\t\t\t\t\t\t\t\t\t\t\n\t\t\t\t\t\t\t\n\t\t\t\t\t<\/ul>\n\t\t\t\t\n\t\t\t\t\n\n\n\n\n<\/div><\/div><\/div><\/div><div id=\"pgc-21959-2-1\"  class=\"panel-grid-cell\" ><div class=\"pl-sm-3 pl-md-5 panel-cell-style panel-cell-style-for-21959-2-1\" ><div id=\"panel-21959-2-1-0\" class=\"widget_text so-panel widget widget_custom_html panel-first-child panel-last-child\" data-index=\"4\" ><div class=\"textwidget custom-html-widget\"><h3>\n\tCentral Region\n<\/h3>\n<ul class=\"district-listing\"><li><a href=\"https:\/\/www.oasdi.ca\/es\/districts\/kawartha-pine-ridge-district-school-board\/\">Kawartha Pine Ridge District School Board<\/a><\/li><li><a href=\"https:\/\/www.oasdi.ca\/districts\/york-catholic-district-school-board\/\">York Catholic District School Board<\/a><\/li><li><a href=\"https:\/\/www.oasdi.ca\/es\/districts\/simcoe-county-district-school-board\/\">Simcoe County District School Board (SCDSB)<\/a><\/li><li><a href=\"https:\/\/www.oasdi.ca\/es\/districts\/york-region-district-school-board\/\">York Region District School Board (YRDSB)<\/a><\/li><li><a href=\"https:\/\/www.oasdi.ca\/es\/districts\/toronto-district-school-board\/\">Toronto District School Board (TDSB)<\/a><\/li><li><a href=\"https:\/\/www.oasdi.ca\/es\/districts\/toronto-catholic-district-school-board\/\">Toronto Catholic District School Board (TCDSB)<\/a><\/li><li><a href=\"https:\/\/www.oasdi.ca\/es\/districts\/peel-district-school-board\/\">Peel District School Board (PDSB)<\/a><\/li><li><a href=\"https:\/\/www.oasdi.ca\/es\/districts\/halton-district-school-board\/\">Halton District School Board (HDSB)<\/a><\/li><li><a href=\"https:\/\/www.oasdi.ca\/es\/districts\/halton-catholic-district-school-board\/\">Halton Catholic District School Board (HCDSB)<\/a><\/li><li><a href=\"https:\/\/www.oasdi.ca\/es\/districts\/durham-district-school-board\/\">Durham Catholic District School Board (DCDSB)<\/a><\/li><li><a href=\"https:\/\/www.oasdi.ca\/es\/districts\/dufferin-peel-catholic-district-school-board\/\">Dufferin-Peel Catholic District School Board (DPCDSB)<\/a><\/li><\/ul>\n\n<h3 class=\"mt-5\">\n\tEastern RegionCentral Region\n<\/h3>\n<ul class=\"district-listing\"><li><a href=\"https:\/\/www.oasdi.ca\/es\/districts\/limestone-district-school-board\/\">Limestone District School Board (LDSB)<\/a><\/li><li><a href=\"https:\/\/www.oasdi.ca\/es\/districts\/ottawa-carleton-district-school-board\/\">Ottawa-Carleton District School Board (OCDSB)<\/a><\/li><li><a href=\"https:\/\/www.oasdi.ca\/districts\/hastings-and-prince-edward-district-school-board\/\">Hastings and Prince Edward District School Board (HPEDSB)<\/a><\/li><li><a href=\"https:\/\/www.oasdi.ca\/districts\/upper-canada-district-school-board\/\">Upper Canada District School Board (UCDSB)<\/a><\/li><li><a href=\"https:\/\/www.oasdi.ca\/es\/districts\/renfrew-county-district-school-board\/\">Renfrew County District School Board (RCDSB)<\/a><\/li><li><a href=\"https:\/\/www.oasdi.ca\/es\/districts\/ottawa-catholic-school-board\/\">Ottawa Catholic School Board (OCSB)<\/a><\/li><li><a href=\"https:\/\/www.oasdi.ca\/es\/districts\/catholic-district-school-board-of-eastern-ontario\/\">Catholic District School Board of Eastern Ontario (CDSBEO)<\/a><\/li><li><a href=\"https:\/\/www.oasdi.ca\/es\/districts\/algonquin-and-lakeshore-catholic-district-school-board\/\">Algonquin and Lakeshore Catholic District School Board (ALCDSB)<\/a><\/li><\/ul>\n\n\n<h3 class=\"mt-5\">\n\tNorth-Eastern Region\n<\/h3>\n<ul class=\"district-listing\"><li><a href=\"https:\/\/www.oasdi.ca\/es\/districts\/near-north-district-school-board\/\">Near North District School Board (NNDSB)<\/a><\/li><\/ul>\n\n<h3 class=\"mt-5\">\n\tNorthern Region\n<\/h3>\n<ul class=\"district-listing\"><li><a href=\"https:\/\/www.oasdi.ca\/es\/districts\/lakehead-public-schools-2\/\">Lakehead Public Schools<\/a><\/li><li><a href=\"https:\/\/www.oasdi.ca\/es\/districts\/sudbury-catholic-district-school-board\/\">Sudbury Catholic District School Board<\/a><\/li><li><a href=\"https:\/\/www.oasdi.ca\/es\/districts\/rainbow-district\/\">Rainbow District School Board (RDSB)<\/a><\/li><\/ul>\n\n\n<h3 class=\"mt-5\">\n\tSouthern Region\n<\/h3>\n<ul class=\"district-listing\"><li><a href=\"https:\/\/www.oasdi.ca\/districts\/grand-erie-district-school-board-associate-member\/\">Grand Erie District School Board (GEDSB)<\/a><\/li><li><a href=\"https:\/\/www.oasdi.ca\/es\/districts\/waterloo-region-district-school-board\/\">Waterloo Region District School Board (WRDSB)<\/a><\/li><li><a href=\"https:\/\/www.oasdi.ca\/districts\/waterloo-catholic-district-school-board\/\">Waterloo Catholic District School Board (WCDSB)<\/a><\/li><li><a href=\"https:\/\/www.oasdi.ca\/es\/districts\/upper-grand-district-school-board\/\">Upper Grand District School Board (UGDSB)<\/a><\/li><li><a href=\"https:\/\/www.oasdi.ca\/es\/districts\/niagara-catholic-district-school-board\/\">Niagara Catholic District School Board (NCDSB)<\/a><\/li><li><a href=\"https:\/\/www.oasdi.ca\/districts\/hamilton-wentworth-district-school-board\/\">Hamilton-Wentworth District School Board (HWDSB)<\/a><\/li><li><a href=\"https:\/\/www.oasdi.ca\/districts\/district-school-board-of-niagara\/\">District School Board of Niagara (DSBN)<\/a><\/li><\/ul>\n\n\n<h3 class=\"mt-5\">\n\tWestern Region\n<\/h3>\n<ul class=\"district-listing\"><li><a href=\"https:\/\/www.oasdi.ca\/es\/districts\/thames-valley-district-school-board\/\">Thames Valley District School Board (TVDSB)<\/a><\/li><li><a href=\"https:\/\/www.oasdi.ca\/es\/districts\/lambton-kent-district-school-board\/\">Lambton Kent District School Board (LKDSB)<\/a><\/li><li><a href=\"https:\/\/www.oasdi.ca\/districts\/huron-perth-catholic-district-school-board\/\">Huron-Perth Catholic District School Board (HPCDSB)<\/a><\/li><li><a href=\"https:\/\/www.oasdi.ca\/es\/districts\/greater-essex-county-district-school-board\/\">Greater Essex County District School Board (GECDSB)<\/a><\/li><li><a href=\"https:\/\/www.oasdi.ca\/es\/districts\/avon-maitland-district-school-board\/\">Avon Maitland District School Board (AMDSB)<\/a><\/li><\/ul>\n<\/div><\/div><\/div><\/div><\/div><\/div><\/div>","protected":false},"excerpt":{"rendered":"Distritos escolares ingleses miembros de la OASDI Inicio Distritos escolares franceses miembros de la OASDI Distritos escolares ingleses miembros de la OASDI Map Overview District List Central Region Kawartha Pine Ridge District School BoardYork Catholic District School BoardSimcoe County District School Board (SCDSB)York Region District School Board (YRDSB)Toronto District School Board (TDSB)Toronto Catholic District School&#8230; <a class=\"view-article\" href=\"https:\/\/www.oasdi.ca\/es\/escuelas-distritales-de-ontario\/oasdi-escuelas-distritales\/distritos-ingleses\/\">Ver art\u00edculo<\/a>","protected":false},"author":237,"featured_media":15977,"parent":17995,"menu_order":591,"comment_status":"closed","ping_status":"closed","template":"","meta":{"footnotes":""},"class_list":["post-21959","page","type-page","status-publish","has-post-thumbnail","hentry"],"yoast_head":"<!-- This site is optimized with the Yoast SEO plugin v21.5 - https:\/\/yoast.com\/wordpress\/plugins\/seo\/ -->\n<title>Distritos escolares ingleses miembros de la OASDI | Ontario<\/title>\n<meta name=\"description\" content=\"La Asociaci\u00f3n de distritos escolares de Ontario Internacional est\u00e1 compuesta por escuelas de todo Ontario. Descubre la lista de nuestras escuelas inglesas aqu\u00ed.\" \/>\n<meta name=\"robots\" content=\"index, follow, max-snippet:-1, max-image-preview:large, max-video-preview:-1\" \/>\n<link rel=\"canonical\" href=\"https:\/\/www.oasdi.ca\/es\/escuelas-distritales-de-ontario\/oasdi-escuelas-distritales\/distritos-ingleses\/\" \/>\n<meta property=\"og:locale\" content=\"es_ES\" \/>\n<meta property=\"og:type\" content=\"article\" \/>\n<meta property=\"og:title\" content=\"Distritos escolares ingleses miembros de la OASDI | Ontario\" \/>\n<meta property=\"og:description\" content=\"La Asociaci\u00f3n de distritos escolares de Ontario Internacional est\u00e1 compuesta por escuelas de todo Ontario. Descubre la lista de nuestras escuelas inglesas aqu\u00ed.\" \/>\n<meta property=\"og:url\" content=\"https:\/\/www.oasdi.ca\/es\/escuelas-distritales-de-ontario\/oasdi-escuelas-distritales\/distritos-ingleses\/\" \/>\n<meta property=\"og:site_name\" content=\"OASDI\" \/>\n<meta property=\"article:modified_time\" content=\"2020-04-26T01:50:06+00:00\" \/>\n<meta property=\"og:image\" content=\"https:\/\/www.oasdi.ca\/wp-content\/uploads\/2020\/03\/OASDI-Member-English-Districts.jpg\" \/>\n\t<meta property=\"og:image:width\" content=\"1440\" \/>\n\t<meta property=\"og:image:height\" content=\"268\" \/>\n\t<meta property=\"og:image:type\" content=\"image\/jpeg\" \/>\n<meta name=\"twitter:card\" content=\"summary_large_image\" \/>\n<script type=\"application\/ld+json\" class=\"yoast-schema-graph\">{\"@context\":\"https:\/\/schema.org\",\"@graph\":[{\"@type\":\"WebPage\",\"@id\":\"https:\/\/www.oasdi.ca\/es\/escuelas-distritales-de-ontario\/oasdi-escuelas-distritales\/distritos-ingleses\/\",\"url\":\"https:\/\/www.oasdi.ca\/es\/escuelas-distritales-de-ontario\/oasdi-escuelas-distritales\/distritos-ingleses\/\",\"name\":\"Distritos escolares ingleses miembros de la OASDI | Ontario\",\"isPartOf\":{\"@id\":\"https:\/\/www.oasdi.ca\/es\/#website\"},\"datePublished\":\"2020-03-18T13:44:26+00:00\",\"dateModified\":\"2020-04-26T01:50:06+00:00\",\"description\":\"La Asociaci\u00f3n de distritos escolares de Ontario Internacional est\u00e1 compuesta por escuelas de todo Ontario. Descubre la lista de nuestras escuelas inglesas aqu\u00ed.\",\"breadcrumb\":{\"@id\":\"https:\/\/www.oasdi.ca\/es\/escuelas-distritales-de-ontario\/oasdi-escuelas-distritales\/distritos-ingleses\/#breadcrumb\"},\"inLanguage\":\"es\",\"potentialAction\":[{\"@type\":\"ReadAction\",\"target\":[\"https:\/\/www.oasdi.ca\/es\/escuelas-distritales-de-ontario\/oasdi-escuelas-distritales\/distritos-ingleses\/\"]}]},{\"@type\":\"BreadcrumbList\",\"@id\":\"https:\/\/www.oasdi.ca\/es\/escuelas-distritales-de-ontario\/oasdi-escuelas-distritales\/distritos-ingleses\/#breadcrumb\",\"itemListElement\":[{\"@type\":\"ListItem\",\"position\":1,\"name\":\"Inicio\",\"item\":\"https:\/\/www.oasdi.ca\/es\/\"},{\"@type\":\"ListItem\",\"position\":2,\"name\":\"Acerca de los distritos escolares de Ontario\",\"item\":\"https:\/\/www.oasdi.ca\/es\/escuelas-distritales-de-ontario\/\"},{\"@type\":\"ListItem\",\"position\":3,\"name\":\"Acerca de los distritos escolares miembros de la OASDI\",\"item\":\"https:\/\/www.oasdi.ca\/es\/escuelas-distritales-de-ontario\/oasdi-escuelas-distritales\/\"},{\"@type\":\"ListItem\",\"position\":4,\"name\":\"Distritos escolares ingleses miembros de la OASDI\"}]},{\"@type\":\"WebSite\",\"@id\":\"https:\/\/www.oasdi.ca\/es\/#website\",\"url\":\"https:\/\/www.oasdi.ca\/es\/\",\"name\":\"OASDI\",\"description\":\"Ontario Association of School District International\",\"publisher\":{\"@id\":\"https:\/\/www.oasdi.ca\/es\/#organization\"},\"potentialAction\":[{\"@type\":\"SearchAction\",\"target\":{\"@type\":\"EntryPoint\",\"urlTemplate\":\"https:\/\/www.oasdi.ca\/es\/?s={search_term_string}\"},\"query-input\":\"required name=search_term_string\"}],\"inLanguage\":\"es\"},{\"@type\":\"Organization\",\"@id\":\"https:\/\/www.oasdi.ca\/es\/#organization\",\"name\":\"OASDI\",\"url\":\"https:\/\/www.oasdi.ca\/es\/\",\"logo\":{\"@type\":\"ImageObject\",\"inLanguage\":\"es\",\"@id\":\"https:\/\/www.oasdi.ca\/es\/#\/schema\/logo\/image\/\",\"url\":\"https:\/\/www.oasdi.ca\/wp-content\/uploads\/2020\/02\/cropped-oasdi-logo.png\",\"contentUrl\":\"https:\/\/www.oasdi.ca\/wp-content\/uploads\/2020\/02\/cropped-oasdi-logo.png\",\"width\":468,\"height\":96,\"caption\":\"OASDI\"},\"image\":{\"@id\":\"https:\/\/www.oasdi.ca\/es\/#\/schema\/logo\/image\/\"}}]}<\/script>\n<!-- \/ Yoast SEO plugin. -->","yoast_head_json":{"title":"Distritos escolares ingleses miembros de la OASDI | Ontario","description":"La Asociaci\u00f3n de distritos escolares de Ontario Internacional est\u00e1 compuesta por escuelas de todo Ontario. Descubre la lista de nuestras escuelas inglesas aqu\u00ed.","robots":{"index":"index","follow":"follow","max-snippet":"max-snippet:-1","max-image-preview":"max-image-preview:large","max-video-preview":"max-video-preview:-1"},"canonical":"https:\/\/www.oasdi.ca\/es\/escuelas-distritales-de-ontario\/oasdi-escuelas-distritales\/distritos-ingleses\/","og_locale":"es_ES","og_type":"article","og_title":"Distritos escolares ingleses miembros de la OASDI | Ontario","og_description":"La Asociaci\u00f3n de distritos escolares de Ontario Internacional est\u00e1 compuesta por escuelas de todo Ontario. Descubre la lista de nuestras escuelas inglesas aqu\u00ed.","og_url":"https:\/\/www.oasdi.ca\/es\/escuelas-distritales-de-ontario\/oasdi-escuelas-distritales\/distritos-ingleses\/","og_site_name":"OASDI","article_modified_time":"2020-04-26T01:50:06+00:00","og_image":[{"width":1440,"height":268,"url":"https:\/\/www.oasdi.ca\/wp-content\/uploads\/2020\/03\/OASDI-Member-English-Districts.jpg","type":"image\/jpeg"}],"twitter_card":"summary_large_image","schema":{"@context":"https:\/\/schema.org","@graph":[{"@type":"WebPage","@id":"https:\/\/www.oasdi.ca\/es\/escuelas-distritales-de-ontario\/oasdi-escuelas-distritales\/distritos-ingleses\/","url":"https:\/\/www.oasdi.ca\/es\/escuelas-distritales-de-ontario\/oasdi-escuelas-distritales\/distritos-ingleses\/","name":"Distritos escolares ingleses miembros de la OASDI | Ontario","isPartOf":{"@id":"https:\/\/www.oasdi.ca\/es\/#website"},"datePublished":"2020-03-18T13:44:26+00:00","dateModified":"2020-04-26T01:50:06+00:00","description":"La Asociaci\u00f3n de distritos escolares de Ontario Internacional est\u00e1 compuesta por escuelas de todo Ontario. Descubre la lista de nuestras escuelas inglesas aqu\u00ed.","breadcrumb":{"@id":"https:\/\/www.oasdi.ca\/es\/escuelas-distritales-de-ontario\/oasdi-escuelas-distritales\/distritos-ingleses\/#breadcrumb"},"inLanguage":"es","potentialAction":[{"@type":"ReadAction","target":["https:\/\/www.oasdi.ca\/es\/escuelas-distritales-de-ontario\/oasdi-escuelas-distritales\/distritos-ingleses\/"]}]},{"@type":"BreadcrumbList","@id":"https:\/\/www.oasdi.ca\/es\/escuelas-distritales-de-ontario\/oasdi-escuelas-distritales\/distritos-ingleses\/#breadcrumb","itemListElement":[{"@type":"ListItem","position":1,"name":"Inicio","item":"https:\/\/www.oasdi.ca\/es\/"},{"@type":"ListItem","position":2,"name":"Acerca de los distritos escolares de Ontario","item":"https:\/\/www.oasdi.ca\/es\/escuelas-distritales-de-ontario\/"},{"@type":"ListItem","position":3,"name":"Acerca de los distritos escolares miembros de la OASDI","item":"https:\/\/www.oasdi.ca\/es\/escuelas-distritales-de-ontario\/oasdi-escuelas-distritales\/"},{"@type":"ListItem","position":4,"name":"Distritos escolares ingleses miembros de la OASDI"}]},{"@type":"WebSite","@id":"https:\/\/www.oasdi.ca\/es\/#website","url":"https:\/\/www.oasdi.ca\/es\/","name":"OASDI","description":"Ontario Association of School District International","publisher":{"@id":"https:\/\/www.oasdi.ca\/es\/#organization"},"potentialAction":[{"@type":"SearchAction","target":{"@type":"EntryPoint","urlTemplate":"https:\/\/www.oasdi.ca\/es\/?s={search_term_string}"},"query-input":"required name=search_term_string"}],"inLanguage":"es"},{"@type":"Organization","@id":"https:\/\/www.oasdi.ca\/es\/#organization","name":"OASDI","url":"https:\/\/www.oasdi.ca\/es\/","logo":{"@type":"ImageObject","inLanguage":"es","@id":"https:\/\/www.oasdi.ca\/es\/#\/schema\/logo\/image\/","url":"https:\/\/www.oasdi.ca\/wp-content\/uploads\/2020\/02\/cropped-oasdi-logo.png","contentUrl":"https:\/\/www.oasdi.ca\/wp-content\/uploads\/2020\/02\/cropped-oasdi-logo.png","width":468,"height":96,"caption":"OASDI"},"image":{"@id":"https:\/\/www.oasdi.ca\/es\/#\/schema\/logo\/image\/"}}]}},"_links":{"self":[{"href":"https:\/\/www.oasdi.ca\/es\/wp-json\/wp\/v2\/pages\/21959"}],"collection":[{"href":"https:\/\/www.oasdi.ca\/es\/wp-json\/wp\/v2\/pages"}],"about":[{"href":"https:\/\/www.oasdi.ca\/es\/wp-json\/wp\/v2\/types\/page"}],"author":[{"embeddable":true,"href":"https:\/\/www.oasdi.ca\/es\/wp-json\/wp\/v2\/users\/237"}],"replies":[{"embeddable":true,"href":"https:\/\/www.oasdi.ca\/es\/wp-json\/wp\/v2\/comments?post=21959"}],"version-history":[{"count":0,"href":"https:\/\/www.oasdi.ca\/es\/wp-json\/wp\/v2\/pages\/21959\/revisions"}],"up":[{"embeddable":true,"href":"https:\/\/www.oasdi.ca\/es\/wp-json\/wp\/v2\/pages\/17995"}],"wp:featuredmedia":[{"embeddable":true,"href":"https:\/\/www.oasdi.ca\/es\/wp-json\/wp\/v2\/media\/15977"}],"wp:attachment":[{"href":"https:\/\/www.oasdi.ca\/es\/wp-json\/wp\/v2\/media?parent=21959"}],"curies":[{"name":"wp","href":"https:\/\/api.w.org\/{rel}","templated":true}]}}