{"id":21744,"date":"2020-03-19T21:40:37","date_gmt":"2020-03-19T21:40:37","guid":{"rendered":"http:\/\/oasdi.ca\/educacion-internacional\/ontario\/why-study-in-ontario\/"},"modified":"2020-05-10T16:22:58","modified_gmt":"2020-05-10T16:22:58","slug":"por-que-estudiar-en-ontario","status":"publish","type":"page","link":"https:\/\/www.oasdi.ca\/es\/educacion-internacional\/ontario\/por-que-estudiar-en-ontario\/","title":{"rendered":"Razones por las que deber\u00edas estudiar en Ontario"},"content":{"rendered":"<div id=\"pl-21744\"  class=\"panel-layout\" ><div id=\"pg-21744-0\"  class=\"panel-grid panel-no-style\" ><div id=\"pgc-21744-0-0\"  class=\"panel-grid-cell\" ><div id=\"panel-21744-0-0-0\" class=\"so-panel widget widget_sow-image panel-first-child panel-last-child\" data-index=\"0\" ><div class=\"is-featured-img panel-widget-style panel-widget-style-for-21744-0-0-0\" ><div\n\t\t\t\n\t\t\tclass=\"so-widget-sow-image so-widget-sow-image-default-c4f6304fc136-21744\"\n\t\t\t\n\t\t>\n\n<div class=\"sow-image-container\">\n\t\t<img loading=\"lazy\" decoding=\"async\" src=\"https:\/\/www.oasdi.ca\/wp-content\/uploads\/2020\/03\/onatro-schools-2020.jpg\" width=\"1440\" height=\"268\" srcset=\"https:\/\/www.oasdi.ca\/wp-content\/uploads\/2020\/03\/onatro-schools-2020.jpg 1440w, https:\/\/www.oasdi.ca\/wp-content\/uploads\/2020\/03\/onatro-schools-2020-250x47.jpg 250w, https:\/\/www.oasdi.ca\/wp-content\/uploads\/2020\/03\/onatro-schools-2020-700x130.jpg 700w, https:\/\/www.oasdi.ca\/wp-content\/uploads\/2020\/03\/onatro-schools-2020-768x143.jpg 768w, https:\/\/www.oasdi.ca\/wp-content\/uploads\/2020\/03\/onatro-schools-2020-120x22.jpg 120w\" sizes=\"(max-width: 1440px) 100vw, 1440px\" alt=\"\" \t\tclass=\"so-widget-image\"\/>\n\t<\/div>\n\n<\/div><\/div><\/div><\/div><\/div><div id=\"pg-21744-1\"  class=\"panel-grid panel-has-style\" ><div class=\"has-container panel-row-style panel-row-style-for-21744-1\" ><div id=\"pgc-21744-1-0\"  class=\"panel-grid-cell\" ><div id=\"panel-21744-1-0-0\" class=\"so-panel widget widget_hem-seo-title-widget panel-first-child panel-last-child\" data-index=\"1\" ><div class=\"panel-widget-style panel-widget-style-for-21744-1-0-0\" ><div\n\t\t\t\n\t\t\tclass=\"so-widget-hem-seo-title-widget so-widget-hem-seo-title-widget-hem-seo-title-widget-style-d75171398898-21744\"\n\t\t\t\n\t\t>\n<h1 style=\"font-size:px;\">Razones por las que deber\u00edas estudiar en Ontario<\/h1>\n\n\n\n\t<!-- <div class=\"breadcrumb-trail\"><a href=\"index.php\">Home<\/a> \u00bb <span class=\"breadcrumb-current\">About<\/span><\/div> -->\n\t<div class=\"test1\"><span><span><a href=\"https:\/\/www.oasdi.ca\/es\/\">Inicio<\/a><\/span><\/span><\/div>\n<\/div><\/div><\/div><\/div><\/div><\/div><div id=\"pg-21744-2\"  class=\"panel-grid panel-has-style\" ><div class=\"has-container panel-row-style panel-row-style-for-21744-2\" ><div id=\"pgc-21744-2-0\"  class=\"panel-grid-cell\" ><div id=\"panel-21744-2-0-0\" class=\"so-panel widget widget_hem-sidebar-menu-widget panel-first-child\" data-index=\"2\" ><div\n\t\t\t\n\t\t\tclass=\"so-widget-hem-sidebar-menu-widget so-widget-hem-sidebar-menu-widget-hem-sidebar-menu-widget-style-d75171398898-21744\"\n\t\t\t\n\t\t><div id=\"sidebar\">\n\t\t\t<ul id=\"side-menu\" class=\"side-menu menu-embedded\">\n\t\t\t\n\t\t\t\t\t\t\t\t\n\t\t\t\t\t\t\t\t\t\t\t<li><a class=\"active\" href=\"https:\/\/www.oasdi.ca\/es\/educacion-internacional\/ontario\/por-que-estudiar-en-ontario\/\">Razones por las que deber\u00edas estudiar en Ontario<\/a><\/li>\n\t\t\t\t\t\t\t\t\t\t\t\t\t\n\t\t\t\t\t\t\t\t\t\t\t<li><a href=\"https:\/\/www.oasdi.ca\/es\/educacion-internacional\/ontario\/requisitos-de-ingreso\/\">Requisitos de ingreso para estudiantes internacionales en las escuelas p\u00fablicas de Ontario<\/a><\/li>\n\t\t\t\t\t\t\t\t\t\t\n\n\t\t\t\t<!-- Extra menu -->\n\t\t\t\t\n\n\n\t\t\t\t\t<\/ul>\n\t\n\n<\/div><\/div><\/div><div id=\"panel-21744-2-0-1\" class=\"so-panel widget widget_hem-sidebar-link-widget panel-last-child\" data-index=\"3\" ><div\n\t\t\t\n\t\t\tclass=\"so-widget-hem-sidebar-link-widget so-widget-hem-sidebar-link-widget-hem-sidebar-link-widget-style-d75171398898-21744\"\n\t\t\t\n\t\t><div id=\"sidebar\" class=\"external-link-only\">\n\n\n\n\t\t\t\t<!-- Extra menu -->\n\t\t\t\t\t\t\t\t\t<ul id=\"side-menu\" class=\"side-menu menu-embedded\">\n\t\t\t\t\t\t\t\t\t\t\t\t\t\t\t\t\t\t\t\t\t<li><a  href=\"https:\/\/www.oasdi.ca\/map-search\/\">Map Overview<\/a><\/li>\n\t\t\t\t\t\t\t\t\t\t\t\t\t\t\n\t\t\t\t\t\t\t\t\t\t\t\t\t\t\t\t\t\t\t\t\t<li><a  href=\"https:\/\/www.oasdi.ca\/district-list\/\">District List<\/a><\/li>\n\t\t\t\t\t\t\t\t\t\t\t\t\t\t\n\t\t\t\t\t\t\t\n\t\t\t\t\t<\/ul>\n\t\t\t\t\n\t\t\t\t\n\n\n\n\n<\/div><\/div><\/div><\/div><div id=\"pgc-21744-2-1\"  class=\"panel-grid-cell\" ><div class=\"pl-sm-3 pl-md-5 panel-cell-style panel-cell-style-for-21744-2-1\" ><div id=\"panel-21744-2-1-0\" class=\"so-panel widget widget_hem-seo-title-widget panel-first-child\" data-index=\"4\" ><div class=\"panel-widget-style panel-widget-style-for-21744-2-1-0\" ><div\n\t\t\t\n\t\t\tclass=\"so-widget-hem-seo-title-widget so-widget-hem-seo-title-widget-hem-seo-title-widget-style-d75171398898-21744\"\n\t\t\t\n\t\t>\n<h2 style=\"font-size:26px;\">Un sistema de educaci\u00f3n p\u00fablica de clase mundial<\/h2>\n\n\n\n<\/div><\/div><\/div><div id=\"panel-21744-2-1-1\" class=\"so-panel widget widget_sow-editor\" data-index=\"5\" ><div\n\t\t\t\n\t\t\tclass=\"so-widget-sow-editor so-widget-sow-editor-base\"\n\t\t\t\n\t\t>\n<div class=\"siteorigin-widget-tinymce textwidget\">\n\t<ul>\n<li>Los distritos escolares miembros de la OASDI son reconocidos por brindar un programa educativo de alta calidad, as\u00ed como por fomentar el rendimiento de los estudiantes en un ambiente acogedor y seguro.<\/li>\n<li>El plan de estudios en Ontario es reconocido ampliamente como uno de los mejores del mundo, cada vez m\u00e1s y m\u00e1s estudiantes est\u00e1n asistiendo a las escuelas p\u00fablicas de Ontario como estudiantes internacionales. Actualmente, m\u00e1s de la mitad de los aproximadamente 34 000 estudiantes internacionales de jard\u00edn infantil a grado 12 (K-12), que estudian en Canad\u00e1 lo hacen en Ontario.<\/li>\n<\/ul>\n<\/div>\n<\/div><\/div><div id=\"panel-21744-2-1-2\" class=\"so-panel widget widget_hem-seperator-widget\" data-index=\"6\" ><div\n\t\t\t\n\t\t\tclass=\"so-widget-hem-seperator-widget so-widget-hem-seperator-widget-hem-seperator-widget-style-d75171398898-21744\"\n\t\t\t\n\t\t>\n<div class=\"widget-seperator\" style=\"margin-top:0px;margin-bottom:0px;border-bottom:1px solid;width:100%;opacity:0.4\"><\/div><\/div><\/div><div id=\"panel-21744-2-1-3\" class=\"so-panel widget widget_hem-seo-title-widget\" data-index=\"7\" ><div class=\"panel-widget-style panel-widget-style-for-21744-2-1-3\" ><div\n\t\t\t\n\t\t\tclass=\"so-widget-hem-seo-title-widget so-widget-hem-seo-title-widget-hem-seo-title-widget-style-d75171398898-21744\"\n\t\t\t\n\t\t>\n<h2 style=\"font-size:26px;\">Muchos caminos hacia las oportunidades<\/h2>\n\n\n\n<\/div><\/div><\/div><div id=\"panel-21744-2-1-4\" class=\"so-panel widget widget_sow-editor\" data-index=\"8\" ><div\n\t\t\t\n\t\t\tclass=\"so-widget-sow-editor so-widget-sow-editor-base\"\n\t\t\t\n\t\t>\n<div class=\"siteorigin-widget-tinymce textwidget\">\n\t<ul>\n<li>Estudiar en Ontario ofrece un sinf\u00edn de trayectorias educativas para estudios adicionales en las universidades y escuelas vocacionales o t\u00e9cnicas canadienses, as\u00ed como programas para aprendices y tambi\u00e9n para trabajar y vivir en Canad\u00e1.<\/li>\n<li>Ontario es la provincia con la mayor poblaci\u00f3n de Canad\u00e1 y tiene muchas m\u00e1s instituciones educativas que cualquier otra provincia con\n<ul>\n<li>20 universidades<\/li>\n<li>26 escuelas vocacionales o t\u00e9cnicas<\/li>\n<li>150 programas para aprendices en carreras t\u00e9cnicas<\/li>\n<\/ul>\n<\/li>\n<li>Con una poblaci\u00f3n de m\u00e1s de 13,5 millones, Ontario ofrece m\u00e1s oportunidades de empleo que otras provincias canadienses.<\/li>\n<li>Estudiar en Ontario puede ser la entrada para trabajar y vivir en Canad\u00e1 y una trayectoria potencial hacia la inmigraci\u00f3n a Canad\u00e1.<\/li>\n<\/ul>\n<\/div>\n<\/div><\/div><div id=\"panel-21744-2-1-5\" class=\"so-panel widget widget_hem-seperator-widget\" data-index=\"9\" ><div\n\t\t\t\n\t\t\tclass=\"so-widget-hem-seperator-widget so-widget-hem-seperator-widget-hem-seperator-widget-style-d75171398898-21744\"\n\t\t\t\n\t\t>\n<div class=\"widget-seperator\" style=\"margin-top:0px;margin-bottom:0px;border-bottom:1px solid;width:100%;opacity:0.4\"><\/div><\/div><\/div><div id=\"panel-21744-2-1-6\" class=\"so-panel widget widget_hem-seo-title-widget\" data-index=\"10\" ><div class=\"panel-widget-style panel-widget-style-for-21744-2-1-6\" ><div\n\t\t\t\n\t\t\tclass=\"so-widget-hem-seo-title-widget so-widget-hem-seo-title-widget-hem-seo-title-widget-style-d75171398898-21744\"\n\t\t\t\n\t\t>\n<h2 style=\"font-size:26px;\">Una sociedad segura, acogedora y diversa<\/h2>\n\n\n\n<\/div><\/div><\/div><div id=\"panel-21744-2-1-7\" class=\"so-panel widget widget_sow-editor panel-last-child\" data-index=\"11\" ><div\n\t\t\t\n\t\t\tclass=\"so-widget-sow-editor so-widget-sow-editor-base\"\n\t\t\t\n\t\t>\n<div class=\"siteorigin-widget-tinymce textwidget\">\n\t<ul>\n<li>Las juntas escolares de las escuelas p\u00fablicas de Ontario tienen mucha experiencia en recibir estudiantes internacionales, adem\u00e1s tienen pol\u00edticas y pr\u00e1cticas establecidas para promover la seguridad de los estudiantes en la escuela, en su alojamiento con familias anfitrionas y en la comunidad local.<\/li>\n<li>Ontario es reconocida por su diversidad cultural y hospitalidad amigable con todas las personas de todas partes del mundo.<\/li>\n<\/ul>\n<\/div>\n<\/div><\/div><\/div><\/div><\/div><\/div><\/div>","protected":false},"excerpt":{"rendered":"Razones por las que deber\u00edas estudiar en Ontario Inicio Razones por las que deber\u00edas estudiar en Ontario Requisitos de ingreso para estudiantes internacionales en las escuelas p\u00fablicas de Ontario Map Overview District List Un sistema de educaci\u00f3n p\u00fablica de clase mundial Los distritos escolares miembros de la OASDI son reconocidos por brindar un programa educativo&#8230; <a class=\"view-article\" href=\"https:\/\/www.oasdi.ca\/es\/educacion-internacional\/ontario\/por-que-estudiar-en-ontario\/\">Ver art\u00edculo<\/a>","protected":false},"author":237,"featured_media":16283,"parent":21668,"menu_order":0,"comment_status":"closed","ping_status":"closed","template":"","meta":{"footnotes":""},"class_list":["post-21744","page","type-page","status-publish","has-post-thumbnail","hentry"],"yoast_head":"<!-- This site is optimized with the Yoast SEO plugin v21.5 - https:\/\/yoast.com\/wordpress\/plugins\/seo\/ -->\n<title>Por qu\u00e9 estudiar en Ontario? | Educaci\u00f3n Internacional<\/title>\n<meta name=\"description\" content=\"Si est\u00e1s pensando en estudiar en el exterior, Ontario es definitivamente una excelente idea. Descubre las razones por las que debes estudiar en Ontario aqu\u00ed.\" \/>\n<meta name=\"robots\" content=\"index, follow, max-snippet:-1, max-image-preview:large, max-video-preview:-1\" \/>\n<link rel=\"canonical\" href=\"https:\/\/www.oasdi.ca\/es\/educacion-internacional\/ontario\/por-que-estudiar-en-ontario\/\" \/>\n<meta property=\"og:locale\" content=\"es_ES\" \/>\n<meta property=\"og:type\" content=\"article\" \/>\n<meta property=\"og:title\" content=\"Por qu\u00e9 estudiar en Ontario? | Educaci\u00f3n Internacional\" \/>\n<meta property=\"og:description\" content=\"Si est\u00e1s pensando en estudiar en el exterior, Ontario es definitivamente una excelente idea. Descubre las razones por las que debes estudiar en Ontario aqu\u00ed.\" \/>\n<meta property=\"og:url\" content=\"https:\/\/www.oasdi.ca\/es\/educacion-internacional\/ontario\/por-que-estudiar-en-ontario\/\" \/>\n<meta property=\"og:site_name\" content=\"OASDI\" \/>\n<meta property=\"article:modified_time\" content=\"2020-05-10T16:22:58+00:00\" \/>\n<meta property=\"og:image\" content=\"https:\/\/www.oasdi.ca\/wp-content\/uploads\/2020\/03\/onatro-schools-2020.jpg\" \/>\n\t<meta property=\"og:image:width\" content=\"1440\" \/>\n\t<meta property=\"og:image:height\" content=\"268\" \/>\n\t<meta property=\"og:image:type\" content=\"image\/jpeg\" \/>\n<meta name=\"twitter:card\" content=\"summary_large_image\" \/>\n<meta name=\"twitter:label1\" content=\"Tiempo de lectura\" \/>\n\t<meta name=\"twitter:data1\" content=\"2 minutos\" \/>\n<script type=\"application\/ld+json\" class=\"yoast-schema-graph\">{\"@context\":\"https:\/\/schema.org\",\"@graph\":[{\"@type\":\"WebPage\",\"@id\":\"https:\/\/www.oasdi.ca\/es\/educacion-internacional\/ontario\/por-que-estudiar-en-ontario\/\",\"url\":\"https:\/\/www.oasdi.ca\/es\/educacion-internacional\/ontario\/por-que-estudiar-en-ontario\/\",\"name\":\"Por qu\u00e9 estudiar en Ontario? | Educaci\u00f3n Internacional\",\"isPartOf\":{\"@id\":\"https:\/\/www.oasdi.ca\/es\/#website\"},\"datePublished\":\"2020-03-19T21:40:37+00:00\",\"dateModified\":\"2020-05-10T16:22:58+00:00\",\"description\":\"Si est\u00e1s pensando en estudiar en el exterior, Ontario es definitivamente una excelente idea. Descubre las razones por las que debes estudiar en Ontario aqu\u00ed.\",\"breadcrumb\":{\"@id\":\"https:\/\/www.oasdi.ca\/es\/educacion-internacional\/ontario\/por-que-estudiar-en-ontario\/#breadcrumb\"},\"inLanguage\":\"es\",\"potentialAction\":[{\"@type\":\"ReadAction\",\"target\":[\"https:\/\/www.oasdi.ca\/es\/educacion-internacional\/ontario\/por-que-estudiar-en-ontario\/\"]}]},{\"@type\":\"BreadcrumbList\",\"@id\":\"https:\/\/www.oasdi.ca\/es\/educacion-internacional\/ontario\/por-que-estudiar-en-ontario\/#breadcrumb\",\"itemListElement\":[{\"@type\":\"ListItem\",\"position\":1,\"name\":\"Inicio\",\"item\":\"https:\/\/www.oasdi.ca\/es\/\"},{\"@type\":\"ListItem\",\"position\":2,\"name\":\"Por qu\u00e9 elegir la educaci\u00f3n internacional en Canada?\",\"item\":\"https:\/\/www.oasdi.ca\/es\/educacion-internacional\/\"},{\"@type\":\"ListItem\",\"position\":3,\"name\":\"Por qu\u00e9 elegir la educaci\u00f3n internacional en Ontario?\",\"item\":\"https:\/\/www.oasdi.ca\/es\/educacion-internacional\/ontario\/\"},{\"@type\":\"ListItem\",\"position\":4,\"name\":\"Razones por las que deber\u00edas estudiar en Ontario\"}]},{\"@type\":\"WebSite\",\"@id\":\"https:\/\/www.oasdi.ca\/es\/#website\",\"url\":\"https:\/\/www.oasdi.ca\/es\/\",\"name\":\"OASDI\",\"description\":\"Ontario Association of School District International\",\"publisher\":{\"@id\":\"https:\/\/www.oasdi.ca\/es\/#organization\"},\"potentialAction\":[{\"@type\":\"SearchAction\",\"target\":{\"@type\":\"EntryPoint\",\"urlTemplate\":\"https:\/\/www.oasdi.ca\/es\/?s={search_term_string}\"},\"query-input\":\"required name=search_term_string\"}],\"inLanguage\":\"es\"},{\"@type\":\"Organization\",\"@id\":\"https:\/\/www.oasdi.ca\/es\/#organization\",\"name\":\"OASDI\",\"url\":\"https:\/\/www.oasdi.ca\/es\/\",\"logo\":{\"@type\":\"ImageObject\",\"inLanguage\":\"es\",\"@id\":\"https:\/\/www.oasdi.ca\/es\/#\/schema\/logo\/image\/\",\"url\":\"https:\/\/www.oasdi.ca\/wp-content\/uploads\/2020\/02\/cropped-oasdi-logo.png\",\"contentUrl\":\"https:\/\/www.oasdi.ca\/wp-content\/uploads\/2020\/02\/cropped-oasdi-logo.png\",\"width\":468,\"height\":96,\"caption\":\"OASDI\"},\"image\":{\"@id\":\"https:\/\/www.oasdi.ca\/es\/#\/schema\/logo\/image\/\"}}]}<\/script>\n<!-- \/ Yoast SEO plugin. -->","yoast_head_json":{"title":"Por qu\u00e9 estudiar en Ontario? | Educaci\u00f3n Internacional","description":"Si est\u00e1s pensando en estudiar en el exterior, Ontario es definitivamente una excelente idea. Descubre las razones por las que debes estudiar en Ontario aqu\u00ed.","robots":{"index":"index","follow":"follow","max-snippet":"max-snippet:-1","max-image-preview":"max-image-preview:large","max-video-preview":"max-video-preview:-1"},"canonical":"https:\/\/www.oasdi.ca\/es\/educacion-internacional\/ontario\/por-que-estudiar-en-ontario\/","og_locale":"es_ES","og_type":"article","og_title":"Por qu\u00e9 estudiar en Ontario? | Educaci\u00f3n Internacional","og_description":"Si est\u00e1s pensando en estudiar en el exterior, Ontario es definitivamente una excelente idea. Descubre las razones por las que debes estudiar en Ontario aqu\u00ed.","og_url":"https:\/\/www.oasdi.ca\/es\/educacion-internacional\/ontario\/por-que-estudiar-en-ontario\/","og_site_name":"OASDI","article_modified_time":"2020-05-10T16:22:58+00:00","og_image":[{"width":1440,"height":268,"url":"https:\/\/www.oasdi.ca\/wp-content\/uploads\/2020\/03\/onatro-schools-2020.jpg","type":"image\/jpeg"}],"twitter_card":"summary_large_image","twitter_misc":{"Tiempo de lectura":"2 minutos"},"schema":{"@context":"https:\/\/schema.org","@graph":[{"@type":"WebPage","@id":"https:\/\/www.oasdi.ca\/es\/educacion-internacional\/ontario\/por-que-estudiar-en-ontario\/","url":"https:\/\/www.oasdi.ca\/es\/educacion-internacional\/ontario\/por-que-estudiar-en-ontario\/","name":"Por qu\u00e9 estudiar en Ontario? | Educaci\u00f3n Internacional","isPartOf":{"@id":"https:\/\/www.oasdi.ca\/es\/#website"},"datePublished":"2020-03-19T21:40:37+00:00","dateModified":"2020-05-10T16:22:58+00:00","description":"Si est\u00e1s pensando en estudiar en el exterior, Ontario es definitivamente una excelente idea. Descubre las razones por las que debes estudiar en Ontario aqu\u00ed.","breadcrumb":{"@id":"https:\/\/www.oasdi.ca\/es\/educacion-internacional\/ontario\/por-que-estudiar-en-ontario\/#breadcrumb"},"inLanguage":"es","potentialAction":[{"@type":"ReadAction","target":["https:\/\/www.oasdi.ca\/es\/educacion-internacional\/ontario\/por-que-estudiar-en-ontario\/"]}]},{"@type":"BreadcrumbList","@id":"https:\/\/www.oasdi.ca\/es\/educacion-internacional\/ontario\/por-que-estudiar-en-ontario\/#breadcrumb","itemListElement":[{"@type":"ListItem","position":1,"name":"Inicio","item":"https:\/\/www.oasdi.ca\/es\/"},{"@type":"ListItem","position":2,"name":"Por qu\u00e9 elegir la educaci\u00f3n internacional en Canada?","item":"https:\/\/www.oasdi.ca\/es\/educacion-internacional\/"},{"@type":"ListItem","position":3,"name":"Por qu\u00e9 elegir la educaci\u00f3n internacional en Ontario?","item":"https:\/\/www.oasdi.ca\/es\/educacion-internacional\/ontario\/"},{"@type":"ListItem","position":4,"name":"Razones por las que deber\u00edas estudiar en Ontario"}]},{"@type":"WebSite","@id":"https:\/\/www.oasdi.ca\/es\/#website","url":"https:\/\/www.oasdi.ca\/es\/","name":"OASDI","description":"Ontario Association of School District International","publisher":{"@id":"https:\/\/www.oasdi.ca\/es\/#organization"},"potentialAction":[{"@type":"SearchAction","target":{"@type":"EntryPoint","urlTemplate":"https:\/\/www.oasdi.ca\/es\/?s={search_term_string}"},"query-input":"required name=search_term_string"}],"inLanguage":"es"},{"@type":"Organization","@id":"https:\/\/www.oasdi.ca\/es\/#organization","name":"OASDI","url":"https:\/\/www.oasdi.ca\/es\/","logo":{"@type":"ImageObject","inLanguage":"es","@id":"https:\/\/www.oasdi.ca\/es\/#\/schema\/logo\/image\/","url":"https:\/\/www.oasdi.ca\/wp-content\/uploads\/2020\/02\/cropped-oasdi-logo.png","contentUrl":"https:\/\/www.oasdi.ca\/wp-content\/uploads\/2020\/02\/cropped-oasdi-logo.png","width":468,"height":96,"caption":"OASDI"},"image":{"@id":"https:\/\/www.oasdi.ca\/es\/#\/schema\/logo\/image\/"}}]}},"_links":{"self":[{"href":"https:\/\/www.oasdi.ca\/es\/wp-json\/wp\/v2\/pages\/21744"}],"collection":[{"href":"https:\/\/www.oasdi.ca\/es\/wp-json\/wp\/v2\/pages"}],"about":[{"href":"https:\/\/www.oasdi.ca\/es\/wp-json\/wp\/v2\/types\/page"}],"author":[{"embeddable":true,"href":"https:\/\/www.oasdi.ca\/es\/wp-json\/wp\/v2\/users\/237"}],"replies":[{"embeddable":true,"href":"https:\/\/www.oasdi.ca\/es\/wp-json\/wp\/v2\/comments?post=21744"}],"version-history":[{"count":0,"href":"https:\/\/www.oasdi.ca\/es\/wp-json\/wp\/v2\/pages\/21744\/revisions"}],"up":[{"embeddable":true,"href":"https:\/\/www.oasdi.ca\/es\/wp-json\/wp\/v2\/pages\/21668"}],"wp:featuredmedia":[{"embeddable":true,"href":"https:\/\/www.oasdi.ca\/es\/wp-json\/wp\/v2\/media\/16283"}],"wp:attachment":[{"href":"https:\/\/www.oasdi.ca\/es\/wp-json\/wp\/v2\/media?parent=21744"}],"curies":[{"name":"wp","href":"https:\/\/api.w.org\/{rel}","templated":true}]}}