{"id":21705,"date":"2020-03-19T21:33:28","date_gmt":"2020-03-19T21:33:28","guid":{"rendered":"http:\/\/oasdi.ca\/educacion-internacional\/ontario\/entrance-requirements\/"},"modified":"2020-04-25T16:06:46","modified_gmt":"2020-04-25T16:06:46","slug":"requisitos-de-ingreso","status":"publish","type":"page","link":"https:\/\/www.oasdi.ca\/es\/educacion-internacional\/ontario\/requisitos-de-ingreso\/","title":{"rendered":"Requisitos de ingreso para estudiantes internacionales en las escuelas p\u00fablicas de Ontario"},"content":{"rendered":"<div id=\"pl-21705\"  class=\"panel-layout\" ><div id=\"pg-21705-0\"  class=\"panel-grid panel-no-style\" ><div id=\"pgc-21705-0-0\"  class=\"panel-grid-cell\" ><div id=\"panel-21705-0-0-0\" class=\"so-panel widget widget_sow-image panel-first-child panel-last-child\" data-index=\"0\" ><div class=\"is-featured-img panel-widget-style panel-widget-style-for-21705-0-0-0\" ><div\n\t\t\t\n\t\t\tclass=\"so-widget-sow-image so-widget-sow-image-default-c4f6304fc136-21705\"\n\t\t\t\n\t\t>\n\n<div class=\"sow-image-container\">\n\t\t<img loading=\"lazy\" decoding=\"async\" src=\"https:\/\/www.oasdi.ca\/wp-content\/uploads\/2020\/03\/onatro-schools-2020.jpg\" width=\"1440\" height=\"268\" srcset=\"https:\/\/www.oasdi.ca\/wp-content\/uploads\/2020\/03\/onatro-schools-2020.jpg 1440w, https:\/\/www.oasdi.ca\/wp-content\/uploads\/2020\/03\/onatro-schools-2020-250x47.jpg 250w, https:\/\/www.oasdi.ca\/wp-content\/uploads\/2020\/03\/onatro-schools-2020-700x130.jpg 700w, https:\/\/www.oasdi.ca\/wp-content\/uploads\/2020\/03\/onatro-schools-2020-768x143.jpg 768w, https:\/\/www.oasdi.ca\/wp-content\/uploads\/2020\/03\/onatro-schools-2020-120x22.jpg 120w\" sizes=\"(max-width: 1440px) 100vw, 1440px\" alt=\"\" \t\tclass=\"so-widget-image\"\/>\n\t<\/div>\n\n<\/div><\/div><\/div><\/div><\/div><div id=\"pg-21705-1\"  class=\"panel-grid panel-has-style\" ><div class=\"has-container panel-row-style panel-row-style-for-21705-1\" ><div id=\"pgc-21705-1-0\"  class=\"panel-grid-cell\" ><div id=\"panel-21705-1-0-0\" class=\"so-panel widget widget_hem-seo-title-widget panel-first-child panel-last-child\" data-index=\"1\" ><div class=\"panel-widget-style panel-widget-style-for-21705-1-0-0\" ><div\n\t\t\t\n\t\t\tclass=\"so-widget-hem-seo-title-widget so-widget-hem-seo-title-widget-hem-seo-title-widget-style-d75171398898-21705\"\n\t\t\t\n\t\t>\n<h1 style=\"font-size:px;\">Requisitos de ingreso para estudiantes internacionales en las escuelas p\u00fablicas de Ontario<\/h1>\n\n\n\n\t<!-- <div class=\"breadcrumb-trail\"><a href=\"index.php\">Home<\/a> \u00bb <span class=\"breadcrumb-current\">About<\/span><\/div> -->\n\t<div class=\"test1\"><span><span><a href=\"https:\/\/www.oasdi.ca\/es\/\">Inicio<\/a><\/span><\/span><\/div>\n<\/div><\/div><\/div><\/div><\/div><\/div><div id=\"pg-21705-2\"  class=\"panel-grid panel-has-style\" ><div class=\"has-container panel-row-style panel-row-style-for-21705-2\" ><div id=\"pgc-21705-2-0\"  class=\"panel-grid-cell\" ><div id=\"panel-21705-2-0-0\" class=\"so-panel widget widget_hem-sidebar-menu-widget panel-first-child\" data-index=\"2\" ><div\n\t\t\t\n\t\t\tclass=\"so-widget-hem-sidebar-menu-widget so-widget-hem-sidebar-menu-widget-hem-sidebar-menu-widget-style-d75171398898-21705\"\n\t\t\t\n\t\t><div id=\"sidebar\">\n\t\t\t<ul id=\"side-menu\" class=\"side-menu menu-embedded\">\n\t\t\t\n\t\t\t\t\t\t\t\t\n\t\t\t\t\t\t\t\t\t\t\t<li><a href=\"https:\/\/www.oasdi.ca\/es\/educacion-internacional\/ontario\/por-que-estudiar-en-ontario\/\">Razones por las que deber\u00edas estudiar en Ontario<\/a><\/li>\n\t\t\t\t\t\t\t\t\t\t\t\t\t\n\t\t\t\t\t\t\t\t\t\t\t<li><a class=\"active\" href=\"https:\/\/www.oasdi.ca\/es\/educacion-internacional\/ontario\/requisitos-de-ingreso\/\">Requisitos de ingreso para estudiantes internacionales en las escuelas p\u00fablicas de Ontario<\/a><\/li>\n\t\t\t\t\t\t\t\t\t\t\n\n\t\t\t\t<!-- Extra menu -->\n\t\t\t\t\n\n\n\t\t\t\t\t<\/ul>\n\t\n\n<\/div><\/div><\/div><div id=\"panel-21705-2-0-1\" class=\"so-panel widget widget_hem-sidebar-link-widget panel-last-child\" data-index=\"3\" ><div\n\t\t\t\n\t\t\tclass=\"so-widget-hem-sidebar-link-widget so-widget-hem-sidebar-link-widget-hem-sidebar-link-widget-style-d75171398898-21705\"\n\t\t\t\n\t\t><div id=\"sidebar\" class=\"external-link-only\">\n\n\n\n\t\t\t\t<!-- Extra menu -->\n\t\t\t\t\t\t\t\t\t<ul id=\"side-menu\" class=\"side-menu menu-embedded\">\n\t\t\t\t\t\t\t\t\t\t\t\t\t\t\t\t\t\t\t\t\t<li><a  href=\"https:\/\/www.oasdi.ca\/map-search\/\">Map Overview<\/a><\/li>\n\t\t\t\t\t\t\t\t\t\t\t\t\t\t\n\t\t\t\t\t\t\t\t\t\t\t\t\t\t\t\t\t\t\t\t\t<li><a  href=\"https:\/\/www.oasdi.ca\/district-list\/\">District List<\/a><\/li>\n\t\t\t\t\t\t\t\t\t\t\t\t\t\t\n\t\t\t\t\t\t\t\n\t\t\t\t\t<\/ul>\n\t\t\t\t\n\t\t\t\t\n\n\n\n\n<\/div><\/div><\/div><\/div><div id=\"pgc-21705-2-1\"  class=\"panel-grid-cell\" ><div class=\"pl-sm-3 pl-md-5 panel-cell-style panel-cell-style-for-21705-2-1\" ><div id=\"panel-21705-2-1-0\" class=\"so-panel widget widget_hem-seo-title-widget panel-first-child\" data-index=\"4\" ><div class=\"panel-widget-style panel-widget-style-for-21705-2-1-0\" ><div\n\t\t\t\n\t\t\tclass=\"so-widget-hem-seo-title-widget so-widget-hem-seo-title-widget-hem-seo-title-widget-style-d75171398898-21705\"\n\t\t\t\n\t\t>\n<h2 style=\"font-size:26px;\">C\u00f3mo se inscribe un estudiante internacional en una escuela p\u00fablica en Ontario?<\/h2>\n\n\n\n<\/div><\/div><\/div><div id=\"panel-21705-2-1-1\" class=\"so-panel widget widget_sow-editor panel-last-child\" data-index=\"5\" ><div\n\t\t\t\n\t\t\tclass=\"so-widget-sow-editor so-widget-sow-editor-base\"\n\t\t\t\n\t\t>\n<div class=\"siteorigin-widget-tinymce textwidget\">\n\t<div id=\"secondary-right-inner\">\n<p>Cada junta escolar de las escuelas p\u00fablicas que son miembros de la OASDI tiene procesos individuales de solicitud y admisi\u00f3n para los estudiantes internacionales. Use el\u00a0<a href=\"http:\/\/www.oasdi.ca\/index.php#hover-map\">mapa interactivo<\/a>\u00a0de la Provincia de Ontario para establecer cu\u00e1l \u00e1rea de la provincia es preferible y compruebe cu\u00e1les juntas escolares de un \u00e1rea espec\u00edfica aceptan estudiantes internacionales. Vea los sitios Web de las juntas escolares para encontrar informaci\u00f3n acerca de los programas para estudiantes internacionales. En la mayor\u00eda de los casos, las solicitudes pueden presentarse en l\u00ednea o por correo.<\/p>\n<p>Si bien pueden haber algunas diferencias en el proceso y en los formularios espec\u00edficos requeridos por las juntas escolares, la mayor\u00eda de los sitios Web de las juntas escolares incluir\u00e1n informaci\u00f3n acerca de lo siguiente:<\/p>\n<ul>\n<li><strong>Requisitos de admisi\u00f3n<\/strong>\u00a0(p. ej., requisitos acad\u00e9micos, aptitudes en idioma ingl\u00e9s\/franc\u00e9s, requisitos de alojamiento, fechas l\u00edmite de solicitudes, etc.)<\/li>\n<li><strong>Proceso de solicitud<\/strong>\u00a0(p. ej., reportes de calificaciones certificados y traducidos, cartas de recomendaci\u00f3n, formularios de solicitud, formulario de solicitud de alojamiento con familias anfitrionas, costos de la solicitud, etc.)<\/li>\n<li><strong>Carta de aceptaci\u00f3n<\/strong>\u00a0(seguida por la presentaci\u00f3n de los formularios requeridos como el Formulario de custodia, Formulario de registro de inmunizaci\u00f3n o vacunaci\u00f3n, Formulario de seguro m\u00e9dico, etc.)<\/li>\n<li><strong>Permiso de estudio<\/strong>\u00a0(posterior de la Carta final de aceptaci\u00f3n y emitido por la Embajada canadiense, el Consulado canadiense o la Alta comisi\u00f3n m\u00e1s cercana)<\/li>\n<li><strong>Pago de cuota<\/strong><\/li>\n<li><strong>Llegada a Canad\u00e1<\/strong><\/li>\n<li><strong>Evaluaci\u00f3n, orientaci\u00f3n y ubicaci\u00f3n escolar<\/strong><\/li>\n<\/ul>\n<p><strong>\u00bfDesea m\u00e1s informaci\u00f3n acerca de las escuelas financiadas con fondos p\u00fablicos en Ontario?<\/strong><\/p>\n<ul>\n<li style=\"list-style-type: none;\">\n<ul>\n<li><a href=\"http:\/\/www.edu.gov.on.ca\/eng\/educationFacts.html#enrol\" target=\"_blank\" rel=\"noopener\">Datos de educaci\u00f3n: Escuelas y juntas escolares<\/a><\/li>\n<li><a href=\"http:\/\/www.edu.gov.on.ca\/eng\/sift\" target=\"_blank\" rel=\"noopener\">Localizador de informaci\u00f3n de escuelas<\/a><\/li>\n<li><a href=\"http:\/\/www.app.edu.gov.on.ca\/eng\/bpr\/index.html\" target=\"_blank\" rel=\"noopener\">Informes de avance de las juntas escolares<\/a><\/li>\n<li><a href=\"http:\/\/www.edu.gov.on.ca\/eng\/sbinfo\/boardList.html\" target=\"_blank\" rel=\"noopener\">Todas las juntas escolares financiadas con fondos p\u00fablicos en Ontario<\/a><\/li>\n<li><a href=\"http:\/\/www.edu.gov.on.ca\/eng\/policyfunding\/strategyK12.pdf\" target=\"_blank\" rel=\"noopener\">Ontario\u2019s Strategy for K-12 International Education, 2015 (Estrategia de Ontario para la Educaci\u00f3n internacional de jard\u00edn infantil a grado 12, 2015)<\/a><\/li>\n<\/ul>\n<\/li>\n<\/ul>\n<\/div>\n<\/div>\n<\/div><\/div><\/div><\/div><\/div><\/div><\/div>","protected":false},"excerpt":{"rendered":"Requisitos de ingreso para estudiantes internacionales en las escuelas p\u00fablicas de Ontario Inicio Razones por las que deber\u00edas estudiar en Ontario Requisitos de ingreso para estudiantes internacionales en las escuelas p\u00fablicas de Ontario Map Overview District List C\u00f3mo se inscribe un estudiante internacional en una escuela p\u00fablica en Ontario? Cada junta escolar de las escuelas&#8230; <a class=\"view-article\" href=\"https:\/\/www.oasdi.ca\/es\/educacion-internacional\/ontario\/requisitos-de-ingreso\/\">Ver art\u00edculo<\/a>","protected":false},"author":237,"featured_media":16283,"parent":21668,"menu_order":0,"comment_status":"closed","ping_status":"closed","template":"","meta":{"footnotes":""},"class_list":["post-21705","page","type-page","status-publish","has-post-thumbnail","hentry"],"yoast_head":"<!-- This site is optimized with the Yoast SEO plugin v21.5 - https:\/\/yoast.com\/wordpress\/plugins\/seo\/ -->\n<title>Requisitos de ingreso en las escuelas de Ontario<\/title>\n<meta name=\"description\" content=\"Est\u00e1s pensando en presentar tu solicitud para estudiar en Ontario como estudiante internacional? Descubre los requisitos de admisi\u00f3n en Ontario aqu\u00ed.\" \/>\n<meta name=\"robots\" content=\"index, follow, max-snippet:-1, max-image-preview:large, max-video-preview:-1\" \/>\n<link rel=\"canonical\" href=\"https:\/\/www.oasdi.ca\/es\/educacion-internacional\/ontario\/requisitos-de-ingreso\/\" \/>\n<meta property=\"og:locale\" content=\"es_ES\" \/>\n<meta property=\"og:type\" content=\"article\" \/>\n<meta property=\"og:title\" content=\"Requisitos de ingreso en las escuelas de Ontario\" \/>\n<meta property=\"og:description\" content=\"Est\u00e1s pensando en presentar tu solicitud para estudiar en Ontario como estudiante internacional? Descubre los requisitos de admisi\u00f3n en Ontario aqu\u00ed.\" \/>\n<meta property=\"og:url\" content=\"https:\/\/www.oasdi.ca\/es\/educacion-internacional\/ontario\/requisitos-de-ingreso\/\" \/>\n<meta property=\"og:site_name\" content=\"OASDI\" \/>\n<meta property=\"article:modified_time\" content=\"2020-04-25T16:06:46+00:00\" \/>\n<meta property=\"og:image\" content=\"https:\/\/www.oasdi.ca\/wp-content\/uploads\/2020\/03\/onatro-schools-2020.jpg\" \/>\n\t<meta property=\"og:image:width\" content=\"1440\" \/>\n\t<meta property=\"og:image:height\" content=\"268\" \/>\n\t<meta property=\"og:image:type\" content=\"image\/jpeg\" \/>\n<meta name=\"twitter:card\" content=\"summary_large_image\" \/>\n<meta name=\"twitter:label1\" content=\"Tiempo de lectura\" \/>\n\t<meta name=\"twitter:data1\" content=\"2 minutos\" \/>\n<script type=\"application\/ld+json\" class=\"yoast-schema-graph\">{\"@context\":\"https:\/\/schema.org\",\"@graph\":[{\"@type\":\"WebPage\",\"@id\":\"https:\/\/www.oasdi.ca\/es\/educacion-internacional\/ontario\/requisitos-de-ingreso\/\",\"url\":\"https:\/\/www.oasdi.ca\/es\/educacion-internacional\/ontario\/requisitos-de-ingreso\/\",\"name\":\"Requisitos de ingreso en las escuelas de Ontario\",\"isPartOf\":{\"@id\":\"https:\/\/www.oasdi.ca\/es\/#website\"},\"datePublished\":\"2020-03-19T21:33:28+00:00\",\"dateModified\":\"2020-04-25T16:06:46+00:00\",\"description\":\"Est\u00e1s pensando en presentar tu solicitud para estudiar en Ontario como estudiante internacional? Descubre los requisitos de admisi\u00f3n en Ontario aqu\u00ed.\",\"breadcrumb\":{\"@id\":\"https:\/\/www.oasdi.ca\/es\/educacion-internacional\/ontario\/requisitos-de-ingreso\/#breadcrumb\"},\"inLanguage\":\"es\",\"potentialAction\":[{\"@type\":\"ReadAction\",\"target\":[\"https:\/\/www.oasdi.ca\/es\/educacion-internacional\/ontario\/requisitos-de-ingreso\/\"]}]},{\"@type\":\"BreadcrumbList\",\"@id\":\"https:\/\/www.oasdi.ca\/es\/educacion-internacional\/ontario\/requisitos-de-ingreso\/#breadcrumb\",\"itemListElement\":[{\"@type\":\"ListItem\",\"position\":1,\"name\":\"Inicio\",\"item\":\"https:\/\/www.oasdi.ca\/es\/\"},{\"@type\":\"ListItem\",\"position\":2,\"name\":\"Por qu\u00e9 elegir la educaci\u00f3n internacional en Canada?\",\"item\":\"https:\/\/www.oasdi.ca\/es\/educacion-internacional\/\"},{\"@type\":\"ListItem\",\"position\":3,\"name\":\"Por qu\u00e9 elegir la educaci\u00f3n internacional en Ontario?\",\"item\":\"https:\/\/www.oasdi.ca\/es\/educacion-internacional\/ontario\/\"},{\"@type\":\"ListItem\",\"position\":4,\"name\":\"Requisitos de ingreso para estudiantes internacionales en las escuelas p\u00fablicas de Ontario\"}]},{\"@type\":\"WebSite\",\"@id\":\"https:\/\/www.oasdi.ca\/es\/#website\",\"url\":\"https:\/\/www.oasdi.ca\/es\/\",\"name\":\"OASDI\",\"description\":\"Ontario Association of School District International\",\"publisher\":{\"@id\":\"https:\/\/www.oasdi.ca\/es\/#organization\"},\"potentialAction\":[{\"@type\":\"SearchAction\",\"target\":{\"@type\":\"EntryPoint\",\"urlTemplate\":\"https:\/\/www.oasdi.ca\/es\/?s={search_term_string}\"},\"query-input\":\"required name=search_term_string\"}],\"inLanguage\":\"es\"},{\"@type\":\"Organization\",\"@id\":\"https:\/\/www.oasdi.ca\/es\/#organization\",\"name\":\"OASDI\",\"url\":\"https:\/\/www.oasdi.ca\/es\/\",\"logo\":{\"@type\":\"ImageObject\",\"inLanguage\":\"es\",\"@id\":\"https:\/\/www.oasdi.ca\/es\/#\/schema\/logo\/image\/\",\"url\":\"https:\/\/www.oasdi.ca\/wp-content\/uploads\/2020\/02\/cropped-oasdi-logo.png\",\"contentUrl\":\"https:\/\/www.oasdi.ca\/wp-content\/uploads\/2020\/02\/cropped-oasdi-logo.png\",\"width\":468,\"height\":96,\"caption\":\"OASDI\"},\"image\":{\"@id\":\"https:\/\/www.oasdi.ca\/es\/#\/schema\/logo\/image\/\"}}]}<\/script>\n<!-- \/ Yoast SEO plugin. -->","yoast_head_json":{"title":"Requisitos de ingreso en las escuelas de Ontario","description":"Est\u00e1s pensando en presentar tu solicitud para estudiar en Ontario como estudiante internacional? Descubre los requisitos de admisi\u00f3n en Ontario aqu\u00ed.","robots":{"index":"index","follow":"follow","max-snippet":"max-snippet:-1","max-image-preview":"max-image-preview:large","max-video-preview":"max-video-preview:-1"},"canonical":"https:\/\/www.oasdi.ca\/es\/educacion-internacional\/ontario\/requisitos-de-ingreso\/","og_locale":"es_ES","og_type":"article","og_title":"Requisitos de ingreso en las escuelas de Ontario","og_description":"Est\u00e1s pensando en presentar tu solicitud para estudiar en Ontario como estudiante internacional? Descubre los requisitos de admisi\u00f3n en Ontario aqu\u00ed.","og_url":"https:\/\/www.oasdi.ca\/es\/educacion-internacional\/ontario\/requisitos-de-ingreso\/","og_site_name":"OASDI","article_modified_time":"2020-04-25T16:06:46+00:00","og_image":[{"width":1440,"height":268,"url":"https:\/\/www.oasdi.ca\/wp-content\/uploads\/2020\/03\/onatro-schools-2020.jpg","type":"image\/jpeg"}],"twitter_card":"summary_large_image","twitter_misc":{"Tiempo de lectura":"2 minutos"},"schema":{"@context":"https:\/\/schema.org","@graph":[{"@type":"WebPage","@id":"https:\/\/www.oasdi.ca\/es\/educacion-internacional\/ontario\/requisitos-de-ingreso\/","url":"https:\/\/www.oasdi.ca\/es\/educacion-internacional\/ontario\/requisitos-de-ingreso\/","name":"Requisitos de ingreso en las escuelas de Ontario","isPartOf":{"@id":"https:\/\/www.oasdi.ca\/es\/#website"},"datePublished":"2020-03-19T21:33:28+00:00","dateModified":"2020-04-25T16:06:46+00:00","description":"Est\u00e1s pensando en presentar tu solicitud para estudiar en Ontario como estudiante internacional? Descubre los requisitos de admisi\u00f3n en Ontario aqu\u00ed.","breadcrumb":{"@id":"https:\/\/www.oasdi.ca\/es\/educacion-internacional\/ontario\/requisitos-de-ingreso\/#breadcrumb"},"inLanguage":"es","potentialAction":[{"@type":"ReadAction","target":["https:\/\/www.oasdi.ca\/es\/educacion-internacional\/ontario\/requisitos-de-ingreso\/"]}]},{"@type":"BreadcrumbList","@id":"https:\/\/www.oasdi.ca\/es\/educacion-internacional\/ontario\/requisitos-de-ingreso\/#breadcrumb","itemListElement":[{"@type":"ListItem","position":1,"name":"Inicio","item":"https:\/\/www.oasdi.ca\/es\/"},{"@type":"ListItem","position":2,"name":"Por qu\u00e9 elegir la educaci\u00f3n internacional en Canada?","item":"https:\/\/www.oasdi.ca\/es\/educacion-internacional\/"},{"@type":"ListItem","position":3,"name":"Por qu\u00e9 elegir la educaci\u00f3n internacional en Ontario?","item":"https:\/\/www.oasdi.ca\/es\/educacion-internacional\/ontario\/"},{"@type":"ListItem","position":4,"name":"Requisitos de ingreso para estudiantes internacionales en las escuelas p\u00fablicas de Ontario"}]},{"@type":"WebSite","@id":"https:\/\/www.oasdi.ca\/es\/#website","url":"https:\/\/www.oasdi.ca\/es\/","name":"OASDI","description":"Ontario Association of School District International","publisher":{"@id":"https:\/\/www.oasdi.ca\/es\/#organization"},"potentialAction":[{"@type":"SearchAction","target":{"@type":"EntryPoint","urlTemplate":"https:\/\/www.oasdi.ca\/es\/?s={search_term_string}"},"query-input":"required name=search_term_string"}],"inLanguage":"es"},{"@type":"Organization","@id":"https:\/\/www.oasdi.ca\/es\/#organization","name":"OASDI","url":"https:\/\/www.oasdi.ca\/es\/","logo":{"@type":"ImageObject","inLanguage":"es","@id":"https:\/\/www.oasdi.ca\/es\/#\/schema\/logo\/image\/","url":"https:\/\/www.oasdi.ca\/wp-content\/uploads\/2020\/02\/cropped-oasdi-logo.png","contentUrl":"https:\/\/www.oasdi.ca\/wp-content\/uploads\/2020\/02\/cropped-oasdi-logo.png","width":468,"height":96,"caption":"OASDI"},"image":{"@id":"https:\/\/www.oasdi.ca\/es\/#\/schema\/logo\/image\/"}}]}},"_links":{"self":[{"href":"https:\/\/www.oasdi.ca\/es\/wp-json\/wp\/v2\/pages\/21705"}],"collection":[{"href":"https:\/\/www.oasdi.ca\/es\/wp-json\/wp\/v2\/pages"}],"about":[{"href":"https:\/\/www.oasdi.ca\/es\/wp-json\/wp\/v2\/types\/page"}],"author":[{"embeddable":true,"href":"https:\/\/www.oasdi.ca\/es\/wp-json\/wp\/v2\/users\/237"}],"replies":[{"embeddable":true,"href":"https:\/\/www.oasdi.ca\/es\/wp-json\/wp\/v2\/comments?post=21705"}],"version-history":[{"count":0,"href":"https:\/\/www.oasdi.ca\/es\/wp-json\/wp\/v2\/pages\/21705\/revisions"}],"up":[{"embeddable":true,"href":"https:\/\/www.oasdi.ca\/es\/wp-json\/wp\/v2\/pages\/21668"}],"wp:featuredmedia":[{"embeddable":true,"href":"https:\/\/www.oasdi.ca\/es\/wp-json\/wp\/v2\/media\/16283"}],"wp:attachment":[{"href":"https:\/\/www.oasdi.ca\/es\/wp-json\/wp\/v2\/media?parent=21705"}],"curies":[{"name":"wp","href":"https:\/\/api.w.org\/{rel}","templated":true}]}}