{"id":21631,"date":"2020-03-19T15:18:48","date_gmt":"2020-03-19T15:18:48","guid":{"rendered":"http:\/\/oasdi.ca\/educacion-k-12-en-ontario\/requisitos-para-graduarse\/equivalency-credits\/"},"modified":"2020-04-25T14:24:03","modified_gmt":"2020-04-25T14:24:03","slug":"equivalencia-de-creditos","status":"publish","type":"page","link":"https:\/\/www.oasdi.ca\/es\/educacion-k-12-en-ontario\/requisitos-para-graduarse\/equivalencia-de-creditos\/","title":{"rendered":"Equivalencia de cr\u00e9ditos en Ontario"},"content":{"rendered":"<div id=\"pl-21631\"  class=\"panel-layout\" ><div id=\"pg-21631-0\"  class=\"panel-grid panel-no-style\" ><div id=\"pgc-21631-0-0\"  class=\"panel-grid-cell\" ><div id=\"panel-21631-0-0-0\" class=\"so-panel widget widget_sow-image panel-first-child panel-last-child\" data-index=\"0\" ><div class=\"is-featured-img panel-widget-style panel-widget-style-for-21631-0-0-0\" ><div\n\t\t\t\n\t\t\tclass=\"so-widget-sow-image so-widget-sow-image-default-c4f6304fc136-21631\"\n\t\t\t\n\t\t>\n\n<div class=\"sow-image-container\">\n\t\t<img loading=\"lazy\" decoding=\"async\" src=\"https:\/\/www.oasdi.ca\/wp-content\/uploads\/2020\/03\/banner-51.jpg\" width=\"1440\" height=\"268\" srcset=\"https:\/\/www.oasdi.ca\/wp-content\/uploads\/2020\/03\/banner-51.jpg 1440w, https:\/\/www.oasdi.ca\/wp-content\/uploads\/2020\/03\/banner-51-250x47.jpg 250w, https:\/\/www.oasdi.ca\/wp-content\/uploads\/2020\/03\/banner-51-700x130.jpg 700w, https:\/\/www.oasdi.ca\/wp-content\/uploads\/2020\/03\/banner-51-768x143.jpg 768w, https:\/\/www.oasdi.ca\/wp-content\/uploads\/2020\/03\/banner-51-120x22.jpg 120w\" sizes=\"(max-width: 1440px) 100vw, 1440px\" alt=\"\" \t\tclass=\"so-widget-image\"\/>\n\t<\/div>\n\n<\/div><\/div><\/div><\/div><\/div><div id=\"pg-21631-1\"  class=\"panel-grid panel-has-style\" ><div class=\"has-container panel-row-style panel-row-style-for-21631-1\" ><div id=\"pgc-21631-1-0\"  class=\"panel-grid-cell\" ><div id=\"panel-21631-1-0-0\" class=\"so-panel widget widget_hem-seo-title-widget panel-first-child panel-last-child\" data-index=\"1\" ><div class=\"panel-widget-style panel-widget-style-for-21631-1-0-0\" ><div\n\t\t\t\n\t\t\tclass=\"so-widget-hem-seo-title-widget so-widget-hem-seo-title-widget-hem-seo-title-widget-style-d75171398898-21631\"\n\t\t\t\n\t\t>\n<h1 style=\"font-size:px;\">Equivalencia de cr\u00e9ditos en Ontario<\/h1>\n\n\n\n\t<!-- <div class=\"breadcrumb-trail\"><a href=\"index.php\">Home<\/a> \u00bb <span class=\"breadcrumb-current\">About<\/span><\/div> -->\n\t<div class=\"test1\"><span><span><a href=\"https:\/\/www.oasdi.ca\/es\/\">Inicio<\/a><\/span><\/span><\/div>\n<\/div><\/div><\/div><\/div><\/div><\/div><div id=\"pg-21631-2\"  class=\"panel-grid panel-has-style\" ><div class=\"has-container panel-row-style panel-row-style-for-21631-2\" ><div id=\"pgc-21631-2-0\"  class=\"panel-grid-cell\" ><div id=\"panel-21631-2-0-0\" class=\"so-panel widget widget_hem-sidebar-menu-widget panel-first-child\" data-index=\"2\" ><div\n\t\t\t\n\t\t\tclass=\"so-widget-hem-sidebar-menu-widget so-widget-hem-sidebar-menu-widget-hem-sidebar-menu-widget-style-d75171398898-21631\"\n\t\t\t\n\t\t><div id=\"sidebar\">\n\t\t\t<ul id=\"side-menu\" class=\"side-menu menu-embedded\">\n\t\t\t\n\t\t\t\t\t\t\t\t\n\t\t\t\t\t\t\t\t\t\t\t<li><a class=\"active\" href=\"https:\/\/www.oasdi.ca\/es\/educacion-k-12-en-ontario\/requisitos-para-graduarse\/equivalencia-de-creditos\/\">Equivalencia de cr\u00e9ditos en Ontario<\/a><\/li>\n\t\t\t\t\t\t\t\t\t\t\n\n\t\t\t\t<!-- Extra menu -->\n\t\t\t\t\n\n\n\t\t\t\t\t<\/ul>\n\t\n\n<\/div><\/div><\/div><div id=\"panel-21631-2-0-1\" class=\"so-panel widget widget_hem-sidebar-link-widget panel-last-child\" data-index=\"3\" ><div\n\t\t\t\n\t\t\tclass=\"so-widget-hem-sidebar-link-widget so-widget-hem-sidebar-link-widget-hem-sidebar-link-widget-style-d75171398898-21631\"\n\t\t\t\n\t\t><div id=\"sidebar\" class=\"external-link-only\">\n\n\n\n\t\t\t\t<!-- Extra menu -->\n\t\t\t\t\t\t\t\t\t<ul id=\"side-menu\" class=\"side-menu menu-embedded\">\n\t\t\t\t\t\t\t\t\t\t\t\t\t\t\t\t\t\t\t\t\t<li><a  href=\"https:\/\/www.oasdi.ca\/map-search\/\">Map Overview<\/a><\/li>\n\t\t\t\t\t\t\t\t\t\t\t\t\t\t\n\t\t\t\t\t\t\t\t\t\t\t\t\t\t\t\t\t\t\t\t\t<li><a  href=\"https:\/\/www.oasdi.ca\/district-list\/\">District List<\/a><\/li>\n\t\t\t\t\t\t\t\t\t\t\t\t\t\t\n\t\t\t\t\t\t\t\n\t\t\t\t\t<\/ul>\n\t\t\t\t\n\t\t\t\t\n\n\n\n\n<\/div><\/div><\/div><\/div><div id=\"pgc-21631-2-1\"  class=\"panel-grid-cell\" ><div class=\"pl-sm-3 pl-md-5 panel-cell-style panel-cell-style-for-21631-2-1\" ><div id=\"panel-21631-2-1-0\" class=\"so-panel widget widget_hem-seo-title-widget panel-first-child\" data-index=\"4\" ><div class=\"panel-widget-style panel-widget-style-for-21631-2-1-0\" ><div\n\t\t\t\n\t\t\tclass=\"so-widget-hem-seo-title-widget so-widget-hem-seo-title-widget-hem-seo-title-widget-style-d75171398898-21631\"\n\t\t\t\n\t\t>\n<h2 style=\"font-size:px;\">Equivalencias de cr\u00e9ditos extranjeros<\/h2>\n\n\n\n<\/div><\/div><\/div><div id=\"panel-21631-2-1-1\" class=\"so-panel widget widget_sow-editor panel-last-child\" data-index=\"5\" ><div\n\t\t\t\n\t\t\tclass=\"so-widget-sow-editor so-widget-sow-editor-base\"\n\t\t\t\n\t\t>\n<div class=\"siteorigin-widget-tinymce textwidget\">\n\t<p>Las escuelas primarias y secundarias individuales revisan los documentos acad\u00e9micos (traducidos al ingl\u00e9s o franc\u00e9s) de todos los estudiantes que no tienen cr\u00e9ditos anteriores de Ontario y realizan una evaluaci\u00f3n de los cr\u00e9ditos equivalentes.\u00a0 Los Directores de escuelas tienen como gu\u00eda un documento del Ministerio de Educaci\u00f3n de Ontario,\u00a0<em>Ontario Schools: Kindergarten to Grade 12, Policy and Program Requirements (2011) (Escuelas de Ontario: Jard\u00edn infantil a grado 12, Requisitos de las Pol\u00edticas y los Programas<\/em>\u00a02011) para establecer la equivalencia de los cr\u00e9ditos.\u00a0 Preste atenci\u00f3n a la siguiente frase del documento:\u00a0<em>\u201cLos Directores deber\u00e1n asegurarse de que se cumple con los siguientes requisitos:\u00a0 Un estudiante que no tiene cr\u00e9ditos previos de Ontario, pero que haya terminado exitosamente m\u00e1s de tres a\u00f1os de escuela secundaria, est\u00e1 obligado a obtener un m\u00ednimo de cuatro cr\u00e9ditos en los cursos del grado 11 o grado 12 antes de ser recomendado para un OSSD (Diploma de Escuela Secundaria de Ontario) de conformidad con OS\/OSS.\u201d(p\u00e1g. 91<\/em>)<\/p>\n<h3>\u00bfDesea m\u00e1s informaci\u00f3n acerca de los requisitos para la graduaci\u00f3n?<\/h3>\n<p>Vea\u00a0<a href=\"http:\/\/www.edu.gov.on.ca\/eng\/students\/faq-students.html\" target=\"_blank\" rel=\"noopener\">Preguntas frecuentes y respuestas<\/a>: \u00a0\u00bfC\u00f3mo obtengo una evaluaci\u00f3n de los documentos de educaci\u00f3n primaria o secundaria fuera de Ontario?:<\/p>\n<p><a href=\"http:\/\/www.edu.gov.on.ca\/eng\/document\/policy\/os\/ONSchools.pdf\" target=\"_blank\" rel=\"noopener\">Ontario Schools: Kindergarten to Grade 12, Policy and Program Requirements (2011) (Escuelas de Ontario: Jard\u00edn infantil a grado 12, Requisitos de las Pol\u00edticas y los Programas [2011])<\/a><\/p>\n<\/div>\n<\/div><\/div><\/div><\/div><\/div><\/div><\/div>","protected":false},"excerpt":{"rendered":"Equivalencia de cr\u00e9ditos en Ontario Inicio Equivalencia de cr\u00e9ditos en Ontario Map Overview District List Equivalencias de cr\u00e9ditos extranjeros Las escuelas primarias y secundarias individuales revisan los documentos acad\u00e9micos (traducidos al ingl\u00e9s o franc\u00e9s) de todos los estudiantes que no tienen cr\u00e9ditos anteriores de Ontario y realizan una evaluaci\u00f3n de los cr\u00e9ditos equivalentes.\u00a0 Los Directores&#8230; <a class=\"view-article\" href=\"https:\/\/www.oasdi.ca\/es\/educacion-k-12-en-ontario\/requisitos-para-graduarse\/equivalencia-de-creditos\/\">Ver art\u00edculo<\/a>","protected":false},"author":237,"featured_media":0,"parent":20960,"menu_order":535,"comment_status":"closed","ping_status":"closed","template":"","meta":{"footnotes":""},"class_list":["post-21631","page","type-page","status-publish","hentry"],"yoast_head":"<!-- This site is optimized with the Yoast SEO plugin v21.5 - https:\/\/yoast.com\/wordpress\/plugins\/seo\/ -->\n<title>Equivalencia de cr\u00e9ditos | Educaci\u00f3n en Ontario | OASI<\/title>\n<meta name=\"description\" content=\"Los cr\u00e9ditos de equivalencia se utilizan en Ontario cuando los estudiantes han asistido a escuelas en otras provincias o pa\u00edses. Conoce m\u00e1s acerca de esto ac\u00e1.\" \/>\n<meta name=\"robots\" content=\"index, follow, max-snippet:-1, max-image-preview:large, max-video-preview:-1\" \/>\n<link rel=\"canonical\" href=\"https:\/\/www.oasdi.ca\/es\/educacion-k-12-en-ontario\/requisitos-para-graduarse\/equivalencia-de-creditos\/\" \/>\n<meta property=\"og:locale\" content=\"es_ES\" \/>\n<meta property=\"og:type\" content=\"article\" \/>\n<meta property=\"og:title\" content=\"Equivalencia de cr\u00e9ditos | Educaci\u00f3n en Ontario | OASI\" \/>\n<meta property=\"og:description\" content=\"Los cr\u00e9ditos de equivalencia se utilizan en Ontario cuando los estudiantes han asistido a escuelas en otras provincias o pa\u00edses. Conoce m\u00e1s acerca de esto ac\u00e1.\" \/>\n<meta property=\"og:url\" content=\"https:\/\/www.oasdi.ca\/es\/educacion-k-12-en-ontario\/requisitos-para-graduarse\/equivalencia-de-creditos\/\" \/>\n<meta property=\"og:site_name\" content=\"OASDI\" \/>\n<meta property=\"article:modified_time\" content=\"2020-04-25T14:24:03+00:00\" \/>\n<meta property=\"og:image\" content=\"https:\/\/www.oasdi.ca\/wp-content\/uploads\/2020\/03\/oasdi-faq.jpg\" \/>\n\t<meta property=\"og:image:width\" content=\"1440\" \/>\n\t<meta property=\"og:image:height\" content=\"268\" \/>\n\t<meta property=\"og:image:type\" content=\"image\/jpeg\" \/>\n<meta name=\"twitter:card\" content=\"summary_large_image\" \/>\n<meta name=\"twitter:label1\" content=\"Tiempo de lectura\" \/>\n\t<meta name=\"twitter:data1\" content=\"1 minuto\" \/>\n<script type=\"application\/ld+json\" class=\"yoast-schema-graph\">{\"@context\":\"https:\/\/schema.org\",\"@graph\":[{\"@type\":\"WebPage\",\"@id\":\"https:\/\/www.oasdi.ca\/es\/educacion-k-12-en-ontario\/requisitos-para-graduarse\/equivalencia-de-creditos\/\",\"url\":\"https:\/\/www.oasdi.ca\/es\/educacion-k-12-en-ontario\/requisitos-para-graduarse\/equivalencia-de-creditos\/\",\"name\":\"Equivalencia de cr\u00e9ditos | Educaci\u00f3n en Ontario | OASI\",\"isPartOf\":{\"@id\":\"https:\/\/www.oasdi.ca\/es\/#website\"},\"datePublished\":\"2020-03-19T15:18:48+00:00\",\"dateModified\":\"2020-04-25T14:24:03+00:00\",\"description\":\"Los cr\u00e9ditos de equivalencia se utilizan en Ontario cuando los estudiantes han asistido a escuelas en otras provincias o pa\u00edses. Conoce m\u00e1s acerca de esto ac\u00e1.\",\"breadcrumb\":{\"@id\":\"https:\/\/www.oasdi.ca\/es\/educacion-k-12-en-ontario\/requisitos-para-graduarse\/equivalencia-de-creditos\/#breadcrumb\"},\"inLanguage\":\"es\",\"potentialAction\":[{\"@type\":\"ReadAction\",\"target\":[\"https:\/\/www.oasdi.ca\/es\/educacion-k-12-en-ontario\/requisitos-para-graduarse\/equivalencia-de-creditos\/\"]}]},{\"@type\":\"BreadcrumbList\",\"@id\":\"https:\/\/www.oasdi.ca\/es\/educacion-k-12-en-ontario\/requisitos-para-graduarse\/equivalencia-de-creditos\/#breadcrumb\",\"itemListElement\":[{\"@type\":\"ListItem\",\"position\":1,\"name\":\"Inicio\",\"item\":\"https:\/\/www.oasdi.ca\/es\/\"},{\"@type\":\"ListItem\",\"position\":2,\"name\":\"Educaci\u00f3n K-12 en Ontario\",\"item\":\"https:\/\/www.oasdi.ca\/es\/educacion-k-12-en-ontario\/\"},{\"@type\":\"ListItem\",\"position\":3,\"name\":\"Requisitos para la graduaci\u00f3n en Ontario\",\"item\":\"https:\/\/www.oasdi.ca\/es\/educacion-k-12-en-ontario\/requisitos-para-graduarse\/\"},{\"@type\":\"ListItem\",\"position\":4,\"name\":\"Equivalencia de cr\u00e9ditos en Ontario\"}]},{\"@type\":\"WebSite\",\"@id\":\"https:\/\/www.oasdi.ca\/es\/#website\",\"url\":\"https:\/\/www.oasdi.ca\/es\/\",\"name\":\"OASDI\",\"description\":\"Ontario Association of School District International\",\"publisher\":{\"@id\":\"https:\/\/www.oasdi.ca\/es\/#organization\"},\"potentialAction\":[{\"@type\":\"SearchAction\",\"target\":{\"@type\":\"EntryPoint\",\"urlTemplate\":\"https:\/\/www.oasdi.ca\/es\/?s={search_term_string}\"},\"query-input\":\"required name=search_term_string\"}],\"inLanguage\":\"es\"},{\"@type\":\"Organization\",\"@id\":\"https:\/\/www.oasdi.ca\/es\/#organization\",\"name\":\"OASDI\",\"url\":\"https:\/\/www.oasdi.ca\/es\/\",\"logo\":{\"@type\":\"ImageObject\",\"inLanguage\":\"es\",\"@id\":\"https:\/\/www.oasdi.ca\/es\/#\/schema\/logo\/image\/\",\"url\":\"https:\/\/www.oasdi.ca\/wp-content\/uploads\/2020\/02\/cropped-oasdi-logo.png\",\"contentUrl\":\"https:\/\/www.oasdi.ca\/wp-content\/uploads\/2020\/02\/cropped-oasdi-logo.png\",\"width\":468,\"height\":96,\"caption\":\"OASDI\"},\"image\":{\"@id\":\"https:\/\/www.oasdi.ca\/es\/#\/schema\/logo\/image\/\"}}]}<\/script>\n<!-- \/ Yoast SEO plugin. -->","yoast_head_json":{"title":"Equivalencia de cr\u00e9ditos | Educaci\u00f3n en Ontario | OASI","description":"Los cr\u00e9ditos de equivalencia se utilizan en Ontario cuando los estudiantes han asistido a escuelas en otras provincias o pa\u00edses. Conoce m\u00e1s acerca de esto ac\u00e1.","robots":{"index":"index","follow":"follow","max-snippet":"max-snippet:-1","max-image-preview":"max-image-preview:large","max-video-preview":"max-video-preview:-1"},"canonical":"https:\/\/www.oasdi.ca\/es\/educacion-k-12-en-ontario\/requisitos-para-graduarse\/equivalencia-de-creditos\/","og_locale":"es_ES","og_type":"article","og_title":"Equivalencia de cr\u00e9ditos | Educaci\u00f3n en Ontario | OASI","og_description":"Los cr\u00e9ditos de equivalencia se utilizan en Ontario cuando los estudiantes han asistido a escuelas en otras provincias o pa\u00edses. Conoce m\u00e1s acerca de esto ac\u00e1.","og_url":"https:\/\/www.oasdi.ca\/es\/educacion-k-12-en-ontario\/requisitos-para-graduarse\/equivalencia-de-creditos\/","og_site_name":"OASDI","article_modified_time":"2020-04-25T14:24:03+00:00","og_image":[{"width":1440,"height":268,"url":"https:\/\/www.oasdi.ca\/wp-content\/uploads\/2020\/03\/oasdi-faq.jpg","type":"image\/jpeg"}],"twitter_card":"summary_large_image","twitter_misc":{"Tiempo de lectura":"1 minuto"},"schema":{"@context":"https:\/\/schema.org","@graph":[{"@type":"WebPage","@id":"https:\/\/www.oasdi.ca\/es\/educacion-k-12-en-ontario\/requisitos-para-graduarse\/equivalencia-de-creditos\/","url":"https:\/\/www.oasdi.ca\/es\/educacion-k-12-en-ontario\/requisitos-para-graduarse\/equivalencia-de-creditos\/","name":"Equivalencia de cr\u00e9ditos | Educaci\u00f3n en Ontario | OASI","isPartOf":{"@id":"https:\/\/www.oasdi.ca\/es\/#website"},"datePublished":"2020-03-19T15:18:48+00:00","dateModified":"2020-04-25T14:24:03+00:00","description":"Los cr\u00e9ditos de equivalencia se utilizan en Ontario cuando los estudiantes han asistido a escuelas en otras provincias o pa\u00edses. Conoce m\u00e1s acerca de esto ac\u00e1.","breadcrumb":{"@id":"https:\/\/www.oasdi.ca\/es\/educacion-k-12-en-ontario\/requisitos-para-graduarse\/equivalencia-de-creditos\/#breadcrumb"},"inLanguage":"es","potentialAction":[{"@type":"ReadAction","target":["https:\/\/www.oasdi.ca\/es\/educacion-k-12-en-ontario\/requisitos-para-graduarse\/equivalencia-de-creditos\/"]}]},{"@type":"BreadcrumbList","@id":"https:\/\/www.oasdi.ca\/es\/educacion-k-12-en-ontario\/requisitos-para-graduarse\/equivalencia-de-creditos\/#breadcrumb","itemListElement":[{"@type":"ListItem","position":1,"name":"Inicio","item":"https:\/\/www.oasdi.ca\/es\/"},{"@type":"ListItem","position":2,"name":"Educaci\u00f3n K-12 en Ontario","item":"https:\/\/www.oasdi.ca\/es\/educacion-k-12-en-ontario\/"},{"@type":"ListItem","position":3,"name":"Requisitos para la graduaci\u00f3n en Ontario","item":"https:\/\/www.oasdi.ca\/es\/educacion-k-12-en-ontario\/requisitos-para-graduarse\/"},{"@type":"ListItem","position":4,"name":"Equivalencia de cr\u00e9ditos en Ontario"}]},{"@type":"WebSite","@id":"https:\/\/www.oasdi.ca\/es\/#website","url":"https:\/\/www.oasdi.ca\/es\/","name":"OASDI","description":"Ontario Association of School District International","publisher":{"@id":"https:\/\/www.oasdi.ca\/es\/#organization"},"potentialAction":[{"@type":"SearchAction","target":{"@type":"EntryPoint","urlTemplate":"https:\/\/www.oasdi.ca\/es\/?s={search_term_string}"},"query-input":"required name=search_term_string"}],"inLanguage":"es"},{"@type":"Organization","@id":"https:\/\/www.oasdi.ca\/es\/#organization","name":"OASDI","url":"https:\/\/www.oasdi.ca\/es\/","logo":{"@type":"ImageObject","inLanguage":"es","@id":"https:\/\/www.oasdi.ca\/es\/#\/schema\/logo\/image\/","url":"https:\/\/www.oasdi.ca\/wp-content\/uploads\/2020\/02\/cropped-oasdi-logo.png","contentUrl":"https:\/\/www.oasdi.ca\/wp-content\/uploads\/2020\/02\/cropped-oasdi-logo.png","width":468,"height":96,"caption":"OASDI"},"image":{"@id":"https:\/\/www.oasdi.ca\/es\/#\/schema\/logo\/image\/"}}]}},"_links":{"self":[{"href":"https:\/\/www.oasdi.ca\/es\/wp-json\/wp\/v2\/pages\/21631"}],"collection":[{"href":"https:\/\/www.oasdi.ca\/es\/wp-json\/wp\/v2\/pages"}],"about":[{"href":"https:\/\/www.oasdi.ca\/es\/wp-json\/wp\/v2\/types\/page"}],"author":[{"embeddable":true,"href":"https:\/\/www.oasdi.ca\/es\/wp-json\/wp\/v2\/users\/237"}],"replies":[{"embeddable":true,"href":"https:\/\/www.oasdi.ca\/es\/wp-json\/wp\/v2\/comments?post=21631"}],"version-history":[{"count":0,"href":"https:\/\/www.oasdi.ca\/es\/wp-json\/wp\/v2\/pages\/21631\/revisions"}],"up":[{"embeddable":true,"href":"https:\/\/www.oasdi.ca\/es\/wp-json\/wp\/v2\/pages\/20960"}],"wp:attachment":[{"href":"https:\/\/www.oasdi.ca\/es\/wp-json\/wp\/v2\/media?parent=21631"}],"curies":[{"name":"wp","href":"https:\/\/api.w.org\/{rel}","templated":true}]}}