{"id":21210,"date":"2020-03-18T12:59:24","date_gmt":"2020-03-18T12:59:24","guid":{"rendered":"http:\/\/oasdi.ca\/ontario-school-districts\/"},"modified":"2020-04-23T20:38:39","modified_gmt":"2020-04-23T20:38:39","slug":"escuelas-distritales-de-ontario","status":"publish","type":"page","link":"https:\/\/www.oasdi.ca\/es\/escuelas-distritales-de-ontario\/","title":{"rendered":"Acerca de los distritos escolares de Ontario"},"content":{"rendered":"<div id=\"pl-21210\"  class=\"panel-layout\" ><div id=\"pg-21210-0\"  class=\"panel-grid panel-no-style\" ><div id=\"pgc-21210-0-0\"  class=\"panel-grid-cell\" ><div id=\"panel-21210-0-0-0\" class=\"so-panel widget widget_sow-image panel-first-child panel-last-child\" data-index=\"0\" ><div class=\"is-featured-img panel-widget-style panel-widget-style-for-21210-0-0-0\" ><div\n\t\t\t\n\t\t\tclass=\"so-widget-sow-image so-widget-sow-image-default-c4f6304fc136-21210\"\n\t\t\t\n\t\t>\n\n<div class=\"sow-image-container\">\n\t\t<img loading=\"lazy\" decoding=\"async\" src=\"https:\/\/www.oasdi.ca\/wp-content\/uploads\/2020\/03\/oasdi-ontario.jpg\" width=\"1440\" height=\"268\" srcset=\"https:\/\/www.oasdi.ca\/wp-content\/uploads\/2020\/03\/oasdi-ontario.jpg 1440w, https:\/\/www.oasdi.ca\/wp-content\/uploads\/2020\/03\/oasdi-ontario-250x47.jpg 250w, https:\/\/www.oasdi.ca\/wp-content\/uploads\/2020\/03\/oasdi-ontario-700x130.jpg 700w, https:\/\/www.oasdi.ca\/wp-content\/uploads\/2020\/03\/oasdi-ontario-768x143.jpg 768w, https:\/\/www.oasdi.ca\/wp-content\/uploads\/2020\/03\/oasdi-ontario-120x22.jpg 120w\" sizes=\"(max-width: 1440px) 100vw, 1440px\" alt=\"\" \t\tclass=\"so-widget-image\"\/>\n\t<\/div>\n\n<\/div><\/div><\/div><\/div><\/div><div id=\"pg-21210-1\"  class=\"panel-grid panel-has-style\" ><div class=\"has-container panel-row-style panel-row-style-for-21210-1\" ><div id=\"pgc-21210-1-0\"  class=\"panel-grid-cell\" ><div id=\"panel-21210-1-0-0\" class=\"so-panel widget widget_hem-seo-title-widget panel-first-child panel-last-child\" data-index=\"1\" ><div class=\"panel-widget-style panel-widget-style-for-21210-1-0-0\" ><div\n\t\t\t\n\t\t\tclass=\"so-widget-hem-seo-title-widget so-widget-hem-seo-title-widget-hem-seo-title-widget-style-d75171398898-21210\"\n\t\t\t\n\t\t>\n<h1 style=\"font-size:px;\">Acerca de los distritos escolares de Ontario<\/h1>\n\n\n\n\t<!-- <div class=\"breadcrumb-trail\"><a href=\"index.php\">Home<\/a> \u00bb <span class=\"breadcrumb-current\">About<\/span><\/div> -->\n\t<div class=\"test1\"><span><span><a href=\"https:\/\/www.oasdi.ca\/es\/\">Inicio<\/a><\/span><\/span><\/div>\n<\/div><\/div><\/div><\/div><\/div><\/div><div id=\"pg-21210-2\"  class=\"panel-grid panel-has-style\" ><div class=\"has-container panel-row-style panel-row-style-for-21210-2\" ><div id=\"pgc-21210-2-0\"  class=\"panel-grid-cell\" ><div id=\"panel-21210-2-0-0\" class=\"so-panel widget widget_hem-sidebar-menu-widget panel-first-child\" data-index=\"2\" ><div\n\t\t\t\n\t\t\tclass=\"so-widget-hem-sidebar-menu-widget so-widget-hem-sidebar-menu-widget-hem-sidebar-menu-widget-style-d75171398898-21210\"\n\t\t\t\n\t\t><div id=\"sidebar\">\n\t\t\t<ul id=\"side-menu\" class=\"side-menu menu-embedded\">\n\t\t\t\n\t\t\t\t\t\t\t\t\n\t\t\t\t\t\t\t\t\t\t\t<li><a href=\"https:\/\/www.oasdi.ca\/es\/escuelas-distritales-de-ontario\/oasdi-escuelas-distritales\/\">Acerca de los distritos escolares miembros de la OASDI<\/a><\/li>\n\t\t\t\t\t\t\t\t\t\t\t\t\t\n\t\t\t\t\t\t\t\t\t\t\t<li><a href=\"https:\/\/www.oasdi.ca\/es\/escuelas-distritales-de-ontario\/preguntas-frecuentes\/\">Preguntas frecuentes acerca de los distritos escolares de Ontario<\/a><\/li>\n\t\t\t\t\t\t\t\t\t\t\t\t\t\n\t\t\t\t\t\t\t\t\t\t\t<li><a href=\"https:\/\/www.oasdi.ca\/es\/escuelas-distritales-de-ontario\/videos-oasdi\/\">Videos acerca de la OASDI<\/a><\/li>\n\t\t\t\t\t\t\t\t\t\t\n\n\t\t\t\t<!-- Extra menu -->\n\t\t\t\t\n\n\n\t\t\t\t\t<\/ul>\n\t\n\n<\/div><\/div><\/div><div id=\"panel-21210-2-0-1\" class=\"so-panel widget widget_hem-sidebar-link-widget panel-last-child\" data-index=\"3\" ><div\n\t\t\t\n\t\t\tclass=\"so-widget-hem-sidebar-link-widget so-widget-hem-sidebar-link-widget-hem-sidebar-link-widget-style-d75171398898-21210\"\n\t\t\t\n\t\t><div id=\"sidebar\" class=\"external-link-only\">\n\n\n\n\t\t\t\t<!-- Extra menu -->\n\t\t\t\t\t\t\t\t\t<ul id=\"side-menu\" class=\"side-menu menu-embedded\">\n\t\t\t\t\t\t\t\t\t\t\t\t\t\t\t\t\t\t\t\t\t<li><a  href=\"https:\/\/www.oasdi.ca\/map-search\/\">Map Overview<\/a><\/li>\n\t\t\t\t\t\t\t\t\t\t\t\t\t\t\n\t\t\t\t\t\t\t\t\t\t\t\t\t\t\t\t\t\t\t\t\t<li><a  href=\"https:\/\/www.oasdi.ca\/district-list\/\">District List<\/a><\/li>\n\t\t\t\t\t\t\t\t\t\t\t\t\t\t\n\t\t\t\t\t\t\t\n\t\t\t\t\t<\/ul>\n\t\t\t\t\n\t\t\t\t\n\n\n\n\n<\/div><\/div><\/div><\/div><div id=\"pgc-21210-2-1\"  class=\"panel-grid-cell\" ><div class=\"pl-sm-3 pl-md-5 panel-cell-style panel-cell-style-for-21210-2-1\" ><div id=\"panel-21210-2-1-0\" class=\"so-panel widget widget_hem-seo-title-widget panel-first-child\" data-index=\"4\" ><div\n\t\t\t\n\t\t\tclass=\"so-widget-hem-seo-title-widget so-widget-hem-seo-title-widget-hem-seo-title-widget-style-d75171398898-21210\"\n\t\t\t\n\t\t>\n<h2 style=\"font-size:px;\">Qu\u00e9 son los distritos escolares\/juntas escolares? What are school districts\/school boards?<\/h2>\n\n\n<div class=\"title-border\"><\/div>\n\n<\/div><\/div><div id=\"panel-21210-2-1-1\" class=\"so-panel widget widget_sow-editor panel-last-child\" data-index=\"5\" ><div\n\t\t\t\n\t\t\tclass=\"so-widget-sow-editor so-widget-sow-editor-base\"\n\t\t\t\n\t\t>\n<div class=\"siteorigin-widget-tinymce textwidget\">\n\t<div id=\"secondary-right-inner\">\n<h3><strong>\u00bfQu\u00e9 son los distritos escolares\/juntas escolares?\u00a0<\/strong><\/h3>\n<p>Las juntas escolares tambi\u00e9n se conocen como\u00a0<a href=\"\/es\/lista-distrital\/\"><em>distritos escolares<\/em><\/a>. Todas las escuelas financiadas con fondos p\u00fablicos de Ontario siguen el mismo plan de estudios y todas est\u00e1n esencialmente organizadas de la misma manera. Existen pr\u00e1cticas consistentes en el rendimiento de los estudiantes y requerimientos obligatorios para los maestros.\u00a0 Es muy importante tener en cuenta que aunque las escuelas secundarias p\u00fablicas y cat\u00f3licas tienen los mismos est\u00e1ndares elevados de educaci\u00f3n, hay algunas diferencias.<\/p>\n<p>El financiamiento de las escuelas viene del Ministerio de Educaci\u00f3n de Ontario por medio del ingreso de los impuestos de los ciudadanos de la provincia. Casi todas las escuelas p\u00fablicas de Ontario son parte de una junta escolar designada.\u00a0 Las juntas escolares:<\/p>\n<ul>\n<li>Supervisan un \u00e1rea geogr\u00e1fica espec\u00edfica seg\u00fan se indica en el\u00a0<a href=\"\/es\/busqueda-por-mapa\/\">mapa de la vista general<\/a>;<\/li>\n<li>han elegido administradores de las comunidades locales y pueden tomar decisiones acerca de algunas pol\u00edticas y procedimientos con base en las necesidades locales;<\/li>\n<li>tienen la responsabilidad de la contrataci\u00f3n de todo el personal, incluyendo maestros, directores y el personal de apoyo;<\/li>\n<li>son administradas por personal experimentado que consiste de un Director de Educaci\u00f3n y los Superintendentes.<\/li>\n<\/ul>\n<p>Puede haber hasta cuatro diferentes juntas escolares en un \u00e1rea geogr\u00e1fica. Estas son las juntas escolares de Ontario seg\u00fan el tipo de junta escolar:<\/p>\n<ul>\n<li>31 p\u00fablicas en idioma ingl\u00e9s<\/li>\n<li>29 Cat\u00f3licas en idioma ingl\u00e9s<\/li>\n<li>4 p\u00fablicas en idioma franc\u00e9s y<\/li>\n<li>8 Cat\u00f3licas en idioma franc\u00e9s<\/li>\n<\/ul>\n<h3><strong>Educaci\u00f3n p\u00fablica y cat\u00f3lica en Ontario<\/strong><\/h3>\n<p>Las juntas escolares p\u00fablicas y cat\u00f3licas de Ontario (franc\u00e9s e ingl\u00e9s) son financiadas completamente por el Ministerio de Educaci\u00f3n de Ontario y ambos tipos de juntas escolares deben seguir\u00a0<em>The Ontario Curriculum (Plan de estudios de Ontario)<\/em>; ambos sistemas proporcionan una educaci\u00f3n de una calidad alta similar. El plan de estudios b\u00e1sico en las escuelas cat\u00f3licas en esencia es muy similar al de las escuelas p\u00fablicas, pero existen documentos separados del plan de estudios que enfatizan los valores religiosos cat\u00f3licos.\u00a0 Las escuelas p\u00fablicas y las cat\u00f3licas se diferencian en que las escuelas p\u00fablicas son completamente seculares, en tanto que las escuelas cat\u00f3licas integran las creencias religiosas en la vida diaria de los estudiantes por medio de pr\u00e1cticas religiosas como oraciones, misa en las escuelas y conexi\u00f3n con la comunidad cat\u00f3lica.<\/p>\n<h3><strong>Distritos escolares de idioma franc\u00e9s<\/strong><\/h3>\n<p>Canad\u00e1 es un pa\u00eds biling\u00fce y los dos idiomas oficiales son el franc\u00e9s y el ingl\u00e9s.<\/p>\n<p>La diferencia esencial entre las juntas escolares de idioma franc\u00e9s e idioma ingl\u00e9s es que los estudiantes inscritos en las escuelas de idioma franc\u00e9s aprenden todas las asignaturas en franc\u00e9s con excepci\u00f3n de los cursos requeridos en ingl\u00e9s.\u00a0 En general, todos los servicios de apoyo y comunicaci\u00f3n con la escuela se realizan en el idioma franc\u00e9s. Las juntas escolares de idioma franc\u00e9s son financiadas con fondos p\u00fablicos.<\/p>\n<p>Para comunicarse con una junta escolar de idioma franc\u00e9s en Ontario, visite:\u00a0<a href=\"http:\/\/www.ontario.ca\/page\/french-language-schools\" target=\"_blank\" rel=\"noopener\">www.ontario.ca\/page\/franc\u00e9s-language-escuelas<\/a><\/p>\n<h4><strong>\u00bfDesea m\u00e1s informaci\u00f3n acerca de los distritos escolares de idioma franc\u00e9s?<\/strong><\/h4>\n<ul>\n<li><em><a href=\"http:\/\/www.edu.gov.on.ca\/eng\/document\/policy\/Admission.pdf\" target=\"_blank\" rel=\"noopener\">Declaraci\u00f3n de pol\u00edtica y directrices para la admisi\u00f3n, bienvenida y Support of Students in French Language Schools in Ontario (Apoyo de los estudiantes en las escuelas de idioma franc\u00e9s en Ontario)<\/a><\/em><\/li>\n<li><em><a href=\"http:\/\/www.edu.gov.on.ca\/eng\/amenagement\/parent.html\" target=\"_blank\" rel=\"noopener\">Preguntas frecuentes<\/a><\/em><\/li>\n<\/ul>\n<h4><strong>\u00bfDesea m\u00e1s informaci\u00f3n acerca de las escuelas financiadas con fondos p\u00fablicos en Ontario?<\/strong><\/h4>\n<ul>\n<li><em><a href=\"http:\/\/www.edu.gov.on.ca\/eng\/educationFacts.html#enrol\" target=\"_blank\" rel=\"noopener\">Datos de educaci\u00f3n: Escuelas y juntas escolares<\/a><\/em><\/li>\n<li><em><a href=\"http:\/\/www.edu.gov.on.ca\/eng\/sift\" target=\"_blank\" rel=\"noopener\">Localizador de informaci\u00f3n de escuelas<\/a><\/em><\/li>\n<li><em><a href=\"http:\/\/www.app.edu.gov.on.ca\/eng\/bpr\/index.html\" target=\"_blank\" rel=\"noopener\">Informes de avance de las juntas escolares<\/a><\/em><\/li>\n<\/ul>\n<\/div>\n<\/div>\n<\/div><\/div><\/div><\/div><\/div><\/div><\/div>","protected":false},"excerpt":{"rendered":"Acerca de los distritos escolares de Ontario Inicio Acerca de los distritos escolares miembros de la OASDI Preguntas frecuentes acerca de los distritos escolares de Ontario Videos acerca de la OASDI Map Overview District List Qu\u00e9 son los distritos escolares\/juntas escolares? What are school districts\/school boards? \u00bfQu\u00e9 son los distritos escolares\/juntas escolares?\u00a0 Las juntas escolares&#8230; <a class=\"view-article\" href=\"https:\/\/www.oasdi.ca\/es\/escuelas-distritales-de-ontario\/\">Ver art\u00edculo<\/a>","protected":false},"author":237,"featured_media":0,"parent":0,"menu_order":596,"comment_status":"closed","ping_status":"closed","template":"","meta":{"footnotes":""},"class_list":["post-21210","page","type-page","status-publish","hentry"],"yoast_head":"<!-- This site is optimized with the Yoast SEO plugin v21.5 - https:\/\/yoast.com\/wordpress\/plugins\/seo\/ -->\n<title>Distritos escolares de Ontario | Educaci\u00f3n en Ontario<\/title>\n<meta name=\"description\" content=\"Las escuelas de la provincia de Ontario est\u00e1n organizadas en grupos llamados distritos o juntas escolares. Descubre m\u00e1s acerca de los distritos escolares aqu\u00ed.\" \/>\n<meta name=\"robots\" content=\"index, follow, max-snippet:-1, max-image-preview:large, max-video-preview:-1\" \/>\n<link rel=\"canonical\" href=\"https:\/\/www.oasdi.ca\/es\/escuelas-distritales-de-ontario\/\" \/>\n<meta property=\"og:locale\" content=\"es_ES\" \/>\n<meta property=\"og:type\" content=\"article\" \/>\n<meta property=\"og:title\" content=\"Distritos escolares de Ontario | Educaci\u00f3n en Ontario\" \/>\n<meta property=\"og:description\" content=\"Las escuelas de la provincia de Ontario est\u00e1n organizadas en grupos llamados distritos o juntas escolares. Descubre m\u00e1s acerca de los distritos escolares aqu\u00ed.\" \/>\n<meta property=\"og:url\" content=\"https:\/\/www.oasdi.ca\/es\/escuelas-distritales-de-ontario\/\" \/>\n<meta property=\"og:site_name\" content=\"OASDI\" \/>\n<meta property=\"article:modified_time\" content=\"2020-04-23T20:38:39+00:00\" \/>\n<meta property=\"og:image\" content=\"https:\/\/www.oasdi.ca\/wp-content\/uploads\/2020\/03\/oasdi-faq.jpg\" \/>\n\t<meta property=\"og:image:width\" content=\"1440\" \/>\n\t<meta property=\"og:image:height\" content=\"268\" \/>\n\t<meta property=\"og:image:type\" content=\"image\/jpeg\" \/>\n<meta name=\"twitter:card\" content=\"summary_large_image\" \/>\n<meta name=\"twitter:label1\" content=\"Tiempo de lectura\" \/>\n\t<meta name=\"twitter:data1\" content=\"3 minutos\" \/>\n<script type=\"application\/ld+json\" class=\"yoast-schema-graph\">{\"@context\":\"https:\/\/schema.org\",\"@graph\":[{\"@type\":\"WebPage\",\"@id\":\"https:\/\/www.oasdi.ca\/es\/escuelas-distritales-de-ontario\/\",\"url\":\"https:\/\/www.oasdi.ca\/es\/escuelas-distritales-de-ontario\/\",\"name\":\"Distritos escolares de Ontario | Educaci\u00f3n en Ontario\",\"isPartOf\":{\"@id\":\"https:\/\/www.oasdi.ca\/es\/#website\"},\"datePublished\":\"2020-03-18T12:59:24+00:00\",\"dateModified\":\"2020-04-23T20:38:39+00:00\",\"description\":\"Las escuelas de la provincia de Ontario est\u00e1n organizadas en grupos llamados distritos o juntas escolares. Descubre m\u00e1s acerca de los distritos escolares aqu\u00ed.\",\"breadcrumb\":{\"@id\":\"https:\/\/www.oasdi.ca\/es\/escuelas-distritales-de-ontario\/#breadcrumb\"},\"inLanguage\":\"es\",\"potentialAction\":[{\"@type\":\"ReadAction\",\"target\":[\"https:\/\/www.oasdi.ca\/es\/escuelas-distritales-de-ontario\/\"]}]},{\"@type\":\"BreadcrumbList\",\"@id\":\"https:\/\/www.oasdi.ca\/es\/escuelas-distritales-de-ontario\/#breadcrumb\",\"itemListElement\":[{\"@type\":\"ListItem\",\"position\":1,\"name\":\"Inicio\",\"item\":\"https:\/\/www.oasdi.ca\/es\/\"},{\"@type\":\"ListItem\",\"position\":2,\"name\":\"Acerca de los distritos escolares de Ontario\"}]},{\"@type\":\"WebSite\",\"@id\":\"https:\/\/www.oasdi.ca\/es\/#website\",\"url\":\"https:\/\/www.oasdi.ca\/es\/\",\"name\":\"OASDI\",\"description\":\"Ontario Association of School District International\",\"publisher\":{\"@id\":\"https:\/\/www.oasdi.ca\/es\/#organization\"},\"potentialAction\":[{\"@type\":\"SearchAction\",\"target\":{\"@type\":\"EntryPoint\",\"urlTemplate\":\"https:\/\/www.oasdi.ca\/es\/?s={search_term_string}\"},\"query-input\":\"required name=search_term_string\"}],\"inLanguage\":\"es\"},{\"@type\":\"Organization\",\"@id\":\"https:\/\/www.oasdi.ca\/es\/#organization\",\"name\":\"OASDI\",\"url\":\"https:\/\/www.oasdi.ca\/es\/\",\"logo\":{\"@type\":\"ImageObject\",\"inLanguage\":\"es\",\"@id\":\"https:\/\/www.oasdi.ca\/es\/#\/schema\/logo\/image\/\",\"url\":\"https:\/\/www.oasdi.ca\/wp-content\/uploads\/2020\/02\/cropped-oasdi-logo.png\",\"contentUrl\":\"https:\/\/www.oasdi.ca\/wp-content\/uploads\/2020\/02\/cropped-oasdi-logo.png\",\"width\":468,\"height\":96,\"caption\":\"OASDI\"},\"image\":{\"@id\":\"https:\/\/www.oasdi.ca\/es\/#\/schema\/logo\/image\/\"}}]}<\/script>\n<!-- \/ Yoast SEO plugin. -->","yoast_head_json":{"title":"Distritos escolares de Ontario | Educaci\u00f3n en Ontario","description":"Las escuelas de la provincia de Ontario est\u00e1n organizadas en grupos llamados distritos o juntas escolares. Descubre m\u00e1s acerca de los distritos escolares aqu\u00ed.","robots":{"index":"index","follow":"follow","max-snippet":"max-snippet:-1","max-image-preview":"max-image-preview:large","max-video-preview":"max-video-preview:-1"},"canonical":"https:\/\/www.oasdi.ca\/es\/escuelas-distritales-de-ontario\/","og_locale":"es_ES","og_type":"article","og_title":"Distritos escolares de Ontario | Educaci\u00f3n en Ontario","og_description":"Las escuelas de la provincia de Ontario est\u00e1n organizadas en grupos llamados distritos o juntas escolares. Descubre m\u00e1s acerca de los distritos escolares aqu\u00ed.","og_url":"https:\/\/www.oasdi.ca\/es\/escuelas-distritales-de-ontario\/","og_site_name":"OASDI","article_modified_time":"2020-04-23T20:38:39+00:00","og_image":[{"width":1440,"height":268,"url":"https:\/\/www.oasdi.ca\/wp-content\/uploads\/2020\/03\/oasdi-faq.jpg","type":"image\/jpeg"}],"twitter_card":"summary_large_image","twitter_misc":{"Tiempo de lectura":"3 minutos"},"schema":{"@context":"https:\/\/schema.org","@graph":[{"@type":"WebPage","@id":"https:\/\/www.oasdi.ca\/es\/escuelas-distritales-de-ontario\/","url":"https:\/\/www.oasdi.ca\/es\/escuelas-distritales-de-ontario\/","name":"Distritos escolares de Ontario | Educaci\u00f3n en Ontario","isPartOf":{"@id":"https:\/\/www.oasdi.ca\/es\/#website"},"datePublished":"2020-03-18T12:59:24+00:00","dateModified":"2020-04-23T20:38:39+00:00","description":"Las escuelas de la provincia de Ontario est\u00e1n organizadas en grupos llamados distritos o juntas escolares. Descubre m\u00e1s acerca de los distritos escolares aqu\u00ed.","breadcrumb":{"@id":"https:\/\/www.oasdi.ca\/es\/escuelas-distritales-de-ontario\/#breadcrumb"},"inLanguage":"es","potentialAction":[{"@type":"ReadAction","target":["https:\/\/www.oasdi.ca\/es\/escuelas-distritales-de-ontario\/"]}]},{"@type":"BreadcrumbList","@id":"https:\/\/www.oasdi.ca\/es\/escuelas-distritales-de-ontario\/#breadcrumb","itemListElement":[{"@type":"ListItem","position":1,"name":"Inicio","item":"https:\/\/www.oasdi.ca\/es\/"},{"@type":"ListItem","position":2,"name":"Acerca de los distritos escolares de Ontario"}]},{"@type":"WebSite","@id":"https:\/\/www.oasdi.ca\/es\/#website","url":"https:\/\/www.oasdi.ca\/es\/","name":"OASDI","description":"Ontario Association of School District International","publisher":{"@id":"https:\/\/www.oasdi.ca\/es\/#organization"},"potentialAction":[{"@type":"SearchAction","target":{"@type":"EntryPoint","urlTemplate":"https:\/\/www.oasdi.ca\/es\/?s={search_term_string}"},"query-input":"required name=search_term_string"}],"inLanguage":"es"},{"@type":"Organization","@id":"https:\/\/www.oasdi.ca\/es\/#organization","name":"OASDI","url":"https:\/\/www.oasdi.ca\/es\/","logo":{"@type":"ImageObject","inLanguage":"es","@id":"https:\/\/www.oasdi.ca\/es\/#\/schema\/logo\/image\/","url":"https:\/\/www.oasdi.ca\/wp-content\/uploads\/2020\/02\/cropped-oasdi-logo.png","contentUrl":"https:\/\/www.oasdi.ca\/wp-content\/uploads\/2020\/02\/cropped-oasdi-logo.png","width":468,"height":96,"caption":"OASDI"},"image":{"@id":"https:\/\/www.oasdi.ca\/es\/#\/schema\/logo\/image\/"}}]}},"_links":{"self":[{"href":"https:\/\/www.oasdi.ca\/es\/wp-json\/wp\/v2\/pages\/21210"}],"collection":[{"href":"https:\/\/www.oasdi.ca\/es\/wp-json\/wp\/v2\/pages"}],"about":[{"href":"https:\/\/www.oasdi.ca\/es\/wp-json\/wp\/v2\/types\/page"}],"author":[{"embeddable":true,"href":"https:\/\/www.oasdi.ca\/es\/wp-json\/wp\/v2\/users\/237"}],"replies":[{"embeddable":true,"href":"https:\/\/www.oasdi.ca\/es\/wp-json\/wp\/v2\/comments?post=21210"}],"version-history":[{"count":0,"href":"https:\/\/www.oasdi.ca\/es\/wp-json\/wp\/v2\/pages\/21210\/revisions"}],"wp:attachment":[{"href":"https:\/\/www.oasdi.ca\/es\/wp-json\/wp\/v2\/media?parent=21210"}],"curies":[{"name":"wp","href":"https:\/\/api.w.org\/{rel}","templated":true}]}}