{"id":21024,"date":"2020-03-19T16:00:38","date_gmt":"2020-03-19T16:00:38","guid":{"rendered":"http:\/\/oasdi.ca\/educacion-k-12-en-ontario\/faq\/"},"modified":"2020-05-10T16:08:53","modified_gmt":"2020-05-10T16:08:53","slug":"preguntas-frecuentes","status":"publish","type":"page","link":"https:\/\/www.oasdi.ca\/es\/educacion-k-12-en-ontario\/preguntas-frecuentes\/","title":{"rendered":"Preguntas frecuentes acerca de la educaci\u00f3n K-12 en Ontario"},"content":{"rendered":"<div id=\"pl-21024\"  class=\"panel-layout\" ><div id=\"pg-21024-0\"  class=\"panel-grid panel-no-style\" ><div id=\"pgc-21024-0-0\"  class=\"panel-grid-cell\" ><div id=\"panel-21024-0-0-0\" class=\"so-panel widget widget_sow-image panel-first-child panel-last-child\" data-index=\"0\" ><div\n\t\t\t\n\t\t\tclass=\"so-widget-sow-image so-widget-sow-image-default-c4f6304fc136-21024\"\n\t\t\t\n\t\t>\n\n<div class=\"sow-image-container\">\n\t\t<img loading=\"lazy\" decoding=\"async\" src=\"https:\/\/www.oasdi.ca\/wp-content\/uploads\/2020\/03\/oasdi-faq.jpg\" width=\"1440\" height=\"268\" srcset=\"https:\/\/www.oasdi.ca\/wp-content\/uploads\/2020\/03\/oasdi-faq.jpg 1440w, https:\/\/www.oasdi.ca\/wp-content\/uploads\/2020\/03\/oasdi-faq-250x47.jpg 250w, https:\/\/www.oasdi.ca\/wp-content\/uploads\/2020\/03\/oasdi-faq-700x130.jpg 700w, https:\/\/www.oasdi.ca\/wp-content\/uploads\/2020\/03\/oasdi-faq-768x143.jpg 768w, https:\/\/www.oasdi.ca\/wp-content\/uploads\/2020\/03\/oasdi-faq-120x22.jpg 120w\" sizes=\"(max-width: 1440px) 100vw, 1440px\" alt=\"\" \t\tclass=\"so-widget-image\"\/>\n\t<\/div>\n\n<\/div><\/div><\/div><\/div><div id=\"pg-21024-1\"  class=\"panel-grid panel-has-style\" ><div class=\"has-container panel-row-style panel-row-style-for-21024-1\" ><div id=\"pgc-21024-1-0\"  class=\"panel-grid-cell\" ><div id=\"panel-21024-1-0-0\" class=\"so-panel widget widget_hem-seo-title-widget panel-first-child panel-last-child\" data-index=\"1\" ><div\n\t\t\t\n\t\t\tclass=\"so-widget-hem-seo-title-widget so-widget-hem-seo-title-widget-hem-seo-title-widget-style-d75171398898-21024\"\n\t\t\t\n\t\t>\n<h1 style=\"font-size:px;\">Preguntas frecuentes acerca de la educaci\u00f3n K-12 en Ontario<\/h1>\n\n\n\n\t<!-- <div class=\"breadcrumb-trail\"><a href=\"index.php\">Home<\/a> \u00bb <span class=\"breadcrumb-current\">About<\/span><\/div> -->\n\t<div class=\"test1\"><span><span><a href=\"https:\/\/www.oasdi.ca\/es\/\">Inicio<\/a><\/span><\/span><\/div>\n<\/div><\/div><\/div><\/div><\/div><div id=\"pg-21024-2\"  class=\"panel-grid panel-has-style\" ><div class=\"has-container panel-row-style panel-row-style-for-21024-2\" ><div id=\"pgc-21024-2-0\"  class=\"panel-grid-cell\" ><div id=\"panel-21024-2-0-0\" class=\"so-panel widget widget_hem-sidebar-menu-widget panel-first-child panel-last-child\" data-index=\"2\" ><div\n\t\t\t\n\t\t\tclass=\"so-widget-hem-sidebar-menu-widget so-widget-hem-sidebar-menu-widget-hem-sidebar-menu-widget-style-d75171398898-21024\"\n\t\t\t\n\t\t><div id=\"sidebar\">\n\t\t\t<ul id=\"side-menu\" class=\"side-menu menu-embedded\">\n\t\t\t\n\t\t\t\t\t\t\t\t\n\t\t\t\t\t\t\t\t\t\t\t<li><a href=\"https:\/\/www.oasdi.ca\/es\/educacion-k-12-en-ontario\/preguntas-frecuentes\/edad-de-los-estudiantes-y-niveles-de-grado\/\">How Do Student Ages and Grade Levels Match in Ontario?<\/a><\/li>\n\t\t\t\t\t\t\t\t\t\t\t\t\t\n\t\t\t\t\t\t\t\t\t\t\t<li><a href=\"https:\/\/www.oasdi.ca\/es\/educacion-k-12-en-ontario\/preguntas-frecuentes\/curriculo-en-ontario\/\">Where Can I Learn More About the Ontario Curriculum?<\/a><\/li>\n\t\t\t\t\t\t\t\t\t\t\t\t\t\n\t\t\t\t\t\t\t\t\t\t\t<li><a href=\"https:\/\/www.oasdi.ca\/es\/educacion-k-12-en-ontario\/preguntas-frecuentes\/requisitos-para-graduarse\/\">What Are the Graduation Requirements in Ontario?<\/a><\/li>\n\t\t\t\t\t\t\t\t\t\t\t\t\t\n\t\t\t\t\t\t\t\t\t\t\t<li><a href=\"https:\/\/www.oasdi.ca\/es\/educacion-k-12-en-ontario\/preguntas-frecuentes\/equivalencia-de-creditos-de-otros-paises\/\">How Are Equivalency Credits Determined in Ontario?<\/a><\/li>\n\t\t\t\t\t\t\t\t\t\t\t\t\t\n\t\t\t\t\t\t\t\t\t\t\t<li><a href=\"https:\/\/www.oasdi.ca\/es\/educacion-k-12-en-ontario\/preguntas-frecuentes\/como-se-evalua-a-los-estudiantes-internacionales\/\">How Are International Students Evaluated<\/a><\/li>\n\t\t\t\t\t\t\t\t\t\t\t\t\t\n\t\t\t\t\t\t\t\t\t\t\t<li><a href=\"https:\/\/www.oasdi.ca\/es\/educacion-k-12-en-ontario\/preguntas-frecuentes\/libreta-de-calificaciones-en-ontario\/\">Ontario Report Cards<\/a><\/li>\n\t\t\t\t\t\t\t\t\t\t\n\n\t\t\t\t<!-- Extra menu -->\n\t\t\t\t\t\t\t\t\n\t\t\t\t\t\t\t\t\t\t\t\t\t\t\t\t\t\t<li><a  href=\"https:\/\/www.oasdi.ca\/district-list\/\">District List<\/a><\/li>\n\t\t\t\t\t\t\t\t\t\t\t\t\n\t\t\t\t\t\t\t\t\t\t\t\t\t\t\t\t\t\t<li><a  href=\"https:\/\/www.oasdi.ca\/map-search\/\">Map Search<\/a><\/li>\n\t\t\t\t\t\t\t\t\t\t\t\t\n\t\t\t\t\t\t\n\t\t\t\t\n\t\t\t\t\n\n\n\t\t\t\t\t<\/ul>\n\t\n\n<\/div><\/div><\/div><\/div><div id=\"pgc-21024-2-1\"  class=\"panel-grid-cell\" ><div class=\"pl-sm-3 pl-md-5 panel-cell-style panel-cell-style-for-21024-2-1\" ><div id=\"panel-21024-2-1-0\" class=\"so-panel widget widget_sow-editor panel-first-child\" data-index=\"3\" ><div\n\t\t\t\n\t\t\tclass=\"so-widget-sow-editor so-widget-sow-editor-base\"\n\t\t\t\n\t\t>\n<div class=\"siteorigin-widget-tinymce textwidget\">\n\t<p>&nbsp;<\/p>\n<h3><strong>Comprendiendo la Educaci\u00f3n \u201cP\u00fablicac\u201d\u00a0<\/strong><\/h3>\n<p>El sistema educativo en Canad\u00e1 es una responsabilidad de las provincias, no existe un plan de estudios nacional. En la provincia de Ontario, el Ministerio de Educaci\u00f3n de Ontario tiene la responsabilidad de administrar y financiar las escuelas primarias y secundarias de Ontario.<\/p>\n<p>Ontario valora la educaci\u00f3n\u00a0<u><strong>p\u00fablica<\/strong><\/u>.\u00a0 En Ontario, una educaci\u00f3n \u201cp\u00fablica\u201d significa una educaci\u00f3n de alta calidad. Los estudiantes de las escuelas p\u00fablicas de Ontario consistentemente tienen un alto rendimiento a nivel internacional y tienen uno de los mejores rendimientos en las evaluaciones nacionales en las \u00e1reas de lectura y escritura, matem\u00e1ticas y ciencia.<\/p>\n<p>M\u00e1s del 94% de los estudiantes de las escuelas primarias y secundarias que asisten a la escuela en Ontario, asisten a escuelas financiadas con fondos p\u00fablicos.\u00a0 Siendo la provincia m\u00e1s grande de Canad\u00e1, las escuelas p\u00fablicas de Ontario tienen una inscripci\u00f3n de m\u00e1s de 1,4 millones de estudiantes de escuelas primarias y m\u00e1s de 650 000 estudiantes de secundaria.<\/p>\n<p>Por razones hist\u00f3ricas y jur\u00eddicas, en Ontario existen cuatro tipos de distritos escolares financiados con fondos p\u00fablicos:<\/p>\n<ul>\n<li>P\u00fablicas en idioma ingl\u00e9s<\/li>\n<li>Cat\u00f3licas* en idioma ingl\u00e9s<\/li>\n<li>P\u00fablicas en idioma franc\u00e9s y<\/li>\n<li>Cat\u00f3licas* en idioma franc\u00e9s<\/li>\n<\/ul>\n<p>*Tenga en cuenta que no es esencial que un estudiante sea cat\u00f3lico para asistir a una escuela cat\u00f3lica en la escuela secundaria, pero puede haber algunas restricciones en las escuelas primarias.<\/p>\n<p>En total hay aproximadamente 4000 escuelas primarias y m\u00e1s de 900 escuelas secundarias en el sistema p\u00fablico de la provincia.<\/p>\n<p>Se puede encontrar una lista completa de enlaces de recursos sobre la educaci\u00f3n en Ontario en:\u00a0<a href=\"http:\/\/www.edu.gov.on.ca\/eng\/parents\/generalinfo.html\" target=\"_blank\" rel=\"noopener\">www.edu.gov.on.ca\/eng\/parents\/generalinfo.html<\/a><\/p>\n<\/div>\n<\/div><\/div><div id=\"panel-21024-2-1-1\" class=\"so-panel widget widget_hem-seo-title-widget\" data-index=\"4\" ><div\n\t\t\t\n\t\t\tclass=\"so-widget-hem-seo-title-widget so-widget-hem-seo-title-widget-hem-seo-title-widget-style-d75171398898-21024\"\n\t\t\t\n\t\t>\n<h3 style=\"font-size:px;\">What do Ontario report cards look like?<\/h3>\n\n\n\n<\/div><\/div><div id=\"panel-21024-2-1-2\" class=\"so-panel widget widget_sow-editor\" data-index=\"5\" ><div\n\t\t\t\n\t\t\tclass=\"so-widget-sow-editor so-widget-sow-editor-base\"\n\t\t\t\n\t\t>\n<div class=\"siteorigin-widget-tinymce textwidget\">\n\t<p><a class=\"btn btn-outline-primary mt-3 mb-3\" href=\"\/es\/educacion-k-12-en-ontario\/preguntas-frecuentes\/libreta-de-calificaciones-en-ontario\/\">Read about\u00a0Assessments, Evaluations, and Reporting here.<\/a><\/p>\n<\/div>\n<\/div><\/div><div id=\"panel-21024-2-1-3\" class=\"so-panel widget widget_hem-seo-title-widget\" data-index=\"6\" ><div\n\t\t\t\n\t\t\tclass=\"so-widget-hem-seo-title-widget so-widget-hem-seo-title-widget-hem-seo-title-widget-style-d75171398898-21024\"\n\t\t\t\n\t\t>\n<h3 style=\"font-size:px;\">How are international students evaluated?<\/h3>\n\n\n\n<\/div><\/div><div id=\"panel-21024-2-1-4\" class=\"so-panel widget widget_sow-editor\" data-index=\"7\" ><div\n\t\t\t\n\t\t\tclass=\"so-widget-sow-editor so-widget-sow-editor-base\"\n\t\t\t\n\t\t>\n<div class=\"siteorigin-widget-tinymce textwidget\">\n\t<p><a class=\"btn btn-outline-primary mt-3 mb-3\" href=\"\/es\/educacion-k-12-en-ontario\/preguntas-frecuentes\/como-se-evalua-a-los-estudiantes-internacionales\/\">Read about\u00a0Assessments, Evaluations, and Reporting here.<\/a><\/p>\n<\/div>\n<\/div><\/div><div id=\"panel-21024-2-1-5\" class=\"so-panel widget widget_hem-seo-title-widget\" data-index=\"8\" ><div\n\t\t\t\n\t\t\tclass=\"so-widget-hem-seo-title-widget so-widget-hem-seo-title-widget-hem-seo-title-widget-style-d75171398898-21024\"\n\t\t\t\n\t\t>\n<h3 style=\"font-size:px;\">How are equivalency credits from other countries determined?<\/h3>\n\n\n\n<\/div><\/div><div id=\"panel-21024-2-1-6\" class=\"so-panel widget widget_sow-editor\" data-index=\"9\" ><div\n\t\t\t\n\t\t\tclass=\"so-widget-sow-editor so-widget-sow-editor-base\"\n\t\t\t\n\t\t>\n<div class=\"siteorigin-widget-tinymce textwidget\">\n\t<p><a class=\"btn btn-outline-primary mt-3 mb-3\" href=\"\/es\/educacion-k-12-en-ontario\/preguntas-frecuentes\/equivalencia-de-creditos-de-otros-paises\/\">Read about equivalency credits here.<\/a><\/p>\n<\/div>\n<\/div><\/div><div id=\"panel-21024-2-1-7\" class=\"so-panel widget widget_hem-seo-title-widget\" data-index=\"10\" ><div\n\t\t\t\n\t\t\tclass=\"so-widget-hem-seo-title-widget so-widget-hem-seo-title-widget-hem-seo-title-widget-style-d75171398898-21024\"\n\t\t\t\n\t\t>\n<h3 style=\"font-size:px;\">What are the Graduation Requirements?<\/h3>\n\n\n\n<\/div><\/div><div id=\"panel-21024-2-1-8\" class=\"so-panel widget widget_sow-editor\" data-index=\"11\" ><div\n\t\t\t\n\t\t\tclass=\"so-widget-sow-editor so-widget-sow-editor-base\"\n\t\t\t\n\t\t>\n<div class=\"siteorigin-widget-tinymce textwidget\">\n\t<p><a class=\"btn btn-outline-primary mt-3 mb-3\" href=\"\/es\/educacion-k-12-en-ontario\/preguntas-frecuentes\/requisitos-para-graduarse\/\">Read about Graduation Requirements here.<\/a><\/p>\n<\/div>\n<\/div><\/div><div id=\"panel-21024-2-1-9\" class=\"so-panel widget widget_hem-seo-title-widget\" data-index=\"12\" ><div\n\t\t\t\n\t\t\tclass=\"so-widget-hem-seo-title-widget so-widget-hem-seo-title-widget-hem-seo-title-widget-style-d75171398898-21024\"\n\t\t\t\n\t\t>\n<h3 style=\"font-size:px;\">How are the corresponding student age and grade levels in Ontario schools?<\/h3>\n\n\n\n<\/div><\/div><div id=\"panel-21024-2-1-10\" class=\"so-panel widget widget_sow-editor\" data-index=\"13\" ><div\n\t\t\t\n\t\t\tclass=\"so-widget-sow-editor so-widget-sow-editor-base\"\n\t\t\t\n\t\t>\n<div class=\"siteorigin-widget-tinymce textwidget\">\n\t<p><a class=\"btn btn-outline-primary mt-3 mb-3\" href=\"\/es\/educacion-k-12-en-ontario\/preguntas-frecuentes\/edad-de-los-estudiantes-y-niveles-de-grado\/\">See our K-12 Age to Grade Level infographic.<\/a><\/p>\n<\/div>\n<\/div><\/div><div id=\"panel-21024-2-1-11\" class=\"so-panel widget widget_hem-seo-title-widget\" data-index=\"14\" ><div\n\t\t\t\n\t\t\tclass=\"so-widget-hem-seo-title-widget so-widget-hem-seo-title-widget-hem-seo-title-widget-style-d75171398898-21024\"\n\t\t\t\n\t\t>\n<h3 style=\"font-size:px;\">Where can I find out about the Ontario Curriculum?<\/h3>\n\n\n\n<\/div><\/div><div id=\"panel-21024-2-1-12\" class=\"so-panel widget widget_sow-editor panel-last-child\" data-index=\"15\" ><div\n\t\t\t\n\t\t\tclass=\"so-widget-sow-editor so-widget-sow-editor-base\"\n\t\t\t\n\t\t>\n<div class=\"siteorigin-widget-tinymce textwidget\">\n\t<p><a class=\"btn btn-outline-primary mt-3 mb-3\" href=\"\/es\/educacion-k-12-en-ontario\/preguntas-frecuentes\/curriculo-en-ontario\/\">Read about the Ontario Curriculum here<\/a><\/p>\n<\/div>\n<\/div><\/div><\/div><\/div><\/div><\/div><\/div>","protected":false},"excerpt":{"rendered":"Preguntas frecuentes acerca de la educaci\u00f3n K-12 en Ontario Inicio How Do Student Ages and Grade Levels Match in Ontario? Where Can I Learn More About the Ontario Curriculum? What Are the Graduation Requirements in Ontario? How Are Equivalency Credits Determined in Ontario? How Are International Students Evaluated Ontario Report Cards District List Map Search&#8230; <a class=\"view-article\" href=\"https:\/\/www.oasdi.ca\/es\/educacion-k-12-en-ontario\/preguntas-frecuentes\/\">Ver art\u00edculo<\/a>","protected":false},"author":237,"featured_media":15903,"parent":18123,"menu_order":525,"comment_status":"closed","ping_status":"closed","template":"","meta":{"footnotes":""},"class_list":["post-21024","page","type-page","status-publish","has-post-thumbnail","hentry"],"yoast_head":"<!-- This site is optimized with the Yoast SEO plugin v21.5 - https:\/\/yoast.com\/wordpress\/plugins\/seo\/ -->\n<title>Educaci\u00f3n K-12 en Ontario | Preguntas frecuentes | OASDI<\/title>\n<meta name=\"description\" content=\"Quieres saber m\u00e1s acerca de la educaci\u00f3n K-12 en Ontario? Visita nuestra p\u00e1gina de preguntas frecuentes para m\u00e1s informaci\u00f3n sobre la educaci\u00f3n K-12.\" \/>\n<meta name=\"robots\" content=\"index, follow, max-snippet:-1, max-image-preview:large, max-video-preview:-1\" \/>\n<link rel=\"canonical\" href=\"https:\/\/www.oasdi.ca\/es\/educacion-k-12-en-ontario\/preguntas-frecuentes\/\" \/>\n<meta property=\"og:locale\" content=\"es_ES\" \/>\n<meta property=\"og:type\" content=\"article\" \/>\n<meta property=\"og:title\" content=\"Educaci\u00f3n K-12 en Ontario | Preguntas frecuentes | OASDI\" \/>\n<meta property=\"og:description\" content=\"Quieres saber m\u00e1s acerca de la educaci\u00f3n K-12 en Ontario? Visita nuestra p\u00e1gina de preguntas frecuentes para m\u00e1s informaci\u00f3n sobre la educaci\u00f3n K-12.\" \/>\n<meta property=\"og:url\" content=\"https:\/\/www.oasdi.ca\/es\/educacion-k-12-en-ontario\/preguntas-frecuentes\/\" \/>\n<meta property=\"og:site_name\" content=\"OASDI\" \/>\n<meta property=\"article:modified_time\" content=\"2020-05-10T16:08:53+00:00\" \/>\n<meta property=\"og:image\" content=\"https:\/\/www.oasdi.ca\/wp-content\/uploads\/2020\/03\/oasdi-faq.jpg\" \/>\n\t<meta property=\"og:image:width\" content=\"1440\" \/>\n\t<meta property=\"og:image:height\" content=\"268\" \/>\n\t<meta property=\"og:image:type\" content=\"image\/jpeg\" \/>\n<meta name=\"twitter:card\" content=\"summary_large_image\" \/>\n<meta name=\"twitter:label1\" content=\"Tiempo de lectura\" \/>\n\t<meta name=\"twitter:data1\" content=\"2 minutos\" \/>\n<script type=\"application\/ld+json\" class=\"yoast-schema-graph\">{\"@context\":\"https:\/\/schema.org\",\"@graph\":[{\"@type\":\"WebPage\",\"@id\":\"https:\/\/www.oasdi.ca\/es\/educacion-k-12-en-ontario\/preguntas-frecuentes\/\",\"url\":\"https:\/\/www.oasdi.ca\/es\/educacion-k-12-en-ontario\/preguntas-frecuentes\/\",\"name\":\"Educaci\u00f3n K-12 en Ontario | Preguntas frecuentes | OASDI\",\"isPartOf\":{\"@id\":\"https:\/\/www.oasdi.ca\/es\/#website\"},\"datePublished\":\"2020-03-19T16:00:38+00:00\",\"dateModified\":\"2020-05-10T16:08:53+00:00\",\"description\":\"Quieres saber m\u00e1s acerca de la educaci\u00f3n K-12 en Ontario? Visita nuestra p\u00e1gina de preguntas frecuentes para m\u00e1s informaci\u00f3n sobre la educaci\u00f3n K-12.\",\"breadcrumb\":{\"@id\":\"https:\/\/www.oasdi.ca\/es\/educacion-k-12-en-ontario\/preguntas-frecuentes\/#breadcrumb\"},\"inLanguage\":\"es\",\"potentialAction\":[{\"@type\":\"ReadAction\",\"target\":[\"https:\/\/www.oasdi.ca\/es\/educacion-k-12-en-ontario\/preguntas-frecuentes\/\"]}]},{\"@type\":\"BreadcrumbList\",\"@id\":\"https:\/\/www.oasdi.ca\/es\/educacion-k-12-en-ontario\/preguntas-frecuentes\/#breadcrumb\",\"itemListElement\":[{\"@type\":\"ListItem\",\"position\":1,\"name\":\"Inicio\",\"item\":\"https:\/\/www.oasdi.ca\/es\/\"},{\"@type\":\"ListItem\",\"position\":2,\"name\":\"Educaci\u00f3n K-12 en Ontario\",\"item\":\"https:\/\/www.oasdi.ca\/es\/educacion-k-12-en-ontario\/\"},{\"@type\":\"ListItem\",\"position\":3,\"name\":\"Preguntas frecuentes acerca de la educaci\u00f3n K-12 en Ontario\"}]},{\"@type\":\"WebSite\",\"@id\":\"https:\/\/www.oasdi.ca\/es\/#website\",\"url\":\"https:\/\/www.oasdi.ca\/es\/\",\"name\":\"OASDI\",\"description\":\"Ontario Association of School District International\",\"publisher\":{\"@id\":\"https:\/\/www.oasdi.ca\/es\/#organization\"},\"potentialAction\":[{\"@type\":\"SearchAction\",\"target\":{\"@type\":\"EntryPoint\",\"urlTemplate\":\"https:\/\/www.oasdi.ca\/es\/?s={search_term_string}\"},\"query-input\":\"required name=search_term_string\"}],\"inLanguage\":\"es\"},{\"@type\":\"Organization\",\"@id\":\"https:\/\/www.oasdi.ca\/es\/#organization\",\"name\":\"OASDI\",\"url\":\"https:\/\/www.oasdi.ca\/es\/\",\"logo\":{\"@type\":\"ImageObject\",\"inLanguage\":\"es\",\"@id\":\"https:\/\/www.oasdi.ca\/es\/#\/schema\/logo\/image\/\",\"url\":\"https:\/\/www.oasdi.ca\/wp-content\/uploads\/2020\/02\/cropped-oasdi-logo.png\",\"contentUrl\":\"https:\/\/www.oasdi.ca\/wp-content\/uploads\/2020\/02\/cropped-oasdi-logo.png\",\"width\":468,\"height\":96,\"caption\":\"OASDI\"},\"image\":{\"@id\":\"https:\/\/www.oasdi.ca\/es\/#\/schema\/logo\/image\/\"}}]}<\/script>\n<!-- \/ Yoast SEO plugin. -->","yoast_head_json":{"title":"Educaci\u00f3n K-12 en Ontario | Preguntas frecuentes | OASDI","description":"Quieres saber m\u00e1s acerca de la educaci\u00f3n K-12 en Ontario? Visita nuestra p\u00e1gina de preguntas frecuentes para m\u00e1s informaci\u00f3n sobre la educaci\u00f3n K-12.","robots":{"index":"index","follow":"follow","max-snippet":"max-snippet:-1","max-image-preview":"max-image-preview:large","max-video-preview":"max-video-preview:-1"},"canonical":"https:\/\/www.oasdi.ca\/es\/educacion-k-12-en-ontario\/preguntas-frecuentes\/","og_locale":"es_ES","og_type":"article","og_title":"Educaci\u00f3n K-12 en Ontario | Preguntas frecuentes | OASDI","og_description":"Quieres saber m\u00e1s acerca de la educaci\u00f3n K-12 en Ontario? Visita nuestra p\u00e1gina de preguntas frecuentes para m\u00e1s informaci\u00f3n sobre la educaci\u00f3n K-12.","og_url":"https:\/\/www.oasdi.ca\/es\/educacion-k-12-en-ontario\/preguntas-frecuentes\/","og_site_name":"OASDI","article_modified_time":"2020-05-10T16:08:53+00:00","og_image":[{"width":1440,"height":268,"url":"https:\/\/www.oasdi.ca\/wp-content\/uploads\/2020\/03\/oasdi-faq.jpg","type":"image\/jpeg"}],"twitter_card":"summary_large_image","twitter_misc":{"Tiempo de lectura":"2 minutos"},"schema":{"@context":"https:\/\/schema.org","@graph":[{"@type":"WebPage","@id":"https:\/\/www.oasdi.ca\/es\/educacion-k-12-en-ontario\/preguntas-frecuentes\/","url":"https:\/\/www.oasdi.ca\/es\/educacion-k-12-en-ontario\/preguntas-frecuentes\/","name":"Educaci\u00f3n K-12 en Ontario | Preguntas frecuentes | OASDI","isPartOf":{"@id":"https:\/\/www.oasdi.ca\/es\/#website"},"datePublished":"2020-03-19T16:00:38+00:00","dateModified":"2020-05-10T16:08:53+00:00","description":"Quieres saber m\u00e1s acerca de la educaci\u00f3n K-12 en Ontario? Visita nuestra p\u00e1gina de preguntas frecuentes para m\u00e1s informaci\u00f3n sobre la educaci\u00f3n K-12.","breadcrumb":{"@id":"https:\/\/www.oasdi.ca\/es\/educacion-k-12-en-ontario\/preguntas-frecuentes\/#breadcrumb"},"inLanguage":"es","potentialAction":[{"@type":"ReadAction","target":["https:\/\/www.oasdi.ca\/es\/educacion-k-12-en-ontario\/preguntas-frecuentes\/"]}]},{"@type":"BreadcrumbList","@id":"https:\/\/www.oasdi.ca\/es\/educacion-k-12-en-ontario\/preguntas-frecuentes\/#breadcrumb","itemListElement":[{"@type":"ListItem","position":1,"name":"Inicio","item":"https:\/\/www.oasdi.ca\/es\/"},{"@type":"ListItem","position":2,"name":"Educaci\u00f3n K-12 en Ontario","item":"https:\/\/www.oasdi.ca\/es\/educacion-k-12-en-ontario\/"},{"@type":"ListItem","position":3,"name":"Preguntas frecuentes acerca de la educaci\u00f3n K-12 en Ontario"}]},{"@type":"WebSite","@id":"https:\/\/www.oasdi.ca\/es\/#website","url":"https:\/\/www.oasdi.ca\/es\/","name":"OASDI","description":"Ontario Association of School District International","publisher":{"@id":"https:\/\/www.oasdi.ca\/es\/#organization"},"potentialAction":[{"@type":"SearchAction","target":{"@type":"EntryPoint","urlTemplate":"https:\/\/www.oasdi.ca\/es\/?s={search_term_string}"},"query-input":"required name=search_term_string"}],"inLanguage":"es"},{"@type":"Organization","@id":"https:\/\/www.oasdi.ca\/es\/#organization","name":"OASDI","url":"https:\/\/www.oasdi.ca\/es\/","logo":{"@type":"ImageObject","inLanguage":"es","@id":"https:\/\/www.oasdi.ca\/es\/#\/schema\/logo\/image\/","url":"https:\/\/www.oasdi.ca\/wp-content\/uploads\/2020\/02\/cropped-oasdi-logo.png","contentUrl":"https:\/\/www.oasdi.ca\/wp-content\/uploads\/2020\/02\/cropped-oasdi-logo.png","width":468,"height":96,"caption":"OASDI"},"image":{"@id":"https:\/\/www.oasdi.ca\/es\/#\/schema\/logo\/image\/"}}]}},"_links":{"self":[{"href":"https:\/\/www.oasdi.ca\/es\/wp-json\/wp\/v2\/pages\/21024"}],"collection":[{"href":"https:\/\/www.oasdi.ca\/es\/wp-json\/wp\/v2\/pages"}],"about":[{"href":"https:\/\/www.oasdi.ca\/es\/wp-json\/wp\/v2\/types\/page"}],"author":[{"embeddable":true,"href":"https:\/\/www.oasdi.ca\/es\/wp-json\/wp\/v2\/users\/237"}],"replies":[{"embeddable":true,"href":"https:\/\/www.oasdi.ca\/es\/wp-json\/wp\/v2\/comments?post=21024"}],"version-history":[{"count":0,"href":"https:\/\/www.oasdi.ca\/es\/wp-json\/wp\/v2\/pages\/21024\/revisions"}],"up":[{"embeddable":true,"href":"https:\/\/www.oasdi.ca\/es\/wp-json\/wp\/v2\/pages\/18123"}],"wp:featuredmedia":[{"embeddable":true,"href":"https:\/\/www.oasdi.ca\/es\/wp-json\/wp\/v2\/media\/15903"}],"wp:attachment":[{"href":"https:\/\/www.oasdi.ca\/es\/wp-json\/wp\/v2\/media?parent=21024"}],"curies":[{"name":"wp","href":"https:\/\/api.w.org\/{rel}","templated":true}]}}