{"id":20976,"date":"2020-03-19T15:46:39","date_gmt":"2020-03-19T15:46:39","guid":{"rendered":"http:\/\/oasdi.ca\/educacion-k-12-en-ontario\/assessment-evaluation-and-reporting\/"},"modified":"2020-04-23T12:44:55","modified_gmt":"2020-04-23T12:44:55","slug":"valoracion-evaluacion-y-reporte","status":"publish","type":"page","link":"https:\/\/www.oasdi.ca\/es\/educacion-k-12-en-ontario\/valoracion-evaluacion-y-reporte\/","title":{"rendered":"Reporte de calificaciones de los estudiantes en Ontario"},"content":{"rendered":"<div id=\"pl-20976\"  class=\"panel-layout\" ><div id=\"pg-20976-0\"  class=\"panel-grid panel-no-style\" ><div id=\"pgc-20976-0-0\"  class=\"panel-grid-cell\" ><div id=\"panel-20976-0-0-0\" class=\"so-panel widget widget_sow-image panel-first-child panel-last-child\" data-index=\"0\" ><div class=\"is-featured-img panel-widget-style panel-widget-style-for-20976-0-0-0\" ><div\n\t\t\t\n\t\t\tclass=\"so-widget-sow-image so-widget-sow-image-default-c4f6304fc136-20976\"\n\t\t\t\n\t\t>\n\n<div class=\"sow-image-container\">\n\t\t<img loading=\"lazy\" decoding=\"async\" src=\"https:\/\/www.oasdi.ca\/wp-content\/uploads\/2020\/03\/banner-49.jpg\" width=\"1440\" height=\"268\" srcset=\"https:\/\/www.oasdi.ca\/wp-content\/uploads\/2020\/03\/banner-49.jpg 1440w, https:\/\/www.oasdi.ca\/wp-content\/uploads\/2020\/03\/banner-49-250x47.jpg 250w, https:\/\/www.oasdi.ca\/wp-content\/uploads\/2020\/03\/banner-49-700x130.jpg 700w, https:\/\/www.oasdi.ca\/wp-content\/uploads\/2020\/03\/banner-49-768x143.jpg 768w, https:\/\/www.oasdi.ca\/wp-content\/uploads\/2020\/03\/banner-49-120x22.jpg 120w\" sizes=\"(max-width: 1440px) 100vw, 1440px\" title=\"OASDI\" alt=\"OASDI\" \t\tclass=\"so-widget-image\"\/>\n\t<\/div>\n\n<\/div><\/div><\/div><\/div><\/div><div id=\"pg-20976-1\"  class=\"panel-grid panel-has-style\" ><div class=\"has-container panel-row-style panel-row-style-for-20976-1\" ><div id=\"pgc-20976-1-0\"  class=\"panel-grid-cell\" ><div id=\"panel-20976-1-0-0\" class=\"so-panel widget widget_hem-seo-title-widget panel-first-child panel-last-child\" data-index=\"1\" ><div class=\"panel-widget-style panel-widget-style-for-20976-1-0-0\" ><div\n\t\t\t\n\t\t\tclass=\"so-widget-hem-seo-title-widget so-widget-hem-seo-title-widget-hem-seo-title-widget-style-d75171398898-20976\"\n\t\t\t\n\t\t>\n<h1 style=\"font-size:px;\">Reporte de calificaciones de los estudiantes en Ontario<\/h1>\n\n\n\n\t<!-- <div class=\"breadcrumb-trail\"><a href=\"index.php\">Home<\/a> \u00bb <span class=\"breadcrumb-current\">About<\/span><\/div> -->\n\t<div class=\"test1\"><span><span><a href=\"https:\/\/www.oasdi.ca\/es\/\">Inicio<\/a><\/span><\/span><\/div>\n<\/div><\/div><\/div><\/div><\/div><\/div><div id=\"pg-20976-2\"  class=\"panel-grid panel-has-style\" ><div class=\"has-container panel-row-style panel-row-style-for-20976-2\" ><div id=\"pgc-20976-2-0\"  class=\"panel-grid-cell\" ><div id=\"panel-20976-2-0-0\" class=\"so-panel widget widget_hem-sidebar-menu-widget panel-first-child\" data-index=\"2\" ><div\n\t\t\t\n\t\t\tclass=\"so-widget-hem-sidebar-menu-widget so-widget-hem-sidebar-menu-widget-hem-sidebar-menu-widget-style-d75171398898-20976\"\n\t\t\t\n\t\t><div id=\"sidebar\">\n\t\t\t<ul id=\"side-menu\" class=\"side-menu menu-embedded\">\n\t\t\t\n\t\t\t\t\t\t\t\t\n\t\t\t\t\t\t\t\t\t\t\t<li><a href=\"https:\/\/www.oasdi.ca\/es\/educacion-k-12-en-ontario\/preguntas-frecuentes\/\">Preguntas frecuentes acerca de la educaci\u00f3n K-12 en Ontario<\/a><\/li>\n\t\t\t\t\t\t\t\t\t\t\t\t\t\n\t\t\t\t\t\t\t\t\t\t\t<li><a class=\"active\" href=\"https:\/\/www.oasdi.ca\/es\/educacion-k-12-en-ontario\/valoracion-evaluacion-y-reporte\/\">Reporte de calificaciones de los estudiantes en Ontario<\/a><\/li>\n\t\t\t\t\t\t\t\t\t\t\t\t\t\n\t\t\t\t\t\t\t\t\t\t\t<li><a href=\"https:\/\/www.oasdi.ca\/es\/educacion-k-12-en-ontario\/requisitos-para-graduarse\/\">Requisitos para la graduaci\u00f3n en Ontario<\/a><\/li>\n\t\t\t\t\t\t\t\t\t\t\t\t\t\n\t\t\t\t\t\t\t\t\t\t\t<li><a href=\"https:\/\/www.oasdi.ca\/es\/educacion-k-12-en-ontario\/curriculo\/\">Plan de estudios en Ontario<\/a><\/li>\n\t\t\t\t\t\t\t\t\t\t\t\t\t\n\t\t\t\t\t\t\t\t\t\t\t<li><a href=\"https:\/\/www.oasdi.ca\/es\/educacion-k-12-en-ontario\/educacion-cooperativa\/\">Educaci\u00f3n cooperativa en Ontario<\/a><\/li>\n\t\t\t\t\t\t\t\t\t\t\t\t\t\n\t\t\t\t\t\t\t\t\t\t\t<li><a href=\"https:\/\/www.oasdi.ca\/es\/educacion-k-12-en-ontario\/escuelas-secundarias\/\">Escuelas secundarias en Ontario<\/a><\/li>\n\t\t\t\t\t\t\t\t\t\t\t\t\t\n\t\t\t\t\t\t\t\t\t\t\t<li><a href=\"https:\/\/www.oasdi.ca\/es\/educacion-k-12-en-ontario\/escuelas-primarias\/\">Escuelas primarias en Ontario<\/a><\/li>\n\t\t\t\t\t\t\t\t\t\t\t\t\t\n\t\t\t\t\t\t\t\t\t\t\t<li><a href=\"https:\/\/www.oasdi.ca\/es\/educacion-k-12-en-ontario\/infografia\/\">Infograf\u00eda de la educaci\u00f3n K-12 en Ontario<\/a><\/li>\n\t\t\t\t\t\t\t\t\t\t\n\n\t\t\t\t<!-- Extra menu -->\n\t\t\t\t\n\n\n\t\t\t\t\t<\/ul>\n\t\n\n<\/div><\/div><\/div><div id=\"panel-20976-2-0-1\" class=\"so-panel widget widget_hem-sidebar-link-widget panel-last-child\" data-index=\"3\" ><div\n\t\t\t\n\t\t\tclass=\"so-widget-hem-sidebar-link-widget so-widget-hem-sidebar-link-widget-hem-sidebar-link-widget-style-d75171398898-20976\"\n\t\t\t\n\t\t><div id=\"sidebar\" class=\"external-link-only\">\n\n\n\n\t\t\t\t<!-- Extra menu -->\n\t\t\t\t\t\t\t\t\t<ul id=\"side-menu\" class=\"side-menu menu-embedded\">\n\t\t\t\t\t\t\t\t\t\t\t\t\t\t\t\t\t\t\t\t\t<li><a  href=\"https:\/\/www.oasdi.ca\/map-search\/\">Map Overview<\/a><\/li>\n\t\t\t\t\t\t\t\t\t\t\t\t\t\t\n\t\t\t\t\t\t\t\t\t\t\t\t\t\t\t\t\t\t\t\t\t<li><a  href=\"https:\/\/www.oasdi.ca\/district-list\/\">District List<\/a><\/li>\n\t\t\t\t\t\t\t\t\t\t\t\t\t\t\n\t\t\t\t\t\t\t\n\t\t\t\t\t<\/ul>\n\t\t\t\t\n\t\t\t\t\n\n\n\n\n<\/div><\/div><\/div><\/div><div id=\"pgc-20976-2-1\"  class=\"panel-grid-cell\" ><div class=\"pl-sm-3 pl-md-5 panel-cell-style panel-cell-style-for-20976-2-1\" ><div id=\"panel-20976-2-1-0\" class=\"so-panel widget widget_sow-editor panel-first-child panel-last-child\" data-index=\"4\" ><div\n\t\t\t\n\t\t\tclass=\"so-widget-sow-editor so-widget-sow-editor-base\"\n\t\t\t\n\t\t>\n<div class=\"siteorigin-widget-tinymce textwidget\">\n\t<p>El objetivo de la evaluaci\u00f3n y la valoraci\u00f3n es mejorar el aprendizaje de los estudiantes y fomentar el rendimiento de los mismos, no solamente proporcionar un puntaje con fines informativos.<\/p>\n<p>Las pr\u00e1cticas de evaluaci\u00f3n y valoraci\u00f3n en toda la provincia de Ontario son guiadas por una variedad de pol\u00edticas del plan de estudios del Ministerio de Educaci\u00f3n. Los requisitos de la evaluaci\u00f3n, valoraci\u00f3n y la presentaci\u00f3n de informes de todas las juntas escolares de Ontario est\u00e1n estandarizados por medio de los reportes de calificaciones de primaria y secundaria que indican el rendimiento los estudiantes.<\/p>\n<p>Durante la escuela primaria hay tres reportes de calificaciones formales cada a\u00f1o y en la secundaria usualmente hay cuatro per\u00edodos de calificaciones formales.<\/p>\n<p>Los estudiantes de escuela secundaria reciben un reporte de calificaciones que enumera los cursos terminados, las calificaciones de cada curso como un porcentaje, los cr\u00e9ditos terminados, as\u00ed como otros indicadores de rendimiento de los estudiantes como las habilidades de aprendizaje y h\u00e1bitos de trabajo, los comentarios de maestros, adem\u00e1s de una cuenta de todas las clases a las que hayan faltado y las veces que hayan llegado tarde a clases.\u00a0 Adem\u00e1s, se indica el promedio de cada curso que el estudiante est\u00e1 estudiando. Para los estudiantes que son Estudiantes de idioma ingl\u00e9s, para quienes se hayan modificado las expectativas del curso con el fin de adaptarse a sus necesidades de aprendizaje de idioma ingl\u00e9s, los reportes de calificaciones tendr\u00e1n marcadas las casillas \u201cESL\/ELD\u201d para la(s) serie(s) de asignatura(s) correspondiente(s).<\/p>\n<p>Con base en las expectativas espec\u00edficas de las provincias, los esquemas de cumplimiento espec\u00edficos del plan de estudios y su juicio profesional, los maestros eval\u00faan y valoran el rendimiento de los estudiantes con base en las pruebas de rendimiento de los estudiantes.<\/p>\n<\/div>\n<\/div><\/div><\/div><\/div><\/div><\/div><div id=\"pg-20976-3\"  class=\"panel-grid panel-has-style\" ><div class=\"has-container panel-row-style panel-row-style-for-20976-3\" ><div id=\"pgc-20976-3-0\"  class=\"panel-grid-cell\" ><div id=\"panel-20976-3-0-0\" class=\"so-panel widget widget_sow-editor panel-first-child\" data-index=\"5\" ><div\n\t\t\t\n\t\t\tclass=\"so-widget-sow-editor so-widget-sow-editor-base\"\n\t\t\t\n\t\t>\n<div class=\"siteorigin-widget-tinymce textwidget\">\n\t<table border=\"1\" cellspacing=\"1\" cellpadding=\"1\">\n<tbody>\n<tr>\n<td>Nivel de rendimiento<\/td>\n<td>Descripci\u00f3n<\/td>\n<td>Reporte de calificaciones \u2013 Grado<\/td>\n<\/tr>\n<tr>\n<td>Nivel 4<\/td>\n<td><em>El rendimiento\u00a0<\/em><em>supera<\/em><em>\u00a0la norma de la provincia<\/em>. El estudiante ha demostrado el conocimiento y las habilidades espec\u00edficas con un alto grado de eficacia.<\/td>\n<td>80-100%<\/td>\n<\/tr>\n<tr>\n<td>Nivel 3<\/td>\n<td><em>El rendimiento\u00a0<\/em><em>cumple con<\/em><em>\u00a0la norma de la provincia<\/em>. El estudiante ha demostrado el conocimiento y las habilidades espec\u00edficas con una eficacia considerable.<\/td>\n<td>70-79%<\/td>\n<\/tr>\n<tr>\n<td>Nivel 2<\/td>\n<td><em>El rendimiento\u00a0<\/em><em>se acerca<\/em><em>\u00a0a la norma de la provincia<\/em>. El estudiante ha demostrado el conocimiento y las habilidades espec\u00edficas con cierta eficacia.<\/td>\n<td>60-69%<\/td>\n<\/tr>\n<tr>\n<td>Nivel 1<\/td>\n<td><em>El rendimiento es limitado \u2013 muy\u00a0\u00a0<\/em><em>por debajo<\/em><em>\u00a0de la norma de la provincia.<\/em>\u00a0 El estudiante ha demostrado el conocimiento y habilidades espec\u00edficas\u00a0 con una eficacia limitada.<\/td>\n<td>50-59%<\/td>\n<\/tr>\n<tr>\n<td><\/td>\n<td><em>No hay pruebas suficientes<\/em><em>\u00a0para determinar los conocimientos o habilidades requeridos.\u00a0<\/em>No se otorga el cr\u00e9dito.<\/td>\n<td>Menos de 50%<\/td>\n<\/tr>\n<\/tbody>\n<\/table>\n<\/div>\n<\/div><\/div><div id=\"panel-20976-3-0-1\" class=\"so-panel widget widget_sow-editor panel-last-child\" data-index=\"6\" ><div\n\t\t\t\n\t\t\tclass=\"so-widget-sow-editor so-widget-sow-editor-base\"\n\t\t\t\n\t\t>\n<div class=\"siteorigin-widget-tinymce textwidget\">\n\t<p>De\u00a0 los grados 9 al 12, el porcentaje de la calificaci\u00f3n final se basa en dos componentes principales de valoraci\u00f3n:<\/p>\n<ul>\n<li>70% de la calificaci\u00f3n final consiste de valoraciones continuas a lo largo del curso con base en el nivel m\u00e1s consistente de rendimiento del estudiante,\u00a0 tomando en consideraci\u00f3n el rendimiento m\u00e1s reciente del estudiante.\u00a0 Estas valoraciones regularmente llamadas \u201ctrabajo de trimestre\u201d se basan en las pruebas del aprendizaje a lo largo del tiempo y se pueden establecer a partir de una variedad de tareas de aprendizaje como presentaciones, pruebas, ensayos y otros trabajos diferentes de los estudiantes.<\/li>\n<li>30% de la calificaci\u00f3n final consiste en valoraciones que son realizadas cerca del final del curso como ex\u00e1menes formales, tareas de rendimiento, ensayos u alg\u00fan otro tipo de actividades sumatorias.<\/li>\n<\/ul>\n<p>Los reportes de calificaciones tambi\u00e9n incluyen informaci\u00f3n acerca de las habilidades de aprendizaje y h\u00e1bitos de trabajo de cada estudiante en las siguientes seis \u00e1reas:<\/p>\n<ul>\n<li>Responsabilidad<\/li>\n<li>Organizaci\u00f3n<\/li>\n<li>Trabajo independiente<\/li>\n<li>Colaboraci\u00f3n<\/li>\n<li>Iniciativa<\/li>\n<li>Autorregulaci\u00f3n<\/li>\n<\/ul>\n<p>En cada curso, el maestro informa acerca de estas habilidades de aprendizaje y h\u00e1bitos de trabajo con una letra designada para el estudiante. (E = Excelente; G = Bueno; S =\u00a0 Satisfactorio; N = Necesita mejorar). Cabe se\u00f1alar que las habilidades de aprendizaje y los h\u00e1bitos de trabajo se consideran importantes para que el estudiante alcance las expectativas del plan de estudios, pero no se usan para establecer el porcentaje de calificaci\u00f3n del estudiante.<\/p>\n<p>Todas las escuelas de Ontario tienen la obligaci\u00f3n de mantener un Ontario Student Record (OSR) (Expediente acad\u00e9mico de estudiante de Ontario) que documenta todos los registros de valoraci\u00f3n de cada estudiante.<\/p>\n<h3>\u00bfQu\u00e9 aspecto tienen los reportes de calificaciones de Ontario?<\/h3>\n<ul>\n<li><em><a href=\"http:\/\/www.edu.gov.on.ca\/eng\/document\/forms\/report\/card\/EPR_Public1to6.pdf\" target=\"_blank\" rel=\"noopener\">Enlace al Reporte de avance de Ontario<\/a>\u00a0(grados 1 a 6 \u2013 escuelas p\u00fablicas)<\/em><\/li>\n<li><em><a href=\"http:\/\/www.edu.gov.on.ca\/eng\/document\/forms\/report\/card\/ElemReport_PublicGr7to8.pdf\" target=\"_blank\" rel=\"noopener\">Enlace al Reporte de calificaciones de Ontario<\/a>\u00a0(grados 7 y 8 \u2013 escuelas p\u00fablicas)<\/em><\/li>\n<li><em><a href=\"http:\/\/www.edu.gov.on.ca\/eng\/document\/forms\/report\/card\/HS_Semester_Final.pdf\" target=\"_blank\" rel=\"noopener\">Enlace al Reporte de calificaciones de Ontario<\/a>\u00a0(grados 9 a 12 \u2013 escuelas p\u00fablicas)<\/em><\/li>\n<\/ul>\n<p><em>*Los reportes de calificaciones de las escuelas cat\u00f3licas tienen algunas diferencias.\u00a0<\/em><\/p>\n<h3>\u00bfDesea m\u00e1s informaci\u00f3n acerca de la evaluaci\u00f3n, valoraci\u00f3n y la presentaci\u00f3n de informes?<\/h3>\n<ul>\n<li><a href=\"http:\/\/www.edu.gov.on.ca\/eng\/policyfunding\/growsuccess.pdf\" target=\"_blank\" rel=\"noopener\"><em>Growing Success (\u00c9xito creciente)<\/em><\/a><\/li>\n<li><a href=\"http:\/\/www.edu.gov.on.ca\/eng\/parents\/reportCard.html\" target=\"_blank\" rel=\"noopener\"><em>Supporting your Child\u2019s Learning through Assessment, Evaluation and Reporting (Apoyo del aprendizaje de sus hijos por medio de la evaluaci\u00f3n, valoraci\u00f3n y la presentaci\u00f3n de informes)<\/em><\/a><\/li>\n<\/ul>\n<\/div>\n<\/div><\/div><\/div><\/div><\/div><\/div>","protected":false},"excerpt":{"rendered":"Reporte de calificaciones de los estudiantes en Ontario Inicio Preguntas frecuentes acerca de la educaci\u00f3n K-12 en Ontario Reporte de calificaciones de los estudiantes en Ontario Requisitos para la graduaci\u00f3n en Ontario Plan de estudios en Ontario Educaci\u00f3n cooperativa en Ontario Escuelas secundarias en Ontario Escuelas primarias en Ontario Infograf\u00eda de la educaci\u00f3n K-12 en&#8230; <a class=\"view-article\" href=\"https:\/\/www.oasdi.ca\/es\/educacion-k-12-en-ontario\/valoracion-evaluacion-y-reporte\/\">Ver art\u00edculo<\/a>","protected":false},"author":237,"featured_media":16195,"parent":18123,"menu_order":530,"comment_status":"closed","ping_status":"closed","template":"","meta":{"footnotes":""},"class_list":["post-20976","page","type-page","status-publish","has-post-thumbnail","hentry"],"yoast_head":"<!-- This site is optimized with the Yoast SEO plugin v21.5 - https:\/\/yoast.com\/wordpress\/plugins\/seo\/ -->\n<title>Reporte de calificaciones de los estudiantes | OASDI<\/title>\n<meta name=\"description\" content=\"El progreso y el rendimiento de los estudiantes es una prioridad para todas las escuelas de Ontario. Descubre c\u00f3mo se eval\u00faa a los estudiantes en Ontario.\" \/>\n<meta name=\"robots\" content=\"index, follow, max-snippet:-1, max-image-preview:large, max-video-preview:-1\" \/>\n<link rel=\"canonical\" href=\"https:\/\/www.oasdi.ca\/es\/educacion-k-12-en-ontario\/valoracion-evaluacion-y-reporte\/\" \/>\n<meta property=\"og:locale\" content=\"es_ES\" \/>\n<meta property=\"og:type\" content=\"article\" \/>\n<meta property=\"og:title\" content=\"Reporte de calificaciones de los estudiantes | OASDI\" \/>\n<meta property=\"og:description\" content=\"El progreso y el rendimiento de los estudiantes es una prioridad para todas las escuelas de Ontario. Descubre c\u00f3mo se eval\u00faa a los estudiantes en Ontario.\" \/>\n<meta property=\"og:url\" content=\"https:\/\/www.oasdi.ca\/es\/educacion-k-12-en-ontario\/valoracion-evaluacion-y-reporte\/\" \/>\n<meta property=\"og:site_name\" content=\"OASDI\" \/>\n<meta property=\"article:modified_time\" content=\"2020-04-23T12:44:55+00:00\" \/>\n<meta property=\"og:image\" content=\"https:\/\/www.oasdi.ca\/wp-content\/uploads\/2020\/03\/banner-49-1.jpg\" \/>\n\t<meta property=\"og:image:width\" content=\"1440\" \/>\n\t<meta property=\"og:image:height\" content=\"268\" \/>\n\t<meta property=\"og:image:type\" content=\"image\/jpeg\" \/>\n<meta name=\"twitter:card\" content=\"summary_large_image\" \/>\n<meta name=\"twitter:label1\" content=\"Tiempo de lectura\" \/>\n\t<meta name=\"twitter:data1\" content=\"4 minutos\" \/>\n<script type=\"application\/ld+json\" class=\"yoast-schema-graph\">{\"@context\":\"https:\/\/schema.org\",\"@graph\":[{\"@type\":\"WebPage\",\"@id\":\"https:\/\/www.oasdi.ca\/es\/educacion-k-12-en-ontario\/valoracion-evaluacion-y-reporte\/\",\"url\":\"https:\/\/www.oasdi.ca\/es\/educacion-k-12-en-ontario\/valoracion-evaluacion-y-reporte\/\",\"name\":\"Reporte de calificaciones de los estudiantes | OASDI\",\"isPartOf\":{\"@id\":\"https:\/\/www.oasdi.ca\/es\/#website\"},\"datePublished\":\"2020-03-19T15:46:39+00:00\",\"dateModified\":\"2020-04-23T12:44:55+00:00\",\"description\":\"El progreso y el rendimiento de los estudiantes es una prioridad para todas las escuelas de Ontario. Descubre c\u00f3mo se eval\u00faa a los estudiantes en Ontario.\",\"breadcrumb\":{\"@id\":\"https:\/\/www.oasdi.ca\/es\/educacion-k-12-en-ontario\/valoracion-evaluacion-y-reporte\/#breadcrumb\"},\"inLanguage\":\"es\",\"potentialAction\":[{\"@type\":\"ReadAction\",\"target\":[\"https:\/\/www.oasdi.ca\/es\/educacion-k-12-en-ontario\/valoracion-evaluacion-y-reporte\/\"]}]},{\"@type\":\"BreadcrumbList\",\"@id\":\"https:\/\/www.oasdi.ca\/es\/educacion-k-12-en-ontario\/valoracion-evaluacion-y-reporte\/#breadcrumb\",\"itemListElement\":[{\"@type\":\"ListItem\",\"position\":1,\"name\":\"Inicio\",\"item\":\"https:\/\/www.oasdi.ca\/es\/\"},{\"@type\":\"ListItem\",\"position\":2,\"name\":\"Educaci\u00f3n K-12 en Ontario\",\"item\":\"https:\/\/www.oasdi.ca\/es\/educacion-k-12-en-ontario\/\"},{\"@type\":\"ListItem\",\"position\":3,\"name\":\"Reporte de calificaciones de los estudiantes en Ontario\"}]},{\"@type\":\"WebSite\",\"@id\":\"https:\/\/www.oasdi.ca\/es\/#website\",\"url\":\"https:\/\/www.oasdi.ca\/es\/\",\"name\":\"OASDI\",\"description\":\"Ontario Association of School District International\",\"publisher\":{\"@id\":\"https:\/\/www.oasdi.ca\/es\/#organization\"},\"potentialAction\":[{\"@type\":\"SearchAction\",\"target\":{\"@type\":\"EntryPoint\",\"urlTemplate\":\"https:\/\/www.oasdi.ca\/es\/?s={search_term_string}\"},\"query-input\":\"required name=search_term_string\"}],\"inLanguage\":\"es\"},{\"@type\":\"Organization\",\"@id\":\"https:\/\/www.oasdi.ca\/es\/#organization\",\"name\":\"OASDI\",\"url\":\"https:\/\/www.oasdi.ca\/es\/\",\"logo\":{\"@type\":\"ImageObject\",\"inLanguage\":\"es\",\"@id\":\"https:\/\/www.oasdi.ca\/es\/#\/schema\/logo\/image\/\",\"url\":\"https:\/\/www.oasdi.ca\/wp-content\/uploads\/2020\/02\/cropped-oasdi-logo.png\",\"contentUrl\":\"https:\/\/www.oasdi.ca\/wp-content\/uploads\/2020\/02\/cropped-oasdi-logo.png\",\"width\":468,\"height\":96,\"caption\":\"OASDI\"},\"image\":{\"@id\":\"https:\/\/www.oasdi.ca\/es\/#\/schema\/logo\/image\/\"}}]}<\/script>\n<!-- \/ Yoast SEO plugin. -->","yoast_head_json":{"title":"Reporte de calificaciones de los estudiantes | OASDI","description":"El progreso y el rendimiento de los estudiantes es una prioridad para todas las escuelas de Ontario. Descubre c\u00f3mo se eval\u00faa a los estudiantes en Ontario.","robots":{"index":"index","follow":"follow","max-snippet":"max-snippet:-1","max-image-preview":"max-image-preview:large","max-video-preview":"max-video-preview:-1"},"canonical":"https:\/\/www.oasdi.ca\/es\/educacion-k-12-en-ontario\/valoracion-evaluacion-y-reporte\/","og_locale":"es_ES","og_type":"article","og_title":"Reporte de calificaciones de los estudiantes | OASDI","og_description":"El progreso y el rendimiento de los estudiantes es una prioridad para todas las escuelas de Ontario. Descubre c\u00f3mo se eval\u00faa a los estudiantes en Ontario.","og_url":"https:\/\/www.oasdi.ca\/es\/educacion-k-12-en-ontario\/valoracion-evaluacion-y-reporte\/","og_site_name":"OASDI","article_modified_time":"2020-04-23T12:44:55+00:00","og_image":[{"width":1440,"height":268,"url":"https:\/\/www.oasdi.ca\/wp-content\/uploads\/2020\/03\/banner-49-1.jpg","type":"image\/jpeg"}],"twitter_card":"summary_large_image","twitter_misc":{"Tiempo de lectura":"4 minutos"},"schema":{"@context":"https:\/\/schema.org","@graph":[{"@type":"WebPage","@id":"https:\/\/www.oasdi.ca\/es\/educacion-k-12-en-ontario\/valoracion-evaluacion-y-reporte\/","url":"https:\/\/www.oasdi.ca\/es\/educacion-k-12-en-ontario\/valoracion-evaluacion-y-reporte\/","name":"Reporte de calificaciones de los estudiantes | OASDI","isPartOf":{"@id":"https:\/\/www.oasdi.ca\/es\/#website"},"datePublished":"2020-03-19T15:46:39+00:00","dateModified":"2020-04-23T12:44:55+00:00","description":"El progreso y el rendimiento de los estudiantes es una prioridad para todas las escuelas de Ontario. Descubre c\u00f3mo se eval\u00faa a los estudiantes en Ontario.","breadcrumb":{"@id":"https:\/\/www.oasdi.ca\/es\/educacion-k-12-en-ontario\/valoracion-evaluacion-y-reporte\/#breadcrumb"},"inLanguage":"es","potentialAction":[{"@type":"ReadAction","target":["https:\/\/www.oasdi.ca\/es\/educacion-k-12-en-ontario\/valoracion-evaluacion-y-reporte\/"]}]},{"@type":"BreadcrumbList","@id":"https:\/\/www.oasdi.ca\/es\/educacion-k-12-en-ontario\/valoracion-evaluacion-y-reporte\/#breadcrumb","itemListElement":[{"@type":"ListItem","position":1,"name":"Inicio","item":"https:\/\/www.oasdi.ca\/es\/"},{"@type":"ListItem","position":2,"name":"Educaci\u00f3n K-12 en Ontario","item":"https:\/\/www.oasdi.ca\/es\/educacion-k-12-en-ontario\/"},{"@type":"ListItem","position":3,"name":"Reporte de calificaciones de los estudiantes en Ontario"}]},{"@type":"WebSite","@id":"https:\/\/www.oasdi.ca\/es\/#website","url":"https:\/\/www.oasdi.ca\/es\/","name":"OASDI","description":"Ontario Association of School District International","publisher":{"@id":"https:\/\/www.oasdi.ca\/es\/#organization"},"potentialAction":[{"@type":"SearchAction","target":{"@type":"EntryPoint","urlTemplate":"https:\/\/www.oasdi.ca\/es\/?s={search_term_string}"},"query-input":"required name=search_term_string"}],"inLanguage":"es"},{"@type":"Organization","@id":"https:\/\/www.oasdi.ca\/es\/#organization","name":"OASDI","url":"https:\/\/www.oasdi.ca\/es\/","logo":{"@type":"ImageObject","inLanguage":"es","@id":"https:\/\/www.oasdi.ca\/es\/#\/schema\/logo\/image\/","url":"https:\/\/www.oasdi.ca\/wp-content\/uploads\/2020\/02\/cropped-oasdi-logo.png","contentUrl":"https:\/\/www.oasdi.ca\/wp-content\/uploads\/2020\/02\/cropped-oasdi-logo.png","width":468,"height":96,"caption":"OASDI"},"image":{"@id":"https:\/\/www.oasdi.ca\/es\/#\/schema\/logo\/image\/"}}]}},"_links":{"self":[{"href":"https:\/\/www.oasdi.ca\/es\/wp-json\/wp\/v2\/pages\/20976"}],"collection":[{"href":"https:\/\/www.oasdi.ca\/es\/wp-json\/wp\/v2\/pages"}],"about":[{"href":"https:\/\/www.oasdi.ca\/es\/wp-json\/wp\/v2\/types\/page"}],"author":[{"embeddable":true,"href":"https:\/\/www.oasdi.ca\/es\/wp-json\/wp\/v2\/users\/237"}],"replies":[{"embeddable":true,"href":"https:\/\/www.oasdi.ca\/es\/wp-json\/wp\/v2\/comments?post=20976"}],"version-history":[{"count":0,"href":"https:\/\/www.oasdi.ca\/es\/wp-json\/wp\/v2\/pages\/20976\/revisions"}],"up":[{"embeddable":true,"href":"https:\/\/www.oasdi.ca\/es\/wp-json\/wp\/v2\/pages\/18123"}],"wp:featuredmedia":[{"embeddable":true,"href":"https:\/\/www.oasdi.ca\/es\/wp-json\/wp\/v2\/media\/16195"}],"wp:attachment":[{"href":"https:\/\/www.oasdi.ca\/es\/wp-json\/wp\/v2\/media?parent=20976"}],"curies":[{"name":"wp","href":"https:\/\/api.w.org\/{rel}","templated":true}]}}