{"id":20877,"date":"2020-03-19T12:51:36","date_gmt":"2020-03-19T12:51:36","guid":{"rendered":"http:\/\/oasdi.ca\/educacion-k-12-en-ontario\/cooperative-education\/"},"modified":"2020-04-23T01:04:52","modified_gmt":"2020-04-23T01:04:52","slug":"educacion-cooperativa","status":"publish","type":"page","link":"https:\/\/www.oasdi.ca\/es\/educacion-k-12-en-ontario\/educacion-cooperativa\/","title":{"rendered":"Educaci\u00f3n cooperativa en Ontario"},"content":{"rendered":"<div id=\"pl-20877\"  class=\"panel-layout\" ><div id=\"pg-20877-0\"  class=\"panel-grid panel-no-style\" ><div id=\"pgc-20877-0-0\"  class=\"panel-grid-cell\" ><div id=\"panel-20877-0-0-0\" class=\"so-panel widget widget_sow-image panel-first-child panel-last-child\" data-index=\"0\" ><div class=\"is-featured-img panel-widget-style panel-widget-style-for-20877-0-0-0\" ><div\n\t\t\t\n\t\t\tclass=\"so-widget-sow-image so-widget-sow-image-default-c4f6304fc136-20877\"\n\t\t\t\n\t\t>\n\n<div class=\"sow-image-container\">\n\t\t<img loading=\"lazy\" decoding=\"async\" src=\"https:\/\/www.oasdi.ca\/wp-content\/uploads\/2020\/03\/oasdi-school.jpg\" width=\"1440\" height=\"268\" srcset=\"https:\/\/www.oasdi.ca\/wp-content\/uploads\/2020\/03\/oasdi-school.jpg 1440w, https:\/\/www.oasdi.ca\/wp-content\/uploads\/2020\/03\/oasdi-school-250x47.jpg 250w, https:\/\/www.oasdi.ca\/wp-content\/uploads\/2020\/03\/oasdi-school-700x130.jpg 700w, https:\/\/www.oasdi.ca\/wp-content\/uploads\/2020\/03\/oasdi-school-768x143.jpg 768w, https:\/\/www.oasdi.ca\/wp-content\/uploads\/2020\/03\/oasdi-school-120x22.jpg 120w\" sizes=\"(max-width: 1440px) 100vw, 1440px\" alt=\"OASDI ontario\" \t\tclass=\"so-widget-image\"\/>\n\t<\/div>\n\n<\/div><\/div><\/div><\/div><\/div><div id=\"pg-20877-1\"  class=\"panel-grid panel-has-style\" ><div class=\"has-container panel-row-style panel-row-style-for-20877-1\" ><div id=\"pgc-20877-1-0\"  class=\"panel-grid-cell\" ><div id=\"panel-20877-1-0-0\" class=\"so-panel widget widget_hem-seo-title-widget panel-first-child panel-last-child\" data-index=\"1\" ><div class=\"panel-widget-style panel-widget-style-for-20877-1-0-0\" ><div\n\t\t\t\n\t\t\tclass=\"so-widget-hem-seo-title-widget so-widget-hem-seo-title-widget-hem-seo-title-widget-style-d75171398898-20877\"\n\t\t\t\n\t\t>\n<h1 style=\"font-size:px;\">Educaci\u00f3n cooperativa en Ontario<\/h1>\n\n\n\n\t<!-- <div class=\"breadcrumb-trail\"><a href=\"index.php\">Home<\/a> \u00bb <span class=\"breadcrumb-current\">About<\/span><\/div> -->\n\t<div class=\"test1\"><span><span><a href=\"https:\/\/www.oasdi.ca\/es\/\">Inicio<\/a><\/span><\/span><\/div>\n<\/div><\/div><\/div><\/div><\/div><\/div><div id=\"pg-20877-2\"  class=\"panel-grid panel-has-style\" ><div class=\"has-container panel-row-style panel-row-style-for-20877-2\" ><div id=\"pgc-20877-2-0\"  class=\"panel-grid-cell\" ><div id=\"panel-20877-2-0-0\" class=\"so-panel widget widget_hem-sidebar-menu-widget panel-first-child\" data-index=\"2\" ><div\n\t\t\t\n\t\t\tclass=\"so-widget-hem-sidebar-menu-widget so-widget-hem-sidebar-menu-widget-hem-sidebar-menu-widget-style-d75171398898-20877\"\n\t\t\t\n\t\t><div id=\"sidebar\">\n\t\t\t<ul id=\"side-menu\" class=\"side-menu menu-embedded\">\n\t\t\t\n\t\t\t\t\t\t\t\t\n\t\t\t\t\t\t\t\t\t\t\t<li><a href=\"https:\/\/www.oasdi.ca\/es\/educacion-k-12-en-ontario\/preguntas-frecuentes\/\">Preguntas frecuentes acerca de la educaci\u00f3n K-12 en Ontario<\/a><\/li>\n\t\t\t\t\t\t\t\t\t\t\t\t\t\n\t\t\t\t\t\t\t\t\t\t\t<li><a href=\"https:\/\/www.oasdi.ca\/es\/educacion-k-12-en-ontario\/valoracion-evaluacion-y-reporte\/\">Reporte de calificaciones de los estudiantes en Ontario<\/a><\/li>\n\t\t\t\t\t\t\t\t\t\t\t\t\t\n\t\t\t\t\t\t\t\t\t\t\t<li><a href=\"https:\/\/www.oasdi.ca\/es\/educacion-k-12-en-ontario\/requisitos-para-graduarse\/\">Requisitos para la graduaci\u00f3n en Ontario<\/a><\/li>\n\t\t\t\t\t\t\t\t\t\t\t\t\t\n\t\t\t\t\t\t\t\t\t\t\t<li><a href=\"https:\/\/www.oasdi.ca\/es\/educacion-k-12-en-ontario\/curriculo\/\">Plan de estudios en Ontario<\/a><\/li>\n\t\t\t\t\t\t\t\t\t\t\t\t\t\n\t\t\t\t\t\t\t\t\t\t\t<li><a class=\"active\" href=\"https:\/\/www.oasdi.ca\/es\/educacion-k-12-en-ontario\/educacion-cooperativa\/\">Educaci\u00f3n cooperativa en Ontario<\/a><\/li>\n\t\t\t\t\t\t\t\t\t\t\t\t\t\n\t\t\t\t\t\t\t\t\t\t\t<li><a href=\"https:\/\/www.oasdi.ca\/es\/educacion-k-12-en-ontario\/escuelas-secundarias\/\">Escuelas secundarias en Ontario<\/a><\/li>\n\t\t\t\t\t\t\t\t\t\t\t\t\t\n\t\t\t\t\t\t\t\t\t\t\t<li><a href=\"https:\/\/www.oasdi.ca\/es\/educacion-k-12-en-ontario\/escuelas-primarias\/\">Escuelas primarias en Ontario<\/a><\/li>\n\t\t\t\t\t\t\t\t\t\t\t\t\t\n\t\t\t\t\t\t\t\t\t\t\t<li><a href=\"https:\/\/www.oasdi.ca\/es\/educacion-k-12-en-ontario\/infografia\/\">Infograf\u00eda de la educaci\u00f3n K-12 en Ontario<\/a><\/li>\n\t\t\t\t\t\t\t\t\t\t\n\n\t\t\t\t<!-- Extra menu -->\n\t\t\t\t\n\n\n\t\t\t\t\t<\/ul>\n\t\n\n<\/div><\/div><\/div><div id=\"panel-20877-2-0-1\" class=\"so-panel widget widget_hem-sidebar-link-widget panel-last-child\" data-index=\"3\" ><div\n\t\t\t\n\t\t\tclass=\"so-widget-hem-sidebar-link-widget so-widget-hem-sidebar-link-widget-hem-sidebar-link-widget-style-d75171398898-20877\"\n\t\t\t\n\t\t><div id=\"sidebar\" class=\"external-link-only\">\n\n\n\n\t\t\t\t<!-- Extra menu -->\n\t\t\t\t\t\t\t\t\t<ul id=\"side-menu\" class=\"side-menu menu-embedded\">\n\t\t\t\t\t\t\t\t\t\t\t\t\t\t\t\t\t\t\t\t\t<li><a  href=\"https:\/\/www.oasdi.ca\/map-search\/\">Map Overview<\/a><\/li>\n\t\t\t\t\t\t\t\t\t\t\t\t\t\t\n\t\t\t\t\t\t\t\t\t\t\t\t\t\t\t\t\t\t\t\t\t<li><a  href=\"https:\/\/www.oasdi.ca\/district-list\/\">District List<\/a><\/li>\n\t\t\t\t\t\t\t\t\t\t\t\t\t\t\n\t\t\t\t\t\t\t\n\t\t\t\t\t<\/ul>\n\t\t\t\t\n\t\t\t\t\n\n\n\n\n<\/div><\/div><\/div><\/div><div id=\"pgc-20877-2-1\"  class=\"panel-grid-cell\" ><div class=\"pl-sm-3 pl-md-5 panel-cell-style panel-cell-style-for-20877-2-1\" ><div id=\"panel-20877-2-1-0\" class=\"so-panel widget widget_sow-editor panel-first-child panel-last-child\" data-index=\"4\" ><div\n\t\t\t\n\t\t\tclass=\"so-widget-sow-editor so-widget-sow-editor-base\"\n\t\t\t\n\t\t>\n<div class=\"siteorigin-widget-tinymce textwidget\">\n\t<p>La educaci\u00f3n cooperativa proporciona oportunidades para que los estudiantes de secundaria participen en pr\u00e1cticas laborales no remuneradas para poder aplicar el aprendizaje del aula en un lugar de trabajo y explorar las diferentes opciones posibles de carreras. Frecuentemente, la Educaci\u00f3n cooperativa es llamada \u201cco-op ed\u201d, o solamente \u201cco-op.\u201d\u00a0 Todas las juntas escolares de Ontario ofrecen programas de educaci\u00f3n cooperativa que siguen las directrices del Ministerio de Educaci\u00f3n.<\/p>\n<p>La educaci\u00f3n cooperativa es una opci\u00f3n posible para cualquier estudiante, ya sea que su trayectoria educativa est\u00e9 dirigida hacia los estudios universitarios, la escuela vocacional o t\u00e9cnica, los programas para aprendices o el trabajo.<\/p>\n<p>Al completar una pr\u00e1ctica de educaci\u00f3n cooperativa, los estudiantes pueden obtener hasta dos cr\u00e9ditos de escuela secundaria con valor para los cr\u00e9ditos obligatorios necesarios para la graduaci\u00f3n, sin ning\u00fan l\u00edmite para completar cr\u00e9ditos de educaci\u00f3n cooperativa adicionales.\u00a0 Los estudiantes deben consultar con el maestro de educaci\u00f3n cooperativa para solicitar una pr\u00e1ctica de educaci\u00f3n cooperativa. El maestro ayudar\u00e1 a hacer los arreglos para la pr\u00e1ctica y a crear un v\u00ednculo entre la pr\u00e1ctica y un curso del plan de estudios en que est\u00e9 matriculado el estudiante de modo que se relacione con el lugar de trabajo.\u00a0 Por ejemplo, con la ayuda del maestro de educaci\u00f3n cooperativa, un estudiante inscrito en un curso de biolog\u00eda de grado 11 podr\u00eda participar en una pr\u00e1ctica de educaci\u00f3n cooperativa de un semestre en una cl\u00ednica veterinaria.\u00a0 Los estudiantes son supervisados por el maestro de educaci\u00f3n cooperativa, as\u00ed como por un supervisor o mentor designado en el lugar de trabajo.\u00a0 En la mayor\u00eda de casos, la pr\u00e1ctica de educaci\u00f3n cooperativa se realizar\u00e1 en la ma\u00f1ana o en la tarde del d\u00eda escolar y tendr\u00e1 una duraci\u00f3n de un semestre.<\/p>\n<h3><strong>Las ventajas de la Educaci\u00f3n cooperativa para los estudiantes<\/strong><\/h3>\n<ul>\n<li>Obtener una valiosa experiencia de trabajo que se puede agregar a un curr\u00edculum<\/li>\n<li>Aprender habilidades para el empleo y desarrollar h\u00e1bitos constructivos de trabajo<\/li>\n<li>Investigar las opciones de la carrera con relaci\u00f3n a los intereses\u00a0 personales<\/li>\n<li>Hacer una conexi\u00f3n entre el aprendizaje en el aula y la experiencia en \u201cel mundo real\u201d<\/li>\n<li>Explorar las aptitudes personales en un ambiente favorable<\/li>\n<li>Obtener cr\u00e9ditos para la graduaci\u00f3n<\/li>\n<\/ul>\n<h4><strong>\u00bfDesea m\u00e1s informaci\u00f3n acerca de la Educaci\u00f3n cooperativa?<\/strong><\/h4>\n<p><a href=\"http:\/\/www.edu.gov.on.ca\/morestudentsuccess\/coopFact.pdf\" target=\"_blank\" rel=\"noopener\">Hoja informativa de la Educaci\u00f3n cooperativa<\/a><\/p>\n<p>Puede encontrar detalles adicionales acerca de la Educaci\u00f3n cooperativa en\u00a0<a href=\"http:\/\/www.edu.gov.on.ca\/morestudentsuccess\/coop.html\" target=\"_blank\" rel=\"noopener\">www.edu.gov.on.ca\/morestudentsuccess\/coop.html<\/a><\/p>\n<\/div>\n<\/div><\/div><\/div><\/div><\/div><\/div><\/div>","protected":false},"excerpt":{"rendered":"Educaci\u00f3n cooperativa en Ontario Inicio Preguntas frecuentes acerca de la educaci\u00f3n K-12 en Ontario Reporte de calificaciones de los estudiantes en Ontario Requisitos para la graduaci\u00f3n en Ontario Plan de estudios en Ontario Educaci\u00f3n cooperativa en Ontario Escuelas secundarias en Ontario Escuelas primarias en Ontario Infograf\u00eda de la educaci\u00f3n K-12 en Ontario Map Overview District&#8230; <a class=\"view-article\" href=\"https:\/\/www.oasdi.ca\/es\/educacion-k-12-en-ontario\/educacion-cooperativa\/\">Ver art\u00edculo<\/a>","protected":false},"author":237,"featured_media":16110,"parent":18123,"menu_order":550,"comment_status":"closed","ping_status":"closed","template":"","meta":{"footnotes":""},"class_list":["post-20877","page","type-page","status-publish","has-post-thumbnail","hentry"],"yoast_head":"<!-- This site is optimized with the Yoast SEO plugin v21.5 - https:\/\/yoast.com\/wordpress\/plugins\/seo\/ -->\n<title>Educaci\u00f3n cooperativa | Sistema de educaci\u00f3n de Ontario<\/title>\n<meta name=\"description\" content=\"Todas las juntas escolares ofrecen educaci\u00f3n cooperativa a los estudiantes de la escuela secundaria. Aprende m\u00e1s acerca de la educaci\u00f3n cooperativa aqu\u00ed.\" \/>\n<meta name=\"robots\" content=\"index, follow, max-snippet:-1, max-image-preview:large, max-video-preview:-1\" \/>\n<link rel=\"canonical\" href=\"https:\/\/www.oasdi.ca\/es\/educacion-k-12-en-ontario\/educacion-cooperativa\/\" \/>\n<meta property=\"og:locale\" content=\"es_ES\" \/>\n<meta property=\"og:type\" content=\"article\" \/>\n<meta property=\"og:title\" content=\"Educaci\u00f3n cooperativa | Sistema de educaci\u00f3n de Ontario\" \/>\n<meta property=\"og:description\" content=\"Todas las juntas escolares ofrecen educaci\u00f3n cooperativa a los estudiantes de la escuela secundaria. Aprende m\u00e1s acerca de la educaci\u00f3n cooperativa aqu\u00ed.\" \/>\n<meta property=\"og:url\" content=\"https:\/\/www.oasdi.ca\/es\/educacion-k-12-en-ontario\/educacion-cooperativa\/\" \/>\n<meta property=\"og:site_name\" content=\"OASDI\" \/>\n<meta property=\"article:modified_time\" content=\"2020-04-23T01:04:52+00:00\" \/>\n<meta property=\"og:image\" content=\"https:\/\/www.oasdi.ca\/wp-content\/uploads\/2020\/03\/oasdi-school.jpg\" \/>\n\t<meta property=\"og:image:width\" content=\"1440\" \/>\n\t<meta property=\"og:image:height\" content=\"268\" \/>\n\t<meta property=\"og:image:type\" content=\"image\/jpeg\" \/>\n<meta name=\"twitter:card\" content=\"summary_large_image\" \/>\n<meta name=\"twitter:label1\" content=\"Tiempo de lectura\" \/>\n\t<meta name=\"twitter:data1\" content=\"2 minutos\" \/>\n<script type=\"application\/ld+json\" class=\"yoast-schema-graph\">{\"@context\":\"https:\/\/schema.org\",\"@graph\":[{\"@type\":\"WebPage\",\"@id\":\"https:\/\/www.oasdi.ca\/es\/educacion-k-12-en-ontario\/educacion-cooperativa\/\",\"url\":\"https:\/\/www.oasdi.ca\/es\/educacion-k-12-en-ontario\/educacion-cooperativa\/\",\"name\":\"Educaci\u00f3n cooperativa | Sistema de educaci\u00f3n de Ontario\",\"isPartOf\":{\"@id\":\"https:\/\/www.oasdi.ca\/es\/#website\"},\"datePublished\":\"2020-03-19T12:51:36+00:00\",\"dateModified\":\"2020-04-23T01:04:52+00:00\",\"description\":\"Todas las juntas escolares ofrecen educaci\u00f3n cooperativa a los estudiantes de la escuela secundaria. Aprende m\u00e1s acerca de la educaci\u00f3n cooperativa aqu\u00ed.\",\"breadcrumb\":{\"@id\":\"https:\/\/www.oasdi.ca\/es\/educacion-k-12-en-ontario\/educacion-cooperativa\/#breadcrumb\"},\"inLanguage\":\"es\",\"potentialAction\":[{\"@type\":\"ReadAction\",\"target\":[\"https:\/\/www.oasdi.ca\/es\/educacion-k-12-en-ontario\/educacion-cooperativa\/\"]}]},{\"@type\":\"BreadcrumbList\",\"@id\":\"https:\/\/www.oasdi.ca\/es\/educacion-k-12-en-ontario\/educacion-cooperativa\/#breadcrumb\",\"itemListElement\":[{\"@type\":\"ListItem\",\"position\":1,\"name\":\"Inicio\",\"item\":\"https:\/\/www.oasdi.ca\/es\/\"},{\"@type\":\"ListItem\",\"position\":2,\"name\":\"Educaci\u00f3n K-12 en Ontario\",\"item\":\"https:\/\/www.oasdi.ca\/es\/educacion-k-12-en-ontario\/\"},{\"@type\":\"ListItem\",\"position\":3,\"name\":\"Educaci\u00f3n cooperativa en Ontario\"}]},{\"@type\":\"WebSite\",\"@id\":\"https:\/\/www.oasdi.ca\/es\/#website\",\"url\":\"https:\/\/www.oasdi.ca\/es\/\",\"name\":\"OASDI\",\"description\":\"Ontario Association of School District International\",\"publisher\":{\"@id\":\"https:\/\/www.oasdi.ca\/es\/#organization\"},\"potentialAction\":[{\"@type\":\"SearchAction\",\"target\":{\"@type\":\"EntryPoint\",\"urlTemplate\":\"https:\/\/www.oasdi.ca\/es\/?s={search_term_string}\"},\"query-input\":\"required name=search_term_string\"}],\"inLanguage\":\"es\"},{\"@type\":\"Organization\",\"@id\":\"https:\/\/www.oasdi.ca\/es\/#organization\",\"name\":\"OASDI\",\"url\":\"https:\/\/www.oasdi.ca\/es\/\",\"logo\":{\"@type\":\"ImageObject\",\"inLanguage\":\"es\",\"@id\":\"https:\/\/www.oasdi.ca\/es\/#\/schema\/logo\/image\/\",\"url\":\"https:\/\/www.oasdi.ca\/wp-content\/uploads\/2020\/02\/cropped-oasdi-logo.png\",\"contentUrl\":\"https:\/\/www.oasdi.ca\/wp-content\/uploads\/2020\/02\/cropped-oasdi-logo.png\",\"width\":468,\"height\":96,\"caption\":\"OASDI\"},\"image\":{\"@id\":\"https:\/\/www.oasdi.ca\/es\/#\/schema\/logo\/image\/\"}}]}<\/script>\n<!-- \/ Yoast SEO plugin. -->","yoast_head_json":{"title":"Educaci\u00f3n cooperativa | Sistema de educaci\u00f3n de Ontario","description":"Todas las juntas escolares ofrecen educaci\u00f3n cooperativa a los estudiantes de la escuela secundaria. Aprende m\u00e1s acerca de la educaci\u00f3n cooperativa aqu\u00ed.","robots":{"index":"index","follow":"follow","max-snippet":"max-snippet:-1","max-image-preview":"max-image-preview:large","max-video-preview":"max-video-preview:-1"},"canonical":"https:\/\/www.oasdi.ca\/es\/educacion-k-12-en-ontario\/educacion-cooperativa\/","og_locale":"es_ES","og_type":"article","og_title":"Educaci\u00f3n cooperativa | Sistema de educaci\u00f3n de Ontario","og_description":"Todas las juntas escolares ofrecen educaci\u00f3n cooperativa a los estudiantes de la escuela secundaria. Aprende m\u00e1s acerca de la educaci\u00f3n cooperativa aqu\u00ed.","og_url":"https:\/\/www.oasdi.ca\/es\/educacion-k-12-en-ontario\/educacion-cooperativa\/","og_site_name":"OASDI","article_modified_time":"2020-04-23T01:04:52+00:00","og_image":[{"width":1440,"height":268,"url":"https:\/\/www.oasdi.ca\/wp-content\/uploads\/2020\/03\/oasdi-school.jpg","type":"image\/jpeg"}],"twitter_card":"summary_large_image","twitter_misc":{"Tiempo de lectura":"2 minutos"},"schema":{"@context":"https:\/\/schema.org","@graph":[{"@type":"WebPage","@id":"https:\/\/www.oasdi.ca\/es\/educacion-k-12-en-ontario\/educacion-cooperativa\/","url":"https:\/\/www.oasdi.ca\/es\/educacion-k-12-en-ontario\/educacion-cooperativa\/","name":"Educaci\u00f3n cooperativa | Sistema de educaci\u00f3n de Ontario","isPartOf":{"@id":"https:\/\/www.oasdi.ca\/es\/#website"},"datePublished":"2020-03-19T12:51:36+00:00","dateModified":"2020-04-23T01:04:52+00:00","description":"Todas las juntas escolares ofrecen educaci\u00f3n cooperativa a los estudiantes de la escuela secundaria. Aprende m\u00e1s acerca de la educaci\u00f3n cooperativa aqu\u00ed.","breadcrumb":{"@id":"https:\/\/www.oasdi.ca\/es\/educacion-k-12-en-ontario\/educacion-cooperativa\/#breadcrumb"},"inLanguage":"es","potentialAction":[{"@type":"ReadAction","target":["https:\/\/www.oasdi.ca\/es\/educacion-k-12-en-ontario\/educacion-cooperativa\/"]}]},{"@type":"BreadcrumbList","@id":"https:\/\/www.oasdi.ca\/es\/educacion-k-12-en-ontario\/educacion-cooperativa\/#breadcrumb","itemListElement":[{"@type":"ListItem","position":1,"name":"Inicio","item":"https:\/\/www.oasdi.ca\/es\/"},{"@type":"ListItem","position":2,"name":"Educaci\u00f3n K-12 en Ontario","item":"https:\/\/www.oasdi.ca\/es\/educacion-k-12-en-ontario\/"},{"@type":"ListItem","position":3,"name":"Educaci\u00f3n cooperativa en Ontario"}]},{"@type":"WebSite","@id":"https:\/\/www.oasdi.ca\/es\/#website","url":"https:\/\/www.oasdi.ca\/es\/","name":"OASDI","description":"Ontario Association of School District International","publisher":{"@id":"https:\/\/www.oasdi.ca\/es\/#organization"},"potentialAction":[{"@type":"SearchAction","target":{"@type":"EntryPoint","urlTemplate":"https:\/\/www.oasdi.ca\/es\/?s={search_term_string}"},"query-input":"required name=search_term_string"}],"inLanguage":"es"},{"@type":"Organization","@id":"https:\/\/www.oasdi.ca\/es\/#organization","name":"OASDI","url":"https:\/\/www.oasdi.ca\/es\/","logo":{"@type":"ImageObject","inLanguage":"es","@id":"https:\/\/www.oasdi.ca\/es\/#\/schema\/logo\/image\/","url":"https:\/\/www.oasdi.ca\/wp-content\/uploads\/2020\/02\/cropped-oasdi-logo.png","contentUrl":"https:\/\/www.oasdi.ca\/wp-content\/uploads\/2020\/02\/cropped-oasdi-logo.png","width":468,"height":96,"caption":"OASDI"},"image":{"@id":"https:\/\/www.oasdi.ca\/es\/#\/schema\/logo\/image\/"}}]}},"_links":{"self":[{"href":"https:\/\/www.oasdi.ca\/es\/wp-json\/wp\/v2\/pages\/20877"}],"collection":[{"href":"https:\/\/www.oasdi.ca\/es\/wp-json\/wp\/v2\/pages"}],"about":[{"href":"https:\/\/www.oasdi.ca\/es\/wp-json\/wp\/v2\/types\/page"}],"author":[{"embeddable":true,"href":"https:\/\/www.oasdi.ca\/es\/wp-json\/wp\/v2\/users\/237"}],"replies":[{"embeddable":true,"href":"https:\/\/www.oasdi.ca\/es\/wp-json\/wp\/v2\/comments?post=20877"}],"version-history":[{"count":0,"href":"https:\/\/www.oasdi.ca\/es\/wp-json\/wp\/v2\/pages\/20877\/revisions"}],"up":[{"embeddable":true,"href":"https:\/\/www.oasdi.ca\/es\/wp-json\/wp\/v2\/pages\/18123"}],"wp:featuredmedia":[{"embeddable":true,"href":"https:\/\/www.oasdi.ca\/es\/wp-json\/wp\/v2\/media\/16110"}],"wp:attachment":[{"href":"https:\/\/www.oasdi.ca\/es\/wp-json\/wp\/v2\/media?parent=20877"}],"curies":[{"name":"wp","href":"https:\/\/api.w.org\/{rel}","templated":true}]}}