{"id":20829,"date":"2020-03-19T22:38:44","date_gmt":"2020-03-19T22:38:44","guid":{"rendered":"http:\/\/oasdi.ca\/educacion-internacional\/student-support-services\/"},"modified":"2020-04-23T00:20:31","modified_gmt":"2020-04-23T00:20:31","slug":"servicio-de-apoyo-para-estudiantes","status":"publish","type":"page","link":"https:\/\/www.oasdi.ca\/es\/educacion-internacional\/servicio-de-apoyo-para-estudiantes\/","title":{"rendered":"Servicios de apoyo para estudiantes en Ontario"},"content":{"rendered":"<div id=\"pl-20829\"  class=\"panel-layout\" ><div id=\"pg-20829-0\"  class=\"panel-grid panel-no-style\" ><div id=\"pgc-20829-0-0\"  class=\"panel-grid-cell\" ><div id=\"panel-20829-0-0-0\" class=\"so-panel widget widget_sow-image panel-first-child panel-last-child\" data-index=\"0\" ><div class=\"is-featured-img panel-widget-style panel-widget-style-for-20829-0-0-0\" ><div\n\t\t\t\n\t\t\tclass=\"so-widget-sow-image so-widget-sow-image-default-c4f6304fc136-20829\"\n\t\t\t\n\t\t>\n\n<div class=\"sow-image-container\">\n\t\t<img loading=\"lazy\" decoding=\"async\" src=\"https:\/\/www.oasdi.ca\/wp-content\/uploads\/2020\/03\/banner-6.jpg\" width=\"1440\" height=\"268\" srcset=\"https:\/\/www.oasdi.ca\/wp-content\/uploads\/2020\/03\/banner-6.jpg 1440w, https:\/\/www.oasdi.ca\/wp-content\/uploads\/2020\/03\/banner-6-250x47.jpg 250w, https:\/\/www.oasdi.ca\/wp-content\/uploads\/2020\/03\/banner-6-700x130.jpg 700w, https:\/\/www.oasdi.ca\/wp-content\/uploads\/2020\/03\/banner-6-768x143.jpg 768w, https:\/\/www.oasdi.ca\/wp-content\/uploads\/2020\/03\/banner-6-120x22.jpg 120w\" sizes=\"(max-width: 1440px) 100vw, 1440px\" alt=\"Student Support Services in Ontario\" \t\tclass=\"so-widget-image\"\/>\n\t<\/div>\n\n<\/div><\/div><\/div><\/div><\/div><div id=\"pg-20829-1\"  class=\"panel-grid panel-has-style\" ><div class=\"has-container panel-row-style panel-row-style-for-20829-1\" ><div id=\"pgc-20829-1-0\"  class=\"panel-grid-cell\" ><div id=\"panel-20829-1-0-0\" class=\"so-panel widget widget_hem-seo-title-widget panel-first-child panel-last-child\" data-index=\"1\" ><div class=\"panel-widget-style panel-widget-style-for-20829-1-0-0\" ><div\n\t\t\t\n\t\t\tclass=\"so-widget-hem-seo-title-widget so-widget-hem-seo-title-widget-hem-seo-title-widget-style-d75171398898-20829\"\n\t\t\t\n\t\t>\n<h1 style=\"font-size:px;\">Servicios de apoyo para estudiantes en Ontario<\/h1>\n\n\n\n\t<!-- <div class=\"breadcrumb-trail\"><a href=\"index.php\">Home<\/a> \u00bb <span class=\"breadcrumb-current\">About<\/span><\/div> -->\n\t<div class=\"test1\"><span><span><a href=\"https:\/\/www.oasdi.ca\/es\/\">Inicio<\/a><\/span><\/span><\/div>\n<\/div><\/div><\/div><\/div><\/div><\/div><div id=\"pg-20829-2\"  class=\"panel-grid panel-has-style\" ><div class=\"has-container panel-row-style panel-row-style-for-20829-2\" ><div id=\"pgc-20829-2-0\"  class=\"panel-grid-cell\" ><div id=\"panel-20829-2-0-0\" class=\"so-panel widget widget_hem-sidebar-menu-widget panel-first-child\" data-index=\"2\" ><div\n\t\t\t\n\t\t\tclass=\"so-widget-hem-sidebar-menu-widget so-widget-hem-sidebar-menu-widget-hem-sidebar-menu-widget-style-d75171398898-20829\"\n\t\t\t\n\t\t><div id=\"sidebar\">\n\t\t\t<ul id=\"side-menu\" class=\"side-menu menu-embedded\">\n\t\t\t\n\t\t\t\t\t\t\t\t\n\t\t\t\t\t\t\t\t\t\t\t<li><a href=\"https:\/\/www.oasdi.ca\/es\/educacion-internacional\/preguntas-frecuentes\/\">Preguntas frecuentes acerca de la educaci\u00f3n internacional en Ontario<\/a><\/li>\n\t\t\t\t\t\t\t\t\t\t\t\t\t\n\t\t\t\t\t\t\t\t\t\t\t<li><a href=\"https:\/\/www.oasdi.ca\/es\/educacion-internacional\/programas\/\">Programas para estudiantes internacionales en Ontario<\/a><\/li>\n\t\t\t\t\t\t\t\t\t\t\t\t\t\n\t\t\t\t\t\t\t\t\t\t\t<li><a class=\"active\" href=\"https:\/\/www.oasdi.ca\/es\/educacion-internacional\/servicio-de-apoyo-para-estudiantes\/\">Servicios de apoyo para estudiantes en Ontario<\/a><\/li>\n\t\t\t\t\t\t\t\t\t\t\t\t\t\n\t\t\t\t\t\t\t\t\t\t\t<li><a href=\"https:\/\/www.oasdi.ca\/es\/educacion-internacional\/aprender-ingles\/\">Aprendizaje del idioma ingl\u00e9s (ELL) en Ontario<\/a><\/li>\n\t\t\t\t\t\t\t\t\t\t\t\t\t\n\t\t\t\t\t\t\t\t\t\t\t<li><a href=\"https:\/\/www.oasdi.ca\/es\/educacion-internacional\/ontario\/\">Por qu\u00e9 elegir la educaci\u00f3n internacional en Ontario?<\/a><\/li>\n\t\t\t\t\t\t\t\t\t\t\t\t\t\n\t\t\t\t\t\t\t\t\t\t\t<li><a href=\"https:\/\/www.oasdi.ca\/es\/educacion-internacional\/guia-para-la-orientacion-escolar\/\">Gu\u00eda de orientaci\u00f3n escolar en Ontario: la vida cotidiana en las escuelas<\/a><\/li>\n\t\t\t\t\t\t\t\t\t\t\n\n\t\t\t\t<!-- Extra menu -->\n\t\t\t\t\n\n\n\t\t\t\t\t<\/ul>\n\t\n\n<\/div><\/div><\/div><div id=\"panel-20829-2-0-1\" class=\"so-panel widget widget_hem-sidebar-link-widget panel-last-child\" data-index=\"3\" ><div\n\t\t\t\n\t\t\tclass=\"so-widget-hem-sidebar-link-widget so-widget-hem-sidebar-link-widget-hem-sidebar-link-widget-style-d75171398898-20829\"\n\t\t\t\n\t\t><div id=\"sidebar\" class=\"external-link-only\">\n\n\n\n\t\t\t\t<!-- Extra menu -->\n\t\t\t\t\t\t\t\t\t<ul id=\"side-menu\" class=\"side-menu menu-embedded\">\n\t\t\t\t\t\t\t\t\t\t\t\t\t\t\t\t\t\t\t\t\t<li><a  href=\"https:\/\/www.oasdi.ca\/map-search\/\">Map Overview<\/a><\/li>\n\t\t\t\t\t\t\t\t\t\t\t\t\t\t\n\t\t\t\t\t\t\t\t\t\t\t\t\t\t\t\t\t\t\t\t\t<li><a  href=\"https:\/\/www.oasdi.ca\/district-list\/\">District List<\/a><\/li>\n\t\t\t\t\t\t\t\t\t\t\t\t\t\t\n\t\t\t\t\t\t\t\n\t\t\t\t\t<\/ul>\n\t\t\t\t\n\t\t\t\t\n\n\n\n\n<\/div><\/div><\/div><\/div><div id=\"pgc-20829-2-1\"  class=\"panel-grid-cell\" ><div class=\"pl-sm-3 pl-md-5 panel-cell-style panel-cell-style-for-20829-2-1\" ><div id=\"panel-20829-2-1-0\" class=\"so-panel widget widget_sow-editor panel-first-child panel-last-child\" data-index=\"4\" ><div\n\t\t\t\n\t\t\tclass=\"so-widget-sow-editor so-widget-sow-editor-base\"\n\t\t\t\n\t\t>\n<div class=\"siteorigin-widget-tinymce textwidget\">\n\t<h3><strong>Al llegar a Ontario<\/strong><\/h3>\n<p>Los estudiantes internacionales no est\u00e1n solos cuando llegan a Ontario.\u00a0 Existe un enfoque de \u201cequipo\u201d coordinado para apoyar a los nuevos estudiantes internacionales en el momento de su llegada. Todos trabajan juntos \u2013 la familia anfitriona, el personal de la oficina de educaci\u00f3n internacional, el director de la escuela, el personal docente, as\u00ed como tambi\u00e9n los estudiantes de la escuela y los aliados comunitarios locales \u2013 para dar la bienvenida y asistencia a los nuevos estudiantes internacionales.\u00a0 La seguridad, el cuidado y el bienestar de los estudiantes tienen la mayor importancia en todo momento.<\/p>\n<h3><strong>Papel de su familia anfitriona (Alojamiento con familias anfitrionas)<\/strong><\/h3>\n<p>Llegar a un pa\u00eds nuevo para asistir a una escuela nueva en la que todos hablan un idioma diferente puede parecer abrumador inicialmente.\u00a0 Las familias anfitrionas tienen experiencia en acoger a los estudiantes y no solamente le proporcionar\u00e1n un ambiente c\u00f3modo y seguro para vivir, sino que tambi\u00e9n ayudan a que los estudiantes nuevos conozcan su nuevo vecindario y encuentren su nueva escuela. Adem\u00e1s, la familia anfitriona ayudar\u00e1 a los nuevos estudiantes a aprender acerca de los sistemas locales de transporte y responder\u00e1 a cualquier pregunta que el estudiante pueda tener.<\/p>\n<h3><strong>Sesiones de orientaci\u00f3n<\/strong><\/h3>\n<p>La mayor\u00eda de las juntas escolares han desarrollado un programa completo de orientaci\u00f3n que informa a los estudiantes internacionales lo que pueden esperar en su nueva escuela, as\u00ed como tambi\u00e9n proporcionan informaci\u00f3n importante acerca de su nueva comunidad. Muchas juntas escolares ofrecen una gira local en autob\u00fas o piden a los estudiantes internacionales que han regresado, que hagan presentaciones de c\u00f3mo se adaptaron a su nueva escuela y a la cultura canadiense.<\/p>\n<h3><strong>Evaluaci\u00f3n de la aptitud ling\u00fc\u00edstica<\/strong><\/h3>\n<p>Poco tiempo despu\u00e9s de su llegada, usualmente antes de que un estudiante internacional nuevo empiece en una escuela, se lleva a cabo una cita para evaluar la aptitud ling\u00fc\u00edstica y frecuentemente tambi\u00e9n las habilidades matem\u00e1ticas. Esta evaluaci\u00f3n ayudar\u00e1 a colocar al estudiante en un ambiente de aprendizaje apropiado a las necesidades y aptitudes del estudiante.<\/p>\n<h3><strong>Primera asistencia a su nueva escuela<\/strong><\/h3>\n<p>Inicialmente puede ser intimidante, sin embargo, debe tener en mente que muchos estudiantes internacionales han pasado antes que usted y han tenido una experiencia de aprendizaje exitosa y agradable. \u00a0 Frecuentemente el Director de la escuela le dar\u00e1 la bienvenida y le presentar\u00e1 a algunos de los miembros del personal de la escuela. Muchas escuelas han desarrollado sus propios programas de orientaci\u00f3n y muchas escuelas tienen un estudiante \u201ccompa\u00f1ero\u201d con usted para que le muestre la escuela, para conocer d\u00f3nde est\u00e1 la biblioteca, la cafeter\u00eda, los ba\u00f1os e informarle acerca de las rutinas de la escuela y mostrarle sus nuevas aulas.<\/p>\n<h3><strong>Asistencia continua<\/strong><\/h3>\n<p>Estos servicios de apoyo para estudiantes est\u00e1n disponibles para todos los estudiantes internacionales de todas las escuelas secundarias:<\/p>\n<ul>\n<li>Orientaci\u00f3n e instrucci\u00f3n educativa<\/li>\n<li>Orientaci\u00f3n e instrucci\u00f3n para carreras<\/li>\n<li>Orientaci\u00f3n personal<\/li>\n<li>Apoyo idiom\u00e1tico\/cultural<\/li>\n<\/ul>\n<h3><strong>Su consejero de orientaci\u00f3n<\/strong><\/h3>\n<p>Una de la persona m\u00e1s \u00fatiles e importantes con quien trabajar\u00e1 durante su tiempo como estudiante internacional es su \u201cConsejero de orientaci\u00f3n.\u201d asignado \u00a0 En algunas escuelas, el consejero de orientaci\u00f3n trabaja exclusivamente con los estudiantes internacionales.\u00a0 Los consejeros de orientaci\u00f3n trabajan en la Oficina de servicios estudiantiles de la escuela y proporcionan un amplio rango de ayuda a los estudiantes internacionales y les pueden ayudar a preparar su horario de asignaturas, a comunicarse con sus maestros de asignaturas, responder a cualquier pregunta que tenga con respecto a los requisitos para la graduaci\u00f3n y darle apoyo con cualquier problema emocional o personal que pueda tener. No dude en hacer una cita para ver a su consejero de orientaci\u00f3n siempre que tenga un problema.<\/p>\n<h3><strong>Su(s) consejero(s) acad\u00e9mico(s)<\/strong><\/h3>\n<p>Algunas juntas escolares tienen personal ocupando el (los) puesto(s) de Consejero(s) Acad\u00e9mico(s), quienes pueden participar en la realizaci\u00f3n de la evaluaci\u00f3n inicial de los estudiantes a su llegada, as\u00ed como ayudar a los estudiantes internacionales con asuntos acad\u00e9micos a lo largo del a\u00f1o escolar. Los Consejeros acad\u00e9micos tienen un conocimiento profundo de los programas ESL y ayudan a los estudiantes a seleccionar los cursos m\u00e1s apropiados para la habilidad y los intereses del estudiante.\u00a0 Los Consejeros acad\u00e9micos trabajan junto con el personal de Servicios estudiantiles y los consejeros de orientaci\u00f3n.<\/p>\n<h3><strong>Sus maestros de asignaturas y los Programas de tutor\u00eda por compa\u00f1eros<\/strong><\/h3>\n<p>Los maestros de ESL tienen una capacitaci\u00f3n especial para ense\u00f1ar a los estudiantes de ESL.\u00a0 Estos maestros comprenden los retos de aprender un segundo idioma al que se enfrentan los estudiantes internacionales.\u00a0 Para acomodar a los estudiantes internacionales:<\/p>\n<p>\u201dUsando una variedad de estrategias de instrucci\u00f3n, evaluaci\u00f3n y valoraci\u00f3n, los maestros proporcionan numerosas oportunidades para que los estudiantes adquieran la aptitud para el ingl\u00e9s as\u00ed como el conocimiento del contenido de las asignaturas. Brindan a los aprendices oportunidades frecuentes para practicar y aplicar sus conocimientos nuevos y por medio de evaluaciones regulares y variadas, les proporcionan los comentarios y sugerencias espec\u00edficos que necesitan para desarrollar y refinar m\u00e1s sus habilidades.\u201d<\/p>\n<p>(The Ontario Curriculum: Secondary\/English as a Second Language and English Literacy Development [El plan de estudios de Ontario: Secundaria. Ingl\u00e9s como segundo idioma y desarrollo de competencia ling\u00fc\u00edstica en ingl\u00e9s]\u00a0<a href=\"http:\/\/www.edu.gov.on.ca\/eng\/curriculum\/secondary\/esl.html\" target=\"_blank\" rel=\"noopener\">www.edu.gov.on.ca\/eng\/curriculum\/secondary\/esl.html<\/a>, p\u00e1g. 8)<\/p>\n<p>Muchos maestros ofrecen sesiones de ayuda adicional durante la hora del almuerzo o despu\u00e9s de la escuela a todos los estudiantes que necesiten ayuda. Es importante informar a su maestro si siente que necesita este apoyo adicional; alternativamente, su maestro puede sugerirle que aproveche la ayuda adicional para apoyar su aprendizaje en el aula. En algunos casos, un maestro o auxiliar de maestro le pueden brindar una ayuda adicional con apoyo \u201cindividual\u201d Adem\u00e1s, muchas escuelas ofrecen programas de apoyo por parte de los compa\u00f1eros en los que los estudiantes se ofrecen como voluntarios para ayudar a los otros estudiantes a practicar su conversaci\u00f3n en ingl\u00e9s o para las tutor\u00edas con las tareas.<\/p>\n<h3><strong>Su Oficial de enlace multicultural (MLO)<\/strong><\/h3>\n<p>Algunas juntas escolares utilizan Oficiales de enlace multicultural (MLO) en las escuelas;\u00a0 estos miembros del personal hablan varios idiomas diferentes y se les puede llamar para ayudar a los estudiantes internacionales, especialmente con la traducci\u00f3n y para comunicarse con el personal de la escuela o con los padres.<\/p>\n<\/div>\n<\/div><\/div><\/div><\/div><\/div><\/div><\/div>","protected":false},"excerpt":{"rendered":"Servicios de apoyo para estudiantes en Ontario Inicio Preguntas frecuentes acerca de la educaci\u00f3n internacional en Ontario Programas para estudiantes internacionales en Ontario Servicios de apoyo para estudiantes en Ontario Aprendizaje del idioma ingl\u00e9s (ELL) en Ontario Por qu\u00e9 elegir la educaci\u00f3n internacional en Ontario? Gu\u00eda de orientaci\u00f3n escolar en Ontario: la vida cotidiana en&#8230; <a class=\"view-article\" href=\"https:\/\/www.oasdi.ca\/es\/educacion-internacional\/servicio-de-apoyo-para-estudiantes\/\">Ver art\u00edculo<\/a>","protected":false},"author":237,"featured_media":16338,"parent":18191,"menu_order":0,"comment_status":"closed","ping_status":"closed","template":"","meta":{"footnotes":""},"class_list":["post-20829","page","type-page","status-publish","has-post-thumbnail","hentry"],"yoast_head":"<!-- This site is optimized with the Yoast SEO plugin v21.5 - https:\/\/yoast.com\/wordpress\/plugins\/seo\/ -->\n<title>Servicios de apoyo para estudiantes en Ontario<\/title>\n<meta name=\"description\" content=\"OASDI apoya a sus estudiantes internacionales a trav\u00e9s de diferentes servicios de apoyo. Descubre c\u00f3mo ayudamos a nuestros estudiantes a triunfar.\" \/>\n<meta name=\"robots\" content=\"index, follow, max-snippet:-1, max-image-preview:large, max-video-preview:-1\" \/>\n<link rel=\"canonical\" href=\"https:\/\/www.oasdi.ca\/es\/educacion-internacional\/servicio-de-apoyo-para-estudiantes\/\" \/>\n<meta property=\"og:locale\" content=\"es_ES\" \/>\n<meta property=\"og:type\" content=\"article\" \/>\n<meta property=\"og:title\" content=\"Servicios de apoyo para estudiantes en Ontario\" \/>\n<meta property=\"og:description\" content=\"OASDI apoya a sus estudiantes internacionales a trav\u00e9s de diferentes servicios de apoyo. Descubre c\u00f3mo ayudamos a nuestros estudiantes a triunfar.\" \/>\n<meta property=\"og:url\" content=\"https:\/\/www.oasdi.ca\/es\/educacion-internacional\/servicio-de-apoyo-para-estudiantes\/\" \/>\n<meta property=\"og:site_name\" content=\"OASDI\" \/>\n<meta property=\"article:modified_time\" content=\"2020-04-23T00:20:31+00:00\" \/>\n<meta property=\"og:image\" content=\"https:\/\/www.oasdi.ca\/wp-content\/uploads\/2020\/03\/banner-6.jpg\" \/>\n\t<meta property=\"og:image:width\" content=\"1440\" \/>\n\t<meta property=\"og:image:height\" content=\"268\" \/>\n\t<meta property=\"og:image:type\" content=\"image\/jpeg\" \/>\n<meta name=\"twitter:card\" content=\"summary_large_image\" \/>\n<meta name=\"twitter:label1\" content=\"Tiempo de lectura\" \/>\n\t<meta name=\"twitter:data1\" content=\"6 minutos\" \/>\n<script type=\"application\/ld+json\" class=\"yoast-schema-graph\">{\"@context\":\"https:\/\/schema.org\",\"@graph\":[{\"@type\":\"WebPage\",\"@id\":\"https:\/\/www.oasdi.ca\/es\/educacion-internacional\/servicio-de-apoyo-para-estudiantes\/\",\"url\":\"https:\/\/www.oasdi.ca\/es\/educacion-internacional\/servicio-de-apoyo-para-estudiantes\/\",\"name\":\"Servicios de apoyo para estudiantes en Ontario\",\"isPartOf\":{\"@id\":\"https:\/\/www.oasdi.ca\/es\/#website\"},\"datePublished\":\"2020-03-19T22:38:44+00:00\",\"dateModified\":\"2020-04-23T00:20:31+00:00\",\"description\":\"OASDI apoya a sus estudiantes internacionales a trav\u00e9s de diferentes servicios de apoyo. Descubre c\u00f3mo ayudamos a nuestros estudiantes a triunfar.\",\"breadcrumb\":{\"@id\":\"https:\/\/www.oasdi.ca\/es\/educacion-internacional\/servicio-de-apoyo-para-estudiantes\/#breadcrumb\"},\"inLanguage\":\"es\",\"potentialAction\":[{\"@type\":\"ReadAction\",\"target\":[\"https:\/\/www.oasdi.ca\/es\/educacion-internacional\/servicio-de-apoyo-para-estudiantes\/\"]}]},{\"@type\":\"BreadcrumbList\",\"@id\":\"https:\/\/www.oasdi.ca\/es\/educacion-internacional\/servicio-de-apoyo-para-estudiantes\/#breadcrumb\",\"itemListElement\":[{\"@type\":\"ListItem\",\"position\":1,\"name\":\"Inicio\",\"item\":\"https:\/\/www.oasdi.ca\/es\/\"},{\"@type\":\"ListItem\",\"position\":2,\"name\":\"Por qu\u00e9 elegir la educaci\u00f3n internacional en Canada?\",\"item\":\"https:\/\/www.oasdi.ca\/es\/educacion-internacional\/\"},{\"@type\":\"ListItem\",\"position\":3,\"name\":\"Servicios de apoyo para estudiantes en Ontario\"}]},{\"@type\":\"WebSite\",\"@id\":\"https:\/\/www.oasdi.ca\/es\/#website\",\"url\":\"https:\/\/www.oasdi.ca\/es\/\",\"name\":\"OASDI\",\"description\":\"Ontario Association of School District International\",\"publisher\":{\"@id\":\"https:\/\/www.oasdi.ca\/es\/#organization\"},\"potentialAction\":[{\"@type\":\"SearchAction\",\"target\":{\"@type\":\"EntryPoint\",\"urlTemplate\":\"https:\/\/www.oasdi.ca\/es\/?s={search_term_string}\"},\"query-input\":\"required name=search_term_string\"}],\"inLanguage\":\"es\"},{\"@type\":\"Organization\",\"@id\":\"https:\/\/www.oasdi.ca\/es\/#organization\",\"name\":\"OASDI\",\"url\":\"https:\/\/www.oasdi.ca\/es\/\",\"logo\":{\"@type\":\"ImageObject\",\"inLanguage\":\"es\",\"@id\":\"https:\/\/www.oasdi.ca\/es\/#\/schema\/logo\/image\/\",\"url\":\"https:\/\/www.oasdi.ca\/wp-content\/uploads\/2020\/02\/cropped-oasdi-logo.png\",\"contentUrl\":\"https:\/\/www.oasdi.ca\/wp-content\/uploads\/2020\/02\/cropped-oasdi-logo.png\",\"width\":468,\"height\":96,\"caption\":\"OASDI\"},\"image\":{\"@id\":\"https:\/\/www.oasdi.ca\/es\/#\/schema\/logo\/image\/\"}}]}<\/script>\n<!-- \/ Yoast SEO plugin. -->","yoast_head_json":{"title":"Servicios de apoyo para estudiantes en Ontario","description":"OASDI apoya a sus estudiantes internacionales a trav\u00e9s de diferentes servicios de apoyo. Descubre c\u00f3mo ayudamos a nuestros estudiantes a triunfar.","robots":{"index":"index","follow":"follow","max-snippet":"max-snippet:-1","max-image-preview":"max-image-preview:large","max-video-preview":"max-video-preview:-1"},"canonical":"https:\/\/www.oasdi.ca\/es\/educacion-internacional\/servicio-de-apoyo-para-estudiantes\/","og_locale":"es_ES","og_type":"article","og_title":"Servicios de apoyo para estudiantes en Ontario","og_description":"OASDI apoya a sus estudiantes internacionales a trav\u00e9s de diferentes servicios de apoyo. Descubre c\u00f3mo ayudamos a nuestros estudiantes a triunfar.","og_url":"https:\/\/www.oasdi.ca\/es\/educacion-internacional\/servicio-de-apoyo-para-estudiantes\/","og_site_name":"OASDI","article_modified_time":"2020-04-23T00:20:31+00:00","og_image":[{"width":1440,"height":268,"url":"https:\/\/www.oasdi.ca\/wp-content\/uploads\/2020\/03\/banner-6.jpg","type":"image\/jpeg"}],"twitter_card":"summary_large_image","twitter_misc":{"Tiempo de lectura":"6 minutos"},"schema":{"@context":"https:\/\/schema.org","@graph":[{"@type":"WebPage","@id":"https:\/\/www.oasdi.ca\/es\/educacion-internacional\/servicio-de-apoyo-para-estudiantes\/","url":"https:\/\/www.oasdi.ca\/es\/educacion-internacional\/servicio-de-apoyo-para-estudiantes\/","name":"Servicios de apoyo para estudiantes en Ontario","isPartOf":{"@id":"https:\/\/www.oasdi.ca\/es\/#website"},"datePublished":"2020-03-19T22:38:44+00:00","dateModified":"2020-04-23T00:20:31+00:00","description":"OASDI apoya a sus estudiantes internacionales a trav\u00e9s de diferentes servicios de apoyo. Descubre c\u00f3mo ayudamos a nuestros estudiantes a triunfar.","breadcrumb":{"@id":"https:\/\/www.oasdi.ca\/es\/educacion-internacional\/servicio-de-apoyo-para-estudiantes\/#breadcrumb"},"inLanguage":"es","potentialAction":[{"@type":"ReadAction","target":["https:\/\/www.oasdi.ca\/es\/educacion-internacional\/servicio-de-apoyo-para-estudiantes\/"]}]},{"@type":"BreadcrumbList","@id":"https:\/\/www.oasdi.ca\/es\/educacion-internacional\/servicio-de-apoyo-para-estudiantes\/#breadcrumb","itemListElement":[{"@type":"ListItem","position":1,"name":"Inicio","item":"https:\/\/www.oasdi.ca\/es\/"},{"@type":"ListItem","position":2,"name":"Por qu\u00e9 elegir la educaci\u00f3n internacional en Canada?","item":"https:\/\/www.oasdi.ca\/es\/educacion-internacional\/"},{"@type":"ListItem","position":3,"name":"Servicios de apoyo para estudiantes en Ontario"}]},{"@type":"WebSite","@id":"https:\/\/www.oasdi.ca\/es\/#website","url":"https:\/\/www.oasdi.ca\/es\/","name":"OASDI","description":"Ontario Association of School District International","publisher":{"@id":"https:\/\/www.oasdi.ca\/es\/#organization"},"potentialAction":[{"@type":"SearchAction","target":{"@type":"EntryPoint","urlTemplate":"https:\/\/www.oasdi.ca\/es\/?s={search_term_string}"},"query-input":"required name=search_term_string"}],"inLanguage":"es"},{"@type":"Organization","@id":"https:\/\/www.oasdi.ca\/es\/#organization","name":"OASDI","url":"https:\/\/www.oasdi.ca\/es\/","logo":{"@type":"ImageObject","inLanguage":"es","@id":"https:\/\/www.oasdi.ca\/es\/#\/schema\/logo\/image\/","url":"https:\/\/www.oasdi.ca\/wp-content\/uploads\/2020\/02\/cropped-oasdi-logo.png","contentUrl":"https:\/\/www.oasdi.ca\/wp-content\/uploads\/2020\/02\/cropped-oasdi-logo.png","width":468,"height":96,"caption":"OASDI"},"image":{"@id":"https:\/\/www.oasdi.ca\/es\/#\/schema\/logo\/image\/"}}]}},"_links":{"self":[{"href":"https:\/\/www.oasdi.ca\/es\/wp-json\/wp\/v2\/pages\/20829"}],"collection":[{"href":"https:\/\/www.oasdi.ca\/es\/wp-json\/wp\/v2\/pages"}],"about":[{"href":"https:\/\/www.oasdi.ca\/es\/wp-json\/wp\/v2\/types\/page"}],"author":[{"embeddable":true,"href":"https:\/\/www.oasdi.ca\/es\/wp-json\/wp\/v2\/users\/237"}],"replies":[{"embeddable":true,"href":"https:\/\/www.oasdi.ca\/es\/wp-json\/wp\/v2\/comments?post=20829"}],"version-history":[{"count":0,"href":"https:\/\/www.oasdi.ca\/es\/wp-json\/wp\/v2\/pages\/20829\/revisions"}],"up":[{"embeddable":true,"href":"https:\/\/www.oasdi.ca\/es\/wp-json\/wp\/v2\/pages\/18191"}],"wp:featuredmedia":[{"embeddable":true,"href":"https:\/\/www.oasdi.ca\/es\/wp-json\/wp\/v2\/media\/16338"}],"wp:attachment":[{"href":"https:\/\/www.oasdi.ca\/es\/wp-json\/wp\/v2\/media?parent=20829"}],"curies":[{"name":"wp","href":"https:\/\/api.w.org\/{rel}","templated":true}]}}