{"id":20381,"date":"2020-03-22T14:13:58","date_gmt":"2020-03-22T14:13:58","guid":{"rendered":"http:\/\/oasdi.ca\/estudiar-en-el-extranjero\/faq\/"},"modified":"2020-04-21T18:12:07","modified_gmt":"2020-04-21T18:12:07","slug":"preguntas-frecuentes","status":"publish","type":"page","link":"https:\/\/www.oasdi.ca\/es\/estudiar-en-el-extranjero\/preguntas-frecuentes\/","title":{"rendered":"Preguntas frecuentes acerca de los estudios en el extranjero"},"content":{"rendered":"<div id=\"pl-20381\"  class=\"panel-layout\" ><div id=\"pg-20381-0\"  class=\"panel-grid panel-no-style\" ><div id=\"pgc-20381-0-0\"  class=\"panel-grid-cell\" ><div id=\"panel-20381-0-0-0\" class=\"so-panel widget widget_sow-image panel-first-child panel-last-child\" data-index=\"0\" ><div class=\"is-featured-img panel-widget-style panel-widget-style-for-20381-0-0-0\" ><div\n\t\t\t\n\t\t\tclass=\"so-widget-sow-image so-widget-sow-image-default-c4f6304fc136-20381\"\n\t\t\t\n\t\t>\n\n<div class=\"sow-image-container\">\n\t\t<img loading=\"lazy\" decoding=\"async\" src=\"https:\/\/www.oasdi.ca\/wp-content\/uploads\/2020\/03\/oasdi-faq-1.jpg\" width=\"1440\" height=\"268\" srcset=\"https:\/\/www.oasdi.ca\/wp-content\/uploads\/2020\/03\/oasdi-faq-1.jpg 1440w, https:\/\/www.oasdi.ca\/wp-content\/uploads\/2020\/03\/oasdi-faq-1-250x47.jpg 250w, https:\/\/www.oasdi.ca\/wp-content\/uploads\/2020\/03\/oasdi-faq-1-700x130.jpg 700w, https:\/\/www.oasdi.ca\/wp-content\/uploads\/2020\/03\/oasdi-faq-1-768x143.jpg 768w, https:\/\/www.oasdi.ca\/wp-content\/uploads\/2020\/03\/oasdi-faq-1-500x93.jpg 500w, https:\/\/www.oasdi.ca\/wp-content\/uploads\/2020\/03\/oasdi-faq-1-120x22.jpg 120w\" sizes=\"(max-width: 1440px) 100vw, 1440px\" title=\"oasdi-faq\" alt=\"OASDI FAQ\" \t\tclass=\"so-widget-image\"\/>\n\t<\/div>\n\n<\/div><\/div><\/div><\/div><\/div><div id=\"pg-20381-1\"  class=\"panel-grid panel-has-style\" ><div class=\"has-container panel-row-style panel-row-style-for-20381-1\" ><div id=\"pgc-20381-1-0\"  class=\"panel-grid-cell\" ><div id=\"panel-20381-1-0-0\" class=\"so-panel widget widget_hem-seo-title-widget panel-first-child panel-last-child\" data-index=\"1\" ><div class=\"panel-widget-style panel-widget-style-for-20381-1-0-0\" ><div\n\t\t\t\n\t\t\tclass=\"so-widget-hem-seo-title-widget so-widget-hem-seo-title-widget-hem-seo-title-widget-style-d75171398898-20381\"\n\t\t\t\n\t\t>\n<h1 style=\"font-size:px;\">Preguntas frecuentes acerca de los estudios en el extranjero<\/h1>\n\n\n\n\t<!-- <div class=\"breadcrumb-trail\"><a href=\"index.php\">Home<\/a> \u00bb <span class=\"breadcrumb-current\">About<\/span><\/div> -->\n\t<div class=\"test1\"><span><span><a href=\"https:\/\/www.oasdi.ca\/es\/\">Inicio<\/a><\/span><\/span><\/div>\n<\/div><\/div><\/div><\/div><\/div><\/div><div id=\"pg-20381-2\"  class=\"panel-grid panel-has-style\" ><div class=\"has-container panel-row-style panel-row-style-for-20381-2\" ><div id=\"pgc-20381-2-0\"  class=\"panel-grid-cell\" ><div id=\"panel-20381-2-0-0\" class=\"so-panel widget widget_hem-sidebar-menu-widget panel-first-child\" data-index=\"2\" ><div\n\t\t\t\n\t\t\tclass=\"so-widget-hem-sidebar-menu-widget so-widget-hem-sidebar-menu-widget-hem-sidebar-menu-widget-style-d75171398898-20381\"\n\t\t\t\n\t\t><div id=\"sidebar\">\n\t\t\t<ul id=\"side-menu\" class=\"side-menu menu-embedded\">\n\t\t\t\n\t\t\t\t\t\t\t\t\n\t\t\t\t\t\t\t\t\t\t\t<li><a href=\"https:\/\/www.oasdi.ca\/es\/estudiar-en-el-extranjero\/preguntas-frecuentes\/oportunidades-para-estudiantes\/\">Learn Abroad Opportunities for Ontario Students<\/a><\/li>\n\t\t\t\t\t\t\t\t\t\t\t\t\t\n\t\t\t\t\t\t\t\t\t\t\t<li><a href=\"https:\/\/www.oasdi.ca\/es\/estudiar-en-el-extranjero\/preguntas-frecuentes\/intercambio-de-estudiantes\/\">Information About Study Abroad Organizations<\/a><\/li>\n\t\t\t\t\t\t\t\t\t\t\t\t\t\n\t\t\t\t\t\t\t\t\t\t\t<li><a href=\"https:\/\/www.oasdi.ca\/es\/estudiar-en-el-extranjero\/preguntas-frecuentes\/becas\/\">Learn Abroad Scholarship Information<\/a><\/li>\n\t\t\t\t\t\t\t\t\t\t\t\t\t\n\t\t\t\t\t\t\t\t\t\t\t<li><a href=\"https:\/\/www.oasdi.ca\/es\/estudiar-en-el-extranjero\/preguntas-frecuentes\/ciudadania-global\/\">Learn about Global Citizenship<\/a><\/li>\n\t\t\t\t\t\t\t\t\t\t\t\t\t\n\t\t\t\t\t\t\t\t\t\t\t<li><a href=\"https:\/\/www.oasdi.ca\/es\/estudiar-en-el-extranjero\/preguntas-frecuentes\/oportunidades-de-ensenar-en-el-extranjero\/\">Teach Abroad Opportunities for Ontario Educators<\/a><\/li>\n\t\t\t\t\t\t\t\t\t\t\n\n\t\t\t\t<!-- Extra menu -->\n\t\t\t\t\n\n\n\t\t\t\t\t<\/ul>\n\t\n\n<\/div><\/div><\/div><div id=\"panel-20381-2-0-1\" class=\"so-panel widget widget_hem-sidebar-link-widget panel-last-child\" data-index=\"3\" ><div\n\t\t\t\n\t\t\tclass=\"so-widget-hem-sidebar-link-widget so-widget-hem-sidebar-link-widget-hem-sidebar-link-widget-style-d75171398898-20381\"\n\t\t\t\n\t\t><div id=\"sidebar\" class=\"external-link-only\">\n\n\n\n\t\t\t\t<!-- Extra menu -->\n\t\t\t\t\t\t\t\t\t<ul id=\"side-menu\" class=\"side-menu menu-embedded\">\n\t\t\t\t\t\t\t\t\t\t\t\t\t\t\t\t\t\t\t\t\t<li><a  href=\"https:\/\/www.oasdi.ca\/map-search\/\">Map Overview<\/a><\/li>\n\t\t\t\t\t\t\t\t\t\t\t\t\t\t\n\t\t\t\t\t\t\t\t\t\t\t\t\t\t\t\t\t\t\t\t\t<li><a  href=\"https:\/\/www.oasdi.ca\/district-list\/\">District List<\/a><\/li>\n\t\t\t\t\t\t\t\t\t\t\t\t\t\t\n\t\t\t\t\t\t\t\n\t\t\t\t\t<\/ul>\n\t\t\t\t\n\t\t\t\t\n\n\n\n\n<\/div><\/div><\/div><\/div><div id=\"pgc-20381-2-1\"  class=\"panel-grid-cell\" ><div class=\"pl-sm-3 pl-md-5 panel-cell-style panel-cell-style-for-20381-2-1\" ><div id=\"panel-20381-2-1-0\" class=\"so-panel widget widget_sow-editor panel-first-child panel-last-child\" data-index=\"4\" ><div\n\t\t\t\n\t\t\tclass=\"so-widget-sow-editor so-widget-sow-editor-base\"\n\t\t\t\n\t\t>\n<div class=\"siteorigin-widget-tinymce textwidget\">\n\t<h3>What kinds of Teach Abroad opportunities are there for Ontario educators?<\/h3>\n<p><a class=\"btn btn-outline-primary mt-3 mb-4\" href=\"\/es\/estudiar-en-el-extranjero\/preguntas-frecuentes\/oportunidades-de-ensenar-en-el-extranjero\/\">Read about possible Teach Abroad opportunities at Ontario Educators.<\/a><\/p>\n<h3>Where can students and teachers learn about global citizenship?<\/h3>\n<p><a class=\"btn btn-outline-primary mt-3 mb-4\" href=\"\/es\/estudiar-en-el-extranjero\/preguntas-frecuentes\/ciudadania-global\/\">Read about global citizenship at Student Abroad Resources.<\/a><\/p>\n<h3>Are scholarships available for Ontario students to Learn Abroad?<\/h3>\n<p><a class=\"btn btn-outline-primary mt-3 mb-4\" href=\"\/es\/estudiar-en-el-extranjero\/preguntas-frecuentes\/becas\/\">Read about scholarships and bursaries at the Learn Abroad landing page.<\/a><\/p>\n<h3>Where can I find out about Learn Abroad organizations which arrange student exchanges?<\/h3>\n<p><a class=\"btn btn-outline-primary mt-3 mb-4\" href=\"\/es\/estudiar-en-el-extranjero\/preguntas-frecuentes\/intercambio-de-estudiantes\/\">Read about Study Abroad organizations.<\/a><\/p>\n<h3>What kinds of Learn Abroad opportunities are there for Ontario students?<\/h3>\n<p><a class=\"btn btn-outline-primary mt-3 mb-4\" href=\"\/es\/estudiar-en-el-extranjero\/preguntas-frecuentes\/oportunidades-para-estudiantes\/\">Read about possible Learn Abroad opportunities at Ontario Students.<\/a><\/p>\n<\/div>\n<\/div><\/div><\/div><\/div><\/div><\/div><\/div>","protected":false},"excerpt":{"rendered":"Preguntas frecuentes acerca de los estudios en el extranjero Inicio Learn Abroad Opportunities for Ontario Students Information About Study Abroad Organizations Learn Abroad Scholarship Information Learn about Global Citizenship Teach Abroad Opportunities for Ontario Educators Map Overview District List What kinds of Teach Abroad opportunities are there for Ontario educators? Read about possible Teach Abroad&#8230; <a class=\"view-article\" href=\"https:\/\/www.oasdi.ca\/es\/estudiar-en-el-extranjero\/preguntas-frecuentes\/\">Ver art\u00edculo<\/a>","protected":false},"author":237,"featured_media":16759,"parent":17872,"menu_order":0,"comment_status":"closed","ping_status":"closed","template":"","meta":{"footnotes":""},"class_list":["post-20381","page","type-page","status-publish","has-post-thumbnail","hentry"],"yoast_head":"<!-- This site is optimized with the Yoast SEO plugin v21.5 - https:\/\/yoast.com\/wordpress\/plugins\/seo\/ -->\n<title>Preguntas frecuentes acerca de los estudios en el extranjero<\/title>\n<meta name=\"description\" content=\"Quieres saber c\u00f3mo es realmente la experiencia de aprender en el extranjero? Visita nuestra p\u00e1gina de preguntas frecuentes para obtener m\u00e1s informaci\u00f3n.\" \/>\n<meta name=\"robots\" content=\"index, follow, max-snippet:-1, max-image-preview:large, max-video-preview:-1\" \/>\n<link rel=\"canonical\" href=\"https:\/\/www.oasdi.ca\/es\/estudiar-en-el-extranjero\/preguntas-frecuentes\/\" \/>\n<meta property=\"og:locale\" content=\"es_ES\" \/>\n<meta property=\"og:type\" content=\"article\" \/>\n<meta property=\"og:title\" content=\"Preguntas frecuentes acerca de los estudios en el extranjero\" \/>\n<meta property=\"og:description\" content=\"Quieres saber c\u00f3mo es realmente la experiencia de aprender en el extranjero? Visita nuestra p\u00e1gina de preguntas frecuentes para obtener m\u00e1s informaci\u00f3n.\" \/>\n<meta property=\"og:url\" content=\"https:\/\/www.oasdi.ca\/es\/estudiar-en-el-extranjero\/preguntas-frecuentes\/\" \/>\n<meta property=\"og:site_name\" content=\"OASDI\" \/>\n<meta property=\"article:modified_time\" content=\"2020-04-21T18:12:07+00:00\" \/>\n<meta property=\"og:image\" content=\"https:\/\/www.oasdi.ca\/wp-content\/uploads\/2020\/03\/oasdi-faq-1.jpg\" \/>\n\t<meta property=\"og:image:width\" content=\"1440\" \/>\n\t<meta property=\"og:image:height\" content=\"268\" \/>\n\t<meta property=\"og:image:type\" content=\"image\/jpeg\" \/>\n<meta name=\"twitter:card\" content=\"summary_large_image\" \/>\n<meta name=\"twitter:label1\" content=\"Tiempo de lectura\" \/>\n\t<meta name=\"twitter:data1\" content=\"1 minuto\" \/>\n<script type=\"application\/ld+json\" class=\"yoast-schema-graph\">{\"@context\":\"https:\/\/schema.org\",\"@graph\":[{\"@type\":\"WebPage\",\"@id\":\"https:\/\/www.oasdi.ca\/es\/estudiar-en-el-extranjero\/preguntas-frecuentes\/\",\"url\":\"https:\/\/www.oasdi.ca\/es\/estudiar-en-el-extranjero\/preguntas-frecuentes\/\",\"name\":\"Preguntas frecuentes acerca de los estudios en el extranjero\",\"isPartOf\":{\"@id\":\"https:\/\/www.oasdi.ca\/es\/#website\"},\"datePublished\":\"2020-03-22T14:13:58+00:00\",\"dateModified\":\"2020-04-21T18:12:07+00:00\",\"description\":\"Quieres saber c\u00f3mo es realmente la experiencia de aprender en el extranjero? Visita nuestra p\u00e1gina de preguntas frecuentes para obtener m\u00e1s informaci\u00f3n.\",\"breadcrumb\":{\"@id\":\"https:\/\/www.oasdi.ca\/es\/estudiar-en-el-extranjero\/preguntas-frecuentes\/#breadcrumb\"},\"inLanguage\":\"es\",\"potentialAction\":[{\"@type\":\"ReadAction\",\"target\":[\"https:\/\/www.oasdi.ca\/es\/estudiar-en-el-extranjero\/preguntas-frecuentes\/\"]}]},{\"@type\":\"BreadcrumbList\",\"@id\":\"https:\/\/www.oasdi.ca\/es\/estudiar-en-el-extranjero\/preguntas-frecuentes\/#breadcrumb\",\"itemListElement\":[{\"@type\":\"ListItem\",\"position\":1,\"name\":\"Inicio\",\"item\":\"https:\/\/www.oasdi.ca\/es\/\"},{\"@type\":\"ListItem\",\"position\":2,\"name\":\"Educaci\u00f3n internacional en Ontario\",\"item\":\"https:\/\/www.oasdi.ca\/es\/estudiar-en-el-extranjero\/\"},{\"@type\":\"ListItem\",\"position\":3,\"name\":\"Preguntas frecuentes acerca de los estudios en el extranjero\"}]},{\"@type\":\"WebSite\",\"@id\":\"https:\/\/www.oasdi.ca\/es\/#website\",\"url\":\"https:\/\/www.oasdi.ca\/es\/\",\"name\":\"OASDI\",\"description\":\"Ontario Association of School District International\",\"publisher\":{\"@id\":\"https:\/\/www.oasdi.ca\/es\/#organization\"},\"potentialAction\":[{\"@type\":\"SearchAction\",\"target\":{\"@type\":\"EntryPoint\",\"urlTemplate\":\"https:\/\/www.oasdi.ca\/es\/?s={search_term_string}\"},\"query-input\":\"required name=search_term_string\"}],\"inLanguage\":\"es\"},{\"@type\":\"Organization\",\"@id\":\"https:\/\/www.oasdi.ca\/es\/#organization\",\"name\":\"OASDI\",\"url\":\"https:\/\/www.oasdi.ca\/es\/\",\"logo\":{\"@type\":\"ImageObject\",\"inLanguage\":\"es\",\"@id\":\"https:\/\/www.oasdi.ca\/es\/#\/schema\/logo\/image\/\",\"url\":\"https:\/\/www.oasdi.ca\/wp-content\/uploads\/2020\/02\/cropped-oasdi-logo.png\",\"contentUrl\":\"https:\/\/www.oasdi.ca\/wp-content\/uploads\/2020\/02\/cropped-oasdi-logo.png\",\"width\":468,\"height\":96,\"caption\":\"OASDI\"},\"image\":{\"@id\":\"https:\/\/www.oasdi.ca\/es\/#\/schema\/logo\/image\/\"}}]}<\/script>\n<!-- \/ Yoast SEO plugin. -->","yoast_head_json":{"title":"Preguntas frecuentes acerca de los estudios en el extranjero","description":"Quieres saber c\u00f3mo es realmente la experiencia de aprender en el extranjero? Visita nuestra p\u00e1gina de preguntas frecuentes para obtener m\u00e1s informaci\u00f3n.","robots":{"index":"index","follow":"follow","max-snippet":"max-snippet:-1","max-image-preview":"max-image-preview:large","max-video-preview":"max-video-preview:-1"},"canonical":"https:\/\/www.oasdi.ca\/es\/estudiar-en-el-extranjero\/preguntas-frecuentes\/","og_locale":"es_ES","og_type":"article","og_title":"Preguntas frecuentes acerca de los estudios en el extranjero","og_description":"Quieres saber c\u00f3mo es realmente la experiencia de aprender en el extranjero? Visita nuestra p\u00e1gina de preguntas frecuentes para obtener m\u00e1s informaci\u00f3n.","og_url":"https:\/\/www.oasdi.ca\/es\/estudiar-en-el-extranjero\/preguntas-frecuentes\/","og_site_name":"OASDI","article_modified_time":"2020-04-21T18:12:07+00:00","og_image":[{"width":1440,"height":268,"url":"https:\/\/www.oasdi.ca\/wp-content\/uploads\/2020\/03\/oasdi-faq-1.jpg","type":"image\/jpeg"}],"twitter_card":"summary_large_image","twitter_misc":{"Tiempo de lectura":"1 minuto"},"schema":{"@context":"https:\/\/schema.org","@graph":[{"@type":"WebPage","@id":"https:\/\/www.oasdi.ca\/es\/estudiar-en-el-extranjero\/preguntas-frecuentes\/","url":"https:\/\/www.oasdi.ca\/es\/estudiar-en-el-extranjero\/preguntas-frecuentes\/","name":"Preguntas frecuentes acerca de los estudios en el extranjero","isPartOf":{"@id":"https:\/\/www.oasdi.ca\/es\/#website"},"datePublished":"2020-03-22T14:13:58+00:00","dateModified":"2020-04-21T18:12:07+00:00","description":"Quieres saber c\u00f3mo es realmente la experiencia de aprender en el extranjero? Visita nuestra p\u00e1gina de preguntas frecuentes para obtener m\u00e1s informaci\u00f3n.","breadcrumb":{"@id":"https:\/\/www.oasdi.ca\/es\/estudiar-en-el-extranjero\/preguntas-frecuentes\/#breadcrumb"},"inLanguage":"es","potentialAction":[{"@type":"ReadAction","target":["https:\/\/www.oasdi.ca\/es\/estudiar-en-el-extranjero\/preguntas-frecuentes\/"]}]},{"@type":"BreadcrumbList","@id":"https:\/\/www.oasdi.ca\/es\/estudiar-en-el-extranjero\/preguntas-frecuentes\/#breadcrumb","itemListElement":[{"@type":"ListItem","position":1,"name":"Inicio","item":"https:\/\/www.oasdi.ca\/es\/"},{"@type":"ListItem","position":2,"name":"Educaci\u00f3n internacional en Ontario","item":"https:\/\/www.oasdi.ca\/es\/estudiar-en-el-extranjero\/"},{"@type":"ListItem","position":3,"name":"Preguntas frecuentes acerca de los estudios en el extranjero"}]},{"@type":"WebSite","@id":"https:\/\/www.oasdi.ca\/es\/#website","url":"https:\/\/www.oasdi.ca\/es\/","name":"OASDI","description":"Ontario Association of School District International","publisher":{"@id":"https:\/\/www.oasdi.ca\/es\/#organization"},"potentialAction":[{"@type":"SearchAction","target":{"@type":"EntryPoint","urlTemplate":"https:\/\/www.oasdi.ca\/es\/?s={search_term_string}"},"query-input":"required name=search_term_string"}],"inLanguage":"es"},{"@type":"Organization","@id":"https:\/\/www.oasdi.ca\/es\/#organization","name":"OASDI","url":"https:\/\/www.oasdi.ca\/es\/","logo":{"@type":"ImageObject","inLanguage":"es","@id":"https:\/\/www.oasdi.ca\/es\/#\/schema\/logo\/image\/","url":"https:\/\/www.oasdi.ca\/wp-content\/uploads\/2020\/02\/cropped-oasdi-logo.png","contentUrl":"https:\/\/www.oasdi.ca\/wp-content\/uploads\/2020\/02\/cropped-oasdi-logo.png","width":468,"height":96,"caption":"OASDI"},"image":{"@id":"https:\/\/www.oasdi.ca\/es\/#\/schema\/logo\/image\/"}}]}},"_links":{"self":[{"href":"https:\/\/www.oasdi.ca\/es\/wp-json\/wp\/v2\/pages\/20381"}],"collection":[{"href":"https:\/\/www.oasdi.ca\/es\/wp-json\/wp\/v2\/pages"}],"about":[{"href":"https:\/\/www.oasdi.ca\/es\/wp-json\/wp\/v2\/types\/page"}],"author":[{"embeddable":true,"href":"https:\/\/www.oasdi.ca\/es\/wp-json\/wp\/v2\/users\/237"}],"replies":[{"embeddable":true,"href":"https:\/\/www.oasdi.ca\/es\/wp-json\/wp\/v2\/comments?post=20381"}],"version-history":[{"count":0,"href":"https:\/\/www.oasdi.ca\/es\/wp-json\/wp\/v2\/pages\/20381\/revisions"}],"up":[{"embeddable":true,"href":"https:\/\/www.oasdi.ca\/es\/wp-json\/wp\/v2\/pages\/17872"}],"wp:featuredmedia":[{"embeddable":true,"href":"https:\/\/www.oasdi.ca\/es\/wp-json\/wp\/v2\/media\/16759"}],"wp:attachment":[{"href":"https:\/\/www.oasdi.ca\/es\/wp-json\/wp\/v2\/media?parent=20381"}],"curies":[{"name":"wp","href":"https:\/\/api.w.org\/{rel}","templated":true}]}}