{"id":20343,"date":"2020-04-12T01:46:57","date_gmt":"2020-04-12T01:46:57","guid":{"rendered":"http:\/\/oasdi.ca\/programa-de-acceso-a-educacion-superior\/apprenticeships\/"},"modified":"2020-05-18T13:57:52","modified_gmt":"2020-05-18T13:57:52","slug":"practicas-profesionales","status":"publish","type":"page","link":"https:\/\/www.oasdi.ca\/es\/programa-de-acceso-a-educacion-superior\/practicas-profesionales\/","title":{"rendered":"Programas de pr\u00e1cticas profesionales para estudiantes internacionales en Ontario"},"content":{"rendered":"<div id=\"pl-20343\"  class=\"panel-layout\" ><div id=\"pg-20343-0\"  class=\"panel-grid panel-no-style\" ><div id=\"pgc-20343-0-0\"  class=\"panel-grid-cell\" ><div id=\"panel-20343-0-0-0\" class=\"so-panel widget widget_sow-image panel-first-child panel-last-child\" data-index=\"0\" ><div class=\"is-featured-img panel-widget-style panel-widget-style-for-20343-0-0-0\" ><div\n\t\t\t\n\t\t\tclass=\"so-widget-sow-image so-widget-sow-image-default-c4f6304fc136-20343\"\n\t\t\t\n\t\t>\n\n<div class=\"sow-image-container\">\n\t\t<img loading=\"lazy\" decoding=\"async\" src=\"https:\/\/www.oasdi.ca\/wp-content\/uploads\/2020\/03\/college-in-ontario.jpg\" width=\"1440\" height=\"268\" srcset=\"https:\/\/www.oasdi.ca\/wp-content\/uploads\/2020\/03\/college-in-ontario.jpg 1440w, https:\/\/www.oasdi.ca\/wp-content\/uploads\/2020\/03\/college-in-ontario-250x47.jpg 250w, https:\/\/www.oasdi.ca\/wp-content\/uploads\/2020\/03\/college-in-ontario-700x130.jpg 700w, https:\/\/www.oasdi.ca\/wp-content\/uploads\/2020\/03\/college-in-ontario-768x143.jpg 768w, https:\/\/www.oasdi.ca\/wp-content\/uploads\/2020\/03\/college-in-ontario-120x22.jpg 120w\" sizes=\"(max-width: 1440px) 100vw, 1440px\" alt=\"College in Ontario\" \t\tclass=\"so-widget-image\"\/>\n\t<\/div>\n\n<\/div><\/div><\/div><\/div><\/div><div id=\"pg-20343-1\"  class=\"panel-grid panel-has-style\" ><div class=\"has-container panel-row-style panel-row-style-for-20343-1\" ><div id=\"pgc-20343-1-0\"  class=\"panel-grid-cell\" ><div id=\"panel-20343-1-0-0\" class=\"so-panel widget widget_hem-seo-title-widget panel-first-child panel-last-child\" data-index=\"1\" ><div class=\"panel-widget-style panel-widget-style-for-20343-1-0-0\" ><div\n\t\t\t\n\t\t\tclass=\"so-widget-hem-seo-title-widget so-widget-hem-seo-title-widget-hem-seo-title-widget-style-d75171398898-20343\"\n\t\t\t\n\t\t>\n<h1 style=\"font-size:px;\">Programas de pr\u00e1cticas profesionales para estudiantes internacionales en Ontario<\/h1>\n\n\n\n\t<!-- <div class=\"breadcrumb-trail\"><a href=\"index.php\">Home<\/a> \u00bb <span class=\"breadcrumb-current\">About<\/span><\/div> -->\n\t<div class=\"test1\"><span><span><a href=\"https:\/\/www.oasdi.ca\/es\/\">Inicio<\/a><\/span><\/span><\/div>\n<\/div><\/div><\/div><\/div><\/div><\/div><div id=\"pg-20343-2\"  class=\"panel-grid panel-has-style\" ><div class=\"has-container panel-row-style panel-row-style-for-20343-2\" ><div id=\"pgc-20343-2-0\"  class=\"panel-grid-cell\" ><div id=\"panel-20343-2-0-0\" class=\"so-panel widget widget_hem-sidebar-menu-widget panel-first-child\" data-index=\"2\" ><div\n\t\t\t\n\t\t\tclass=\"so-widget-hem-sidebar-menu-widget so-widget-hem-sidebar-menu-widget-hem-sidebar-menu-widget-style-d75171398898-20343\"\n\t\t\t\n\t\t><div id=\"sidebar\">\n\t\t\t<ul id=\"side-menu\" class=\"side-menu menu-embedded\">\n\t\t\t\n\t\t\t\t\t\t\t\t\n\t\t\t\t\t\t\t\t\t\t\t<li><a class=\"active\" href=\"https:\/\/www.oasdi.ca\/es\/programa-de-acceso-a-educacion-superior\/practicas-profesionales\/\">Programas de pr\u00e1cticas profesionales para estudiantes internacionales en Ontario<\/a><\/li>\n\t\t\t\t\t\t\t\t\t\t\t\t\t\n\t\t\t\t\t\t\t\t\t\t\t<li><a href=\"https:\/\/www.oasdi.ca\/es\/programa-de-acceso-a-educacion-superior\/ontario\/\">Infograf\u00eda de las trayectorias educativas en Ontario<\/a><\/li>\n\t\t\t\t\t\t\t\t\t\t\t\t\t\n\t\t\t\t\t\t\t\t\t\t\t<li><a href=\"https:\/\/www.oasdi.ca\/es\/programa-de-acceso-a-educacion-superior\/preguntas-frecuentes\/\">Preguntas frecuentes acerca de las trayectorias educativas para estudiantes internacionales<\/a><\/li>\n\t\t\t\t\t\t\t\t\t\t\t\t\t\n\t\t\t\t\t\t\t\t\t\t\t<li><a href=\"https:\/\/www.oasdi.ca\/es\/programa-de-acceso-a-educacion-superior\/becas\/\">Becas para estudiantes internacionales en Ontario<\/a><\/li>\n\t\t\t\t\t\t\t\t\t\t\t\t\t\n\t\t\t\t\t\t\t\t\t\t\t<li><a href=\"https:\/\/www.oasdi.ca\/es\/programa-de-acceso-a-educacion-superior\/imigracion-en-ontario\/\">Inmigrar a Ontario como estudiante internacional<\/a><\/li>\n\t\t\t\t\t\t\t\t\t\t\t\t\t\n\t\t\t\t\t\t\t\t\t\t\t<li><a href=\"https:\/\/www.oasdi.ca\/es\/programa-de-acceso-a-educacion-superior\/trabajar-en-canada\/\">C\u00f3mo conseguir trabajo en Ontario como estudiante internacional<\/a><\/li>\n\t\t\t\t\t\t\t\t\t\t\t\t\t\n\t\t\t\t\t\t\t\t\t\t\t<li><a href=\"https:\/\/www.oasdi.ca\/es\/programa-de-acceso-a-educacion-superior\/universidad-en-ontario\/\">Informaci\u00f3n para estudiantes internacionales acerca de Universidad en Ontario<\/a><\/li>\n\t\t\t\t\t\t\t\t\t\t\t\t\t\n\t\t\t\t\t\t\t\t\t\t\t<li><a href=\"https:\/\/www.oasdi.ca\/es\/programa-de-acceso-a-educacion-superior\/escuela-universitaria-en-ontario\/\">Informaci\u00f3n para estudiantes internacionales acerca de la escuela vocacional o t\u00e9cnica en Ontario<\/a><\/li>\n\t\t\t\t\t\t\t\t\t\t\n\n\t\t\t\t<!-- Extra menu -->\n\t\t\t\t\n\n\n\t\t\t\t\t<\/ul>\n\t\n\n<\/div><\/div><\/div><div id=\"panel-20343-2-0-1\" class=\"so-panel widget widget_hem-sidebar-link-widget panel-last-child\" data-index=\"3\" ><div\n\t\t\t\n\t\t\tclass=\"so-widget-hem-sidebar-link-widget so-widget-hem-sidebar-link-widget-hem-sidebar-link-widget-style-d75171398898-20343\"\n\t\t\t\n\t\t><div id=\"sidebar\" class=\"external-link-only\">\n\n\n\n\t\t\t\t<!-- Extra menu -->\n\t\t\t\t\t\t\t\t\t<ul id=\"side-menu\" class=\"side-menu menu-embedded\">\n\t\t\t\t\t\t\t\t\t\t\t\t\t\t\t\t\t\t\t\t\t<li><a  href=\"https:\/\/www.oasdi.ca\/map-search\/\">Map Overview<\/a><\/li>\n\t\t\t\t\t\t\t\t\t\t\t\t\t\t\n\t\t\t\t\t\t\t\t\t\t\t\t\t\t\t\t\t\t\t\t\t<li><a  href=\"https:\/\/www.oasdi.ca\/district-list\/\">District List<\/a><\/li>\n\t\t\t\t\t\t\t\t\t\t\t\t\t\t\n\t\t\t\t\t\t\t\n\t\t\t\t\t<\/ul>\n\t\t\t\t\n\t\t\t\t\n\n\n\n\n<\/div><\/div><\/div><\/div><div id=\"pgc-20343-2-1\"  class=\"panel-grid-cell\" ><div class=\"pl-sm-3 pl-md-5 panel-cell-style panel-cell-style-for-20343-2-1\" ><div id=\"panel-20343-2-1-0\" class=\"so-panel widget widget_sow-editor panel-first-child\" data-index=\"4\" ><div\n\t\t\t\n\t\t\tclass=\"so-widget-sow-editor so-widget-sow-editor-base\"\n\t\t\t\n\t\t>\n<div class=\"siteorigin-widget-tinymce textwidget\">\n\t<p>Un programa para aprendices es un tipo especial de trayectoria educativa que involucra un aprendizaje \u201cpr\u00e1ctico\u201d el cual permite llegar a ser un profesional calificado.\u00a0 Un programa para aprendices requiere la asistencia a clases por aproximadamente un 10% del tiempo, mientras que el 90% del tiempo restante se trabaja en un sitio de trabajo para obtener habilidades y experiencia pr\u00e1cticas bajo la direcci\u00f3n de un t\u00e9cnico experimentado en una carrera t\u00e9cnica definida. \u00a0 Para completar la mayor\u00eda de los programas para aprendices se requieren de 2 a 3 a\u00f1os.\u00a0 Esta clase de capacitaci\u00f3n desarrolla trabajadores altamente calificados quienes generalmente obtienen empleos de alta demanda y bien remunerados.\u00a0 Hay m\u00e1s de 150 carreras t\u00e9cnicas reconocidas en Ontario.<\/p>\n<p><a href=\"http:\/\/www.oyap.com\/en\/skilled_trades\/trades_at_a_glance\/\" target=\"_blank\" rel=\"noopener\"><em>Listado de carreras t\u00e9cnicas, requerimiento de grados terminados y plazo de tiempo necesario para calificar como t\u00e9cnico experimentado:<\/em><\/a><\/p>\n<\/div>\n<\/div><\/div><div id=\"panel-20343-2-1-1\" class=\"so-panel widget widget_sow-editor\" data-index=\"5\" ><div\n\t\t\t\n\t\t\tclass=\"so-widget-sow-editor so-widget-sow-editor-base\"\n\t\t\t\n\t\t>\n<div class=\"siteorigin-widget-tinymce textwidget\">\n\t<div class=\"apprenticeship-grid\">\n<div class=\"ag-item\">\n<h4>In School<\/h4>\n<\/div>\n<div class=\"ag-darrow\"><\/div>\n<div class=\"ag-item\">\n<h4>On the Job<\/h4>\n<\/div>\n<div class=\"ag-arrow\"><\/div>\n<div class=\"ag-item item-flex\">\n<div class=\"ag-item\">\n<h4>Certificate of Apprenticeship<\/h4>\n<\/div>\n<div class=\"ag-arrow\"><\/div>\n<div class=\"ag-item\">\n<h4>Exam<\/h4>\n<\/div>\n<div class=\"ag-arrow\"><\/div>\n<div class=\"ag-item\">\n<h4>Certification of Qualification<\/h4>\n<\/div>\n<\/div>\n<\/div>\n<\/div>\n<\/div><\/div><div id=\"panel-20343-2-1-2\" class=\"so-panel widget widget_sow-editor panel-last-child\" data-index=\"6\" ><div\n\t\t\t\n\t\t\tclass=\"so-widget-sow-editor so-widget-sow-editor-base\"\n\t\t\t\n\t\t>\n<div class=\"siteorigin-widget-tinymce textwidget\">\n\t<div id=\"secondary-right-inner\">\n<h3><strong>Ontario Youth Apprenticeship Program (OYAP) (Programas para aprendices para j\u00f3venes de Ontario)<\/strong><\/h3>\n<p>Los estudiantes de escuela secundaria pueden tener la opci\u00f3n de solicitar su admisi\u00f3n al OYAP (Programa para aprendices para j\u00f3venes de Ontario) en los grados 11 o 12 y por medio de los cr\u00e9ditos educativos cooperativos trabajar para iniciar un programa para aprendices.\u00a0 Si este programa le interesa, comun\u00edquese con un Consejero de orientaci\u00f3n escolar.\u00a0 Puede encontrar m\u00e1s informaci\u00f3n en: \u00a0\u00a0<a href=\"http:\/\/www.tcu.gov.on.ca\/eng\/apprentices\/oyap.html\" target=\"_blank\" rel=\"noopener\">www.tcu.gov.on.ca\/eng\/apprentices\/oyap.html<\/a><\/p>\n<h3><strong>Nuevos reglamentos para la obtenci\u00f3n de permisos de estudio<\/strong><\/h3>\n<p>El 1 de junio de 2014 entraron en efecto nuevas reglas que facilitan a los poseedores de permisos de estudio trabajar fuera del campus. Los estudiantes de tiempo completo que sigan un programa acad\u00e9mico, profesional o de capacitaci\u00f3n vocacional en una instituci\u00f3n de aprendizaje:<\/p>\n<ul>\n<li>Ser\u00e1n elegibles para trabajar fuera del campus sin un permiso de trabajo;<\/li>\n<li>podr\u00e1n trabajar fuera del campus hasta 20 horas por semana durante un per\u00edodo acad\u00e9mico regular y tiempo completo durante los per\u00edodos de descanso programados regularmente;<\/li>\n<li>podr\u00e1n trabajar fuera del campus inmediatamente, en vez de esperar seis meses.<\/li>\n<\/ul>\n<p><em>Para obtener m\u00e1s informaci\u00f3n<\/em><strong>:\u00a0<\/strong><a href=\"http:\/\/www.cic.gc.ca\/english\/study\/study-changes.asp\" target=\"_blank\" rel=\"noopener\">www.cic.gc.ca\/english\/study\/study-changes.asp<\/a><\/p>\n<p><em>Obtenga un permiso de trabajo para estudiante<\/em><strong>:\u00a0<\/strong><a href=\"http:\/\/www.cic.gc.ca\/english\/study\/work.asp\" target=\"_blank\" rel=\"noopener\">www.cic.gc.ca\/english\/study\/work.asp<\/a><\/p>\n<h4><strong>\u00bfDesea m\u00e1s informaci\u00f3n acerca de los programas para aprendices en Ontario?<\/strong><\/h4>\n<ul>\n<li><a href=\"http:\/\/www.tcu.gov.on.ca\/eng\/employmentontario\/training\/pathways.html\" target=\"_blank\" rel=\"noopener\"><em>Trayectorias educativas para los programas para aprendices en Ontario<\/em><\/a><\/li>\n<li><a href=\"http:\/\/www.tcu.gov.on.ca\/eng\/apprentices\/app_train.html\" target=\"_blank\" rel=\"noopener\"><em>Programas para aprendices de Ontario<\/em><\/a><\/li>\n<li><a href=\"http:\/\/www.careersintrades.ca\/wp-content\/uploads\/2015\/09\/CAF_ApprenticeshipGuide_2013.pdf\" target=\"_blank\" rel=\"noopener\"><em>Apprenticeship: Your Career Starts NOW: A Guide to Careers in the Skilled Trades (Programas para aprendices: Su carrera empieza AHORA: Una gu\u00eda para las profesiones en carreras t\u00e9cnicas)<\/em><\/a><\/li>\n<li><em><a href=\"http:\/\/www.ontransfer.ca\/index_en.php?page=the_ontario_postsecondary_transfer_guide\" target=\"_blank\" rel=\"noopener\">Informaci\u00f3n acerca de la transferencia de cr\u00e9ditos de una instituci\u00f3n postsecundaria a otra<\/a>\u00a0(p. ej.: programas para aprendices para escuela vocacional o t\u00e9cnica)<\/em><\/li>\n<\/ul>\n<\/div>\n<\/div>\n<\/div><\/div><\/div><\/div><\/div><\/div><\/div>","protected":false},"excerpt":{"rendered":"Programas de pr\u00e1cticas profesionales para estudiantes internacionales en Ontario Inicio Programas de pr\u00e1cticas profesionales para estudiantes internacionales en Ontario Infograf\u00eda de las trayectorias educativas en Ontario Preguntas frecuentes acerca de las trayectorias educativas para estudiantes internacionales Becas para estudiantes internacionales en Ontario Inmigrar a Ontario como estudiante internacional C\u00f3mo conseguir trabajo en Ontario como estudiante&#8230; <a class=\"view-article\" href=\"https:\/\/www.oasdi.ca\/es\/programa-de-acceso-a-educacion-superior\/practicas-profesionales\/\">Ver art\u00edculo<\/a>","protected":false},"author":237,"featured_media":16386,"parent":18239,"menu_order":0,"comment_status":"closed","ping_status":"closed","template":"","meta":{"footnotes":""},"class_list":["post-20343","page","type-page","status-publish","has-post-thumbnail","hentry"],"yoast_head":"<!-- This site is optimized with the Yoast SEO plugin v21.5 - https:\/\/yoast.com\/wordpress\/plugins\/seo\/ -->\n<title>Programas de pr\u00e1cticas profesionales en Ontario | OASDI<\/title>\n<meta name=\"description\" content=\"Los programas de pr\u00e1cticas profesionales capacitan a los estudiantes para convertirse en comerciantes cualificados. Aprende m\u00e1s acerca de estos programas aqu\u00ed.\" \/>\n<meta name=\"robots\" content=\"index, follow, max-snippet:-1, max-image-preview:large, max-video-preview:-1\" \/>\n<link rel=\"canonical\" href=\"https:\/\/www.oasdi.ca\/es\/programa-de-acceso-a-educacion-superior\/practicas-profesionales\/\" \/>\n<meta property=\"og:locale\" content=\"es_ES\" \/>\n<meta property=\"og:type\" content=\"article\" \/>\n<meta property=\"og:title\" content=\"Programas de pr\u00e1cticas profesionales en Ontario | OASDI\" \/>\n<meta property=\"og:description\" content=\"Los programas de pr\u00e1cticas profesionales capacitan a los estudiantes para convertirse en comerciantes cualificados. Aprende m\u00e1s acerca de estos programas aqu\u00ed.\" \/>\n<meta property=\"og:url\" content=\"https:\/\/www.oasdi.ca\/es\/programa-de-acceso-a-educacion-superior\/practicas-profesionales\/\" \/>\n<meta property=\"og:site_name\" content=\"OASDI\" \/>\n<meta property=\"article:modified_time\" content=\"2020-05-18T13:57:52+00:00\" \/>\n<meta property=\"og:image\" content=\"https:\/\/www.oasdi.ca\/wp-content\/uploads\/2020\/03\/college-in-ontario.jpg\" \/>\n\t<meta property=\"og:image:width\" content=\"1440\" \/>\n\t<meta property=\"og:image:height\" content=\"268\" \/>\n\t<meta property=\"og:image:type\" content=\"image\/jpeg\" \/>\n<meta name=\"twitter:card\" content=\"summary_large_image\" \/>\n<meta name=\"twitter:label1\" content=\"Tiempo de lectura\" \/>\n\t<meta name=\"twitter:data1\" content=\"2 minutos\" \/>\n<script type=\"application\/ld+json\" class=\"yoast-schema-graph\">{\"@context\":\"https:\/\/schema.org\",\"@graph\":[{\"@type\":\"WebPage\",\"@id\":\"https:\/\/www.oasdi.ca\/es\/programa-de-acceso-a-educacion-superior\/practicas-profesionales\/\",\"url\":\"https:\/\/www.oasdi.ca\/es\/programa-de-acceso-a-educacion-superior\/practicas-profesionales\/\",\"name\":\"Programas de pr\u00e1cticas profesionales en Ontario | OASDI\",\"isPartOf\":{\"@id\":\"https:\/\/www.oasdi.ca\/es\/#website\"},\"datePublished\":\"2020-04-12T01:46:57+00:00\",\"dateModified\":\"2020-05-18T13:57:52+00:00\",\"description\":\"Los programas de pr\u00e1cticas profesionales capacitan a los estudiantes para convertirse en comerciantes cualificados. Aprende m\u00e1s acerca de estos programas aqu\u00ed.\",\"breadcrumb\":{\"@id\":\"https:\/\/www.oasdi.ca\/es\/programa-de-acceso-a-educacion-superior\/practicas-profesionales\/#breadcrumb\"},\"inLanguage\":\"es\",\"potentialAction\":[{\"@type\":\"ReadAction\",\"target\":[\"https:\/\/www.oasdi.ca\/es\/programa-de-acceso-a-educacion-superior\/practicas-profesionales\/\"]}]},{\"@type\":\"BreadcrumbList\",\"@id\":\"https:\/\/www.oasdi.ca\/es\/programa-de-acceso-a-educacion-superior\/practicas-profesionales\/#breadcrumb\",\"itemListElement\":[{\"@type\":\"ListItem\",\"position\":1,\"name\":\"Inicio\",\"item\":\"https:\/\/www.oasdi.ca\/es\/\"},{\"@type\":\"ListItem\",\"position\":2,\"name\":\"Trayectorias educativas para estudiantes internacionales en Ontario\",\"item\":\"https:\/\/www.oasdi.ca\/es\/programa-de-acceso-a-educacion-superior\/\"},{\"@type\":\"ListItem\",\"position\":3,\"name\":\"Programas de pr\u00e1cticas profesionales para estudiantes internacionales en Ontario\"}]},{\"@type\":\"WebSite\",\"@id\":\"https:\/\/www.oasdi.ca\/es\/#website\",\"url\":\"https:\/\/www.oasdi.ca\/es\/\",\"name\":\"OASDI\",\"description\":\"Ontario Association of School District International\",\"publisher\":{\"@id\":\"https:\/\/www.oasdi.ca\/es\/#organization\"},\"potentialAction\":[{\"@type\":\"SearchAction\",\"target\":{\"@type\":\"EntryPoint\",\"urlTemplate\":\"https:\/\/www.oasdi.ca\/es\/?s={search_term_string}\"},\"query-input\":\"required name=search_term_string\"}],\"inLanguage\":\"es\"},{\"@type\":\"Organization\",\"@id\":\"https:\/\/www.oasdi.ca\/es\/#organization\",\"name\":\"OASDI\",\"url\":\"https:\/\/www.oasdi.ca\/es\/\",\"logo\":{\"@type\":\"ImageObject\",\"inLanguage\":\"es\",\"@id\":\"https:\/\/www.oasdi.ca\/es\/#\/schema\/logo\/image\/\",\"url\":\"https:\/\/www.oasdi.ca\/wp-content\/uploads\/2020\/02\/cropped-oasdi-logo.png\",\"contentUrl\":\"https:\/\/www.oasdi.ca\/wp-content\/uploads\/2020\/02\/cropped-oasdi-logo.png\",\"width\":468,\"height\":96,\"caption\":\"OASDI\"},\"image\":{\"@id\":\"https:\/\/www.oasdi.ca\/es\/#\/schema\/logo\/image\/\"}}]}<\/script>\n<!-- \/ Yoast SEO plugin. -->","yoast_head_json":{"title":"Programas de pr\u00e1cticas profesionales en Ontario | OASDI","description":"Los programas de pr\u00e1cticas profesionales capacitan a los estudiantes para convertirse en comerciantes cualificados. Aprende m\u00e1s acerca de estos programas aqu\u00ed.","robots":{"index":"index","follow":"follow","max-snippet":"max-snippet:-1","max-image-preview":"max-image-preview:large","max-video-preview":"max-video-preview:-1"},"canonical":"https:\/\/www.oasdi.ca\/es\/programa-de-acceso-a-educacion-superior\/practicas-profesionales\/","og_locale":"es_ES","og_type":"article","og_title":"Programas de pr\u00e1cticas profesionales en Ontario | OASDI","og_description":"Los programas de pr\u00e1cticas profesionales capacitan a los estudiantes para convertirse en comerciantes cualificados. Aprende m\u00e1s acerca de estos programas aqu\u00ed.","og_url":"https:\/\/www.oasdi.ca\/es\/programa-de-acceso-a-educacion-superior\/practicas-profesionales\/","og_site_name":"OASDI","article_modified_time":"2020-05-18T13:57:52+00:00","og_image":[{"width":1440,"height":268,"url":"https:\/\/www.oasdi.ca\/wp-content\/uploads\/2020\/03\/college-in-ontario.jpg","type":"image\/jpeg"}],"twitter_card":"summary_large_image","twitter_misc":{"Tiempo de lectura":"2 minutos"},"schema":{"@context":"https:\/\/schema.org","@graph":[{"@type":"WebPage","@id":"https:\/\/www.oasdi.ca\/es\/programa-de-acceso-a-educacion-superior\/practicas-profesionales\/","url":"https:\/\/www.oasdi.ca\/es\/programa-de-acceso-a-educacion-superior\/practicas-profesionales\/","name":"Programas de pr\u00e1cticas profesionales en Ontario | OASDI","isPartOf":{"@id":"https:\/\/www.oasdi.ca\/es\/#website"},"datePublished":"2020-04-12T01:46:57+00:00","dateModified":"2020-05-18T13:57:52+00:00","description":"Los programas de pr\u00e1cticas profesionales capacitan a los estudiantes para convertirse en comerciantes cualificados. Aprende m\u00e1s acerca de estos programas aqu\u00ed.","breadcrumb":{"@id":"https:\/\/www.oasdi.ca\/es\/programa-de-acceso-a-educacion-superior\/practicas-profesionales\/#breadcrumb"},"inLanguage":"es","potentialAction":[{"@type":"ReadAction","target":["https:\/\/www.oasdi.ca\/es\/programa-de-acceso-a-educacion-superior\/practicas-profesionales\/"]}]},{"@type":"BreadcrumbList","@id":"https:\/\/www.oasdi.ca\/es\/programa-de-acceso-a-educacion-superior\/practicas-profesionales\/#breadcrumb","itemListElement":[{"@type":"ListItem","position":1,"name":"Inicio","item":"https:\/\/www.oasdi.ca\/es\/"},{"@type":"ListItem","position":2,"name":"Trayectorias educativas para estudiantes internacionales en Ontario","item":"https:\/\/www.oasdi.ca\/es\/programa-de-acceso-a-educacion-superior\/"},{"@type":"ListItem","position":3,"name":"Programas de pr\u00e1cticas profesionales para estudiantes internacionales en Ontario"}]},{"@type":"WebSite","@id":"https:\/\/www.oasdi.ca\/es\/#website","url":"https:\/\/www.oasdi.ca\/es\/","name":"OASDI","description":"Ontario Association of School District International","publisher":{"@id":"https:\/\/www.oasdi.ca\/es\/#organization"},"potentialAction":[{"@type":"SearchAction","target":{"@type":"EntryPoint","urlTemplate":"https:\/\/www.oasdi.ca\/es\/?s={search_term_string}"},"query-input":"required name=search_term_string"}],"inLanguage":"es"},{"@type":"Organization","@id":"https:\/\/www.oasdi.ca\/es\/#organization","name":"OASDI","url":"https:\/\/www.oasdi.ca\/es\/","logo":{"@type":"ImageObject","inLanguage":"es","@id":"https:\/\/www.oasdi.ca\/es\/#\/schema\/logo\/image\/","url":"https:\/\/www.oasdi.ca\/wp-content\/uploads\/2020\/02\/cropped-oasdi-logo.png","contentUrl":"https:\/\/www.oasdi.ca\/wp-content\/uploads\/2020\/02\/cropped-oasdi-logo.png","width":468,"height":96,"caption":"OASDI"},"image":{"@id":"https:\/\/www.oasdi.ca\/es\/#\/schema\/logo\/image\/"}}]}},"_links":{"self":[{"href":"https:\/\/www.oasdi.ca\/es\/wp-json\/wp\/v2\/pages\/20343"}],"collection":[{"href":"https:\/\/www.oasdi.ca\/es\/wp-json\/wp\/v2\/pages"}],"about":[{"href":"https:\/\/www.oasdi.ca\/es\/wp-json\/wp\/v2\/types\/page"}],"author":[{"embeddable":true,"href":"https:\/\/www.oasdi.ca\/es\/wp-json\/wp\/v2\/users\/237"}],"replies":[{"embeddable":true,"href":"https:\/\/www.oasdi.ca\/es\/wp-json\/wp\/v2\/comments?post=20343"}],"version-history":[{"count":0,"href":"https:\/\/www.oasdi.ca\/es\/wp-json\/wp\/v2\/pages\/20343\/revisions"}],"up":[{"embeddable":true,"href":"https:\/\/www.oasdi.ca\/es\/wp-json\/wp\/v2\/pages\/18239"}],"wp:featuredmedia":[{"embeddable":true,"href":"https:\/\/www.oasdi.ca\/es\/wp-json\/wp\/v2\/media\/16386"}],"wp:attachment":[{"href":"https:\/\/www.oasdi.ca\/es\/wp-json\/wp\/v2\/media?parent=20343"}],"curies":[{"name":"wp","href":"https:\/\/api.w.org\/{rel}","templated":true}]}}