{"id":20252,"date":"2020-03-22T01:11:10","date_gmt":"2020-03-22T01:11:10","guid":{"rendered":"http:\/\/oasdi.ca\/programa-de-acceso-a-educacion-superior\/escuela-universitaria-en-ontario\/application-process\/"},"modified":"2020-04-20T20:41:51","modified_gmt":"2020-04-20T20:41:51","slug":"proceso-de-inscripcion","status":"publish","type":"page","link":"https:\/\/www.oasdi.ca\/es\/programa-de-acceso-a-educacion-superior\/escuela-universitaria-en-ontario\/proceso-de-inscripcion\/","title":{"rendered":"Requisitos y proceso de aplicaci\u00f3n para la escuela vocacional o t\u00e9cnica en Ontario"},"content":{"rendered":"<div id=\"pl-20252\"  class=\"panel-layout\" ><div id=\"pg-20252-0\"  class=\"panel-grid panel-no-style\" ><div id=\"pgc-20252-0-0\"  class=\"panel-grid-cell\" ><div id=\"panel-20252-0-0-0\" class=\"so-panel widget widget_sow-image panel-first-child panel-last-child\" data-index=\"0\" ><div class=\"is-featured-img panel-widget-style panel-widget-style-for-20252-0-0-0\" ><div\n\t\t\t\n\t\t\tclass=\"so-widget-sow-image so-widget-sow-image-default-c4f6304fc136-20252\"\n\t\t\t\n\t\t>\n\n<div class=\"sow-image-container\">\n\t\t<img loading=\"lazy\" decoding=\"async\" src=\"https:\/\/www.oasdi.ca\/wp-content\/uploads\/2020\/03\/oasdi-ontario.jpg\" width=\"1440\" height=\"268\" srcset=\"https:\/\/www.oasdi.ca\/wp-content\/uploads\/2020\/03\/oasdi-ontario.jpg 1440w, https:\/\/www.oasdi.ca\/wp-content\/uploads\/2020\/03\/oasdi-ontario-250x47.jpg 250w, https:\/\/www.oasdi.ca\/wp-content\/uploads\/2020\/03\/oasdi-ontario-700x130.jpg 700w, https:\/\/www.oasdi.ca\/wp-content\/uploads\/2020\/03\/oasdi-ontario-768x143.jpg 768w, https:\/\/www.oasdi.ca\/wp-content\/uploads\/2020\/03\/oasdi-ontario-120x22.jpg 120w\" sizes=\"(max-width: 1440px) 100vw, 1440px\" alt=\"\" \t\tclass=\"so-widget-image\"\/>\n\t<\/div>\n\n<\/div><\/div><\/div><\/div><\/div><div id=\"pg-20252-1\"  class=\"panel-grid panel-has-style\" ><div class=\"has-container panel-row-style panel-row-style-for-20252-1\" ><div id=\"pgc-20252-1-0\"  class=\"panel-grid-cell\" ><div id=\"panel-20252-1-0-0\" class=\"so-panel widget widget_hem-seo-title-widget panel-first-child panel-last-child\" data-index=\"1\" ><div class=\"panel-widget-style panel-widget-style-for-20252-1-0-0\" ><div\n\t\t\t\n\t\t\tclass=\"so-widget-hem-seo-title-widget so-widget-hem-seo-title-widget-hem-seo-title-widget-style-d75171398898-20252\"\n\t\t\t\n\t\t>\n<h2 style=\"font-size:px;\">Requisitos y proceso de aplicaci\u00f3n para la escuela vocacional o t\u00e9cnica en Ontario<\/h2>\n\n\n\n\t<!-- <div class=\"breadcrumb-trail\"><a href=\"index.php\">Home<\/a> \u00bb <span class=\"breadcrumb-current\">About<\/span><\/div> -->\n\t<div class=\"test1\"><span><span><a href=\"https:\/\/www.oasdi.ca\/es\/\">Inicio<\/a><\/span><\/span><\/div>\n<\/div><\/div><\/div><\/div><\/div><\/div><div id=\"pg-20252-2\"  class=\"panel-grid panel-has-style\" ><div class=\"has-container panel-row-style panel-row-style-for-20252-2\" ><div id=\"pgc-20252-2-0\"  class=\"panel-grid-cell\" ><div id=\"panel-20252-2-0-0\" class=\"so-panel widget widget_hem-sidebar-menu-widget panel-first-child\" data-index=\"2\" ><div\n\t\t\t\n\t\t\tclass=\"so-widget-hem-sidebar-menu-widget so-widget-hem-sidebar-menu-widget-hem-sidebar-menu-widget-style-d75171398898-20252\"\n\t\t\t\n\t\t><div id=\"sidebar\">\n\t\t\t<ul id=\"side-menu\" class=\"side-menu menu-embedded\">\n\t\t\t\n\t\t\t\t\t\t\t\t\n\t\t\t\t\t\t\t\t\t\t\t<li><a class=\"active\" href=\"https:\/\/www.oasdi.ca\/es\/programa-de-acceso-a-educacion-superior\/escuela-universitaria-en-ontario\/proceso-de-inscripcion\/\">Requisitos y proceso de aplicaci\u00f3n para la escuela vocacional o t\u00e9cnica en Ontario<\/a><\/li>\n\t\t\t\t\t\t\t\t\t\t\n\n\t\t\t\t<!-- Extra menu -->\n\t\t\t\t\n\n\n\t\t\t\t\t<\/ul>\n\t\n\n<\/div><\/div><\/div><div id=\"panel-20252-2-0-1\" class=\"so-panel widget widget_hem-sidebar-link-widget panel-last-child\" data-index=\"3\" ><div\n\t\t\t\n\t\t\tclass=\"so-widget-hem-sidebar-link-widget so-widget-hem-sidebar-link-widget-hem-sidebar-link-widget-style-d75171398898-20252\"\n\t\t\t\n\t\t><div id=\"sidebar\" class=\"external-link-only\">\n\n\n\n\t\t\t\t<!-- Extra menu -->\n\t\t\t\t\t\t\t\t\t<ul id=\"side-menu\" class=\"side-menu menu-embedded\">\n\t\t\t\t\t\t\t\t\t\t\t\t\t\t\t\t\t\t\t\t\t<li><a  href=\"https:\/\/www.oasdi.ca\/map-search\/\">Map Overview<\/a><\/li>\n\t\t\t\t\t\t\t\t\t\t\t\t\t\t\n\t\t\t\t\t\t\t\t\t\t\t\t\t\t\t\t\t\t\t\t\t<li><a  href=\"https:\/\/www.oasdi.ca\/district-list\/\">District List<\/a><\/li>\n\t\t\t\t\t\t\t\t\t\t\t\t\t\t\n\t\t\t\t\t\t\t\n\t\t\t\t\t<\/ul>\n\t\t\t\t\n\t\t\t\t\n\n\n\n\n<\/div><\/div><\/div><\/div><div id=\"pgc-20252-2-1\"  class=\"panel-grid-cell\" ><div class=\"pl-sm-3 pl-md-5 panel-cell-style panel-cell-style-for-20252-2-1\" ><div id=\"panel-20252-2-1-0\" class=\"so-panel widget widget_sow-editor panel-first-child panel-last-child\" data-index=\"4\" ><div\n\t\t\t\n\t\t\tclass=\"so-widget-sow-editor so-widget-sow-editor-base\"\n\t\t\t\n\t\t>\n<div class=\"siteorigin-widget-tinymce textwidget\">\n\t<p>Los requisitos de admisi\u00f3n cambian entre las diferentes universidades por lo que los estudiantes necesitan consultar los sitios Web y programas de las universidades espec\u00edficas.\u00a0 Tome en cuenta que algunos programas tienen inscripciones limitadas y el ingreso es muy competitivo. Los estudiantes internacionales deben cumplir con las fechas l\u00edmite para las solicitudes de cada universidad.\u00a0 El consejero de orientaci\u00f3n de su escuela secundaria le podr\u00e1 ayudar con este proceso de solicitud.<\/p>\n<p>Los estudiantes internacionales encontrar\u00e1n enlaces dentro del sitio Web de cada universidad de Ontario para presentar sus solicitudes:\u00a0 todas las solicitudes se enlazan con el Centro de solicitudes de las Universidades de Ontario (OUAC).<\/p>\n<p>Los estudiantes internacionales\u00a0<strong>QUE YA EST\u00c1N RESIDIENDO EN CANAD\u00c1 CON UN PERMISO DE ESTUDIO\u00a0<u>DEBEN<\/u><\/strong>\u00a0usar la solicitud en l\u00ednea 105D para presentar una solicitud para un programa universitario pregrado en Ontario:\u00a0<a href=\"http:\/\/www.horizon.ouac.on.ca\/webapp\/base.d2w\/report?ident=MAIN_DSP&amp;merchant_rn=26&amp;action_id=choose\" target=\"_blank\" rel=\"noopener\">www.horizon.ouac.on.ca\/webapp\/base.d2w\/report?ident=MAIN_DSP&amp;merchant_rn=26&amp;action_id=choose<\/a><\/p>\n<p>Los estudiantes internacionales\u00a0<strong>QUE RESIDEN FUERA DE CANAD\u00c1 SIN UN PERMISO DE ESTUDIO\u00a0<u>DEBEN<\/u><\/strong>\u00a0usar la solicitud en l\u00ednea 105F para presentar una solicitud para un programa universitario pregrado en Ontario:\u00a0<a href=\"http:\/\/www.horizon.ouac.on.ca\/webapp\/base.d2w\/report?ident=MAIN_DSP&amp;merchant_rn=16230&amp;action_id=choose\" target=\"_blank\" rel=\"noopener\">www.horizon.ouac.on.ca\/webapp\/base.d2w\/report?ident=MAIN_DSP&amp;merchant_rn=16230&amp;action_id=choose<\/a><\/p>\n<h3>\u00bfDesea m\u00e1s informaci\u00f3n acerca de las universidades en Ontario?<\/h3>\n<p><em><a href=\"http:\/\/www.ouac.on.ca\/ouac-105\" target=\"_blank\" rel=\"noopener\">Centro de solicitudes de las Universidades de Ontario, incluyendo instrucciones detalladas y videos<\/a><\/em><\/p>\n<p><em><a href=\"http:\/\/www.ontario.ca\/page\/ontario-universities\" target=\"_blank\" rel=\"noopener\">Lista de las universidades de Ontario<\/a><\/em><\/p>\n<p>Por lo general, los estudiantes internacionales que tienen un OSSD (Diploma de Escuela Secundaria de Ontario) pueden presentar sus solicitudes y, como m\u00ednimo, necesitar\u00e1n la siguiente documentaci\u00f3n:<\/p>\n<ul>\n<li>Expedientes (Certificado final de calificaciones)<\/li>\n<li>Prueba de aptitud ling\u00fc\u00edstica (las diferentes escuelas vocacionales o t\u00e9cnicas requieren diferentes pruebas de aptitud ling\u00fc\u00edstica en ingl\u00e9s como TOEFL\/IELTS\/CAEL\/MELAB)<\/li>\n<li>Prueba de buena salud<\/li>\n<li><a href=\"http:\/\/www.cic.gc.ca\/english\/study\/index.asp\" target=\"_blank\" rel=\"noopener\">Permiso de estudio<\/a><\/li>\n<li>Evaluaci\u00f3n de credenciales<\/li>\n<\/ul>\n<p>Los estudiantes internacionales usualmente no son elegibles para los pr\u00e9stamos gubernamentales pero pueden ser elegibles para becas\u00a0<a href=\"http:\/\/www.scholarships-bourses.gc.ca\/scholarships-bourses\/index.aspx?lang=eng\" target=\"_blank\" rel=\"noopener\">www.scholarships-bourses.gc.ca\/scholarships-bourses\/index.aspx?lang=eng<\/a><\/p>\n<p><em>Toda la informaci\u00f3n que necesita para presentar una solicitud a una universidad de Ontario:\u00a0\u00a0<a href=\"https:\/\/www.ontario.ca\/page\/study-ontario-international-students\" target=\"_blank\" rel=\"noopener\">www.ontario.ca\/page\/study-ontario-international-students<\/a><\/em><\/p>\n<h3>Nuevos reglamentos para la obtenci\u00f3n de permisos de estudio<\/h3>\n<p>El 1 de junio de 2014 entraron en efecto nuevas reglas que facilitan a los poseedores de permisos de estudio trabajar fuera del campus. Los estudiantes de tiempo completo que sigan un programa acad\u00e9mico, profesional o de capacitaci\u00f3n vocacional en una instituci\u00f3n de aprendizaje:<\/p>\n<ul>\n<li>Ser\u00e1n elegibles para trabajar fuera del campus sin un permiso de trabajo;<\/li>\n<li>podr\u00e1n trabajar fuera del campus hasta 20 horas por semana durante un per\u00edodo acad\u00e9mico regular y tiempo completo durante los per\u00edodos de descanso programados regularmente;<\/li>\n<li>podr\u00e1n trabajar fuera del campus inmediatamente, en vez de esperar seis meses.<\/li>\n<\/ul>\n<p><em>Para obtener m\u00e1s informaci\u00f3n:\u00a0<a href=\"http:\/\/www.cic.gc.ca\/english\/study\/study-changes.asp\" target=\"_blank\" rel=\"noopener\">www.cic.gc.ca\/english\/study\/study-changes.asp<\/a><\/em><\/p>\n<\/div>\n<\/div><\/div><\/div><\/div><\/div><\/div><\/div>","protected":false},"excerpt":{"rendered":"Requisitos y proceso de aplicaci\u00f3n para la escuela vocacional o t\u00e9cnica en Ontario Inicio Requisitos y proceso de aplicaci\u00f3n para la escuela vocacional o t\u00e9cnica en Ontario Map Overview District List Los requisitos de admisi\u00f3n cambian entre las diferentes universidades por lo que los estudiantes necesitan consultar los sitios Web y programas de las universidades&#8230; <a class=\"view-article\" href=\"https:\/\/www.oasdi.ca\/es\/programa-de-acceso-a-educacion-superior\/escuela-universitaria-en-ontario\/proceso-de-inscripcion\/\">Ver art\u00edculo<\/a>","protected":false},"author":237,"featured_media":16386,"parent":20207,"menu_order":0,"comment_status":"closed","ping_status":"closed","template":"","meta":{"footnotes":""},"class_list":["post-20252","page","type-page","status-publish","has-post-thumbnail","hentry"],"yoast_head":"<!-- This site is optimized with the Yoast SEO plugin v21.5 - https:\/\/yoast.com\/wordpress\/plugins\/seo\/ -->\n<title>C\u00f3mo solicitar el ingreso a una escuela vocacional o t\u00e9cnica<\/title>\n<meta name=\"description\" content=\"Quieres estudiar en una escuela vocacional o t\u00e9cnica en Ontario como estudiante internacional? Descubre los requisitos para aplicar a estas escuelas aqu\u00ed.\" \/>\n<meta name=\"robots\" content=\"index, follow, max-snippet:-1, max-image-preview:large, max-video-preview:-1\" \/>\n<link rel=\"canonical\" href=\"https:\/\/www.oasdi.ca\/es\/programa-de-acceso-a-educacion-superior\/escuela-universitaria-en-ontario\/proceso-de-inscripcion\/\" \/>\n<meta property=\"og:locale\" content=\"es_ES\" \/>\n<meta property=\"og:type\" content=\"article\" \/>\n<meta property=\"og:title\" content=\"C\u00f3mo solicitar el ingreso a una escuela vocacional o t\u00e9cnica\" \/>\n<meta property=\"og:description\" content=\"Quieres estudiar en una escuela vocacional o t\u00e9cnica en Ontario como estudiante internacional? Descubre los requisitos para aplicar a estas escuelas aqu\u00ed.\" \/>\n<meta property=\"og:url\" content=\"https:\/\/www.oasdi.ca\/es\/programa-de-acceso-a-educacion-superior\/escuela-universitaria-en-ontario\/proceso-de-inscripcion\/\" \/>\n<meta property=\"og:site_name\" content=\"OASDI\" \/>\n<meta property=\"article:modified_time\" content=\"2020-04-20T20:41:51+00:00\" \/>\n<meta property=\"og:image\" content=\"https:\/\/www.oasdi.ca\/wp-content\/uploads\/2020\/03\/college-in-ontario.jpg\" \/>\n\t<meta property=\"og:image:width\" content=\"1440\" \/>\n\t<meta property=\"og:image:height\" content=\"268\" \/>\n\t<meta property=\"og:image:type\" content=\"image\/jpeg\" \/>\n<meta name=\"twitter:card\" content=\"summary_large_image\" \/>\n<meta name=\"twitter:label1\" content=\"Tiempo de lectura\" \/>\n\t<meta name=\"twitter:data1\" content=\"3 minutos\" \/>\n<script type=\"application\/ld+json\" class=\"yoast-schema-graph\">{\"@context\":\"https:\/\/schema.org\",\"@graph\":[{\"@type\":\"WebPage\",\"@id\":\"https:\/\/www.oasdi.ca\/es\/programa-de-acceso-a-educacion-superior\/escuela-universitaria-en-ontario\/proceso-de-inscripcion\/\",\"url\":\"https:\/\/www.oasdi.ca\/es\/programa-de-acceso-a-educacion-superior\/escuela-universitaria-en-ontario\/proceso-de-inscripcion\/\",\"name\":\"C\u00f3mo solicitar el ingreso a una escuela vocacional o t\u00e9cnica\",\"isPartOf\":{\"@id\":\"https:\/\/www.oasdi.ca\/es\/#website\"},\"datePublished\":\"2020-03-22T01:11:10+00:00\",\"dateModified\":\"2020-04-20T20:41:51+00:00\",\"description\":\"Quieres estudiar en una escuela vocacional o t\u00e9cnica en Ontario como estudiante internacional? Descubre los requisitos para aplicar a estas escuelas aqu\u00ed.\",\"breadcrumb\":{\"@id\":\"https:\/\/www.oasdi.ca\/es\/programa-de-acceso-a-educacion-superior\/escuela-universitaria-en-ontario\/proceso-de-inscripcion\/#breadcrumb\"},\"inLanguage\":\"es\",\"potentialAction\":[{\"@type\":\"ReadAction\",\"target\":[\"https:\/\/www.oasdi.ca\/es\/programa-de-acceso-a-educacion-superior\/escuela-universitaria-en-ontario\/proceso-de-inscripcion\/\"]}]},{\"@type\":\"BreadcrumbList\",\"@id\":\"https:\/\/www.oasdi.ca\/es\/programa-de-acceso-a-educacion-superior\/escuela-universitaria-en-ontario\/proceso-de-inscripcion\/#breadcrumb\",\"itemListElement\":[{\"@type\":\"ListItem\",\"position\":1,\"name\":\"Inicio\",\"item\":\"https:\/\/www.oasdi.ca\/es\/\"},{\"@type\":\"ListItem\",\"position\":2,\"name\":\"Trayectorias educativas para estudiantes internacionales en Ontario\",\"item\":\"https:\/\/www.oasdi.ca\/es\/programa-de-acceso-a-educacion-superior\/\"},{\"@type\":\"ListItem\",\"position\":3,\"name\":\"Informaci\u00f3n para estudiantes internacionales acerca de la escuela vocacional o t\u00e9cnica en Ontario\",\"item\":\"https:\/\/www.oasdi.ca\/es\/programa-de-acceso-a-educacion-superior\/escuela-universitaria-en-ontario\/\"},{\"@type\":\"ListItem\",\"position\":4,\"name\":\"Requisitos y proceso de aplicaci\u00f3n para la escuela vocacional o t\u00e9cnica en Ontario\"}]},{\"@type\":\"WebSite\",\"@id\":\"https:\/\/www.oasdi.ca\/es\/#website\",\"url\":\"https:\/\/www.oasdi.ca\/es\/\",\"name\":\"OASDI\",\"description\":\"Ontario Association of School District International\",\"publisher\":{\"@id\":\"https:\/\/www.oasdi.ca\/es\/#organization\"},\"potentialAction\":[{\"@type\":\"SearchAction\",\"target\":{\"@type\":\"EntryPoint\",\"urlTemplate\":\"https:\/\/www.oasdi.ca\/es\/?s={search_term_string}\"},\"query-input\":\"required name=search_term_string\"}],\"inLanguage\":\"es\"},{\"@type\":\"Organization\",\"@id\":\"https:\/\/www.oasdi.ca\/es\/#organization\",\"name\":\"OASDI\",\"url\":\"https:\/\/www.oasdi.ca\/es\/\",\"logo\":{\"@type\":\"ImageObject\",\"inLanguage\":\"es\",\"@id\":\"https:\/\/www.oasdi.ca\/es\/#\/schema\/logo\/image\/\",\"url\":\"https:\/\/www.oasdi.ca\/wp-content\/uploads\/2020\/02\/cropped-oasdi-logo.png\",\"contentUrl\":\"https:\/\/www.oasdi.ca\/wp-content\/uploads\/2020\/02\/cropped-oasdi-logo.png\",\"width\":468,\"height\":96,\"caption\":\"OASDI\"},\"image\":{\"@id\":\"https:\/\/www.oasdi.ca\/es\/#\/schema\/logo\/image\/\"}}]}<\/script>\n<!-- \/ Yoast SEO plugin. -->","yoast_head_json":{"title":"C\u00f3mo solicitar el ingreso a una escuela vocacional o t\u00e9cnica","description":"Quieres estudiar en una escuela vocacional o t\u00e9cnica en Ontario como estudiante internacional? Descubre los requisitos para aplicar a estas escuelas aqu\u00ed.","robots":{"index":"index","follow":"follow","max-snippet":"max-snippet:-1","max-image-preview":"max-image-preview:large","max-video-preview":"max-video-preview:-1"},"canonical":"https:\/\/www.oasdi.ca\/es\/programa-de-acceso-a-educacion-superior\/escuela-universitaria-en-ontario\/proceso-de-inscripcion\/","og_locale":"es_ES","og_type":"article","og_title":"C\u00f3mo solicitar el ingreso a una escuela vocacional o t\u00e9cnica","og_description":"Quieres estudiar en una escuela vocacional o t\u00e9cnica en Ontario como estudiante internacional? Descubre los requisitos para aplicar a estas escuelas aqu\u00ed.","og_url":"https:\/\/www.oasdi.ca\/es\/programa-de-acceso-a-educacion-superior\/escuela-universitaria-en-ontario\/proceso-de-inscripcion\/","og_site_name":"OASDI","article_modified_time":"2020-04-20T20:41:51+00:00","og_image":[{"width":1440,"height":268,"url":"https:\/\/www.oasdi.ca\/wp-content\/uploads\/2020\/03\/college-in-ontario.jpg","type":"image\/jpeg"}],"twitter_card":"summary_large_image","twitter_misc":{"Tiempo de lectura":"3 minutos"},"schema":{"@context":"https:\/\/schema.org","@graph":[{"@type":"WebPage","@id":"https:\/\/www.oasdi.ca\/es\/programa-de-acceso-a-educacion-superior\/escuela-universitaria-en-ontario\/proceso-de-inscripcion\/","url":"https:\/\/www.oasdi.ca\/es\/programa-de-acceso-a-educacion-superior\/escuela-universitaria-en-ontario\/proceso-de-inscripcion\/","name":"C\u00f3mo solicitar el ingreso a una escuela vocacional o t\u00e9cnica","isPartOf":{"@id":"https:\/\/www.oasdi.ca\/es\/#website"},"datePublished":"2020-03-22T01:11:10+00:00","dateModified":"2020-04-20T20:41:51+00:00","description":"Quieres estudiar en una escuela vocacional o t\u00e9cnica en Ontario como estudiante internacional? Descubre los requisitos para aplicar a estas escuelas aqu\u00ed.","breadcrumb":{"@id":"https:\/\/www.oasdi.ca\/es\/programa-de-acceso-a-educacion-superior\/escuela-universitaria-en-ontario\/proceso-de-inscripcion\/#breadcrumb"},"inLanguage":"es","potentialAction":[{"@type":"ReadAction","target":["https:\/\/www.oasdi.ca\/es\/programa-de-acceso-a-educacion-superior\/escuela-universitaria-en-ontario\/proceso-de-inscripcion\/"]}]},{"@type":"BreadcrumbList","@id":"https:\/\/www.oasdi.ca\/es\/programa-de-acceso-a-educacion-superior\/escuela-universitaria-en-ontario\/proceso-de-inscripcion\/#breadcrumb","itemListElement":[{"@type":"ListItem","position":1,"name":"Inicio","item":"https:\/\/www.oasdi.ca\/es\/"},{"@type":"ListItem","position":2,"name":"Trayectorias educativas para estudiantes internacionales en Ontario","item":"https:\/\/www.oasdi.ca\/es\/programa-de-acceso-a-educacion-superior\/"},{"@type":"ListItem","position":3,"name":"Informaci\u00f3n para estudiantes internacionales acerca de la escuela vocacional o t\u00e9cnica en Ontario","item":"https:\/\/www.oasdi.ca\/es\/programa-de-acceso-a-educacion-superior\/escuela-universitaria-en-ontario\/"},{"@type":"ListItem","position":4,"name":"Requisitos y proceso de aplicaci\u00f3n para la escuela vocacional o t\u00e9cnica en Ontario"}]},{"@type":"WebSite","@id":"https:\/\/www.oasdi.ca\/es\/#website","url":"https:\/\/www.oasdi.ca\/es\/","name":"OASDI","description":"Ontario Association of School District International","publisher":{"@id":"https:\/\/www.oasdi.ca\/es\/#organization"},"potentialAction":[{"@type":"SearchAction","target":{"@type":"EntryPoint","urlTemplate":"https:\/\/www.oasdi.ca\/es\/?s={search_term_string}"},"query-input":"required name=search_term_string"}],"inLanguage":"es"},{"@type":"Organization","@id":"https:\/\/www.oasdi.ca\/es\/#organization","name":"OASDI","url":"https:\/\/www.oasdi.ca\/es\/","logo":{"@type":"ImageObject","inLanguage":"es","@id":"https:\/\/www.oasdi.ca\/es\/#\/schema\/logo\/image\/","url":"https:\/\/www.oasdi.ca\/wp-content\/uploads\/2020\/02\/cropped-oasdi-logo.png","contentUrl":"https:\/\/www.oasdi.ca\/wp-content\/uploads\/2020\/02\/cropped-oasdi-logo.png","width":468,"height":96,"caption":"OASDI"},"image":{"@id":"https:\/\/www.oasdi.ca\/es\/#\/schema\/logo\/image\/"}}]}},"_links":{"self":[{"href":"https:\/\/www.oasdi.ca\/es\/wp-json\/wp\/v2\/pages\/20252"}],"collection":[{"href":"https:\/\/www.oasdi.ca\/es\/wp-json\/wp\/v2\/pages"}],"about":[{"href":"https:\/\/www.oasdi.ca\/es\/wp-json\/wp\/v2\/types\/page"}],"author":[{"embeddable":true,"href":"https:\/\/www.oasdi.ca\/es\/wp-json\/wp\/v2\/users\/237"}],"replies":[{"embeddable":true,"href":"https:\/\/www.oasdi.ca\/es\/wp-json\/wp\/v2\/comments?post=20252"}],"version-history":[{"count":0,"href":"https:\/\/www.oasdi.ca\/es\/wp-json\/wp\/v2\/pages\/20252\/revisions"}],"up":[{"embeddable":true,"href":"https:\/\/www.oasdi.ca\/es\/wp-json\/wp\/v2\/pages\/20207"}],"wp:featuredmedia":[{"embeddable":true,"href":"https:\/\/www.oasdi.ca\/es\/wp-json\/wp\/v2\/media\/16386"}],"wp:attachment":[{"href":"https:\/\/www.oasdi.ca\/es\/wp-json\/wp\/v2\/media?parent=20252"}],"curies":[{"name":"wp","href":"https:\/\/api.w.org\/{rel}","templated":true}]}}