{"id":20207,"date":"2020-03-19T23:28:11","date_gmt":"2020-03-19T23:28:11","guid":{"rendered":"http:\/\/oasdi.ca\/programa-de-acceso-a-educacion-superior\/college-in-ontario\/"},"modified":"2020-05-18T13:04:03","modified_gmt":"2020-05-18T13:04:03","slug":"escuela-universitaria-en-ontario","status":"publish","type":"page","link":"https:\/\/www.oasdi.ca\/es\/programa-de-acceso-a-educacion-superior\/escuela-universitaria-en-ontario\/","title":{"rendered":"Informaci\u00f3n para estudiantes internacionales acerca de la escuela vocacional o t\u00e9cnica en Ontario"},"content":{"rendered":"<div id=\"pl-20207\"  class=\"panel-layout\" ><div id=\"pg-20207-0\"  class=\"panel-grid panel-no-style\" ><div id=\"pgc-20207-0-0\"  class=\"panel-grid-cell\" ><div id=\"panel-20207-0-0-0\" class=\"so-panel widget widget_sow-image panel-first-child panel-last-child\" data-index=\"0\" ><div class=\"is-featured-img panel-widget-style panel-widget-style-for-20207-0-0-0\" ><div\n\t\t\t\n\t\t\tclass=\"so-widget-sow-image so-widget-sow-image-default-c4f6304fc136-20207\"\n\t\t\t\n\t\t>\n\n<div class=\"sow-image-container\">\n\t\t<img loading=\"lazy\" decoding=\"async\" src=\"https:\/\/www.oasdi.ca\/wp-content\/uploads\/2020\/03\/college-in-ontario.jpg\" width=\"1440\" height=\"268\" srcset=\"https:\/\/www.oasdi.ca\/wp-content\/uploads\/2020\/03\/college-in-ontario.jpg 1440w, https:\/\/www.oasdi.ca\/wp-content\/uploads\/2020\/03\/college-in-ontario-250x47.jpg 250w, https:\/\/www.oasdi.ca\/wp-content\/uploads\/2020\/03\/college-in-ontario-700x130.jpg 700w, https:\/\/www.oasdi.ca\/wp-content\/uploads\/2020\/03\/college-in-ontario-768x143.jpg 768w, https:\/\/www.oasdi.ca\/wp-content\/uploads\/2020\/03\/college-in-ontario-120x22.jpg 120w\" sizes=\"(max-width: 1440px) 100vw, 1440px\" alt=\"College in Ontario\" \t\tclass=\"so-widget-image\"\/>\n\t<\/div>\n\n<\/div><\/div><\/div><\/div><\/div><div id=\"pg-20207-1\"  class=\"panel-grid panel-has-style\" ><div class=\"has-container panel-row-style panel-row-style-for-20207-1\" ><div id=\"pgc-20207-1-0\"  class=\"panel-grid-cell\" ><div id=\"panel-20207-1-0-0\" class=\"so-panel widget widget_hem-seo-title-widget panel-first-child panel-last-child\" data-index=\"1\" ><div class=\"panel-widget-style panel-widget-style-for-20207-1-0-0\" ><div\n\t\t\t\n\t\t\tclass=\"so-widget-hem-seo-title-widget so-widget-hem-seo-title-widget-hem-seo-title-widget-style-d75171398898-20207\"\n\t\t\t\n\t\t>\n<h1 style=\"font-size:px;\">Informaci\u00f3n para estudiantes internacionales acerca de la escuela vocacional o t\u00e9cnica en Ontario<\/h1>\n\n\n\n\t<!-- <div class=\"breadcrumb-trail\"><a href=\"index.php\">Home<\/a> \u00bb <span class=\"breadcrumb-current\">About<\/span><\/div> -->\n\t<div class=\"test1\"><span><span><a href=\"https:\/\/www.oasdi.ca\/es\/\">Inicio<\/a><\/span><\/span><\/div>\n<\/div><\/div><\/div><\/div><\/div><\/div><div id=\"pg-20207-2\"  class=\"panel-grid panel-has-style\" ><div class=\"has-container panel-row-style panel-row-style-for-20207-2\" ><div id=\"pgc-20207-2-0\"  class=\"panel-grid-cell\" ><div id=\"panel-20207-2-0-0\" class=\"so-panel widget widget_hem-sidebar-menu-widget panel-first-child\" data-index=\"2\" ><div\n\t\t\t\n\t\t\tclass=\"so-widget-hem-sidebar-menu-widget so-widget-hem-sidebar-menu-widget-hem-sidebar-menu-widget-style-d75171398898-20207\"\n\t\t\t\n\t\t><div id=\"sidebar\">\n\t\t\t<ul id=\"side-menu\" class=\"side-menu menu-embedded\">\n\t\t\t\n\t\t\t\t\t\t\t\t\n\t\t\t\t\t\t\t\t\t\t\t<li><a href=\"https:\/\/www.oasdi.ca\/es\/programa-de-acceso-a-educacion-superior\/escuela-universitaria-en-ontario\/proceso-de-inscripcion\/\">Requisitos y proceso de aplicaci\u00f3n para la escuela vocacional o t\u00e9cnica en Ontario<\/a><\/li>\n\t\t\t\t\t\t\t\t\t\t\n\n\t\t\t\t<!-- Extra menu -->\n\t\t\t\t\n\n\n\t\t\t\t\t<\/ul>\n\t\n\n<\/div><\/div><\/div><div id=\"panel-20207-2-0-1\" class=\"so-panel widget widget_hem-sidebar-link-widget panel-last-child\" data-index=\"3\" ><div\n\t\t\t\n\t\t\tclass=\"so-widget-hem-sidebar-link-widget so-widget-hem-sidebar-link-widget-hem-sidebar-link-widget-style-d75171398898-20207\"\n\t\t\t\n\t\t><div id=\"sidebar\" class=\"external-link-only\">\n\n\n\n\t\t\t\t<!-- Extra menu -->\n\t\t\t\t\t\t\t\t\t<ul id=\"side-menu\" class=\"side-menu menu-embedded\">\n\t\t\t\t\t\t\t\t\t\t\t\t\t\t\t\t\t\t\t\t\t<li><a  href=\"https:\/\/www.oasdi.ca\/map-search\/\">Map Overview<\/a><\/li>\n\t\t\t\t\t\t\t\t\t\t\t\t\t\t\n\t\t\t\t\t\t\t\t\t\t\t\t\t\t\t\t\t\t\t\t\t<li><a  href=\"https:\/\/www.oasdi.ca\/district-list\/\">District List<\/a><\/li>\n\t\t\t\t\t\t\t\t\t\t\t\t\t\t\n\t\t\t\t\t\t\t\n\t\t\t\t\t<\/ul>\n\t\t\t\t\n\t\t\t\t\n\n\n\n\n<\/div><\/div><\/div><\/div><div id=\"pgc-20207-2-1\"  class=\"panel-grid-cell\" ><div class=\"pl-sm-3 pl-md-5 panel-cell-style panel-cell-style-for-20207-2-1\" ><div id=\"panel-20207-2-1-0\" class=\"so-panel widget widget_hem-seo-title-widget panel-first-child\" data-index=\"4\" ><div class=\"panel-widget-style panel-widget-style-for-20207-2-1-0\" ><div\n\t\t\t\n\t\t\tclass=\"so-widget-hem-seo-title-widget so-widget-hem-seo-title-widget-hem-seo-title-widget-style-d75171398898-20207\"\n\t\t\t\n\t\t>\n<h2 style=\"font-size:px;\">Generalidades <\/h2>\n\n\n\n<\/div><\/div><\/div><div id=\"panel-20207-2-1-1\" class=\"so-panel widget widget_sow-editor\" data-index=\"5\" ><div\n\t\t\t\n\t\t\tclass=\"so-widget-sow-editor so-widget-sow-editor-base\"\n\t\t\t\n\t\t>\n<div class=\"siteorigin-widget-tinymce textwidget\">\n\t<p>Es confuso pero la palabra \u201cescuela vocacional o t\u00e9cnica\u201d en Canad\u00e1 significa algo diferente que en muchos otros pa\u00edses de habla inglesa. En Canad\u00e1, una escuela vocacional o t\u00e9cnica tiende a ofrecer un tipo diferente de educaci\u00f3n comparada a una universidad.<\/p>\n<p>Los programas de las escuelas vocacionales o t\u00e9cnicas tienen un enfoque dirigido hacia las habilidades t\u00e9cnicas y preparan a los estudiantes para oportunidades espec\u00edficas de carreras y empleo. Los programas var\u00edan desde las calificaciones para obtener un t\u00edtulo en una profesi\u00f3n hasta carreras t\u00e9cnicas, con programas que pueden tomar meses hasta otros programas que toman varios a\u00f1os completar.\u00a0 En resumen, hay una cantidad incre\u00edble de programas en las escuelas vocacionales o t\u00e9cnicas.<\/p>\n<\/div>\n<\/div><\/div><div id=\"panel-20207-2-1-2\" class=\"so-panel widget widget_hem-seperator-widget\" data-index=\"6\" ><div\n\t\t\t\n\t\t\tclass=\"so-widget-hem-seperator-widget so-widget-hem-seperator-widget-hem-seperator-widget-style-d75171398898-20207\"\n\t\t\t\n\t\t>\n<div class=\"widget-seperator\" style=\"margin-top:0px;margin-bottom:20px;border-bottom:1px solid;width:100%;opacity:0.4\"><\/div><\/div><\/div><div id=\"panel-20207-2-1-3\" class=\"so-panel widget widget_sow-editor\" data-index=\"7\" ><div\n\t\t\t\n\t\t\tclass=\"so-widget-sow-editor so-widget-sow-editor-base\"\n\t\t\t\n\t\t>\n<div class=\"siteorigin-widget-tinymce textwidget\">\n\t<p><a class=\"btn btn-primary btn-lg font-weight-normal\" href=\"http:\/\/www.ontariocolleges.ca\/FindProgram\">Encuentre un programa de escuela vocacional o t\u00e9cnica<\/a><\/p>\n<p>Ontario tiene 26 escuelas vocacionales o t\u00e9cnicas financiadas con fondos p\u00fablicos que ofrecen un rango amplio de programas en todos los campos de estudio:<\/p>\n<ul>\n<li>Certificados<\/li>\n<li>Diplomas<\/li>\n<li>T\u00edtulos<\/li>\n<li>T\u00edtulos conjuntos (con las universidades)<\/li>\n<li>Co-op (educaci\u00f3n cooperativa)<\/li>\n<li>Programas para aprendices<\/li>\n<\/ul>\n<p><em>\u201cCon casi 850 sitios de aprendizaje en 200 comunidades que ofrecen m\u00e1s de 4500 programas en toda la provincia, los programas de las escuelas vocacionales o t\u00e9cnicas de Ontario ofrecen una diversidad sin igual en Canad\u00e1. En la medida que han evolucionado las demandas del lugar de trabajo, lo mismo ha ocurrido con los tipos de credenciales que ofrecen las escuelas vocacionales o t\u00e9cnicas. La mayor\u00eda de las escuelas vocacionales o t\u00e9cnicas actualmente ofrecen una variedad de tipos de programas para adaptarse a las necesidades de los estudiantes y de los empleadores.\u201d\u00a0<\/em>\u00a0(<a href=\"http:\/\/www.ontariocolleges.ca\/apply\/program-types\" target=\"_blank\" rel=\"noopener\">www.ontariocolleges.ca\/apply\/program-types<\/a>)<\/p>\n<\/div>\n<\/div><\/div><div id=\"panel-20207-2-1-4\" class=\"so-panel widget widget_hem-seperator-widget\" data-index=\"8\" ><div\n\t\t\t\n\t\t\tclass=\"so-widget-hem-seperator-widget so-widget-hem-seperator-widget-hem-seperator-widget-style-d75171398898-20207\"\n\t\t\t\n\t\t>\n<div class=\"widget-seperator\" style=\"margin-top:0px;margin-bottom:0px;border-bottom:1px solid;width:100%;opacity:0.4\"><\/div><\/div><\/div><div id=\"panel-20207-2-1-5\" class=\"so-panel widget widget_hem-seo-title-widget\" data-index=\"9\" ><div class=\"panel-widget-style panel-widget-style-for-20207-2-1-5\" ><div\n\t\t\t\n\t\t\tclass=\"so-widget-hem-seo-title-widget so-widget-hem-seo-title-widget-hem-seo-title-widget-style-d75171398898-20207\"\n\t\t\t\n\t\t>\n<h2 style=\"font-size:px;\">Nuevos reglamentos para la obtenci\u00f3n de permisos de estudio<\/h2>\n\n\n\n<\/div><\/div><\/div><div id=\"panel-20207-2-1-6\" class=\"so-panel widget widget_sow-editor\" data-index=\"10\" ><div\n\t\t\t\n\t\t\tclass=\"so-widget-sow-editor so-widget-sow-editor-base\"\n\t\t\t\n\t\t>\n<div class=\"siteorigin-widget-tinymce textwidget\">\n\t<p>El 1 de junio de 2014 entraron en efecto nuevas reglas que facilitan a los poseedores de permisos de estudio trabajar fuera del campus. Los estudiantes de tiempo completo que sigan un programa acad\u00e9mico, profesional o de capacitaci\u00f3n vocacional en una instituci\u00f3n de aprendizaje:<\/p>\n<ul>\n<li>Ser\u00e1n elegibles para trabajar fuera del campus sin un permiso de trabajo;<\/li>\n<li>podr\u00e1n trabajar fuera del campus hasta 20 horas por semana durante un per\u00edodo acad\u00e9mico regular y tiempo completo durante los per\u00edodos de descanso programados regularmente;<\/li>\n<li>podr\u00e1n trabajar fuera del campus inmediatamente, en vez de esperar seis meses.<\/li>\n<\/ul>\n<p><em>Para obtener m\u00e1s informaci\u00f3n:\u00a0<a href=\"http:\/\/www.cic.gc.ca\/english\/study\/study-changes.asp\" target=\"_blank\" rel=\"noopener\">www.cic.gc.ca\/english\/study\/study-changes.asp<\/a><\/em><\/p>\n<\/div>\n<\/div><\/div><div id=\"panel-20207-2-1-7\" class=\"so-panel widget widget_hem-seperator-widget\" data-index=\"11\" ><div\n\t\t\t\n\t\t\tclass=\"so-widget-hem-seperator-widget so-widget-hem-seperator-widget-hem-seperator-widget-style-d75171398898-20207\"\n\t\t\t\n\t\t>\n<div class=\"widget-seperator\" style=\"margin-top:0px;margin-bottom:20px;border-bottom:1px solid;width:100%;opacity:0.4\"><\/div><\/div><\/div><div id=\"panel-20207-2-1-8\" class=\"so-panel widget widget_sow-editor panel-last-child\" data-index=\"12\" ><div\n\t\t\t\n\t\t\tclass=\"so-widget-sow-editor so-widget-sow-editor-base\"\n\t\t\t\n\t\t>\n<div class=\"siteorigin-widget-tinymce textwidget\">\n\t<p><a class=\"btn btn-primary btn-lg font-weight-normal\" href=\"http:\/\/www.cic.gc.ca\/english\/study\/work.asp\">Obtenga un permiso de trabajo para estudiante<\/a><\/p>\n<h4><strong>\u00bfDesea m\u00e1s informaci\u00f3n acerca de las escuelas vocacionales o t\u00e9cnicas en Ontario?<\/strong><\/h4>\n<ul>\n<li><em><a href=\"http:\/\/www.ontario.ca\/page\/go-college-or-university-ontario\" target=\"_blank\" rel=\"noopener\">Asista a una Escuela vocacional o t\u00e9cnica o a una universidad<\/a><\/em><\/li>\n<li><em><a href=\"http:\/\/www.ontarioimmigration.ca\/en\/study\/OI_HOW_STUDY_COLLEGEUNI.html\" target=\"_blank\" rel=\"noopener\">Estudios en Ontario: Escuelas vocacionales o t\u00e9cnicas y universidades<\/a><\/em><\/li>\n<li><em><a href=\"http:\/\/www.settlement.org\/ontario\/education\/colleges-universities-and-institutes\" target=\"_blank\" rel=\"noopener\">Escuelas vocacionales o t\u00e9cnicas, universidades e institutos<\/a><\/em><\/li>\n<li><em><a href=\"http:\/\/www.educanada.ca\/study-etudes\/index.aspx?lang=eng\" target=\"_blank\" rel=\"noopener\">Estudie en Canad\u00e1<\/a><\/em><\/li>\n<li><em><a href=\"http:\/\/www.ontarioimmigration.ca\/en\/study\/OI_HOW_STUDY_INTL_GO.html\" target=\"_blank\" rel=\"noopener\">Acomodamiento<\/a><\/em><\/li>\n<li><em><a href=\"http:\/\/www.settlement.org\/ontario\/education\/colleges-universities-and-institutes\/what-is-post-secondary-education\/what-is-the-difference-between-college-and-university-in-canada\" target=\"_blank\" rel=\"noopener\">Diferencia entre la Universidad y la Escuela vocacional o t\u00e9cnica en Canad\u00e1<\/a><\/em><\/li>\n<li><em><a href=\"http:\/\/www.ontransfer.ca\/index_en.php?page=the_ontario_postsecondary_transfer_guide\" target=\"_blank\" rel=\"noopener\">Informaci\u00f3n acerca de la transferencia de cr\u00e9ditos de una instituci\u00f3n postsecundaria a otra<\/a>\u00a0(p. ej.: de una escuela vocacional o t\u00e9cnica a una universidad)<\/em><\/li>\n<\/ul>\n<\/div>\n<\/div><\/div><\/div><\/div><\/div><\/div><\/div>","protected":false},"excerpt":{"rendered":"Informaci\u00f3n para estudiantes internacionales acerca de la escuela vocacional o t\u00e9cnica en Ontario Inicio Requisitos y proceso de aplicaci\u00f3n para la escuela vocacional o t\u00e9cnica en Ontario Map Overview District List Generalidades Es confuso pero la palabra \u201cescuela vocacional o t\u00e9cnica\u201d en Canad\u00e1 significa algo diferente que en muchos otros pa\u00edses de habla inglesa. En&#8230; <a class=\"view-article\" href=\"https:\/\/www.oasdi.ca\/es\/programa-de-acceso-a-educacion-superior\/escuela-universitaria-en-ontario\/\">Ver art\u00edculo<\/a>","protected":false},"author":237,"featured_media":16386,"parent":18239,"menu_order":0,"comment_status":"closed","ping_status":"closed","template":"","meta":{"footnotes":""},"class_list":["post-20207","page","type-page","status-publish","has-post-thumbnail","hentry"],"yoast_head":"<!-- This site is optimized with the Yoast SEO plugin v21.5 - https:\/\/yoast.com\/wordpress\/plugins\/seo\/ -->\n<title>Escuela vocacional o t\u00e9cnica en Ontario | OASDI<\/title>\n<meta name=\"description\" content=\"Ontario tiene una gran variedad de escuelas vocacionales o t\u00e9cnicas para ofrecer a sus estudiantes internacionales. Descubre m\u00e1s acerca de estas escuelas aqu\u00ed.\" \/>\n<meta name=\"robots\" content=\"index, follow, max-snippet:-1, max-image-preview:large, max-video-preview:-1\" \/>\n<link rel=\"canonical\" href=\"https:\/\/www.oasdi.ca\/es\/programa-de-acceso-a-educacion-superior\/escuela-universitaria-en-ontario\/\" \/>\n<meta property=\"og:locale\" content=\"es_ES\" \/>\n<meta property=\"og:type\" content=\"article\" \/>\n<meta property=\"og:title\" content=\"Escuela vocacional o t\u00e9cnica en Ontario | OASDI\" \/>\n<meta property=\"og:description\" content=\"Ontario tiene una gran variedad de escuelas vocacionales o t\u00e9cnicas para ofrecer a sus estudiantes internacionales. Descubre m\u00e1s acerca de estas escuelas aqu\u00ed.\" \/>\n<meta property=\"og:url\" content=\"https:\/\/www.oasdi.ca\/es\/programa-de-acceso-a-educacion-superior\/escuela-universitaria-en-ontario\/\" \/>\n<meta property=\"og:site_name\" content=\"OASDI\" \/>\n<meta property=\"article:modified_time\" content=\"2020-05-18T13:04:03+00:00\" \/>\n<meta property=\"og:image\" content=\"https:\/\/www.oasdi.ca\/wp-content\/uploads\/2020\/03\/college-in-ontario.jpg\" \/>\n\t<meta property=\"og:image:width\" content=\"1440\" \/>\n\t<meta property=\"og:image:height\" content=\"268\" \/>\n\t<meta property=\"og:image:type\" content=\"image\/jpeg\" \/>\n<meta name=\"twitter:card\" content=\"summary_large_image\" \/>\n<meta name=\"twitter:label1\" content=\"Tiempo de lectura\" \/>\n\t<meta name=\"twitter:data1\" content=\"3 minutos\" \/>\n<script type=\"application\/ld+json\" class=\"yoast-schema-graph\">{\"@context\":\"https:\/\/schema.org\",\"@graph\":[{\"@type\":\"WebPage\",\"@id\":\"https:\/\/www.oasdi.ca\/es\/programa-de-acceso-a-educacion-superior\/escuela-universitaria-en-ontario\/\",\"url\":\"https:\/\/www.oasdi.ca\/es\/programa-de-acceso-a-educacion-superior\/escuela-universitaria-en-ontario\/\",\"name\":\"Escuela vocacional o t\u00e9cnica en Ontario | OASDI\",\"isPartOf\":{\"@id\":\"https:\/\/www.oasdi.ca\/es\/#website\"},\"datePublished\":\"2020-03-19T23:28:11+00:00\",\"dateModified\":\"2020-05-18T13:04:03+00:00\",\"description\":\"Ontario tiene una gran variedad de escuelas vocacionales o t\u00e9cnicas para ofrecer a sus estudiantes internacionales. Descubre m\u00e1s acerca de estas escuelas aqu\u00ed.\",\"breadcrumb\":{\"@id\":\"https:\/\/www.oasdi.ca\/es\/programa-de-acceso-a-educacion-superior\/escuela-universitaria-en-ontario\/#breadcrumb\"},\"inLanguage\":\"es\",\"potentialAction\":[{\"@type\":\"ReadAction\",\"target\":[\"https:\/\/www.oasdi.ca\/es\/programa-de-acceso-a-educacion-superior\/escuela-universitaria-en-ontario\/\"]}]},{\"@type\":\"BreadcrumbList\",\"@id\":\"https:\/\/www.oasdi.ca\/es\/programa-de-acceso-a-educacion-superior\/escuela-universitaria-en-ontario\/#breadcrumb\",\"itemListElement\":[{\"@type\":\"ListItem\",\"position\":1,\"name\":\"Inicio\",\"item\":\"https:\/\/www.oasdi.ca\/es\/\"},{\"@type\":\"ListItem\",\"position\":2,\"name\":\"Trayectorias educativas para estudiantes internacionales en Ontario\",\"item\":\"https:\/\/www.oasdi.ca\/es\/programa-de-acceso-a-educacion-superior\/\"},{\"@type\":\"ListItem\",\"position\":3,\"name\":\"Informaci\u00f3n para estudiantes internacionales acerca de la escuela vocacional o t\u00e9cnica en Ontario\"}]},{\"@type\":\"WebSite\",\"@id\":\"https:\/\/www.oasdi.ca\/es\/#website\",\"url\":\"https:\/\/www.oasdi.ca\/es\/\",\"name\":\"OASDI\",\"description\":\"Ontario Association of School District International\",\"publisher\":{\"@id\":\"https:\/\/www.oasdi.ca\/es\/#organization\"},\"potentialAction\":[{\"@type\":\"SearchAction\",\"target\":{\"@type\":\"EntryPoint\",\"urlTemplate\":\"https:\/\/www.oasdi.ca\/es\/?s={search_term_string}\"},\"query-input\":\"required name=search_term_string\"}],\"inLanguage\":\"es\"},{\"@type\":\"Organization\",\"@id\":\"https:\/\/www.oasdi.ca\/es\/#organization\",\"name\":\"OASDI\",\"url\":\"https:\/\/www.oasdi.ca\/es\/\",\"logo\":{\"@type\":\"ImageObject\",\"inLanguage\":\"es\",\"@id\":\"https:\/\/www.oasdi.ca\/es\/#\/schema\/logo\/image\/\",\"url\":\"https:\/\/www.oasdi.ca\/wp-content\/uploads\/2020\/02\/cropped-oasdi-logo.png\",\"contentUrl\":\"https:\/\/www.oasdi.ca\/wp-content\/uploads\/2020\/02\/cropped-oasdi-logo.png\",\"width\":468,\"height\":96,\"caption\":\"OASDI\"},\"image\":{\"@id\":\"https:\/\/www.oasdi.ca\/es\/#\/schema\/logo\/image\/\"}}]}<\/script>\n<!-- \/ Yoast SEO plugin. -->","yoast_head_json":{"title":"Escuela vocacional o t\u00e9cnica en Ontario | OASDI","description":"Ontario tiene una gran variedad de escuelas vocacionales o t\u00e9cnicas para ofrecer a sus estudiantes internacionales. Descubre m\u00e1s acerca de estas escuelas aqu\u00ed.","robots":{"index":"index","follow":"follow","max-snippet":"max-snippet:-1","max-image-preview":"max-image-preview:large","max-video-preview":"max-video-preview:-1"},"canonical":"https:\/\/www.oasdi.ca\/es\/programa-de-acceso-a-educacion-superior\/escuela-universitaria-en-ontario\/","og_locale":"es_ES","og_type":"article","og_title":"Escuela vocacional o t\u00e9cnica en Ontario | OASDI","og_description":"Ontario tiene una gran variedad de escuelas vocacionales o t\u00e9cnicas para ofrecer a sus estudiantes internacionales. Descubre m\u00e1s acerca de estas escuelas aqu\u00ed.","og_url":"https:\/\/www.oasdi.ca\/es\/programa-de-acceso-a-educacion-superior\/escuela-universitaria-en-ontario\/","og_site_name":"OASDI","article_modified_time":"2020-05-18T13:04:03+00:00","og_image":[{"width":1440,"height":268,"url":"https:\/\/www.oasdi.ca\/wp-content\/uploads\/2020\/03\/college-in-ontario.jpg","type":"image\/jpeg"}],"twitter_card":"summary_large_image","twitter_misc":{"Tiempo de lectura":"3 minutos"},"schema":{"@context":"https:\/\/schema.org","@graph":[{"@type":"WebPage","@id":"https:\/\/www.oasdi.ca\/es\/programa-de-acceso-a-educacion-superior\/escuela-universitaria-en-ontario\/","url":"https:\/\/www.oasdi.ca\/es\/programa-de-acceso-a-educacion-superior\/escuela-universitaria-en-ontario\/","name":"Escuela vocacional o t\u00e9cnica en Ontario | OASDI","isPartOf":{"@id":"https:\/\/www.oasdi.ca\/es\/#website"},"datePublished":"2020-03-19T23:28:11+00:00","dateModified":"2020-05-18T13:04:03+00:00","description":"Ontario tiene una gran variedad de escuelas vocacionales o t\u00e9cnicas para ofrecer a sus estudiantes internacionales. Descubre m\u00e1s acerca de estas escuelas aqu\u00ed.","breadcrumb":{"@id":"https:\/\/www.oasdi.ca\/es\/programa-de-acceso-a-educacion-superior\/escuela-universitaria-en-ontario\/#breadcrumb"},"inLanguage":"es","potentialAction":[{"@type":"ReadAction","target":["https:\/\/www.oasdi.ca\/es\/programa-de-acceso-a-educacion-superior\/escuela-universitaria-en-ontario\/"]}]},{"@type":"BreadcrumbList","@id":"https:\/\/www.oasdi.ca\/es\/programa-de-acceso-a-educacion-superior\/escuela-universitaria-en-ontario\/#breadcrumb","itemListElement":[{"@type":"ListItem","position":1,"name":"Inicio","item":"https:\/\/www.oasdi.ca\/es\/"},{"@type":"ListItem","position":2,"name":"Trayectorias educativas para estudiantes internacionales en Ontario","item":"https:\/\/www.oasdi.ca\/es\/programa-de-acceso-a-educacion-superior\/"},{"@type":"ListItem","position":3,"name":"Informaci\u00f3n para estudiantes internacionales acerca de la escuela vocacional o t\u00e9cnica en Ontario"}]},{"@type":"WebSite","@id":"https:\/\/www.oasdi.ca\/es\/#website","url":"https:\/\/www.oasdi.ca\/es\/","name":"OASDI","description":"Ontario Association of School District International","publisher":{"@id":"https:\/\/www.oasdi.ca\/es\/#organization"},"potentialAction":[{"@type":"SearchAction","target":{"@type":"EntryPoint","urlTemplate":"https:\/\/www.oasdi.ca\/es\/?s={search_term_string}"},"query-input":"required name=search_term_string"}],"inLanguage":"es"},{"@type":"Organization","@id":"https:\/\/www.oasdi.ca\/es\/#organization","name":"OASDI","url":"https:\/\/www.oasdi.ca\/es\/","logo":{"@type":"ImageObject","inLanguage":"es","@id":"https:\/\/www.oasdi.ca\/es\/#\/schema\/logo\/image\/","url":"https:\/\/www.oasdi.ca\/wp-content\/uploads\/2020\/02\/cropped-oasdi-logo.png","contentUrl":"https:\/\/www.oasdi.ca\/wp-content\/uploads\/2020\/02\/cropped-oasdi-logo.png","width":468,"height":96,"caption":"OASDI"},"image":{"@id":"https:\/\/www.oasdi.ca\/es\/#\/schema\/logo\/image\/"}}]}},"_links":{"self":[{"href":"https:\/\/www.oasdi.ca\/es\/wp-json\/wp\/v2\/pages\/20207"}],"collection":[{"href":"https:\/\/www.oasdi.ca\/es\/wp-json\/wp\/v2\/pages"}],"about":[{"href":"https:\/\/www.oasdi.ca\/es\/wp-json\/wp\/v2\/types\/page"}],"author":[{"embeddable":true,"href":"https:\/\/www.oasdi.ca\/es\/wp-json\/wp\/v2\/users\/237"}],"replies":[{"embeddable":true,"href":"https:\/\/www.oasdi.ca\/es\/wp-json\/wp\/v2\/comments?post=20207"}],"version-history":[{"count":0,"href":"https:\/\/www.oasdi.ca\/es\/wp-json\/wp\/v2\/pages\/20207\/revisions"}],"up":[{"embeddable":true,"href":"https:\/\/www.oasdi.ca\/es\/wp-json\/wp\/v2\/pages\/18239"}],"wp:featuredmedia":[{"embeddable":true,"href":"https:\/\/www.oasdi.ca\/es\/wp-json\/wp\/v2\/media\/16386"}],"wp:attachment":[{"href":"https:\/\/www.oasdi.ca\/es\/wp-json\/wp\/v2\/media?parent=20207"}],"curies":[{"name":"wp","href":"https:\/\/api.w.org\/{rel}","templated":true}]}}