{"id":19925,"date":"2020-03-21T23:35:17","date_gmt":"2020-03-21T23:35:17","guid":{"rendered":"http:\/\/oasdi.ca\/educacion-internacional\/faq\/"},"modified":"2020-04-30T18:21:46","modified_gmt":"2020-04-30T18:21:46","slug":"preguntas-frecuentes","status":"publish","type":"page","link":"https:\/\/www.oasdi.ca\/es\/educacion-internacional\/preguntas-frecuentes\/","title":{"rendered":"Preguntas frecuentes acerca de la educaci\u00f3n internacional en Ontario"},"content":{"rendered":"<div id=\"pl-19925\"  class=\"panel-layout\" ><div id=\"pg-19925-0\"  class=\"panel-grid panel-no-style\" ><div id=\"pgc-19925-0-0\"  class=\"panel-grid-cell\" ><div id=\"panel-19925-0-0-0\" class=\"so-panel widget widget_sow-image panel-first-child panel-last-child\" data-index=\"0\" ><div class=\"is-featured-img panel-widget-style panel-widget-style-for-19925-0-0-0\" ><div\n\t\t\t\n\t\t\tclass=\"so-widget-sow-image so-widget-sow-image-default-c4f6304fc136-19925\"\n\t\t\t\n\t\t>\n\n<div class=\"sow-image-container\">\n\t\t<img loading=\"lazy\" decoding=\"async\" src=\"https:\/\/www.oasdi.ca\/wp-content\/uploads\/2020\/03\/oasdi-faq-1.jpg\" width=\"1440\" height=\"268\" srcset=\"https:\/\/www.oasdi.ca\/wp-content\/uploads\/2020\/03\/oasdi-faq-1.jpg 1440w, https:\/\/www.oasdi.ca\/wp-content\/uploads\/2020\/03\/oasdi-faq-1-250x47.jpg 250w, https:\/\/www.oasdi.ca\/wp-content\/uploads\/2020\/03\/oasdi-faq-1-700x130.jpg 700w, https:\/\/www.oasdi.ca\/wp-content\/uploads\/2020\/03\/oasdi-faq-1-768x143.jpg 768w, https:\/\/www.oasdi.ca\/wp-content\/uploads\/2020\/03\/oasdi-faq-1-500x93.jpg 500w, https:\/\/www.oasdi.ca\/wp-content\/uploads\/2020\/03\/oasdi-faq-1-120x22.jpg 120w\" sizes=\"(max-width: 1440px) 100vw, 1440px\" title=\"oasdi-faq\" alt=\"OASDI FAQ\" \t\tclass=\"so-widget-image\"\/>\n\t<\/div>\n\n<\/div><\/div><\/div><\/div><\/div><div id=\"pg-19925-1\"  class=\"panel-grid panel-has-style\" ><div class=\"has-container panel-row-style panel-row-style-for-19925-1\" ><div id=\"pgc-19925-1-0\"  class=\"panel-grid-cell\" ><div id=\"panel-19925-1-0-0\" class=\"so-panel widget widget_hem-seo-title-widget panel-first-child panel-last-child\" data-index=\"1\" ><div class=\"panel-widget-style panel-widget-style-for-19925-1-0-0\" ><div\n\t\t\t\n\t\t\tclass=\"so-widget-hem-seo-title-widget so-widget-hem-seo-title-widget-hem-seo-title-widget-style-d75171398898-19925\"\n\t\t\t\n\t\t>\n<h1 style=\"font-size:px;\">Preguntas frecuentes acerca de la educaci\u00f3n internacional en Ontario<\/h1>\n\n\n\n\t<!-- <div class=\"breadcrumb-trail\"><a href=\"index.php\">Home<\/a> \u00bb <span class=\"breadcrumb-current\">About<\/span><\/div> -->\n\t<div class=\"test1\"><span><span><a href=\"https:\/\/www.oasdi.ca\/es\/\">Inicio<\/a><\/span><\/span><\/div>\n<\/div><\/div><\/div><\/div><\/div><\/div><div id=\"pg-19925-2\"  class=\"panel-grid panel-has-style\" ><div class=\"has-container panel-row-style panel-row-style-for-19925-2\" ><div id=\"pgc-19925-2-0\"  class=\"panel-grid-cell\" ><div id=\"panel-19925-2-0-0\" class=\"so-panel widget widget_hem-sidebar-menu-widget panel-first-child\" data-index=\"2\" ><div\n\t\t\t\n\t\t\tclass=\"so-widget-hem-sidebar-menu-widget so-widget-hem-sidebar-menu-widget-hem-sidebar-menu-widget-style-d75171398898-19925\"\n\t\t\t\n\t\t><div id=\"sidebar\">\n\t\t\t<ul id=\"side-menu\" class=\"side-menu menu-embedded\">\n\t\t\t\n\t\t\t\t\t\t\t\t\n\t\t\t\t\t\t\t\t\t\t\t<li><a href=\"https:\/\/www.oasdi.ca\/es\/educacion-internacional\/preguntas-frecuentes\/aplicacion-para-escuelas-en-ontario\/\">How to Apply to Ontario Schools as an International Student<\/a><\/li>\n\t\t\t\t\t\t\t\t\t\t\t\t\t\n\t\t\t\t\t\t\t\t\t\t\t<li><a href=\"https:\/\/www.oasdi.ca\/es\/educacion-internacional\/preguntas-frecuentes\/ventajas\/\">The Advantages of Being an International Student in Ontario<\/a><\/li>\n\t\t\t\t\t\t\t\t\t\t\t\t\t\n\t\t\t\t\t\t\t\t\t\t\t<li><a href=\"https:\/\/www.oasdi.ca\/es\/educacion-internacional\/preguntas-frecuentes\/servicio-de-apoyo\/\">Student Support Services<\/a><\/li>\n\t\t\t\t\t\t\t\t\t\t\t\t\t\n\t\t\t\t\t\t\t\t\t\t\t<li><a href=\"https:\/\/www.oasdi.ca\/es\/educacion-internacional\/preguntas-frecuentes\/programas-disponibles\/\">Programs for International Students in Ontario<\/a><\/li>\n\t\t\t\t\t\t\t\t\t\t\t\t\t\n\t\t\t\t\t\t\t\t\t\t\t<li><a href=\"https:\/\/www.oasdi.ca\/es\/educacion-internacional\/preguntas-frecuentes\/dia-de-clase\/\">The Average School Day in Ontario<\/a><\/li>\n\t\t\t\t\t\t\t\t\t\t\t\t\t\n\t\t\t\t\t\t\t\t\t\t\t<li><a href=\"https:\/\/www.oasdi.ca\/es\/educacion-internacional\/preguntas-frecuentes\/cultura-escolar-canadiense\/\">Canadian School Culture in Ontario<\/a><\/li>\n\t\t\t\t\t\t\t\t\t\t\t\t\t\n\t\t\t\t\t\t\t\t\t\t\t<li><a href=\"https:\/\/www.oasdi.ca\/es\/educacion-internacional\/preguntas-frecuentes\/requisitos-linguisticos\/\">Language Requirements for International Students in Ontario<\/a><\/li>\n\t\t\t\t\t\t\t\t\t\t\t\t\t\n\t\t\t\t\t\t\t\t\t\t\t<li><a href=\"https:\/\/www.oasdi.ca\/es\/educacion-internacional\/preguntas-frecuentes\/programa-de-orientacion\/\">Orientation Programs<\/a><\/li>\n\t\t\t\t\t\t\t\t\t\t\n\n\t\t\t\t<!-- Extra menu -->\n\t\t\t\t\n\n\n\t\t\t\t\t<\/ul>\n\t\n\n<\/div><\/div><\/div><div id=\"panel-19925-2-0-1\" class=\"so-panel widget widget_hem-sidebar-link-widget panel-last-child\" data-index=\"3\" ><div\n\t\t\t\n\t\t\tclass=\"so-widget-hem-sidebar-link-widget so-widget-hem-sidebar-link-widget-hem-sidebar-link-widget-style-d75171398898-19925\"\n\t\t\t\n\t\t><div id=\"sidebar\" class=\"external-link-only\">\n\n\n\n\t\t\t\t<!-- Extra menu -->\n\t\t\t\t\t\t\t\t\t<ul id=\"side-menu\" class=\"side-menu menu-embedded\">\n\t\t\t\t\t\t\t\t\t\t\t\t\t\t\t\t\t\t\t\t\t<li><a  href=\"https:\/\/www.oasdi.ca\/map-search\/\">Map Overview<\/a><\/li>\n\t\t\t\t\t\t\t\t\t\t\t\t\t\t\n\t\t\t\t\t\t\t\t\t\t\t\t\t\t\t\t\t\t\t\t\t<li><a  href=\"https:\/\/www.oasdi.ca\/district-list\/\">District List<\/a><\/li>\n\t\t\t\t\t\t\t\t\t\t\t\t\t\t\n\t\t\t\t\t\t\t\n\t\t\t\t\t<\/ul>\n\t\t\t\t\n\t\t\t\t\n\n\n\n\n<\/div><\/div><\/div><\/div><div id=\"pgc-19925-2-1\"  class=\"panel-grid-cell\" ><div class=\"pl-sm-3 pl-md-5 panel-cell-style panel-cell-style-for-19925-2-1\" ><div id=\"panel-19925-2-1-0\" class=\"so-panel widget widget_sow-editor panel-first-child panel-last-child\" data-index=\"4\" ><div\n\t\t\t\n\t\t\tclass=\"so-widget-sow-editor so-widget-sow-editor-base\"\n\t\t\t\n\t\t>\n<div class=\"siteorigin-widget-tinymce textwidget\">\n\t<h3>What orientation programs exist for international students?<\/h3>\n<p>Each OASDI School District develops its own orientation programs for incoming international students. Contact the indivi...<br \/>\n<a class=\"mt-3 mb-3 btn btn-outline-primary\" href=\"\/es\/educacion-internacional\/preguntas-frecuentes\/programa-de-orientacion\/\">Learn more<\/a><\/p>\n<div style=\"height: 1px; background: #000; opacity: 0.2; width: 100%; margin: 20px 0 40px 0;\"><\/div>\n<h3>What language requirements must be met by international students?<\/h3>\n<p><a class=\"mt-3 mb-3 btn btn-outline-primary\" href=\"\/es\/educacion-internacional\/preguntas-frecuentes\/requisitos-linguisticos\/\">Learn more about English Language Learning here.<\/a><\/p>\n<div style=\"height: 1px; background: #000; opacity: 0.2; width: 100%; margin: 20px 0 40px 0;\"><\/div>\n<h3>What is Canadian school culture like?<\/h3>\n<p><a class=\"mt-3 mb-3 btn btn-outline-primary\" href=\"\/es\/educacion-internacional\/preguntas-frecuentes\/cultura-escolar-canadiense\/\">Read our School Orientation Guide.<\/a><\/p>\n<div style=\"height: 1px; background: #000; opacity: 0.2; width: 100%; margin: 20px 0 40px 0;\"><\/div>\n<h3>What does a school day look like in an Ontario school?<\/h3>\n<p><a class=\"mt-3 mb-3 btn btn-outline-primary\" href=\"\/es\/educacion-internacional\/preguntas-frecuentes\/dia-de-clase\/\">Read our School Orientation Guide.<\/a><\/p>\n<div style=\"height: 1px; background: #000; opacity: 0.2; width: 100%; margin: 20px 0 40px 0;\"><\/div>\n<h3>What kinds of programs are available to international students in Ontario schools?<\/h3>\n<p><a class=\"mt-3 mb-3 btn btn-outline-primary\" href=\"\/es\/educacion-internacional\/preguntas-frecuentes\/programas-disponibles\/\">Read about our Programs here.<\/a><\/p>\n<div style=\"height: 1px; background: #000; opacity: 0.2; width: 100%; margin: 20px 0 40px 0;\"><\/div>\n<h3>What student support services are available to international students?<\/h3>\n<p><a class=\"mt-3 mb-3 btn btn-outline-primary\" href=\"\/es\/educacion-internacional\/preguntas-frecuentes\/servicio-de-apoyo\/\">Learn more about our Student Support Services.<\/a><\/p>\n<div style=\"height: 1px; background: #000; opacity: 0.2; width: 100%; margin: 20px 0 40px 0;\"><\/div>\n<h3>How does an international student apply to attend an Ontario school?<\/h3>\n<p>Each OASDI school district follows a similar process, but it is very important to consult the individual school district...<br \/>\n<a class=\"mt-3 mb-3 btn btn-outline-primary\" href=\"\/es\/educacion-internacional\/preguntas-frecuentes\/aplicacion-para-escuelas-en-ontario\/\">Learn more<\/a><\/p>\n<div style=\"height: 1px; background: #000; opacity: 0.2; width: 100%; margin: 20px 0 40px 0;\"><\/div>\n<h3>What are the advantages of being an international student in Ontario?<\/h3>\n<p><a class=\"mt-3 mb-3 btn btn-outline-primary\" href=\"\/es\/educacion-internacional\/preguntas-frecuentes\/ventajas\/\">To learn about our advantages visit Why Study in Ontario.<\/a><\/p>\n<\/div>\n<\/div><\/div><\/div><\/div><\/div><\/div><\/div>","protected":false},"excerpt":{"rendered":"Preguntas frecuentes acerca de la educaci\u00f3n internacional en Ontario Inicio How to Apply to Ontario Schools as an International Student The Advantages of Being an International Student in Ontario Student Support Services Programs for International Students in Ontario The Average School Day in Ontario Canadian School Culture in Ontario Language Requirements for International Students in&#8230; <a class=\"view-article\" href=\"https:\/\/www.oasdi.ca\/es\/educacion-internacional\/preguntas-frecuentes\/\">Ver art\u00edculo<\/a>","protected":false},"author":237,"featured_media":16759,"parent":18191,"menu_order":0,"comment_status":"closed","ping_status":"closed","template":"","meta":{"footnotes":""},"class_list":["post-19925","page","type-page","status-publish","has-post-thumbnail","hentry"],"yoast_head":"<!-- This site is optimized with the Yoast SEO plugin v21.5 - https:\/\/yoast.com\/wordpress\/plugins\/seo\/ -->\n<title>Preguntas frecuentes acerca de la educaci\u00f3n internacional<\/title>\n<meta name=\"description\" content=\"Quieres obtener m\u00e1s informaci\u00f3n acerca de la educaci\u00f3n internacional en Ontario? Visita nuestra p\u00e1gina de preguntas frecuentes y encuentra m\u00e1s informaci\u00f3n.\" \/>\n<meta name=\"robots\" content=\"index, follow, max-snippet:-1, max-image-preview:large, max-video-preview:-1\" \/>\n<link rel=\"canonical\" href=\"https:\/\/www.oasdi.ca\/es\/educacion-internacional\/preguntas-frecuentes\/\" \/>\n<meta property=\"og:locale\" content=\"es_ES\" \/>\n<meta property=\"og:type\" content=\"article\" \/>\n<meta property=\"og:title\" content=\"Preguntas frecuentes acerca de la educaci\u00f3n internacional\" \/>\n<meta property=\"og:description\" content=\"Quieres obtener m\u00e1s informaci\u00f3n acerca de la educaci\u00f3n internacional en Ontario? Visita nuestra p\u00e1gina de preguntas frecuentes y encuentra m\u00e1s informaci\u00f3n.\" \/>\n<meta property=\"og:url\" content=\"https:\/\/www.oasdi.ca\/es\/educacion-internacional\/preguntas-frecuentes\/\" \/>\n<meta property=\"og:site_name\" content=\"OASDI\" \/>\n<meta property=\"article:modified_time\" content=\"2020-04-30T18:21:46+00:00\" \/>\n<meta property=\"og:image\" content=\"https:\/\/www.oasdi.ca\/wp-content\/uploads\/2020\/03\/oasdi-faq-1.jpg\" \/>\n\t<meta property=\"og:image:width\" content=\"1440\" \/>\n\t<meta property=\"og:image:height\" content=\"268\" \/>\n\t<meta property=\"og:image:type\" content=\"image\/jpeg\" \/>\n<meta name=\"twitter:card\" content=\"summary_large_image\" \/>\n<meta name=\"twitter:label1\" content=\"Tiempo de lectura\" \/>\n\t<meta name=\"twitter:data1\" content=\"1 minuto\" \/>\n<script type=\"application\/ld+json\" class=\"yoast-schema-graph\">{\"@context\":\"https:\/\/schema.org\",\"@graph\":[{\"@type\":\"WebPage\",\"@id\":\"https:\/\/www.oasdi.ca\/es\/educacion-internacional\/preguntas-frecuentes\/\",\"url\":\"https:\/\/www.oasdi.ca\/es\/educacion-internacional\/preguntas-frecuentes\/\",\"name\":\"Preguntas frecuentes acerca de la educaci\u00f3n internacional\",\"isPartOf\":{\"@id\":\"https:\/\/www.oasdi.ca\/es\/#website\"},\"datePublished\":\"2020-03-21T23:35:17+00:00\",\"dateModified\":\"2020-04-30T18:21:46+00:00\",\"description\":\"Quieres obtener m\u00e1s informaci\u00f3n acerca de la educaci\u00f3n internacional en Ontario? Visita nuestra p\u00e1gina de preguntas frecuentes y encuentra m\u00e1s informaci\u00f3n.\",\"breadcrumb\":{\"@id\":\"https:\/\/www.oasdi.ca\/es\/educacion-internacional\/preguntas-frecuentes\/#breadcrumb\"},\"inLanguage\":\"es\",\"potentialAction\":[{\"@type\":\"ReadAction\",\"target\":[\"https:\/\/www.oasdi.ca\/es\/educacion-internacional\/preguntas-frecuentes\/\"]}]},{\"@type\":\"BreadcrumbList\",\"@id\":\"https:\/\/www.oasdi.ca\/es\/educacion-internacional\/preguntas-frecuentes\/#breadcrumb\",\"itemListElement\":[{\"@type\":\"ListItem\",\"position\":1,\"name\":\"Inicio\",\"item\":\"https:\/\/www.oasdi.ca\/es\/\"},{\"@type\":\"ListItem\",\"position\":2,\"name\":\"Por qu\u00e9 elegir la educaci\u00f3n internacional en Canada?\",\"item\":\"https:\/\/www.oasdi.ca\/es\/educacion-internacional\/\"},{\"@type\":\"ListItem\",\"position\":3,\"name\":\"Preguntas frecuentes acerca de la educaci\u00f3n internacional en Ontario\"}]},{\"@type\":\"WebSite\",\"@id\":\"https:\/\/www.oasdi.ca\/es\/#website\",\"url\":\"https:\/\/www.oasdi.ca\/es\/\",\"name\":\"OASDI\",\"description\":\"Ontario Association of School District International\",\"publisher\":{\"@id\":\"https:\/\/www.oasdi.ca\/es\/#organization\"},\"potentialAction\":[{\"@type\":\"SearchAction\",\"target\":{\"@type\":\"EntryPoint\",\"urlTemplate\":\"https:\/\/www.oasdi.ca\/es\/?s={search_term_string}\"},\"query-input\":\"required name=search_term_string\"}],\"inLanguage\":\"es\"},{\"@type\":\"Organization\",\"@id\":\"https:\/\/www.oasdi.ca\/es\/#organization\",\"name\":\"OASDI\",\"url\":\"https:\/\/www.oasdi.ca\/es\/\",\"logo\":{\"@type\":\"ImageObject\",\"inLanguage\":\"es\",\"@id\":\"https:\/\/www.oasdi.ca\/es\/#\/schema\/logo\/image\/\",\"url\":\"https:\/\/www.oasdi.ca\/wp-content\/uploads\/2020\/02\/cropped-oasdi-logo.png\",\"contentUrl\":\"https:\/\/www.oasdi.ca\/wp-content\/uploads\/2020\/02\/cropped-oasdi-logo.png\",\"width\":468,\"height\":96,\"caption\":\"OASDI\"},\"image\":{\"@id\":\"https:\/\/www.oasdi.ca\/es\/#\/schema\/logo\/image\/\"}}]}<\/script>\n<!-- \/ Yoast SEO plugin. -->","yoast_head_json":{"title":"Preguntas frecuentes acerca de la educaci\u00f3n internacional","description":"Quieres obtener m\u00e1s informaci\u00f3n acerca de la educaci\u00f3n internacional en Ontario? Visita nuestra p\u00e1gina de preguntas frecuentes y encuentra m\u00e1s informaci\u00f3n.","robots":{"index":"index","follow":"follow","max-snippet":"max-snippet:-1","max-image-preview":"max-image-preview:large","max-video-preview":"max-video-preview:-1"},"canonical":"https:\/\/www.oasdi.ca\/es\/educacion-internacional\/preguntas-frecuentes\/","og_locale":"es_ES","og_type":"article","og_title":"Preguntas frecuentes acerca de la educaci\u00f3n internacional","og_description":"Quieres obtener m\u00e1s informaci\u00f3n acerca de la educaci\u00f3n internacional en Ontario? Visita nuestra p\u00e1gina de preguntas frecuentes y encuentra m\u00e1s informaci\u00f3n.","og_url":"https:\/\/www.oasdi.ca\/es\/educacion-internacional\/preguntas-frecuentes\/","og_site_name":"OASDI","article_modified_time":"2020-04-30T18:21:46+00:00","og_image":[{"width":1440,"height":268,"url":"https:\/\/www.oasdi.ca\/wp-content\/uploads\/2020\/03\/oasdi-faq-1.jpg","type":"image\/jpeg"}],"twitter_card":"summary_large_image","twitter_misc":{"Tiempo de lectura":"1 minuto"},"schema":{"@context":"https:\/\/schema.org","@graph":[{"@type":"WebPage","@id":"https:\/\/www.oasdi.ca\/es\/educacion-internacional\/preguntas-frecuentes\/","url":"https:\/\/www.oasdi.ca\/es\/educacion-internacional\/preguntas-frecuentes\/","name":"Preguntas frecuentes acerca de la educaci\u00f3n internacional","isPartOf":{"@id":"https:\/\/www.oasdi.ca\/es\/#website"},"datePublished":"2020-03-21T23:35:17+00:00","dateModified":"2020-04-30T18:21:46+00:00","description":"Quieres obtener m\u00e1s informaci\u00f3n acerca de la educaci\u00f3n internacional en Ontario? Visita nuestra p\u00e1gina de preguntas frecuentes y encuentra m\u00e1s informaci\u00f3n.","breadcrumb":{"@id":"https:\/\/www.oasdi.ca\/es\/educacion-internacional\/preguntas-frecuentes\/#breadcrumb"},"inLanguage":"es","potentialAction":[{"@type":"ReadAction","target":["https:\/\/www.oasdi.ca\/es\/educacion-internacional\/preguntas-frecuentes\/"]}]},{"@type":"BreadcrumbList","@id":"https:\/\/www.oasdi.ca\/es\/educacion-internacional\/preguntas-frecuentes\/#breadcrumb","itemListElement":[{"@type":"ListItem","position":1,"name":"Inicio","item":"https:\/\/www.oasdi.ca\/es\/"},{"@type":"ListItem","position":2,"name":"Por qu\u00e9 elegir la educaci\u00f3n internacional en Canada?","item":"https:\/\/www.oasdi.ca\/es\/educacion-internacional\/"},{"@type":"ListItem","position":3,"name":"Preguntas frecuentes acerca de la educaci\u00f3n internacional en Ontario"}]},{"@type":"WebSite","@id":"https:\/\/www.oasdi.ca\/es\/#website","url":"https:\/\/www.oasdi.ca\/es\/","name":"OASDI","description":"Ontario Association of School District International","publisher":{"@id":"https:\/\/www.oasdi.ca\/es\/#organization"},"potentialAction":[{"@type":"SearchAction","target":{"@type":"EntryPoint","urlTemplate":"https:\/\/www.oasdi.ca\/es\/?s={search_term_string}"},"query-input":"required name=search_term_string"}],"inLanguage":"es"},{"@type":"Organization","@id":"https:\/\/www.oasdi.ca\/es\/#organization","name":"OASDI","url":"https:\/\/www.oasdi.ca\/es\/","logo":{"@type":"ImageObject","inLanguage":"es","@id":"https:\/\/www.oasdi.ca\/es\/#\/schema\/logo\/image\/","url":"https:\/\/www.oasdi.ca\/wp-content\/uploads\/2020\/02\/cropped-oasdi-logo.png","contentUrl":"https:\/\/www.oasdi.ca\/wp-content\/uploads\/2020\/02\/cropped-oasdi-logo.png","width":468,"height":96,"caption":"OASDI"},"image":{"@id":"https:\/\/www.oasdi.ca\/es\/#\/schema\/logo\/image\/"}}]}},"_links":{"self":[{"href":"https:\/\/www.oasdi.ca\/es\/wp-json\/wp\/v2\/pages\/19925"}],"collection":[{"href":"https:\/\/www.oasdi.ca\/es\/wp-json\/wp\/v2\/pages"}],"about":[{"href":"https:\/\/www.oasdi.ca\/es\/wp-json\/wp\/v2\/types\/page"}],"author":[{"embeddable":true,"href":"https:\/\/www.oasdi.ca\/es\/wp-json\/wp\/v2\/users\/237"}],"replies":[{"embeddable":true,"href":"https:\/\/www.oasdi.ca\/es\/wp-json\/wp\/v2\/comments?post=19925"}],"version-history":[{"count":0,"href":"https:\/\/www.oasdi.ca\/es\/wp-json\/wp\/v2\/pages\/19925\/revisions"}],"up":[{"embeddable":true,"href":"https:\/\/www.oasdi.ca\/es\/wp-json\/wp\/v2\/pages\/18191"}],"wp:featuredmedia":[{"embeddable":true,"href":"https:\/\/www.oasdi.ca\/es\/wp-json\/wp\/v2\/media\/16759"}],"wp:attachment":[{"href":"https:\/\/www.oasdi.ca\/es\/wp-json\/wp\/v2\/media?parent=19925"}],"curies":[{"name":"wp","href":"https:\/\/api.w.org\/{rel}","templated":true}]}}