{"id":19781,"date":"2020-03-19T22:56:24","date_gmt":"2020-03-19T22:56:24","guid":{"rendered":"http:\/\/oasdi.ca\/educacion-internacional\/programas\/short-term\/"},"modified":"2020-04-19T21:19:52","modified_gmt":"2020-04-19T21:19:52","slug":"a-corto-plazo","status":"publish","type":"page","link":"https:\/\/www.oasdi.ca\/es\/educacion-internacional\/programas\/a-corto-plazo\/","title":{"rendered":"Programas a corto plazo para estudiantes internacionales en Ontario"},"content":{"rendered":"<div id=\"pl-19781\"  class=\"panel-layout\" ><div id=\"pg-19781-0\"  class=\"panel-grid panel-no-style\" ><div id=\"pgc-19781-0-0\"  class=\"panel-grid-cell\" ><div id=\"panel-19781-0-0-0\" class=\"so-panel widget widget_sow-image panel-first-child panel-last-child\" data-index=\"0\" ><div class=\"is-featured-img panel-widget-style panel-widget-style-for-19781-0-0-0\" ><div\n\t\t\t\n\t\t\tclass=\"so-widget-sow-image so-widget-sow-image-default-c4f6304fc136-19781\"\n\t\t\t\n\t\t>\n\n<div class=\"sow-image-container\">\n\t\t<img loading=\"lazy\" decoding=\"async\" src=\"https:\/\/www.oasdi.ca\/wp-content\/uploads\/2020\/03\/Short-Term-Programs-for-International-Students-in-Ontario.jpg\" width=\"1440\" height=\"268\" srcset=\"https:\/\/www.oasdi.ca\/wp-content\/uploads\/2020\/03\/Short-Term-Programs-for-International-Students-in-Ontario.jpg 1440w, https:\/\/www.oasdi.ca\/wp-content\/uploads\/2020\/03\/Short-Term-Programs-for-International-Students-in-Ontario-250x47.jpg 250w, https:\/\/www.oasdi.ca\/wp-content\/uploads\/2020\/03\/Short-Term-Programs-for-International-Students-in-Ontario-700x130.jpg 700w, https:\/\/www.oasdi.ca\/wp-content\/uploads\/2020\/03\/Short-Term-Programs-for-International-Students-in-Ontario-768x143.jpg 768w, https:\/\/www.oasdi.ca\/wp-content\/uploads\/2020\/03\/Short-Term-Programs-for-International-Students-in-Ontario-120x22.jpg 120w\" sizes=\"(max-width: 1440px) 100vw, 1440px\" title=\"Short-Term Programs for International Students in Ontario\" alt=\"\" \t\tclass=\"so-widget-image\"\/>\n\t<\/div>\n\n<\/div><\/div><\/div><\/div><\/div><div id=\"pg-19781-1\"  class=\"panel-grid panel-has-style\" ><div class=\"has-container panel-row-style panel-row-style-for-19781-1\" ><div id=\"pgc-19781-1-0\"  class=\"panel-grid-cell\" ><div id=\"panel-19781-1-0-0\" class=\"so-panel widget widget_hem-seo-title-widget panel-first-child panel-last-child\" data-index=\"1\" ><div class=\"panel-widget-style panel-widget-style-for-19781-1-0-0\" ><div\n\t\t\t\n\t\t\tclass=\"so-widget-hem-seo-title-widget so-widget-hem-seo-title-widget-hem-seo-title-widget-style-d75171398898-19781\"\n\t\t\t\n\t\t>\n<h1 style=\"font-size:px;\">Programas a corto plazo para estudiantes internacionales en Ontario<\/h1>\n\n\n\n\t<!-- <div class=\"breadcrumb-trail\"><a href=\"index.php\">Home<\/a> \u00bb <span class=\"breadcrumb-current\">About<\/span><\/div> -->\n\t<div class=\"test1\"><span><span><a href=\"https:\/\/www.oasdi.ca\/es\/\">Inicio<\/a><\/span><\/span><\/div>\n<\/div><\/div><\/div><\/div><\/div><\/div><div id=\"pg-19781-2\"  class=\"panel-grid panel-has-style\" ><div class=\"has-container panel-row-style panel-row-style-for-19781-2\" ><div id=\"pgc-19781-2-0\"  class=\"panel-grid-cell\" ><div id=\"panel-19781-2-0-0\" class=\"so-panel widget widget_hem-sidebar-menu-widget panel-first-child\" data-index=\"2\" ><div\n\t\t\t\n\t\t\tclass=\"so-widget-hem-sidebar-menu-widget so-widget-hem-sidebar-menu-widget-hem-sidebar-menu-widget-style-d75171398898-19781\"\n\t\t\t\n\t\t><div id=\"sidebar\">\n\t\t\t<ul id=\"side-menu\" class=\"side-menu menu-embedded\">\n\t\t\t\n\t\t\t\t\t\t\t\t\n\t\t\t\t\t\t\t\t\t\t\t<li><a href=\"https:\/\/www.oasdi.ca\/es\/educacion-internacional\/programas\/especialidades\/\">Programas de especialidades para estudiantes internacionales en Ontario<\/a><\/li>\n\t\t\t\t\t\t\t\t\t\t\t\t\t\n\t\t\t\t\t\t\t\t\t\t\t<li><a href=\"https:\/\/www.oasdi.ca\/es\/educacion-internacional\/programas\/verano\/\">Programas de verano para estudiantes internacionales en Ontario<\/a><\/li>\n\t\t\t\t\t\t\t\t\t\t\t\t\t\n\t\t\t\t\t\t\t\t\t\t\t<li><a class=\"active\" href=\"https:\/\/www.oasdi.ca\/es\/educacion-internacional\/programas\/a-corto-plazo\/\">Programas a corto plazo para estudiantes internacionales en Ontario<\/a><\/li>\n\t\t\t\t\t\t\t\t\t\t\t\t\t\n\t\t\t\t\t\t\t\t\t\t\t<li><a href=\"https:\/\/www.oasdi.ca\/es\/educacion-internacional\/programas\/a-largo-plazo\/\">Programas a largo plazo para estudiantes internacionales en Ontario<\/a><\/li>\n\t\t\t\t\t\t\t\t\t\t\n\n\t\t\t\t<!-- Extra menu -->\n\t\t\t\t\n\n\n\t\t\t\t\t<\/ul>\n\t\n\n<\/div><\/div><\/div><div id=\"panel-19781-2-0-1\" class=\"so-panel widget widget_hem-sidebar-link-widget panel-last-child\" data-index=\"3\" ><div\n\t\t\t\n\t\t\tclass=\"so-widget-hem-sidebar-link-widget so-widget-hem-sidebar-link-widget-hem-sidebar-link-widget-style-d75171398898-19781\"\n\t\t\t\n\t\t><div id=\"sidebar\" class=\"external-link-only\">\n\n\n\n\t\t\t\t<!-- Extra menu -->\n\t\t\t\t\t\t\t\t\t<ul id=\"side-menu\" class=\"side-menu menu-embedded\">\n\t\t\t\t\t\t\t\t\t\t\t\t\t\t\t\t\t\t\t\t\t<li><a  href=\"https:\/\/www.oasdi.ca\/map-search\/\">Map Overview<\/a><\/li>\n\t\t\t\t\t\t\t\t\t\t\t\t\t\t\n\t\t\t\t\t\t\t\t\t\t\t\t\t\t\t\t\t\t\t\t\t<li><a  href=\"https:\/\/www.oasdi.ca\/district-list\/\">District List<\/a><\/li>\n\t\t\t\t\t\t\t\t\t\t\t\t\t\t\n\t\t\t\t\t\t\t\n\t\t\t\t\t<\/ul>\n\t\t\t\t\n\t\t\t\t\n\n\n\n\n<\/div><\/div><\/div><\/div><div id=\"pgc-19781-2-1\"  class=\"panel-grid-cell\" ><div class=\"pl-sm-3 pl-md-5 panel-cell-style panel-cell-style-for-19781-2-1\" ><div id=\"panel-19781-2-1-0\" class=\"so-panel widget widget_sow-editor panel-first-child panel-last-child\" data-index=\"4\" ><div\n\t\t\t\n\t\t\tclass=\"so-widget-sow-editor so-widget-sow-editor-base\"\n\t\t\t\n\t\t>\n<div class=\"siteorigin-widget-tinymce textwidget\">\n\t<p>Los programas a corto plazo son muy diferentes en cuanto a los tipos de oportunidades de aprendizaje que se proporcionan as\u00ed como en cuanto a la duraci\u00f3n del programa. Algunos programas a corto plazo pueden ser tan cortos como 1 o 2 semanas pero la mayor\u00eda son de 1 a 2 meses.\u00a0 En algunas ocasiones los programas a corto plazo, llegan como grupo y alternativamente los estudiantes pueden asistir como individuos. En la mayor\u00eda de los casos se usa el alojamiento con familias anfitrionas para proporcionar alojamiento a los estudiantes.\u00a0 Otros programas a corto plazo pueden involucrar programas de intercambio rec\u00edproco en los que los estudiantes canadienses visitan y asisten a la escuela de los estudiantes que vienen a Ontario.<\/p>\n<p>El objetivo de los programas a corto plazo es la adquisici\u00f3n de aptitudes idiom\u00e1ticas y la consciencia cultural. Los estudiantes asisten y participan en la vida usual de la escuela pero con \u00e9nfasis e instrucci\u00f3n adicional sobre la inmersi\u00f3n en el idioma en que los estudiantes estudian al lado de los estudiantes canadienses y su progreso es supervisado por los maestros.\u00a0 Frecuentemente, un maestro del pa\u00eds de origen viaja con los estudiantes del grupo.\u00a0 Los programas a corto plazo regularmente ofrecen oportunidades para que los estudiantes visiten una regi\u00f3n y participen en eventos culturales o de temporada.<\/p>\n<\/div>\n<\/div><\/div><\/div><\/div><\/div><\/div><\/div>","protected":false},"excerpt":{"rendered":"Programas a corto plazo para estudiantes internacionales en Ontario Inicio Programas de especialidades para estudiantes internacionales en Ontario Programas de verano para estudiantes internacionales en Ontario Programas a corto plazo para estudiantes internacionales en Ontario Programas a largo plazo para estudiantes internacionales en Ontario Map Overview District List Los programas a corto plazo son muy&#8230; <a class=\"view-article\" href=\"https:\/\/www.oasdi.ca\/es\/educacion-internacional\/programas\/a-corto-plazo\/\">Ver art\u00edculo<\/a>","protected":false},"author":237,"featured_media":16363,"parent":19686,"menu_order":0,"comment_status":"closed","ping_status":"closed","template":"","meta":{"footnotes":""},"class_list":["post-19781","page","type-page","status-publish","has-post-thumbnail","hentry"],"yoast_head":"<!-- This site is optimized with the Yoast SEO plugin v21.5 - https:\/\/yoast.com\/wordpress\/plugins\/seo\/ -->\n<title>Programas a corto plazo para estudiantes internacionales<\/title>\n<meta name=\"description\" content=\"Los miembros de la OASDI ofrecen varias opciones de estudio para los estudiantes internacionales. Obt\u00e9n m\u00e1s informaci\u00f3n acerca de los programas a corto plazo.\" \/>\n<meta name=\"robots\" content=\"index, follow, max-snippet:-1, max-image-preview:large, max-video-preview:-1\" \/>\n<link rel=\"canonical\" href=\"https:\/\/www.oasdi.ca\/es\/educacion-internacional\/programas\/a-corto-plazo\/\" \/>\n<meta property=\"og:locale\" content=\"es_ES\" \/>\n<meta property=\"og:type\" content=\"article\" \/>\n<meta property=\"og:title\" content=\"Programas a corto plazo para estudiantes internacionales\" \/>\n<meta property=\"og:description\" content=\"Los miembros de la OASDI ofrecen varias opciones de estudio para los estudiantes internacionales. Obt\u00e9n m\u00e1s informaci\u00f3n acerca de los programas a corto plazo.\" \/>\n<meta property=\"og:url\" content=\"https:\/\/www.oasdi.ca\/es\/educacion-internacional\/programas\/a-corto-plazo\/\" \/>\n<meta property=\"og:site_name\" content=\"OASDI\" \/>\n<meta property=\"article:modified_time\" content=\"2020-04-19T21:19:52+00:00\" \/>\n<meta property=\"og:image\" content=\"https:\/\/www.oasdi.ca\/wp-content\/uploads\/2020\/03\/Short-Term-Programs-for-International-Students-in-Ontario.jpg\" \/>\n\t<meta property=\"og:image:width\" content=\"1440\" \/>\n\t<meta property=\"og:image:height\" content=\"268\" \/>\n\t<meta property=\"og:image:type\" content=\"image\/jpeg\" \/>\n<meta name=\"twitter:card\" content=\"summary_large_image\" \/>\n<meta name=\"twitter:label1\" content=\"Tiempo de lectura\" \/>\n\t<meta name=\"twitter:data1\" content=\"1 minuto\" \/>\n<script type=\"application\/ld+json\" class=\"yoast-schema-graph\">{\"@context\":\"https:\/\/schema.org\",\"@graph\":[{\"@type\":\"WebPage\",\"@id\":\"https:\/\/www.oasdi.ca\/es\/educacion-internacional\/programas\/a-corto-plazo\/\",\"url\":\"https:\/\/www.oasdi.ca\/es\/educacion-internacional\/programas\/a-corto-plazo\/\",\"name\":\"Programas a corto plazo para estudiantes internacionales\",\"isPartOf\":{\"@id\":\"https:\/\/www.oasdi.ca\/es\/#website\"},\"datePublished\":\"2020-03-19T22:56:24+00:00\",\"dateModified\":\"2020-04-19T21:19:52+00:00\",\"description\":\"Los miembros de la OASDI ofrecen varias opciones de estudio para los estudiantes internacionales. Obt\u00e9n m\u00e1s informaci\u00f3n acerca de los programas a corto plazo.\",\"breadcrumb\":{\"@id\":\"https:\/\/www.oasdi.ca\/es\/educacion-internacional\/programas\/a-corto-plazo\/#breadcrumb\"},\"inLanguage\":\"es\",\"potentialAction\":[{\"@type\":\"ReadAction\",\"target\":[\"https:\/\/www.oasdi.ca\/es\/educacion-internacional\/programas\/a-corto-plazo\/\"]}]},{\"@type\":\"BreadcrumbList\",\"@id\":\"https:\/\/www.oasdi.ca\/es\/educacion-internacional\/programas\/a-corto-plazo\/#breadcrumb\",\"itemListElement\":[{\"@type\":\"ListItem\",\"position\":1,\"name\":\"Inicio\",\"item\":\"https:\/\/www.oasdi.ca\/es\/\"},{\"@type\":\"ListItem\",\"position\":2,\"name\":\"Por qu\u00e9 elegir la educaci\u00f3n internacional en Canada?\",\"item\":\"https:\/\/www.oasdi.ca\/es\/educacion-internacional\/\"},{\"@type\":\"ListItem\",\"position\":3,\"name\":\"Programas para estudiantes internacionales en Ontario\",\"item\":\"https:\/\/www.oasdi.ca\/es\/educacion-internacional\/programas\/\"},{\"@type\":\"ListItem\",\"position\":4,\"name\":\"Programas a corto plazo para estudiantes internacionales en Ontario\"}]},{\"@type\":\"WebSite\",\"@id\":\"https:\/\/www.oasdi.ca\/es\/#website\",\"url\":\"https:\/\/www.oasdi.ca\/es\/\",\"name\":\"OASDI\",\"description\":\"Ontario Association of School District International\",\"publisher\":{\"@id\":\"https:\/\/www.oasdi.ca\/es\/#organization\"},\"potentialAction\":[{\"@type\":\"SearchAction\",\"target\":{\"@type\":\"EntryPoint\",\"urlTemplate\":\"https:\/\/www.oasdi.ca\/es\/?s={search_term_string}\"},\"query-input\":\"required name=search_term_string\"}],\"inLanguage\":\"es\"},{\"@type\":\"Organization\",\"@id\":\"https:\/\/www.oasdi.ca\/es\/#organization\",\"name\":\"OASDI\",\"url\":\"https:\/\/www.oasdi.ca\/es\/\",\"logo\":{\"@type\":\"ImageObject\",\"inLanguage\":\"es\",\"@id\":\"https:\/\/www.oasdi.ca\/es\/#\/schema\/logo\/image\/\",\"url\":\"https:\/\/www.oasdi.ca\/wp-content\/uploads\/2020\/02\/cropped-oasdi-logo.png\",\"contentUrl\":\"https:\/\/www.oasdi.ca\/wp-content\/uploads\/2020\/02\/cropped-oasdi-logo.png\",\"width\":468,\"height\":96,\"caption\":\"OASDI\"},\"image\":{\"@id\":\"https:\/\/www.oasdi.ca\/es\/#\/schema\/logo\/image\/\"}}]}<\/script>\n<!-- \/ Yoast SEO plugin. -->","yoast_head_json":{"title":"Programas a corto plazo para estudiantes internacionales","description":"Los miembros de la OASDI ofrecen varias opciones de estudio para los estudiantes internacionales. Obt\u00e9n m\u00e1s informaci\u00f3n acerca de los programas a corto plazo.","robots":{"index":"index","follow":"follow","max-snippet":"max-snippet:-1","max-image-preview":"max-image-preview:large","max-video-preview":"max-video-preview:-1"},"canonical":"https:\/\/www.oasdi.ca\/es\/educacion-internacional\/programas\/a-corto-plazo\/","og_locale":"es_ES","og_type":"article","og_title":"Programas a corto plazo para estudiantes internacionales","og_description":"Los miembros de la OASDI ofrecen varias opciones de estudio para los estudiantes internacionales. Obt\u00e9n m\u00e1s informaci\u00f3n acerca de los programas a corto plazo.","og_url":"https:\/\/www.oasdi.ca\/es\/educacion-internacional\/programas\/a-corto-plazo\/","og_site_name":"OASDI","article_modified_time":"2020-04-19T21:19:52+00:00","og_image":[{"width":1440,"height":268,"url":"https:\/\/www.oasdi.ca\/wp-content\/uploads\/2020\/03\/Short-Term-Programs-for-International-Students-in-Ontario.jpg","type":"image\/jpeg"}],"twitter_card":"summary_large_image","twitter_misc":{"Tiempo de lectura":"1 minuto"},"schema":{"@context":"https:\/\/schema.org","@graph":[{"@type":"WebPage","@id":"https:\/\/www.oasdi.ca\/es\/educacion-internacional\/programas\/a-corto-plazo\/","url":"https:\/\/www.oasdi.ca\/es\/educacion-internacional\/programas\/a-corto-plazo\/","name":"Programas a corto plazo para estudiantes internacionales","isPartOf":{"@id":"https:\/\/www.oasdi.ca\/es\/#website"},"datePublished":"2020-03-19T22:56:24+00:00","dateModified":"2020-04-19T21:19:52+00:00","description":"Los miembros de la OASDI ofrecen varias opciones de estudio para los estudiantes internacionales. Obt\u00e9n m\u00e1s informaci\u00f3n acerca de los programas a corto plazo.","breadcrumb":{"@id":"https:\/\/www.oasdi.ca\/es\/educacion-internacional\/programas\/a-corto-plazo\/#breadcrumb"},"inLanguage":"es","potentialAction":[{"@type":"ReadAction","target":["https:\/\/www.oasdi.ca\/es\/educacion-internacional\/programas\/a-corto-plazo\/"]}]},{"@type":"BreadcrumbList","@id":"https:\/\/www.oasdi.ca\/es\/educacion-internacional\/programas\/a-corto-plazo\/#breadcrumb","itemListElement":[{"@type":"ListItem","position":1,"name":"Inicio","item":"https:\/\/www.oasdi.ca\/es\/"},{"@type":"ListItem","position":2,"name":"Por qu\u00e9 elegir la educaci\u00f3n internacional en Canada?","item":"https:\/\/www.oasdi.ca\/es\/educacion-internacional\/"},{"@type":"ListItem","position":3,"name":"Programas para estudiantes internacionales en Ontario","item":"https:\/\/www.oasdi.ca\/es\/educacion-internacional\/programas\/"},{"@type":"ListItem","position":4,"name":"Programas a corto plazo para estudiantes internacionales en Ontario"}]},{"@type":"WebSite","@id":"https:\/\/www.oasdi.ca\/es\/#website","url":"https:\/\/www.oasdi.ca\/es\/","name":"OASDI","description":"Ontario Association of School District International","publisher":{"@id":"https:\/\/www.oasdi.ca\/es\/#organization"},"potentialAction":[{"@type":"SearchAction","target":{"@type":"EntryPoint","urlTemplate":"https:\/\/www.oasdi.ca\/es\/?s={search_term_string}"},"query-input":"required name=search_term_string"}],"inLanguage":"es"},{"@type":"Organization","@id":"https:\/\/www.oasdi.ca\/es\/#organization","name":"OASDI","url":"https:\/\/www.oasdi.ca\/es\/","logo":{"@type":"ImageObject","inLanguage":"es","@id":"https:\/\/www.oasdi.ca\/es\/#\/schema\/logo\/image\/","url":"https:\/\/www.oasdi.ca\/wp-content\/uploads\/2020\/02\/cropped-oasdi-logo.png","contentUrl":"https:\/\/www.oasdi.ca\/wp-content\/uploads\/2020\/02\/cropped-oasdi-logo.png","width":468,"height":96,"caption":"OASDI"},"image":{"@id":"https:\/\/www.oasdi.ca\/es\/#\/schema\/logo\/image\/"}}]}},"_links":{"self":[{"href":"https:\/\/www.oasdi.ca\/es\/wp-json\/wp\/v2\/pages\/19781"}],"collection":[{"href":"https:\/\/www.oasdi.ca\/es\/wp-json\/wp\/v2\/pages"}],"about":[{"href":"https:\/\/www.oasdi.ca\/es\/wp-json\/wp\/v2\/types\/page"}],"author":[{"embeddable":true,"href":"https:\/\/www.oasdi.ca\/es\/wp-json\/wp\/v2\/users\/237"}],"replies":[{"embeddable":true,"href":"https:\/\/www.oasdi.ca\/es\/wp-json\/wp\/v2\/comments?post=19781"}],"version-history":[{"count":0,"href":"https:\/\/www.oasdi.ca\/es\/wp-json\/wp\/v2\/pages\/19781\/revisions"}],"up":[{"embeddable":true,"href":"https:\/\/www.oasdi.ca\/es\/wp-json\/wp\/v2\/pages\/19686"}],"wp:featuredmedia":[{"embeddable":true,"href":"https:\/\/www.oasdi.ca\/es\/wp-json\/wp\/v2\/media\/16363"}],"wp:attachment":[{"href":"https:\/\/www.oasdi.ca\/es\/wp-json\/wp\/v2\/media?parent=19781"}],"curies":[{"name":"wp","href":"https:\/\/api.w.org\/{rel}","templated":true}]}}