{"id":19273,"date":"2020-03-22T01:58:45","date_gmt":"2020-03-22T01:58:45","guid":{"rendered":"http:\/\/oasdi.ca\/programa-de-acceso-a-educacion-superior\/immigration-in-ontario\/"},"modified":"2020-05-18T23:09:48","modified_gmt":"2020-05-18T23:09:48","slug":"imigracion-en-ontario","status":"publish","type":"page","link":"https:\/\/www.oasdi.ca\/es\/programa-de-acceso-a-educacion-superior\/imigracion-en-ontario\/","title":{"rendered":"Inmigrar a Ontario como estudiante internacional"},"content":{"rendered":"<div id=\"pl-19273\"  class=\"panel-layout\" ><div id=\"pg-19273-0\"  class=\"panel-grid panel-no-style\" ><div id=\"pgc-19273-0-0\"  class=\"panel-grid-cell\" ><div id=\"panel-19273-0-0-0\" class=\"so-panel widget widget_sow-image panel-first-child panel-last-child\" data-index=\"0\" ><div class=\"is-featured-img panel-widget-style panel-widget-style-for-19273-0-0-0\" ><div\n\t\t\t\n\t\t\tclass=\"so-widget-sow-image so-widget-sow-image-default-c4f6304fc136-19273\"\n\t\t\t\n\t\t>\n\n<div class=\"sow-image-container\">\n\t\t<img loading=\"lazy\" decoding=\"async\" src=\"https:\/\/www.oasdi.ca\/wp-content\/uploads\/2020\/03\/Immigration-to-Ontario.jpg\" width=\"1440\" height=\"268\" srcset=\"https:\/\/www.oasdi.ca\/wp-content\/uploads\/2020\/03\/Immigration-to-Ontario.jpg 1440w, https:\/\/www.oasdi.ca\/wp-content\/uploads\/2020\/03\/Immigration-to-Ontario-250x47.jpg 250w, https:\/\/www.oasdi.ca\/wp-content\/uploads\/2020\/03\/Immigration-to-Ontario-700x130.jpg 700w, https:\/\/www.oasdi.ca\/wp-content\/uploads\/2020\/03\/Immigration-to-Ontario-768x143.jpg 768w, https:\/\/www.oasdi.ca\/wp-content\/uploads\/2020\/03\/Immigration-to-Ontario-500x93.jpg 500w, https:\/\/www.oasdi.ca\/wp-content\/uploads\/2020\/03\/Immigration-to-Ontario-120x22.jpg 120w\" sizes=\"(max-width: 1440px) 100vw, 1440px\" title=\"Immigration to Ontario\" alt=\"Immigration to Ontario\" \t\tclass=\"so-widget-image\"\/>\n\t<\/div>\n\n<\/div><\/div><\/div><\/div><\/div><div id=\"pg-19273-1\"  class=\"panel-grid panel-has-style\" ><div class=\"has-container panel-row-style panel-row-style-for-19273-1\" ><div id=\"pgc-19273-1-0\"  class=\"panel-grid-cell\" ><div id=\"panel-19273-1-0-0\" class=\"so-panel widget widget_hem-seo-title-widget panel-first-child panel-last-child\" data-index=\"1\" ><div class=\"panel-widget-style panel-widget-style-for-19273-1-0-0\" ><div\n\t\t\t\n\t\t\tclass=\"so-widget-hem-seo-title-widget so-widget-hem-seo-title-widget-hem-seo-title-widget-style-d75171398898-19273\"\n\t\t\t\n\t\t>\n<h1 style=\"font-size:px;\">Inmigrar a Ontario como estudiante internacional<\/h1>\n\n\n\n\t<!-- <div class=\"breadcrumb-trail\"><a href=\"index.php\">Home<\/a> \u00bb <span class=\"breadcrumb-current\">About<\/span><\/div> -->\n\t<div class=\"test1\"><span><span><a href=\"https:\/\/www.oasdi.ca\/es\/\">Inicio<\/a><\/span><\/span><\/div>\n<\/div><\/div><\/div><\/div><\/div><\/div><div id=\"pg-19273-2\"  class=\"panel-grid panel-has-style\" ><div class=\"has-container panel-row-style panel-row-style-for-19273-2\" ><div id=\"pgc-19273-2-0\"  class=\"panel-grid-cell\" ><div id=\"panel-19273-2-0-0\" class=\"so-panel widget widget_hem-sidebar-menu-widget panel-first-child\" data-index=\"2\" ><div\n\t\t\t\n\t\t\tclass=\"so-widget-hem-sidebar-menu-widget so-widget-hem-sidebar-menu-widget-hem-sidebar-menu-widget-style-d75171398898-19273\"\n\t\t\t\n\t\t><div id=\"sidebar\">\n\t\t\t<ul id=\"side-menu\" class=\"side-menu menu-embedded\">\n\t\t\t\n\t\t\t\t\t\t\t\t\n\t\t\t\t\t\t\t\t\t\t\t<li><a href=\"https:\/\/www.oasdi.ca\/es\/programa-de-acceso-a-educacion-superior\/practicas-profesionales\/\">Programas de pr\u00e1cticas profesionales para estudiantes internacionales en Ontario<\/a><\/li>\n\t\t\t\t\t\t\t\t\t\t\t\t\t\n\t\t\t\t\t\t\t\t\t\t\t<li><a href=\"https:\/\/www.oasdi.ca\/es\/programa-de-acceso-a-educacion-superior\/ontario\/\">Infograf\u00eda de las trayectorias educativas en Ontario<\/a><\/li>\n\t\t\t\t\t\t\t\t\t\t\t\t\t\n\t\t\t\t\t\t\t\t\t\t\t<li><a href=\"https:\/\/www.oasdi.ca\/es\/programa-de-acceso-a-educacion-superior\/preguntas-frecuentes\/\">Preguntas frecuentes acerca de las trayectorias educativas para estudiantes internacionales<\/a><\/li>\n\t\t\t\t\t\t\t\t\t\t\t\t\t\n\t\t\t\t\t\t\t\t\t\t\t<li><a href=\"https:\/\/www.oasdi.ca\/es\/programa-de-acceso-a-educacion-superior\/becas\/\">Becas para estudiantes internacionales en Ontario<\/a><\/li>\n\t\t\t\t\t\t\t\t\t\t\t\t\t\n\t\t\t\t\t\t\t\t\t\t\t<li><a class=\"active\" href=\"https:\/\/www.oasdi.ca\/es\/programa-de-acceso-a-educacion-superior\/imigracion-en-ontario\/\">Inmigrar a Ontario como estudiante internacional<\/a><\/li>\n\t\t\t\t\t\t\t\t\t\t\t\t\t\n\t\t\t\t\t\t\t\t\t\t\t<li><a href=\"https:\/\/www.oasdi.ca\/es\/programa-de-acceso-a-educacion-superior\/trabajar-en-canada\/\">C\u00f3mo conseguir trabajo en Ontario como estudiante internacional<\/a><\/li>\n\t\t\t\t\t\t\t\t\t\t\t\t\t\n\t\t\t\t\t\t\t\t\t\t\t<li><a href=\"https:\/\/www.oasdi.ca\/es\/programa-de-acceso-a-educacion-superior\/universidad-en-ontario\/\">Informaci\u00f3n para estudiantes internacionales acerca de Universidad en Ontario<\/a><\/li>\n\t\t\t\t\t\t\t\t\t\t\t\t\t\n\t\t\t\t\t\t\t\t\t\t\t<li><a href=\"https:\/\/www.oasdi.ca\/es\/programa-de-acceso-a-educacion-superior\/escuela-universitaria-en-ontario\/\">Informaci\u00f3n para estudiantes internacionales acerca de la escuela vocacional o t\u00e9cnica en Ontario<\/a><\/li>\n\t\t\t\t\t\t\t\t\t\t\n\n\t\t\t\t<!-- Extra menu -->\n\t\t\t\t\n\n\n\t\t\t\t\t<\/ul>\n\t\n\n<\/div><\/div><\/div><div id=\"panel-19273-2-0-1\" class=\"so-panel widget widget_hem-sidebar-link-widget panel-last-child\" data-index=\"3\" ><div\n\t\t\t\n\t\t\tclass=\"so-widget-hem-sidebar-link-widget so-widget-hem-sidebar-link-widget-hem-sidebar-link-widget-style-d75171398898-19273\"\n\t\t\t\n\t\t><div id=\"sidebar\" class=\"external-link-only\">\n\n\n\n\t\t\t\t<!-- Extra menu -->\n\t\t\t\t\t\t\t\t\t<ul id=\"side-menu\" class=\"side-menu menu-embedded\">\n\t\t\t\t\t\t\t\t\t\t\t\t\t\t\t\t\t\t\t\t\t<li><a  href=\"https:\/\/www.oasdi.ca\/map-search\/\">Map Overview<\/a><\/li>\n\t\t\t\t\t\t\t\t\t\t\t\t\t\t\n\t\t\t\t\t\t\t\t\t\t\t\t\t\t\t\t\t\t\t\t\t<li><a  href=\"https:\/\/www.oasdi.ca\/district-list\/\">District List<\/a><\/li>\n\t\t\t\t\t\t\t\t\t\t\t\t\t\t\n\t\t\t\t\t\t\t\n\t\t\t\t\t<\/ul>\n\t\t\t\t\n\t\t\t\t\n\n\n\n\n<\/div><\/div><\/div><\/div><div id=\"pgc-19273-2-1\"  class=\"panel-grid-cell\" ><div class=\"pl-sm-3 pl-md-5 panel-cell-style panel-cell-style-for-19273-2-1\" ><div id=\"panel-19273-2-1-0\" class=\"so-panel widget widget_sow-editor panel-first-child panel-last-child\" data-index=\"4\" ><div\n\t\t\t\n\t\t\tclass=\"so-widget-sow-editor so-widget-sow-editor-base\"\n\t\t\t\n\t\t>\n<div class=\"siteorigin-widget-tinymce textwidget\">\n\t<p>Ontario acoge a los inmigrantes nuevos que han sido estudiantes internacionales en Canad\u00e1. Recientemente, las pol\u00edticas gubernamentales han cambiado para que el proceso de inmigraci\u00f3n sea m\u00e1s accesible a los estudiantes que han estudiado en Canad\u00e1 como estudiantes internacionales, como se indica en Canada\u2019s International Education Strategy (Estrategia de Educaci\u00f3n internacional de Canad\u00e1):<\/p>\n<p><em>\u201c\u2026pronto ser\u00e1 m\u00e1s f\u00e1cil que los estudiantes internacionales que asisten a instituciones educativas designadas trabajen durante sus estudios. Los estudiantes internacionales son una fuente futura de mano de obra calificada y pueden ser elegibles para la residencia permanente, despu\u00e9s de su graduaci\u00f3n, por medio de los programas de inmigraci\u00f3n como Canadian Experience Class (Clase de experiencia canadiense) (presentado en el 2008). Los estudiantes internacionales est\u00e1n bien posicionados para inmigrar a Canad\u00e1 ya que normalmente han obtenido credenciales canadienses, tienen aptitudes en por lo menos un idioma oficial y frecuentemente tienen experiencia de trabajo canadiense.\u201d (p\u00e1g. 12)<\/em><\/p>\n<p><em><a href=\"http:\/\/www.international.gc.ca\/global-markets-marches-mondiaux\/assets\/pdfs\/overview-apercu-eng.pdf\" target=\"_blank\" rel=\"noopener\">From Canada\u2019s International Education Strategy (De la Estrategia de Educaci\u00f3n internacional de Canad\u00e1)<\/a><\/em><\/p>\n<h3><strong>Proceso de inmigraci\u00f3n<\/strong><\/h3>\n<p>Los candidatos potenciales para obtener una residencia permanente se califican entre s\u00ed en un sistema basado en la puntuaci\u00f3n. Se puede otorgar puntos por:<\/p>\n<ul>\n<li>Una oferta de empleo, y\/o;<\/li>\n<li>una nominaci\u00f3n de una provincia o territorio, y\/o;<\/li>\n<li>factores de habilidades y experiencia.<\/li>\n<\/ul>\n<p>Un candidato puede obtener puntos adicionales por:<\/p>\n<ul>\n<li>Una oferta de empleo apoyada por la Evaluaci\u00f3n de impacto en el mercado laboral, o<\/li>\n<li>una nominaci\u00f3n de una provincia o territorio<\/li>\n<\/ul>\n<h3><strong>Programa de permiso de trabajo posgraduaci\u00f3n con fines migratorios<\/strong><\/h3>\n<p>El Programa de permiso de trabajo posgraduaci\u00f3n (PGWPP) (vea \u201c<a href=\"\/es\/programa-de-acceso-a-educacion-superior\/trabajar-en-canada\/\">Carreras\/trabajo en Ontario<\/a>\u201d permite que los estudiantes graduados de una instituci\u00f3n canadiense de educaci\u00f3n superior obtengan una valiosa experiencia de trabajo canadiense. La experiencia en trabajo calificado canadiense obtenido por medio del Programa de permiso de trabajo posgraduaci\u00f3n (PGWPP), ayuda a los graduados a calificar para la residencia permanente en Canad\u00e1 por medio del programa Express Entry (Entrada r\u00e1pida).\u00a0 (<a href=\"http:\/\/www.cic.gc.ca\/english\/study\/work-postgrad.asp\" target=\"_blank\" rel=\"noopener\">www.cic.gc.ca\/english\/study\/work-postgrad.asp<\/a>)<\/p>\n<h3><strong>Programa Express Entry (Entrada r\u00e1pida)<\/strong><\/h3>\n<p>El programa Express Entry (Entrada r\u00e1pida) es un sistema nuevo de manejo de solicitudes introducido por el Ministerio de Citizenship and Immigration Canada (CIC) (Ciudadan\u00eda e Inmigraci\u00f3n de Canad\u00e1) para manejar las solicitudes de residencia permanente para la inmigraci\u00f3n a Canad\u00e1 de personas calificadas.<\/p>\n<p>El programa Express Entry (Entrada r\u00e1pida) se usa para manejar las solicitudes para la residencia permanente bajo estos programas federales econ\u00f3micos de inmigraci\u00f3n:<\/p>\n<ul>\n<li><a href=\"http:\/\/www.cic.gc.ca\/english\/immigrate\/skilled\/apply-who.asp\" target=\"_blank\" rel=\"noopener\">Federal Skilled Worker Program (Programa federal para trabajadores calificados)\u00a0<\/a><\/li>\n<li><a href=\"http:\/\/www.cic.gc.ca\/english\/immigrate\/trades\/apply-who.asp\" target=\"_blank\" rel=\"noopener\">Federal Skilled Trades Program (Programa federal de carreras t\u00e9cnicas)<\/a><\/li>\n<li><a href=\"http:\/\/www.cic.gc.ca\/english\/immigrate\/cec\/apply-who.asp\" target=\"_blank\" rel=\"noopener\">Canadian Experience Class (Clase de experiencia canadiense)<\/a><\/li>\n<\/ul>\n<h3><strong>Programa Express Entry (Entrada r\u00e1pida) de Ontario<\/strong><\/h3>\n<p>(adaptado de\u00a0<a href=\"http:\/\/www.ontarioimmigration.ca\/en\/pnp\/OI_PNP_EE.html\" target=\"_blank\" rel=\"noopener\">www.ontarioimmigration.ca\/en\/pnp\/OI_PNP_EE.html<\/a>)<\/p>\n<p>Ontario ha creado dos nuevas categor\u00edas para los trabajadores calificados que desean vivir y trabajar permanentemente en Ontario. Las dos nuevas categor\u00edas parten del sistema de selecci\u00f3n Federal Express Entry (Entrada r\u00e1pida Federal).<\/p>\n<ul>\n<li><a href=\"http:\/\/www.ontarioimmigration.ca\/en\/pnp\/OI_PNP_EE_CAPITAL.html\" target=\"_blank\" rel=\"noopener\">Ontario Express Entry: Human Capital Priorities Stream (Entrada r\u00e1pida de Ontario: Categor\u00eda de prioridades con base en el capital humano)<\/a><\/li>\n<li><a href=\"http:\/\/www.ontarioimmigration.ca\/en\/pnp\/OI_PNP_EE_FRENCH.html\" target=\"_blank\" rel=\"noopener\">Ontario Express Entry: French-Speaking Skilled Worker Stream (Entrada r\u00e1pida de Ontario: Categor\u00eda para trabajadores calificados franc\u00f3fonos)<\/a><\/li>\n<\/ul>\n<p>Esta permite que el Ontario Immigrant Nominee Program (OINP) (Programa de inmigrantes nominados de Ontario [OINP]) nomine a los individuos que hayan calificado para el grupo del programa Express Entry (Entrada r\u00e1pida) de Ciudadan\u00eda e Inmigraci\u00f3n de Canad\u00e1 que tienen la educaci\u00f3n requerida, la experiencia en trabajo calificado, habilidad ling\u00fc\u00edstica y otros factores que les ayuden a establecerse e integrarse exitosamente en el mercado laboral y las comunidades de Ontario.<\/p>\n<ul>\n<li><u>ATENCI\u00d3N:<\/u>\u00a0<a href=\"http:\/\/www.ontarioimmigration.ca\/en\/pnp\/OI_PNPSTUDENTS_MASTERS.html\" target=\"_blank\" rel=\"noopener\">Estudiantes internacionales \u2013 con M\u00e1ster<\/a><\/li>\n<li><u>ATENCI\u00d3N:<\/u><strong>\u00a0<\/strong><a href=\"http:\/\/www.ontarioimmigration.ca\/en\/pnp\/OI_PNPSTUDENTS_PHD.html\" target=\"_blank\" rel=\"noopener\">Estudiantes internacionales \u2013 con PHD<\/a><\/li>\n<li><em><a href=\"http:\/\/www.ontarioimmigration.ca\/en\/pnp\/OI_PNP_EE_FAQ.html\" target=\"_blank\" rel=\"noopener\">Ontario Express Entry FAQ (Preguntas frecuentes sobre el programa Express Entry (Entrada r\u00e1pida) de Ontario)<\/a><\/em><\/li>\n<\/ul>\n<h4><strong>\u00bfDesea m\u00e1s informaci\u00f3n acerca de la inmigraci\u00f3n a Ontario?<\/strong><\/h4>\n<ul>\n<li><em><a href=\"http:\/\/www.cic.gc.ca\/english\/resources\/publications\/employers\/express-entry-spo-sheet.asp\" target=\"_blank\" rel=\"noopener\">Express Entry: What prospective candidates need to know (Entrada r\u00e1pida: Lo que los candidatos potenciales necesitan saber)<\/a><\/em><\/li>\n<li><em><a href=\"http:\/\/www.ontarioimmigration.ca\/en\/pnp\/OI_PNP_EE.html\" target=\"_blank\" rel=\"noopener\">About Ontario Express Entry (Acerca del programa Entrada r\u00e1pida de Ontario)<\/a><\/em><\/li>\n<li><em><a href=\"http:\/\/www.ontarioimmigration.ca\/en\/pnp\/OI_PNPABOUT.html\" target=\"_blank\" rel=\"noopener\">Ontario Immigrant Nominee Program (OINP) (Programa de inmigrantes nominados de Ontario \u2013 OINP)<\/a><\/em><\/li>\n<\/ul>\n<\/div>\n<\/div><\/div><\/div><\/div><\/div><\/div><\/div>","protected":false},"excerpt":{"rendered":"Inmigrar a Ontario como estudiante internacional Inicio Programas de pr\u00e1cticas profesionales para estudiantes internacionales en Ontario Infograf\u00eda de las trayectorias educativas en Ontario Preguntas frecuentes acerca de las trayectorias educativas para estudiantes internacionales Becas para estudiantes internacionales en Ontario Inmigrar a Ontario como estudiante internacional C\u00f3mo conseguir trabajo en Ontario como estudiante internacional Informaci\u00f3n para&#8230; <a class=\"view-article\" href=\"https:\/\/www.oasdi.ca\/es\/programa-de-acceso-a-educacion-superior\/imigracion-en-ontario\/\">Ver art\u00edculo<\/a>","protected":false},"author":237,"featured_media":16858,"parent":18239,"menu_order":0,"comment_status":"closed","ping_status":"closed","template":"","meta":{"footnotes":""},"class_list":["post-19273","page","type-page","status-publish","has-post-thumbnail","hentry"],"yoast_head":"<!-- This site is optimized with the Yoast SEO plugin v21.5 - https:\/\/yoast.com\/wordpress\/plugins\/seo\/ -->\n<title>Inmigrar a Ontario | Estudiantes internacionales en Canad\u00e1<\/title>\n<meta name=\"description\" content=\"Quieres saber como inmigrar a Ontario despu\u00e9s de tu educaci\u00f3n como estudiante internacional? Encuentra m\u00e1s informaci\u00f3n acerca del proceso y sus requisitos.\" \/>\n<meta name=\"robots\" content=\"index, follow, max-snippet:-1, max-image-preview:large, max-video-preview:-1\" \/>\n<link rel=\"canonical\" href=\"https:\/\/www.oasdi.ca\/es\/programa-de-acceso-a-educacion-superior\/imigracion-en-ontario\/\" \/>\n<meta property=\"og:locale\" content=\"es_ES\" \/>\n<meta property=\"og:type\" content=\"article\" \/>\n<meta property=\"og:title\" content=\"Inmigrar a Ontario | Estudiantes internacionales en Canad\u00e1\" \/>\n<meta property=\"og:description\" content=\"Quieres saber como inmigrar a Ontario despu\u00e9s de tu educaci\u00f3n como estudiante internacional? Encuentra m\u00e1s informaci\u00f3n acerca del proceso y sus requisitos.\" \/>\n<meta property=\"og:url\" content=\"https:\/\/www.oasdi.ca\/es\/programa-de-acceso-a-educacion-superior\/imigracion-en-ontario\/\" \/>\n<meta property=\"og:site_name\" content=\"OASDI\" \/>\n<meta property=\"article:modified_time\" content=\"2020-05-18T23:09:48+00:00\" \/>\n<meta property=\"og:image\" content=\"https:\/\/www.oasdi.ca\/wp-content\/uploads\/2020\/03\/Immigration-to-Ontario.jpg\" \/>\n\t<meta property=\"og:image:width\" content=\"1440\" \/>\n\t<meta property=\"og:image:height\" content=\"268\" \/>\n\t<meta property=\"og:image:type\" content=\"image\/jpeg\" \/>\n<meta name=\"twitter:card\" content=\"summary_large_image\" \/>\n<meta name=\"twitter:label1\" content=\"Tiempo de lectura\" \/>\n\t<meta name=\"twitter:data1\" content=\"4 minutos\" \/>\n<script type=\"application\/ld+json\" class=\"yoast-schema-graph\">{\"@context\":\"https:\/\/schema.org\",\"@graph\":[{\"@type\":\"WebPage\",\"@id\":\"https:\/\/www.oasdi.ca\/es\/programa-de-acceso-a-educacion-superior\/imigracion-en-ontario\/\",\"url\":\"https:\/\/www.oasdi.ca\/es\/programa-de-acceso-a-educacion-superior\/imigracion-en-ontario\/\",\"name\":\"Inmigrar a Ontario | Estudiantes internacionales en Canad\u00e1\",\"isPartOf\":{\"@id\":\"https:\/\/www.oasdi.ca\/es\/#website\"},\"datePublished\":\"2020-03-22T01:58:45+00:00\",\"dateModified\":\"2020-05-18T23:09:48+00:00\",\"description\":\"Quieres saber como inmigrar a Ontario despu\u00e9s de tu educaci\u00f3n como estudiante internacional? Encuentra m\u00e1s informaci\u00f3n acerca del proceso y sus requisitos.\",\"breadcrumb\":{\"@id\":\"https:\/\/www.oasdi.ca\/es\/programa-de-acceso-a-educacion-superior\/imigracion-en-ontario\/#breadcrumb\"},\"inLanguage\":\"es\",\"potentialAction\":[{\"@type\":\"ReadAction\",\"target\":[\"https:\/\/www.oasdi.ca\/es\/programa-de-acceso-a-educacion-superior\/imigracion-en-ontario\/\"]}]},{\"@type\":\"BreadcrumbList\",\"@id\":\"https:\/\/www.oasdi.ca\/es\/programa-de-acceso-a-educacion-superior\/imigracion-en-ontario\/#breadcrumb\",\"itemListElement\":[{\"@type\":\"ListItem\",\"position\":1,\"name\":\"Inicio\",\"item\":\"https:\/\/www.oasdi.ca\/es\/\"},{\"@type\":\"ListItem\",\"position\":2,\"name\":\"Trayectorias educativas para estudiantes internacionales en Ontario\",\"item\":\"https:\/\/www.oasdi.ca\/es\/programa-de-acceso-a-educacion-superior\/\"},{\"@type\":\"ListItem\",\"position\":3,\"name\":\"Inmigrar a Ontario como estudiante internacional\"}]},{\"@type\":\"WebSite\",\"@id\":\"https:\/\/www.oasdi.ca\/es\/#website\",\"url\":\"https:\/\/www.oasdi.ca\/es\/\",\"name\":\"OASDI\",\"description\":\"Ontario Association of School District International\",\"publisher\":{\"@id\":\"https:\/\/www.oasdi.ca\/es\/#organization\"},\"potentialAction\":[{\"@type\":\"SearchAction\",\"target\":{\"@type\":\"EntryPoint\",\"urlTemplate\":\"https:\/\/www.oasdi.ca\/es\/?s={search_term_string}\"},\"query-input\":\"required name=search_term_string\"}],\"inLanguage\":\"es\"},{\"@type\":\"Organization\",\"@id\":\"https:\/\/www.oasdi.ca\/es\/#organization\",\"name\":\"OASDI\",\"url\":\"https:\/\/www.oasdi.ca\/es\/\",\"logo\":{\"@type\":\"ImageObject\",\"inLanguage\":\"es\",\"@id\":\"https:\/\/www.oasdi.ca\/es\/#\/schema\/logo\/image\/\",\"url\":\"https:\/\/www.oasdi.ca\/wp-content\/uploads\/2020\/02\/cropped-oasdi-logo.png\",\"contentUrl\":\"https:\/\/www.oasdi.ca\/wp-content\/uploads\/2020\/02\/cropped-oasdi-logo.png\",\"width\":468,\"height\":96,\"caption\":\"OASDI\"},\"image\":{\"@id\":\"https:\/\/www.oasdi.ca\/es\/#\/schema\/logo\/image\/\"}}]}<\/script>\n<!-- \/ Yoast SEO plugin. -->","yoast_head_json":{"title":"Inmigrar a Ontario | Estudiantes internacionales en Canad\u00e1","description":"Quieres saber como inmigrar a Ontario despu\u00e9s de tu educaci\u00f3n como estudiante internacional? Encuentra m\u00e1s informaci\u00f3n acerca del proceso y sus requisitos.","robots":{"index":"index","follow":"follow","max-snippet":"max-snippet:-1","max-image-preview":"max-image-preview:large","max-video-preview":"max-video-preview:-1"},"canonical":"https:\/\/www.oasdi.ca\/es\/programa-de-acceso-a-educacion-superior\/imigracion-en-ontario\/","og_locale":"es_ES","og_type":"article","og_title":"Inmigrar a Ontario | Estudiantes internacionales en Canad\u00e1","og_description":"Quieres saber como inmigrar a Ontario despu\u00e9s de tu educaci\u00f3n como estudiante internacional? Encuentra m\u00e1s informaci\u00f3n acerca del proceso y sus requisitos.","og_url":"https:\/\/www.oasdi.ca\/es\/programa-de-acceso-a-educacion-superior\/imigracion-en-ontario\/","og_site_name":"OASDI","article_modified_time":"2020-05-18T23:09:48+00:00","og_image":[{"width":1440,"height":268,"url":"https:\/\/www.oasdi.ca\/wp-content\/uploads\/2020\/03\/Immigration-to-Ontario.jpg","type":"image\/jpeg"}],"twitter_card":"summary_large_image","twitter_misc":{"Tiempo de lectura":"4 minutos"},"schema":{"@context":"https:\/\/schema.org","@graph":[{"@type":"WebPage","@id":"https:\/\/www.oasdi.ca\/es\/programa-de-acceso-a-educacion-superior\/imigracion-en-ontario\/","url":"https:\/\/www.oasdi.ca\/es\/programa-de-acceso-a-educacion-superior\/imigracion-en-ontario\/","name":"Inmigrar a Ontario | Estudiantes internacionales en Canad\u00e1","isPartOf":{"@id":"https:\/\/www.oasdi.ca\/es\/#website"},"datePublished":"2020-03-22T01:58:45+00:00","dateModified":"2020-05-18T23:09:48+00:00","description":"Quieres saber como inmigrar a Ontario despu\u00e9s de tu educaci\u00f3n como estudiante internacional? Encuentra m\u00e1s informaci\u00f3n acerca del proceso y sus requisitos.","breadcrumb":{"@id":"https:\/\/www.oasdi.ca\/es\/programa-de-acceso-a-educacion-superior\/imigracion-en-ontario\/#breadcrumb"},"inLanguage":"es","potentialAction":[{"@type":"ReadAction","target":["https:\/\/www.oasdi.ca\/es\/programa-de-acceso-a-educacion-superior\/imigracion-en-ontario\/"]}]},{"@type":"BreadcrumbList","@id":"https:\/\/www.oasdi.ca\/es\/programa-de-acceso-a-educacion-superior\/imigracion-en-ontario\/#breadcrumb","itemListElement":[{"@type":"ListItem","position":1,"name":"Inicio","item":"https:\/\/www.oasdi.ca\/es\/"},{"@type":"ListItem","position":2,"name":"Trayectorias educativas para estudiantes internacionales en Ontario","item":"https:\/\/www.oasdi.ca\/es\/programa-de-acceso-a-educacion-superior\/"},{"@type":"ListItem","position":3,"name":"Inmigrar a Ontario como estudiante internacional"}]},{"@type":"WebSite","@id":"https:\/\/www.oasdi.ca\/es\/#website","url":"https:\/\/www.oasdi.ca\/es\/","name":"OASDI","description":"Ontario Association of School District International","publisher":{"@id":"https:\/\/www.oasdi.ca\/es\/#organization"},"potentialAction":[{"@type":"SearchAction","target":{"@type":"EntryPoint","urlTemplate":"https:\/\/www.oasdi.ca\/es\/?s={search_term_string}"},"query-input":"required name=search_term_string"}],"inLanguage":"es"},{"@type":"Organization","@id":"https:\/\/www.oasdi.ca\/es\/#organization","name":"OASDI","url":"https:\/\/www.oasdi.ca\/es\/","logo":{"@type":"ImageObject","inLanguage":"es","@id":"https:\/\/www.oasdi.ca\/es\/#\/schema\/logo\/image\/","url":"https:\/\/www.oasdi.ca\/wp-content\/uploads\/2020\/02\/cropped-oasdi-logo.png","contentUrl":"https:\/\/www.oasdi.ca\/wp-content\/uploads\/2020\/02\/cropped-oasdi-logo.png","width":468,"height":96,"caption":"OASDI"},"image":{"@id":"https:\/\/www.oasdi.ca\/es\/#\/schema\/logo\/image\/"}}]}},"_links":{"self":[{"href":"https:\/\/www.oasdi.ca\/es\/wp-json\/wp\/v2\/pages\/19273"}],"collection":[{"href":"https:\/\/www.oasdi.ca\/es\/wp-json\/wp\/v2\/pages"}],"about":[{"href":"https:\/\/www.oasdi.ca\/es\/wp-json\/wp\/v2\/types\/page"}],"author":[{"embeddable":true,"href":"https:\/\/www.oasdi.ca\/es\/wp-json\/wp\/v2\/users\/237"}],"replies":[{"embeddable":true,"href":"https:\/\/www.oasdi.ca\/es\/wp-json\/wp\/v2\/comments?post=19273"}],"version-history":[{"count":0,"href":"https:\/\/www.oasdi.ca\/es\/wp-json\/wp\/v2\/pages\/19273\/revisions"}],"up":[{"embeddable":true,"href":"https:\/\/www.oasdi.ca\/es\/wp-json\/wp\/v2\/pages\/18239"}],"wp:featuredmedia":[{"embeddable":true,"href":"https:\/\/www.oasdi.ca\/es\/wp-json\/wp\/v2\/media\/16858"}],"wp:attachment":[{"href":"https:\/\/www.oasdi.ca\/es\/wp-json\/wp\/v2\/media?parent=19273"}],"curies":[{"name":"wp","href":"https:\/\/api.w.org\/{rel}","templated":true}]}}