{"id":19229,"date":"2020-03-22T01:50:55","date_gmt":"2020-03-22T01:50:55","guid":{"rendered":"http:\/\/oasdi.ca\/programa-de-acceso-a-educacion-superior\/working-in-canada\/"},"modified":"2020-04-18T23:00:00","modified_gmt":"2020-04-18T23:00:00","slug":"trabajar-en-canada","status":"publish","type":"page","link":"https:\/\/www.oasdi.ca\/es\/programa-de-acceso-a-educacion-superior\/trabajar-en-canada\/","title":{"rendered":"C\u00f3mo conseguir trabajo en Ontario como estudiante internacional"},"content":{"rendered":"<div id=\"pl-19229\"  class=\"panel-layout\" ><div id=\"pg-19229-0\"  class=\"panel-grid panel-no-style\" ><div id=\"pgc-19229-0-0\"  class=\"panel-grid-cell\" ><div id=\"panel-19229-0-0-0\" class=\"so-panel widget widget_sow-image panel-first-child panel-last-child\" data-index=\"0\" ><div class=\"is-featured-img panel-widget-style panel-widget-style-for-19229-0-0-0\" ><div\n\t\t\t\n\t\t\tclass=\"so-widget-sow-image so-widget-sow-image-default-c4f6304fc136-19229\"\n\t\t\t\n\t\t>\n\n<div class=\"sow-image-container\">\n\t\t<img loading=\"lazy\" decoding=\"async\" src=\"https:\/\/www.oasdi.ca\/wp-content\/uploads\/2020\/03\/Careers-Working-in-Canada.jpg\" width=\"1440\" height=\"268\" srcset=\"https:\/\/www.oasdi.ca\/wp-content\/uploads\/2020\/03\/Careers-Working-in-Canada.jpg 1440w, https:\/\/www.oasdi.ca\/wp-content\/uploads\/2020\/03\/Careers-Working-in-Canada-250x47.jpg 250w, https:\/\/www.oasdi.ca\/wp-content\/uploads\/2020\/03\/Careers-Working-in-Canada-700x130.jpg 700w, https:\/\/www.oasdi.ca\/wp-content\/uploads\/2020\/03\/Careers-Working-in-Canada-768x143.jpg 768w, https:\/\/www.oasdi.ca\/wp-content\/uploads\/2020\/03\/Careers-Working-in-Canada-500x93.jpg 500w, https:\/\/www.oasdi.ca\/wp-content\/uploads\/2020\/03\/Careers-Working-in-Canada-120x22.jpg 120w\" sizes=\"(max-width: 1440px) 100vw, 1440px\" title=\"Careers- Working in Canada\" alt=\"Careers: Working in Canada\" \t\tclass=\"so-widget-image\"\/>\n\t<\/div>\n\n<\/div><\/div><\/div><\/div><\/div><div id=\"pg-19229-1\"  class=\"panel-grid panel-has-style\" ><div class=\"has-container panel-row-style panel-row-style-for-19229-1\" ><div id=\"pgc-19229-1-0\"  class=\"panel-grid-cell\" ><div id=\"panel-19229-1-0-0\" class=\"so-panel widget widget_hem-seo-title-widget panel-first-child panel-last-child\" data-index=\"1\" ><div class=\"panel-widget-style panel-widget-style-for-19229-1-0-0\" ><div\n\t\t\t\n\t\t\tclass=\"so-widget-hem-seo-title-widget so-widget-hem-seo-title-widget-hem-seo-title-widget-style-d75171398898-19229\"\n\t\t\t\n\t\t>\n<h1 style=\"font-size:px;\">C\u00f3mo conseguir trabajo en Ontario como estudiante internacional<\/h1>\n\n\n\n\t<!-- <div class=\"breadcrumb-trail\"><a href=\"index.php\">Home<\/a> \u00bb <span class=\"breadcrumb-current\">About<\/span><\/div> -->\n\t<div class=\"test1\"><span><span><a href=\"https:\/\/www.oasdi.ca\/es\/\">Inicio<\/a><\/span><\/span><\/div>\n<\/div><\/div><\/div><\/div><\/div><\/div><div id=\"pg-19229-2\"  class=\"panel-grid panel-has-style\" ><div class=\"has-container panel-row-style panel-row-style-for-19229-2\" ><div id=\"pgc-19229-2-0\"  class=\"panel-grid-cell\" ><div id=\"panel-19229-2-0-0\" class=\"so-panel widget widget_hem-sidebar-menu-widget panel-first-child\" data-index=\"2\" ><div\n\t\t\t\n\t\t\tclass=\"so-widget-hem-sidebar-menu-widget so-widget-hem-sidebar-menu-widget-hem-sidebar-menu-widget-style-d75171398898-19229\"\n\t\t\t\n\t\t><div id=\"sidebar\">\n\t\t\t<ul id=\"side-menu\" class=\"side-menu menu-embedded\">\n\t\t\t\n\t\t\t\t\t\t\t\t\n\t\t\t\t\t\t\t\t\t\t\t<li><a href=\"https:\/\/www.oasdi.ca\/es\/programa-de-acceso-a-educacion-superior\/practicas-profesionales\/\">Programas de pr\u00e1cticas profesionales para estudiantes internacionales en Ontario<\/a><\/li>\n\t\t\t\t\t\t\t\t\t\t\t\t\t\n\t\t\t\t\t\t\t\t\t\t\t<li><a href=\"https:\/\/www.oasdi.ca\/es\/programa-de-acceso-a-educacion-superior\/ontario\/\">Infograf\u00eda de las trayectorias educativas en Ontario<\/a><\/li>\n\t\t\t\t\t\t\t\t\t\t\t\t\t\n\t\t\t\t\t\t\t\t\t\t\t<li><a href=\"https:\/\/www.oasdi.ca\/es\/programa-de-acceso-a-educacion-superior\/preguntas-frecuentes\/\">Preguntas frecuentes acerca de las trayectorias educativas para estudiantes internacionales<\/a><\/li>\n\t\t\t\t\t\t\t\t\t\t\t\t\t\n\t\t\t\t\t\t\t\t\t\t\t<li><a href=\"https:\/\/www.oasdi.ca\/es\/programa-de-acceso-a-educacion-superior\/becas\/\">Becas para estudiantes internacionales en Ontario<\/a><\/li>\n\t\t\t\t\t\t\t\t\t\t\t\t\t\n\t\t\t\t\t\t\t\t\t\t\t<li><a href=\"https:\/\/www.oasdi.ca\/es\/programa-de-acceso-a-educacion-superior\/imigracion-en-ontario\/\">Inmigrar a Ontario como estudiante internacional<\/a><\/li>\n\t\t\t\t\t\t\t\t\t\t\t\t\t\n\t\t\t\t\t\t\t\t\t\t\t<li><a class=\"active\" href=\"https:\/\/www.oasdi.ca\/es\/programa-de-acceso-a-educacion-superior\/trabajar-en-canada\/\">C\u00f3mo conseguir trabajo en Ontario como estudiante internacional<\/a><\/li>\n\t\t\t\t\t\t\t\t\t\t\t\t\t\n\t\t\t\t\t\t\t\t\t\t\t<li><a href=\"https:\/\/www.oasdi.ca\/es\/programa-de-acceso-a-educacion-superior\/universidad-en-ontario\/\">Informaci\u00f3n para estudiantes internacionales acerca de Universidad en Ontario<\/a><\/li>\n\t\t\t\t\t\t\t\t\t\t\t\t\t\n\t\t\t\t\t\t\t\t\t\t\t<li><a href=\"https:\/\/www.oasdi.ca\/es\/programa-de-acceso-a-educacion-superior\/escuela-universitaria-en-ontario\/\">Informaci\u00f3n para estudiantes internacionales acerca de la escuela vocacional o t\u00e9cnica en Ontario<\/a><\/li>\n\t\t\t\t\t\t\t\t\t\t\n\n\t\t\t\t<!-- Extra menu -->\n\t\t\t\t\n\n\n\t\t\t\t\t<\/ul>\n\t\n\n<\/div><\/div><\/div><div id=\"panel-19229-2-0-1\" class=\"so-panel widget widget_hem-sidebar-link-widget panel-last-child\" data-index=\"3\" ><div\n\t\t\t\n\t\t\tclass=\"so-widget-hem-sidebar-link-widget so-widget-hem-sidebar-link-widget-hem-sidebar-link-widget-style-d75171398898-19229\"\n\t\t\t\n\t\t><div id=\"sidebar\" class=\"external-link-only\">\n\n\n\n\t\t\t\t<!-- Extra menu -->\n\t\t\t\t\t\t\t\t\t<ul id=\"side-menu\" class=\"side-menu menu-embedded\">\n\t\t\t\t\t\t\t\t\t\t\t\t\t\t\t\t\t\t\t\t\t<li><a  href=\"https:\/\/www.oasdi.ca\/map-search\/\">Map Overview<\/a><\/li>\n\t\t\t\t\t\t\t\t\t\t\t\t\t\t\n\t\t\t\t\t\t\t\t\t\t\t\t\t\t\t\t\t\t\t\t\t<li><a  href=\"https:\/\/www.oasdi.ca\/district-list\/\">District List<\/a><\/li>\n\t\t\t\t\t\t\t\t\t\t\t\t\t\t\n\t\t\t\t\t\t\t\n\t\t\t\t\t<\/ul>\n\t\t\t\t\n\t\t\t\t\n\n\n\n\n<\/div><\/div><\/div><\/div><div id=\"pgc-19229-2-1\"  class=\"panel-grid-cell\" ><div class=\"pl-sm-3 pl-md-5 panel-cell-style panel-cell-style-for-19229-2-1\" ><div id=\"panel-19229-2-1-0\" class=\"so-panel widget widget_sow-editor panel-first-child panel-last-child\" data-index=\"4\" ><div\n\t\t\t\n\t\t\tclass=\"so-widget-sow-editor so-widget-sow-editor-base\"\n\t\t\t\n\t\t>\n<div class=\"siteorigin-widget-tinymce textwidget\">\n\t<p>Si desea seguir una carrera y trabajar en Ontario, la pregunta es: \u201c\u00bfQu\u00e9 es lo que desea ser?\u201d<\/p>\n<p>Como estudiante internacional graduado de una escuela secundaria, una escuela vocacional o t\u00e9cnica, una universidad de Ontario, o por estar matriculado en un programa para aprendices, tiene muchas ventajas al buscar trabajo en Canad\u00e1.\u00a0 Si elige trabajar en Canad\u00e1 despu\u00e9s de graduarse, siempre es aconsejable buscar la asesor\u00eda de los consejeros de orientaci\u00f3n de las escuelas secundarias o de los numerosos servicios de apoyo disponibles en todas las universidades y escuelas vocacionales o t\u00e9cnicas.<\/p>\n<p>Existen varias reglas aplicables, pero lo m\u00e1s importante es que debe tener un permiso de estudio v\u00e1lido Y solicitar un permiso de trabajo dentro de los 90 d\u00edas posteriores a la recepci\u00f3n de la notificaci\u00f3n de su instituci\u00f3n de educaci\u00f3n superior, de que ha cumplido con los requisitos para graduaci\u00f3n o que ha terminado su programa acad\u00e9mico.<\/p>\n<p>Otras restricciones se basan en la cantidad de tiempo que toma completar su programa de estudio. Si el plazo oficial de su programa educativo fue de 8 meses, puede ser elegible para obtener un permiso de trabajo por 8 meses, pero si el programa era por un per\u00edodo menor de 8 meses, no podr\u00e1 solicitar un permiso de trabajo. Si el plazo oficial de su programa educativo fue de 4 a\u00f1os o m\u00e1s, puede ser elegible para solicitar un permiso de trabajo hasta por 3 a\u00f1os.\u00a0 Debe tener en cuenta que si desea buscar empleo en la provincia de Quebec, se aplican algunas reglas diferentes.<\/p>\n<ul>\n<li><strong><a href=\"http:\/\/www.cic.gc.ca\/english\/study\/work-postgrad.asp\" target=\"_blank\" rel=\"noopener\">\u00bfEs elegible para trabajar en Canad\u00e1 despu\u00e9s de su graduaci\u00f3n?<\/a><\/strong><\/li>\n<li><strong><a href=\"http:\/\/www.cic.gc.ca\/english\/e-services\/post-grad.asp\" target=\"_blank\" rel=\"noopener\">Solicite un permiso de trabajo posgraduaci\u00f3n<\/a><\/strong><\/li>\n<li><strong>ATENCI\u00d3N:\u00a0<a href=\"http:\/\/www.ontarioimmigration.ca\/en\/pnp\/OI_PNPSTUDENTS_MASTERS.html\" target=\"_blank\" rel=\"noopener\">Estudiantes internacionales \u2013 Graduados de maestr\u00edas<\/a><\/strong><\/li>\n<li><strong>ATENCI\u00d3N:\u00a0<a href=\"http:\/\/www.ontarioimmigration.ca\/en\/pnp\/OI_PNPSTUDENTS_PHD.html\" target=\"_blank\" rel=\"noopener\">Estudiantes internacionales \u2013 con PHD<\/a><\/strong><\/li>\n<\/ul>\n<h3><strong>Oportunidades de empleo en Ontario<\/strong><\/h3>\n<p>Adem\u00e1s de los consejeros de orientaci\u00f3n en las diferentes instituciones educativas, habr\u00e1 numerosas fuentes en l\u00ednea que proporcionan informaci\u00f3n acerca de carreras potenciales y demanda de mano de obra, tambi\u00e9n encontrar\u00e1 recursos que proporcionan informaci\u00f3n completa sobre los niveles salariales para ocupaciones espec\u00edficas:<\/p>\n<ul>\n<li><em><a href=\"http:\/\/www.tcu.gov.on.ca\/eng\/labourmarket\/ojf\/\" target=\"_blank\" rel=\"noopener\">Futuros empleos en Ontario \u2013 Informaci\u00f3n sobre el mercado laboral<\/a><\/em><\/li>\n<li><em><a href=\"http:\/\/www.jobbank.gc.ca\/wage-outlook_search-eng.do?reportOption=wage\" target=\"_blank\" rel=\"noopener\">Banco de empleos del gobierno de Canad\u00e1: Explore las carreras seg\u00fan los salarios<\/a><\/em><\/li>\n<li><em><a href=\"http:\/\/www.statcan.gc.ca\/tables-tableaux\/sum-som\/l01\/cst01\/labr69a-eng.htm\" target=\"_blank\" rel=\"noopener\">Estad\u00edsticas de Canad\u00e1: Salarios promedio por hora de empleados, seg\u00fan caracter\u00edsticas y ocupaciones seleccionadas, datos no ajustados, por provincia<\/a>\u00a0(mensual)<\/em><\/li>\n<li><em><a href=\"http:\/\/www.livingin-canada.com\/work-salaries-wages-canada.html\" target=\"_blank\" rel=\"noopener\">Salarios en Canad\u00e1<\/a><\/em><\/li>\n<\/ul>\n<h4><strong>\u00bfDesea m\u00e1s informaci\u00f3n acerca del trabajo en Ontario?<\/strong><\/h4>\n<ul>\n<li><em><a href=\"http:\/\/www.ontarioimmigration.ca\/en\/working\/index.htm\" target=\"_blank\" rel=\"noopener\">Trabajo en Ontario<\/a><\/em><\/li>\n<li><em><a href=\"http:\/\/www.ontarioimmigration.ca\/en\/pnp\/index.htm\" target=\"_blank\" rel=\"noopener\">Ontario Immigrant Nominee Program (Programa de inmigrantes nominados de Ontario)<\/a><\/em><\/li>\n<li><em><a href=\"http:\/\/www.ontarioimmigration.ca\/en\/geo\/index.htm\" target=\"_blank\" rel=\"noopener\">Global Experience Ontario (GEO) (Experiencia Global Ontario)<\/a><\/em><\/li>\n<\/ul>\n<\/div>\n<\/div><\/div><\/div><\/div><\/div><\/div><\/div>","protected":false},"excerpt":{"rendered":"C\u00f3mo conseguir trabajo en Ontario como estudiante internacional Inicio Programas de pr\u00e1cticas profesionales para estudiantes internacionales en Ontario Infograf\u00eda de las trayectorias educativas en Ontario Preguntas frecuentes acerca de las trayectorias educativas para estudiantes internacionales Becas para estudiantes internacionales en Ontario Inmigrar a Ontario como estudiante internacional C\u00f3mo conseguir trabajo en Ontario como estudiante internacional&#8230; <a class=\"view-article\" href=\"https:\/\/www.oasdi.ca\/es\/programa-de-acceso-a-educacion-superior\/trabajar-en-canada\/\">Ver art\u00edculo<\/a>","protected":false},"author":237,"featured_media":16848,"parent":18239,"menu_order":0,"comment_status":"closed","ping_status":"closed","template":"","meta":{"footnotes":""},"class_list":["post-19229","page","type-page","status-publish","has-post-thumbnail","hentry"],"yoast_head":"<!-- This site is optimized with the Yoast SEO plugin v21.5 - https:\/\/yoast.com\/wordpress\/plugins\/seo\/ -->\n<title>Trabajar en Canad\u00e1 | Carreras para estudiante internacional<\/title>\n<meta name=\"description\" content=\"Te gustar\u00eda saber que trayectorias profesionales puedes seguir despu\u00e9s de la escuela en Ontario? Aprende m\u00e1s acerca de las carreras profesionales en Ontario.\" \/>\n<meta name=\"robots\" content=\"index, follow, max-snippet:-1, max-image-preview:large, max-video-preview:-1\" \/>\n<link rel=\"canonical\" href=\"https:\/\/www.oasdi.ca\/es\/programa-de-acceso-a-educacion-superior\/trabajar-en-canada\/\" \/>\n<meta property=\"og:locale\" content=\"es_ES\" \/>\n<meta property=\"og:type\" content=\"article\" \/>\n<meta property=\"og:title\" content=\"Trabajar en Canad\u00e1 | Carreras para estudiante internacional\" \/>\n<meta property=\"og:description\" content=\"Te gustar\u00eda saber que trayectorias profesionales puedes seguir despu\u00e9s de la escuela en Ontario? Aprende m\u00e1s acerca de las carreras profesionales en Ontario.\" \/>\n<meta property=\"og:url\" content=\"https:\/\/www.oasdi.ca\/es\/programa-de-acceso-a-educacion-superior\/trabajar-en-canada\/\" \/>\n<meta property=\"og:site_name\" content=\"OASDI\" \/>\n<meta property=\"article:modified_time\" content=\"2020-04-18T23:00:00+00:00\" \/>\n<meta property=\"og:image\" content=\"https:\/\/www.oasdi.ca\/wp-content\/uploads\/2020\/03\/Careers-Working-in-Canada.jpg\" \/>\n\t<meta property=\"og:image:width\" content=\"1440\" \/>\n\t<meta property=\"og:image:height\" content=\"268\" \/>\n\t<meta property=\"og:image:type\" content=\"image\/jpeg\" \/>\n<meta name=\"twitter:card\" content=\"summary_large_image\" \/>\n<meta name=\"twitter:label1\" content=\"Tiempo de lectura\" \/>\n\t<meta name=\"twitter:data1\" content=\"2 minutos\" \/>\n<script type=\"application\/ld+json\" class=\"yoast-schema-graph\">{\"@context\":\"https:\/\/schema.org\",\"@graph\":[{\"@type\":\"WebPage\",\"@id\":\"https:\/\/www.oasdi.ca\/es\/programa-de-acceso-a-educacion-superior\/trabajar-en-canada\/\",\"url\":\"https:\/\/www.oasdi.ca\/es\/programa-de-acceso-a-educacion-superior\/trabajar-en-canada\/\",\"name\":\"Trabajar en Canad\u00e1 | Carreras para estudiante internacional\",\"isPartOf\":{\"@id\":\"https:\/\/www.oasdi.ca\/es\/#website\"},\"datePublished\":\"2020-03-22T01:50:55+00:00\",\"dateModified\":\"2020-04-18T23:00:00+00:00\",\"description\":\"Te gustar\u00eda saber que trayectorias profesionales puedes seguir despu\u00e9s de la escuela en Ontario? Aprende m\u00e1s acerca de las carreras profesionales en Ontario.\",\"breadcrumb\":{\"@id\":\"https:\/\/www.oasdi.ca\/es\/programa-de-acceso-a-educacion-superior\/trabajar-en-canada\/#breadcrumb\"},\"inLanguage\":\"es\",\"potentialAction\":[{\"@type\":\"ReadAction\",\"target\":[\"https:\/\/www.oasdi.ca\/es\/programa-de-acceso-a-educacion-superior\/trabajar-en-canada\/\"]}]},{\"@type\":\"BreadcrumbList\",\"@id\":\"https:\/\/www.oasdi.ca\/es\/programa-de-acceso-a-educacion-superior\/trabajar-en-canada\/#breadcrumb\",\"itemListElement\":[{\"@type\":\"ListItem\",\"position\":1,\"name\":\"Inicio\",\"item\":\"https:\/\/www.oasdi.ca\/es\/\"},{\"@type\":\"ListItem\",\"position\":2,\"name\":\"Trayectorias educativas para estudiantes internacionales en Ontario\",\"item\":\"https:\/\/www.oasdi.ca\/es\/programa-de-acceso-a-educacion-superior\/\"},{\"@type\":\"ListItem\",\"position\":3,\"name\":\"C\u00f3mo conseguir trabajo en Ontario como estudiante internacional\"}]},{\"@type\":\"WebSite\",\"@id\":\"https:\/\/www.oasdi.ca\/es\/#website\",\"url\":\"https:\/\/www.oasdi.ca\/es\/\",\"name\":\"OASDI\",\"description\":\"Ontario Association of School District International\",\"publisher\":{\"@id\":\"https:\/\/www.oasdi.ca\/es\/#organization\"},\"potentialAction\":[{\"@type\":\"SearchAction\",\"target\":{\"@type\":\"EntryPoint\",\"urlTemplate\":\"https:\/\/www.oasdi.ca\/es\/?s={search_term_string}\"},\"query-input\":\"required name=search_term_string\"}],\"inLanguage\":\"es\"},{\"@type\":\"Organization\",\"@id\":\"https:\/\/www.oasdi.ca\/es\/#organization\",\"name\":\"OASDI\",\"url\":\"https:\/\/www.oasdi.ca\/es\/\",\"logo\":{\"@type\":\"ImageObject\",\"inLanguage\":\"es\",\"@id\":\"https:\/\/www.oasdi.ca\/es\/#\/schema\/logo\/image\/\",\"url\":\"https:\/\/www.oasdi.ca\/wp-content\/uploads\/2020\/02\/cropped-oasdi-logo.png\",\"contentUrl\":\"https:\/\/www.oasdi.ca\/wp-content\/uploads\/2020\/02\/cropped-oasdi-logo.png\",\"width\":468,\"height\":96,\"caption\":\"OASDI\"},\"image\":{\"@id\":\"https:\/\/www.oasdi.ca\/es\/#\/schema\/logo\/image\/\"}}]}<\/script>\n<!-- \/ Yoast SEO plugin. -->","yoast_head_json":{"title":"Trabajar en Canad\u00e1 | Carreras para estudiante internacional","description":"Te gustar\u00eda saber que trayectorias profesionales puedes seguir despu\u00e9s de la escuela en Ontario? Aprende m\u00e1s acerca de las carreras profesionales en Ontario.","robots":{"index":"index","follow":"follow","max-snippet":"max-snippet:-1","max-image-preview":"max-image-preview:large","max-video-preview":"max-video-preview:-1"},"canonical":"https:\/\/www.oasdi.ca\/es\/programa-de-acceso-a-educacion-superior\/trabajar-en-canada\/","og_locale":"es_ES","og_type":"article","og_title":"Trabajar en Canad\u00e1 | Carreras para estudiante internacional","og_description":"Te gustar\u00eda saber que trayectorias profesionales puedes seguir despu\u00e9s de la escuela en Ontario? Aprende m\u00e1s acerca de las carreras profesionales en Ontario.","og_url":"https:\/\/www.oasdi.ca\/es\/programa-de-acceso-a-educacion-superior\/trabajar-en-canada\/","og_site_name":"OASDI","article_modified_time":"2020-04-18T23:00:00+00:00","og_image":[{"width":1440,"height":268,"url":"https:\/\/www.oasdi.ca\/wp-content\/uploads\/2020\/03\/Careers-Working-in-Canada.jpg","type":"image\/jpeg"}],"twitter_card":"summary_large_image","twitter_misc":{"Tiempo de lectura":"2 minutos"},"schema":{"@context":"https:\/\/schema.org","@graph":[{"@type":"WebPage","@id":"https:\/\/www.oasdi.ca\/es\/programa-de-acceso-a-educacion-superior\/trabajar-en-canada\/","url":"https:\/\/www.oasdi.ca\/es\/programa-de-acceso-a-educacion-superior\/trabajar-en-canada\/","name":"Trabajar en Canad\u00e1 | Carreras para estudiante internacional","isPartOf":{"@id":"https:\/\/www.oasdi.ca\/es\/#website"},"datePublished":"2020-03-22T01:50:55+00:00","dateModified":"2020-04-18T23:00:00+00:00","description":"Te gustar\u00eda saber que trayectorias profesionales puedes seguir despu\u00e9s de la escuela en Ontario? Aprende m\u00e1s acerca de las carreras profesionales en Ontario.","breadcrumb":{"@id":"https:\/\/www.oasdi.ca\/es\/programa-de-acceso-a-educacion-superior\/trabajar-en-canada\/#breadcrumb"},"inLanguage":"es","potentialAction":[{"@type":"ReadAction","target":["https:\/\/www.oasdi.ca\/es\/programa-de-acceso-a-educacion-superior\/trabajar-en-canada\/"]}]},{"@type":"BreadcrumbList","@id":"https:\/\/www.oasdi.ca\/es\/programa-de-acceso-a-educacion-superior\/trabajar-en-canada\/#breadcrumb","itemListElement":[{"@type":"ListItem","position":1,"name":"Inicio","item":"https:\/\/www.oasdi.ca\/es\/"},{"@type":"ListItem","position":2,"name":"Trayectorias educativas para estudiantes internacionales en Ontario","item":"https:\/\/www.oasdi.ca\/es\/programa-de-acceso-a-educacion-superior\/"},{"@type":"ListItem","position":3,"name":"C\u00f3mo conseguir trabajo en Ontario como estudiante internacional"}]},{"@type":"WebSite","@id":"https:\/\/www.oasdi.ca\/es\/#website","url":"https:\/\/www.oasdi.ca\/es\/","name":"OASDI","description":"Ontario Association of School District International","publisher":{"@id":"https:\/\/www.oasdi.ca\/es\/#organization"},"potentialAction":[{"@type":"SearchAction","target":{"@type":"EntryPoint","urlTemplate":"https:\/\/www.oasdi.ca\/es\/?s={search_term_string}"},"query-input":"required name=search_term_string"}],"inLanguage":"es"},{"@type":"Organization","@id":"https:\/\/www.oasdi.ca\/es\/#organization","name":"OASDI","url":"https:\/\/www.oasdi.ca\/es\/","logo":{"@type":"ImageObject","inLanguage":"es","@id":"https:\/\/www.oasdi.ca\/es\/#\/schema\/logo\/image\/","url":"https:\/\/www.oasdi.ca\/wp-content\/uploads\/2020\/02\/cropped-oasdi-logo.png","contentUrl":"https:\/\/www.oasdi.ca\/wp-content\/uploads\/2020\/02\/cropped-oasdi-logo.png","width":468,"height":96,"caption":"OASDI"},"image":{"@id":"https:\/\/www.oasdi.ca\/es\/#\/schema\/logo\/image\/"}}]}},"_links":{"self":[{"href":"https:\/\/www.oasdi.ca\/es\/wp-json\/wp\/v2\/pages\/19229"}],"collection":[{"href":"https:\/\/www.oasdi.ca\/es\/wp-json\/wp\/v2\/pages"}],"about":[{"href":"https:\/\/www.oasdi.ca\/es\/wp-json\/wp\/v2\/types\/page"}],"author":[{"embeddable":true,"href":"https:\/\/www.oasdi.ca\/es\/wp-json\/wp\/v2\/users\/237"}],"replies":[{"embeddable":true,"href":"https:\/\/www.oasdi.ca\/es\/wp-json\/wp\/v2\/comments?post=19229"}],"version-history":[{"count":0,"href":"https:\/\/www.oasdi.ca\/es\/wp-json\/wp\/v2\/pages\/19229\/revisions"}],"up":[{"embeddable":true,"href":"https:\/\/www.oasdi.ca\/es\/wp-json\/wp\/v2\/pages\/18239"}],"wp:featuredmedia":[{"embeddable":true,"href":"https:\/\/www.oasdi.ca\/es\/wp-json\/wp\/v2\/media\/16848"}],"wp:attachment":[{"href":"https:\/\/www.oasdi.ca\/es\/wp-json\/wp\/v2\/media?parent=19229"}],"curies":[{"name":"wp","href":"https:\/\/api.w.org\/{rel}","templated":true}]}}