{"id":19195,"date":"2020-03-22T14:11:28","date_gmt":"2020-03-22T14:11:28","guid":{"rendered":"http:\/\/oasdi.ca\/estudiar-en-el-extranjero\/research\/"},"modified":"2020-04-18T22:37:27","modified_gmt":"2020-04-18T22:37:27","slug":"investigacion","status":"publish","type":"page","link":"https:\/\/www.oasdi.ca\/es\/estudiar-en-el-extranjero\/investigacion\/","title":{"rendered":"Recursos e investigaci\u00f3n sobre la educaci\u00f3n internacional"},"content":{"rendered":"<div id=\"pl-19195\"  class=\"panel-layout\" ><div id=\"pg-19195-0\"  class=\"panel-grid panel-no-style\" ><div id=\"pgc-19195-0-0\"  class=\"panel-grid-cell\" ><div id=\"panel-19195-0-0-0\" class=\"so-panel widget widget_sow-image panel-first-child panel-last-child\" data-index=\"0\" ><div class=\"is-featured-img panel-widget-style panel-widget-style-for-19195-0-0-0\" ><div\n\t\t\t\n\t\t\tclass=\"so-widget-sow-image so-widget-sow-image-default-c4f6304fc136-19195\"\n\t\t\t\n\t\t>\n\n<div class=\"sow-image-container\">\n\t\t<img loading=\"lazy\" decoding=\"async\" src=\"https:\/\/www.oasdi.ca\/wp-content\/uploads\/2020\/03\/Resources-and-Research.jpg\" width=\"1440\" height=\"268\" srcset=\"https:\/\/www.oasdi.ca\/wp-content\/uploads\/2020\/03\/Resources-and-Research.jpg 1440w, https:\/\/www.oasdi.ca\/wp-content\/uploads\/2020\/03\/Resources-and-Research-250x47.jpg 250w, https:\/\/www.oasdi.ca\/wp-content\/uploads\/2020\/03\/Resources-and-Research-700x130.jpg 700w, https:\/\/www.oasdi.ca\/wp-content\/uploads\/2020\/03\/Resources-and-Research-768x143.jpg 768w, https:\/\/www.oasdi.ca\/wp-content\/uploads\/2020\/03\/Resources-and-Research-500x93.jpg 500w, https:\/\/www.oasdi.ca\/wp-content\/uploads\/2020\/03\/Resources-and-Research-120x22.jpg 120w\" sizes=\"(max-width: 1440px) 100vw, 1440px\" title=\"Resources and Research\" alt=\"Research and Resources About International Education\" \t\tclass=\"so-widget-image\"\/>\n\t<\/div>\n\n<\/div><\/div><\/div><\/div><\/div><div id=\"pg-19195-1\"  class=\"panel-grid panel-has-style\" ><div class=\"has-container panel-row-style panel-row-style-for-19195-1\" ><div id=\"pgc-19195-1-0\"  class=\"panel-grid-cell\" ><div id=\"panel-19195-1-0-0\" class=\"so-panel widget widget_hem-seo-title-widget panel-first-child panel-last-child\" data-index=\"1\" ><div class=\"panel-widget-style panel-widget-style-for-19195-1-0-0\" ><div\n\t\t\t\n\t\t\tclass=\"so-widget-hem-seo-title-widget so-widget-hem-seo-title-widget-hem-seo-title-widget-style-d75171398898-19195\"\n\t\t\t\n\t\t>\n<h1 style=\"font-size:px;\">Recursos e investigaci\u00f3n sobre la educaci\u00f3n internacional<\/h1>\n\n\n\n\t<!-- <div class=\"breadcrumb-trail\"><a href=\"index.php\">Home<\/a> \u00bb <span class=\"breadcrumb-current\">About<\/span><\/div> -->\n\t<div class=\"test1\"><span><span><a href=\"https:\/\/www.oasdi.ca\/es\/\">Inicio<\/a><\/span><\/span><\/div>\n<\/div><\/div><\/div><\/div><\/div><\/div><div id=\"pg-19195-2\"  class=\"panel-grid panel-has-style\" ><div class=\"has-container panel-row-style panel-row-style-for-19195-2\" ><div id=\"pgc-19195-2-0\"  class=\"panel-grid-cell\" ><div id=\"panel-19195-2-0-0\" class=\"so-panel widget widget_hem-sidebar-menu-widget panel-first-child\" data-index=\"2\" ><div\n\t\t\t\n\t\t\tclass=\"so-widget-hem-sidebar-menu-widget so-widget-hem-sidebar-menu-widget-hem-sidebar-menu-widget-style-d75171398898-19195\"\n\t\t\t\n\t\t><div id=\"sidebar\">\n\t\t\t<ul id=\"side-menu\" class=\"side-menu menu-embedded\">\n\t\t\t\n\t\t\t\t\t\t\t\t\n\t\t\t\t\t\t\t\t\t\t\t<li><a href=\"https:\/\/www.oasdi.ca\/es\/estudiar-en-el-extranjero\/preguntas-frecuentes\/\">Preguntas frecuentes acerca de los estudios en el extranjero<\/a><\/li>\n\t\t\t\t\t\t\t\t\t\t\t\t\t\n\t\t\t\t\t\t\t\t\t\t\t<li><a class=\"active\" href=\"https:\/\/www.oasdi.ca\/es\/estudiar-en-el-extranjero\/investigacion\/\">Recursos e investigaci\u00f3n sobre la educaci\u00f3n internacional<\/a><\/li>\n\t\t\t\t\t\t\t\t\t\t\t\t\t\n\t\t\t\t\t\t\t\t\t\t\t<li><a href=\"https:\/\/www.oasdi.ca\/es\/estudiar-en-el-extranjero\/maestros-en-ontario\/\">Ense\u00f1ar y aprender en el extranjero para maestros de Ontario<\/a><\/li>\n\t\t\t\t\t\t\t\t\t\t\t\t\t\n\t\t\t\t\t\t\t\t\t\t\t<li><a href=\"https:\/\/www.oasdi.ca\/es\/estudiar-en-el-extranjero\/estudiantes-en-ontario\/\">Estudiar en el extranjero para estudiantes de Ontario<\/a><\/li>\n\t\t\t\t\t\t\t\t\t\t\n\n\t\t\t\t<!-- Extra menu -->\n\t\t\t\t\n\n\n\t\t\t\t\t<\/ul>\n\t\n\n<\/div><\/div><\/div><div id=\"panel-19195-2-0-1\" class=\"so-panel widget widget_hem-sidebar-link-widget panel-last-child\" data-index=\"3\" ><div\n\t\t\t\n\t\t\tclass=\"so-widget-hem-sidebar-link-widget so-widget-hem-sidebar-link-widget-hem-sidebar-link-widget-style-d75171398898-19195\"\n\t\t\t\n\t\t><div id=\"sidebar\" class=\"external-link-only\">\n\n\n\n\t\t\t\t<!-- Extra menu -->\n\t\t\t\t\t\t\t\t\t<ul id=\"side-menu\" class=\"side-menu menu-embedded\">\n\t\t\t\t\t\t\t\t\t\t\t\t\t\t\t\t\t\t\t\t\t<li><a  href=\"https:\/\/www.oasdi.ca\/map-search\/\">Map Overview<\/a><\/li>\n\t\t\t\t\t\t\t\t\t\t\t\t\t\t\n\t\t\t\t\t\t\t\t\t\t\t\t\t\t\t\t\t\t\t\t\t<li><a  href=\"https:\/\/www.oasdi.ca\/district-list\/\">District List<\/a><\/li>\n\t\t\t\t\t\t\t\t\t\t\t\t\t\t\n\t\t\t\t\t\t\t\n\t\t\t\t\t<\/ul>\n\t\t\t\t\n\t\t\t\t\n\n\n\n\n<\/div><\/div><\/div><\/div><div id=\"pgc-19195-2-1\"  class=\"panel-grid-cell\" ><div class=\"pl-sm-3 pl-md-5 panel-cell-style panel-cell-style-for-19195-2-1\" ><div id=\"panel-19195-2-1-0\" class=\"so-panel widget widget_sow-editor panel-first-child panel-last-child\" data-index=\"4\" ><div\n\t\t\t\n\t\t\tclass=\"so-widget-sow-editor so-widget-sow-editor-base\"\n\t\t\t\n\t\t>\n<div class=\"siteorigin-widget-tinymce textwidget\">\n\t<p>The following webpage will provide a wide variety of resources and research which focusses on topics and issues international education.<\/p>\n<h3>Select Bibliography on Intercultural Competency<\/h3>\n<ul>\n<li><strong>Center for Intercultural Learning (DFATD)\u00a0<\/strong><a href=\"http:\/\/www.international.gc.ca\/cil-cai\/country_insights-apercus_pays\/countryinsights-apercuspays.aspx?lang=eng\" target=\"_blank\" rel=\"noopener\">http:\/\/www.international.gc.ca\/cil-cai\/country_insights-apercus_pays\/countryinsights-apercuspays.aspx?lang=eng<\/a><\/li>\n<li><strong>Culture Matters: The Peace Corps Cross-cultural Workbook\u00a0<\/strong><a href=\"http:\/\/files.peacecorps.gov\/multimedia\/pdf\/library\/T0087_culturematters.pdf\" target=\"_blank\" rel=\"noopener\">http:\/\/files.peacecorps.gov\/multimedia\/pdf\/library\/T0087_culturematters.pdf<\/a><\/li>\n<li><strong>Empowering Global Citizens: A World Course\u00a0<\/strong>(2016) by Fernando M. Reimers et al<\/li>\n<li><strong>Globetrotting or Global Citizenship?: Perils and Potential of International Experiential Learning\u00a0<\/strong>(2014) by Rebecca Tiessen, Robert Huish (Editor)<\/li>\n<li><strong>The Guide to Successful Short-Term Programs Abroad (2007)\u00a0<\/strong>by Association of International Educators (NAFSA)<\/li>\n<li><strong>Intercultural Communication: A Practical Guide\u00a0<\/strong>(2001) by Tracy Novinger<\/li>\n<li><strong>Intercultural Competence for Global Leadership\u00a0<\/strong>by Milton J. Bennett, Ph.D.\u00a0<a href=\"http:\/\/www.intercultural.org\/\" target=\"_blank\" rel=\"noopener\">www.intercultural.org<\/a><\/li>\n<li><strong>Intercultural Development Inventory\u00a0<\/strong><a href=\"https:\/\/idiinventory.com\/\" target=\"_blank\" rel=\"noopener\">https:\/\/idiinventory.com<\/a><\/li>\n<li><strong>The Intercultural Development Research Institute\u00a0<\/strong><a href=\"http:\/\/www.idrinstitute.org\/\" target=\"_blank\" rel=\"noopener\">www.idrinstitute.org<\/a><\/li>\n<li><strong>On-line Study Resource for Study Abroad<\/strong>\u00a0(University of the Pacific)\u00a0<a href=\"http:\/\/www2.pacific.edu\/sis\/culture\/\" target=\"_blank\" rel=\"noopener\">http:\/\/www2.pacific.edu\/sis\/culture\/<\/a><\/li>\n<li><strong>Student Learning Abroad: What our students are learning, what they\u2019re not, and what we can do about it.<\/strong>\u00a0 (2102) by Michael Vande Berg, R. Michael Paige and Kris Hemming Lou (editors)<\/li>\n<li><strong>Turning Bricks Into Jade: Critical Incidents for Mutual Understanding among Chinese and Americans<\/strong>\u00a0(2000) \u00a0by\u00a0<a href=\"http:\/\/www.amazon.com\/s\/ref=dp_byline_sr_book_1?ie=UTF8&amp;field-author=Mary+Margaret+Wang&amp;search-alias=books&amp;text=Mary+Margaret+Wang&amp;sort=relevancerank\" target=\"_blank\" rel=\"noopener\">Mary Margaret Wang<\/a>,\u00a0<a href=\"http:\/\/www.amazon.com\/Richard-W.-Brislin\/e\/B00J8NU6DQ\/ref=dp_byline_cont_book_2\" target=\"_blank\" rel=\"noopener\">Richard W. Brislin<\/a>,\u00a0<a href=\"http:\/\/www.amazon.com\/s\/ref=dp_byline_sr_book_3?ie=UTF8&amp;field-author=Wei-zhong+Wang&amp;search-alias=books&amp;text=Wei-zhong+Wang&amp;sort=relevancerank\" target=\"_blank\" rel=\"noopener\">Wei-zhong Wang<\/a>\u00a0<a href=\"http:\/\/www.amazon.com\/s\/ref=dp_byline_sr_book_4?ie=UTF8&amp;field-author=David+Williams&amp;search-alias=books&amp;text=David+Williams&amp;sort=relevancerank\" target=\"_blank\" rel=\"noopener\">David Williams<\/a>\u00a0<a href=\"http:\/\/www.amazon.com\/s\/ref=dp_byline_sr_book_5?ie=UTF8&amp;field-author=Julie+Haiyan+Chao&amp;search-alias=books&amp;text=Julie+Haiyan+Chao&amp;sort=relevancerank\" target=\"_blank\" rel=\"noopener\">Julie Haiyan Chao<\/a><\/li>\n<li><strong>When Cultures Collide, 3rd Edition: Leading Across Cultures<\/strong>\u00a0(2005) by\u00a0<a href=\"http:\/\/www.amazon.com\/Richard-D.-Lewis\/e\/B001JP2KNU\/ref=dp_byline_cont_book_1\" target=\"_blank\" rel=\"noopener\">Richard D. Lewis<\/a><\/li>\n<li>OASDI Google + Community,<strong>\u00a0\"Global Citizenship Resources\"<\/strong>:\u00a0<a id=\"x_m_-4358829760432402038LPlnk583014\" href=\"https:\/\/plus.google.com\/u\/0\/communities\/107068041646420118008\" target=\"_blank\" rel=\"noopener noreferrer\">https:\/\/plus.google.com\/u\/0\/communities\/107068041646420118008<\/a><\/li>\n<\/ul>\n<\/div>\n<\/div><\/div><\/div><\/div><\/div><\/div><\/div>","protected":false},"excerpt":{"rendered":"Recursos e investigaci\u00f3n sobre la educaci\u00f3n internacional Inicio Preguntas frecuentes acerca de los estudios en el extranjero Recursos e investigaci\u00f3n sobre la educaci\u00f3n internacional Ense\u00f1ar y aprender en el extranjero para maestros de Ontario Estudiar en el extranjero para estudiantes de Ontario Map Overview District List The following webpage will provide a wide variety of&#8230; <a class=\"view-article\" href=\"https:\/\/www.oasdi.ca\/es\/estudiar-en-el-extranjero\/investigacion\/\">Ver art\u00edculo<\/a>","protected":false},"author":237,"featured_media":16935,"parent":17872,"menu_order":0,"comment_status":"closed","ping_status":"closed","template":"","meta":{"footnotes":""},"class_list":["post-19195","page","type-page","status-publish","has-post-thumbnail","hentry"],"yoast_head":"<!-- This site is optimized with the Yoast SEO plugin v21.5 - https:\/\/yoast.com\/wordpress\/plugins\/seo\/ -->\n<title>Recursos e investigaci\u00f3n sobre la educaci\u00f3n internacional<\/title>\n<meta name=\"description\" content=\"Quieres aprender m\u00e1s acerca de la educaci\u00f3n internacional? Explora nuestra lista de recursos e investigaci\u00f3n sobre la educaci\u00f3n internacional aqu\u00ed.\" \/>\n<meta name=\"robots\" content=\"index, follow, max-snippet:-1, max-image-preview:large, max-video-preview:-1\" \/>\n<link rel=\"canonical\" href=\"https:\/\/www.oasdi.ca\/es\/estudiar-en-el-extranjero\/investigacion\/\" \/>\n<meta property=\"og:locale\" content=\"es_ES\" \/>\n<meta property=\"og:type\" content=\"article\" \/>\n<meta property=\"og:title\" content=\"Recursos e investigaci\u00f3n sobre la educaci\u00f3n internacional\" \/>\n<meta property=\"og:description\" content=\"Quieres aprender m\u00e1s acerca de la educaci\u00f3n internacional? Explora nuestra lista de recursos e investigaci\u00f3n sobre la educaci\u00f3n internacional aqu\u00ed.\" \/>\n<meta property=\"og:url\" content=\"https:\/\/www.oasdi.ca\/es\/estudiar-en-el-extranjero\/investigacion\/\" \/>\n<meta property=\"og:site_name\" content=\"OASDI\" \/>\n<meta property=\"article:modified_time\" content=\"2020-04-18T22:37:27+00:00\" \/>\n<meta property=\"og:image\" content=\"https:\/\/www.oasdi.ca\/wp-content\/uploads\/2020\/03\/Resources-and-Research.jpg\" \/>\n\t<meta property=\"og:image:width\" content=\"1440\" \/>\n\t<meta property=\"og:image:height\" content=\"268\" \/>\n\t<meta property=\"og:image:type\" content=\"image\/jpeg\" \/>\n<meta name=\"twitter:card\" content=\"summary_large_image\" \/>\n<meta name=\"twitter:label1\" content=\"Tiempo de lectura\" \/>\n\t<meta name=\"twitter:data1\" content=\"1 minuto\" \/>\n<script type=\"application\/ld+json\" class=\"yoast-schema-graph\">{\"@context\":\"https:\/\/schema.org\",\"@graph\":[{\"@type\":\"WebPage\",\"@id\":\"https:\/\/www.oasdi.ca\/es\/estudiar-en-el-extranjero\/investigacion\/\",\"url\":\"https:\/\/www.oasdi.ca\/es\/estudiar-en-el-extranjero\/investigacion\/\",\"name\":\"Recursos e investigaci\u00f3n sobre la educaci\u00f3n internacional\",\"isPartOf\":{\"@id\":\"https:\/\/www.oasdi.ca\/es\/#website\"},\"datePublished\":\"2020-03-22T14:11:28+00:00\",\"dateModified\":\"2020-04-18T22:37:27+00:00\",\"description\":\"Quieres aprender m\u00e1s acerca de la educaci\u00f3n internacional? Explora nuestra lista de recursos e investigaci\u00f3n sobre la educaci\u00f3n internacional aqu\u00ed.\",\"breadcrumb\":{\"@id\":\"https:\/\/www.oasdi.ca\/es\/estudiar-en-el-extranjero\/investigacion\/#breadcrumb\"},\"inLanguage\":\"es\",\"potentialAction\":[{\"@type\":\"ReadAction\",\"target\":[\"https:\/\/www.oasdi.ca\/es\/estudiar-en-el-extranjero\/investigacion\/\"]}]},{\"@type\":\"BreadcrumbList\",\"@id\":\"https:\/\/www.oasdi.ca\/es\/estudiar-en-el-extranjero\/investigacion\/#breadcrumb\",\"itemListElement\":[{\"@type\":\"ListItem\",\"position\":1,\"name\":\"Inicio\",\"item\":\"https:\/\/www.oasdi.ca\/es\/\"},{\"@type\":\"ListItem\",\"position\":2,\"name\":\"Educaci\u00f3n internacional en Ontario\",\"item\":\"https:\/\/www.oasdi.ca\/es\/estudiar-en-el-extranjero\/\"},{\"@type\":\"ListItem\",\"position\":3,\"name\":\"Recursos e investigaci\u00f3n sobre la educaci\u00f3n internacional\"}]},{\"@type\":\"WebSite\",\"@id\":\"https:\/\/www.oasdi.ca\/es\/#website\",\"url\":\"https:\/\/www.oasdi.ca\/es\/\",\"name\":\"OASDI\",\"description\":\"Ontario Association of School District International\",\"publisher\":{\"@id\":\"https:\/\/www.oasdi.ca\/es\/#organization\"},\"potentialAction\":[{\"@type\":\"SearchAction\",\"target\":{\"@type\":\"EntryPoint\",\"urlTemplate\":\"https:\/\/www.oasdi.ca\/es\/?s={search_term_string}\"},\"query-input\":\"required name=search_term_string\"}],\"inLanguage\":\"es\"},{\"@type\":\"Organization\",\"@id\":\"https:\/\/www.oasdi.ca\/es\/#organization\",\"name\":\"OASDI\",\"url\":\"https:\/\/www.oasdi.ca\/es\/\",\"logo\":{\"@type\":\"ImageObject\",\"inLanguage\":\"es\",\"@id\":\"https:\/\/www.oasdi.ca\/es\/#\/schema\/logo\/image\/\",\"url\":\"https:\/\/www.oasdi.ca\/wp-content\/uploads\/2020\/02\/cropped-oasdi-logo.png\",\"contentUrl\":\"https:\/\/www.oasdi.ca\/wp-content\/uploads\/2020\/02\/cropped-oasdi-logo.png\",\"width\":468,\"height\":96,\"caption\":\"OASDI\"},\"image\":{\"@id\":\"https:\/\/www.oasdi.ca\/es\/#\/schema\/logo\/image\/\"}}]}<\/script>\n<!-- \/ Yoast SEO plugin. -->","yoast_head_json":{"title":"Recursos e investigaci\u00f3n sobre la educaci\u00f3n internacional","description":"Quieres aprender m\u00e1s acerca de la educaci\u00f3n internacional? Explora nuestra lista de recursos e investigaci\u00f3n sobre la educaci\u00f3n internacional aqu\u00ed.","robots":{"index":"index","follow":"follow","max-snippet":"max-snippet:-1","max-image-preview":"max-image-preview:large","max-video-preview":"max-video-preview:-1"},"canonical":"https:\/\/www.oasdi.ca\/es\/estudiar-en-el-extranjero\/investigacion\/","og_locale":"es_ES","og_type":"article","og_title":"Recursos e investigaci\u00f3n sobre la educaci\u00f3n internacional","og_description":"Quieres aprender m\u00e1s acerca de la educaci\u00f3n internacional? Explora nuestra lista de recursos e investigaci\u00f3n sobre la educaci\u00f3n internacional aqu\u00ed.","og_url":"https:\/\/www.oasdi.ca\/es\/estudiar-en-el-extranjero\/investigacion\/","og_site_name":"OASDI","article_modified_time":"2020-04-18T22:37:27+00:00","og_image":[{"width":1440,"height":268,"url":"https:\/\/www.oasdi.ca\/wp-content\/uploads\/2020\/03\/Resources-and-Research.jpg","type":"image\/jpeg"}],"twitter_card":"summary_large_image","twitter_misc":{"Tiempo de lectura":"1 minuto"},"schema":{"@context":"https:\/\/schema.org","@graph":[{"@type":"WebPage","@id":"https:\/\/www.oasdi.ca\/es\/estudiar-en-el-extranjero\/investigacion\/","url":"https:\/\/www.oasdi.ca\/es\/estudiar-en-el-extranjero\/investigacion\/","name":"Recursos e investigaci\u00f3n sobre la educaci\u00f3n internacional","isPartOf":{"@id":"https:\/\/www.oasdi.ca\/es\/#website"},"datePublished":"2020-03-22T14:11:28+00:00","dateModified":"2020-04-18T22:37:27+00:00","description":"Quieres aprender m\u00e1s acerca de la educaci\u00f3n internacional? Explora nuestra lista de recursos e investigaci\u00f3n sobre la educaci\u00f3n internacional aqu\u00ed.","breadcrumb":{"@id":"https:\/\/www.oasdi.ca\/es\/estudiar-en-el-extranjero\/investigacion\/#breadcrumb"},"inLanguage":"es","potentialAction":[{"@type":"ReadAction","target":["https:\/\/www.oasdi.ca\/es\/estudiar-en-el-extranjero\/investigacion\/"]}]},{"@type":"BreadcrumbList","@id":"https:\/\/www.oasdi.ca\/es\/estudiar-en-el-extranjero\/investigacion\/#breadcrumb","itemListElement":[{"@type":"ListItem","position":1,"name":"Inicio","item":"https:\/\/www.oasdi.ca\/es\/"},{"@type":"ListItem","position":2,"name":"Educaci\u00f3n internacional en Ontario","item":"https:\/\/www.oasdi.ca\/es\/estudiar-en-el-extranjero\/"},{"@type":"ListItem","position":3,"name":"Recursos e investigaci\u00f3n sobre la educaci\u00f3n internacional"}]},{"@type":"WebSite","@id":"https:\/\/www.oasdi.ca\/es\/#website","url":"https:\/\/www.oasdi.ca\/es\/","name":"OASDI","description":"Ontario Association of School District International","publisher":{"@id":"https:\/\/www.oasdi.ca\/es\/#organization"},"potentialAction":[{"@type":"SearchAction","target":{"@type":"EntryPoint","urlTemplate":"https:\/\/www.oasdi.ca\/es\/?s={search_term_string}"},"query-input":"required name=search_term_string"}],"inLanguage":"es"},{"@type":"Organization","@id":"https:\/\/www.oasdi.ca\/es\/#organization","name":"OASDI","url":"https:\/\/www.oasdi.ca\/es\/","logo":{"@type":"ImageObject","inLanguage":"es","@id":"https:\/\/www.oasdi.ca\/es\/#\/schema\/logo\/image\/","url":"https:\/\/www.oasdi.ca\/wp-content\/uploads\/2020\/02\/cropped-oasdi-logo.png","contentUrl":"https:\/\/www.oasdi.ca\/wp-content\/uploads\/2020\/02\/cropped-oasdi-logo.png","width":468,"height":96,"caption":"OASDI"},"image":{"@id":"https:\/\/www.oasdi.ca\/es\/#\/schema\/logo\/image\/"}}]}},"_links":{"self":[{"href":"https:\/\/www.oasdi.ca\/es\/wp-json\/wp\/v2\/pages\/19195"}],"collection":[{"href":"https:\/\/www.oasdi.ca\/es\/wp-json\/wp\/v2\/pages"}],"about":[{"href":"https:\/\/www.oasdi.ca\/es\/wp-json\/wp\/v2\/types\/page"}],"author":[{"embeddable":true,"href":"https:\/\/www.oasdi.ca\/es\/wp-json\/wp\/v2\/users\/237"}],"replies":[{"embeddable":true,"href":"https:\/\/www.oasdi.ca\/es\/wp-json\/wp\/v2\/comments?post=19195"}],"version-history":[{"count":0,"href":"https:\/\/www.oasdi.ca\/es\/wp-json\/wp\/v2\/pages\/19195\/revisions"}],"up":[{"embeddable":true,"href":"https:\/\/www.oasdi.ca\/es\/wp-json\/wp\/v2\/pages\/17872"}],"wp:featuredmedia":[{"embeddable":true,"href":"https:\/\/www.oasdi.ca\/es\/wp-json\/wp\/v2\/media\/16935"}],"wp:attachment":[{"href":"https:\/\/www.oasdi.ca\/es\/wp-json\/wp\/v2\/media?parent=19195"}],"curies":[{"name":"wp","href":"https:\/\/api.w.org\/{rel}","templated":true}]}}