{"id":19009,"date":"2020-03-19T23:51:58","date_gmt":"2020-03-19T23:51:58","guid":{"rendered":"http:\/\/oasdi.ca\/vivir-en-ontario\/homestay-services\/"},"modified":"2020-04-18T18:51:58","modified_gmt":"2020-04-18T18:51:58","slug":"servicios-del-alojamiento-en-familia","status":"publish","type":"page","link":"https:\/\/www.oasdi.ca\/es\/vivir-en-ontario\/servicios-del-alojamiento-en-familia\/","title":{"rendered":"Servicios de alojamiento con familias anfitrionas para estudiantes internacionales en Ontario"},"content":{"rendered":"<div id=\"pl-19009\"  class=\"panel-layout\" ><div id=\"pg-19009-0\"  class=\"panel-grid panel-no-style\" ><div id=\"pgc-19009-0-0\"  class=\"panel-grid-cell\" ><div id=\"panel-19009-0-0-0\" class=\"so-panel widget widget_sow-image panel-first-child panel-last-child\" data-index=\"0\" ><div class=\"is-featured-img panel-widget-style panel-widget-style-for-19009-0-0-0\" ><div\n\t\t\t\n\t\t\tclass=\"so-widget-sow-image so-widget-sow-image-default-c4f6304fc136-19009\"\n\t\t\t\n\t\t>\n\n<div class=\"sow-image-container\">\n\t\t<img loading=\"lazy\" decoding=\"async\" src=\"https:\/\/www.oasdi.ca\/wp-content\/uploads\/2020\/03\/Homestay-Services.jpg\" width=\"1440\" height=\"268\" srcset=\"https:\/\/www.oasdi.ca\/wp-content\/uploads\/2020\/03\/Homestay-Services.jpg 1440w, https:\/\/www.oasdi.ca\/wp-content\/uploads\/2020\/03\/Homestay-Services-250x47.jpg 250w, https:\/\/www.oasdi.ca\/wp-content\/uploads\/2020\/03\/Homestay-Services-700x130.jpg 700w, https:\/\/www.oasdi.ca\/wp-content\/uploads\/2020\/03\/Homestay-Services-768x143.jpg 768w, https:\/\/www.oasdi.ca\/wp-content\/uploads\/2020\/03\/Homestay-Services-120x22.jpg 120w\" sizes=\"(max-width: 1440px) 100vw, 1440px\" title=\"Homestay Services\" alt=\"Homestay Services for International Students in Ontario\" \t\tclass=\"so-widget-image\"\/>\n\t<\/div>\n\n<\/div><\/div><\/div><\/div><\/div><div id=\"pg-19009-1\"  class=\"panel-grid panel-has-style\" ><div class=\"has-container panel-row-style panel-row-style-for-19009-1\" ><div id=\"pgc-19009-1-0\"  class=\"panel-grid-cell\" ><div id=\"panel-19009-1-0-0\" class=\"so-panel widget widget_hem-seo-title-widget panel-first-child panel-last-child\" data-index=\"1\" ><div class=\"panel-widget-style panel-widget-style-for-19009-1-0-0\" ><div\n\t\t\t\n\t\t\tclass=\"so-widget-hem-seo-title-widget so-widget-hem-seo-title-widget-hem-seo-title-widget-style-d75171398898-19009\"\n\t\t\t\n\t\t>\n<h1 style=\"font-size:px;\">Servicios de alojamiento con familias anfitrionas para estudiantes internacionales en Ontario<\/h1>\n\n\n\n\t<!-- <div class=\"breadcrumb-trail\"><a href=\"index.php\">Home<\/a> \u00bb <span class=\"breadcrumb-current\">About<\/span><\/div> -->\n\t<div class=\"test1\"><span><span><a href=\"https:\/\/www.oasdi.ca\/es\/\">Inicio<\/a><\/span><\/span><\/div>\n<\/div><\/div><\/div><\/div><\/div><\/div><div id=\"pg-19009-2\"  class=\"panel-grid panel-has-style\" ><div class=\"has-container panel-row-style panel-row-style-for-19009-2\" ><div id=\"pgc-19009-2-0\"  class=\"panel-grid-cell\" ><div id=\"panel-19009-2-0-0\" class=\"so-panel widget widget_hem-sidebar-menu-widget panel-first-child\" data-index=\"2\" ><div\n\t\t\t\n\t\t\tclass=\"so-widget-hem-sidebar-menu-widget so-widget-hem-sidebar-menu-widget-hem-sidebar-menu-widget-style-d75171398898-19009\"\n\t\t\t\n\t\t><div id=\"sidebar\">\n\t\t\t<ul id=\"side-menu\" class=\"side-menu menu-embedded\">\n\t\t\t\n\t\t\t\t\t\t\t\t\n\t\t\t\t\t\t\t\t\t\t\t<li><a href=\"https:\/\/www.oasdi.ca\/es\/vivir-en-ontario\/preguntas-frecuentes\/\">Preguntas frecuentes acerca de la vida como estudiante internacional en Ontario<\/a><\/li>\n\t\t\t\t\t\t\t\t\t\t\t\t\t\n\t\t\t\t\t\t\t\t\t\t\t<li><a href=\"https:\/\/www.oasdi.ca\/es\/vivir-en-ontario\/clima-y-estaciones\/\">El clima y las estaciones en Ontario<\/a><\/li>\n\t\t\t\t\t\t\t\t\t\t\t\t\t\n\t\t\t\t\t\t\t\t\t\t\t<li><a href=\"https:\/\/www.oasdi.ca\/es\/vivir-en-ontario\/atracciones\/\">Maravillas naturales y atracciones principales de Ontario<\/a><\/li>\n\t\t\t\t\t\t\t\t\t\t\t\t\t\n\t\t\t\t\t\t\t\t\t\t\t<li><a href=\"https:\/\/www.oasdi.ca\/es\/vivir-en-ontario\/explorar\/\">Explorar Ontario<\/a><\/li>\n\t\t\t\t\t\t\t\t\t\t\t\t\t\n\t\t\t\t\t\t\t\t\t\t\t<li><a href=\"https:\/\/www.oasdi.ca\/es\/vivir-en-ontario\/transporte\/\">Transporte y movilidad en Ontario<\/a><\/li>\n\t\t\t\t\t\t\t\t\t\t\t\t\t\n\t\t\t\t\t\t\t\t\t\t\t<li><a href=\"https:\/\/www.oasdi.ca\/es\/vivir-en-ontario\/cultura-canadiense\/\">Cultura canadiense<\/a><\/li>\n\t\t\t\t\t\t\t\t\t\t\t\t\t\n\t\t\t\t\t\t\t\t\t\t\t<li><a href=\"https:\/\/www.oasdi.ca\/es\/vivir-en-ontario\/vida-rural\/\">Vida rural, suburbana y urbana en Ontario<\/a><\/li>\n\t\t\t\t\t\t\t\t\t\t\t\t\t\n\t\t\t\t\t\t\t\t\t\t\t<li><a class=\"active\" href=\"https:\/\/www.oasdi.ca\/es\/vivir-en-ontario\/servicios-del-alojamiento-en-familia\/\">Servicios de alojamiento con familias anfitrionas para estudiantes internacionales en Ontario<\/a><\/li>\n\t\t\t\t\t\t\t\t\t\t\n\n\t\t\t\t<!-- Extra menu -->\n\t\t\t\t\n\n\n\t\t\t\t\t<\/ul>\n\t\n\n<\/div><\/div><\/div><div id=\"panel-19009-2-0-1\" class=\"so-panel widget widget_hem-sidebar-link-widget panel-last-child\" data-index=\"3\" ><div\n\t\t\t\n\t\t\tclass=\"so-widget-hem-sidebar-link-widget so-widget-hem-sidebar-link-widget-hem-sidebar-link-widget-style-d75171398898-19009\"\n\t\t\t\n\t\t><div id=\"sidebar\" class=\"external-link-only\">\n\n\n\n\t\t\t\t<!-- Extra menu -->\n\t\t\t\t\t\t\t\t\t<ul id=\"side-menu\" class=\"side-menu menu-embedded\">\n\t\t\t\t\t\t\t\t\t\t\t\t\t\t\t\t\t\t\t\t\t<li><a  href=\"https:\/\/www.oasdi.ca\/map-search\/\">Map Overview<\/a><\/li>\n\t\t\t\t\t\t\t\t\t\t\t\t\t\t\n\t\t\t\t\t\t\t\t\t\t\t\t\t\t\t\t\t\t\t\t\t<li><a  href=\"https:\/\/www.oasdi.ca\/district-list\/\">District List<\/a><\/li>\n\t\t\t\t\t\t\t\t\t\t\t\t\t\t\n\t\t\t\t\t\t\t\n\t\t\t\t\t<\/ul>\n\t\t\t\t\n\t\t\t\t\n\n\n\n\n<\/div><\/div><\/div><\/div><div id=\"pgc-19009-2-1\"  class=\"panel-grid-cell\" ><div class=\"pl-sm-3 pl-md-5 panel-cell-style panel-cell-style-for-19009-2-1\" ><div id=\"panel-19009-2-1-0\" class=\"so-panel widget widget_sow-editor panel-first-child panel-last-child\" data-index=\"4\" ><div\n\t\t\t\n\t\t\tclass=\"so-widget-sow-editor so-widget-sow-editor-base\"\n\t\t\t\n\t\t>\n<div class=\"siteorigin-widget-tinymce textwidget\">\n\t<p>El alojamiento con familias anfitrionas es una piedra angular esencial e importante de los programas para estudiantes internacionales ya que el alojamiento con familias anfitrionas proporciona un \u201chogar fuera del hogar.\u201d, el alojamiento con familias anfitrionas ofrece un entorno acogedor, c\u00f3modo y de apoyo para los estudiantes internacionales que asisten a las escuelas p\u00fablicas de Ontario. \u00a0Los estudiantes que viven con una familia anfitriona se convierten en parte de una familia canadiense normal, desarrollan habilidades ling\u00fc\u00edsticas para conversar y participan directamente en la cultura canadiense.<\/p>\n<p>El alojamiento con familias anfitrionas es organizado \u201cinternamente\u201d a trav\u00e9s del personal de la junta escolar o por medio de una agencia que trabaja con la junta escolar, para proporcionar los servicios de alojamiento con familias anfitrionas. Las agencias de alojamiento con familias anfitrionas regularmente est\u00e1n bien establecidas y tienen mucha experiencia en trabajar con las juntas escolares, los estudiantes internacionales y las familias anfitrionas.<\/p>\n<p>En la mayor\u00eda de los casos, a los estudiantes internacionales se les asigna un representante del sistema de alojamiento con familias anfitrionas que trabaja para la junta escolar o la agencia de alojamiento con familias anfitrionas y es un v\u00ednculo entre el estudiante y la familia anfitriona y frecuentemente tambi\u00e9n con las escuelas. Usualmente existe una disponibilidad de 24 horas al d\u00eda, 7 d\u00edas a la semana para aquellos estudiantes que puedan desear comunicarse con la agencia de alojamiento con familias anfitrionas.<\/p>\n<p>El sistema de alojamiento con familias anfitrionas ha establecido claramente los procedimientos existentes para proporcionar una variedad de servicios para apoyar a los estudiantes internacionales. \u00a0Todas las juntas escolares miembros de la OASDI cumplen con las Normas de pr\u00e1ctica de la Canadian Association of Public Schools \u2013 International (CAPS-I) (Asociaci\u00f3n Canadiense de Escuelas P\u00fablicas \u2013 Internacional) y cumplen con los protocolos espec\u00edficos y directrices relacionados con:<\/p>\n<ul>\n<li>El deber de cuidado y apoyo para las necesidades de los estudiantes;<\/li>\n<li>la selecci\u00f3n y las obligaciones de las familias anfitrionas;<\/li>\n<li>los procesos de comunicaci\u00f3n;<\/li>\n<li>el establecimiento claro de las expectativas;<\/li>\n<li>la supervisi\u00f3n de las familias anfitrionas;<\/li>\n<li>el apoyo continuo a las familias anfitrionas.<\/li>\n<\/ul>\n<p>Vivir con una familia canadiense tiene muchas ventajas. Los estudiantes internacionales que se alojan con familias anfitrionas tienen las siguientes ventajas, por nombrar algunas:<\/p>\n<ul>\n<li>Pueden contar con una vida familiar segura, acogedora y de gran apoyo;<\/li>\n<li>tienen la \u00a0oportunidad de hablar en ingl\u00e9s (<strong>o franc\u00e9s para practicar el idioma, si fue solicitado<\/strong>) todos los d\u00edas<\/li>\n<li>acceden a una familia que es miembro de la comunidad local y que conoce las respuestas a las m\u00faltiples preguntas, lo cual ayudar\u00e1 al nuevo estudiante a adaptarse a la vida en Canad\u00e1 y a un sistema escolar diferente<\/li>\n<li>participan en la extensa diversidad cultural que existe en la poblaci\u00f3n de Canad\u00e1 y en el estilo de vida canadiense<\/li>\n<li>hacen nuevas e importantes amistades que, a menudo, son para toda la vida<\/li>\n<\/ul>\n<p>Se hace el m\u00e1ximo esfuerzo para ubicar a los estudiantes internacionales con una familia anfitriona apropiada a trav\u00e9s de un proceso de recopilaci\u00f3n de informaci\u00f3n para as\u00ed ubicar a los estudiantes internacionales con una familia compatible. \u00a0En todos los casos, la familia anfitriona es evaluada cuidadosamente y se espera que:<\/p>\n<ul>\n<li>Proporcione un ambiente de vida acogedor, amistoso y cari\u00f1oso;<\/li>\n<li>proporcione 3 comidas saludables \u00a0y refrigerios diariamente;<\/li>\n<li>proporcione un dormitorio amueblado privado con un \u00e1rea para estudiar;<\/li>\n<li>ofrezca consejos, apoyo, orientaci\u00f3n y est\u00edmulo;<\/li>\n<li>invite al estudiante a participar en la vida familiar y en los eventos comunitarios.<\/li>\n<\/ul>\n<p>Para ser seleccionada como una familia anfitriona, existen muchos procesos para garantizar que los estudiantes internacionales estar\u00e1n seguros y que tendr\u00e1n el apoyo de la familia anfitriona. \u00a0Las familias anfitrionas deben cumplir con los siguientes criterios:<\/p>\n<ul>\n<li>Tener disposici\u00f3n para aceptar al estudiante internacional como un miembro de la familia;<\/li>\n<li>hablar ingl\u00e9s (<strong>o franc\u00e9s, si fue solicitado<\/strong>) como el idioma principal en el hogar;<\/li>\n<li>completar un proceso minucioso de comprobaci\u00f3n de referencias;<\/li>\n<li>pasar una comprobaci\u00f3n de referencias de antecedentes penales;<\/li>\n<li>seguir los protocolos y \u00a0requisitos para ser una familia anfitriona;<\/li>\n<li>estar interesada en aprender acerca de otras culturas.<\/li>\n<\/ul>\n<p>Una vez procesada la solicitud de alojamiento con familias anfitrionas del estudiante internacional los estudiantes internacionales y sus familias recibir\u00e1n la informaci\u00f3n de contacto de la familia anfitriona en Ontario y tambi\u00e9n recibir\u00e1n un paquete de orientaci\u00f3n con informaci\u00f3n acerca del alojamiento con familias anfitrionas.<\/p>\n<p>Como estudiante internacional, puede prepararse para su alojamiento con familias anfitrionas de varias maneras:<\/p>\n<ul>\n<li>Es importante que tome el tiempo necesario para adaptarse a su familia anfitriona y el tiempo para que ellos se adapten a usted. En este sentido, es muy importante intentar ser comprensivo y no llegar a conclusiones demasiado r\u00e1pidas. La mayor\u00eda de los estudiantes se adaptan a sus nuevas circunstancias de vida despu\u00e9s de pocos d\u00edas.<\/li>\n<li>Al principio, puede ser dif\u00edcil manejar todos los cambios. \u00a0Indudablemente, habr\u00e1n cambios en las rutinas del hogar, como tambi\u00e9n todos los cambios que implica asistir a una nueva escuela en otro pa\u00eds. Esto puede ser muy emocionante porque es muy diferente a su pa\u00eds de origen, sin embargo, todos estos cambios tambi\u00e9n pueden ser algo abrumadores. Habr\u00e1 diferencias en la comida y el clima y simplemente en las maneras c\u00f3mo los canadienses hacen las cosas. \u00a0Probablemente necesitar\u00e1 ser m\u00e1s independiente que en su pa\u00eds de origen y deber\u00e1 ser \u201cproactivo\u201d al hacer preguntas y al comunicarle a su familia anfitriona cualquier asunto o problema que pueda tener.<\/li>\n<li>Su familia anfitriona no es igual que su familia. \u00a0Al igual que todas las familias, todas las familias anfitrionas son diferentes. Canad\u00e1 es un pa\u00eds con una gran diversidad en sus paisajes, as\u00ed como en su poblaci\u00f3n y la manera en que viven. \u00a0Existen diferencias entre las familias anfitrionas en cuanto a sus or\u00edgenes \u00e9tnicos, raza, religi\u00f3n y patrimonio cultural. Las estructuras familiares var\u00edan desde las familias tradicionales, en las que un padre permanece en casa para educar a los hijos, hasta las familias constituidas por padres o madres solteras que cr\u00edan sus hijos, o familias en donde ambos padres trabajan, e incluso puede ser que sus padres anfitriones est\u00e9n retirados. \u00a0Se puede encontrar en un hogar con varios hijos de los padres anfitriones o puede estar con un par de estudiantes internacionales en la misma casa. \u00a0Algunas familias tienen estilos de vida muy activos y est\u00e1n involucradas en las actividades comunitarias o en los deportes locales, en tanto que otros hogares pueden ser menos activos. Tambi\u00e9n habr\u00e1 diferencias que depender\u00e1n de si su familia anfitriona vive en la ciudad o en el campo. Sin importar las muchas diferencias posibles, la familia anfitriona est\u00e1 comprometida con proporcionarle una experiencia de apoyo, enriquecedora y memorable mientras estudia en Ontario.<\/li>\n<\/ul>\n<h4><strong>\u00bfDesea m\u00e1s informaci\u00f3n acerca del alojamiento con familias anfitrionas?<\/strong><\/h4>\n<p>Todas las juntas escolares de Ontario que aceptan estudiantes internacionales tienen la responsabilidad del sistema de alojamiento con familias anfitrionas; \u00a0por lo que, \u00a0es necesario que visite el sitio Web de la junta escolar correspondiente.\u00a0Visite nuestra\u00a0<a href=\"\/es\/lista-distrital\/\">Lista de distritos<\/a>\u00a0para obtener m\u00e1s informaci\u00f3n de nuestras juntas escolares miembros.<\/p>\n<\/div>\n<\/div><\/div><\/div><\/div><\/div><\/div><\/div>","protected":false},"excerpt":{"rendered":"Servicios de alojamiento con familias anfitrionas para estudiantes internacionales en Ontario Inicio Preguntas frecuentes acerca de la vida como estudiante internacional en Ontario El clima y las estaciones en Ontario Maravillas naturales y atracciones principales de Ontario Explorar Ontario Transporte y movilidad en Ontario Cultura canadiense Vida rural, suburbana y urbana en Ontario Servicios de&#8230; <a class=\"view-article\" href=\"https:\/\/www.oasdi.ca\/es\/vivir-en-ontario\/servicios-del-alojamiento-en-familia\/\">Ver art\u00edculo<\/a>","protected":false},"author":237,"featured_media":0,"parent":18287,"menu_order":0,"comment_status":"closed","ping_status":"closed","template":"","meta":{"footnotes":""},"class_list":["post-19009","page","type-page","status-publish","hentry"],"yoast_head":"<!-- This site is optimized with the Yoast SEO plugin v21.5 - https:\/\/yoast.com\/wordpress\/plugins\/seo\/ -->\n<title>Servicios de alojamiento con familias anfitrionas | OASDI<\/title>\n<meta name=\"description\" content=\"El alojamiento con familias anfitrionas le permite a los estudiantes convivir con una familia canadiense. Descubre m\u00e1s acerca de este tipo de alojamiento aqu\u00ed.\" \/>\n<meta name=\"robots\" content=\"index, follow, max-snippet:-1, max-image-preview:large, max-video-preview:-1\" \/>\n<link rel=\"canonical\" href=\"https:\/\/www.oasdi.ca\/es\/vivir-en-ontario\/servicios-del-alojamiento-en-familia\/\" \/>\n<meta property=\"og:locale\" content=\"es_ES\" \/>\n<meta property=\"og:type\" content=\"article\" \/>\n<meta property=\"og:title\" content=\"Servicios de alojamiento con familias anfitrionas | OASDI\" \/>\n<meta property=\"og:description\" content=\"El alojamiento con familias anfitrionas le permite a los estudiantes convivir con una familia canadiense. Descubre m\u00e1s acerca de este tipo de alojamiento aqu\u00ed.\" \/>\n<meta property=\"og:url\" content=\"https:\/\/www.oasdi.ca\/es\/vivir-en-ontario\/servicios-del-alojamiento-en-familia\/\" \/>\n<meta property=\"og:site_name\" content=\"OASDI\" \/>\n<meta property=\"article:modified_time\" content=\"2020-04-18T18:51:58+00:00\" \/>\n<meta property=\"og:image\" content=\"https:\/\/www.oasdi.ca\/wp-content\/uploads\/2020\/03\/oasdi-faq.jpg\" \/>\n\t<meta property=\"og:image:width\" content=\"1440\" \/>\n\t<meta property=\"og:image:height\" content=\"268\" \/>\n\t<meta property=\"og:image:type\" content=\"image\/jpeg\" \/>\n<meta name=\"twitter:card\" content=\"summary_large_image\" \/>\n<meta name=\"twitter:label1\" content=\"Tiempo de lectura\" \/>\n\t<meta name=\"twitter:data1\" content=\"6 minutos\" \/>\n<script type=\"application\/ld+json\" class=\"yoast-schema-graph\">{\"@context\":\"https:\/\/schema.org\",\"@graph\":[{\"@type\":\"WebPage\",\"@id\":\"https:\/\/www.oasdi.ca\/es\/vivir-en-ontario\/servicios-del-alojamiento-en-familia\/\",\"url\":\"https:\/\/www.oasdi.ca\/es\/vivir-en-ontario\/servicios-del-alojamiento-en-familia\/\",\"name\":\"Servicios de alojamiento con familias anfitrionas | OASDI\",\"isPartOf\":{\"@id\":\"https:\/\/www.oasdi.ca\/es\/#website\"},\"datePublished\":\"2020-03-19T23:51:58+00:00\",\"dateModified\":\"2020-04-18T18:51:58+00:00\",\"description\":\"El alojamiento con familias anfitrionas le permite a los estudiantes convivir con una familia canadiense. Descubre m\u00e1s acerca de este tipo de alojamiento aqu\u00ed.\",\"breadcrumb\":{\"@id\":\"https:\/\/www.oasdi.ca\/es\/vivir-en-ontario\/servicios-del-alojamiento-en-familia\/#breadcrumb\"},\"inLanguage\":\"es\",\"potentialAction\":[{\"@type\":\"ReadAction\",\"target\":[\"https:\/\/www.oasdi.ca\/es\/vivir-en-ontario\/servicios-del-alojamiento-en-familia\/\"]}]},{\"@type\":\"BreadcrumbList\",\"@id\":\"https:\/\/www.oasdi.ca\/es\/vivir-en-ontario\/servicios-del-alojamiento-en-familia\/#breadcrumb\",\"itemListElement\":[{\"@type\":\"ListItem\",\"position\":1,\"name\":\"Inicio\",\"item\":\"https:\/\/www.oasdi.ca\/es\/\"},{\"@type\":\"ListItem\",\"position\":2,\"name\":\"Vivir en Ontario como estudiante internacional\",\"item\":\"https:\/\/www.oasdi.ca\/es\/vivir-en-ontario\/\"},{\"@type\":\"ListItem\",\"position\":3,\"name\":\"Servicios de alojamiento con familias anfitrionas para estudiantes internacionales en Ontario\"}]},{\"@type\":\"WebSite\",\"@id\":\"https:\/\/www.oasdi.ca\/es\/#website\",\"url\":\"https:\/\/www.oasdi.ca\/es\/\",\"name\":\"OASDI\",\"description\":\"Ontario Association of School District International\",\"publisher\":{\"@id\":\"https:\/\/www.oasdi.ca\/es\/#organization\"},\"potentialAction\":[{\"@type\":\"SearchAction\",\"target\":{\"@type\":\"EntryPoint\",\"urlTemplate\":\"https:\/\/www.oasdi.ca\/es\/?s={search_term_string}\"},\"query-input\":\"required name=search_term_string\"}],\"inLanguage\":\"es\"},{\"@type\":\"Organization\",\"@id\":\"https:\/\/www.oasdi.ca\/es\/#organization\",\"name\":\"OASDI\",\"url\":\"https:\/\/www.oasdi.ca\/es\/\",\"logo\":{\"@type\":\"ImageObject\",\"inLanguage\":\"es\",\"@id\":\"https:\/\/www.oasdi.ca\/es\/#\/schema\/logo\/image\/\",\"url\":\"https:\/\/www.oasdi.ca\/wp-content\/uploads\/2020\/02\/cropped-oasdi-logo.png\",\"contentUrl\":\"https:\/\/www.oasdi.ca\/wp-content\/uploads\/2020\/02\/cropped-oasdi-logo.png\",\"width\":468,\"height\":96,\"caption\":\"OASDI\"},\"image\":{\"@id\":\"https:\/\/www.oasdi.ca\/es\/#\/schema\/logo\/image\/\"}}]}<\/script>\n<!-- \/ Yoast SEO plugin. -->","yoast_head_json":{"title":"Servicios de alojamiento con familias anfitrionas | OASDI","description":"El alojamiento con familias anfitrionas le permite a los estudiantes convivir con una familia canadiense. Descubre m\u00e1s acerca de este tipo de alojamiento aqu\u00ed.","robots":{"index":"index","follow":"follow","max-snippet":"max-snippet:-1","max-image-preview":"max-image-preview:large","max-video-preview":"max-video-preview:-1"},"canonical":"https:\/\/www.oasdi.ca\/es\/vivir-en-ontario\/servicios-del-alojamiento-en-familia\/","og_locale":"es_ES","og_type":"article","og_title":"Servicios de alojamiento con familias anfitrionas | OASDI","og_description":"El alojamiento con familias anfitrionas le permite a los estudiantes convivir con una familia canadiense. Descubre m\u00e1s acerca de este tipo de alojamiento aqu\u00ed.","og_url":"https:\/\/www.oasdi.ca\/es\/vivir-en-ontario\/servicios-del-alojamiento-en-familia\/","og_site_name":"OASDI","article_modified_time":"2020-04-18T18:51:58+00:00","og_image":[{"width":1440,"height":268,"url":"https:\/\/www.oasdi.ca\/wp-content\/uploads\/2020\/03\/oasdi-faq.jpg","type":"image\/jpeg"}],"twitter_card":"summary_large_image","twitter_misc":{"Tiempo de lectura":"6 minutos"},"schema":{"@context":"https:\/\/schema.org","@graph":[{"@type":"WebPage","@id":"https:\/\/www.oasdi.ca\/es\/vivir-en-ontario\/servicios-del-alojamiento-en-familia\/","url":"https:\/\/www.oasdi.ca\/es\/vivir-en-ontario\/servicios-del-alojamiento-en-familia\/","name":"Servicios de alojamiento con familias anfitrionas | OASDI","isPartOf":{"@id":"https:\/\/www.oasdi.ca\/es\/#website"},"datePublished":"2020-03-19T23:51:58+00:00","dateModified":"2020-04-18T18:51:58+00:00","description":"El alojamiento con familias anfitrionas le permite a los estudiantes convivir con una familia canadiense. Descubre m\u00e1s acerca de este tipo de alojamiento aqu\u00ed.","breadcrumb":{"@id":"https:\/\/www.oasdi.ca\/es\/vivir-en-ontario\/servicios-del-alojamiento-en-familia\/#breadcrumb"},"inLanguage":"es","potentialAction":[{"@type":"ReadAction","target":["https:\/\/www.oasdi.ca\/es\/vivir-en-ontario\/servicios-del-alojamiento-en-familia\/"]}]},{"@type":"BreadcrumbList","@id":"https:\/\/www.oasdi.ca\/es\/vivir-en-ontario\/servicios-del-alojamiento-en-familia\/#breadcrumb","itemListElement":[{"@type":"ListItem","position":1,"name":"Inicio","item":"https:\/\/www.oasdi.ca\/es\/"},{"@type":"ListItem","position":2,"name":"Vivir en Ontario como estudiante internacional","item":"https:\/\/www.oasdi.ca\/es\/vivir-en-ontario\/"},{"@type":"ListItem","position":3,"name":"Servicios de alojamiento con familias anfitrionas para estudiantes internacionales en Ontario"}]},{"@type":"WebSite","@id":"https:\/\/www.oasdi.ca\/es\/#website","url":"https:\/\/www.oasdi.ca\/es\/","name":"OASDI","description":"Ontario Association of School District International","publisher":{"@id":"https:\/\/www.oasdi.ca\/es\/#organization"},"potentialAction":[{"@type":"SearchAction","target":{"@type":"EntryPoint","urlTemplate":"https:\/\/www.oasdi.ca\/es\/?s={search_term_string}"},"query-input":"required name=search_term_string"}],"inLanguage":"es"},{"@type":"Organization","@id":"https:\/\/www.oasdi.ca\/es\/#organization","name":"OASDI","url":"https:\/\/www.oasdi.ca\/es\/","logo":{"@type":"ImageObject","inLanguage":"es","@id":"https:\/\/www.oasdi.ca\/es\/#\/schema\/logo\/image\/","url":"https:\/\/www.oasdi.ca\/wp-content\/uploads\/2020\/02\/cropped-oasdi-logo.png","contentUrl":"https:\/\/www.oasdi.ca\/wp-content\/uploads\/2020\/02\/cropped-oasdi-logo.png","width":468,"height":96,"caption":"OASDI"},"image":{"@id":"https:\/\/www.oasdi.ca\/es\/#\/schema\/logo\/image\/"}}]}},"_links":{"self":[{"href":"https:\/\/www.oasdi.ca\/es\/wp-json\/wp\/v2\/pages\/19009"}],"collection":[{"href":"https:\/\/www.oasdi.ca\/es\/wp-json\/wp\/v2\/pages"}],"about":[{"href":"https:\/\/www.oasdi.ca\/es\/wp-json\/wp\/v2\/types\/page"}],"author":[{"embeddable":true,"href":"https:\/\/www.oasdi.ca\/es\/wp-json\/wp\/v2\/users\/237"}],"replies":[{"embeddable":true,"href":"https:\/\/www.oasdi.ca\/es\/wp-json\/wp\/v2\/comments?post=19009"}],"version-history":[{"count":0,"href":"https:\/\/www.oasdi.ca\/es\/wp-json\/wp\/v2\/pages\/19009\/revisions"}],"up":[{"embeddable":true,"href":"https:\/\/www.oasdi.ca\/es\/wp-json\/wp\/v2\/pages\/18287"}],"wp:attachment":[{"href":"https:\/\/www.oasdi.ca\/es\/wp-json\/wp\/v2\/media?parent=19009"}],"curies":[{"name":"wp","href":"https:\/\/api.w.org\/{rel}","templated":true}]}}