{"id":18963,"date":"2020-03-22T02:49:02","date_gmt":"2020-03-22T02:49:02","guid":{"rendered":"http:\/\/oasdi.ca\/vivir-en-ontario\/rural-living\/"},"modified":"2020-04-30T22:01:22","modified_gmt":"2020-04-30T22:01:22","slug":"vida-rural","status":"publish","type":"page","link":"https:\/\/www.oasdi.ca\/es\/vivir-en-ontario\/vida-rural\/","title":{"rendered":"Vida rural, suburbana y urbana en Ontario"},"content":{"rendered":"<div id=\"pl-18963\"  class=\"panel-layout\" ><div id=\"pg-18963-0\"  class=\"panel-grid panel-no-style\" ><div id=\"pgc-18963-0-0\"  class=\"panel-grid-cell\" ><div id=\"panel-18963-0-0-0\" class=\"so-panel widget widget_sow-image panel-first-child panel-last-child\" data-index=\"0\" ><div class=\"is-featured-img panel-widget-style panel-widget-style-for-18963-0-0-0\" ><div\n\t\t\t\n\t\t\tclass=\"so-widget-sow-image so-widget-sow-image-default-c4f6304fc136-18963\"\n\t\t\t\n\t\t>\n\n<div class=\"sow-image-container\">\n\t\t<img loading=\"lazy\" decoding=\"async\" src=\"https:\/\/www.oasdi.ca\/wp-content\/uploads\/2020\/03\/oasdi-faq-1.jpg\" width=\"1440\" height=\"268\" srcset=\"https:\/\/www.oasdi.ca\/wp-content\/uploads\/2020\/03\/oasdi-faq-1.jpg 1440w, https:\/\/www.oasdi.ca\/wp-content\/uploads\/2020\/03\/oasdi-faq-1-250x47.jpg 250w, https:\/\/www.oasdi.ca\/wp-content\/uploads\/2020\/03\/oasdi-faq-1-700x130.jpg 700w, https:\/\/www.oasdi.ca\/wp-content\/uploads\/2020\/03\/oasdi-faq-1-768x143.jpg 768w, https:\/\/www.oasdi.ca\/wp-content\/uploads\/2020\/03\/oasdi-faq-1-500x93.jpg 500w, https:\/\/www.oasdi.ca\/wp-content\/uploads\/2020\/03\/oasdi-faq-1-120x22.jpg 120w\" sizes=\"(max-width: 1440px) 100vw, 1440px\" title=\"oasdi-faq\" alt=\"OASDI FAQ\" \t\tclass=\"so-widget-image\"\/>\n\t<\/div>\n\n<\/div><\/div><\/div><\/div><\/div><div id=\"pg-18963-1\"  class=\"panel-grid panel-has-style\" ><div class=\"has-container panel-row-style panel-row-style-for-18963-1\" ><div id=\"pgc-18963-1-0\"  class=\"panel-grid-cell\" ><div id=\"panel-18963-1-0-0\" class=\"so-panel widget widget_hem-seo-title-widget panel-first-child panel-last-child\" data-index=\"1\" ><div class=\"panel-widget-style panel-widget-style-for-18963-1-0-0\" ><div\n\t\t\t\n\t\t\tclass=\"so-widget-hem-seo-title-widget so-widget-hem-seo-title-widget-hem-seo-title-widget-style-d75171398898-18963\"\n\t\t\t\n\t\t>\n<h1 style=\"font-size:px;\">Vida rural, suburbana y urbana en Ontario<\/h1>\n\n\n\n\t<!-- <div class=\"breadcrumb-trail\"><a href=\"index.php\">Home<\/a> \u00bb <span class=\"breadcrumb-current\">About<\/span><\/div> -->\n\t<div class=\"test1\"><span><span><a href=\"https:\/\/www.oasdi.ca\/es\/\">Inicio<\/a><\/span><\/span><\/div>\n<\/div><\/div><\/div><\/div><\/div><\/div><div id=\"pg-18963-2\"  class=\"panel-grid panel-has-style\" ><div class=\"has-container panel-row-style panel-row-style-for-18963-2\" ><div id=\"pgc-18963-2-0\"  class=\"panel-grid-cell\" ><div id=\"panel-18963-2-0-0\" class=\"so-panel widget widget_hem-sidebar-menu-widget panel-first-child\" data-index=\"2\" ><div\n\t\t\t\n\t\t\tclass=\"so-widget-hem-sidebar-menu-widget so-widget-hem-sidebar-menu-widget-hem-sidebar-menu-widget-style-d75171398898-18963\"\n\t\t\t\n\t\t><div id=\"sidebar\">\n\t\t\t<ul id=\"side-menu\" class=\"side-menu menu-embedded\">\n\t\t\t\n\t\t\t\t\t\t\t\t\n\t\t\t\t\t\t\t\t\t\t\t<li><a href=\"https:\/\/www.oasdi.ca\/es\/vivir-en-ontario\/preguntas-frecuentes\/\">Preguntas frecuentes acerca de la vida como estudiante internacional en Ontario<\/a><\/li>\n\t\t\t\t\t\t\t\t\t\t\t\t\t\n\t\t\t\t\t\t\t\t\t\t\t<li><a href=\"https:\/\/www.oasdi.ca\/es\/vivir-en-ontario\/clima-y-estaciones\/\">El clima y las estaciones en Ontario<\/a><\/li>\n\t\t\t\t\t\t\t\t\t\t\t\t\t\n\t\t\t\t\t\t\t\t\t\t\t<li><a href=\"https:\/\/www.oasdi.ca\/es\/vivir-en-ontario\/atracciones\/\">Maravillas naturales y atracciones principales de Ontario<\/a><\/li>\n\t\t\t\t\t\t\t\t\t\t\t\t\t\n\t\t\t\t\t\t\t\t\t\t\t<li><a href=\"https:\/\/www.oasdi.ca\/es\/vivir-en-ontario\/explorar\/\">Explorar Ontario<\/a><\/li>\n\t\t\t\t\t\t\t\t\t\t\t\t\t\n\t\t\t\t\t\t\t\t\t\t\t<li><a href=\"https:\/\/www.oasdi.ca\/es\/vivir-en-ontario\/transporte\/\">Transporte y movilidad en Ontario<\/a><\/li>\n\t\t\t\t\t\t\t\t\t\t\t\t\t\n\t\t\t\t\t\t\t\t\t\t\t<li><a href=\"https:\/\/www.oasdi.ca\/es\/vivir-en-ontario\/cultura-canadiense\/\">Cultura canadiense<\/a><\/li>\n\t\t\t\t\t\t\t\t\t\t\t\t\t\n\t\t\t\t\t\t\t\t\t\t\t<li><a class=\"active\" href=\"https:\/\/www.oasdi.ca\/es\/vivir-en-ontario\/vida-rural\/\">Vida rural, suburbana y urbana en Ontario<\/a><\/li>\n\t\t\t\t\t\t\t\t\t\t\t\t\t\n\t\t\t\t\t\t\t\t\t\t\t<li><a href=\"https:\/\/www.oasdi.ca\/es\/vivir-en-ontario\/servicios-del-alojamiento-en-familia\/\">Servicios de alojamiento con familias anfitrionas para estudiantes internacionales en Ontario<\/a><\/li>\n\t\t\t\t\t\t\t\t\t\t\n\n\t\t\t\t<!-- Extra menu -->\n\t\t\t\t\n\n\n\t\t\t\t\t<\/ul>\n\t\n\n<\/div><\/div><\/div><div id=\"panel-18963-2-0-1\" class=\"so-panel widget widget_hem-sidebar-link-widget panel-last-child\" data-index=\"3\" ><div\n\t\t\t\n\t\t\tclass=\"so-widget-hem-sidebar-link-widget so-widget-hem-sidebar-link-widget-hem-sidebar-link-widget-style-d75171398898-18963\"\n\t\t\t\n\t\t><div id=\"sidebar\" class=\"external-link-only\">\n\n\n\n\t\t\t\t<!-- Extra menu -->\n\t\t\t\t\t\t\t\t\t<ul id=\"side-menu\" class=\"side-menu menu-embedded\">\n\t\t\t\t\t\t\t\t\t\t\t\t\t\t\t\t\t\t\t\t\t<li><a  href=\"https:\/\/www.oasdi.ca\/map-search\/\">Map Overview<\/a><\/li>\n\t\t\t\t\t\t\t\t\t\t\t\t\t\t\n\t\t\t\t\t\t\t\t\t\t\t\t\t\t\t\t\t\t\t\t\t<li><a  href=\"https:\/\/www.oasdi.ca\/district-list\/\">District List<\/a><\/li>\n\t\t\t\t\t\t\t\t\t\t\t\t\t\t\n\t\t\t\t\t\t\t\n\t\t\t\t\t<\/ul>\n\t\t\t\t\n\t\t\t\t\n\n\n\n\n<\/div><\/div><\/div><\/div><div id=\"pgc-18963-2-1\"  class=\"panel-grid-cell\" ><div class=\"pl-sm-3 pl-md-5 panel-cell-style panel-cell-style-for-18963-2-1\" ><div id=\"panel-18963-2-1-0\" class=\"so-panel widget widget_sow-editor panel-first-child panel-last-child\" data-index=\"4\" ><div\n\t\t\t\n\t\t\tclass=\"so-widget-sow-editor so-widget-sow-editor-base\"\n\t\t\t\n\t\t>\n<div class=\"siteorigin-widget-tinymce textwidget\">\n\t<p>Ontario es una provincia con una vasta extensi\u00f3n territorial y comprende muchos paisajes y tipos de comunidades diferentes. Los estudiantes internacionales pueden elegir vivir en una zona rural, una aldea o poblaci\u00f3n, un suburbio en las afueras de un centro principal de poblaci\u00f3n o en el centro de una ciudad grande. Vea el\u00a0<a href=\"\/es\/busqueda-por-mapa\/\">mapa interactivo<\/a>\u00a0para ver la ubicaci\u00f3n de las juntas escolares espec\u00edficas para establecer los tipos de comunidades ubicadas dentro de una junta escolar espec\u00edfica.<\/p>\n<p>Es importante decidir en qu\u00e9 tipo de comunidad desea vivir; muchas juntas escolares incluyen la posibilidad de vivir en un \u00e1rea urbana, suburbana o rural. Otras juntas escolares solamente ofrecer\u00e1n comunidades urbanas, suburbanas o rurales cercanas a una escuela espec\u00edfica.<\/p>\n<h3><strong>Comunidad rural<\/strong><\/h3>\n<p>En un alojamiento con familias anfitrionas rurales, la cercan\u00eda a la naturaleza usualmente est\u00e1 directamente del otro lado de la puerta. \u00a0Las \u00e1reas rurales tienden a tener un ritmo de vida relajado y un sentido fuerte de \u201ccomunidad\u201d en la que todo mundo se conoce. \u00a0Existe una sensaci\u00f3n de espacio y mucho aire fresco, as\u00ed como tambi\u00e9n una sensaci\u00f3n de tranquilidad y aislamiento. Existe una amplia variedad de condiciones de vida en el alojamiento con familias anfitrionas rurales, desde vivir en una finca hasta vivir en una casa antigua en una aldea. \u00a0Aunque las escuelas en las \u00e1reas rurales tienden a tener una poblaci\u00f3n estudiantil m\u00e1s peque\u00f1a que las escuelas suburbanas y urbanas, la norma de la educaci\u00f3n es igual que en las \u00e1reas m\u00e1s pobladas. El alojamiento con familias anfitrionas rurales puede no estar en las cercan\u00edas de la escuela y tiene menos probabilidad de estar a poca distancia para caminar a la escuela, por lo que es com\u00fan el transporte en el \u201ctradicional\u201d autob\u00fas escolar amarillo.<\/p>\n<h3><strong>Comunidad suburbana<\/strong><\/h3>\n<p>El alojamiento con familias anfitrionas suburbanas usualmente est\u00e1 cerca de la naturaleza con muchos parques dentro de la comunidad local. Aunque el ritmo de vida en las \u00e1reas suburbanas es moderado, los centros comerciales grandes tienden a estar ubicados en el \u00e1rea. Las escuelas suburbanas tienden a tener una poblaci\u00f3n estudiantil mediana o grande, de 400 a 1600 estudiantes, dependiendo de la ubicaci\u00f3n. Los estudiantes podr\u00e1n caminar a la escuela o algunos de estos estudiantes deber\u00e1n viajar a y desde la escuela en un autob\u00fas escolar designado o en transporte p\u00fablico. Muchos estudiantes con alojamiento con familias anfitrionas en \u00e1reas suburbanas vivir\u00edan en una casa individual separada.<\/p>\n<h3><strong>Comunidad urbana<\/strong><\/h3>\n<p>Las \u00e1reas urbanas est\u00e1n pobladas m\u00e1s densamente y tienen diferencias con las ubicaciones rurales y suburbanas de alojamientos con familias anfitrionas. En la mayor\u00eda de los casos, el ritmo de vida es m\u00e1s r\u00e1pido y m\u00e1s amenidades de la ciudad est\u00e1n a la mano f\u00e1cilmente, incluyendo una amplia variedad de instalaciones culturales y deportivas cercanas. El alojamiento para estudiantes puede variar desde una vivienda en una casa individual hasta una vivienda en un apartamento de gran altura. Las escuelas urbanas tienden a tener poblaciones grandes de estudiantes de hasta 2000 estudiantes. Frecuentemente la escuela est\u00e1 a poca distancia y se puede caminar hasta all\u00ed, o hay transporte p\u00fablico disponible.<\/p>\n<\/div>\n<\/div><\/div><\/div><\/div><\/div><\/div><\/div>","protected":false},"excerpt":{"rendered":"Vida rural, suburbana y urbana en Ontario Inicio Preguntas frecuentes acerca de la vida como estudiante internacional en Ontario El clima y las estaciones en Ontario Maravillas naturales y atracciones principales de Ontario Explorar Ontario Transporte y movilidad en Ontario Cultura canadiense Vida rural, suburbana y urbana en Ontario Servicios de alojamiento con familias anfitrionas&#8230; <a class=\"view-article\" href=\"https:\/\/www.oasdi.ca\/es\/vivir-en-ontario\/vida-rural\/\">Ver art\u00edculo<\/a>","protected":false},"author":237,"featured_media":16759,"parent":18287,"menu_order":0,"comment_status":"closed","ping_status":"closed","template":"","meta":{"footnotes":""},"class_list":["post-18963","page","type-page","status-publish","has-post-thumbnail","hentry"],"yoast_head":"<!-- This site is optimized with the Yoast SEO plugin v21.5 - https:\/\/yoast.com\/wordpress\/plugins\/seo\/ -->\n<title>Vida rural, suburbana y urbana | Estudiar en Ontario | OASDI<\/title>\n<meta name=\"description\" content=\"Ontario es una provincia que alberga una gran variedad de comunidades de diferentes tama\u00f1os. Descubre los diferentes tipos de comunidades de Ontario aqu\u00ed.\" \/>\n<meta name=\"robots\" content=\"index, follow, max-snippet:-1, max-image-preview:large, max-video-preview:-1\" \/>\n<link rel=\"canonical\" href=\"https:\/\/www.oasdi.ca\/es\/vivir-en-ontario\/vida-rural\/\" \/>\n<meta property=\"og:locale\" content=\"es_ES\" \/>\n<meta property=\"og:type\" content=\"article\" \/>\n<meta property=\"og:title\" content=\"Vida rural, suburbana y urbana | Estudiar en Ontario | OASDI\" \/>\n<meta property=\"og:description\" content=\"Ontario es una provincia que alberga una gran variedad de comunidades de diferentes tama\u00f1os. Descubre los diferentes tipos de comunidades de Ontario aqu\u00ed.\" \/>\n<meta property=\"og:url\" content=\"https:\/\/www.oasdi.ca\/es\/vivir-en-ontario\/vida-rural\/\" \/>\n<meta property=\"og:site_name\" content=\"OASDI\" \/>\n<meta property=\"article:modified_time\" content=\"2020-04-30T22:01:22+00:00\" \/>\n<meta property=\"og:image\" content=\"https:\/\/www.oasdi.ca\/wp-content\/uploads\/2020\/03\/oasdi-faq-1.jpg\" \/>\n\t<meta property=\"og:image:width\" content=\"1440\" \/>\n\t<meta property=\"og:image:height\" content=\"268\" \/>\n\t<meta property=\"og:image:type\" content=\"image\/jpeg\" \/>\n<meta name=\"twitter:card\" content=\"summary_large_image\" \/>\n<meta name=\"twitter:label1\" content=\"Tiempo de lectura\" \/>\n\t<meta name=\"twitter:data1\" content=\"3 minutos\" \/>\n<script type=\"application\/ld+json\" class=\"yoast-schema-graph\">{\"@context\":\"https:\/\/schema.org\",\"@graph\":[{\"@type\":\"WebPage\",\"@id\":\"https:\/\/www.oasdi.ca\/es\/vivir-en-ontario\/vida-rural\/\",\"url\":\"https:\/\/www.oasdi.ca\/es\/vivir-en-ontario\/vida-rural\/\",\"name\":\"Vida rural, suburbana y urbana | Estudiar en Ontario | OASDI\",\"isPartOf\":{\"@id\":\"https:\/\/www.oasdi.ca\/es\/#website\"},\"datePublished\":\"2020-03-22T02:49:02+00:00\",\"dateModified\":\"2020-04-30T22:01:22+00:00\",\"description\":\"Ontario es una provincia que alberga una gran variedad de comunidades de diferentes tama\u00f1os. Descubre los diferentes tipos de comunidades de Ontario aqu\u00ed.\",\"breadcrumb\":{\"@id\":\"https:\/\/www.oasdi.ca\/es\/vivir-en-ontario\/vida-rural\/#breadcrumb\"},\"inLanguage\":\"es\",\"potentialAction\":[{\"@type\":\"ReadAction\",\"target\":[\"https:\/\/www.oasdi.ca\/es\/vivir-en-ontario\/vida-rural\/\"]}]},{\"@type\":\"BreadcrumbList\",\"@id\":\"https:\/\/www.oasdi.ca\/es\/vivir-en-ontario\/vida-rural\/#breadcrumb\",\"itemListElement\":[{\"@type\":\"ListItem\",\"position\":1,\"name\":\"Inicio\",\"item\":\"https:\/\/www.oasdi.ca\/es\/\"},{\"@type\":\"ListItem\",\"position\":2,\"name\":\"Vivir en Ontario como estudiante internacional\",\"item\":\"https:\/\/www.oasdi.ca\/es\/vivir-en-ontario\/\"},{\"@type\":\"ListItem\",\"position\":3,\"name\":\"Vida rural, suburbana y urbana en Ontario\"}]},{\"@type\":\"WebSite\",\"@id\":\"https:\/\/www.oasdi.ca\/es\/#website\",\"url\":\"https:\/\/www.oasdi.ca\/es\/\",\"name\":\"OASDI\",\"description\":\"Ontario Association of School District International\",\"publisher\":{\"@id\":\"https:\/\/www.oasdi.ca\/es\/#organization\"},\"potentialAction\":[{\"@type\":\"SearchAction\",\"target\":{\"@type\":\"EntryPoint\",\"urlTemplate\":\"https:\/\/www.oasdi.ca\/es\/?s={search_term_string}\"},\"query-input\":\"required name=search_term_string\"}],\"inLanguage\":\"es\"},{\"@type\":\"Organization\",\"@id\":\"https:\/\/www.oasdi.ca\/es\/#organization\",\"name\":\"OASDI\",\"url\":\"https:\/\/www.oasdi.ca\/es\/\",\"logo\":{\"@type\":\"ImageObject\",\"inLanguage\":\"es\",\"@id\":\"https:\/\/www.oasdi.ca\/es\/#\/schema\/logo\/image\/\",\"url\":\"https:\/\/www.oasdi.ca\/wp-content\/uploads\/2020\/02\/cropped-oasdi-logo.png\",\"contentUrl\":\"https:\/\/www.oasdi.ca\/wp-content\/uploads\/2020\/02\/cropped-oasdi-logo.png\",\"width\":468,\"height\":96,\"caption\":\"OASDI\"},\"image\":{\"@id\":\"https:\/\/www.oasdi.ca\/es\/#\/schema\/logo\/image\/\"}}]}<\/script>\n<!-- \/ Yoast SEO plugin. -->","yoast_head_json":{"title":"Vida rural, suburbana y urbana | Estudiar en Ontario | OASDI","description":"Ontario es una provincia que alberga una gran variedad de comunidades de diferentes tama\u00f1os. Descubre los diferentes tipos de comunidades de Ontario aqu\u00ed.","robots":{"index":"index","follow":"follow","max-snippet":"max-snippet:-1","max-image-preview":"max-image-preview:large","max-video-preview":"max-video-preview:-1"},"canonical":"https:\/\/www.oasdi.ca\/es\/vivir-en-ontario\/vida-rural\/","og_locale":"es_ES","og_type":"article","og_title":"Vida rural, suburbana y urbana | Estudiar en Ontario | OASDI","og_description":"Ontario es una provincia que alberga una gran variedad de comunidades de diferentes tama\u00f1os. Descubre los diferentes tipos de comunidades de Ontario aqu\u00ed.","og_url":"https:\/\/www.oasdi.ca\/es\/vivir-en-ontario\/vida-rural\/","og_site_name":"OASDI","article_modified_time":"2020-04-30T22:01:22+00:00","og_image":[{"width":1440,"height":268,"url":"https:\/\/www.oasdi.ca\/wp-content\/uploads\/2020\/03\/oasdi-faq-1.jpg","type":"image\/jpeg"}],"twitter_card":"summary_large_image","twitter_misc":{"Tiempo de lectura":"3 minutos"},"schema":{"@context":"https:\/\/schema.org","@graph":[{"@type":"WebPage","@id":"https:\/\/www.oasdi.ca\/es\/vivir-en-ontario\/vida-rural\/","url":"https:\/\/www.oasdi.ca\/es\/vivir-en-ontario\/vida-rural\/","name":"Vida rural, suburbana y urbana | Estudiar en Ontario | OASDI","isPartOf":{"@id":"https:\/\/www.oasdi.ca\/es\/#website"},"datePublished":"2020-03-22T02:49:02+00:00","dateModified":"2020-04-30T22:01:22+00:00","description":"Ontario es una provincia que alberga una gran variedad de comunidades de diferentes tama\u00f1os. Descubre los diferentes tipos de comunidades de Ontario aqu\u00ed.","breadcrumb":{"@id":"https:\/\/www.oasdi.ca\/es\/vivir-en-ontario\/vida-rural\/#breadcrumb"},"inLanguage":"es","potentialAction":[{"@type":"ReadAction","target":["https:\/\/www.oasdi.ca\/es\/vivir-en-ontario\/vida-rural\/"]}]},{"@type":"BreadcrumbList","@id":"https:\/\/www.oasdi.ca\/es\/vivir-en-ontario\/vida-rural\/#breadcrumb","itemListElement":[{"@type":"ListItem","position":1,"name":"Inicio","item":"https:\/\/www.oasdi.ca\/es\/"},{"@type":"ListItem","position":2,"name":"Vivir en Ontario como estudiante internacional","item":"https:\/\/www.oasdi.ca\/es\/vivir-en-ontario\/"},{"@type":"ListItem","position":3,"name":"Vida rural, suburbana y urbana en Ontario"}]},{"@type":"WebSite","@id":"https:\/\/www.oasdi.ca\/es\/#website","url":"https:\/\/www.oasdi.ca\/es\/","name":"OASDI","description":"Ontario Association of School District International","publisher":{"@id":"https:\/\/www.oasdi.ca\/es\/#organization"},"potentialAction":[{"@type":"SearchAction","target":{"@type":"EntryPoint","urlTemplate":"https:\/\/www.oasdi.ca\/es\/?s={search_term_string}"},"query-input":"required name=search_term_string"}],"inLanguage":"es"},{"@type":"Organization","@id":"https:\/\/www.oasdi.ca\/es\/#organization","name":"OASDI","url":"https:\/\/www.oasdi.ca\/es\/","logo":{"@type":"ImageObject","inLanguage":"es","@id":"https:\/\/www.oasdi.ca\/es\/#\/schema\/logo\/image\/","url":"https:\/\/www.oasdi.ca\/wp-content\/uploads\/2020\/02\/cropped-oasdi-logo.png","contentUrl":"https:\/\/www.oasdi.ca\/wp-content\/uploads\/2020\/02\/cropped-oasdi-logo.png","width":468,"height":96,"caption":"OASDI"},"image":{"@id":"https:\/\/www.oasdi.ca\/es\/#\/schema\/logo\/image\/"}}]}},"_links":{"self":[{"href":"https:\/\/www.oasdi.ca\/es\/wp-json\/wp\/v2\/pages\/18963"}],"collection":[{"href":"https:\/\/www.oasdi.ca\/es\/wp-json\/wp\/v2\/pages"}],"about":[{"href":"https:\/\/www.oasdi.ca\/es\/wp-json\/wp\/v2\/types\/page"}],"author":[{"embeddable":true,"href":"https:\/\/www.oasdi.ca\/es\/wp-json\/wp\/v2\/users\/237"}],"replies":[{"embeddable":true,"href":"https:\/\/www.oasdi.ca\/es\/wp-json\/wp\/v2\/comments?post=18963"}],"version-history":[{"count":0,"href":"https:\/\/www.oasdi.ca\/es\/wp-json\/wp\/v2\/pages\/18963\/revisions"}],"up":[{"embeddable":true,"href":"https:\/\/www.oasdi.ca\/es\/wp-json\/wp\/v2\/pages\/18287"}],"wp:featuredmedia":[{"embeddable":true,"href":"https:\/\/www.oasdi.ca\/es\/wp-json\/wp\/v2\/media\/16759"}],"wp:attachment":[{"href":"https:\/\/www.oasdi.ca\/es\/wp-json\/wp\/v2\/media?parent=18963"}],"curies":[{"name":"wp","href":"https:\/\/api.w.org\/{rel}","templated":true}]}}