{"id":18918,"date":"2020-03-22T15:52:12","date_gmt":"2020-03-22T15:52:12","guid":{"rendered":"http:\/\/oasdi.ca\/vivir-en-ontario\/cultura-canadiense\/teen\/"},"modified":"2020-04-19T19:00:28","modified_gmt":"2020-04-19T19:00:28","slug":"adolescentes","status":"publish","type":"page","link":"https:\/\/www.oasdi.ca\/es\/vivir-en-ontario\/cultura-canadiense\/adolescentes\/","title":{"rendered":"Cultura adolescente en Ontario"},"content":{"rendered":"<div id=\"pl-18918\"  class=\"panel-layout\" ><div id=\"pg-18918-0\"  class=\"panel-grid panel-no-style\" ><div id=\"pgc-18918-0-0\"  class=\"panel-grid-cell\" ><div id=\"panel-18918-0-0-0\" class=\"so-panel widget widget_sow-image panel-first-child panel-last-child\" data-index=\"0\" ><div class=\"is-featured-img panel-widget-style panel-widget-style-for-18918-0-0-0\" ><div\n\t\t\t\n\t\t\tclass=\"so-widget-sow-image so-widget-sow-image-default-c4f6304fc136-18918\"\n\t\t\t\n\t\t>\n\n<div class=\"sow-image-container\">\n\t\t<img loading=\"lazy\" decoding=\"async\" src=\"https:\/\/www.oasdi.ca\/wp-content\/uploads\/2020\/03\/onatrio-canada.jpg\" width=\"1440\" height=\"268\" srcset=\"https:\/\/www.oasdi.ca\/wp-content\/uploads\/2020\/03\/onatrio-canada.jpg 1440w, https:\/\/www.oasdi.ca\/wp-content\/uploads\/2020\/03\/onatrio-canada-250x47.jpg 250w, https:\/\/www.oasdi.ca\/wp-content\/uploads\/2020\/03\/onatrio-canada-700x130.jpg 700w, https:\/\/www.oasdi.ca\/wp-content\/uploads\/2020\/03\/onatrio-canada-768x143.jpg 768w, https:\/\/www.oasdi.ca\/wp-content\/uploads\/2020\/03\/onatrio-canada-500x93.jpg 500w, https:\/\/www.oasdi.ca\/wp-content\/uploads\/2020\/03\/onatrio-canada-120x22.jpg 120w\" sizes=\"(max-width: 1440px) 100vw, 1440px\" title=\"onatrio canada\" alt=\"\" \t\tclass=\"so-widget-image\"\/>\n\t<\/div>\n\n<\/div><\/div><\/div><\/div><\/div><div id=\"pg-18918-1\"  class=\"panel-grid panel-has-style\" ><div class=\"has-container panel-row-style panel-row-style-for-18918-1\" ><div id=\"pgc-18918-1-0\"  class=\"panel-grid-cell\" ><div id=\"panel-18918-1-0-0\" class=\"so-panel widget widget_hem-seo-title-widget panel-first-child panel-last-child\" data-index=\"1\" ><div class=\"panel-widget-style panel-widget-style-for-18918-1-0-0\" ><div\n\t\t\t\n\t\t\tclass=\"so-widget-hem-seo-title-widget so-widget-hem-seo-title-widget-hem-seo-title-widget-style-d75171398898-18918\"\n\t\t\t\n\t\t>\n<h1 style=\"font-size:px;\">Cultura adolescente en Ontario<\/h1>\n\n\n\n\t<!-- <div class=\"breadcrumb-trail\"><a href=\"index.php\">Home<\/a> \u00bb <span class=\"breadcrumb-current\">About<\/span><\/div> -->\n\t<div class=\"test1\"><span><span><a href=\"https:\/\/www.oasdi.ca\/es\/\">Inicio<\/a><\/span><\/span><\/div>\n<\/div><\/div><\/div><\/div><\/div><\/div><div id=\"pg-18918-2\"  class=\"panel-grid panel-has-style\" ><div class=\"has-container panel-row-style panel-row-style-for-18918-2\" ><div id=\"pgc-18918-2-0\"  class=\"panel-grid-cell\" ><div id=\"panel-18918-2-0-0\" class=\"so-panel widget widget_hem-sidebar-menu-widget panel-first-child\" data-index=\"2\" ><div\n\t\t\t\n\t\t\tclass=\"so-widget-hem-sidebar-menu-widget so-widget-hem-sidebar-menu-widget-hem-sidebar-menu-widget-style-d75171398898-18918\"\n\t\t\t\n\t\t><div id=\"sidebar\">\n\t\t\t<ul id=\"side-menu\" class=\"side-menu menu-embedded\">\n\t\t\t\n\t\t\t\t\t\t\t\t\n\t\t\t\t\t\t\t\t\t\t\t<li><a class=\"active\" href=\"https:\/\/www.oasdi.ca\/es\/vivir-en-ontario\/cultura-canadiense\/adolescentes\/\">Cultura adolescente en Ontario<\/a><\/li>\n\t\t\t\t\t\t\t\t\t\t\t\t\t\n\t\t\t\t\t\t\t\t\t\t\t<li><a href=\"https:\/\/www.oasdi.ca\/es\/vivir-en-ontario\/cultura-canadiense\/autoctonos\/\">Culturas ind\u00edgenas en Ontario<\/a><\/li>\n\t\t\t\t\t\t\t\t\t\t\t\t\t\n\t\t\t\t\t\t\t\t\t\t\t<li><a href=\"https:\/\/www.oasdi.ca\/es\/vivir-en-ontario\/cultura-canadiense\/hogar\/\">Cultura en el hogar en Ontario<\/a><\/li>\n\t\t\t\t\t\t\t\t\t\t\t\t\t\n\t\t\t\t\t\t\t\t\t\t\t<li><a href=\"https:\/\/www.oasdi.ca\/es\/vivir-en-ontario\/cultura-canadiense\/francofonia\/\">Cultura franc\u00f3fona en Ontario<\/a><\/li>\n\t\t\t\t\t\t\t\t\t\t\n\n\t\t\t\t<!-- Extra menu -->\n\t\t\t\t\n\n\n\t\t\t\t\t<\/ul>\n\t\n\n<\/div><\/div><\/div><div id=\"panel-18918-2-0-1\" class=\"so-panel widget widget_hem-sidebar-link-widget panel-last-child\" data-index=\"3\" ><div\n\t\t\t\n\t\t\tclass=\"so-widget-hem-sidebar-link-widget so-widget-hem-sidebar-link-widget-hem-sidebar-link-widget-style-d75171398898-18918\"\n\t\t\t\n\t\t><div id=\"sidebar\" class=\"external-link-only\">\n\n\n\n\t\t\t\t<!-- Extra menu -->\n\t\t\t\t\t\t\t\t\t<ul id=\"side-menu\" class=\"side-menu menu-embedded\">\n\t\t\t\t\t\t\t\t\t\t\t\t\t\t\t\t\t\t\t\t\t<li><a  href=\"https:\/\/www.oasdi.ca\/map-search\/\">Map Overview<\/a><\/li>\n\t\t\t\t\t\t\t\t\t\t\t\t\t\t\n\t\t\t\t\t\t\t\t\t\t\t\t\t\t\t\t\t\t\t\t\t<li><a  href=\"https:\/\/www.oasdi.ca\/district-list\/\">District List<\/a><\/li>\n\t\t\t\t\t\t\t\t\t\t\t\t\t\t\n\t\t\t\t\t\t\t\n\t\t\t\t\t<\/ul>\n\t\t\t\t\n\t\t\t\t\n\n\n\n\n<\/div><\/div><\/div><\/div><div id=\"pgc-18918-2-1\"  class=\"panel-grid-cell\" ><div class=\"pl-sm-3 pl-md-5 panel-cell-style panel-cell-style-for-18918-2-1\" ><div id=\"panel-18918-2-1-0\" class=\"so-panel widget widget_sow-editor panel-first-child panel-last-child\" data-index=\"4\" ><div\n\t\t\t\n\t\t\tclass=\"so-widget-sow-editor so-widget-sow-editor-base\"\n\t\t\t\n\t\t>\n<div class=\"siteorigin-widget-tinymce textwidget\">\n\t<p>Los adolescentes canadiense tienden a estar ocupados e involucrados ya sea en la escuela, trabajo de tiempo parcial, en deportes organizados y actividades culturales, y por supuesto, en socializar con sus compa\u00f1eros.<\/p>\n<h3><strong>Familia y amigos<\/strong><\/h3>\n<p>Los adolescentes en Canad\u00e1 tienden a estar involucrados con sus familias y la gran mayor\u00eda de adolescentes viven con ambos padres. Se espera que los adolescentes canadienses contribuyan con las faenas y labores en el hogar desde lavar platos, sacar la basura, apalear nieve en el invierno o cortar el c\u00e9sped el resto del a\u00f1o. Las diferentes familias imponen reglas diferentes con respecto a las libertades y horas l\u00edmite de llegar por la noche, sin embargo, la mayor\u00eda de adolescentes canadienses tienen bastante libertad de usar su tiempo libre como quieran lo que m\u00e1s frecuentemente incluye socializar con sus compa\u00f1eros. \u00a0Frecuentemente, los adolescentes se re\u00fanen en casas de amigos para jugar juegos de video, ver televisi\u00f3n o preparar una comida juntos. A menudo, los adolescentes van en grupo de compras a un centro comercial, al cine o a eventos escolares.<\/p>\n<h3><strong>La escuela y el trabajo de tiempo parcial<\/strong><\/h3>\n<p>Obtener una buena educaci\u00f3n es importante para la mayor\u00eda de los adolescentes y la gran mayor\u00eda de adolescentes canadienses se grad\u00faan del bachillerato y desean seguir alg\u00fan tipo de educaci\u00f3n superior. La escuela ocupa la mayor parte del tiempo de los adolescentes, ya que la escuela funciona desde aproximadamente las 9 a. m. hasta las 3:00 p. m. todos los d\u00edas de la semana durante el a\u00f1o acad\u00e9mico. Adem\u00e1s, regularmente se asignan tareas y se espera que el estudiante canadiense promedio de bachillerato, estudie de 1 a 2 horas cada d\u00eda escolar. Ya sea a trav\u00e9s de su escuela o la comunidad local, los adolescentes frecuentemente estar\u00e1n involucrados en deportes, en equipos organizados o individualizados como hockey en hielo, f\u00fatbol o tenis y estas actividades requerir\u00e1n un compromiso personal serio y bastante tiempo. Es una situaci\u00f3n similar para los adolescentes con inter\u00e9s en la m\u00fasica, teatro o danza. Muchos adolescentes desean jugar a niveles competitivos lo que exige un compromiso a\u00fan m\u00e1s intenso; frecuentemente los adolescentes individuales participan en m\u00e1s de un deporte y\/o actividad cultural a un nivel elevado de rendimiento. \u00a0\u00a0Adem\u00e1s de las actividades basadas en la comunidad, casi todos los bachilleratos canadienses tienen un selecci\u00f3n extensa y amplia de deportes y opciones extracurriculares despu\u00e9s de la escuela. \u00a0Estos equipos, clubes y actividades satisfacen los diferentes intereses y niveles de habilidades. \u00a0Todos los estudiantes tienen la oportunidad de participar.<\/p>\n<p>Otra parte de la vida adolescente es el voluntariado. En Ontario y en varias otras provincias canadienses es un requisito para la graduaci\u00f3n completar una cantidad espec\u00edfica de horas de servicio comunitario. Muchos adolescentes eligen completar muchas m\u00e1s horas que las horas m\u00ednimas requeridas para la graduaci\u00f3n.<\/p>\n<p>Muchos adolescentes, especialmente en los \u00faltimos a\u00f1os del bachillerato, trabajan en un empleo de tiempo parcial los fines de semana y a veces despu\u00e9s de la escuela durante la semana. Este empleo de tiempo parcial frecuentemente se realiza en las industrias de servicio, como la preparaci\u00f3n de alimentos o el trabajo en tiendas minoristas; el trabajo es impulsado por los padres como una manera para que los adolescentes adquieran habilidades de empleo y obtengan un ingreso econ\u00f3mico. Muchos estudiantes tienen que trabajar para ahorrar para su educaci\u00f3n superior ya que la inscripci\u00f3n para la escuela vocacional o t\u00e9cnica o la universidad no es gratis en Canad\u00e1.<\/p>\n<h4><strong>\u00bfDesea m\u00e1s informaci\u00f3n acerca de la vida de los adolescentes en Canad\u00e1?<\/strong><\/h4>\n<ul>\n<li><a href=\"http:\/\/www.statcan.gc.ca\/pub\/75-001-x\/10507\/9635-eng.htm\" target=\"_blank\" rel=\"noopener\">Gobierno de Canad\u00e1: La vida ocupada de los adolescentes (Estad\u00edsticas de Canad\u00e1)<\/a><\/li>\n<li><a href=\"http:\/\/www.canada.com\/health\/Canadian+teens+most+satisfied+with+life\/1735878\/story.html\" target=\"_blank\" rel=\"noopener\">Canadian Teens Most Satisfied with Life (Adolescentes canadienses, los m\u00e1s satisfechos con la vida)<\/a><\/li>\n<\/ul>\n<\/div>\n<\/div><\/div><\/div><\/div><\/div><\/div><\/div>","protected":false},"excerpt":{"rendered":"Cultura adolescente en Ontario Inicio Cultura adolescente en Ontario Culturas ind\u00edgenas en Ontario Cultura en el hogar en Ontario Cultura franc\u00f3fona en Ontario Map Overview District List Los adolescentes canadiense tienden a estar ocupados e involucrados ya sea en la escuela, trabajo de tiempo parcial, en deportes organizados y actividades culturales, y por supuesto, en&#8230; <a class=\"view-article\" href=\"https:\/\/www.oasdi.ca\/es\/vivir-en-ontario\/cultura-canadiense\/adolescentes\/\">Ver art\u00edculo<\/a>","protected":false},"author":237,"featured_media":16991,"parent":18367,"menu_order":0,"comment_status":"closed","ping_status":"closed","template":"","meta":{"footnotes":""},"class_list":["post-18918","page","type-page","status-publish","has-post-thumbnail","hentry"],"yoast_head":"<!-- This site is optimized with the Yoast SEO plugin v21.5 - https:\/\/yoast.com\/wordpress\/plugins\/seo\/ -->\n<title>Cultura adolescente | Educaci\u00f3n en Ontario | OASDI<\/title>\n<meta name=\"description\" content=\"Los adolescentes canadienses se mantienen ocupados con actividades escolares, sociales, y extracurriculares. Descubre m\u00e1s sobre la cultura adolescente aqu\u00ed.\" \/>\n<meta name=\"robots\" content=\"index, follow, max-snippet:-1, max-image-preview:large, max-video-preview:-1\" \/>\n<link rel=\"canonical\" href=\"https:\/\/www.oasdi.ca\/es\/vivir-en-ontario\/cultura-canadiense\/adolescentes\/\" \/>\n<meta property=\"og:locale\" content=\"es_ES\" \/>\n<meta property=\"og:type\" content=\"article\" \/>\n<meta property=\"og:title\" content=\"Cultura adolescente | Educaci\u00f3n en Ontario | OASDI\" \/>\n<meta property=\"og:description\" content=\"Los adolescentes canadienses se mantienen ocupados con actividades escolares, sociales, y extracurriculares. Descubre m\u00e1s sobre la cultura adolescente aqu\u00ed.\" \/>\n<meta property=\"og:url\" content=\"https:\/\/www.oasdi.ca\/es\/vivir-en-ontario\/cultura-canadiense\/adolescentes\/\" \/>\n<meta property=\"og:site_name\" content=\"OASDI\" \/>\n<meta property=\"article:modified_time\" content=\"2020-04-19T19:00:28+00:00\" \/>\n<meta property=\"og:image\" content=\"https:\/\/www.oasdi.ca\/wp-content\/uploads\/2020\/03\/onatrio-canada.jpg\" \/>\n\t<meta property=\"og:image:width\" content=\"1440\" \/>\n\t<meta property=\"og:image:height\" content=\"268\" \/>\n\t<meta property=\"og:image:type\" content=\"image\/jpeg\" \/>\n<meta name=\"twitter:card\" content=\"summary_large_image\" \/>\n<meta name=\"twitter:label1\" content=\"Tiempo de lectura\" \/>\n\t<meta name=\"twitter:data1\" content=\"3 minutos\" \/>\n<script type=\"application\/ld+json\" class=\"yoast-schema-graph\">{\"@context\":\"https:\/\/schema.org\",\"@graph\":[{\"@type\":\"WebPage\",\"@id\":\"https:\/\/www.oasdi.ca\/es\/vivir-en-ontario\/cultura-canadiense\/adolescentes\/\",\"url\":\"https:\/\/www.oasdi.ca\/es\/vivir-en-ontario\/cultura-canadiense\/adolescentes\/\",\"name\":\"Cultura adolescente | Educaci\u00f3n en Ontario | OASDI\",\"isPartOf\":{\"@id\":\"https:\/\/www.oasdi.ca\/es\/#website\"},\"datePublished\":\"2020-03-22T15:52:12+00:00\",\"dateModified\":\"2020-04-19T19:00:28+00:00\",\"description\":\"Los adolescentes canadienses se mantienen ocupados con actividades escolares, sociales, y extracurriculares. Descubre m\u00e1s sobre la cultura adolescente aqu\u00ed.\",\"breadcrumb\":{\"@id\":\"https:\/\/www.oasdi.ca\/es\/vivir-en-ontario\/cultura-canadiense\/adolescentes\/#breadcrumb\"},\"inLanguage\":\"es\",\"potentialAction\":[{\"@type\":\"ReadAction\",\"target\":[\"https:\/\/www.oasdi.ca\/es\/vivir-en-ontario\/cultura-canadiense\/adolescentes\/\"]}]},{\"@type\":\"BreadcrumbList\",\"@id\":\"https:\/\/www.oasdi.ca\/es\/vivir-en-ontario\/cultura-canadiense\/adolescentes\/#breadcrumb\",\"itemListElement\":[{\"@type\":\"ListItem\",\"position\":1,\"name\":\"Inicio\",\"item\":\"https:\/\/www.oasdi.ca\/es\/\"},{\"@type\":\"ListItem\",\"position\":2,\"name\":\"Vivir en Ontario como estudiante internacional\",\"item\":\"https:\/\/www.oasdi.ca\/es\/vivir-en-ontario\/\"},{\"@type\":\"ListItem\",\"position\":3,\"name\":\"Cultura canadiense\",\"item\":\"https:\/\/www.oasdi.ca\/es\/vivir-en-ontario\/cultura-canadiense\/\"},{\"@type\":\"ListItem\",\"position\":4,\"name\":\"Cultura adolescente en Ontario\"}]},{\"@type\":\"WebSite\",\"@id\":\"https:\/\/www.oasdi.ca\/es\/#website\",\"url\":\"https:\/\/www.oasdi.ca\/es\/\",\"name\":\"OASDI\",\"description\":\"Ontario Association of School District International\",\"publisher\":{\"@id\":\"https:\/\/www.oasdi.ca\/es\/#organization\"},\"potentialAction\":[{\"@type\":\"SearchAction\",\"target\":{\"@type\":\"EntryPoint\",\"urlTemplate\":\"https:\/\/www.oasdi.ca\/es\/?s={search_term_string}\"},\"query-input\":\"required name=search_term_string\"}],\"inLanguage\":\"es\"},{\"@type\":\"Organization\",\"@id\":\"https:\/\/www.oasdi.ca\/es\/#organization\",\"name\":\"OASDI\",\"url\":\"https:\/\/www.oasdi.ca\/es\/\",\"logo\":{\"@type\":\"ImageObject\",\"inLanguage\":\"es\",\"@id\":\"https:\/\/www.oasdi.ca\/es\/#\/schema\/logo\/image\/\",\"url\":\"https:\/\/www.oasdi.ca\/wp-content\/uploads\/2020\/02\/cropped-oasdi-logo.png\",\"contentUrl\":\"https:\/\/www.oasdi.ca\/wp-content\/uploads\/2020\/02\/cropped-oasdi-logo.png\",\"width\":468,\"height\":96,\"caption\":\"OASDI\"},\"image\":{\"@id\":\"https:\/\/www.oasdi.ca\/es\/#\/schema\/logo\/image\/\"}}]}<\/script>\n<!-- \/ Yoast SEO plugin. -->","yoast_head_json":{"title":"Cultura adolescente | Educaci\u00f3n en Ontario | OASDI","description":"Los adolescentes canadienses se mantienen ocupados con actividades escolares, sociales, y extracurriculares. Descubre m\u00e1s sobre la cultura adolescente aqu\u00ed.","robots":{"index":"index","follow":"follow","max-snippet":"max-snippet:-1","max-image-preview":"max-image-preview:large","max-video-preview":"max-video-preview:-1"},"canonical":"https:\/\/www.oasdi.ca\/es\/vivir-en-ontario\/cultura-canadiense\/adolescentes\/","og_locale":"es_ES","og_type":"article","og_title":"Cultura adolescente | Educaci\u00f3n en Ontario | OASDI","og_description":"Los adolescentes canadienses se mantienen ocupados con actividades escolares, sociales, y extracurriculares. Descubre m\u00e1s sobre la cultura adolescente aqu\u00ed.","og_url":"https:\/\/www.oasdi.ca\/es\/vivir-en-ontario\/cultura-canadiense\/adolescentes\/","og_site_name":"OASDI","article_modified_time":"2020-04-19T19:00:28+00:00","og_image":[{"width":1440,"height":268,"url":"https:\/\/www.oasdi.ca\/wp-content\/uploads\/2020\/03\/onatrio-canada.jpg","type":"image\/jpeg"}],"twitter_card":"summary_large_image","twitter_misc":{"Tiempo de lectura":"3 minutos"},"schema":{"@context":"https:\/\/schema.org","@graph":[{"@type":"WebPage","@id":"https:\/\/www.oasdi.ca\/es\/vivir-en-ontario\/cultura-canadiense\/adolescentes\/","url":"https:\/\/www.oasdi.ca\/es\/vivir-en-ontario\/cultura-canadiense\/adolescentes\/","name":"Cultura adolescente | Educaci\u00f3n en Ontario | OASDI","isPartOf":{"@id":"https:\/\/www.oasdi.ca\/es\/#website"},"datePublished":"2020-03-22T15:52:12+00:00","dateModified":"2020-04-19T19:00:28+00:00","description":"Los adolescentes canadienses se mantienen ocupados con actividades escolares, sociales, y extracurriculares. Descubre m\u00e1s sobre la cultura adolescente aqu\u00ed.","breadcrumb":{"@id":"https:\/\/www.oasdi.ca\/es\/vivir-en-ontario\/cultura-canadiense\/adolescentes\/#breadcrumb"},"inLanguage":"es","potentialAction":[{"@type":"ReadAction","target":["https:\/\/www.oasdi.ca\/es\/vivir-en-ontario\/cultura-canadiense\/adolescentes\/"]}]},{"@type":"BreadcrumbList","@id":"https:\/\/www.oasdi.ca\/es\/vivir-en-ontario\/cultura-canadiense\/adolescentes\/#breadcrumb","itemListElement":[{"@type":"ListItem","position":1,"name":"Inicio","item":"https:\/\/www.oasdi.ca\/es\/"},{"@type":"ListItem","position":2,"name":"Vivir en Ontario como estudiante internacional","item":"https:\/\/www.oasdi.ca\/es\/vivir-en-ontario\/"},{"@type":"ListItem","position":3,"name":"Cultura canadiense","item":"https:\/\/www.oasdi.ca\/es\/vivir-en-ontario\/cultura-canadiense\/"},{"@type":"ListItem","position":4,"name":"Cultura adolescente en Ontario"}]},{"@type":"WebSite","@id":"https:\/\/www.oasdi.ca\/es\/#website","url":"https:\/\/www.oasdi.ca\/es\/","name":"OASDI","description":"Ontario Association of School District International","publisher":{"@id":"https:\/\/www.oasdi.ca\/es\/#organization"},"potentialAction":[{"@type":"SearchAction","target":{"@type":"EntryPoint","urlTemplate":"https:\/\/www.oasdi.ca\/es\/?s={search_term_string}"},"query-input":"required name=search_term_string"}],"inLanguage":"es"},{"@type":"Organization","@id":"https:\/\/www.oasdi.ca\/es\/#organization","name":"OASDI","url":"https:\/\/www.oasdi.ca\/es\/","logo":{"@type":"ImageObject","inLanguage":"es","@id":"https:\/\/www.oasdi.ca\/es\/#\/schema\/logo\/image\/","url":"https:\/\/www.oasdi.ca\/wp-content\/uploads\/2020\/02\/cropped-oasdi-logo.png","contentUrl":"https:\/\/www.oasdi.ca\/wp-content\/uploads\/2020\/02\/cropped-oasdi-logo.png","width":468,"height":96,"caption":"OASDI"},"image":{"@id":"https:\/\/www.oasdi.ca\/es\/#\/schema\/logo\/image\/"}}]}},"_links":{"self":[{"href":"https:\/\/www.oasdi.ca\/es\/wp-json\/wp\/v2\/pages\/18918"}],"collection":[{"href":"https:\/\/www.oasdi.ca\/es\/wp-json\/wp\/v2\/pages"}],"about":[{"href":"https:\/\/www.oasdi.ca\/es\/wp-json\/wp\/v2\/types\/page"}],"author":[{"embeddable":true,"href":"https:\/\/www.oasdi.ca\/es\/wp-json\/wp\/v2\/users\/237"}],"replies":[{"embeddable":true,"href":"https:\/\/www.oasdi.ca\/es\/wp-json\/wp\/v2\/comments?post=18918"}],"version-history":[{"count":0,"href":"https:\/\/www.oasdi.ca\/es\/wp-json\/wp\/v2\/pages\/18918\/revisions"}],"up":[{"embeddable":true,"href":"https:\/\/www.oasdi.ca\/es\/wp-json\/wp\/v2\/pages\/18367"}],"wp:featuredmedia":[{"embeddable":true,"href":"https:\/\/www.oasdi.ca\/es\/wp-json\/wp\/v2\/media\/16991"}],"wp:attachment":[{"href":"https:\/\/www.oasdi.ca\/es\/wp-json\/wp\/v2\/media?parent=18918"}],"curies":[{"name":"wp","href":"https:\/\/api.w.org\/{rel}","templated":true}]}}