{"id":18875,"date":"2020-03-22T15:48:24","date_gmt":"2020-03-22T15:48:24","guid":{"rendered":"http:\/\/oasdi.ca\/vivir-en-ontario\/cultura-canadiense\/indigenous\/"},"modified":"2020-04-18T14:34:30","modified_gmt":"2020-04-18T14:34:30","slug":"autoctonos","status":"publish","type":"page","link":"https:\/\/www.oasdi.ca\/es\/vivir-en-ontario\/cultura-canadiense\/autoctonos\/","title":{"rendered":"Culturas ind\u00edgenas en Ontario"},"content":{"rendered":"<div id=\"pl-18875\"  class=\"panel-layout\" ><div id=\"pg-18875-0\"  class=\"panel-grid panel-no-style\" ><div id=\"pgc-18875-0-0\"  class=\"panel-grid-cell\" ><div id=\"panel-18875-0-0-0\" class=\"so-panel widget widget_sow-image panel-first-child panel-last-child\" data-index=\"0\" ><div class=\"is-featured-img panel-widget-style panel-widget-style-for-18875-0-0-0\" ><div\n\t\t\t\n\t\t\tclass=\"so-widget-sow-image so-widget-sow-image-default-c4f6304fc136-18875\"\n\t\t\t\n\t\t>\n\n<div class=\"sow-image-container\">\n\t\t<img loading=\"lazy\" decoding=\"async\" src=\"https:\/\/www.oasdi.ca\/wp-content\/uploads\/2020\/03\/onatrio-canada.jpg\" width=\"1440\" height=\"268\" srcset=\"https:\/\/www.oasdi.ca\/wp-content\/uploads\/2020\/03\/onatrio-canada.jpg 1440w, https:\/\/www.oasdi.ca\/wp-content\/uploads\/2020\/03\/onatrio-canada-250x47.jpg 250w, https:\/\/www.oasdi.ca\/wp-content\/uploads\/2020\/03\/onatrio-canada-700x130.jpg 700w, https:\/\/www.oasdi.ca\/wp-content\/uploads\/2020\/03\/onatrio-canada-768x143.jpg 768w, https:\/\/www.oasdi.ca\/wp-content\/uploads\/2020\/03\/onatrio-canada-500x93.jpg 500w, https:\/\/www.oasdi.ca\/wp-content\/uploads\/2020\/03\/onatrio-canada-120x22.jpg 120w\" sizes=\"(max-width: 1440px) 100vw, 1440px\" title=\"onatrio canada\" alt=\"\" \t\tclass=\"so-widget-image\"\/>\n\t<\/div>\n\n<\/div><\/div><\/div><\/div><\/div><div id=\"pg-18875-1\"  class=\"panel-grid panel-has-style\" ><div class=\"has-container panel-row-style panel-row-style-for-18875-1\" ><div id=\"pgc-18875-1-0\"  class=\"panel-grid-cell\" ><div id=\"panel-18875-1-0-0\" class=\"so-panel widget widget_hem-seo-title-widget panel-first-child panel-last-child\" data-index=\"1\" ><div class=\"panel-widget-style panel-widget-style-for-18875-1-0-0\" ><div\n\t\t\t\n\t\t\tclass=\"so-widget-hem-seo-title-widget so-widget-hem-seo-title-widget-hem-seo-title-widget-style-d75171398898-18875\"\n\t\t\t\n\t\t>\n<h1 style=\"font-size:px;\">Culturas ind\u00edgenas en Ontario<\/h1>\n\n\n\n\t<!-- <div class=\"breadcrumb-trail\"><a href=\"index.php\">Home<\/a> \u00bb <span class=\"breadcrumb-current\">About<\/span><\/div> -->\n\t<div class=\"test1\"><span><span><a href=\"https:\/\/www.oasdi.ca\/es\/\">Inicio<\/a><\/span><\/span><\/div>\n<\/div><\/div><\/div><\/div><\/div><\/div><div id=\"pg-18875-2\"  class=\"panel-grid panel-has-style\" ><div class=\"has-container panel-row-style panel-row-style-for-18875-2\" ><div id=\"pgc-18875-2-0\"  class=\"panel-grid-cell\" ><div id=\"panel-18875-2-0-0\" class=\"so-panel widget widget_hem-sidebar-menu-widget panel-first-child\" data-index=\"2\" ><div\n\t\t\t\n\t\t\tclass=\"so-widget-hem-sidebar-menu-widget so-widget-hem-sidebar-menu-widget-hem-sidebar-menu-widget-style-d75171398898-18875\"\n\t\t\t\n\t\t><div id=\"sidebar\">\n\t\t\t<ul id=\"side-menu\" class=\"side-menu menu-embedded\">\n\t\t\t\n\t\t\t\t\t\t\t\t\n\t\t\t\t\t\t\t\t\t\t\t<li><a href=\"https:\/\/www.oasdi.ca\/es\/vivir-en-ontario\/cultura-canadiense\/adolescentes\/\">Cultura adolescente en Ontario<\/a><\/li>\n\t\t\t\t\t\t\t\t\t\t\t\t\t\n\t\t\t\t\t\t\t\t\t\t\t<li><a class=\"active\" href=\"https:\/\/www.oasdi.ca\/es\/vivir-en-ontario\/cultura-canadiense\/autoctonos\/\">Culturas ind\u00edgenas en Ontario<\/a><\/li>\n\t\t\t\t\t\t\t\t\t\t\t\t\t\n\t\t\t\t\t\t\t\t\t\t\t<li><a href=\"https:\/\/www.oasdi.ca\/es\/vivir-en-ontario\/cultura-canadiense\/hogar\/\">Cultura en el hogar en Ontario<\/a><\/li>\n\t\t\t\t\t\t\t\t\t\t\t\t\t\n\t\t\t\t\t\t\t\t\t\t\t<li><a href=\"https:\/\/www.oasdi.ca\/es\/vivir-en-ontario\/cultura-canadiense\/francofonia\/\">Cultura franc\u00f3fona en Ontario<\/a><\/li>\n\t\t\t\t\t\t\t\t\t\t\n\n\t\t\t\t<!-- Extra menu -->\n\t\t\t\t\n\n\n\t\t\t\t\t<\/ul>\n\t\n\n<\/div><\/div><\/div><div id=\"panel-18875-2-0-1\" class=\"so-panel widget widget_hem-sidebar-link-widget panel-last-child\" data-index=\"3\" ><div\n\t\t\t\n\t\t\tclass=\"so-widget-hem-sidebar-link-widget so-widget-hem-sidebar-link-widget-hem-sidebar-link-widget-style-d75171398898-18875\"\n\t\t\t\n\t\t><div id=\"sidebar\" class=\"external-link-only\">\n\n\n\n\t\t\t\t<!-- Extra menu -->\n\t\t\t\t\t\t\t\t\t<ul id=\"side-menu\" class=\"side-menu menu-embedded\">\n\t\t\t\t\t\t\t\t\t\t\t\t\t\t\t\t\t\t\t\t\t<li><a  href=\"https:\/\/www.oasdi.ca\/map-search\/\">Map Overview<\/a><\/li>\n\t\t\t\t\t\t\t\t\t\t\t\t\t\t\n\t\t\t\t\t\t\t\t\t\t\t\t\t\t\t\t\t\t\t\t\t<li><a  href=\"https:\/\/www.oasdi.ca\/district-list\/\">District List<\/a><\/li>\n\t\t\t\t\t\t\t\t\t\t\t\t\t\t\n\t\t\t\t\t\t\t\n\t\t\t\t\t<\/ul>\n\t\t\t\t\n\t\t\t\t\n\n\n\n\n<\/div><\/div><\/div><\/div><div id=\"pgc-18875-2-1\"  class=\"panel-grid-cell\" ><div class=\"pl-sm-3 pl-md-5 panel-cell-style panel-cell-style-for-18875-2-1\" ><div id=\"panel-18875-2-1-0\" class=\"so-panel widget widget_sow-editor panel-first-child panel-last-child\" data-index=\"4\" ><div\n\t\t\t\n\t\t\tclass=\"so-widget-sow-editor so-widget-sow-editor-base\"\n\t\t\t\n\t\t>\n<div class=\"siteorigin-widget-tinymce textwidget\">\n\t<p>Aproximadamente 1,8 millones de personas en Canad\u00e1 se identifican como ind\u00edgenas. Las personas ind\u00edgenas en Canad\u00e1 tienen tradiciones culturales que exist\u00edan miles de a\u00f1os antes de la llegada de los europeos, hace un poco\u00a0m\u00e1s de 400 a\u00f1os. \u00a0Las poblaciones ind\u00edgenas de Canad\u00e1 consisten de los pueblos de las Primeras Naciones M\u00e9tis e Inuit. \u00a0Las culturas ind\u00edgenas son muy diversas. \u00a0Cada grupo tiene su propia cultura, valores, s\u00edmbolos y tradiciones espirituales y es err\u00f3neo hablar de una cultura com\u00fan entre una diversidad tan rica; por ejemplo, hay m\u00e1s de 600 grupos de las Primeras Naciones. \u00a0Tambi\u00e9n existen muchos idiomas y dialectos ind\u00edgenas. El uso de palabras como \u201cIndio\u201d, \u201craza mixta\u201d o \u201cEsquimal\u201d para describir a las personas ind\u00edgenas a\u00fan aparece en documentos legales antiguos, pero en la actualidad estas palabras generalmente se consideran inapropiadas y ofensivas.<\/p>\n<p>La historia de las personas ind\u00edgenas en Canad\u00e1 desde el asentamiento europeo ha sido una historia de sufrimiento, paternalismo y promesas no cumplidas. \u00a0En los a\u00f1os recientes, los gobiernos canadienses y toda la poblaci\u00f3n de Canad\u00e1 han sido m\u00e1s atentos y comprensivos en hacer esfuerzos para corregir los errores de las injusticias hist\u00f3ricas pasadas. \u00a0Las pr\u00e1cticas pasadas de integraci\u00f3n por parte de los gobiernos y de otras instituciones, como alejar a los ni\u00f1os de sus hogares tradicionales para trasladarlos a escuelas residenciales, han sido abolidas y es evidente que est\u00e1 aumentando el respeto y la apreciaci\u00f3n de las culturas ind\u00edgenas.<\/p>\n<p>Las culturas ind\u00edgenas se celebran en todo Canad\u00e1 y contribuyen con una gran riqueza y diversidad a la cultura canadiense en muchas y \u00fanicas maneras. \u00a0Para los estudiantes internacionales existen numerosas oportunidades para participar y asistir a festivales y presenciar las actividades ceremoniales. Por ejemplo, hay grandes reuniones culturales llamadas \u201cpowwows\u201d en las que se muestra la danza, la m\u00fasica, as\u00ed como tambi\u00e9n las artes y artesan\u00edas,\u00a0y todos son bienvenidos para aprender y tener la experiencia de la cultura ind\u00edgena.<\/p>\n<p><strong><em>\u00bfDesea m\u00e1s informaci\u00f3n acerca de las culturas ind\u00edgenas?<\/em><\/strong><\/p>\n<ul>\n<li><a href=\"http:\/\/canada.pch.gc.ca\/eng\/1447170804377\" target=\"_blank\" rel=\"noopener\">http:\/\/canada.pch.gc.ca\/eng\/1447170804377<\/a><\/li>\n<li><a href=\"http:\/\/canada.pch.gc.ca\/eng\/1447170804377\" target=\"_blank\" rel=\"noopener\">http:\/\/canada.pch.gc.ca\/eng\/1447170804377<\/a><\/li>\n<li><a href=\"http:\/\/www.mtc.gov.on.ca\/en\/aboriginal\/aboriginal.shtml\" target=\"_blank\" rel=\"noopener\">http:\/\/www.mtc.gov.on.ca\/en\/aboriginal\/aboriginal.shtml<\/a><\/li>\n<li><a href=\"https:\/\/aboriginalcanada.ca\/en\/cultures\" target=\"_blank\" rel=\"noopener\">https:\/\/aboriginalcanada.ca\/en\/cultures<\/a><\/li>\n<li><a href=\"https:\/\/aboriginalcanada.ca\/en\/regions\/ontario\" target=\"_blank\" rel=\"noopener\">https:\/\/aboriginalcanada.ca\/en\/regions\/ontario<\/a><\/li>\n<li><a href=\"http:\/\/www.ictinc.ca\/blog\/respecting-first-nations-cultural-diversity\" target=\"_blank\" rel=\"noopener\">http:\/\/www.ictinc.ca\/blog\/respecting-first-nations-cultural-diversity<\/a><\/li>\n<li><a href=\"https:\/\/www12.statcan.gc.ca\/nhs-enm\/2011\/as-sa\/99-011-x\/99-011-x2011001-eng.cfm\" target=\"_blank\" rel=\"noopener\">https:\/\/www12.statcan.gc.ca\/nhs-enm\/2011\/as-sa\/99-011-x\/99-011-x2011001-eng.cfm<\/a><\/li>\n<li><a href=\"https:\/\/www.ontariotravel.net\/en\/play\/aboriginal-experiences\" target=\"_blank\" rel=\"noopener\">https:\/\/www.ontariotravel.net\/en\/play\/aboriginal-experiences<\/a><\/li>\n<li><a href=\"http:\/\/www.theglobeandmail.com\/life\/travel\/activities-and-interests\/how-can-visitors-best-explore-canadas-indigenous-culture\/article29550669\" target=\"_blank\" rel=\"noopener\">http:\/\/www.theglobeandmail.com\/life\/travel\/activities-and-interests\/how-can-visitors-best-explore-canadas-indigenous-culture\/article29550669<\/a><\/li>\n<\/ul>\n<\/div>\n<\/div><\/div><\/div><\/div><\/div><\/div><\/div>","protected":false},"excerpt":{"rendered":"Culturas ind\u00edgenas en Ontario Inicio Cultura adolescente en Ontario Culturas ind\u00edgenas en Ontario Cultura en el hogar en Ontario Cultura franc\u00f3fona en Ontario Map Overview District List Aproximadamente 1,8 millones de personas en Canad\u00e1 se identifican como ind\u00edgenas. Las personas ind\u00edgenas en Canad\u00e1 tienen tradiciones culturales que exist\u00edan miles de a\u00f1os antes de la llegada&#8230; <a class=\"view-article\" href=\"https:\/\/www.oasdi.ca\/es\/vivir-en-ontario\/cultura-canadiense\/autoctonos\/\">Ver art\u00edculo<\/a>","protected":false},"author":237,"featured_media":16991,"parent":18367,"menu_order":0,"comment_status":"closed","ping_status":"closed","template":"","meta":{"footnotes":""},"class_list":["post-18875","page","type-page","status-publish","has-post-thumbnail","hentry"],"yoast_head":"<!-- This site is optimized with the Yoast SEO plugin v21.5 - https:\/\/yoast.com\/wordpress\/plugins\/seo\/ -->\n<title>Culturas ind\u00edgenas | Educaci\u00f3n internacional en Ontario<\/title>\n<meta name=\"description\" content=\"Ontario es el hogar de bastantes pueblos ind\u00edgenas con diversas culturas. Aprende m\u00e1s sobre la cultura y el patrimonio ind\u00edgena en Canad\u00e1 y en Ontario aqu\u00ed.\" \/>\n<meta name=\"robots\" content=\"index, follow, max-snippet:-1, max-image-preview:large, max-video-preview:-1\" \/>\n<link rel=\"canonical\" href=\"https:\/\/www.oasdi.ca\/es\/vivir-en-ontario\/cultura-canadiense\/autoctonos\/\" \/>\n<meta property=\"og:locale\" content=\"es_ES\" \/>\n<meta property=\"og:type\" content=\"article\" \/>\n<meta property=\"og:title\" content=\"Culturas ind\u00edgenas | Educaci\u00f3n internacional en Ontario\" \/>\n<meta property=\"og:description\" content=\"Ontario es el hogar de bastantes pueblos ind\u00edgenas con diversas culturas. Aprende m\u00e1s sobre la cultura y el patrimonio ind\u00edgena en Canad\u00e1 y en Ontario aqu\u00ed.\" \/>\n<meta property=\"og:url\" content=\"https:\/\/www.oasdi.ca\/es\/vivir-en-ontario\/cultura-canadiense\/autoctonos\/\" \/>\n<meta property=\"og:site_name\" content=\"OASDI\" \/>\n<meta property=\"article:modified_time\" content=\"2020-04-18T14:34:30+00:00\" \/>\n<meta property=\"og:image\" content=\"https:\/\/www.oasdi.ca\/wp-content\/uploads\/2020\/03\/onatrio-canada.jpg\" \/>\n\t<meta property=\"og:image:width\" content=\"1440\" \/>\n\t<meta property=\"og:image:height\" content=\"268\" \/>\n\t<meta property=\"og:image:type\" content=\"image\/jpeg\" \/>\n<meta name=\"twitter:card\" content=\"summary_large_image\" \/>\n<meta name=\"twitter:label1\" content=\"Tiempo de lectura\" \/>\n\t<meta name=\"twitter:data1\" content=\"2 minutos\" \/>\n<script type=\"application\/ld+json\" class=\"yoast-schema-graph\">{\"@context\":\"https:\/\/schema.org\",\"@graph\":[{\"@type\":\"WebPage\",\"@id\":\"https:\/\/www.oasdi.ca\/es\/vivir-en-ontario\/cultura-canadiense\/autoctonos\/\",\"url\":\"https:\/\/www.oasdi.ca\/es\/vivir-en-ontario\/cultura-canadiense\/autoctonos\/\",\"name\":\"Culturas ind\u00edgenas | Educaci\u00f3n internacional en Ontario\",\"isPartOf\":{\"@id\":\"https:\/\/www.oasdi.ca\/es\/#website\"},\"datePublished\":\"2020-03-22T15:48:24+00:00\",\"dateModified\":\"2020-04-18T14:34:30+00:00\",\"description\":\"Ontario es el hogar de bastantes pueblos ind\u00edgenas con diversas culturas. Aprende m\u00e1s sobre la cultura y el patrimonio ind\u00edgena en Canad\u00e1 y en Ontario aqu\u00ed.\",\"breadcrumb\":{\"@id\":\"https:\/\/www.oasdi.ca\/es\/vivir-en-ontario\/cultura-canadiense\/autoctonos\/#breadcrumb\"},\"inLanguage\":\"es\",\"potentialAction\":[{\"@type\":\"ReadAction\",\"target\":[\"https:\/\/www.oasdi.ca\/es\/vivir-en-ontario\/cultura-canadiense\/autoctonos\/\"]}]},{\"@type\":\"BreadcrumbList\",\"@id\":\"https:\/\/www.oasdi.ca\/es\/vivir-en-ontario\/cultura-canadiense\/autoctonos\/#breadcrumb\",\"itemListElement\":[{\"@type\":\"ListItem\",\"position\":1,\"name\":\"Inicio\",\"item\":\"https:\/\/www.oasdi.ca\/es\/\"},{\"@type\":\"ListItem\",\"position\":2,\"name\":\"Vivir en Ontario como estudiante internacional\",\"item\":\"https:\/\/www.oasdi.ca\/es\/vivir-en-ontario\/\"},{\"@type\":\"ListItem\",\"position\":3,\"name\":\"Cultura canadiense\",\"item\":\"https:\/\/www.oasdi.ca\/es\/vivir-en-ontario\/cultura-canadiense\/\"},{\"@type\":\"ListItem\",\"position\":4,\"name\":\"Culturas ind\u00edgenas en Ontario\"}]},{\"@type\":\"WebSite\",\"@id\":\"https:\/\/www.oasdi.ca\/es\/#website\",\"url\":\"https:\/\/www.oasdi.ca\/es\/\",\"name\":\"OASDI\",\"description\":\"Ontario Association of School District International\",\"publisher\":{\"@id\":\"https:\/\/www.oasdi.ca\/es\/#organization\"},\"potentialAction\":[{\"@type\":\"SearchAction\",\"target\":{\"@type\":\"EntryPoint\",\"urlTemplate\":\"https:\/\/www.oasdi.ca\/es\/?s={search_term_string}\"},\"query-input\":\"required name=search_term_string\"}],\"inLanguage\":\"es\"},{\"@type\":\"Organization\",\"@id\":\"https:\/\/www.oasdi.ca\/es\/#organization\",\"name\":\"OASDI\",\"url\":\"https:\/\/www.oasdi.ca\/es\/\",\"logo\":{\"@type\":\"ImageObject\",\"inLanguage\":\"es\",\"@id\":\"https:\/\/www.oasdi.ca\/es\/#\/schema\/logo\/image\/\",\"url\":\"https:\/\/www.oasdi.ca\/wp-content\/uploads\/2020\/02\/cropped-oasdi-logo.png\",\"contentUrl\":\"https:\/\/www.oasdi.ca\/wp-content\/uploads\/2020\/02\/cropped-oasdi-logo.png\",\"width\":468,\"height\":96,\"caption\":\"OASDI\"},\"image\":{\"@id\":\"https:\/\/www.oasdi.ca\/es\/#\/schema\/logo\/image\/\"}}]}<\/script>\n<!-- \/ Yoast SEO plugin. -->","yoast_head_json":{"title":"Culturas ind\u00edgenas | Educaci\u00f3n internacional en Ontario","description":"Ontario es el hogar de bastantes pueblos ind\u00edgenas con diversas culturas. Aprende m\u00e1s sobre la cultura y el patrimonio ind\u00edgena en Canad\u00e1 y en Ontario aqu\u00ed.","robots":{"index":"index","follow":"follow","max-snippet":"max-snippet:-1","max-image-preview":"max-image-preview:large","max-video-preview":"max-video-preview:-1"},"canonical":"https:\/\/www.oasdi.ca\/es\/vivir-en-ontario\/cultura-canadiense\/autoctonos\/","og_locale":"es_ES","og_type":"article","og_title":"Culturas ind\u00edgenas | Educaci\u00f3n internacional en Ontario","og_description":"Ontario es el hogar de bastantes pueblos ind\u00edgenas con diversas culturas. Aprende m\u00e1s sobre la cultura y el patrimonio ind\u00edgena en Canad\u00e1 y en Ontario aqu\u00ed.","og_url":"https:\/\/www.oasdi.ca\/es\/vivir-en-ontario\/cultura-canadiense\/autoctonos\/","og_site_name":"OASDI","article_modified_time":"2020-04-18T14:34:30+00:00","og_image":[{"width":1440,"height":268,"url":"https:\/\/www.oasdi.ca\/wp-content\/uploads\/2020\/03\/onatrio-canada.jpg","type":"image\/jpeg"}],"twitter_card":"summary_large_image","twitter_misc":{"Tiempo de lectura":"2 minutos"},"schema":{"@context":"https:\/\/schema.org","@graph":[{"@type":"WebPage","@id":"https:\/\/www.oasdi.ca\/es\/vivir-en-ontario\/cultura-canadiense\/autoctonos\/","url":"https:\/\/www.oasdi.ca\/es\/vivir-en-ontario\/cultura-canadiense\/autoctonos\/","name":"Culturas ind\u00edgenas | Educaci\u00f3n internacional en Ontario","isPartOf":{"@id":"https:\/\/www.oasdi.ca\/es\/#website"},"datePublished":"2020-03-22T15:48:24+00:00","dateModified":"2020-04-18T14:34:30+00:00","description":"Ontario es el hogar de bastantes pueblos ind\u00edgenas con diversas culturas. Aprende m\u00e1s sobre la cultura y el patrimonio ind\u00edgena en Canad\u00e1 y en Ontario aqu\u00ed.","breadcrumb":{"@id":"https:\/\/www.oasdi.ca\/es\/vivir-en-ontario\/cultura-canadiense\/autoctonos\/#breadcrumb"},"inLanguage":"es","potentialAction":[{"@type":"ReadAction","target":["https:\/\/www.oasdi.ca\/es\/vivir-en-ontario\/cultura-canadiense\/autoctonos\/"]}]},{"@type":"BreadcrumbList","@id":"https:\/\/www.oasdi.ca\/es\/vivir-en-ontario\/cultura-canadiense\/autoctonos\/#breadcrumb","itemListElement":[{"@type":"ListItem","position":1,"name":"Inicio","item":"https:\/\/www.oasdi.ca\/es\/"},{"@type":"ListItem","position":2,"name":"Vivir en Ontario como estudiante internacional","item":"https:\/\/www.oasdi.ca\/es\/vivir-en-ontario\/"},{"@type":"ListItem","position":3,"name":"Cultura canadiense","item":"https:\/\/www.oasdi.ca\/es\/vivir-en-ontario\/cultura-canadiense\/"},{"@type":"ListItem","position":4,"name":"Culturas ind\u00edgenas en Ontario"}]},{"@type":"WebSite","@id":"https:\/\/www.oasdi.ca\/es\/#website","url":"https:\/\/www.oasdi.ca\/es\/","name":"OASDI","description":"Ontario Association of School District International","publisher":{"@id":"https:\/\/www.oasdi.ca\/es\/#organization"},"potentialAction":[{"@type":"SearchAction","target":{"@type":"EntryPoint","urlTemplate":"https:\/\/www.oasdi.ca\/es\/?s={search_term_string}"},"query-input":"required name=search_term_string"}],"inLanguage":"es"},{"@type":"Organization","@id":"https:\/\/www.oasdi.ca\/es\/#organization","name":"OASDI","url":"https:\/\/www.oasdi.ca\/es\/","logo":{"@type":"ImageObject","inLanguage":"es","@id":"https:\/\/www.oasdi.ca\/es\/#\/schema\/logo\/image\/","url":"https:\/\/www.oasdi.ca\/wp-content\/uploads\/2020\/02\/cropped-oasdi-logo.png","contentUrl":"https:\/\/www.oasdi.ca\/wp-content\/uploads\/2020\/02\/cropped-oasdi-logo.png","width":468,"height":96,"caption":"OASDI"},"image":{"@id":"https:\/\/www.oasdi.ca\/es\/#\/schema\/logo\/image\/"}}]}},"_links":{"self":[{"href":"https:\/\/www.oasdi.ca\/es\/wp-json\/wp\/v2\/pages\/18875"}],"collection":[{"href":"https:\/\/www.oasdi.ca\/es\/wp-json\/wp\/v2\/pages"}],"about":[{"href":"https:\/\/www.oasdi.ca\/es\/wp-json\/wp\/v2\/types\/page"}],"author":[{"embeddable":true,"href":"https:\/\/www.oasdi.ca\/es\/wp-json\/wp\/v2\/users\/237"}],"replies":[{"embeddable":true,"href":"https:\/\/www.oasdi.ca\/es\/wp-json\/wp\/v2\/comments?post=18875"}],"version-history":[{"count":0,"href":"https:\/\/www.oasdi.ca\/es\/wp-json\/wp\/v2\/pages\/18875\/revisions"}],"up":[{"embeddable":true,"href":"https:\/\/www.oasdi.ca\/es\/wp-json\/wp\/v2\/pages\/18367"}],"wp:featuredmedia":[{"embeddable":true,"href":"https:\/\/www.oasdi.ca\/es\/wp-json\/wp\/v2\/media\/16991"}],"wp:attachment":[{"href":"https:\/\/www.oasdi.ca\/es\/wp-json\/wp\/v2\/media?parent=18875"}],"curies":[{"name":"wp","href":"https:\/\/api.w.org\/{rel}","templated":true}]}}