{"id":18833,"date":"2020-03-22T15:46:28","date_gmt":"2020-03-22T15:46:28","guid":{"rendered":"http:\/\/oasdi.ca\/vivir-en-ontario\/cultura-canadiense\/home\/"},"modified":"2020-04-18T13:54:20","modified_gmt":"2020-04-18T13:54:20","slug":"hogar","status":"publish","type":"page","link":"https:\/\/www.oasdi.ca\/es\/vivir-en-ontario\/cultura-canadiense\/hogar\/","title":{"rendered":"Cultura en el hogar en Ontario"},"content":{"rendered":"<div id=\"pl-18833\"  class=\"panel-layout\" ><div id=\"pg-18833-0\"  class=\"panel-grid panel-no-style\" ><div id=\"pgc-18833-0-0\"  class=\"panel-grid-cell\" ><div id=\"panel-18833-0-0-0\" class=\"so-panel widget widget_sow-image panel-first-child panel-last-child\" data-index=\"0\" ><div class=\"is-featured-img panel-widget-style panel-widget-style-for-18833-0-0-0\" ><div\n\t\t\t\n\t\t\tclass=\"so-widget-sow-image so-widget-sow-image-default-c4f6304fc136-18833\"\n\t\t\t\n\t\t>\n\n<div class=\"sow-image-container\">\n\t\t<img loading=\"lazy\" decoding=\"async\" src=\"https:\/\/www.oasdi.ca\/wp-content\/uploads\/2020\/03\/Home-Culture-and-Types-of-Family.jpg\" width=\"1440\" height=\"268\" srcset=\"https:\/\/www.oasdi.ca\/wp-content\/uploads\/2020\/03\/Home-Culture-and-Types-of-Family.jpg 1440w, https:\/\/www.oasdi.ca\/wp-content\/uploads\/2020\/03\/Home-Culture-and-Types-of-Family-250x47.jpg 250w, https:\/\/www.oasdi.ca\/wp-content\/uploads\/2020\/03\/Home-Culture-and-Types-of-Family-700x130.jpg 700w, https:\/\/www.oasdi.ca\/wp-content\/uploads\/2020\/03\/Home-Culture-and-Types-of-Family-768x143.jpg 768w, https:\/\/www.oasdi.ca\/wp-content\/uploads\/2020\/03\/Home-Culture-and-Types-of-Family-500x93.jpg 500w, https:\/\/www.oasdi.ca\/wp-content\/uploads\/2020\/03\/Home-Culture-and-Types-of-Family-120x22.jpg 120w\" sizes=\"(max-width: 1440px) 100vw, 1440px\" title=\"Home Culture and Types of Family\" alt=\"Home Culture and Types of Family\" \t\tclass=\"so-widget-image\"\/>\n\t<\/div>\n\n<\/div><\/div><\/div><\/div><\/div><div id=\"pg-18833-1\"  class=\"panel-grid panel-has-style\" ><div class=\"has-container panel-row-style panel-row-style-for-18833-1\" ><div id=\"pgc-18833-1-0\"  class=\"panel-grid-cell\" ><div id=\"panel-18833-1-0-0\" class=\"so-panel widget widget_hem-seo-title-widget panel-first-child panel-last-child\" data-index=\"1\" ><div class=\"panel-widget-style panel-widget-style-for-18833-1-0-0\" ><div\n\t\t\t\n\t\t\tclass=\"so-widget-hem-seo-title-widget so-widget-hem-seo-title-widget-hem-seo-title-widget-style-d75171398898-18833\"\n\t\t\t\n\t\t>\n<h1 style=\"font-size:px;\">Cultura en el hogar en Ontario<\/h1>\n\n\n\n\t<!-- <div class=\"breadcrumb-trail\"><a href=\"index.php\">Home<\/a> \u00bb <span class=\"breadcrumb-current\">About<\/span><\/div> -->\n\t<div class=\"test1\"><span><span><a href=\"https:\/\/www.oasdi.ca\/es\/\">Inicio<\/a><\/span><\/span><\/div>\n<\/div><\/div><\/div><\/div><\/div><\/div><div id=\"pg-18833-2\"  class=\"panel-grid panel-has-style\" ><div class=\"has-container panel-row-style panel-row-style-for-18833-2\" ><div id=\"pgc-18833-2-0\"  class=\"panel-grid-cell\" ><div id=\"panel-18833-2-0-0\" class=\"so-panel widget widget_hem-sidebar-menu-widget panel-first-child\" data-index=\"2\" ><div\n\t\t\t\n\t\t\tclass=\"so-widget-hem-sidebar-menu-widget so-widget-hem-sidebar-menu-widget-hem-sidebar-menu-widget-style-d75171398898-18833\"\n\t\t\t\n\t\t><div id=\"sidebar\">\n\t\t\t<ul id=\"side-menu\" class=\"side-menu menu-embedded\">\n\t\t\t\n\t\t\t\t\t\t\t\t\n\t\t\t\t\t\t\t\t\t\t\t<li><a href=\"https:\/\/www.oasdi.ca\/es\/vivir-en-ontario\/cultura-canadiense\/adolescentes\/\">Cultura adolescente en Ontario<\/a><\/li>\n\t\t\t\t\t\t\t\t\t\t\t\t\t\n\t\t\t\t\t\t\t\t\t\t\t<li><a href=\"https:\/\/www.oasdi.ca\/es\/vivir-en-ontario\/cultura-canadiense\/autoctonos\/\">Culturas ind\u00edgenas en Ontario<\/a><\/li>\n\t\t\t\t\t\t\t\t\t\t\t\t\t\n\t\t\t\t\t\t\t\t\t\t\t<li><a class=\"active\" href=\"https:\/\/www.oasdi.ca\/es\/vivir-en-ontario\/cultura-canadiense\/hogar\/\">Cultura en el hogar en Ontario<\/a><\/li>\n\t\t\t\t\t\t\t\t\t\t\t\t\t\n\t\t\t\t\t\t\t\t\t\t\t<li><a href=\"https:\/\/www.oasdi.ca\/es\/vivir-en-ontario\/cultura-canadiense\/francofonia\/\">Cultura franc\u00f3fona en Ontario<\/a><\/li>\n\t\t\t\t\t\t\t\t\t\t\n\n\t\t\t\t<!-- Extra menu -->\n\t\t\t\t\n\n\n\t\t\t\t\t<\/ul>\n\t\n\n<\/div><\/div><\/div><div id=\"panel-18833-2-0-1\" class=\"so-panel widget widget_hem-sidebar-link-widget panel-last-child\" data-index=\"3\" ><div\n\t\t\t\n\t\t\tclass=\"so-widget-hem-sidebar-link-widget so-widget-hem-sidebar-link-widget-hem-sidebar-link-widget-style-d75171398898-18833\"\n\t\t\t\n\t\t><div id=\"sidebar\" class=\"external-link-only\">\n\n\n\n\t\t\t\t<!-- Extra menu -->\n\t\t\t\t\t\t\t\t\t<ul id=\"side-menu\" class=\"side-menu menu-embedded\">\n\t\t\t\t\t\t\t\t\t\t\t\t\t\t\t\t\t\t\t\t\t<li><a  href=\"https:\/\/www.oasdi.ca\/map-search\/\">Map Overview<\/a><\/li>\n\t\t\t\t\t\t\t\t\t\t\t\t\t\t\n\t\t\t\t\t\t\t\t\t\t\t\t\t\t\t\t\t\t\t\t\t<li><a  href=\"https:\/\/www.oasdi.ca\/district-list\/\">District List<\/a><\/li>\n\t\t\t\t\t\t\t\t\t\t\t\t\t\t\n\t\t\t\t\t\t\t\n\t\t\t\t\t<\/ul>\n\t\t\t\t\n\t\t\t\t\n\n\n\n\n<\/div><\/div><\/div><\/div><div id=\"pgc-18833-2-1\"  class=\"panel-grid-cell\" ><div class=\"pl-sm-3 pl-md-5 panel-cell-style panel-cell-style-for-18833-2-1\" ><div id=\"panel-18833-2-1-0\" class=\"so-panel widget widget_sow-editor panel-first-child panel-last-child\" data-index=\"4\" ><div\n\t\t\t\n\t\t\tclass=\"so-widget-sow-editor so-widget-sow-editor-base\"\n\t\t\t\n\t\t>\n<div class=\"siteorigin-widget-tinymce textwidget\">\n\t<div id=\"secondary-right-inner\">\n<p>Todos los hogares y familias son tan diferentes que es muy dif\u00edcil llegar a cualquier generalidad acerca de la cultura canadiense en el hogar. Las familias en Canad\u00e1 se caracterizan de muchas maneras diferentes m\u00e1s all\u00e1 de la imagen tradicional de un matrimonio con sus hijos viviendo bajo el mismo techo. Las familias canadienses son de todo tipo y tama\u00f1o y todas son formas aceptadas de familia de acuerdo con la ley canadiense: muchas tienen solamente un padre, algunas son familias \u201cmixtas\u201d con padrastros y madrastras, hijastros e hijastras, muchas familias tienen padres de diferentes razas y religiones, muchas tienen padres no casados en uniones de hecho, algunas familias tienen padres que son parejas del mismo sexo, algunas familias tienen hijos adoptados, otros padres son familias adoptivas y en algunos hogares, varias generaciones viven juntas. \u00a0Las familias canadienses tienden a estar muy involucradas en la comunidad local, son hospitalarias y tienen una visi\u00f3n positiva del futuro.<\/p>\n<p>Los canadienses valoran sus familias pero como Canad\u00e1 tiene muchos inmigrantes y su tama\u00f1o es enorme, es posible que los parientes consangu\u00edneos inmediatos no vivan en la misma localidad ni en la misma provincia. Los canadienses viajan frecuentemente grandes distancias para estar juntos para los eventos familiares especiales como bodas, o para las celebraciones de Navidad o durante el verano. Debido a que es posible que los parientes no vivan cerca, los canadienses tienden a formar amistades con otras personas que no son miembros de su familia, frecuentemente socializan los fines de semana y se re\u00fanen para los eventos especiales.<\/p>\n<p>En la mayor\u00eda de los casos, ambos padres trabajan fuera del hogar; una tendencia com\u00fan es que uno o ambos padres trabajen desde una oficina en casa. Dependiendo de los compromisos de sus carreras, como el trabajo en turnos o el que deban viajar, puede ser que un padre est\u00e9 ausente del hogar en diferentes momentos.<\/p>\n<p>Los canadienses valoran la educaci\u00f3n y hacen un gran esfuerzo para ayudar a los ni\u00f1os para que tengan \u00e9xito en la escuela. Esto puede significar que la familia tenga comunicaci\u00f3n frecuente con los maestros y administradores escolares o que ayuden a los ni\u00f1os con las tareas despu\u00e9s de la cena.<\/p>\n<p>Las familias canadienses tambi\u00e9n valoran la participaci\u00f3n comunitaria, la cual puede ocurrir de muchas maneras; algunas de las actividades familiares comunes son los deportes (como jugar en un equipo de hockey en hielo o esquiar) y los intereses culturales (como clases de m\u00fasica o danza). \u00a0Muchas familias tienen afiliaciones religiosas y muchos eventos est\u00e1n relacionados con la asistencia a los servicios religiosos y a las reuniones sociales relacionadas. Adem\u00e1s, muchas familias se ofrecen como voluntarias para contribuir tiempo y recursos a los menos afortunados y frecuentemente participan como familia en la recaudaci\u00f3n de fondos de caridad para apoyar una causa.<\/p>\n<p>En la mayor\u00eda de los hogares canadienses, toda la familia ayuda en las tareas del hogar, asimismo las responsabilidades de la crianza de los hijos se consideran una responsabilidad de ambos padres cuando hay m\u00e1s de un padre. En los hogares canadienses el hombre no es considerado como el \u201cjefe de familia\u201d ya que la relaci\u00f3n conyugal usualmente es una relaci\u00f3n entre iguales. \u00a0Ambos, hombres y mujeres comparten las decisiones financieras para la familia y las mujeres tienen derecho a tener propiedad, as\u00ed como tener sus propias cuentas bancarias y tarjetas de cr\u00e9dito. \u00a0Canad\u00e1 tiene leyes muy estrictas contra cualquier tipo de abuso familiar.<\/p>\n<h4><strong>\u00bfDesea m\u00e1s informaci\u00f3n acerca de la vida en el hogar en Canad\u00e1?<\/strong><\/h4>\n<ul>\n<li style=\"list-style-type: none;\">\n<ul>\n<li><a href=\"http:\/\/www.cic.gc.ca\/english\/newcomers\/before-family.asp\" target=\"_blank\" rel=\"noopener\">Gobierno de Canad\u00e1: Antes de llegar: Conozca Canad\u00e1 \u2013 Vida familiar<\/a><\/li>\n<li><a href=\"http:\/\/www.canada.com\/life\/Family+facts+Latest+trends+statistics+from+Vanier+Institute\/3604102\/story.html\" target=\"_blank\" rel=\"noopener\">Datos familiares: Las tendencias y estad\u00edsticas m\u00e1s recientes del Instituto Vanier<\/a><\/li>\n<\/ul>\n<\/li>\n<\/ul>\n<\/div>\n<\/div>\n<\/div><\/div><\/div><\/div><\/div><\/div><\/div>","protected":false},"excerpt":{"rendered":"Cultura en el hogar en Ontario Inicio Cultura adolescente en Ontario Culturas ind\u00edgenas en Ontario Cultura en el hogar en Ontario Cultura franc\u00f3fona en Ontario Map Overview District List Todos los hogares y familias son tan diferentes que es muy dif\u00edcil llegar a cualquier generalidad acerca de la cultura canadiense en el hogar. Las familias&#8230; <a class=\"view-article\" href=\"https:\/\/www.oasdi.ca\/es\/vivir-en-ontario\/cultura-canadiense\/hogar\/\">Ver art\u00edculo<\/a>","protected":false},"author":237,"featured_media":17002,"parent":18367,"menu_order":0,"comment_status":"closed","ping_status":"closed","template":"","meta":{"footnotes":""},"class_list":["post-18833","page","type-page","status-publish","has-post-thumbnail","hentry"],"yoast_head":"<!-- This site is optimized with the Yoast SEO plugin v21.5 - https:\/\/yoast.com\/wordpress\/plugins\/seo\/ -->\n<title>Cultura en el hogar en Ontario | Educaci\u00f3n internacional<\/title>\n<meta name=\"description\" content=\"La cultura familiar y hogare\u00f1a canadiense se tiene una gran variedad de formas y estructuras. Aprende m\u00e1s sobre la vida familiar y la cultura canadiense aqu\u00ed.\" \/>\n<meta name=\"robots\" content=\"index, follow, max-snippet:-1, max-image-preview:large, max-video-preview:-1\" \/>\n<link rel=\"canonical\" href=\"https:\/\/www.oasdi.ca\/es\/vivir-en-ontario\/cultura-canadiense\/hogar\/\" \/>\n<meta property=\"og:locale\" content=\"es_ES\" \/>\n<meta property=\"og:type\" content=\"article\" \/>\n<meta property=\"og:title\" content=\"Cultura en el hogar en Ontario | Educaci\u00f3n internacional\" \/>\n<meta property=\"og:description\" content=\"La cultura familiar y hogare\u00f1a canadiense se tiene una gran variedad de formas y estructuras. Aprende m\u00e1s sobre la vida familiar y la cultura canadiense aqu\u00ed.\" \/>\n<meta property=\"og:url\" content=\"https:\/\/www.oasdi.ca\/es\/vivir-en-ontario\/cultura-canadiense\/hogar\/\" \/>\n<meta property=\"og:site_name\" content=\"OASDI\" \/>\n<meta property=\"article:modified_time\" content=\"2020-04-18T13:54:20+00:00\" \/>\n<meta property=\"og:image\" content=\"https:\/\/www.oasdi.ca\/wp-content\/uploads\/2020\/03\/Home-Culture-and-Types-of-Family.jpg\" \/>\n\t<meta property=\"og:image:width\" content=\"1440\" \/>\n\t<meta property=\"og:image:height\" content=\"268\" \/>\n\t<meta property=\"og:image:type\" content=\"image\/jpeg\" \/>\n<meta name=\"twitter:card\" content=\"summary_large_image\" \/>\n<meta name=\"twitter:label1\" content=\"Tiempo de lectura\" \/>\n\t<meta name=\"twitter:data1\" content=\"3 minutos\" \/>\n<script type=\"application\/ld+json\" class=\"yoast-schema-graph\">{\"@context\":\"https:\/\/schema.org\",\"@graph\":[{\"@type\":\"WebPage\",\"@id\":\"https:\/\/www.oasdi.ca\/es\/vivir-en-ontario\/cultura-canadiense\/hogar\/\",\"url\":\"https:\/\/www.oasdi.ca\/es\/vivir-en-ontario\/cultura-canadiense\/hogar\/\",\"name\":\"Cultura en el hogar en Ontario | Educaci\u00f3n internacional\",\"isPartOf\":{\"@id\":\"https:\/\/www.oasdi.ca\/es\/#website\"},\"datePublished\":\"2020-03-22T15:46:28+00:00\",\"dateModified\":\"2020-04-18T13:54:20+00:00\",\"description\":\"La cultura familiar y hogare\u00f1a canadiense se tiene una gran variedad de formas y estructuras. Aprende m\u00e1s sobre la vida familiar y la cultura canadiense aqu\u00ed.\",\"breadcrumb\":{\"@id\":\"https:\/\/www.oasdi.ca\/es\/vivir-en-ontario\/cultura-canadiense\/hogar\/#breadcrumb\"},\"inLanguage\":\"es\",\"potentialAction\":[{\"@type\":\"ReadAction\",\"target\":[\"https:\/\/www.oasdi.ca\/es\/vivir-en-ontario\/cultura-canadiense\/hogar\/\"]}]},{\"@type\":\"BreadcrumbList\",\"@id\":\"https:\/\/www.oasdi.ca\/es\/vivir-en-ontario\/cultura-canadiense\/hogar\/#breadcrumb\",\"itemListElement\":[{\"@type\":\"ListItem\",\"position\":1,\"name\":\"Inicio\",\"item\":\"https:\/\/www.oasdi.ca\/es\/\"},{\"@type\":\"ListItem\",\"position\":2,\"name\":\"Vivir en Ontario como estudiante internacional\",\"item\":\"https:\/\/www.oasdi.ca\/es\/vivir-en-ontario\/\"},{\"@type\":\"ListItem\",\"position\":3,\"name\":\"Cultura canadiense\",\"item\":\"https:\/\/www.oasdi.ca\/es\/vivir-en-ontario\/cultura-canadiense\/\"},{\"@type\":\"ListItem\",\"position\":4,\"name\":\"Cultura en el hogar en Ontario\"}]},{\"@type\":\"WebSite\",\"@id\":\"https:\/\/www.oasdi.ca\/es\/#website\",\"url\":\"https:\/\/www.oasdi.ca\/es\/\",\"name\":\"OASDI\",\"description\":\"Ontario Association of School District International\",\"publisher\":{\"@id\":\"https:\/\/www.oasdi.ca\/es\/#organization\"},\"potentialAction\":[{\"@type\":\"SearchAction\",\"target\":{\"@type\":\"EntryPoint\",\"urlTemplate\":\"https:\/\/www.oasdi.ca\/es\/?s={search_term_string}\"},\"query-input\":\"required name=search_term_string\"}],\"inLanguage\":\"es\"},{\"@type\":\"Organization\",\"@id\":\"https:\/\/www.oasdi.ca\/es\/#organization\",\"name\":\"OASDI\",\"url\":\"https:\/\/www.oasdi.ca\/es\/\",\"logo\":{\"@type\":\"ImageObject\",\"inLanguage\":\"es\",\"@id\":\"https:\/\/www.oasdi.ca\/es\/#\/schema\/logo\/image\/\",\"url\":\"https:\/\/www.oasdi.ca\/wp-content\/uploads\/2020\/02\/cropped-oasdi-logo.png\",\"contentUrl\":\"https:\/\/www.oasdi.ca\/wp-content\/uploads\/2020\/02\/cropped-oasdi-logo.png\",\"width\":468,\"height\":96,\"caption\":\"OASDI\"},\"image\":{\"@id\":\"https:\/\/www.oasdi.ca\/es\/#\/schema\/logo\/image\/\"}}]}<\/script>\n<!-- \/ Yoast SEO plugin. -->","yoast_head_json":{"title":"Cultura en el hogar en Ontario | Educaci\u00f3n internacional","description":"La cultura familiar y hogare\u00f1a canadiense se tiene una gran variedad de formas y estructuras. Aprende m\u00e1s sobre la vida familiar y la cultura canadiense aqu\u00ed.","robots":{"index":"index","follow":"follow","max-snippet":"max-snippet:-1","max-image-preview":"max-image-preview:large","max-video-preview":"max-video-preview:-1"},"canonical":"https:\/\/www.oasdi.ca\/es\/vivir-en-ontario\/cultura-canadiense\/hogar\/","og_locale":"es_ES","og_type":"article","og_title":"Cultura en el hogar en Ontario | Educaci\u00f3n internacional","og_description":"La cultura familiar y hogare\u00f1a canadiense se tiene una gran variedad de formas y estructuras. Aprende m\u00e1s sobre la vida familiar y la cultura canadiense aqu\u00ed.","og_url":"https:\/\/www.oasdi.ca\/es\/vivir-en-ontario\/cultura-canadiense\/hogar\/","og_site_name":"OASDI","article_modified_time":"2020-04-18T13:54:20+00:00","og_image":[{"width":1440,"height":268,"url":"https:\/\/www.oasdi.ca\/wp-content\/uploads\/2020\/03\/Home-Culture-and-Types-of-Family.jpg","type":"image\/jpeg"}],"twitter_card":"summary_large_image","twitter_misc":{"Tiempo de lectura":"3 minutos"},"schema":{"@context":"https:\/\/schema.org","@graph":[{"@type":"WebPage","@id":"https:\/\/www.oasdi.ca\/es\/vivir-en-ontario\/cultura-canadiense\/hogar\/","url":"https:\/\/www.oasdi.ca\/es\/vivir-en-ontario\/cultura-canadiense\/hogar\/","name":"Cultura en el hogar en Ontario | Educaci\u00f3n internacional","isPartOf":{"@id":"https:\/\/www.oasdi.ca\/es\/#website"},"datePublished":"2020-03-22T15:46:28+00:00","dateModified":"2020-04-18T13:54:20+00:00","description":"La cultura familiar y hogare\u00f1a canadiense se tiene una gran variedad de formas y estructuras. Aprende m\u00e1s sobre la vida familiar y la cultura canadiense aqu\u00ed.","breadcrumb":{"@id":"https:\/\/www.oasdi.ca\/es\/vivir-en-ontario\/cultura-canadiense\/hogar\/#breadcrumb"},"inLanguage":"es","potentialAction":[{"@type":"ReadAction","target":["https:\/\/www.oasdi.ca\/es\/vivir-en-ontario\/cultura-canadiense\/hogar\/"]}]},{"@type":"BreadcrumbList","@id":"https:\/\/www.oasdi.ca\/es\/vivir-en-ontario\/cultura-canadiense\/hogar\/#breadcrumb","itemListElement":[{"@type":"ListItem","position":1,"name":"Inicio","item":"https:\/\/www.oasdi.ca\/es\/"},{"@type":"ListItem","position":2,"name":"Vivir en Ontario como estudiante internacional","item":"https:\/\/www.oasdi.ca\/es\/vivir-en-ontario\/"},{"@type":"ListItem","position":3,"name":"Cultura canadiense","item":"https:\/\/www.oasdi.ca\/es\/vivir-en-ontario\/cultura-canadiense\/"},{"@type":"ListItem","position":4,"name":"Cultura en el hogar en Ontario"}]},{"@type":"WebSite","@id":"https:\/\/www.oasdi.ca\/es\/#website","url":"https:\/\/www.oasdi.ca\/es\/","name":"OASDI","description":"Ontario Association of School District International","publisher":{"@id":"https:\/\/www.oasdi.ca\/es\/#organization"},"potentialAction":[{"@type":"SearchAction","target":{"@type":"EntryPoint","urlTemplate":"https:\/\/www.oasdi.ca\/es\/?s={search_term_string}"},"query-input":"required name=search_term_string"}],"inLanguage":"es"},{"@type":"Organization","@id":"https:\/\/www.oasdi.ca\/es\/#organization","name":"OASDI","url":"https:\/\/www.oasdi.ca\/es\/","logo":{"@type":"ImageObject","inLanguage":"es","@id":"https:\/\/www.oasdi.ca\/es\/#\/schema\/logo\/image\/","url":"https:\/\/www.oasdi.ca\/wp-content\/uploads\/2020\/02\/cropped-oasdi-logo.png","contentUrl":"https:\/\/www.oasdi.ca\/wp-content\/uploads\/2020\/02\/cropped-oasdi-logo.png","width":468,"height":96,"caption":"OASDI"},"image":{"@id":"https:\/\/www.oasdi.ca\/es\/#\/schema\/logo\/image\/"}}]}},"_links":{"self":[{"href":"https:\/\/www.oasdi.ca\/es\/wp-json\/wp\/v2\/pages\/18833"}],"collection":[{"href":"https:\/\/www.oasdi.ca\/es\/wp-json\/wp\/v2\/pages"}],"about":[{"href":"https:\/\/www.oasdi.ca\/es\/wp-json\/wp\/v2\/types\/page"}],"author":[{"embeddable":true,"href":"https:\/\/www.oasdi.ca\/es\/wp-json\/wp\/v2\/users\/237"}],"replies":[{"embeddable":true,"href":"https:\/\/www.oasdi.ca\/es\/wp-json\/wp\/v2\/comments?post=18833"}],"version-history":[{"count":0,"href":"https:\/\/www.oasdi.ca\/es\/wp-json\/wp\/v2\/pages\/18833\/revisions"}],"up":[{"embeddable":true,"href":"https:\/\/www.oasdi.ca\/es\/wp-json\/wp\/v2\/pages\/18367"}],"wp:featuredmedia":[{"embeddable":true,"href":"https:\/\/www.oasdi.ca\/es\/wp-json\/wp\/v2\/media\/17002"}],"wp:attachment":[{"href":"https:\/\/www.oasdi.ca\/es\/wp-json\/wp\/v2\/media?parent=18833"}],"curies":[{"name":"wp","href":"https:\/\/api.w.org\/{rel}","templated":true}]}}