{"id":18792,"date":"2020-03-22T15:41:11","date_gmt":"2020-03-22T15:41:11","guid":{"rendered":"http:\/\/oasdi.ca\/vivir-en-ontario\/cultura-canadiense\/francophone\/"},"modified":"2020-04-18T13:34:27","modified_gmt":"2020-04-18T13:34:27","slug":"francofonia","status":"publish","type":"page","link":"https:\/\/www.oasdi.ca\/es\/vivir-en-ontario\/cultura-canadiense\/francofonia\/","title":{"rendered":"Cultura franc\u00f3fona en Ontario"},"content":{"rendered":"<div id=\"pl-18792\"  class=\"panel-layout\" ><div id=\"pg-18792-0\"  class=\"panel-grid panel-no-style\" ><div id=\"pgc-18792-0-0\"  class=\"panel-grid-cell\" ><div id=\"panel-18792-0-0-0\" class=\"so-panel widget widget_sow-image panel-first-child panel-last-child\" data-index=\"0\" ><div class=\"is-featured-img panel-widget-style panel-widget-style-for-18792-0-0-0\" ><div\n\t\t\t\n\t\t\tclass=\"so-widget-sow-image so-widget-sow-image-default-c4f6304fc136-18792\"\n\t\t\t\n\t\t>\n\n<div class=\"sow-image-container\">\n\t\t<img loading=\"lazy\" decoding=\"async\" src=\"https:\/\/www.oasdi.ca\/wp-content\/uploads\/2020\/03\/onatrio-canada.jpg\" width=\"1440\" height=\"268\" srcset=\"https:\/\/www.oasdi.ca\/wp-content\/uploads\/2020\/03\/onatrio-canada.jpg 1440w, https:\/\/www.oasdi.ca\/wp-content\/uploads\/2020\/03\/onatrio-canada-250x47.jpg 250w, https:\/\/www.oasdi.ca\/wp-content\/uploads\/2020\/03\/onatrio-canada-700x130.jpg 700w, https:\/\/www.oasdi.ca\/wp-content\/uploads\/2020\/03\/onatrio-canada-768x143.jpg 768w, https:\/\/www.oasdi.ca\/wp-content\/uploads\/2020\/03\/onatrio-canada-500x93.jpg 500w, https:\/\/www.oasdi.ca\/wp-content\/uploads\/2020\/03\/onatrio-canada-120x22.jpg 120w\" sizes=\"(max-width: 1440px) 100vw, 1440px\" title=\"onatrio canada\" alt=\"\" \t\tclass=\"so-widget-image\"\/>\n\t<\/div>\n\n<\/div><\/div><\/div><\/div><\/div><div id=\"pg-18792-1\"  class=\"panel-grid panel-has-style\" ><div class=\"has-container panel-row-style panel-row-style-for-18792-1\" ><div id=\"pgc-18792-1-0\"  class=\"panel-grid-cell\" ><div id=\"panel-18792-1-0-0\" class=\"so-panel widget widget_hem-seo-title-widget panel-first-child panel-last-child\" data-index=\"1\" ><div class=\"panel-widget-style panel-widget-style-for-18792-1-0-0\" ><div\n\t\t\t\n\t\t\tclass=\"so-widget-hem-seo-title-widget so-widget-hem-seo-title-widget-hem-seo-title-widget-style-d75171398898-18792\"\n\t\t\t\n\t\t>\n<h1 style=\"font-size:px;\">Cultura franc\u00f3fona en Ontario<\/h1>\n\n\n\n\t<!-- <div class=\"breadcrumb-trail\"><a href=\"index.php\">Home<\/a> \u00bb <span class=\"breadcrumb-current\">About<\/span><\/div> -->\n\t<div class=\"test1\"><span><span><a href=\"https:\/\/www.oasdi.ca\/es\/\">Inicio<\/a><\/span><\/span><\/div>\n<\/div><\/div><\/div><\/div><\/div><\/div><div id=\"pg-18792-2\"  class=\"panel-grid panel-has-style\" ><div class=\"has-container panel-row-style panel-row-style-for-18792-2\" ><div id=\"pgc-18792-2-0\"  class=\"panel-grid-cell\" ><div id=\"panel-18792-2-0-0\" class=\"so-panel widget widget_hem-sidebar-menu-widget panel-first-child\" data-index=\"2\" ><div\n\t\t\t\n\t\t\tclass=\"so-widget-hem-sidebar-menu-widget so-widget-hem-sidebar-menu-widget-hem-sidebar-menu-widget-style-d75171398898-18792\"\n\t\t\t\n\t\t><div id=\"sidebar\">\n\t\t\t<ul id=\"side-menu\" class=\"side-menu menu-embedded\">\n\t\t\t\n\t\t\t\t\t\t\t\t\n\t\t\t\t\t\t\t\t\t\t\t<li><a href=\"https:\/\/www.oasdi.ca\/es\/vivir-en-ontario\/cultura-canadiense\/adolescentes\/\">Cultura adolescente en Ontario<\/a><\/li>\n\t\t\t\t\t\t\t\t\t\t\t\t\t\n\t\t\t\t\t\t\t\t\t\t\t<li><a href=\"https:\/\/www.oasdi.ca\/es\/vivir-en-ontario\/cultura-canadiense\/autoctonos\/\">Culturas ind\u00edgenas en Ontario<\/a><\/li>\n\t\t\t\t\t\t\t\t\t\t\t\t\t\n\t\t\t\t\t\t\t\t\t\t\t<li><a href=\"https:\/\/www.oasdi.ca\/es\/vivir-en-ontario\/cultura-canadiense\/hogar\/\">Cultura en el hogar en Ontario<\/a><\/li>\n\t\t\t\t\t\t\t\t\t\t\t\t\t\n\t\t\t\t\t\t\t\t\t\t\t<li><a class=\"active\" href=\"https:\/\/www.oasdi.ca\/es\/vivir-en-ontario\/cultura-canadiense\/francofonia\/\">Cultura franc\u00f3fona en Ontario<\/a><\/li>\n\t\t\t\t\t\t\t\t\t\t\n\n\t\t\t\t<!-- Extra menu -->\n\t\t\t\t\n\n\n\t\t\t\t\t<\/ul>\n\t\n\n<\/div><\/div><\/div><div id=\"panel-18792-2-0-1\" class=\"so-panel widget widget_hem-sidebar-link-widget panel-last-child\" data-index=\"3\" ><div\n\t\t\t\n\t\t\tclass=\"so-widget-hem-sidebar-link-widget so-widget-hem-sidebar-link-widget-hem-sidebar-link-widget-style-d75171398898-18792\"\n\t\t\t\n\t\t><div id=\"sidebar\" class=\"external-link-only\">\n\n\n\n\t\t\t\t<!-- Extra menu -->\n\t\t\t\t\t\t\t\t\t<ul id=\"side-menu\" class=\"side-menu menu-embedded\">\n\t\t\t\t\t\t\t\t\t\t\t\t\t\t\t\t\t\t\t\t\t<li><a  href=\"https:\/\/www.oasdi.ca\/map-search\/\">Map Overview<\/a><\/li>\n\t\t\t\t\t\t\t\t\t\t\t\t\t\t\n\t\t\t\t\t\t\t\t\t\t\t\t\t\t\t\t\t\t\t\t\t<li><a  href=\"https:\/\/www.oasdi.ca\/district-list\/\">District List<\/a><\/li>\n\t\t\t\t\t\t\t\t\t\t\t\t\t\t\n\t\t\t\t\t\t\t\n\t\t\t\t\t<\/ul>\n\t\t\t\t\n\t\t\t\t\n\n\n\n\n<\/div><\/div><\/div><\/div><div id=\"pgc-18792-2-1\"  class=\"panel-grid-cell\" ><div class=\"pl-sm-3 pl-md-5 panel-cell-style panel-cell-style-for-18792-2-1\" ><div id=\"panel-18792-2-1-0\" class=\"so-panel widget widget_sow-editor panel-first-child panel-last-child\" data-index=\"4\" ><div\n\t\t\t\n\t\t\tclass=\"so-widget-sow-editor so-widget-sow-editor-base\"\n\t\t\t\n\t\t>\n<div class=\"siteorigin-widget-tinymce textwidget\">\n\t<p>La cultura franc\u00f3fona y el uso del idioma franc\u00e9s tienen una larga e importante historia en Ontario. \u00a0Si bien una gran cantidad de personas en Ontario hablan y escriben el idioma franc\u00e9s con fluidez, m\u00e1s de 600 000 personas se identifican como franco-ontarianos, lo que significa que hablan el franc\u00e9s como su primer idioma y son residentes de Ontario<\/p>\n<p>Aproximadamente 80% de los franco-ontarianos nacieron en Ontario o en la provincia vecina de Quebec.\u00a0\u00a0 Casi 20% de los franc\u00f3fonos de Ontario nacieron fuera de Canad\u00e1 y esta inmigraci\u00f3n, desde diferentes \u00e1reas del mundo como \u00c1frica, Europa y el Caribe, ha aumentado la diversidad de la comunidad franc\u00f3fona en Ontario.\u00a0 Las escuelas de idioma franc\u00e9s han servido como el centro de reuni\u00f3n para los franc\u00f3fonos a trav\u00e9s de sus v\u00ednculos del idioma com\u00fan.<\/p>\n<p>La mayor parte de la poblaci\u00f3n de franco-ontarianos vive en el este de Canad\u00e1, especialmente en Ottawa y Cornwall, as\u00ed como en las comunidades circundantes.\u00a0 La segunda poblaci\u00f3n m\u00e1s grande de franco-ontarianos vive en el centro de Ontario, incluyendo ciudades como Windsor y Welland.\u00a0 Algunas comunidades del norte de Ontario tienen poblaciones franc\u00f3fonas significativas en lugares como Sudbury, North Bay y Timmins.<\/p>\n<p>La cultura franc\u00f3fona prospera en Ontario y es apoyada por muchos festivales y por la presencia din\u00e1mica de las artes.\u00a0 Algunos de los mayores eventos que resaltan la cultura franco-ontariana incluyen el\u00a0\u00a0<a href=\"http:\/\/ffo.ca\/index.php\/en\/program\" target=\"_blank\" rel=\"noopener\"><em>Franco-Ontarian Festival (Festival Franco-ontariano)<\/em><\/a>\u00a0en Ottawa,\u00a0<a href=\"http:\/\/www.franco-fete.ca\/\" target=\"_blank\" rel=\"noopener\"><em>Franco-F\u00eate (Franco-fiesta)<\/em><\/a>\u00a0en Toronto y\u00a0<a href=\"http:\/\/www.lanuit.ca\/\" target=\"_blank\" rel=\"noopener\"><em>La Nuit sur l\u2019\u00c9tang (La noche en la laguna)<\/em><\/a>\u00a0(en franc\u00e9s) en Sudbury.\u00a0 La cultura franc\u00f3fona tambi\u00e9n se manifiesta en la cantidad de peri\u00f3dicos y medios de televisi\u00f3n y radio en franc\u00e9s as\u00ed como en la m\u00fasica, danza y otras artes. \u00a0Varios platos que tienen su origen en la cocina tradicional francocanadiense, ahora son platos de la cocina popular, incluyendo tourti\u00e8re (pastel de carne), poutine (papas fritas con cuajada de queso y salsa de carne).<\/p>\n<p><strong><em>\u00bfDesea m\u00e1s informaci\u00f3n acerca de la cultura franc\u00f3fona en Ontario?<\/em><\/strong><\/p>\n<ul>\n<li><a href=\"http:\/\/www.ontarioimmigration.ca\/en\/living\/OI_HOW_LIVE_FRENCH_CULTURE.html\" target=\"_blank\" rel=\"noopener\">http:\/\/www.ontarioimmigration.ca\/en\/living\/OI_HOW_LIVE_FRENCH_CULTURE.html<\/a><\/li>\n<li><a href=\"http:\/\/francoculture.ca\/\" target=\"_blank\" rel=\"noopener\">http:\/\/francoculture.ca<\/a><\/li>\n<li><a href=\"http:\/\/www.heritagetrust.on.ca\/corporatesite\/media\/oht\/pdfs\/hm-se-may-2012-eng.pdf\" target=\"_blank\" rel=\"noopener\">http:\/\/www.heritagetrust.on.ca\/corporatesite\/media\/oht\/pdfs\/hm-se-may-2012-eng.pdf<\/a><\/li>\n<li><a href=\"https:\/\/www.ontario.ca\/page\/franco-ontarian-history\" target=\"_blank\" rel=\"noopener\">https:\/\/www.ontario.ca\/page\/franco-ontarian-history<\/a><\/li>\n<li><a href=\"http:\/\/www.elfontario.ca\/index_en.html\" target=\"_blank\" rel=\"noopener\">http:\/\/www.elfontario.ca\/index_en.html<\/a><\/li>\n<li><a href=\"http:\/\/profils.fcfa.ca\/en\/Francophone-Diversity_318\" target=\"_blank\" rel=\"noopener\">http:\/\/profils.fcfa.ca\/en\/Francophone-Diversity_318<\/a><\/li>\n<li><a href=\"https:\/\/en.wikipedia.org\/wiki\/Franco-Ontarian\" target=\"_blank\" rel=\"noopener\">https:\/\/en.wikipedia.org\/wiki\/Franco-Ontarian<\/a><\/li>\n<\/ul>\n<\/div>\n<\/div><\/div><\/div><\/div><\/div><\/div><\/div>","protected":false},"excerpt":{"rendered":"Cultura franc\u00f3fona en Ontario Inicio Cultura adolescente en Ontario Culturas ind\u00edgenas en Ontario Cultura en el hogar en Ontario Cultura franc\u00f3fona en Ontario Map Overview District List La cultura franc\u00f3fona y el uso del idioma franc\u00e9s tienen una larga e importante historia en Ontario. \u00a0Si bien una gran cantidad de personas en Ontario hablan y&#8230; <a class=\"view-article\" href=\"https:\/\/www.oasdi.ca\/es\/vivir-en-ontario\/cultura-canadiense\/francofonia\/\">Ver art\u00edculo<\/a>","protected":false},"author":237,"featured_media":16985,"parent":18367,"menu_order":0,"comment_status":"closed","ping_status":"closed","template":"","meta":{"footnotes":""},"class_list":["post-18792","page","type-page","status-publish","has-post-thumbnail","hentry"],"yoast_head":"<!-- This site is optimized with the Yoast SEO plugin v21.5 - https:\/\/yoast.com\/wordpress\/plugins\/seo\/ -->\n<title>Cultura franc\u00f3fona en Ontario | Educaci\u00f3n internacional<\/title>\n<meta name=\"description\" content=\"La cultura franc\u00f3fona en Ontario tiene una larga y atesorada historia que se remonta a siglos atr\u00e1s. Obt\u00e9n m\u00e1s informaci\u00f3n sobre esta cultura aqu\u00ed.\" \/>\n<meta name=\"robots\" content=\"index, follow, max-snippet:-1, max-image-preview:large, max-video-preview:-1\" \/>\n<link rel=\"canonical\" href=\"https:\/\/www.oasdi.ca\/es\/vivir-en-ontario\/cultura-canadiense\/francofonia\/\" \/>\n<meta property=\"og:locale\" content=\"es_ES\" \/>\n<meta property=\"og:type\" content=\"article\" \/>\n<meta property=\"og:title\" content=\"Cultura franc\u00f3fona en Ontario | Educaci\u00f3n internacional\" \/>\n<meta property=\"og:description\" content=\"La cultura franc\u00f3fona en Ontario tiene una larga y atesorada historia que se remonta a siglos atr\u00e1s. Obt\u00e9n m\u00e1s informaci\u00f3n sobre esta cultura aqu\u00ed.\" \/>\n<meta property=\"og:url\" content=\"https:\/\/www.oasdi.ca\/es\/vivir-en-ontario\/cultura-canadiense\/francofonia\/\" \/>\n<meta property=\"og:site_name\" content=\"OASDI\" \/>\n<meta property=\"article:modified_time\" content=\"2020-04-18T13:34:27+00:00\" \/>\n<meta property=\"og:image\" content=\"https:\/\/www.oasdi.ca\/wp-content\/uploads\/2020\/03\/banner-43.jpg\" \/>\n\t<meta property=\"og:image:width\" content=\"1440\" \/>\n\t<meta property=\"og:image:height\" content=\"268\" \/>\n\t<meta property=\"og:image:type\" content=\"image\/jpeg\" \/>\n<meta name=\"twitter:card\" content=\"summary_large_image\" \/>\n<meta name=\"twitter:label1\" content=\"Tiempo de lectura\" \/>\n\t<meta name=\"twitter:data1\" content=\"2 minutos\" \/>\n<script type=\"application\/ld+json\" class=\"yoast-schema-graph\">{\"@context\":\"https:\/\/schema.org\",\"@graph\":[{\"@type\":\"WebPage\",\"@id\":\"https:\/\/www.oasdi.ca\/es\/vivir-en-ontario\/cultura-canadiense\/francofonia\/\",\"url\":\"https:\/\/www.oasdi.ca\/es\/vivir-en-ontario\/cultura-canadiense\/francofonia\/\",\"name\":\"Cultura franc\u00f3fona en Ontario | Educaci\u00f3n internacional\",\"isPartOf\":{\"@id\":\"https:\/\/www.oasdi.ca\/es\/#website\"},\"datePublished\":\"2020-03-22T15:41:11+00:00\",\"dateModified\":\"2020-04-18T13:34:27+00:00\",\"description\":\"La cultura franc\u00f3fona en Ontario tiene una larga y atesorada historia que se remonta a siglos atr\u00e1s. Obt\u00e9n m\u00e1s informaci\u00f3n sobre esta cultura aqu\u00ed.\",\"breadcrumb\":{\"@id\":\"https:\/\/www.oasdi.ca\/es\/vivir-en-ontario\/cultura-canadiense\/francofonia\/#breadcrumb\"},\"inLanguage\":\"es\",\"potentialAction\":[{\"@type\":\"ReadAction\",\"target\":[\"https:\/\/www.oasdi.ca\/es\/vivir-en-ontario\/cultura-canadiense\/francofonia\/\"]}]},{\"@type\":\"BreadcrumbList\",\"@id\":\"https:\/\/www.oasdi.ca\/es\/vivir-en-ontario\/cultura-canadiense\/francofonia\/#breadcrumb\",\"itemListElement\":[{\"@type\":\"ListItem\",\"position\":1,\"name\":\"Inicio\",\"item\":\"https:\/\/www.oasdi.ca\/es\/\"},{\"@type\":\"ListItem\",\"position\":2,\"name\":\"Vivir en Ontario como estudiante internacional\",\"item\":\"https:\/\/www.oasdi.ca\/es\/vivir-en-ontario\/\"},{\"@type\":\"ListItem\",\"position\":3,\"name\":\"Cultura canadiense\",\"item\":\"https:\/\/www.oasdi.ca\/es\/vivir-en-ontario\/cultura-canadiense\/\"},{\"@type\":\"ListItem\",\"position\":4,\"name\":\"Cultura franc\u00f3fona en Ontario\"}]},{\"@type\":\"WebSite\",\"@id\":\"https:\/\/www.oasdi.ca\/es\/#website\",\"url\":\"https:\/\/www.oasdi.ca\/es\/\",\"name\":\"OASDI\",\"description\":\"Ontario Association of School District International\",\"publisher\":{\"@id\":\"https:\/\/www.oasdi.ca\/es\/#organization\"},\"potentialAction\":[{\"@type\":\"SearchAction\",\"target\":{\"@type\":\"EntryPoint\",\"urlTemplate\":\"https:\/\/www.oasdi.ca\/es\/?s={search_term_string}\"},\"query-input\":\"required name=search_term_string\"}],\"inLanguage\":\"es\"},{\"@type\":\"Organization\",\"@id\":\"https:\/\/www.oasdi.ca\/es\/#organization\",\"name\":\"OASDI\",\"url\":\"https:\/\/www.oasdi.ca\/es\/\",\"logo\":{\"@type\":\"ImageObject\",\"inLanguage\":\"es\",\"@id\":\"https:\/\/www.oasdi.ca\/es\/#\/schema\/logo\/image\/\",\"url\":\"https:\/\/www.oasdi.ca\/wp-content\/uploads\/2020\/02\/cropped-oasdi-logo.png\",\"contentUrl\":\"https:\/\/www.oasdi.ca\/wp-content\/uploads\/2020\/02\/cropped-oasdi-logo.png\",\"width\":468,\"height\":96,\"caption\":\"OASDI\"},\"image\":{\"@id\":\"https:\/\/www.oasdi.ca\/es\/#\/schema\/logo\/image\/\"}}]}<\/script>\n<!-- \/ Yoast SEO plugin. -->","yoast_head_json":{"title":"Cultura franc\u00f3fona en Ontario | Educaci\u00f3n internacional","description":"La cultura franc\u00f3fona en Ontario tiene una larga y atesorada historia que se remonta a siglos atr\u00e1s. Obt\u00e9n m\u00e1s informaci\u00f3n sobre esta cultura aqu\u00ed.","robots":{"index":"index","follow":"follow","max-snippet":"max-snippet:-1","max-image-preview":"max-image-preview:large","max-video-preview":"max-video-preview:-1"},"canonical":"https:\/\/www.oasdi.ca\/es\/vivir-en-ontario\/cultura-canadiense\/francofonia\/","og_locale":"es_ES","og_type":"article","og_title":"Cultura franc\u00f3fona en Ontario | Educaci\u00f3n internacional","og_description":"La cultura franc\u00f3fona en Ontario tiene una larga y atesorada historia que se remonta a siglos atr\u00e1s. Obt\u00e9n m\u00e1s informaci\u00f3n sobre esta cultura aqu\u00ed.","og_url":"https:\/\/www.oasdi.ca\/es\/vivir-en-ontario\/cultura-canadiense\/francofonia\/","og_site_name":"OASDI","article_modified_time":"2020-04-18T13:34:27+00:00","og_image":[{"width":1440,"height":268,"url":"https:\/\/www.oasdi.ca\/wp-content\/uploads\/2020\/03\/banner-43.jpg","type":"image\/jpeg"}],"twitter_card":"summary_large_image","twitter_misc":{"Tiempo de lectura":"2 minutos"},"schema":{"@context":"https:\/\/schema.org","@graph":[{"@type":"WebPage","@id":"https:\/\/www.oasdi.ca\/es\/vivir-en-ontario\/cultura-canadiense\/francofonia\/","url":"https:\/\/www.oasdi.ca\/es\/vivir-en-ontario\/cultura-canadiense\/francofonia\/","name":"Cultura franc\u00f3fona en Ontario | Educaci\u00f3n internacional","isPartOf":{"@id":"https:\/\/www.oasdi.ca\/es\/#website"},"datePublished":"2020-03-22T15:41:11+00:00","dateModified":"2020-04-18T13:34:27+00:00","description":"La cultura franc\u00f3fona en Ontario tiene una larga y atesorada historia que se remonta a siglos atr\u00e1s. Obt\u00e9n m\u00e1s informaci\u00f3n sobre esta cultura aqu\u00ed.","breadcrumb":{"@id":"https:\/\/www.oasdi.ca\/es\/vivir-en-ontario\/cultura-canadiense\/francofonia\/#breadcrumb"},"inLanguage":"es","potentialAction":[{"@type":"ReadAction","target":["https:\/\/www.oasdi.ca\/es\/vivir-en-ontario\/cultura-canadiense\/francofonia\/"]}]},{"@type":"BreadcrumbList","@id":"https:\/\/www.oasdi.ca\/es\/vivir-en-ontario\/cultura-canadiense\/francofonia\/#breadcrumb","itemListElement":[{"@type":"ListItem","position":1,"name":"Inicio","item":"https:\/\/www.oasdi.ca\/es\/"},{"@type":"ListItem","position":2,"name":"Vivir en Ontario como estudiante internacional","item":"https:\/\/www.oasdi.ca\/es\/vivir-en-ontario\/"},{"@type":"ListItem","position":3,"name":"Cultura canadiense","item":"https:\/\/www.oasdi.ca\/es\/vivir-en-ontario\/cultura-canadiense\/"},{"@type":"ListItem","position":4,"name":"Cultura franc\u00f3fona en Ontario"}]},{"@type":"WebSite","@id":"https:\/\/www.oasdi.ca\/es\/#website","url":"https:\/\/www.oasdi.ca\/es\/","name":"OASDI","description":"Ontario Association of School District International","publisher":{"@id":"https:\/\/www.oasdi.ca\/es\/#organization"},"potentialAction":[{"@type":"SearchAction","target":{"@type":"EntryPoint","urlTemplate":"https:\/\/www.oasdi.ca\/es\/?s={search_term_string}"},"query-input":"required name=search_term_string"}],"inLanguage":"es"},{"@type":"Organization","@id":"https:\/\/www.oasdi.ca\/es\/#organization","name":"OASDI","url":"https:\/\/www.oasdi.ca\/es\/","logo":{"@type":"ImageObject","inLanguage":"es","@id":"https:\/\/www.oasdi.ca\/es\/#\/schema\/logo\/image\/","url":"https:\/\/www.oasdi.ca\/wp-content\/uploads\/2020\/02\/cropped-oasdi-logo.png","contentUrl":"https:\/\/www.oasdi.ca\/wp-content\/uploads\/2020\/02\/cropped-oasdi-logo.png","width":468,"height":96,"caption":"OASDI"},"image":{"@id":"https:\/\/www.oasdi.ca\/es\/#\/schema\/logo\/image\/"}}]}},"_links":{"self":[{"href":"https:\/\/www.oasdi.ca\/es\/wp-json\/wp\/v2\/pages\/18792"}],"collection":[{"href":"https:\/\/www.oasdi.ca\/es\/wp-json\/wp\/v2\/pages"}],"about":[{"href":"https:\/\/www.oasdi.ca\/es\/wp-json\/wp\/v2\/types\/page"}],"author":[{"embeddable":true,"href":"https:\/\/www.oasdi.ca\/es\/wp-json\/wp\/v2\/users\/237"}],"replies":[{"embeddable":true,"href":"https:\/\/www.oasdi.ca\/es\/wp-json\/wp\/v2\/comments?post=18792"}],"version-history":[{"count":0,"href":"https:\/\/www.oasdi.ca\/es\/wp-json\/wp\/v2\/pages\/18792\/revisions"}],"up":[{"embeddable":true,"href":"https:\/\/www.oasdi.ca\/es\/wp-json\/wp\/v2\/pages\/18367"}],"wp:featuredmedia":[{"embeddable":true,"href":"https:\/\/www.oasdi.ca\/es\/wp-json\/wp\/v2\/media\/16985"}],"wp:attachment":[{"href":"https:\/\/www.oasdi.ca\/es\/wp-json\/wp\/v2\/media?parent=18792"}],"curies":[{"name":"wp","href":"https:\/\/api.w.org\/{rel}","templated":true}]}}