{"id":18741,"date":"2020-03-19T12:15:22","date_gmt":"2020-03-19T12:15:22","guid":{"rendered":"http:\/\/oasdi.ca\/educacion-k-12-en-ontario\/infographic\/"},"modified":"2020-04-30T15:22:40","modified_gmt":"2020-04-30T15:22:40","slug":"infografia","status":"publish","type":"page","link":"https:\/\/www.oasdi.ca\/es\/educacion-k-12-en-ontario\/infografia\/","title":{"rendered":"Infograf\u00eda de la educaci\u00f3n K-12 en Ontario"},"content":{"rendered":"<div id=\"pl-18741\"  class=\"panel-layout\" ><div id=\"pg-18741-0\"  class=\"panel-grid panel-has-style\" ><div class=\"panel-row-style panel-row-style-for-18741-0\" ><div id=\"pgc-18741-0-0\"  class=\"panel-grid-cell\" ><div id=\"panel-18741-0-0-0\" class=\"so-panel widget widget_sow-image panel-first-child panel-last-child\" data-index=\"0\" ><div class=\"is-featured-img panel-widget-style panel-widget-style-for-18741-0-0-0\" ><div\n\t\t\t\n\t\t\tclass=\"so-widget-sow-image so-widget-sow-image-default-c4f6304fc136-18741\"\n\t\t\t\n\t\t>\n\n<div class=\"sow-image-container\">\n\t\t<img loading=\"lazy\" decoding=\"async\" src=\"https:\/\/www.oasdi.ca\/wp-content\/uploads\/2020\/03\/ontario-k12.jpg\" width=\"1440\" height=\"268\" srcset=\"https:\/\/www.oasdi.ca\/wp-content\/uploads\/2020\/03\/ontario-k12.jpg 1440w, https:\/\/www.oasdi.ca\/wp-content\/uploads\/2020\/03\/ontario-k12-250x47.jpg 250w, https:\/\/www.oasdi.ca\/wp-content\/uploads\/2020\/03\/ontario-k12-700x130.jpg 700w, https:\/\/www.oasdi.ca\/wp-content\/uploads\/2020\/03\/ontario-k12-768x143.jpg 768w, https:\/\/www.oasdi.ca\/wp-content\/uploads\/2020\/03\/ontario-k12-120x22.jpg 120w\" sizes=\"(max-width: 1440px) 100vw, 1440px\" alt=\"Onatrio k12\" \t\tclass=\"so-widget-image\"\/>\n\t<\/div>\n\n<\/div><\/div><\/div><\/div><\/div><\/div><div id=\"pg-18741-1\"  class=\"panel-grid panel-has-style\" ><div class=\"has-container panel-row-style panel-row-style-for-18741-1\" ><div id=\"pgc-18741-1-0\"  class=\"panel-grid-cell\" ><div id=\"panel-18741-1-0-0\" class=\"so-panel widget widget_hem-seo-title-widget panel-first-child panel-last-child\" data-index=\"1\" ><div class=\"panel-widget-style panel-widget-style-for-18741-1-0-0\" ><div\n\t\t\t\n\t\t\tclass=\"so-widget-hem-seo-title-widget so-widget-hem-seo-title-widget-hem-seo-title-widget-style-d75171398898-18741\"\n\t\t\t\n\t\t>\n<h1 style=\"font-size:px;\">Infograf\u00eda de la educaci\u00f3n K-12 en Ontario<\/h1>\n\n\n\n\t<!-- <div class=\"breadcrumb-trail\"><a href=\"index.php\">Home<\/a> \u00bb <span class=\"breadcrumb-current\">About<\/span><\/div> -->\n\t<div class=\"test1\"><span><span><a href=\"https:\/\/www.oasdi.ca\/es\/\">Inicio<\/a><\/span><\/span><\/div>\n<\/div><\/div><\/div><\/div><\/div><\/div><div id=\"pg-18741-2\"  class=\"panel-grid panel-has-style\" ><div class=\"has-container panel-row-style panel-row-style-for-18741-2\" ><div id=\"pgc-18741-2-0\"  class=\"panel-grid-cell\" ><div id=\"panel-18741-2-0-0\" class=\"so-panel widget widget_hem-sidebar-menu-widget panel-first-child\" data-index=\"2\" ><div\n\t\t\t\n\t\t\tclass=\"so-widget-hem-sidebar-menu-widget so-widget-hem-sidebar-menu-widget-hem-sidebar-menu-widget-style-d75171398898-18741\"\n\t\t\t\n\t\t><div id=\"sidebar\">\n\t\t\t<ul id=\"side-menu\" class=\"side-menu menu-embedded\">\n\t\t\t\n\t\t\t\t\t\t\t\t\n\t\t\t\t\t\t\t\t\t\t\t<li><a href=\"https:\/\/www.oasdi.ca\/es\/educacion-k-12-en-ontario\/preguntas-frecuentes\/\">Preguntas frecuentes acerca de la educaci\u00f3n K-12 en Ontario<\/a><\/li>\n\t\t\t\t\t\t\t\t\t\t\t\t\t\n\t\t\t\t\t\t\t\t\t\t\t<li><a href=\"https:\/\/www.oasdi.ca\/es\/educacion-k-12-en-ontario\/valoracion-evaluacion-y-reporte\/\">Reporte de calificaciones de los estudiantes en Ontario<\/a><\/li>\n\t\t\t\t\t\t\t\t\t\t\t\t\t\n\t\t\t\t\t\t\t\t\t\t\t<li><a href=\"https:\/\/www.oasdi.ca\/es\/educacion-k-12-en-ontario\/requisitos-para-graduarse\/\">Requisitos para la graduaci\u00f3n en Ontario<\/a><\/li>\n\t\t\t\t\t\t\t\t\t\t\t\t\t\n\t\t\t\t\t\t\t\t\t\t\t<li><a href=\"https:\/\/www.oasdi.ca\/es\/educacion-k-12-en-ontario\/curriculo\/\">Plan de estudios en Ontario<\/a><\/li>\n\t\t\t\t\t\t\t\t\t\t\t\t\t\n\t\t\t\t\t\t\t\t\t\t\t<li><a href=\"https:\/\/www.oasdi.ca\/es\/educacion-k-12-en-ontario\/educacion-cooperativa\/\">Educaci\u00f3n cooperativa en Ontario<\/a><\/li>\n\t\t\t\t\t\t\t\t\t\t\t\t\t\n\t\t\t\t\t\t\t\t\t\t\t<li><a href=\"https:\/\/www.oasdi.ca\/es\/educacion-k-12-en-ontario\/escuelas-secundarias\/\">Escuelas secundarias en Ontario<\/a><\/li>\n\t\t\t\t\t\t\t\t\t\t\t\t\t\n\t\t\t\t\t\t\t\t\t\t\t<li><a href=\"https:\/\/www.oasdi.ca\/es\/educacion-k-12-en-ontario\/escuelas-primarias\/\">Escuelas primarias en Ontario<\/a><\/li>\n\t\t\t\t\t\t\t\t\t\t\t\t\t\n\t\t\t\t\t\t\t\t\t\t\t<li><a class=\"active\" href=\"https:\/\/www.oasdi.ca\/es\/educacion-k-12-en-ontario\/infografia\/\">Infograf\u00eda de la educaci\u00f3n K-12 en Ontario<\/a><\/li>\n\t\t\t\t\t\t\t\t\t\t\n\n\t\t\t\t<!-- Extra menu -->\n\t\t\t\t\n\n\n\t\t\t\t\t<\/ul>\n\t\n\n<\/div><\/div><\/div><div id=\"panel-18741-2-0-1\" class=\"so-panel widget widget_hem-sidebar-link-widget panel-last-child\" data-index=\"3\" ><div\n\t\t\t\n\t\t\tclass=\"so-widget-hem-sidebar-link-widget so-widget-hem-sidebar-link-widget-hem-sidebar-link-widget-style-d75171398898-18741\"\n\t\t\t\n\t\t><div id=\"sidebar\" class=\"external-link-only\">\n\n\n\n\t\t\t\t<!-- Extra menu -->\n\t\t\t\t\t\t\t\t\t<ul id=\"side-menu\" class=\"side-menu menu-embedded\">\n\t\t\t\t\t\t\t\t\t\t\t\t\t\t\t\t\t\t\t\t\t<li><a  href=\"https:\/\/www.oasdi.ca\/map-search\/\">Map Overview<\/a><\/li>\n\t\t\t\t\t\t\t\t\t\t\t\t\t\t\n\t\t\t\t\t\t\t\t\t\t\t\t\t\t\t\t\t\t\t\t\t<li><a  href=\"https:\/\/www.oasdi.ca\/district-list\/\">District List<\/a><\/li>\n\t\t\t\t\t\t\t\t\t\t\t\t\t\t\n\t\t\t\t\t\t\t\n\t\t\t\t\t<\/ul>\n\t\t\t\t\n\t\t\t\t\n\n\n\n\n<\/div><\/div><\/div><\/div><div id=\"pgc-18741-2-1\"  class=\"panel-grid-cell\" ><div class=\"pl-sm-3 pl-md-5 panel-cell-style panel-cell-style-for-18741-2-1\" ><div id=\"panel-18741-2-1-0\" class=\"so-panel widget widget_sow-editor panel-first-child panel-last-child\" data-index=\"4\" ><div\n\t\t\t\n\t\t\tclass=\"so-widget-sow-editor so-widget-sow-editor-base\"\n\t\t\t\n\t\t>\n<div class=\"siteorigin-widget-tinymce textwidget\">\n\t<table class=\"table-bordered table\" style=\"height: 508px;\" border=\"0\" width=\"840\" cellspacing=\"0\" cellpadding=\"0\">\n<thead>\n<tr>\n<th colspan=\"2\" rowspan=\"1\" scope=\"row\">\n<p style=\"text-align: center; line-height: 105%;\">Cuadro de grados y edades de jard\u00edn infantil a grado 12 (K-12)<\/p>\n<\/th>\n<th style=\"text-align: center;\" scope=\"col\">Grado<\/th>\n<th style=\"text-align: center;\" scope=\"col\">Edad (a\u00f1os de edad)<\/th>\n<\/tr>\n<\/thead>\n<tbody>\n<tr>\n<th style=\"background-color: #ffff00; text-align: center;\" colspan=\"2\" rowspan=\"2\" scope=\"row\">Jard\u00edn infantil<\/th>\n<td style=\"background-color: #ffff00; text-align: center;\">Preescolar (4 a\u00f1os de edad)<\/td>\n<td style=\"background-color: #ffff00; text-align: center;\">4<\/td>\n<\/tr>\n<tr>\n<td style=\"background-color: #ffff00; text-align: center;\" scope=\"row\">Ense\u00f1anza primaria (5 a\u00f1os de edad)<\/td>\n<td style=\"background-color: #ffff00; text-align: center;\">5<\/td>\n<\/tr>\n<tr>\n<th style=\"text-align: center; background-color: #92d050; width: 30%;\" colspan=\"1\" rowspan=\"8\" scope=\"row\">Escuela<br \/>\nprimaria<\/th>\n<td style=\"text-align: center; background-color: #b6dde8;\" colspan=\"1\" rowspan=\"3\">Primaria<\/td>\n<td style=\"text-align: center; background-color: #b6dde8;\">Grado 1<\/td>\n<td style=\"text-align: center; background-color: #b6dde8;\">6<\/td>\n<\/tr>\n<tr>\n<td style=\"text-align: center; background-color: #b6dde8;\" scope=\"row\">Grado 2<\/td>\n<td style=\"text-align: center; background-color: #b6dde8;\">7<\/td>\n<\/tr>\n<tr>\n<td style=\"text-align: center; background-color: #b6dde8;\" scope=\"row\">Grado 3<\/td>\n<td style=\"text-align: center; background-color: #b6dde8;\">8<\/td>\n<\/tr>\n<tr>\n<td style=\"background-color: #59d1f3; text-align: center;\" colspan=\"1\" rowspan=\"3\" scope=\"row\">Estudiante de primaria<\/td>\n<td style=\"background-color: #59d1f3; text-align: center;\">Grado 4<\/td>\n<td style=\"background-color: #59d1f3; text-align: center;\">9<\/td>\n<\/tr>\n<tr>\n<td style=\"background-color: #59d1f3; text-align: center;\" scope=\"row\">Grado 5<\/td>\n<td style=\"background-color: #59d1f3; text-align: center;\">10<\/td>\n<\/tr>\n<tr>\n<td style=\"background-color: #59d1f3; text-align: center;\" scope=\"row\">Grado 6<\/td>\n<td style=\"background-color: #59d1f3; text-align: center;\">11<\/td>\n<\/tr>\n<tr>\n<td style=\"text-align: center; background-color: #00afef;\" colspan=\"1\" rowspan=\"2\" scope=\"row\">Estudiante de secundaria (primer ciclo)<\/td>\n<td style=\"text-align: center; background-color: #00afef;\">Grado 7<\/td>\n<td style=\"text-align: center; background-color: #00afef;\">12<\/td>\n<\/tr>\n<tr>\n<td style=\"text-align: center; background-color: #00afef;\" scope=\"row\">Grade 8<\/td>\n<td style=\"text-align: center; background-color: #00afef;\">13<\/td>\n<\/tr>\n<tr>\n<th style=\"background-color: #ffc000; text-align: center;\" colspan=\"2\" rowspan=\"4\" scope=\"row\">&nbsp;<\/p>\n<p>Escuela secundaria<\/th>\n<td style=\"background-color: #ffc000; text-align: center;\">Grado 9<\/td>\n<td style=\"background-color: #ffc000; text-align: center;\">14<\/td>\n<\/tr>\n<tr>\n<td style=\"background-color: #ffc000; text-align: center;\" scope=\"row\">Grado 10<\/td>\n<td style=\"background-color: #ffc000; text-align: center;\">15<\/td>\n<\/tr>\n<tr>\n<td style=\"background-color: #ffc000; text-align: center;\" scope=\"row\">Grado 11<\/td>\n<td style=\"background-color: #ffc000; text-align: center;\">16<\/td>\n<\/tr>\n<tr>\n<td style=\"background-color: #ffc000; text-align: center;\" scope=\"row\">Grado 12<\/td>\n<td style=\"background-color: #ffc000; text-align: center;\">17<\/td>\n<\/tr>\n<\/tbody>\n<\/table>\n<\/div>\n<\/div><\/div><\/div><\/div><\/div><\/div><\/div>","protected":false},"excerpt":{"rendered":"Infograf\u00eda de la educaci\u00f3n K-12 en Ontario Inicio Preguntas frecuentes acerca de la educaci\u00f3n K-12 en Ontario Reporte de calificaciones de los estudiantes en Ontario Requisitos para la graduaci\u00f3n en Ontario Plan de estudios en Ontario Educaci\u00f3n cooperativa en Ontario Escuelas secundarias en Ontario Escuelas primarias en Ontario Infograf\u00eda de la educaci\u00f3n K-12 en Ontario&#8230; <a class=\"view-article\" href=\"https:\/\/www.oasdi.ca\/es\/educacion-k-12-en-ontario\/infografia\/\">Ver art\u00edculo<\/a>","protected":false},"author":237,"featured_media":0,"parent":18123,"menu_order":571,"comment_status":"closed","ping_status":"closed","template":"","meta":{"footnotes":""},"class_list":["post-18741","page","type-page","status-publish","hentry"],"yoast_head":"<!-- This site is optimized with the Yoast SEO plugin v21.5 - https:\/\/yoast.com\/wordpress\/plugins\/seo\/ -->\n<title>Infograf\u00eda de la educaci\u00f3n K-12 en Ontario | OASDI<\/title>\n<meta name=\"description\" content=\"Te gustar\u00eda aprender acerca del sistema de educaci\u00f3n en Ontario? Lee esta infograf\u00eda y aprende c\u00f3mo est\u00e1 estructurado el sistema de calificaciones en Ontario.\" \/>\n<meta name=\"robots\" content=\"index, follow, max-snippet:-1, max-image-preview:large, max-video-preview:-1\" \/>\n<link rel=\"canonical\" href=\"https:\/\/www.oasdi.ca\/es\/educacion-k-12-en-ontario\/infografia\/\" \/>\n<meta property=\"og:locale\" content=\"es_ES\" \/>\n<meta property=\"og:type\" content=\"article\" \/>\n<meta property=\"og:title\" content=\"Infograf\u00eda de la educaci\u00f3n K-12 en Ontario | OASDI\" \/>\n<meta property=\"og:description\" content=\"Te gustar\u00eda aprender acerca del sistema de educaci\u00f3n en Ontario? Lee esta infograf\u00eda y aprende c\u00f3mo est\u00e1 estructurado el sistema de calificaciones en Ontario.\" \/>\n<meta property=\"og:url\" content=\"https:\/\/www.oasdi.ca\/es\/educacion-k-12-en-ontario\/infografia\/\" \/>\n<meta property=\"og:site_name\" content=\"OASDI\" \/>\n<meta property=\"article:modified_time\" content=\"2020-04-30T15:22:40+00:00\" \/>\n<meta property=\"og:image\" content=\"https:\/\/www.oasdi.ca\/wp-content\/uploads\/2020\/03\/oasdi-faq.jpg\" \/>\n\t<meta property=\"og:image:width\" content=\"1440\" \/>\n\t<meta property=\"og:image:height\" content=\"268\" \/>\n\t<meta property=\"og:image:type\" content=\"image\/jpeg\" \/>\n<meta name=\"twitter:card\" content=\"summary_large_image\" \/>\n<script type=\"application\/ld+json\" class=\"yoast-schema-graph\">{\"@context\":\"https:\/\/schema.org\",\"@graph\":[{\"@type\":\"WebPage\",\"@id\":\"https:\/\/www.oasdi.ca\/es\/educacion-k-12-en-ontario\/infografia\/\",\"url\":\"https:\/\/www.oasdi.ca\/es\/educacion-k-12-en-ontario\/infografia\/\",\"name\":\"Infograf\u00eda de la educaci\u00f3n K-12 en Ontario | OASDI\",\"isPartOf\":{\"@id\":\"https:\/\/www.oasdi.ca\/es\/#website\"},\"datePublished\":\"2020-03-19T12:15:22+00:00\",\"dateModified\":\"2020-04-30T15:22:40+00:00\",\"description\":\"Te gustar\u00eda aprender acerca del sistema de educaci\u00f3n en Ontario? Lee esta infograf\u00eda y aprende c\u00f3mo est\u00e1 estructurado el sistema de calificaciones en Ontario.\",\"breadcrumb\":{\"@id\":\"https:\/\/www.oasdi.ca\/es\/educacion-k-12-en-ontario\/infografia\/#breadcrumb\"},\"inLanguage\":\"es\",\"potentialAction\":[{\"@type\":\"ReadAction\",\"target\":[\"https:\/\/www.oasdi.ca\/es\/educacion-k-12-en-ontario\/infografia\/\"]}]},{\"@type\":\"BreadcrumbList\",\"@id\":\"https:\/\/www.oasdi.ca\/es\/educacion-k-12-en-ontario\/infografia\/#breadcrumb\",\"itemListElement\":[{\"@type\":\"ListItem\",\"position\":1,\"name\":\"Inicio\",\"item\":\"https:\/\/www.oasdi.ca\/es\/\"},{\"@type\":\"ListItem\",\"position\":2,\"name\":\"Educaci\u00f3n K-12 en Ontario\",\"item\":\"https:\/\/www.oasdi.ca\/es\/educacion-k-12-en-ontario\/\"},{\"@type\":\"ListItem\",\"position\":3,\"name\":\"Infograf\u00eda de la educaci\u00f3n K-12 en Ontario\"}]},{\"@type\":\"WebSite\",\"@id\":\"https:\/\/www.oasdi.ca\/es\/#website\",\"url\":\"https:\/\/www.oasdi.ca\/es\/\",\"name\":\"OASDI\",\"description\":\"Ontario Association of School District International\",\"publisher\":{\"@id\":\"https:\/\/www.oasdi.ca\/es\/#organization\"},\"potentialAction\":[{\"@type\":\"SearchAction\",\"target\":{\"@type\":\"EntryPoint\",\"urlTemplate\":\"https:\/\/www.oasdi.ca\/es\/?s={search_term_string}\"},\"query-input\":\"required name=search_term_string\"}],\"inLanguage\":\"es\"},{\"@type\":\"Organization\",\"@id\":\"https:\/\/www.oasdi.ca\/es\/#organization\",\"name\":\"OASDI\",\"url\":\"https:\/\/www.oasdi.ca\/es\/\",\"logo\":{\"@type\":\"ImageObject\",\"inLanguage\":\"es\",\"@id\":\"https:\/\/www.oasdi.ca\/es\/#\/schema\/logo\/image\/\",\"url\":\"https:\/\/www.oasdi.ca\/wp-content\/uploads\/2020\/02\/cropped-oasdi-logo.png\",\"contentUrl\":\"https:\/\/www.oasdi.ca\/wp-content\/uploads\/2020\/02\/cropped-oasdi-logo.png\",\"width\":468,\"height\":96,\"caption\":\"OASDI\"},\"image\":{\"@id\":\"https:\/\/www.oasdi.ca\/es\/#\/schema\/logo\/image\/\"}}]}<\/script>\n<!-- \/ Yoast SEO plugin. -->","yoast_head_json":{"title":"Infograf\u00eda de la educaci\u00f3n K-12 en Ontario | OASDI","description":"Te gustar\u00eda aprender acerca del sistema de educaci\u00f3n en Ontario? Lee esta infograf\u00eda y aprende c\u00f3mo est\u00e1 estructurado el sistema de calificaciones en Ontario.","robots":{"index":"index","follow":"follow","max-snippet":"max-snippet:-1","max-image-preview":"max-image-preview:large","max-video-preview":"max-video-preview:-1"},"canonical":"https:\/\/www.oasdi.ca\/es\/educacion-k-12-en-ontario\/infografia\/","og_locale":"es_ES","og_type":"article","og_title":"Infograf\u00eda de la educaci\u00f3n K-12 en Ontario | OASDI","og_description":"Te gustar\u00eda aprender acerca del sistema de educaci\u00f3n en Ontario? Lee esta infograf\u00eda y aprende c\u00f3mo est\u00e1 estructurado el sistema de calificaciones en Ontario.","og_url":"https:\/\/www.oasdi.ca\/es\/educacion-k-12-en-ontario\/infografia\/","og_site_name":"OASDI","article_modified_time":"2020-04-30T15:22:40+00:00","og_image":[{"width":1440,"height":268,"url":"https:\/\/www.oasdi.ca\/wp-content\/uploads\/2020\/03\/oasdi-faq.jpg","type":"image\/jpeg"}],"twitter_card":"summary_large_image","schema":{"@context":"https:\/\/schema.org","@graph":[{"@type":"WebPage","@id":"https:\/\/www.oasdi.ca\/es\/educacion-k-12-en-ontario\/infografia\/","url":"https:\/\/www.oasdi.ca\/es\/educacion-k-12-en-ontario\/infografia\/","name":"Infograf\u00eda de la educaci\u00f3n K-12 en Ontario | OASDI","isPartOf":{"@id":"https:\/\/www.oasdi.ca\/es\/#website"},"datePublished":"2020-03-19T12:15:22+00:00","dateModified":"2020-04-30T15:22:40+00:00","description":"Te gustar\u00eda aprender acerca del sistema de educaci\u00f3n en Ontario? Lee esta infograf\u00eda y aprende c\u00f3mo est\u00e1 estructurado el sistema de calificaciones en Ontario.","breadcrumb":{"@id":"https:\/\/www.oasdi.ca\/es\/educacion-k-12-en-ontario\/infografia\/#breadcrumb"},"inLanguage":"es","potentialAction":[{"@type":"ReadAction","target":["https:\/\/www.oasdi.ca\/es\/educacion-k-12-en-ontario\/infografia\/"]}]},{"@type":"BreadcrumbList","@id":"https:\/\/www.oasdi.ca\/es\/educacion-k-12-en-ontario\/infografia\/#breadcrumb","itemListElement":[{"@type":"ListItem","position":1,"name":"Inicio","item":"https:\/\/www.oasdi.ca\/es\/"},{"@type":"ListItem","position":2,"name":"Educaci\u00f3n K-12 en Ontario","item":"https:\/\/www.oasdi.ca\/es\/educacion-k-12-en-ontario\/"},{"@type":"ListItem","position":3,"name":"Infograf\u00eda de la educaci\u00f3n K-12 en Ontario"}]},{"@type":"WebSite","@id":"https:\/\/www.oasdi.ca\/es\/#website","url":"https:\/\/www.oasdi.ca\/es\/","name":"OASDI","description":"Ontario Association of School District International","publisher":{"@id":"https:\/\/www.oasdi.ca\/es\/#organization"},"potentialAction":[{"@type":"SearchAction","target":{"@type":"EntryPoint","urlTemplate":"https:\/\/www.oasdi.ca\/es\/?s={search_term_string}"},"query-input":"required name=search_term_string"}],"inLanguage":"es"},{"@type":"Organization","@id":"https:\/\/www.oasdi.ca\/es\/#organization","name":"OASDI","url":"https:\/\/www.oasdi.ca\/es\/","logo":{"@type":"ImageObject","inLanguage":"es","@id":"https:\/\/www.oasdi.ca\/es\/#\/schema\/logo\/image\/","url":"https:\/\/www.oasdi.ca\/wp-content\/uploads\/2020\/02\/cropped-oasdi-logo.png","contentUrl":"https:\/\/www.oasdi.ca\/wp-content\/uploads\/2020\/02\/cropped-oasdi-logo.png","width":468,"height":96,"caption":"OASDI"},"image":{"@id":"https:\/\/www.oasdi.ca\/es\/#\/schema\/logo\/image\/"}}]}},"_links":{"self":[{"href":"https:\/\/www.oasdi.ca\/es\/wp-json\/wp\/v2\/pages\/18741"}],"collection":[{"href":"https:\/\/www.oasdi.ca\/es\/wp-json\/wp\/v2\/pages"}],"about":[{"href":"https:\/\/www.oasdi.ca\/es\/wp-json\/wp\/v2\/types\/page"}],"author":[{"embeddable":true,"href":"https:\/\/www.oasdi.ca\/es\/wp-json\/wp\/v2\/users\/237"}],"replies":[{"embeddable":true,"href":"https:\/\/www.oasdi.ca\/es\/wp-json\/wp\/v2\/comments?post=18741"}],"version-history":[{"count":0,"href":"https:\/\/www.oasdi.ca\/es\/wp-json\/wp\/v2\/pages\/18741\/revisions"}],"up":[{"embeddable":true,"href":"https:\/\/www.oasdi.ca\/es\/wp-json\/wp\/v2\/pages\/18123"}],"wp:attachment":[{"href":"https:\/\/www.oasdi.ca\/es\/wp-json\/wp\/v2\/media?parent=18741"}],"curies":[{"name":"wp","href":"https:\/\/api.w.org\/{rel}","templated":true}]}}