{"id":18634,"date":"2020-03-22T15:58:44","date_gmt":"2020-03-22T15:58:44","guid":{"rendered":"http:\/\/oasdi.ca\/vivir-en-ontario\/attractions\/"},"modified":"2020-04-17T18:21:09","modified_gmt":"2020-04-17T18:21:09","slug":"atracciones","status":"publish","type":"page","link":"https:\/\/www.oasdi.ca\/es\/vivir-en-ontario\/atracciones\/","title":{"rendered":"Maravillas naturales y atracciones principales de Ontario"},"content":{"rendered":"<div id=\"pl-18634\"  class=\"panel-layout\" ><div id=\"pg-18634-0\"  class=\"panel-grid panel-no-style\" ><div id=\"pgc-18634-0-0\"  class=\"panel-grid-cell\" ><div id=\"panel-18634-0-0-0\" class=\"so-panel widget widget_sow-image panel-first-child panel-last-child\" data-index=\"0\" ><div class=\"is-featured-img panel-widget-style panel-widget-style-for-18634-0-0-0\" ><div\n\t\t\t\n\t\t\tclass=\"so-widget-sow-image so-widget-sow-image-default-c4f6304fc136-18634\"\n\t\t\t\n\t\t>\n\n<div class=\"sow-image-container\">\n\t\t<img loading=\"lazy\" decoding=\"async\" src=\"https:\/\/www.oasdi.ca\/wp-content\/uploads\/2020\/03\/banner-7.jpg\" width=\"1440\" height=\"268\" srcset=\"https:\/\/www.oasdi.ca\/wp-content\/uploads\/2020\/03\/banner-7.jpg 1440w, https:\/\/www.oasdi.ca\/wp-content\/uploads\/2020\/03\/banner-7-250x47.jpg 250w, https:\/\/www.oasdi.ca\/wp-content\/uploads\/2020\/03\/banner-7-700x130.jpg 700w, https:\/\/www.oasdi.ca\/wp-content\/uploads\/2020\/03\/banner-7-768x143.jpg 768w, https:\/\/www.oasdi.ca\/wp-content\/uploads\/2020\/03\/banner-7-500x93.jpg 500w, https:\/\/www.oasdi.ca\/wp-content\/uploads\/2020\/03\/banner-7-120x22.jpg 120w\" sizes=\"(max-width: 1440px) 100vw, 1440px\" alt=\"\" \t\tclass=\"so-widget-image\"\/>\n\t<\/div>\n\n<\/div><\/div><\/div><\/div><\/div><div id=\"pg-18634-1\"  class=\"panel-grid panel-has-style\" ><div class=\"has-container panel-row-style panel-row-style-for-18634-1\" ><div id=\"pgc-18634-1-0\"  class=\"panel-grid-cell\" ><div id=\"panel-18634-1-0-0\" class=\"so-panel widget widget_hem-seo-title-widget panel-first-child panel-last-child\" data-index=\"1\" ><div class=\"panel-widget-style panel-widget-style-for-18634-1-0-0\" ><div\n\t\t\t\n\t\t\tclass=\"so-widget-hem-seo-title-widget so-widget-hem-seo-title-widget-hem-seo-title-widget-style-d75171398898-18634\"\n\t\t\t\n\t\t>\n<h1 style=\"font-size:px;\">Maravillas naturales y atracciones principales de Ontario<\/h1>\n\n\n\n\t<!-- <div class=\"breadcrumb-trail\"><a href=\"index.php\">Home<\/a> \u00bb <span class=\"breadcrumb-current\">About<\/span><\/div> -->\n\t<div class=\"test1\"><span><span><a href=\"https:\/\/www.oasdi.ca\/es\/\">Inicio<\/a><\/span><\/span><\/div>\n<\/div><\/div><\/div><\/div><\/div><\/div><div id=\"pg-18634-2\"  class=\"panel-grid panel-has-style\" ><div class=\"has-container panel-row-style panel-row-style-for-18634-2\" ><div id=\"pgc-18634-2-0\"  class=\"panel-grid-cell\" ><div id=\"panel-18634-2-0-0\" class=\"so-panel widget widget_hem-sidebar-menu-widget panel-first-child\" data-index=\"2\" ><div\n\t\t\t\n\t\t\tclass=\"so-widget-hem-sidebar-menu-widget so-widget-hem-sidebar-menu-widget-hem-sidebar-menu-widget-style-d75171398898-18634\"\n\t\t\t\n\t\t><div id=\"sidebar\">\n\t\t\t<ul id=\"side-menu\" class=\"side-menu menu-embedded\">\n\t\t\t\n\t\t\t\t\t\t\t\t\n\t\t\t\t\t\t\t\t\t\t\t<li><a href=\"https:\/\/www.oasdi.ca\/es\/vivir-en-ontario\/preguntas-frecuentes\/\">Preguntas frecuentes acerca de la vida como estudiante internacional en Ontario<\/a><\/li>\n\t\t\t\t\t\t\t\t\t\t\t\t\t\n\t\t\t\t\t\t\t\t\t\t\t<li><a href=\"https:\/\/www.oasdi.ca\/es\/vivir-en-ontario\/clima-y-estaciones\/\">El clima y las estaciones en Ontario<\/a><\/li>\n\t\t\t\t\t\t\t\t\t\t\t\t\t\n\t\t\t\t\t\t\t\t\t\t\t<li><a class=\"active\" href=\"https:\/\/www.oasdi.ca\/es\/vivir-en-ontario\/atracciones\/\">Maravillas naturales y atracciones principales de Ontario<\/a><\/li>\n\t\t\t\t\t\t\t\t\t\t\t\t\t\n\t\t\t\t\t\t\t\t\t\t\t<li><a href=\"https:\/\/www.oasdi.ca\/es\/vivir-en-ontario\/explorar\/\">Explorar Ontario<\/a><\/li>\n\t\t\t\t\t\t\t\t\t\t\t\t\t\n\t\t\t\t\t\t\t\t\t\t\t<li><a href=\"https:\/\/www.oasdi.ca\/es\/vivir-en-ontario\/transporte\/\">Transporte y movilidad en Ontario<\/a><\/li>\n\t\t\t\t\t\t\t\t\t\t\t\t\t\n\t\t\t\t\t\t\t\t\t\t\t<li><a href=\"https:\/\/www.oasdi.ca\/es\/vivir-en-ontario\/cultura-canadiense\/\">Cultura canadiense<\/a><\/li>\n\t\t\t\t\t\t\t\t\t\t\t\t\t\n\t\t\t\t\t\t\t\t\t\t\t<li><a href=\"https:\/\/www.oasdi.ca\/es\/vivir-en-ontario\/vida-rural\/\">Vida rural, suburbana y urbana en Ontario<\/a><\/li>\n\t\t\t\t\t\t\t\t\t\t\t\t\t\n\t\t\t\t\t\t\t\t\t\t\t<li><a href=\"https:\/\/www.oasdi.ca\/es\/vivir-en-ontario\/servicios-del-alojamiento-en-familia\/\">Servicios de alojamiento con familias anfitrionas para estudiantes internacionales en Ontario<\/a><\/li>\n\t\t\t\t\t\t\t\t\t\t\n\n\t\t\t\t<!-- Extra menu -->\n\t\t\t\t\n\n\n\t\t\t\t\t<\/ul>\n\t\n\n<\/div><\/div><\/div><div id=\"panel-18634-2-0-1\" class=\"so-panel widget widget_hem-sidebar-link-widget panel-last-child\" data-index=\"3\" ><div\n\t\t\t\n\t\t\tclass=\"so-widget-hem-sidebar-link-widget so-widget-hem-sidebar-link-widget-hem-sidebar-link-widget-style-d75171398898-18634\"\n\t\t\t\n\t\t><div id=\"sidebar\" class=\"external-link-only\">\n\n\n\n\t\t\t\t<!-- Extra menu -->\n\t\t\t\t\t\t\t\t\t<ul id=\"side-menu\" class=\"side-menu menu-embedded\">\n\t\t\t\t\t\t\t\t\t\t\t\t\t\t\t\t\t\t\t\t\t<li><a  href=\"https:\/\/www.oasdi.ca\/map-search\/\">Map Overview<\/a><\/li>\n\t\t\t\t\t\t\t\t\t\t\t\t\t\t\n\t\t\t\t\t\t\t\t\t\t\t\t\t\t\t\t\t\t\t\t\t<li><a  href=\"https:\/\/www.oasdi.ca\/district-list\/\">District List<\/a><\/li>\n\t\t\t\t\t\t\t\t\t\t\t\t\t\t\n\t\t\t\t\t\t\t\n\t\t\t\t\t<\/ul>\n\t\t\t\t\n\t\t\t\t\n\n\n\n\n<\/div><\/div><\/div><\/div><div id=\"pgc-18634-2-1\"  class=\"panel-grid-cell\" ><div class=\"pl-sm-3 pl-md-5 panel-cell-style panel-cell-style-for-18634-2-1\" ><div id=\"panel-18634-2-1-0\" class=\"so-panel widget widget_sow-editor panel-first-child panel-last-child\" data-index=\"4\" ><div\n\t\t\t\n\t\t\tclass=\"so-widget-sow-editor so-widget-sow-editor-base\"\n\t\t\t\n\t\t>\n<div class=\"siteorigin-widget-tinymce textwidget\">\n\t<p>Casi todo el mundo ha escuchado acerca de, o visto fotograf\u00edas de la majestuosidad y fuerza de las Cataratas del Ni\u00e1gara, pero Ontario tiene muchas otras maravillas naturales incre\u00edbles que son igual de impresionantes. Desde los eventos geol\u00f3gicos grabados en las caras de las rocas y las cuevas hasta los miles de lagos y v\u00edas navegables para canotaje y exploraci\u00f3n, senderos naturales en los muchos parques y \u00e1reas de conservaci\u00f3n de Ontario, en todos los rincones de la provincia, se encuentra aire fresco, la sensaci\u00f3n de libertad y amplitud.<\/p>\n<p>Algunas de estas maravillas incluyen:<\/p>\n<ul>\n<li>Parque Algonquin<\/li>\n<li>Parque provincial Sleeping Giant, Thunder Bay<\/li>\n<li>Scarborough Bluff, Scarborough<\/li>\n<li>Parque provincial Sandbank, Condado Prince Edward<\/li>\n<li>Parque nacional Bruce Peninsula, Tobermory<\/li>\n<li>Parque nacional Elora Gorge, Elora<\/li>\n<li>Cuevas Bonnechere, Eganville<\/li>\n<li>Rattlesnake Point, Milton<\/li>\n<li>Parque provincial Samuel de Champlain, Mattawa<\/li>\n<li>Parque provincial Bon Echo, Cloyne<\/li>\n<li>Cataratas Kakabeka<\/li>\n<\/ul>\n<h4><strong>\u00bfDesea m\u00e1s informaci\u00f3n acerca de las maravillas naturales en Ontario?\u00a0<\/strong><\/h4>\n<ul>\n<li><a href=\"http:\/\/www.ontariotravel.net\/en\/play\/natural-wonders\" target=\"_blank\" rel=\"noopener\">Gobierno de Ontario: Maravillas naturales<\/a><\/li>\n<li><a href=\"http:\/\/www.ontarioparks.com\/\" target=\"_blank\" rel=\"noopener\">Parques de Ontario<\/a><\/li>\n<\/ul>\n<h3><strong>Atracciones principales<\/strong><\/h3>\n<p>Un lema asociado con la provincia de Ontario es \u201cDesc\u00fabralo usted mismo\u201d que es muy apropiado porque es cierto. Muchos han escuchado de la Torre CN en Toronto o han visto im\u00e1genes de los edificios ic\u00f3nicos del Parlamento de Canad\u00e1 en Ottawa, todo Ontario ofrece una vasta variedad de atracciones incluyendo sitios hist\u00f3ricos, arquitectura incre\u00edble y muchas instituciones culturales.<\/p>\n<p>Algunas de estas atracciones principales incluyen:<\/p>\n<ul>\n<li>Ontario Science Centre (Centro de ciencia de Ontario), Toronto<\/li>\n<li>Science North and Dynamic Earth (Ciencia del norte y la tierra din\u00e1mica), Sudbury<\/li>\n<li>Muskoka Heritage Place (Sitio del legado Muskoka), Huntsville<\/li>\n<li>Art Gallery of Ontario (Galer\u00eda de arte de Ontario), Toronto<\/li>\n<li>Canadian Museum of history (Museo canadiense de historia), Ottawa<\/li>\n<li>Fort Henry National Historic site (Sitio hist\u00f3rico nacional Fort Henry), Kingston<\/li>\n<li>Hockey Hall of Fame (Sal\u00f3n de la fama de hockey), Toronto<\/li>\n<li>Upper Canada Village (Aldea de Canad\u00e1 superior), Morrisburg<\/li>\n<li>Stratford Theatre (Teatro Stratford), Stratford<\/li>\n<\/ul>\n<h4><strong>\u00bfDesea m\u00e1s informaci\u00f3n acerca de las atracciones principales de Ontario?\u00a0<\/strong><\/h4>\n<ul>\n<li><a href=\"http:\/\/www.ontariotravel.net\/ind\/play\/attractions\" target=\"_blank\" rel=\"noopener\">Viajar en Ontario: Atracciones de Ontario<\/a><\/li>\n<li><a href=\"http:\/\/www.attractionscanada.com\/ontario\" target=\"_blank\" rel=\"noopener\">Destinos tur\u00edsticos en Ontario<\/a><\/li>\n<\/ul>\n<\/div>\n<\/div><\/div><\/div><\/div><\/div><\/div><\/div>","protected":false},"excerpt":{"rendered":"Maravillas naturales y atracciones principales de Ontario Inicio Preguntas frecuentes acerca de la vida como estudiante internacional en Ontario El clima y las estaciones en Ontario Maravillas naturales y atracciones principales de Ontario Explorar Ontario Transporte y movilidad en Ontario Cultura canadiense Vida rural, suburbana y urbana en Ontario Servicios de alojamiento con familias anfitrionas&#8230; <a class=\"view-article\" href=\"https:\/\/www.oasdi.ca\/es\/vivir-en-ontario\/atracciones\/\">Ver art\u00edculo<\/a>","protected":false},"author":237,"featured_media":17025,"parent":18287,"menu_order":0,"comment_status":"closed","ping_status":"closed","template":"","meta":{"footnotes":""},"class_list":["post-18634","page","type-page","status-publish","has-post-thumbnail","hentry"],"yoast_head":"<!-- This site is optimized with the Yoast SEO plugin v21.5 - https:\/\/yoast.com\/wordpress\/plugins\/seo\/ -->\n<title>Maravillas naturales y atracciones principales de Ontario<\/title>\n<meta name=\"description\" content=\"Hay muchas maravillas naturales y atracciones principales por descubrir en Ontario. Descubre los lugares que debes visitar si vas a estudiar en Ontario.\" \/>\n<meta name=\"robots\" content=\"index, follow, max-snippet:-1, max-image-preview:large, max-video-preview:-1\" \/>\n<link rel=\"canonical\" href=\"https:\/\/www.oasdi.ca\/es\/vivir-en-ontario\/atracciones\/\" \/>\n<meta property=\"og:locale\" content=\"es_ES\" \/>\n<meta property=\"og:type\" content=\"article\" \/>\n<meta property=\"og:title\" content=\"Maravillas naturales y atracciones principales de Ontario\" \/>\n<meta property=\"og:description\" content=\"Hay muchas maravillas naturales y atracciones principales por descubrir en Ontario. Descubre los lugares que debes visitar si vas a estudiar en Ontario.\" \/>\n<meta property=\"og:url\" content=\"https:\/\/www.oasdi.ca\/es\/vivir-en-ontario\/atracciones\/\" \/>\n<meta property=\"og:site_name\" content=\"OASDI\" \/>\n<meta property=\"article:modified_time\" content=\"2020-04-17T18:21:09+00:00\" \/>\n<meta property=\"og:image\" content=\"https:\/\/www.oasdi.ca\/wp-content\/uploads\/2020\/03\/banner-7.jpg\" \/>\n\t<meta property=\"og:image:width\" content=\"1440\" \/>\n\t<meta property=\"og:image:height\" content=\"268\" \/>\n\t<meta property=\"og:image:type\" content=\"image\/jpeg\" \/>\n<meta name=\"twitter:card\" content=\"summary_large_image\" \/>\n<meta name=\"twitter:label1\" content=\"Tiempo de lectura\" \/>\n\t<meta name=\"twitter:data1\" content=\"2 minutos\" \/>\n<script type=\"application\/ld+json\" class=\"yoast-schema-graph\">{\"@context\":\"https:\/\/schema.org\",\"@graph\":[{\"@type\":\"WebPage\",\"@id\":\"https:\/\/www.oasdi.ca\/es\/vivir-en-ontario\/atracciones\/\",\"url\":\"https:\/\/www.oasdi.ca\/es\/vivir-en-ontario\/atracciones\/\",\"name\":\"Maravillas naturales y atracciones principales de Ontario\",\"isPartOf\":{\"@id\":\"https:\/\/www.oasdi.ca\/es\/#website\"},\"datePublished\":\"2020-03-22T15:58:44+00:00\",\"dateModified\":\"2020-04-17T18:21:09+00:00\",\"description\":\"Hay muchas maravillas naturales y atracciones principales por descubrir en Ontario. Descubre los lugares que debes visitar si vas a estudiar en Ontario.\",\"breadcrumb\":{\"@id\":\"https:\/\/www.oasdi.ca\/es\/vivir-en-ontario\/atracciones\/#breadcrumb\"},\"inLanguage\":\"es\",\"potentialAction\":[{\"@type\":\"ReadAction\",\"target\":[\"https:\/\/www.oasdi.ca\/es\/vivir-en-ontario\/atracciones\/\"]}]},{\"@type\":\"BreadcrumbList\",\"@id\":\"https:\/\/www.oasdi.ca\/es\/vivir-en-ontario\/atracciones\/#breadcrumb\",\"itemListElement\":[{\"@type\":\"ListItem\",\"position\":1,\"name\":\"Inicio\",\"item\":\"https:\/\/www.oasdi.ca\/es\/\"},{\"@type\":\"ListItem\",\"position\":2,\"name\":\"Vivir en Ontario como estudiante internacional\",\"item\":\"https:\/\/www.oasdi.ca\/es\/vivir-en-ontario\/\"},{\"@type\":\"ListItem\",\"position\":3,\"name\":\"Maravillas naturales y atracciones principales de Ontario\"}]},{\"@type\":\"WebSite\",\"@id\":\"https:\/\/www.oasdi.ca\/es\/#website\",\"url\":\"https:\/\/www.oasdi.ca\/es\/\",\"name\":\"OASDI\",\"description\":\"Ontario Association of School District International\",\"publisher\":{\"@id\":\"https:\/\/www.oasdi.ca\/es\/#organization\"},\"potentialAction\":[{\"@type\":\"SearchAction\",\"target\":{\"@type\":\"EntryPoint\",\"urlTemplate\":\"https:\/\/www.oasdi.ca\/es\/?s={search_term_string}\"},\"query-input\":\"required name=search_term_string\"}],\"inLanguage\":\"es\"},{\"@type\":\"Organization\",\"@id\":\"https:\/\/www.oasdi.ca\/es\/#organization\",\"name\":\"OASDI\",\"url\":\"https:\/\/www.oasdi.ca\/es\/\",\"logo\":{\"@type\":\"ImageObject\",\"inLanguage\":\"es\",\"@id\":\"https:\/\/www.oasdi.ca\/es\/#\/schema\/logo\/image\/\",\"url\":\"https:\/\/www.oasdi.ca\/wp-content\/uploads\/2020\/02\/cropped-oasdi-logo.png\",\"contentUrl\":\"https:\/\/www.oasdi.ca\/wp-content\/uploads\/2020\/02\/cropped-oasdi-logo.png\",\"width\":468,\"height\":96,\"caption\":\"OASDI\"},\"image\":{\"@id\":\"https:\/\/www.oasdi.ca\/es\/#\/schema\/logo\/image\/\"}}]}<\/script>\n<!-- \/ Yoast SEO plugin. -->","yoast_head_json":{"title":"Maravillas naturales y atracciones principales de Ontario","description":"Hay muchas maravillas naturales y atracciones principales por descubrir en Ontario. Descubre los lugares que debes visitar si vas a estudiar en Ontario.","robots":{"index":"index","follow":"follow","max-snippet":"max-snippet:-1","max-image-preview":"max-image-preview:large","max-video-preview":"max-video-preview:-1"},"canonical":"https:\/\/www.oasdi.ca\/es\/vivir-en-ontario\/atracciones\/","og_locale":"es_ES","og_type":"article","og_title":"Maravillas naturales y atracciones principales de Ontario","og_description":"Hay muchas maravillas naturales y atracciones principales por descubrir en Ontario. Descubre los lugares que debes visitar si vas a estudiar en Ontario.","og_url":"https:\/\/www.oasdi.ca\/es\/vivir-en-ontario\/atracciones\/","og_site_name":"OASDI","article_modified_time":"2020-04-17T18:21:09+00:00","og_image":[{"width":1440,"height":268,"url":"https:\/\/www.oasdi.ca\/wp-content\/uploads\/2020\/03\/banner-7.jpg","type":"image\/jpeg"}],"twitter_card":"summary_large_image","twitter_misc":{"Tiempo de lectura":"2 minutos"},"schema":{"@context":"https:\/\/schema.org","@graph":[{"@type":"WebPage","@id":"https:\/\/www.oasdi.ca\/es\/vivir-en-ontario\/atracciones\/","url":"https:\/\/www.oasdi.ca\/es\/vivir-en-ontario\/atracciones\/","name":"Maravillas naturales y atracciones principales de Ontario","isPartOf":{"@id":"https:\/\/www.oasdi.ca\/es\/#website"},"datePublished":"2020-03-22T15:58:44+00:00","dateModified":"2020-04-17T18:21:09+00:00","description":"Hay muchas maravillas naturales y atracciones principales por descubrir en Ontario. Descubre los lugares que debes visitar si vas a estudiar en Ontario.","breadcrumb":{"@id":"https:\/\/www.oasdi.ca\/es\/vivir-en-ontario\/atracciones\/#breadcrumb"},"inLanguage":"es","potentialAction":[{"@type":"ReadAction","target":["https:\/\/www.oasdi.ca\/es\/vivir-en-ontario\/atracciones\/"]}]},{"@type":"BreadcrumbList","@id":"https:\/\/www.oasdi.ca\/es\/vivir-en-ontario\/atracciones\/#breadcrumb","itemListElement":[{"@type":"ListItem","position":1,"name":"Inicio","item":"https:\/\/www.oasdi.ca\/es\/"},{"@type":"ListItem","position":2,"name":"Vivir en Ontario como estudiante internacional","item":"https:\/\/www.oasdi.ca\/es\/vivir-en-ontario\/"},{"@type":"ListItem","position":3,"name":"Maravillas naturales y atracciones principales de Ontario"}]},{"@type":"WebSite","@id":"https:\/\/www.oasdi.ca\/es\/#website","url":"https:\/\/www.oasdi.ca\/es\/","name":"OASDI","description":"Ontario Association of School District International","publisher":{"@id":"https:\/\/www.oasdi.ca\/es\/#organization"},"potentialAction":[{"@type":"SearchAction","target":{"@type":"EntryPoint","urlTemplate":"https:\/\/www.oasdi.ca\/es\/?s={search_term_string}"},"query-input":"required name=search_term_string"}],"inLanguage":"es"},{"@type":"Organization","@id":"https:\/\/www.oasdi.ca\/es\/#organization","name":"OASDI","url":"https:\/\/www.oasdi.ca\/es\/","logo":{"@type":"ImageObject","inLanguage":"es","@id":"https:\/\/www.oasdi.ca\/es\/#\/schema\/logo\/image\/","url":"https:\/\/www.oasdi.ca\/wp-content\/uploads\/2020\/02\/cropped-oasdi-logo.png","contentUrl":"https:\/\/www.oasdi.ca\/wp-content\/uploads\/2020\/02\/cropped-oasdi-logo.png","width":468,"height":96,"caption":"OASDI"},"image":{"@id":"https:\/\/www.oasdi.ca\/es\/#\/schema\/logo\/image\/"}}]}},"_links":{"self":[{"href":"https:\/\/www.oasdi.ca\/es\/wp-json\/wp\/v2\/pages\/18634"}],"collection":[{"href":"https:\/\/www.oasdi.ca\/es\/wp-json\/wp\/v2\/pages"}],"about":[{"href":"https:\/\/www.oasdi.ca\/es\/wp-json\/wp\/v2\/types\/page"}],"author":[{"embeddable":true,"href":"https:\/\/www.oasdi.ca\/es\/wp-json\/wp\/v2\/users\/237"}],"replies":[{"embeddable":true,"href":"https:\/\/www.oasdi.ca\/es\/wp-json\/wp\/v2\/comments?post=18634"}],"version-history":[{"count":0,"href":"https:\/\/www.oasdi.ca\/es\/wp-json\/wp\/v2\/pages\/18634\/revisions"}],"up":[{"embeddable":true,"href":"https:\/\/www.oasdi.ca\/es\/wp-json\/wp\/v2\/pages\/18287"}],"wp:featuredmedia":[{"embeddable":true,"href":"https:\/\/www.oasdi.ca\/es\/wp-json\/wp\/v2\/media\/17025"}],"wp:attachment":[{"href":"https:\/\/www.oasdi.ca\/es\/wp-json\/wp\/v2\/media?parent=18634"}],"curies":[{"name":"wp","href":"https:\/\/api.w.org\/{rel}","templated":true}]}}