{"id":18452,"date":"2020-03-22T16:01:16","date_gmt":"2020-03-22T16:01:16","guid":{"rendered":"http:\/\/oasdi.ca\/vivir-en-ontario\/weather-and-seasons\/"},"modified":"2020-04-17T02:18:04","modified_gmt":"2020-04-17T02:18:04","slug":"clima-y-estaciones","status":"publish","type":"page","link":"https:\/\/www.oasdi.ca\/es\/vivir-en-ontario\/clima-y-estaciones\/","title":{"rendered":"El clima y las estaciones en Ontario"},"content":{"rendered":"<div id=\"pl-18452\"  class=\"panel-layout\" ><div id=\"pg-18452-0\"  class=\"panel-grid panel-no-style\" ><div id=\"pgc-18452-0-0\"  class=\"panel-grid-cell\" ><div id=\"panel-18452-0-0-0\" class=\"so-panel widget widget_sow-image panel-first-child panel-last-child\" data-index=\"0\" ><div class=\"is-featured-img panel-widget-style panel-widget-style-for-18452-0-0-0\" ><div\n\t\t\t\n\t\t\tclass=\"so-widget-sow-image so-widget-sow-image-default-c4f6304fc136-18452\"\n\t\t\t\n\t\t>\n\n<div class=\"sow-image-container\">\n\t\t<img loading=\"lazy\" decoding=\"async\" src=\"https:\/\/www.oasdi.ca\/wp-content\/uploads\/2020\/03\/Weather-and-Ontario\u2019s-Four-Seasons.jpg\" width=\"1440\" height=\"268\" srcset=\"https:\/\/www.oasdi.ca\/wp-content\/uploads\/2020\/03\/Weather-and-Ontario\u2019s-Four-Seasons.jpg 1440w, https:\/\/www.oasdi.ca\/wp-content\/uploads\/2020\/03\/Weather-and-Ontario\u2019s-Four-Seasons-250x47.jpg 250w, https:\/\/www.oasdi.ca\/wp-content\/uploads\/2020\/03\/Weather-and-Ontario\u2019s-Four-Seasons-700x130.jpg 700w, https:\/\/www.oasdi.ca\/wp-content\/uploads\/2020\/03\/Weather-and-Ontario\u2019s-Four-Seasons-768x143.jpg 768w, https:\/\/www.oasdi.ca\/wp-content\/uploads\/2020\/03\/Weather-and-Ontario\u2019s-Four-Seasons-500x93.jpg 500w, https:\/\/www.oasdi.ca\/wp-content\/uploads\/2020\/03\/Weather-and-Ontario\u2019s-Four-Seasons-120x22.jpg 120w\" sizes=\"(max-width: 1440px) 100vw, 1440px\" title=\"Weather and Ontario\u2019s Four Seasons\" alt=\"\" \t\tclass=\"so-widget-image\"\/>\n\t<\/div>\n\n<\/div><\/div><\/div><\/div><\/div><div id=\"pg-18452-1\"  class=\"panel-grid panel-has-style\" ><div class=\"has-container panel-row-style panel-row-style-for-18452-1\" ><div id=\"pgc-18452-1-0\"  class=\"panel-grid-cell\" ><div id=\"panel-18452-1-0-0\" class=\"so-panel widget widget_hem-seo-title-widget panel-first-child panel-last-child\" data-index=\"1\" ><div class=\"panel-widget-style panel-widget-style-for-18452-1-0-0\" ><div\n\t\t\t\n\t\t\tclass=\"so-widget-hem-seo-title-widget so-widget-hem-seo-title-widget-hem-seo-title-widget-style-d75171398898-18452\"\n\t\t\t\n\t\t>\n<h1 style=\"font-size:px;\">El clima y las estaciones en Ontario<\/h1>\n\n\n\n\t<!-- <div class=\"breadcrumb-trail\"><a href=\"index.php\">Home<\/a> \u00bb <span class=\"breadcrumb-current\">About<\/span><\/div> -->\n\t<div class=\"test1\"><span><span><a href=\"https:\/\/www.oasdi.ca\/es\/\">Inicio<\/a><\/span><\/span><\/div>\n<\/div><\/div><\/div><\/div><\/div><\/div><div id=\"pg-18452-2\"  class=\"panel-grid panel-has-style\" ><div class=\"has-container panel-row-style panel-row-style-for-18452-2\" ><div id=\"pgc-18452-2-0\"  class=\"panel-grid-cell\" ><div id=\"panel-18452-2-0-0\" class=\"so-panel widget widget_hem-sidebar-menu-widget panel-first-child\" data-index=\"2\" ><div\n\t\t\t\n\t\t\tclass=\"so-widget-hem-sidebar-menu-widget so-widget-hem-sidebar-menu-widget-hem-sidebar-menu-widget-style-d75171398898-18452\"\n\t\t\t\n\t\t><div id=\"sidebar\">\n\t\t\t<ul id=\"side-menu\" class=\"side-menu menu-embedded\">\n\t\t\t\n\t\t\t\t\t\t\t\t\n\t\t\t\t\t\t\t\t\t\t\t<li><a href=\"https:\/\/www.oasdi.ca\/es\/vivir-en-ontario\/preguntas-frecuentes\/\">Preguntas frecuentes acerca de la vida como estudiante internacional en Ontario<\/a><\/li>\n\t\t\t\t\t\t\t\t\t\t\t\t\t\n\t\t\t\t\t\t\t\t\t\t\t<li><a class=\"active\" href=\"https:\/\/www.oasdi.ca\/es\/vivir-en-ontario\/clima-y-estaciones\/\">El clima y las estaciones en Ontario<\/a><\/li>\n\t\t\t\t\t\t\t\t\t\t\t\t\t\n\t\t\t\t\t\t\t\t\t\t\t<li><a href=\"https:\/\/www.oasdi.ca\/es\/vivir-en-ontario\/atracciones\/\">Maravillas naturales y atracciones principales de Ontario<\/a><\/li>\n\t\t\t\t\t\t\t\t\t\t\t\t\t\n\t\t\t\t\t\t\t\t\t\t\t<li><a href=\"https:\/\/www.oasdi.ca\/es\/vivir-en-ontario\/explorar\/\">Explorar Ontario<\/a><\/li>\n\t\t\t\t\t\t\t\t\t\t\t\t\t\n\t\t\t\t\t\t\t\t\t\t\t<li><a href=\"https:\/\/www.oasdi.ca\/es\/vivir-en-ontario\/transporte\/\">Transporte y movilidad en Ontario<\/a><\/li>\n\t\t\t\t\t\t\t\t\t\t\t\t\t\n\t\t\t\t\t\t\t\t\t\t\t<li><a href=\"https:\/\/www.oasdi.ca\/es\/vivir-en-ontario\/cultura-canadiense\/\">Cultura canadiense<\/a><\/li>\n\t\t\t\t\t\t\t\t\t\t\t\t\t\n\t\t\t\t\t\t\t\t\t\t\t<li><a href=\"https:\/\/www.oasdi.ca\/es\/vivir-en-ontario\/vida-rural\/\">Vida rural, suburbana y urbana en Ontario<\/a><\/li>\n\t\t\t\t\t\t\t\t\t\t\t\t\t\n\t\t\t\t\t\t\t\t\t\t\t<li><a href=\"https:\/\/www.oasdi.ca\/es\/vivir-en-ontario\/servicios-del-alojamiento-en-familia\/\">Servicios de alojamiento con familias anfitrionas para estudiantes internacionales en Ontario<\/a><\/li>\n\t\t\t\t\t\t\t\t\t\t\n\n\t\t\t\t<!-- Extra menu -->\n\t\t\t\t\n\n\n\t\t\t\t\t<\/ul>\n\t\n\n<\/div><\/div><\/div><div id=\"panel-18452-2-0-1\" class=\"so-panel widget widget_hem-sidebar-link-widget panel-last-child\" data-index=\"3\" ><div\n\t\t\t\n\t\t\tclass=\"so-widget-hem-sidebar-link-widget so-widget-hem-sidebar-link-widget-hem-sidebar-link-widget-style-d75171398898-18452\"\n\t\t\t\n\t\t><div id=\"sidebar\" class=\"external-link-only\">\n\n\n\n\t\t\t\t<!-- Extra menu -->\n\t\t\t\t\t\t\t\t\t<ul id=\"side-menu\" class=\"side-menu menu-embedded\">\n\t\t\t\t\t\t\t\t\t\t\t\t\t\t\t\t\t\t\t\t\t<li><a  href=\"https:\/\/www.oasdi.ca\/map-search\/\">Map Overview<\/a><\/li>\n\t\t\t\t\t\t\t\t\t\t\t\t\t\t\n\t\t\t\t\t\t\t\t\t\t\t\t\t\t\t\t\t\t\t\t\t<li><a  href=\"https:\/\/www.oasdi.ca\/district-list\/\">District List<\/a><\/li>\n\t\t\t\t\t\t\t\t\t\t\t\t\t\t\n\t\t\t\t\t\t\t\n\t\t\t\t\t<\/ul>\n\t\t\t\t\n\t\t\t\t\n\n\n\n\n<\/div><\/div><\/div><\/div><div id=\"pgc-18452-2-1\"  class=\"panel-grid-cell\" ><div class=\"pl-sm-3 pl-md-5 panel-cell-style panel-cell-style-for-18452-2-1\" ><div id=\"panel-18452-2-1-0\" class=\"so-panel widget widget_sow-editor panel-first-child panel-last-child\" data-index=\"4\" ><div\n\t\t\t\n\t\t\tclass=\"so-widget-sow-editor so-widget-sow-editor-base\"\n\t\t\t\n\t\t>\n<div class=\"siteorigin-widget-tinymce textwidget\">\n\t<p>En general, el clima en Ontario se considera un clima \u201ccontinental\u201d pero la realidad es que debido a que Ontario es una provincia tan grande, el clima puede variar inmensamente dependiendo de la estaci\u00f3n y de la ubicaci\u00f3n.\u00a0 En Ontario la temperatura se mide en grados Celsius. Los veranos en el sur de Ontario pueden ser extremadamente c\u00e1lidos y h\u00famedos con temperaturas cercanas a 40\u00baC, en tanto que los inviernos en el norte de Ontario\u00a0 han llegado a reportar temperaturas muy bajas de -40\u00baC.\u00a0 Estos son ejemplos de temperaturas extremas, pero la mayor\u00eda del tiempo el clima es m\u00e1s moderado y las personas se adaptan f\u00e1cilmente a las diferentes condiciones clim\u00e1ticas cuando ya saben qu\u00e9 esperar; es esencial la preparaci\u00f3n para las variaciones en las condiciones del clima que ocurren en cada una de las cuatro estaciones. A pesar del clima, las personas contin\u00faan realizando actividades al aire libre en todas las estaciones.<\/p>\n<p>En todo Ontario hay cuatro estaciones distintas: primavera, verano, oto\u00f1o e invierno.<\/p>\n<p><strong>Primavera (marzo a junio):\u00a0<\/strong>Tiende a ser una estaci\u00f3n h\u00fameda y lluviosa y se necesita ropa para la lluvia. En algunas partes de Ontario seguir\u00e1n teniendo tormentas de nieve. Las noches pueden ser fr\u00edas y las temperaturas pueden variar mucho durante el d\u00eda y de un d\u00eda al otro.<\/p>\n<p><strong>Verano (junio a septiembre):\u00a0<\/strong>Tiende a calentar r\u00e1pidamente y las temperaturas pueden ser calientes y h\u00famedas, durante el d\u00eda usualmente, est\u00e1n en el rango de 20\u00ba-30\u00baC en tanto que durante la noche el promedio est\u00e1 en el rango de 10\u00baC. Se recomienda usar ropa liviana e informal con sombrero y bastante bloqueador cuando se est\u00e1 afuera\u00a0.<\/p>\n<p><strong>Oto\u00f1o (septiembre a diciembre):\u00a0<\/strong>Tiende a tener d\u00edas mucho m\u00e1s cortos con temperaturas m\u00e1s bajas, especialmente durante la noche. Los \u00e1rboles se empiezan a preparar para el invierno produciendo un \u201cespect\u00e1culo\u201d de colores. En algunas partes del sur de Ontario tiende a haber condiciones lluviosas y con viento\u00a0 y en las regiones m\u00e1s al norte de la provincia habr\u00e1 nieve. Para adaptarse a los cambios de temperatura durante el d\u00eda, lo que mejor funciona es la ropa en capas por lo que se recomienda usar un su\u00e9ter, una chaqueta forrada y una bufanda.<\/p>\n<p><strong>Invierno (diciembre a marzo):\u00a0<\/strong>Tiende a tener d\u00edas mucho m\u00e1s cortos y habr\u00e1 temperaturas fr\u00edas con tormentas de nieve frecuentes. Ocasionalmente hay advertencias especiales del clima acerca de las temperaturas que pueden ser peligrosas si las personas no est\u00e1n vestidas correctamente para las condiciones clim\u00e1ticas. El viento puede hacer que las temperaturas se sientan mucho m\u00e1s fr\u00edas que la temperatura reportada del aire.\u00a0 Por ello, es absolutamente necesario usar un abrigo, gorro y botas resistentes para invierno para poder mantenerse caliente. Tambi\u00e9n en esta \u00e9poca es ventajoso vestirse en capas para enfrentar las condiciones clim\u00e1ticas.<\/p>\n<h4><strong>\u00bfDesea m\u00e1s informaci\u00f3n acerca del clima en Ontario?<\/strong><\/h4>\n<ul>\n<li><a href=\"http:\/\/www.weather.gc.ca\/forecast\/canada\/index_e.html?id=on\" target=\"_blank\" rel=\"noopener\">Medio ambiente de Canad\u00e1 para Ontario<\/a><\/li>\n<li><a href=\"http:\/\/www.ontariotravel.net\/en\/plan\/tools-and-tips\/weather\" target=\"_blank\" rel=\"noopener\">Gobierno de Ontario<\/a><\/li>\n<li><a href=\"http:\/\/www.theweathernetwork.com\/ca\" target=\"_blank\" rel=\"noopener\">The Weather Network (La red meteorol\u00f3gica)<\/a><\/li>\n<li><a href=\"http:\/\/www.settlement.org\/ontario\/housing\/living-in-ontario\/housing-basics\/what-is-the-weather-like-in-ontario\" target=\"_blank\" rel=\"noopener\">\u00bfC\u00f3mo es el clima en Ontario?<\/a><\/li>\n<li><a href=\"http:\/\/www.settlement.org\/ontario\/education\/elementary-and-secondary-school\/general-information\/dressing-for-winter\" target=\"_blank\" rel=\"noopener\">Ropa para el invierno<\/a><\/li>\n<\/ul>\n<\/div>\n<\/div><\/div><\/div><\/div><\/div><\/div><\/div>","protected":false},"excerpt":{"rendered":"El clima y las estaciones en Ontario Inicio Preguntas frecuentes acerca de la vida como estudiante internacional en Ontario El clima y las estaciones en Ontario Maravillas naturales y atracciones principales de Ontario Explorar Ontario Transporte y movilidad en Ontario Cultura canadiense Vida rural, suburbana y urbana en Ontario Servicios de alojamiento con familias anfitrionas&#8230; <a class=\"view-article\" href=\"https:\/\/www.oasdi.ca\/es\/vivir-en-ontario\/clima-y-estaciones\/\">Ver art\u00edculo<\/a>","protected":false},"author":237,"featured_media":17032,"parent":18287,"menu_order":0,"comment_status":"closed","ping_status":"closed","template":"","meta":{"footnotes":""},"class_list":["post-18452","page","type-page","status-publish","has-post-thumbnail","hentry"],"yoast_head":"<!-- This site is optimized with the Yoast SEO plugin v21.5 - https:\/\/yoast.com\/wordpress\/plugins\/seo\/ -->\n<title>La vida en Canad\u00e1 mientras se estudia | El clima<\/title>\n<meta name=\"description\" content=\"Si est\u00e1s pensando en estudiar en Ontario, el clima es algo de lo que tienes que aprender. Aprende m\u00e1s acerca del clima y las estaciones en Ontario aqu\u00ed.\" \/>\n<meta name=\"robots\" content=\"index, follow, max-snippet:-1, max-image-preview:large, max-video-preview:-1\" \/>\n<link rel=\"canonical\" href=\"https:\/\/www.oasdi.ca\/es\/vivir-en-ontario\/clima-y-estaciones\/\" \/>\n<meta property=\"og:locale\" content=\"es_ES\" \/>\n<meta property=\"og:type\" content=\"article\" \/>\n<meta property=\"og:title\" content=\"La vida en Canad\u00e1 mientras se estudia | El clima\" \/>\n<meta property=\"og:description\" content=\"Si est\u00e1s pensando en estudiar en Ontario, el clima es algo de lo que tienes que aprender. Aprende m\u00e1s acerca del clima y las estaciones en Ontario aqu\u00ed.\" \/>\n<meta property=\"og:url\" content=\"https:\/\/www.oasdi.ca\/es\/vivir-en-ontario\/clima-y-estaciones\/\" \/>\n<meta property=\"og:site_name\" content=\"OASDI\" \/>\n<meta property=\"article:modified_time\" content=\"2020-04-17T02:18:04+00:00\" \/>\n<meta property=\"og:image\" content=\"https:\/\/www.oasdi.ca\/wp-content\/uploads\/2020\/03\/Weather-and-Ontario\u2019s-Four-Seasons.jpg\" \/>\n\t<meta property=\"og:image:width\" content=\"1440\" \/>\n\t<meta property=\"og:image:height\" content=\"268\" \/>\n\t<meta property=\"og:image:type\" content=\"image\/jpeg\" \/>\n<meta name=\"twitter:card\" content=\"summary_large_image\" \/>\n<meta name=\"twitter:label1\" content=\"Tiempo de lectura\" \/>\n\t<meta name=\"twitter:data1\" content=\"3 minutos\" \/>\n<script type=\"application\/ld+json\" class=\"yoast-schema-graph\">{\"@context\":\"https:\/\/schema.org\",\"@graph\":[{\"@type\":\"WebPage\",\"@id\":\"https:\/\/www.oasdi.ca\/es\/vivir-en-ontario\/clima-y-estaciones\/\",\"url\":\"https:\/\/www.oasdi.ca\/es\/vivir-en-ontario\/clima-y-estaciones\/\",\"name\":\"La vida en Canad\u00e1 mientras se estudia | El clima\",\"isPartOf\":{\"@id\":\"https:\/\/www.oasdi.ca\/es\/#website\"},\"datePublished\":\"2020-03-22T16:01:16+00:00\",\"dateModified\":\"2020-04-17T02:18:04+00:00\",\"description\":\"Si est\u00e1s pensando en estudiar en Ontario, el clima es algo de lo que tienes que aprender. Aprende m\u00e1s acerca del clima y las estaciones en Ontario aqu\u00ed.\",\"breadcrumb\":{\"@id\":\"https:\/\/www.oasdi.ca\/es\/vivir-en-ontario\/clima-y-estaciones\/#breadcrumb\"},\"inLanguage\":\"es\",\"potentialAction\":[{\"@type\":\"ReadAction\",\"target\":[\"https:\/\/www.oasdi.ca\/es\/vivir-en-ontario\/clima-y-estaciones\/\"]}]},{\"@type\":\"BreadcrumbList\",\"@id\":\"https:\/\/www.oasdi.ca\/es\/vivir-en-ontario\/clima-y-estaciones\/#breadcrumb\",\"itemListElement\":[{\"@type\":\"ListItem\",\"position\":1,\"name\":\"Inicio\",\"item\":\"https:\/\/www.oasdi.ca\/es\/\"},{\"@type\":\"ListItem\",\"position\":2,\"name\":\"Vivir en Ontario como estudiante internacional\",\"item\":\"https:\/\/www.oasdi.ca\/es\/vivir-en-ontario\/\"},{\"@type\":\"ListItem\",\"position\":3,\"name\":\"El clima y las estaciones en Ontario\"}]},{\"@type\":\"WebSite\",\"@id\":\"https:\/\/www.oasdi.ca\/es\/#website\",\"url\":\"https:\/\/www.oasdi.ca\/es\/\",\"name\":\"OASDI\",\"description\":\"Ontario Association of School District International\",\"publisher\":{\"@id\":\"https:\/\/www.oasdi.ca\/es\/#organization\"},\"potentialAction\":[{\"@type\":\"SearchAction\",\"target\":{\"@type\":\"EntryPoint\",\"urlTemplate\":\"https:\/\/www.oasdi.ca\/es\/?s={search_term_string}\"},\"query-input\":\"required name=search_term_string\"}],\"inLanguage\":\"es\"},{\"@type\":\"Organization\",\"@id\":\"https:\/\/www.oasdi.ca\/es\/#organization\",\"name\":\"OASDI\",\"url\":\"https:\/\/www.oasdi.ca\/es\/\",\"logo\":{\"@type\":\"ImageObject\",\"inLanguage\":\"es\",\"@id\":\"https:\/\/www.oasdi.ca\/es\/#\/schema\/logo\/image\/\",\"url\":\"https:\/\/www.oasdi.ca\/wp-content\/uploads\/2020\/02\/cropped-oasdi-logo.png\",\"contentUrl\":\"https:\/\/www.oasdi.ca\/wp-content\/uploads\/2020\/02\/cropped-oasdi-logo.png\",\"width\":468,\"height\":96,\"caption\":\"OASDI\"},\"image\":{\"@id\":\"https:\/\/www.oasdi.ca\/es\/#\/schema\/logo\/image\/\"}}]}<\/script>\n<!-- \/ Yoast SEO plugin. -->","yoast_head_json":{"title":"La vida en Canad\u00e1 mientras se estudia | El clima","description":"Si est\u00e1s pensando en estudiar en Ontario, el clima es algo de lo que tienes que aprender. Aprende m\u00e1s acerca del clima y las estaciones en Ontario aqu\u00ed.","robots":{"index":"index","follow":"follow","max-snippet":"max-snippet:-1","max-image-preview":"max-image-preview:large","max-video-preview":"max-video-preview:-1"},"canonical":"https:\/\/www.oasdi.ca\/es\/vivir-en-ontario\/clima-y-estaciones\/","og_locale":"es_ES","og_type":"article","og_title":"La vida en Canad\u00e1 mientras se estudia | El clima","og_description":"Si est\u00e1s pensando en estudiar en Ontario, el clima es algo de lo que tienes que aprender. Aprende m\u00e1s acerca del clima y las estaciones en Ontario aqu\u00ed.","og_url":"https:\/\/www.oasdi.ca\/es\/vivir-en-ontario\/clima-y-estaciones\/","og_site_name":"OASDI","article_modified_time":"2020-04-17T02:18:04+00:00","og_image":[{"width":1440,"height":268,"url":"https:\/\/www.oasdi.ca\/wp-content\/uploads\/2020\/03\/Weather-and-Ontario\u2019s-Four-Seasons.jpg","type":"image\/jpeg"}],"twitter_card":"summary_large_image","twitter_misc":{"Tiempo de lectura":"3 minutos"},"schema":{"@context":"https:\/\/schema.org","@graph":[{"@type":"WebPage","@id":"https:\/\/www.oasdi.ca\/es\/vivir-en-ontario\/clima-y-estaciones\/","url":"https:\/\/www.oasdi.ca\/es\/vivir-en-ontario\/clima-y-estaciones\/","name":"La vida en Canad\u00e1 mientras se estudia | El clima","isPartOf":{"@id":"https:\/\/www.oasdi.ca\/es\/#website"},"datePublished":"2020-03-22T16:01:16+00:00","dateModified":"2020-04-17T02:18:04+00:00","description":"Si est\u00e1s pensando en estudiar en Ontario, el clima es algo de lo que tienes que aprender. Aprende m\u00e1s acerca del clima y las estaciones en Ontario aqu\u00ed.","breadcrumb":{"@id":"https:\/\/www.oasdi.ca\/es\/vivir-en-ontario\/clima-y-estaciones\/#breadcrumb"},"inLanguage":"es","potentialAction":[{"@type":"ReadAction","target":["https:\/\/www.oasdi.ca\/es\/vivir-en-ontario\/clima-y-estaciones\/"]}]},{"@type":"BreadcrumbList","@id":"https:\/\/www.oasdi.ca\/es\/vivir-en-ontario\/clima-y-estaciones\/#breadcrumb","itemListElement":[{"@type":"ListItem","position":1,"name":"Inicio","item":"https:\/\/www.oasdi.ca\/es\/"},{"@type":"ListItem","position":2,"name":"Vivir en Ontario como estudiante internacional","item":"https:\/\/www.oasdi.ca\/es\/vivir-en-ontario\/"},{"@type":"ListItem","position":3,"name":"El clima y las estaciones en Ontario"}]},{"@type":"WebSite","@id":"https:\/\/www.oasdi.ca\/es\/#website","url":"https:\/\/www.oasdi.ca\/es\/","name":"OASDI","description":"Ontario Association of School District International","publisher":{"@id":"https:\/\/www.oasdi.ca\/es\/#organization"},"potentialAction":[{"@type":"SearchAction","target":{"@type":"EntryPoint","urlTemplate":"https:\/\/www.oasdi.ca\/es\/?s={search_term_string}"},"query-input":"required name=search_term_string"}],"inLanguage":"es"},{"@type":"Organization","@id":"https:\/\/www.oasdi.ca\/es\/#organization","name":"OASDI","url":"https:\/\/www.oasdi.ca\/es\/","logo":{"@type":"ImageObject","inLanguage":"es","@id":"https:\/\/www.oasdi.ca\/es\/#\/schema\/logo\/image\/","url":"https:\/\/www.oasdi.ca\/wp-content\/uploads\/2020\/02\/cropped-oasdi-logo.png","contentUrl":"https:\/\/www.oasdi.ca\/wp-content\/uploads\/2020\/02\/cropped-oasdi-logo.png","width":468,"height":96,"caption":"OASDI"},"image":{"@id":"https:\/\/www.oasdi.ca\/es\/#\/schema\/logo\/image\/"}}]}},"_links":{"self":[{"href":"https:\/\/www.oasdi.ca\/es\/wp-json\/wp\/v2\/pages\/18452"}],"collection":[{"href":"https:\/\/www.oasdi.ca\/es\/wp-json\/wp\/v2\/pages"}],"about":[{"href":"https:\/\/www.oasdi.ca\/es\/wp-json\/wp\/v2\/types\/page"}],"author":[{"embeddable":true,"href":"https:\/\/www.oasdi.ca\/es\/wp-json\/wp\/v2\/users\/237"}],"replies":[{"embeddable":true,"href":"https:\/\/www.oasdi.ca\/es\/wp-json\/wp\/v2\/comments?post=18452"}],"version-history":[{"count":0,"href":"https:\/\/www.oasdi.ca\/es\/wp-json\/wp\/v2\/pages\/18452\/revisions"}],"up":[{"embeddable":true,"href":"https:\/\/www.oasdi.ca\/es\/wp-json\/wp\/v2\/pages\/18287"}],"wp:featuredmedia":[{"embeddable":true,"href":"https:\/\/www.oasdi.ca\/es\/wp-json\/wp\/v2\/media\/17032"}],"wp:attachment":[{"href":"https:\/\/www.oasdi.ca\/es\/wp-json\/wp\/v2\/media?parent=18452"}],"curies":[{"name":"wp","href":"https:\/\/api.w.org\/{rel}","templated":true}]}}