{"id":18410,"date":"2020-03-22T15:54:51","date_gmt":"2020-03-22T15:54:51","guid":{"rendered":"http:\/\/oasdi.ca\/vivir-en-ontario\/getting-around\/"},"modified":"2020-04-17T00:55:24","modified_gmt":"2020-04-17T00:55:24","slug":"transporte","status":"publish","type":"page","link":"https:\/\/www.oasdi.ca\/es\/vivir-en-ontario\/transporte\/","title":{"rendered":"Transporte y movilidad en Ontario"},"content":{"rendered":"<div id=\"pl-18410\"  class=\"panel-layout\" ><div id=\"pg-18410-0\"  class=\"panel-grid panel-no-style\" ><div id=\"pgc-18410-0-0\"  class=\"panel-grid-cell\" ><div id=\"panel-18410-0-0-0\" class=\"so-panel widget widget_sow-image panel-first-child panel-last-child\" data-index=\"0\" ><div class=\"is-featured-img panel-widget-style panel-widget-style-for-18410-0-0-0\" ><div\n\t\t\t\n\t\t\tclass=\"so-widget-sow-image so-widget-sow-image-default-c4f6304fc136-18410\"\n\t\t\t\n\t\t>\n\n<div class=\"sow-image-container\">\n\t\t<img loading=\"lazy\" decoding=\"async\" src=\"https:\/\/www.oasdi.ca\/wp-content\/uploads\/2020\/03\/getting-around-ontario.jpg\" width=\"1440\" height=\"268\" srcset=\"https:\/\/www.oasdi.ca\/wp-content\/uploads\/2020\/03\/getting-around-ontario.jpg 1440w, https:\/\/www.oasdi.ca\/wp-content\/uploads\/2020\/03\/getting-around-ontario-250x47.jpg 250w, https:\/\/www.oasdi.ca\/wp-content\/uploads\/2020\/03\/getting-around-ontario-700x130.jpg 700w, https:\/\/www.oasdi.ca\/wp-content\/uploads\/2020\/03\/getting-around-ontario-768x143.jpg 768w, https:\/\/www.oasdi.ca\/wp-content\/uploads\/2020\/03\/getting-around-ontario-500x93.jpg 500w, https:\/\/www.oasdi.ca\/wp-content\/uploads\/2020\/03\/getting-around-ontario-120x22.jpg 120w\" sizes=\"(max-width: 1440px) 100vw, 1440px\" title=\"getting around ontario\" alt=\"getting around ontario\" \t\tclass=\"so-widget-image\"\/>\n\t<\/div>\n\n<\/div><\/div><\/div><\/div><\/div><div id=\"pg-18410-1\"  class=\"panel-grid panel-has-style\" ><div class=\"has-container panel-row-style panel-row-style-for-18410-1\" ><div id=\"pgc-18410-1-0\"  class=\"panel-grid-cell\" ><div id=\"panel-18410-1-0-0\" class=\"so-panel widget widget_hem-seo-title-widget panel-first-child panel-last-child\" data-index=\"1\" ><div class=\"panel-widget-style panel-widget-style-for-18410-1-0-0\" ><div\n\t\t\t\n\t\t\tclass=\"so-widget-hem-seo-title-widget so-widget-hem-seo-title-widget-hem-seo-title-widget-style-d75171398898-18410\"\n\t\t\t\n\t\t>\n<h1 style=\"font-size:px;\">Transporte y movilidad en Ontario<\/h1>\n\n\n\n\t<!-- <div class=\"breadcrumb-trail\"><a href=\"index.php\">Home<\/a> \u00bb <span class=\"breadcrumb-current\">About<\/span><\/div> -->\n\t<div class=\"test1\"><span><span><a href=\"https:\/\/www.oasdi.ca\/es\/\">Inicio<\/a><\/span><\/span><\/div>\n<\/div><\/div><\/div><\/div><\/div><\/div><div id=\"pg-18410-2\"  class=\"panel-grid panel-has-style\" ><div class=\"has-container panel-row-style panel-row-style-for-18410-2\" ><div id=\"pgc-18410-2-0\"  class=\"panel-grid-cell\" ><div id=\"panel-18410-2-0-0\" class=\"so-panel widget widget_hem-sidebar-menu-widget panel-first-child\" data-index=\"2\" ><div\n\t\t\t\n\t\t\tclass=\"so-widget-hem-sidebar-menu-widget so-widget-hem-sidebar-menu-widget-hem-sidebar-menu-widget-style-d75171398898-18410\"\n\t\t\t\n\t\t><div id=\"sidebar\">\n\t\t\t<ul id=\"side-menu\" class=\"side-menu menu-embedded\">\n\t\t\t\n\t\t\t\t\t\t\t\t\n\t\t\t\t\t\t\t\t\t\t\t<li><a href=\"https:\/\/www.oasdi.ca\/es\/vivir-en-ontario\/preguntas-frecuentes\/\">Preguntas frecuentes acerca de la vida como estudiante internacional en Ontario<\/a><\/li>\n\t\t\t\t\t\t\t\t\t\t\t\t\t\n\t\t\t\t\t\t\t\t\t\t\t<li><a href=\"https:\/\/www.oasdi.ca\/es\/vivir-en-ontario\/clima-y-estaciones\/\">El clima y las estaciones en Ontario<\/a><\/li>\n\t\t\t\t\t\t\t\t\t\t\t\t\t\n\t\t\t\t\t\t\t\t\t\t\t<li><a href=\"https:\/\/www.oasdi.ca\/es\/vivir-en-ontario\/atracciones\/\">Maravillas naturales y atracciones principales de Ontario<\/a><\/li>\n\t\t\t\t\t\t\t\t\t\t\t\t\t\n\t\t\t\t\t\t\t\t\t\t\t<li><a href=\"https:\/\/www.oasdi.ca\/es\/vivir-en-ontario\/explorar\/\">Explorar Ontario<\/a><\/li>\n\t\t\t\t\t\t\t\t\t\t\t\t\t\n\t\t\t\t\t\t\t\t\t\t\t<li><a class=\"active\" href=\"https:\/\/www.oasdi.ca\/es\/vivir-en-ontario\/transporte\/\">Transporte y movilidad en Ontario<\/a><\/li>\n\t\t\t\t\t\t\t\t\t\t\t\t\t\n\t\t\t\t\t\t\t\t\t\t\t<li><a href=\"https:\/\/www.oasdi.ca\/es\/vivir-en-ontario\/cultura-canadiense\/\">Cultura canadiense<\/a><\/li>\n\t\t\t\t\t\t\t\t\t\t\t\t\t\n\t\t\t\t\t\t\t\t\t\t\t<li><a href=\"https:\/\/www.oasdi.ca\/es\/vivir-en-ontario\/vida-rural\/\">Vida rural, suburbana y urbana en Ontario<\/a><\/li>\n\t\t\t\t\t\t\t\t\t\t\t\t\t\n\t\t\t\t\t\t\t\t\t\t\t<li><a href=\"https:\/\/www.oasdi.ca\/es\/vivir-en-ontario\/servicios-del-alojamiento-en-familia\/\">Servicios de alojamiento con familias anfitrionas para estudiantes internacionales en Ontario<\/a><\/li>\n\t\t\t\t\t\t\t\t\t\t\n\n\t\t\t\t<!-- Extra menu -->\n\t\t\t\t\n\n\n\t\t\t\t\t<\/ul>\n\t\n\n<\/div><\/div><\/div><div id=\"panel-18410-2-0-1\" class=\"so-panel widget widget_hem-sidebar-link-widget panel-last-child\" data-index=\"3\" ><div\n\t\t\t\n\t\t\tclass=\"so-widget-hem-sidebar-link-widget so-widget-hem-sidebar-link-widget-hem-sidebar-link-widget-style-d75171398898-18410\"\n\t\t\t\n\t\t><div id=\"sidebar\" class=\"external-link-only\">\n\n\n\n\t\t\t\t<!-- Extra menu -->\n\t\t\t\t\t\t\t\t\t<ul id=\"side-menu\" class=\"side-menu menu-embedded\">\n\t\t\t\t\t\t\t\t\t\t\t\t\t\t\t\t\t\t\t\t\t<li><a  href=\"https:\/\/www.oasdi.ca\/map-search\/\">Map Overview<\/a><\/li>\n\t\t\t\t\t\t\t\t\t\t\t\t\t\t\n\t\t\t\t\t\t\t\t\t\t\t\t\t\t\t\t\t\t\t\t\t<li><a  href=\"https:\/\/www.oasdi.ca\/district-list\/\">District List<\/a><\/li>\n\t\t\t\t\t\t\t\t\t\t\t\t\t\t\n\t\t\t\t\t\t\t\n\t\t\t\t\t<\/ul>\n\t\t\t\t\n\t\t\t\t\n\n\n\n\n<\/div><\/div><\/div><\/div><div id=\"pgc-18410-2-1\"  class=\"panel-grid-cell\" ><div class=\"pl-sm-3 pl-md-5 panel-cell-style panel-cell-style-for-18410-2-1\" ><div id=\"panel-18410-2-1-0\" class=\"so-panel widget widget_sow-editor panel-first-child panel-last-child\" data-index=\"4\" ><div\n\t\t\t\n\t\t\tclass=\"so-widget-sow-editor so-widget-sow-editor-base\"\n\t\t\t\n\t\t>\n<div class=\"siteorigin-widget-tinymce textwidget\">\n\t<p>Usualmente hay varias maneras de \u201ctransportarse\u201d en su comunidad local y por todo Ontario. La provincia de Ontario tiene un extenso sistema de carreteras y caminos para el tr\u00e1fico de veh\u00edculos, adem\u00e1s de muchos otros medios de transporte. \u00a0Comprensiblemente, el acceso a los diferentes modos de transporte depender\u00e1 del lugar donde vive el estudiante internacional y del tipo de comunidad; si es rural, suburbana o urbana.<\/p>\n<h3>Transporte en autob\u00fas<\/h3>\n<ol>\n<li><strong>Autob\u00fas escolar \u201camarillo\u201d<\/strong><br \/>\nMuchas juntas escolares, especialmente en las \u00e1reas rurales y suburbanas transportan a sus estudiantes hacia y desde las escuelas en el autob\u00fas escolar amarillo visto en los programas de televisi\u00f3n y pel\u00edculas norteamericanas. \u00a0Estos autobuses recoger\u00e1n y regresar\u00e1n a los estudiantes a escasa distancia de sus hogares. \u00a0Cabe se\u00f1alar que dependiendo del lugar donde vive el estudiante a lo largo de la ruta del autob\u00fas, el tiempo necesario para los trayectos puede ser considerable pero casi nunca supera 45 minutos en cada trayecto.<\/li>\n<li><strong>Autob\u00fas p\u00fablico<\/strong><br \/>\nLa mayor\u00eda de los centros urbanos y muchas \u00e1reas suburbanas tienen acceso al transporte p\u00fablico para llevar y regresar a los estudiantes de las escuelas. \u00a0\u00a0Estos autobuses sirven a la comunidad local y a los estudiantes y funcionan con horarios regulares. \u00a0En la mayor\u00eda de los casos, se dispone de pases para estudiantes a precios con descuento. \u00a0Es necesario comprobar con una junta escolar espec\u00edfica para establecer si el costo del servicio de autob\u00fas est\u00e1 incluido en las costos de los estudiantes internacionales.<\/li>\n<li><strong>Autob\u00fas interurbano<\/strong><br \/>\nSi los estudiantes necesitan viajar y atravesar Ontario o Canad\u00e1 para visitar a su familia, amigos o viajar a un aeropuerto principal, hay varias compa\u00f1\u00edas que operan transporte en autob\u00fas con horarios regulares hacia las poblaciones y ciudades en todo Canad\u00e1. Si bien hay varias compa\u00f1\u00edas que ofrecen servicios interurbanos, la compa\u00f1\u00eda con la red m\u00e1s grande de \u00e1reas con servicio es Greyhound Bus Lines (<a href=\"http:\/\/www.greyhound.ca\/\" target=\"_blank\" rel=\"noopener\">www.greyhound.ca<\/a>).<\/li>\n<\/ol>\n<h3><strong>Taxi<\/strong><\/h3>\n<p>Hay taxis en todas las ciudades y en muchas poblaciones en todo Ontario. \u00a0En las \u00e1reas rurales, el servicio de taxis depender\u00e1 de la demanda que existe en la comunidad para ese servicio. \u00a0Las tarifas de taxis usualmente son establecidas por las municipalidades locales con base en la distancia recorrida y el tiempo involucrado.<\/p>\n<h3><strong>Tren<\/strong><\/h3>\n<p>El servicio de tren conecta a todos los centros urbanos principales y muchas \u00e1reas suburbanas y rurales con salidas y llegadas programadas regularmente. Hay un proveedor de servicio de trenes para pasajeros, VIA Rail Canada (<a href=\"http:\/\/www.viarail.ca\/en\" target=\"_blank\" rel=\"noopener\">www.viarail.ca\/en<\/a>).<\/p>\n<h3><strong>A\u00e9reo<\/strong><\/h3>\n<p>Hay varios aeropuertos internacionales en Ontario, el m\u00e1s grande es el aeropuerto Lester B. Pearson en Toronto; hay otros aeropuerto principales en Ottawa, Hamilton, London, y Thunder Bay, entre otros. \u00a0Las principales aerol\u00edneas internacionales en Canad\u00e1 son Air Canada (<a href=\"http:\/\/www.aircanada.com\/\" target=\"_blank\" rel=\"noopener\">www.aircanada.com<\/a>) y WestJet (<a href=\"http:\/\/www.westjet.com\/\" target=\"_blank\" rel=\"noopener\">www.westjet.com<\/a>).<\/p>\n<\/div>\n<\/div><\/div><\/div><\/div><\/div><\/div><\/div>","protected":false},"excerpt":{"rendered":"Transporte y movilidad en Ontario Inicio Preguntas frecuentes acerca de la vida como estudiante internacional en Ontario El clima y las estaciones en Ontario Maravillas naturales y atracciones principales de Ontario Explorar Ontario Transporte y movilidad en Ontario Cultura canadiense Vida rural, suburbana y urbana en Ontario Servicios de alojamiento con familias anfitrionas para estudiantes&#8230; <a class=\"view-article\" href=\"https:\/\/www.oasdi.ca\/es\/vivir-en-ontario\/transporte\/\">Ver art\u00edculo<\/a>","protected":false},"author":237,"featured_media":17016,"parent":18287,"menu_order":0,"comment_status":"closed","ping_status":"closed","template":"","meta":{"footnotes":""},"class_list":["post-18410","page","type-page","status-publish","has-post-thumbnail","hentry"],"yoast_head":"<!-- This site is optimized with the Yoast SEO plugin v21.5 - https:\/\/yoast.com\/wordpress\/plugins\/seo\/ -->\n<title>Transporte y movilidad en Ontario | Educaci\u00f3n internacional<\/title>\n<meta name=\"description\" content=\"Hay una gran variedad de opciones para movilizarse por Ontario y sus alrededores. Aprende m\u00e1s sobre las opciones de transporte disponibles en Ontario aqu\u00ed.\" \/>\n<meta name=\"robots\" content=\"index, follow, max-snippet:-1, max-image-preview:large, max-video-preview:-1\" \/>\n<link rel=\"canonical\" href=\"https:\/\/www.oasdi.ca\/es\/vivir-en-ontario\/transporte\/\" \/>\n<meta property=\"og:locale\" content=\"es_ES\" \/>\n<meta property=\"og:type\" content=\"article\" \/>\n<meta property=\"og:title\" content=\"Transporte y movilidad en Ontario | Educaci\u00f3n internacional\" \/>\n<meta property=\"og:description\" content=\"Hay una gran variedad de opciones para movilizarse por Ontario y sus alrededores. Aprende m\u00e1s sobre las opciones de transporte disponibles en Ontario aqu\u00ed.\" \/>\n<meta property=\"og:url\" content=\"https:\/\/www.oasdi.ca\/es\/vivir-en-ontario\/transporte\/\" \/>\n<meta property=\"og:site_name\" content=\"OASDI\" \/>\n<meta property=\"article:modified_time\" content=\"2020-04-17T00:55:24+00:00\" \/>\n<meta property=\"og:image\" content=\"https:\/\/www.oasdi.ca\/wp-content\/uploads\/2020\/03\/getting-around-ontario.jpg\" \/>\n\t<meta property=\"og:image:width\" content=\"1440\" \/>\n\t<meta property=\"og:image:height\" content=\"268\" \/>\n\t<meta property=\"og:image:type\" content=\"image\/jpeg\" \/>\n<meta name=\"twitter:card\" content=\"summary_large_image\" \/>\n<meta name=\"twitter:label1\" content=\"Tiempo de lectura\" \/>\n\t<meta name=\"twitter:data1\" content=\"3 minutos\" \/>\n<script type=\"application\/ld+json\" class=\"yoast-schema-graph\">{\"@context\":\"https:\/\/schema.org\",\"@graph\":[{\"@type\":\"WebPage\",\"@id\":\"https:\/\/www.oasdi.ca\/es\/vivir-en-ontario\/transporte\/\",\"url\":\"https:\/\/www.oasdi.ca\/es\/vivir-en-ontario\/transporte\/\",\"name\":\"Transporte y movilidad en Ontario | Educaci\u00f3n internacional\",\"isPartOf\":{\"@id\":\"https:\/\/www.oasdi.ca\/es\/#website\"},\"datePublished\":\"2020-03-22T15:54:51+00:00\",\"dateModified\":\"2020-04-17T00:55:24+00:00\",\"description\":\"Hay una gran variedad de opciones para movilizarse por Ontario y sus alrededores. Aprende m\u00e1s sobre las opciones de transporte disponibles en Ontario aqu\u00ed.\",\"breadcrumb\":{\"@id\":\"https:\/\/www.oasdi.ca\/es\/vivir-en-ontario\/transporte\/#breadcrumb\"},\"inLanguage\":\"es\",\"potentialAction\":[{\"@type\":\"ReadAction\",\"target\":[\"https:\/\/www.oasdi.ca\/es\/vivir-en-ontario\/transporte\/\"]}]},{\"@type\":\"BreadcrumbList\",\"@id\":\"https:\/\/www.oasdi.ca\/es\/vivir-en-ontario\/transporte\/#breadcrumb\",\"itemListElement\":[{\"@type\":\"ListItem\",\"position\":1,\"name\":\"Inicio\",\"item\":\"https:\/\/www.oasdi.ca\/es\/\"},{\"@type\":\"ListItem\",\"position\":2,\"name\":\"Vivir en Ontario como estudiante internacional\",\"item\":\"https:\/\/www.oasdi.ca\/es\/vivir-en-ontario\/\"},{\"@type\":\"ListItem\",\"position\":3,\"name\":\"Transporte y movilidad en Ontario\"}]},{\"@type\":\"WebSite\",\"@id\":\"https:\/\/www.oasdi.ca\/es\/#website\",\"url\":\"https:\/\/www.oasdi.ca\/es\/\",\"name\":\"OASDI\",\"description\":\"Ontario Association of School District International\",\"publisher\":{\"@id\":\"https:\/\/www.oasdi.ca\/es\/#organization\"},\"potentialAction\":[{\"@type\":\"SearchAction\",\"target\":{\"@type\":\"EntryPoint\",\"urlTemplate\":\"https:\/\/www.oasdi.ca\/es\/?s={search_term_string}\"},\"query-input\":\"required name=search_term_string\"}],\"inLanguage\":\"es\"},{\"@type\":\"Organization\",\"@id\":\"https:\/\/www.oasdi.ca\/es\/#organization\",\"name\":\"OASDI\",\"url\":\"https:\/\/www.oasdi.ca\/es\/\",\"logo\":{\"@type\":\"ImageObject\",\"inLanguage\":\"es\",\"@id\":\"https:\/\/www.oasdi.ca\/es\/#\/schema\/logo\/image\/\",\"url\":\"https:\/\/www.oasdi.ca\/wp-content\/uploads\/2020\/02\/cropped-oasdi-logo.png\",\"contentUrl\":\"https:\/\/www.oasdi.ca\/wp-content\/uploads\/2020\/02\/cropped-oasdi-logo.png\",\"width\":468,\"height\":96,\"caption\":\"OASDI\"},\"image\":{\"@id\":\"https:\/\/www.oasdi.ca\/es\/#\/schema\/logo\/image\/\"}}]}<\/script>\n<!-- \/ Yoast SEO plugin. -->","yoast_head_json":{"title":"Transporte y movilidad en Ontario | Educaci\u00f3n internacional","description":"Hay una gran variedad de opciones para movilizarse por Ontario y sus alrededores. Aprende m\u00e1s sobre las opciones de transporte disponibles en Ontario aqu\u00ed.","robots":{"index":"index","follow":"follow","max-snippet":"max-snippet:-1","max-image-preview":"max-image-preview:large","max-video-preview":"max-video-preview:-1"},"canonical":"https:\/\/www.oasdi.ca\/es\/vivir-en-ontario\/transporte\/","og_locale":"es_ES","og_type":"article","og_title":"Transporte y movilidad en Ontario | Educaci\u00f3n internacional","og_description":"Hay una gran variedad de opciones para movilizarse por Ontario y sus alrededores. Aprende m\u00e1s sobre las opciones de transporte disponibles en Ontario aqu\u00ed.","og_url":"https:\/\/www.oasdi.ca\/es\/vivir-en-ontario\/transporte\/","og_site_name":"OASDI","article_modified_time":"2020-04-17T00:55:24+00:00","og_image":[{"width":1440,"height":268,"url":"https:\/\/www.oasdi.ca\/wp-content\/uploads\/2020\/03\/getting-around-ontario.jpg","type":"image\/jpeg"}],"twitter_card":"summary_large_image","twitter_misc":{"Tiempo de lectura":"3 minutos"},"schema":{"@context":"https:\/\/schema.org","@graph":[{"@type":"WebPage","@id":"https:\/\/www.oasdi.ca\/es\/vivir-en-ontario\/transporte\/","url":"https:\/\/www.oasdi.ca\/es\/vivir-en-ontario\/transporte\/","name":"Transporte y movilidad en Ontario | Educaci\u00f3n internacional","isPartOf":{"@id":"https:\/\/www.oasdi.ca\/es\/#website"},"datePublished":"2020-03-22T15:54:51+00:00","dateModified":"2020-04-17T00:55:24+00:00","description":"Hay una gran variedad de opciones para movilizarse por Ontario y sus alrededores. Aprende m\u00e1s sobre las opciones de transporte disponibles en Ontario aqu\u00ed.","breadcrumb":{"@id":"https:\/\/www.oasdi.ca\/es\/vivir-en-ontario\/transporte\/#breadcrumb"},"inLanguage":"es","potentialAction":[{"@type":"ReadAction","target":["https:\/\/www.oasdi.ca\/es\/vivir-en-ontario\/transporte\/"]}]},{"@type":"BreadcrumbList","@id":"https:\/\/www.oasdi.ca\/es\/vivir-en-ontario\/transporte\/#breadcrumb","itemListElement":[{"@type":"ListItem","position":1,"name":"Inicio","item":"https:\/\/www.oasdi.ca\/es\/"},{"@type":"ListItem","position":2,"name":"Vivir en Ontario como estudiante internacional","item":"https:\/\/www.oasdi.ca\/es\/vivir-en-ontario\/"},{"@type":"ListItem","position":3,"name":"Transporte y movilidad en Ontario"}]},{"@type":"WebSite","@id":"https:\/\/www.oasdi.ca\/es\/#website","url":"https:\/\/www.oasdi.ca\/es\/","name":"OASDI","description":"Ontario Association of School District International","publisher":{"@id":"https:\/\/www.oasdi.ca\/es\/#organization"},"potentialAction":[{"@type":"SearchAction","target":{"@type":"EntryPoint","urlTemplate":"https:\/\/www.oasdi.ca\/es\/?s={search_term_string}"},"query-input":"required name=search_term_string"}],"inLanguage":"es"},{"@type":"Organization","@id":"https:\/\/www.oasdi.ca\/es\/#organization","name":"OASDI","url":"https:\/\/www.oasdi.ca\/es\/","logo":{"@type":"ImageObject","inLanguage":"es","@id":"https:\/\/www.oasdi.ca\/es\/#\/schema\/logo\/image\/","url":"https:\/\/www.oasdi.ca\/wp-content\/uploads\/2020\/02\/cropped-oasdi-logo.png","contentUrl":"https:\/\/www.oasdi.ca\/wp-content\/uploads\/2020\/02\/cropped-oasdi-logo.png","width":468,"height":96,"caption":"OASDI"},"image":{"@id":"https:\/\/www.oasdi.ca\/es\/#\/schema\/logo\/image\/"}}]}},"_links":{"self":[{"href":"https:\/\/www.oasdi.ca\/es\/wp-json\/wp\/v2\/pages\/18410"}],"collection":[{"href":"https:\/\/www.oasdi.ca\/es\/wp-json\/wp\/v2\/pages"}],"about":[{"href":"https:\/\/www.oasdi.ca\/es\/wp-json\/wp\/v2\/types\/page"}],"author":[{"embeddable":true,"href":"https:\/\/www.oasdi.ca\/es\/wp-json\/wp\/v2\/users\/237"}],"replies":[{"embeddable":true,"href":"https:\/\/www.oasdi.ca\/es\/wp-json\/wp\/v2\/comments?post=18410"}],"version-history":[{"count":0,"href":"https:\/\/www.oasdi.ca\/es\/wp-json\/wp\/v2\/pages\/18410\/revisions"}],"up":[{"embeddable":true,"href":"https:\/\/www.oasdi.ca\/es\/wp-json\/wp\/v2\/pages\/18287"}],"wp:featuredmedia":[{"embeddable":true,"href":"https:\/\/www.oasdi.ca\/es\/wp-json\/wp\/v2\/media\/17016"}],"wp:attachment":[{"href":"https:\/\/www.oasdi.ca\/es\/wp-json\/wp\/v2\/media?parent=18410"}],"curies":[{"name":"wp","href":"https:\/\/api.w.org\/{rel}","templated":true}]}}